{"id":1876,"date":"2025-01-30T21:34:53","date_gmt":"2025-01-30T21:34:53","guid":{"rendered":"https:\/\/newsarovia.com\/?page_id=1876"},"modified":"2025-02-15T08:30:20","modified_gmt":"2025-02-15T08:30:20","slug":"letters-patent","status":"publish","type":"page","link":"https:\/\/newsarovia.com\/pt\/letters-patent\/","title":{"rendered":"Lettaros Uvir"},"content":{"rendered":"\n<p>O Soberano, a qualquer momento, pode emitir <strong>cartas patentes<\/strong> ou, essencialmente, editais que criam cargos ou institui\u00e7\u00f5es ou concedem honras como t\u00edtulos de nobreza e bras\u00f5es. Essas cartas s\u00e3o p\u00fablicas e podem ser lidas por qualquer pessoa, servindo como legisla\u00e7\u00e3o terci\u00e1ria, vinda diretamente da boca do Soberano.<\/p>\n\n\n\n<p>Um dos principais objetivos de uma carta-patente \u00e9 declarar publicamente que um indiv\u00edduo \u00e9 propriet\u00e1rio de algo, geralmente um cargo ou item que concede um direito ao destinat\u00e1rio, como comiss\u00f5es de oficiais, t\u00edtulos de nobreza, cria\u00e7\u00e3o ou extin\u00e7\u00e3o de escrit\u00f3rios que representam o soberano ou cria\u00e7\u00e3o de institui\u00e7\u00f5es administradas pelo governo.<\/p>\n\n\n\n<p>Ocasionalmente, os <em>lettaros uvir<\/em>, ou literalmente traduzidos como <strong>cartas abertas<\/strong>, tamb\u00e9m s\u00e3o usados para declarar guerra a estados inimigos, servindo como uma carta aberta \u00e0 popula\u00e7\u00e3o informando-a sobre a situa\u00e7\u00e3o.<\/p>\n\n\n\n<div class=\"wp-block-group has-global-padding is-layout-constrained wp-block-group-is-layout-constrained\">\n<figure class=\"wp-block-image aligncenter size-large is-resized\"><img loading=\"lazy\" decoding=\"async\" width=\"1024\" height=\"72\" src=\"https:\/\/newsarovia.com\/wp-content\/uploads\/2025\/01\/Lettaros-Uvir-1024x72.png\" alt=\"\" class=\"wp-image-1878\" style=\"width:1200px;height:auto\" srcset=\"https:\/\/newsarovia.com\/wp-content\/uploads\/2025\/01\/Lettaros-Uvir-1024x72.png 1024w, https:\/\/newsarovia.com\/wp-content\/uploads\/2025\/01\/Lettaros-Uvir-300x21.png 300w, https:\/\/newsarovia.com\/wp-content\/uploads\/2025\/01\/Lettaros-Uvir-768x54.png 768w, https:\/\/newsarovia.com\/wp-content\/uploads\/2025\/01\/Lettaros-Uvir-1536x108.png 1536w, https:\/\/newsarovia.com\/wp-content\/uploads\/2025\/01\/Lettaros-Uvir-2048x143.png 2048w\" sizes=\"auto, (max-width: 1024px) 100vw, 1024px\" \/><\/figure>\n\n\n\n<div class=\"wp-block-columns is-layout-flex wp-container-core-columns-is-layout-28f84493 wp-block-columns-is-layout-flex\">\n<div class=\"wp-block-column is-layout-flow wp-block-column-is-layout-flow\">\n<div class=\"wp-block-cover\" style=\"min-height:276px;aspect-ratio:unset;\"><span aria-hidden=\"true\" class=\"wp-block-cover__background has-background-dim-90 has-background-dim\" style=\"background-color:#ae3c67\"><\/span><img loading=\"lazy\" decoding=\"async\" width=\"1242\" height=\"1422\" class=\"wp-block-cover__image-background wp-image-1880\" alt=\"\" src=\"https:\/\/newsarovia.com\/wp-content\/uploads\/2025\/01\/LO.png\" data-object-fit=\"cover\" srcset=\"https:\/\/newsarovia.com\/wp-content\/uploads\/2025\/01\/LO.png 1242w, https:\/\/newsarovia.com\/wp-content\/uploads\/2025\/01\/LO-262x300.png 262w, https:\/\/newsarovia.com\/wp-content\/uploads\/2025\/01\/LO-894x1024.png 894w, https:\/\/newsarovia.com\/wp-content\/uploads\/2025\/01\/LO-768x879.png 768w\" sizes=\"auto, (max-width: 1242px) 100vw, 1242px\" \/><div class=\"wp-block-cover__inner-container is-layout-flow wp-block-cover-is-layout-flow\">\n<p class=\"has-text-align-center has-contrast-light-color has-text-color has-link-color wp-elements-668ecde9023cfeff2c9730bc2bccd737\" style=\"font-size:clamp(18.959px, 1.185rem + ((1vw - 3.2px) * 1.255), 30px);\"><strong>Lett. Uvir<\/strong> &#8211; <em>XX Schmanuary<\/em><\/p>\n<\/div><\/div>\n<\/div>\n\n\n\n<div class=\"wp-block-column is-layout-flow wp-block-column-is-layout-flow\">\n<div class=\"wp-block-cover\" style=\"min-height:276px;aspect-ratio:unset;\"><span aria-hidden=\"true\" class=\"wp-block-cover__background has-background-dim-90 has-background-dim\" style=\"background-color:#ae3c67\"><\/span><img loading=\"lazy\" decoding=\"async\" width=\"1242\" height=\"1422\" class=\"wp-block-cover__image-background wp-image-1880\" alt=\"\" src=\"https:\/\/newsarovia.com\/wp-content\/uploads\/2025\/01\/LO.png\" data-object-fit=\"cover\" srcset=\"https:\/\/newsarovia.com\/wp-content\/uploads\/2025\/01\/LO.png 1242w, https:\/\/newsarovia.com\/wp-content\/uploads\/2025\/01\/LO-262x300.png 262w, https:\/\/newsarovia.com\/wp-content\/uploads\/2025\/01\/LO-894x1024.png 894w, https:\/\/newsarovia.com\/wp-content\/uploads\/2025\/01\/LO-768x879.png 768w\" sizes=\"auto, (max-width: 1242px) 100vw, 1242px\" \/><div class=\"wp-block-cover__inner-container is-layout-flow wp-block-cover-is-layout-flow\">\n<p class=\"has-text-align-center has-contrast-light-color has-text-color has-link-color wp-elements-e92b2c8a811cf1a9caf038c1aa7b294c\" style=\"font-size:clamp(18.959px, 1.185rem + ((1vw - 3.2px) * 1.255), 30px);\"><strong><strong><strong>Lett. Uvir<\/strong><\/strong><\/strong> <strong>&#8211; <\/strong><em><em>XX Schmanuary<\/em><\/em><\/p>\n<\/div><\/div>\n<\/div>\n\n\n\n<div class=\"wp-block-column is-layout-flow wp-block-column-is-layout-flow\">\n<div class=\"wp-block-cover\" style=\"min-height:276px;aspect-ratio:unset;\"><span aria-hidden=\"true\" class=\"wp-block-cover__background has-background-dim-90 has-background-dim\" style=\"background-color:#ae3c67\"><\/span><img loading=\"lazy\" decoding=\"async\" width=\"1242\" height=\"1422\" class=\"wp-block-cover__image-background wp-image-1880\" alt=\"\" src=\"https:\/\/newsarovia.com\/wp-content\/uploads\/2025\/01\/LO.png\" data-object-fit=\"cover\" srcset=\"https:\/\/newsarovia.com\/wp-content\/uploads\/2025\/01\/LO.png 1242w, https:\/\/newsarovia.com\/wp-content\/uploads\/2025\/01\/LO-262x300.png 262w, https:\/\/newsarovia.com\/wp-content\/uploads\/2025\/01\/LO-894x1024.png 894w, https:\/\/newsarovia.com\/wp-content\/uploads\/2025\/01\/LO-768x879.png 768w\" sizes=\"auto, (max-width: 1242px) 100vw, 1242px\" \/><div class=\"wp-block-cover__inner-container is-layout-flow wp-block-cover-is-layout-flow\">\n<p class=\"has-text-align-center has-contrast-light-color has-text-color has-link-color wp-elements-e92b2c8a811cf1a9caf038c1aa7b294c\" style=\"font-size:clamp(18.959px, 1.185rem + ((1vw - 3.2px) * 1.255), 30px);\"><strong><strong><strong>Lett. Uvir<\/strong><\/strong><\/strong> <strong>&#8211; <\/strong><em><em>XX Schmanuary<\/em><\/em><\/p>\n<\/div><\/div>\n<\/div>\n\n\n\n<div class=\"wp-block-column is-layout-flow wp-block-column-is-layout-flow\">\n<div class=\"wp-block-cover\" style=\"min-height:276px;aspect-ratio:unset;\"><span aria-hidden=\"true\" class=\"wp-block-cover__background has-background-dim-90 has-background-dim\" style=\"background-color:#ae3c67\"><\/span><img loading=\"lazy\" decoding=\"async\" width=\"1242\" height=\"1422\" class=\"wp-block-cover__image-background wp-image-1880\" alt=\"\" src=\"https:\/\/newsarovia.com\/wp-content\/uploads\/2025\/01\/LO.png\" data-object-fit=\"cover\" srcset=\"https:\/\/newsarovia.com\/wp-content\/uploads\/2025\/01\/LO.png 1242w, https:\/\/newsarovia.com\/wp-content\/uploads\/2025\/01\/LO-262x300.png 262w, https:\/\/newsarovia.com\/wp-content\/uploads\/2025\/01\/LO-894x1024.png 894w, https:\/\/newsarovia.com\/wp-content\/uploads\/2025\/01\/LO-768x879.png 768w\" sizes=\"auto, (max-width: 1242px) 100vw, 1242px\" \/><div class=\"wp-block-cover__inner-container is-layout-flow wp-block-cover-is-layout-flow\">\n<p class=\"has-text-align-center has-contrast-light-color has-text-color has-link-color wp-elements-e92b2c8a811cf1a9caf038c1aa7b294c\" style=\"font-size:clamp(18.959px, 1.185rem + ((1vw - 3.2px) * 1.255), 30px);\"><strong><strong><strong>Lett. Uvir<\/strong><\/strong><\/strong> <strong>&#8211; <\/strong><em><em>XX Schmanuary<\/em><\/em><\/p>\n<\/div><\/div>\n<\/div>\n<\/div>\n<\/div>\n\n\n\n<p><\/p>\n","protected":false},"excerpt":{"rendered":"<p>O Soberano, a qualquer momento, pode emitir cartas patentes ou, essencialmente, editais que criam cargos ou institui\u00e7\u00f5es ou concedem honras como t\u00edtulos de nobreza e bras\u00f5es. Essas cartas s\u00e3o p\u00fablicas e podem ser lidas por qualquer pessoa, servindo como legisla\u00e7\u00e3o terci\u00e1ria, vinda diretamente da boca do Soberano. Um dos principais objetivos de uma carta-patente \u00e9 [&hellip;]<\/p>\n","protected":false},"author":2,"featured_media":0,"parent":0,"menu_order":0,"comment_status":"closed","ping_status":"closed","template":"","meta":{"footnotes":""},"class_list":["post-1876","page","type-page","status-publish","hentry"],"yoast_head":"<!-- This site is optimized with the Yoast SEO plugin v27.3 - https:\/\/yoast.com\/product\/yoast-seo-wordpress\/ -->\n<title>Lettaros Uvir - SMI Gouverna<\/title>\n<meta name=\"robots\" content=\"index, follow, max-snippet:-1, max-image-preview:large, max-video-preview:-1\" \/>\n<link rel=\"canonical\" href=\"https:\/\/newsarovia.com\/pt\/letters-patent\/\" \/>\n<meta property=\"og:locale\" content=\"pt_BR\" \/>\n<meta property=\"og:locale:alternate\" content=\"en_US\" \/>\n<meta property=\"og:type\" content=\"article\" \/>\n<meta property=\"og:title\" content=\"Lettaros Uvir\" \/>\n<meta property=\"og:description\" content=\"O Soberano, a qualquer momento, pode emitir cartas patentes ou, essencialmente, editais que criam cargos ou institui\u00e7\u00f5es ou concedem honras como t\u00edtulos de nobreza e bras\u00f5es. Essas cartas s\u00e3o p\u00fablicas e podem ser lidas por qualquer pessoa, servindo como legisla\u00e7\u00e3o terci\u00e1ria, vinda diretamente da boca do Soberano. Um dos principais objetivos de uma carta-patente \u00e9 [&hellip;]\" \/>\n<meta property=\"og:url\" content=\"https:\/\/newsarovia.com\/pt\/letters-patent\/\" \/>\n<meta property=\"og:site_name\" content=\"SMI Gouverna\" \/>\n<meta property=\"article:modified_time\" content=\"2025-02-15T08:30:20+00:00\" \/>\n<meta property=\"og:image\" content=\"https:\/\/newsarovia.com\/wp-content\/uploads\/2025\/01\/Lettaros-Uvir.png\" \/>\n\t<meta property=\"og:image:width\" content=\"2200\" \/>\n\t<meta property=\"og:image:height\" content=\"154\" \/>\n\t<meta property=\"og:image:type\" content=\"image\/png\" \/>\n<meta name=\"twitter:card\" content=\"summary_large_image\" \/>\n<meta name=\"twitter:label1\" content=\"Est. tempo de leitura\" \/>\n\t<meta name=\"twitter:data1\" content=\"2 minutos\" \/>\n<script type=\"application\/ld+json\" class=\"yoast-schema-graph\">{\"@context\":\"https:\\\/\\\/schema.org\",\"@graph\":[{\"@type\":\"WebPage\",\"@id\":\"https:\\\/\\\/newsarovia.com\\\/letters-patent\\\/\",\"url\":\"https:\\\/\\\/newsarovia.com\\\/letters-patent\\\/\",\"name\":\"Lettaros Uvir\",\"isPartOf\":{\"@id\":\"https:\\\/\\\/newsarovia.com\\\/#website\"},\"primaryImageOfPage\":{\"@id\":\"https:\\\/\\\/newsarovia.com\\\/letters-patent\\\/#primaryimage\"},\"image\":{\"@id\":\"https:\\\/\\\/newsarovia.com\\\/letters-patent\\\/#primaryimage\"},\"thumbnailUrl\":\"https:\\\/\\\/newsarovia.com\\\/wp-content\\\/uploads\\\/2025\\\/01\\\/Lettaros-Uvir-1024x72.png\",\"datePublished\":\"2025-01-30T21:34:53+00:00\",\"dateModified\":\"2025-02-15T08:30:20+00:00\",\"breadcrumb\":{\"@id\":\"https:\\\/\\\/newsarovia.com\\\/letters-patent\\\/#breadcrumb\"},\"inLanguage\":\"pt-BR\",\"potentialAction\":[{\"@type\":\"ReadAction\",\"target\":[\"https:\\\/\\\/newsarovia.com\\\/letters-patent\\\/\"]}]},{\"@type\":\"ImageObject\",\"inLanguage\":\"pt-BR\",\"@id\":\"https:\\\/\\\/newsarovia.com\\\/letters-patent\\\/#primaryimage\",\"url\":\"https:\\\/\\\/newsarovia.com\\\/wp-content\\\/uploads\\\/2025\\\/01\\\/Lettaros-Uvir-1024x72.png\",\"contentUrl\":\"https:\\\/\\\/newsarovia.com\\\/wp-content\\\/uploads\\\/2025\\\/01\\\/Lettaros-Uvir-1024x72.png\"},{\"@type\":\"BreadcrumbList\",\"@id\":\"https:\\\/\\\/newsarovia.com\\\/letters-patent\\\/#breadcrumb\",\"itemListElement\":[{\"@type\":\"ListItem\",\"position\":1,\"name\":\"Home\",\"item\":\"https:\\\/\\\/newsarovia.com\\\/\"},{\"@type\":\"ListItem\",\"position\":2,\"name\":\"Lettaros Uvir\"}]},{\"@type\":\"WebSite\",\"@id\":\"https:\\\/\\\/newsarovia.com\\\/#website\",\"url\":\"https:\\\/\\\/newsarovia.com\\\/\",\"name\":\"SMI Gouverna\",\"description\":\"\",\"publisher\":{\"@id\":\"https:\\\/\\\/newsarovia.com\\\/#organization\"},\"potentialAction\":[{\"@type\":\"SearchAction\",\"target\":{\"@type\":\"EntryPoint\",\"urlTemplate\":\"https:\\\/\\\/newsarovia.com\\\/?s={search_term_string}\"},\"query-input\":{\"@type\":\"PropertyValueSpecification\",\"valueRequired\":true,\"valueName\":\"search_term_string\"}}],\"inLanguage\":\"pt-BR\"},{\"@type\":\"Organization\",\"@id\":\"https:\\\/\\\/newsarovia.com\\\/#organization\",\"name\":\"Gouverna do Seito Majis Imperial\",\"url\":\"https:\\\/\\\/newsarovia.com\\\/\",\"logo\":{\"@type\":\"ImageObject\",\"inLanguage\":\"pt-BR\",\"@id\":\"https:\\\/\\\/newsarovia.com\\\/#\\\/schema\\\/logo\\\/image\\\/\",\"url\":\"https:\\\/\\\/newsarovia.com\\\/wp-content\\\/uploads\\\/2025\\\/01\\\/Sarovia-Logo-Words.png\",\"contentUrl\":\"https:\\\/\\\/newsarovia.com\\\/wp-content\\\/uploads\\\/2025\\\/01\\\/Sarovia-Logo-Words.png\",\"width\":9985,\"height\":2274,\"caption\":\"Gouverna do Seito Majis Imperial\"},\"image\":{\"@id\":\"https:\\\/\\\/newsarovia.com\\\/#\\\/schema\\\/logo\\\/image\\\/\"}}]}<\/script>\n<!-- \/ Yoast SEO plugin. -->","yoast_head_json":{"title":"Lettaros Uvir - SMI Gouverna","robots":{"index":"index","follow":"follow","max-snippet":"max-snippet:-1","max-image-preview":"max-image-preview:large","max-video-preview":"max-video-preview:-1"},"canonical":"https:\/\/newsarovia.com\/pt\/letters-patent\/","og_locale":"pt_BR","og_type":"article","og_title":"[:en]Lettaros Uvir[:pt]Lettaros Uvir[:] - SMI Gouverna","og_description":"O Soberano, a qualquer momento, pode emitir cartas patentes ou, essencialmente, editais que criam cargos ou institui\u00e7\u00f5es ou concedem honras como t\u00edtulos de nobreza e bras\u00f5es. Essas cartas s\u00e3o p\u00fablicas e podem ser lidas por qualquer pessoa, servindo como legisla\u00e7\u00e3o terci\u00e1ria, vinda diretamente da boca do Soberano. Um dos principais objetivos de uma carta-patente \u00e9 [&hellip;]","og_url":"https:\/\/newsarovia.com\/pt\/letters-patent\/","og_site_name":"SMI Gouverna","article_modified_time":"2025-02-15T08:30:20+00:00","og_image":[{"width":2200,"height":154,"url":"https:\/\/newsarovia.com\/wp-content\/uploads\/2025\/01\/Lettaros-Uvir.png","type":"image\/png"}],"twitter_card":"summary_large_image","twitter_misc":{"Est. tempo de leitura":"2 minutos"},"schema":{"@context":"https:\/\/schema.org","@graph":[{"@type":"WebPage","@id":"https:\/\/newsarovia.com\/letters-patent\/","url":"https:\/\/newsarovia.com\/letters-patent\/","name":"Lettaros Uvir","isPartOf":{"@id":"https:\/\/newsarovia.com\/#website"},"primaryImageOfPage":{"@id":"https:\/\/newsarovia.com\/letters-patent\/#primaryimage"},"image":{"@id":"https:\/\/newsarovia.com\/letters-patent\/#primaryimage"},"thumbnailUrl":"https:\/\/newsarovia.com\/wp-content\/uploads\/2025\/01\/Lettaros-Uvir-1024x72.png","datePublished":"2025-01-30T21:34:53+00:00","dateModified":"2025-02-15T08:30:20+00:00","breadcrumb":{"@id":"https:\/\/newsarovia.com\/letters-patent\/#breadcrumb"},"inLanguage":"pt-BR","potentialAction":[{"@type":"ReadAction","target":["https:\/\/newsarovia.com\/letters-patent\/"]}]},{"@type":"ImageObject","inLanguage":"pt-BR","@id":"https:\/\/newsarovia.com\/letters-patent\/#primaryimage","url":"https:\/\/newsarovia.com\/wp-content\/uploads\/2025\/01\/Lettaros-Uvir-1024x72.png","contentUrl":"https:\/\/newsarovia.com\/wp-content\/uploads\/2025\/01\/Lettaros-Uvir-1024x72.png"},{"@type":"BreadcrumbList","@id":"https:\/\/newsarovia.com\/letters-patent\/#breadcrumb","itemListElement":[{"@type":"ListItem","position":1,"name":"Home","item":"https:\/\/newsarovia.com\/"},{"@type":"ListItem","position":2,"name":"Lettaros Uvir"}]},{"@type":"WebSite","@id":"https:\/\/newsarovia.com\/#website","url":"https:\/\/newsarovia.com\/","name":"SMI Gouverna","description":"","publisher":{"@id":"https:\/\/newsarovia.com\/#organization"},"potentialAction":[{"@type":"SearchAction","target":{"@type":"EntryPoint","urlTemplate":"https:\/\/newsarovia.com\/?s={search_term_string}"},"query-input":{"@type":"PropertyValueSpecification","valueRequired":true,"valueName":"search_term_string"}}],"inLanguage":"pt-BR"},{"@type":"Organization","@id":"https:\/\/newsarovia.com\/#organization","name":"Gouverna do Seito Majis Imperial","url":"https:\/\/newsarovia.com\/","logo":{"@type":"ImageObject","inLanguage":"pt-BR","@id":"https:\/\/newsarovia.com\/#\/schema\/logo\/image\/","url":"https:\/\/newsarovia.com\/wp-content\/uploads\/2025\/01\/Sarovia-Logo-Words.png","contentUrl":"https:\/\/newsarovia.com\/wp-content\/uploads\/2025\/01\/Sarovia-Logo-Words.png","width":9985,"height":2274,"caption":"Gouverna do Seito Majis Imperial"},"image":{"@id":"https:\/\/newsarovia.com\/#\/schema\/logo\/image\/"}}]}},"_links":{"self":[{"href":"https:\/\/newsarovia.com\/pt\/wp-json\/wp\/v2\/pages\/1876","targetHints":{"allow":["GET"]}}],"collection":[{"href":"https:\/\/newsarovia.com\/pt\/wp-json\/wp\/v2\/pages"}],"about":[{"href":"https:\/\/newsarovia.com\/pt\/wp-json\/wp\/v2\/types\/page"}],"author":[{"embeddable":true,"href":"https:\/\/newsarovia.com\/pt\/wp-json\/wp\/v2\/users\/2"}],"replies":[{"embeddable":true,"href":"https:\/\/newsarovia.com\/pt\/wp-json\/wp\/v2\/comments?post=1876"}],"version-history":[{"count":5,"href":"https:\/\/newsarovia.com\/pt\/wp-json\/wp\/v2\/pages\/1876\/revisions"}],"predecessor-version":[{"id":2399,"href":"https:\/\/newsarovia.com\/pt\/wp-json\/wp\/v2\/pages\/1876\/revisions\/2399"}],"wp:attachment":[{"href":"https:\/\/newsarovia.com\/pt\/wp-json\/wp\/v2\/media?parent=1876"}],"curies":[{"name":"wp","href":"https:\/\/api.w.org\/{rel}","templated":true}]}}