{"id":1884,"date":"2025-01-30T21:54:37","date_gmt":"2025-01-30T21:54:37","guid":{"rendered":"https:\/\/newsarovia.com\/?page_id=1884"},"modified":"2025-02-15T08:32:35","modified_gmt":"2025-02-15T08:32:35","slug":"imperial-ordinances","status":"publish","type":"page","link":"https:\/\/newsarovia.com\/pt\/imperial-ordinances\/","title":{"rendered":"Ordennos Imperial"},"content":{"rendered":"\n<p>A Federa\u00e7\u00e3o Imperial \u00e9 o grupo de todos os \u201cestados-filhos\u201d Sarovianos e, \u00e0s vezes, \u00e9 considerada o \u201cNovo Imp\u00e9rio Saroviano mais amplo\u201d. \u00c0 medida que os Dom\u00ednios Sarovianos ganham lentamente independ\u00eancia e soberania, a Federa\u00e7\u00e3o Imperial mant\u00e9m todos os estados culturalmente Sarovianos trabalhando em unidade.<\/p>\n\n\n\n<p>O Conselho Imperial, que \u00e9 um subcomit\u00ea do Conselho Privado Imperial, pode emitir <strong>Ordenan\u00e7as Imperiais<\/strong> em nome do Soberano, que automaticamente se tornam leis em todos os estados membros.<\/p>\n\n\n\n<p>Essas Ordenan\u00e7as s\u00e3o usadas para aplicar leis universalmente a todo o Imp\u00e9rio, para manter todos trabalhando juntos e tamb\u00e9m para unificar os costumes, a tradi\u00e7\u00e3o e as For\u00e7as Armadas Imperiais Sarovianas.<\/p>\n\n\n\n<div class=\"wp-block-group has-global-padding is-layout-constrained wp-block-group-is-layout-constrained\">\n<figure class=\"wp-block-image aligncenter size-large is-resized\"><img loading=\"lazy\" decoding=\"async\" width=\"1024\" height=\"72\" src=\"https:\/\/newsarovia.com\/wp-content\/uploads\/2025\/01\/Ordennos-Imperial-1024x72.png\" alt=\"\" class=\"wp-image-1885\" style=\"width:1200px;height:auto\" srcset=\"https:\/\/newsarovia.com\/wp-content\/uploads\/2025\/01\/Ordennos-Imperial-1024x72.png 1024w, https:\/\/newsarovia.com\/wp-content\/uploads\/2025\/01\/Ordennos-Imperial-300x21.png 300w, https:\/\/newsarovia.com\/wp-content\/uploads\/2025\/01\/Ordennos-Imperial-768x54.png 768w, https:\/\/newsarovia.com\/wp-content\/uploads\/2025\/01\/Ordennos-Imperial-1536x108.png 1536w, https:\/\/newsarovia.com\/wp-content\/uploads\/2025\/01\/Ordennos-Imperial-2048x143.png 2048w\" sizes=\"auto, (max-width: 1024px) 100vw, 1024px\" \/><\/figure>\n\n\n\n<div class=\"wp-block-columns is-layout-flex wp-container-core-columns-is-layout-28f84493 wp-block-columns-is-layout-flex\">\n<div class=\"wp-block-column is-layout-flow wp-block-column-is-layout-flow\">\n<div class=\"wp-block-cover\" style=\"min-height:276px;aspect-ratio:unset;\"><span aria-hidden=\"true\" class=\"wp-block-cover__background has-background-dim-90 has-background-dim\" style=\"background-color:#183e7c\"><\/span><img loading=\"lazy\" decoding=\"async\" width=\"1242\" height=\"1422\" class=\"wp-block-cover__image-background wp-image-1886\" alt=\"\" src=\"https:\/\/newsarovia.com\/wp-content\/uploads\/2025\/01\/Ordinances.png\" data-object-fit=\"cover\" srcset=\"https:\/\/newsarovia.com\/wp-content\/uploads\/2025\/01\/Ordinances.png 1242w, https:\/\/newsarovia.com\/wp-content\/uploads\/2025\/01\/Ordinances-262x300.png 262w, https:\/\/newsarovia.com\/wp-content\/uploads\/2025\/01\/Ordinances-894x1024.png 894w, https:\/\/newsarovia.com\/wp-content\/uploads\/2025\/01\/Ordinances-768x879.png 768w\" sizes=\"auto, (max-width: 1242px) 100vw, 1242px\" \/><div class=\"wp-block-cover__inner-container is-layout-flow wp-block-cover-is-layout-flow\">\n<p class=\"has-text-align-center has-contrast-light-color has-text-color has-link-color wp-elements-ebe2b42d76cc820c0f069d42e81d5d2e\" style=\"font-size:clamp(18.959px, 1.185rem + ((1vw - 3.2px) * 1.255), 30px);\"><strong>Ord. Imp.<\/strong> &#8211; <em><em>XX Schmanuary<\/em><\/em><\/p>\n<\/div><\/div>\n<\/div>\n\n\n\n<div class=\"wp-block-column is-layout-flow wp-block-column-is-layout-flow\">\n<div class=\"wp-block-cover\" style=\"min-height:276px;aspect-ratio:unset;\"><span aria-hidden=\"true\" class=\"wp-block-cover__background has-background-dim-90 has-background-dim\" style=\"background-color:#183e7c\"><\/span><img loading=\"lazy\" decoding=\"async\" width=\"1242\" height=\"1422\" class=\"wp-block-cover__image-background wp-image-1886\" alt=\"\" src=\"https:\/\/newsarovia.com\/wp-content\/uploads\/2025\/01\/Ordinances.png\" data-object-fit=\"cover\" srcset=\"https:\/\/newsarovia.com\/wp-content\/uploads\/2025\/01\/Ordinances.png 1242w, https:\/\/newsarovia.com\/wp-content\/uploads\/2025\/01\/Ordinances-262x300.png 262w, https:\/\/newsarovia.com\/wp-content\/uploads\/2025\/01\/Ordinances-894x1024.png 894w, https:\/\/newsarovia.com\/wp-content\/uploads\/2025\/01\/Ordinances-768x879.png 768w\" sizes=\"auto, (max-width: 1242px) 100vw, 1242px\" \/><div class=\"wp-block-cover__inner-container is-layout-flow wp-block-cover-is-layout-flow\">\n<p class=\"has-text-align-center has-contrast-light-color has-text-color has-link-color wp-elements-f9fb5af75401fae451bdcb575ec9851d\" style=\"font-size:clamp(18.959px, 1.185rem + ((1vw - 3.2px) * 1.255), 30px);\"><strong><strong><strong>Ord. Imp.<\/strong><\/strong><\/strong> <strong>&#8211; <\/strong><em><em>XX Schmanuary<\/em><\/em><\/p>\n<\/div><\/div>\n<\/div>\n\n\n\n<div class=\"wp-block-column is-layout-flow wp-block-column-is-layout-flow\">\n<div class=\"wp-block-cover\" style=\"min-height:276px;aspect-ratio:unset;\"><span aria-hidden=\"true\" class=\"wp-block-cover__background has-background-dim-90 has-background-dim\" style=\"background-color:#183e7c\"><\/span><img loading=\"lazy\" decoding=\"async\" width=\"1242\" height=\"1422\" class=\"wp-block-cover__image-background wp-image-1886\" alt=\"\" src=\"https:\/\/newsarovia.com\/wp-content\/uploads\/2025\/01\/Ordinances.png\" data-object-fit=\"cover\" srcset=\"https:\/\/newsarovia.com\/wp-content\/uploads\/2025\/01\/Ordinances.png 1242w, https:\/\/newsarovia.com\/wp-content\/uploads\/2025\/01\/Ordinances-262x300.png 262w, https:\/\/newsarovia.com\/wp-content\/uploads\/2025\/01\/Ordinances-894x1024.png 894w, https:\/\/newsarovia.com\/wp-content\/uploads\/2025\/01\/Ordinances-768x879.png 768w\" sizes=\"auto, (max-width: 1242px) 100vw, 1242px\" \/><div class=\"wp-block-cover__inner-container is-layout-flow wp-block-cover-is-layout-flow\">\n<p class=\"has-text-align-center has-contrast-light-color has-text-color has-link-color wp-elements-f9fb5af75401fae451bdcb575ec9851d\" style=\"font-size:clamp(18.959px, 1.185rem + ((1vw - 3.2px) * 1.255), 30px);\"><strong><strong><strong>Ord. Imp.<\/strong><\/strong><\/strong> <strong>&#8211; <\/strong><em><em>XX Schmanuary<\/em><\/em><\/p>\n<\/div><\/div>\n<\/div>\n\n\n\n<div class=\"wp-block-column is-layout-flow wp-block-column-is-layout-flow\">\n<div class=\"wp-block-cover\" style=\"min-height:276px;aspect-ratio:unset;\"><span aria-hidden=\"true\" class=\"wp-block-cover__background has-background-dim-90 has-background-dim\" style=\"background-color:#183e7c\"><\/span><img loading=\"lazy\" decoding=\"async\" width=\"1242\" height=\"1422\" class=\"wp-block-cover__image-background wp-image-1886\" alt=\"\" src=\"https:\/\/newsarovia.com\/wp-content\/uploads\/2025\/01\/Ordinances.png\" data-object-fit=\"cover\" srcset=\"https:\/\/newsarovia.com\/wp-content\/uploads\/2025\/01\/Ordinances.png 1242w, https:\/\/newsarovia.com\/wp-content\/uploads\/2025\/01\/Ordinances-262x300.png 262w, https:\/\/newsarovia.com\/wp-content\/uploads\/2025\/01\/Ordinances-894x1024.png 894w, https:\/\/newsarovia.com\/wp-content\/uploads\/2025\/01\/Ordinances-768x879.png 768w\" sizes=\"auto, (max-width: 1242px) 100vw, 1242px\" \/><div class=\"wp-block-cover__inner-container is-layout-flow wp-block-cover-is-layout-flow\">\n<p class=\"has-text-align-center has-contrast-light-color has-text-color has-link-color wp-elements-f9fb5af75401fae451bdcb575ec9851d\" style=\"font-size:clamp(18.959px, 1.185rem + ((1vw - 3.2px) * 1.255), 30px);\"><strong><strong><strong>Ord. Imp.<\/strong><\/strong><\/strong> <strong>&#8211; <\/strong><em><em>XX Schmanuary<\/em><\/em><\/p>\n<\/div><\/div>\n<\/div>\n<\/div>\n<\/div>\n\n\n\n<p><\/p>\n","protected":false},"excerpt":{"rendered":"<p>A Federa\u00e7\u00e3o Imperial \u00e9 o grupo de todos os \u201cestados-filhos\u201d Sarovianos e, \u00e0s vezes, \u00e9 considerada o \u201cNovo Imp\u00e9rio Saroviano mais amplo\u201d. \u00c0 medida que os Dom\u00ednios Sarovianos ganham lentamente independ\u00eancia e soberania, a Federa\u00e7\u00e3o Imperial mant\u00e9m todos os estados culturalmente Sarovianos trabalhando em unidade. O Conselho Imperial, que \u00e9 um subcomit\u00ea do Conselho Privado [&hellip;]<\/p>\n","protected":false},"author":2,"featured_media":0,"parent":0,"menu_order":0,"comment_status":"closed","ping_status":"closed","template":"","meta":{"footnotes":""},"class_list":["post-1884","page","type-page","status-publish","hentry"],"yoast_head":"<!-- This site is optimized with the Yoast SEO plugin v27.3 - https:\/\/yoast.com\/product\/yoast-seo-wordpress\/ -->\n<title>Ordennos Imperial - SMI Gouverna<\/title>\n<meta name=\"robots\" content=\"index, follow, max-snippet:-1, max-image-preview:large, max-video-preview:-1\" \/>\n<link rel=\"canonical\" href=\"https:\/\/newsarovia.com\/pt\/imperial-ordinances\/\" \/>\n<meta property=\"og:locale\" content=\"pt_BR\" \/>\n<meta property=\"og:locale:alternate\" content=\"en_US\" \/>\n<meta property=\"og:type\" content=\"article\" \/>\n<meta property=\"og:title\" content=\"Ordennos Imperial\" \/>\n<meta property=\"og:description\" content=\"A Federa\u00e7\u00e3o Imperial \u00e9 o grupo de todos os \u201cestados-filhos\u201d Sarovianos e, \u00e0s vezes, \u00e9 considerada o \u201cNovo Imp\u00e9rio Saroviano mais amplo\u201d. \u00c0 medida que os Dom\u00ednios Sarovianos ganham lentamente independ\u00eancia e soberania, a Federa\u00e7\u00e3o Imperial mant\u00e9m todos os estados culturalmente Sarovianos trabalhando em unidade. O Conselho Imperial, que \u00e9 um subcomit\u00ea do Conselho Privado [&hellip;]\" \/>\n<meta property=\"og:url\" content=\"https:\/\/newsarovia.com\/pt\/imperial-ordinances\/\" \/>\n<meta property=\"og:site_name\" content=\"SMI Gouverna\" \/>\n<meta property=\"article:modified_time\" content=\"2025-02-15T08:32:35+00:00\" \/>\n<meta property=\"og:image\" content=\"https:\/\/newsarovia.com\/wp-content\/uploads\/2025\/01\/Ordennos-Imperial.png\" \/>\n\t<meta property=\"og:image:width\" content=\"2200\" \/>\n\t<meta property=\"og:image:height\" content=\"154\" \/>\n\t<meta property=\"og:image:type\" content=\"image\/png\" \/>\n<meta name=\"twitter:card\" content=\"summary_large_image\" \/>\n<meta name=\"twitter:label1\" content=\"Est. tempo de leitura\" \/>\n\t<meta name=\"twitter:data1\" content=\"2 minutos\" \/>\n<script type=\"application\/ld+json\" class=\"yoast-schema-graph\">{\"@context\":\"https:\\\/\\\/schema.org\",\"@graph\":[{\"@type\":\"WebPage\",\"@id\":\"https:\\\/\\\/newsarovia.com\\\/pt\\\/imperial-ordinances\\\/\",\"url\":\"https:\\\/\\\/newsarovia.com\\\/pt\\\/imperial-ordinances\\\/\",\"name\":\"Ordennos Imperial\",\"isPartOf\":{\"@id\":\"https:\\\/\\\/newsarovia.com\\\/#website\"},\"primaryImageOfPage\":{\"@id\":\"https:\\\/\\\/newsarovia.com\\\/pt\\\/imperial-ordinances\\\/#primaryimage\"},\"image\":{\"@id\":\"https:\\\/\\\/newsarovia.com\\\/pt\\\/imperial-ordinances\\\/#primaryimage\"},\"thumbnailUrl\":\"https:\\\/\\\/newsarovia.com\\\/wp-content\\\/uploads\\\/2025\\\/01\\\/Ordennos-Imperial-1024x72.png\",\"datePublished\":\"2025-01-30T21:54:37+00:00\",\"dateModified\":\"2025-02-15T08:32:35+00:00\",\"breadcrumb\":{\"@id\":\"https:\\\/\\\/newsarovia.com\\\/pt\\\/imperial-ordinances\\\/#breadcrumb\"},\"inLanguage\":\"pt-BR\",\"potentialAction\":[{\"@type\":\"ReadAction\",\"target\":[\"https:\\\/\\\/newsarovia.com\\\/pt\\\/imperial-ordinances\\\/\"]}]},{\"@type\":\"ImageObject\",\"inLanguage\":\"pt-BR\",\"@id\":\"https:\\\/\\\/newsarovia.com\\\/pt\\\/imperial-ordinances\\\/#primaryimage\",\"url\":\"https:\\\/\\\/newsarovia.com\\\/wp-content\\\/uploads\\\/2025\\\/01\\\/Ordennos-Imperial-1024x72.png\",\"contentUrl\":\"https:\\\/\\\/newsarovia.com\\\/wp-content\\\/uploads\\\/2025\\\/01\\\/Ordennos-Imperial-1024x72.png\"},{\"@type\":\"BreadcrumbList\",\"@id\":\"https:\\\/\\\/newsarovia.com\\\/pt\\\/imperial-ordinances\\\/#breadcrumb\",\"itemListElement\":[{\"@type\":\"ListItem\",\"position\":1,\"name\":\"Home\",\"item\":\"https:\\\/\\\/newsarovia.com\\\/\"},{\"@type\":\"ListItem\",\"position\":2,\"name\":\"Ordennos Imperial\"}]},{\"@type\":\"WebSite\",\"@id\":\"https:\\\/\\\/newsarovia.com\\\/#website\",\"url\":\"https:\\\/\\\/newsarovia.com\\\/\",\"name\":\"SMI Gouverna\",\"description\":\"\",\"publisher\":{\"@id\":\"https:\\\/\\\/newsarovia.com\\\/#organization\"},\"potentialAction\":[{\"@type\":\"SearchAction\",\"target\":{\"@type\":\"EntryPoint\",\"urlTemplate\":\"https:\\\/\\\/newsarovia.com\\\/?s={search_term_string}\"},\"query-input\":{\"@type\":\"PropertyValueSpecification\",\"valueRequired\":true,\"valueName\":\"search_term_string\"}}],\"inLanguage\":\"pt-BR\"},{\"@type\":\"Organization\",\"@id\":\"https:\\\/\\\/newsarovia.com\\\/#organization\",\"name\":\"Gouverna do Seito Majis Imperial\",\"url\":\"https:\\\/\\\/newsarovia.com\\\/\",\"logo\":{\"@type\":\"ImageObject\",\"inLanguage\":\"pt-BR\",\"@id\":\"https:\\\/\\\/newsarovia.com\\\/#\\\/schema\\\/logo\\\/image\\\/\",\"url\":\"https:\\\/\\\/newsarovia.com\\\/wp-content\\\/uploads\\\/2025\\\/01\\\/Sarovia-Logo-Words.png\",\"contentUrl\":\"https:\\\/\\\/newsarovia.com\\\/wp-content\\\/uploads\\\/2025\\\/01\\\/Sarovia-Logo-Words.png\",\"width\":9985,\"height\":2274,\"caption\":\"Gouverna do Seito Majis Imperial\"},\"image\":{\"@id\":\"https:\\\/\\\/newsarovia.com\\\/#\\\/schema\\\/logo\\\/image\\\/\"}}]}<\/script>\n<!-- \/ Yoast SEO plugin. -->","yoast_head_json":{"title":"Ordennos Imperial - SMI Gouverna","robots":{"index":"index","follow":"follow","max-snippet":"max-snippet:-1","max-image-preview":"max-image-preview:large","max-video-preview":"max-video-preview:-1"},"canonical":"https:\/\/newsarovia.com\/pt\/imperial-ordinances\/","og_locale":"pt_BR","og_type":"article","og_title":"[:en]Ordennos Imperial[:] - SMI Gouverna","og_description":"A Federa\u00e7\u00e3o Imperial \u00e9 o grupo de todos os \u201cestados-filhos\u201d Sarovianos e, \u00e0s vezes, \u00e9 considerada o \u201cNovo Imp\u00e9rio Saroviano mais amplo\u201d. \u00c0 medida que os Dom\u00ednios Sarovianos ganham lentamente independ\u00eancia e soberania, a Federa\u00e7\u00e3o Imperial mant\u00e9m todos os estados culturalmente Sarovianos trabalhando em unidade. O Conselho Imperial, que \u00e9 um subcomit\u00ea do Conselho Privado [&hellip;]","og_url":"https:\/\/newsarovia.com\/pt\/imperial-ordinances\/","og_site_name":"SMI Gouverna","article_modified_time":"2025-02-15T08:32:35+00:00","og_image":[{"width":2200,"height":154,"url":"https:\/\/newsarovia.com\/wp-content\/uploads\/2025\/01\/Ordennos-Imperial.png","type":"image\/png"}],"twitter_card":"summary_large_image","twitter_misc":{"Est. tempo de leitura":"2 minutos"},"schema":{"@context":"https:\/\/schema.org","@graph":[{"@type":"WebPage","@id":"https:\/\/newsarovia.com\/pt\/imperial-ordinances\/","url":"https:\/\/newsarovia.com\/pt\/imperial-ordinances\/","name":"Ordennos Imperial","isPartOf":{"@id":"https:\/\/newsarovia.com\/#website"},"primaryImageOfPage":{"@id":"https:\/\/newsarovia.com\/pt\/imperial-ordinances\/#primaryimage"},"image":{"@id":"https:\/\/newsarovia.com\/pt\/imperial-ordinances\/#primaryimage"},"thumbnailUrl":"https:\/\/newsarovia.com\/wp-content\/uploads\/2025\/01\/Ordennos-Imperial-1024x72.png","datePublished":"2025-01-30T21:54:37+00:00","dateModified":"2025-02-15T08:32:35+00:00","breadcrumb":{"@id":"https:\/\/newsarovia.com\/pt\/imperial-ordinances\/#breadcrumb"},"inLanguage":"pt-BR","potentialAction":[{"@type":"ReadAction","target":["https:\/\/newsarovia.com\/pt\/imperial-ordinances\/"]}]},{"@type":"ImageObject","inLanguage":"pt-BR","@id":"https:\/\/newsarovia.com\/pt\/imperial-ordinances\/#primaryimage","url":"https:\/\/newsarovia.com\/wp-content\/uploads\/2025\/01\/Ordennos-Imperial-1024x72.png","contentUrl":"https:\/\/newsarovia.com\/wp-content\/uploads\/2025\/01\/Ordennos-Imperial-1024x72.png"},{"@type":"BreadcrumbList","@id":"https:\/\/newsarovia.com\/pt\/imperial-ordinances\/#breadcrumb","itemListElement":[{"@type":"ListItem","position":1,"name":"Home","item":"https:\/\/newsarovia.com\/"},{"@type":"ListItem","position":2,"name":"Ordennos Imperial"}]},{"@type":"WebSite","@id":"https:\/\/newsarovia.com\/#website","url":"https:\/\/newsarovia.com\/","name":"SMI Gouverna","description":"","publisher":{"@id":"https:\/\/newsarovia.com\/#organization"},"potentialAction":[{"@type":"SearchAction","target":{"@type":"EntryPoint","urlTemplate":"https:\/\/newsarovia.com\/?s={search_term_string}"},"query-input":{"@type":"PropertyValueSpecification","valueRequired":true,"valueName":"search_term_string"}}],"inLanguage":"pt-BR"},{"@type":"Organization","@id":"https:\/\/newsarovia.com\/#organization","name":"Gouverna do Seito Majis Imperial","url":"https:\/\/newsarovia.com\/","logo":{"@type":"ImageObject","inLanguage":"pt-BR","@id":"https:\/\/newsarovia.com\/#\/schema\/logo\/image\/","url":"https:\/\/newsarovia.com\/wp-content\/uploads\/2025\/01\/Sarovia-Logo-Words.png","contentUrl":"https:\/\/newsarovia.com\/wp-content\/uploads\/2025\/01\/Sarovia-Logo-Words.png","width":9985,"height":2274,"caption":"Gouverna do Seito Majis Imperial"},"image":{"@id":"https:\/\/newsarovia.com\/#\/schema\/logo\/image\/"}}]}},"_links":{"self":[{"href":"https:\/\/newsarovia.com\/pt\/wp-json\/wp\/v2\/pages\/1884","targetHints":{"allow":["GET"]}}],"collection":[{"href":"https:\/\/newsarovia.com\/pt\/wp-json\/wp\/v2\/pages"}],"about":[{"href":"https:\/\/newsarovia.com\/pt\/wp-json\/wp\/v2\/types\/page"}],"author":[{"embeddable":true,"href":"https:\/\/newsarovia.com\/pt\/wp-json\/wp\/v2\/users\/2"}],"replies":[{"embeddable":true,"href":"https:\/\/newsarovia.com\/pt\/wp-json\/wp\/v2\/comments?post=1884"}],"version-history":[{"count":3,"href":"https:\/\/newsarovia.com\/pt\/wp-json\/wp\/v2\/pages\/1884\/revisions"}],"predecessor-version":[{"id":2401,"href":"https:\/\/newsarovia.com\/pt\/wp-json\/wp\/v2\/pages\/1884\/revisions\/2401"}],"wp:attachment":[{"href":"https:\/\/newsarovia.com\/pt\/wp-json\/wp\/v2\/media?parent=1884"}],"curies":[{"name":"wp","href":"https:\/\/api.w.org\/{rel}","templated":true}]}}