{"id":1930,"date":"2025-02-09T04:39:39","date_gmt":"2025-02-09T04:39:39","guid":{"rendered":"https:\/\/newsarovia.com\/?page_id=1930"},"modified":"2025-06-27T20:12:59","modified_gmt":"2025-06-27T20:12:59","slug":"house-of-commons","status":"publish","type":"page","link":"https:\/\/newsarovia.com\/pt\/house-of-commons\/","title":{"rendered":"Masson eui Comunos"},"content":{"rendered":"\n<p>A C\u00e2mara dos Comuns, ou <em>Masson eui Comunos<\/em>, \u00e9 a c\u00e2mara principal do Parlamento Imperial. Com origens que remontam a quase uma d\u00e9cada, a C\u00e2mara dos Comuns em sua forma original pode ser facilmente rastreada at\u00e9 meia d\u00e9cada atr\u00e1s, quando Consteynnos IX concedeu a <strong>Carta do Parlamento Imperial<\/strong> aos Sarovianos, que orienta os procedimentos, regras e poderes do Parlamento e, especificamente, da C\u00e2mara dos Comuns.<\/p>\n\n\n\n<p>Assim como a C\u00e2mara Alta, a Assembleia de Pares ou <em>Assembelle eui Nobressos<\/em>, a C\u00e2mara dos Comuns se re\u00fane em Sarholm, Nova Sarovia. Como um corpo eleito de atualmente dezenove membros conhecidos como <em>Mebros eui Parlarmente<\/em> ou Membros do Parlamento, a C\u00e2mara dos Comuns trabalha para administrar o pa\u00eds de forma democr\u00e1tica.<\/p>\n\n\n\n<div class=\"wp-block-columns is-layout-flex wp-container-core-columns-is-layout-28f84493 wp-block-columns-is-layout-flex\">\n<div class=\"wp-block-column is-layout-flow wp-block-column-is-layout-flow\">\n<div class=\"wp-block-columns is-layout-flex wp-container-core-columns-is-layout-d2a8f814 wp-block-columns-is-layout-flex\" style=\"padding-top:0;padding-bottom:0\">\n<div class=\"wp-block-column is-layout-flow wp-block-column-is-layout-flow\" style=\"flex-basis:37%\">\n<figure class=\"wp-block-image size-large is-style-rounded\"><img loading=\"lazy\" decoding=\"async\" width=\"1024\" height=\"1024\" src=\"https:\/\/newsarovia.com\/wp-content\/uploads\/2025\/02\/Placeholder2-1024x1024.png\" alt=\"\" class=\"wp-image-1947\" srcset=\"https:\/\/newsarovia.com\/wp-content\/uploads\/2025\/02\/Placeholder2-1024x1024.png 1024w, https:\/\/newsarovia.com\/wp-content\/uploads\/2025\/02\/Placeholder2-300x300.png 300w, https:\/\/newsarovia.com\/wp-content\/uploads\/2025\/02\/Placeholder2-150x150.png 150w, https:\/\/newsarovia.com\/wp-content\/uploads\/2025\/02\/Placeholder2-768x768.png 768w, https:\/\/newsarovia.com\/wp-content\/uploads\/2025\/02\/Placeholder2-1536x1536.png 1536w, https:\/\/newsarovia.com\/wp-content\/uploads\/2025\/02\/Placeholder2.png 2048w\" sizes=\"auto, (max-width: 1024px) 100vw, 1024px\" \/><\/figure>\n<\/div>\n\n\n\n<div class=\"wp-block-column is-layout-flow wp-block-column-is-layout-flow\" style=\"flex-basis:25%\">\n<figure class=\"wp-block-image aligncenter size-large is-resized\" style=\"margin-top:var(--wp--preset--spacing--superbspacing-medium);margin-bottom:0\"><img loading=\"lazy\" decoding=\"async\" width=\"439\" height=\"1024\" src=\"https:\/\/newsarovia.com\/wp-content\/uploads\/2025\/02\/House-of-Commons-CXIII-439x1024.png\" alt=\"\" class=\"wp-image-1932\" style=\"width:150px;height:auto\" srcset=\"https:\/\/newsarovia.com\/wp-content\/uploads\/2025\/02\/House-of-Commons-CXIII-439x1024.png 439w, https:\/\/newsarovia.com\/wp-content\/uploads\/2025\/02\/House-of-Commons-CXIII-128x300.png 128w, https:\/\/newsarovia.com\/wp-content\/uploads\/2025\/02\/House-of-Commons-CXIII-768x1793.png 768w, https:\/\/newsarovia.com\/wp-content\/uploads\/2025\/02\/House-of-Commons-CXIII-658x1536.png 658w, https:\/\/newsarovia.com\/wp-content\/uploads\/2025\/02\/House-of-Commons-CXIII-877x2048.png 877w, https:\/\/newsarovia.com\/wp-content\/uploads\/2025\/02\/House-of-Commons-CXIII.png 1440w\" sizes=\"auto, (max-width: 439px) 100vw, 439px\" \/><\/figure>\n<\/div>\n\n\n\n<div class=\"wp-block-column is-layout-flow wp-block-column-is-layout-flow\" style=\"flex-basis:37%\">\n<figure class=\"wp-block-image size-large is-style-rounded\"><img loading=\"lazy\" decoding=\"async\" width=\"1024\" height=\"1024\" src=\"https:\/\/newsarovia.com\/wp-content\/uploads\/2025\/02\/Placeholder2-1024x1024.png\" alt=\"\" class=\"wp-image-1947\" srcset=\"https:\/\/newsarovia.com\/wp-content\/uploads\/2025\/02\/Placeholder2-1024x1024.png 1024w, https:\/\/newsarovia.com\/wp-content\/uploads\/2025\/02\/Placeholder2-300x300.png 300w, https:\/\/newsarovia.com\/wp-content\/uploads\/2025\/02\/Placeholder2-150x150.png 150w, https:\/\/newsarovia.com\/wp-content\/uploads\/2025\/02\/Placeholder2-768x768.png 768w, https:\/\/newsarovia.com\/wp-content\/uploads\/2025\/02\/Placeholder2-1536x1536.png 1536w, https:\/\/newsarovia.com\/wp-content\/uploads\/2025\/02\/Placeholder2.png 2048w\" sizes=\"auto, (max-width: 1024px) 100vw, 1024px\" \/><\/figure>\n<\/div>\n<\/div>\n<\/div>\n<\/div>\n\n\n\n<div class=\"wp-block-columns is-layout-flex wp-container-core-columns-is-layout-d2a8f814 wp-block-columns-is-layout-flex\" style=\"padding-top:0;padding-bottom:0\">\n<div class=\"wp-block-column is-layout-flow wp-block-column-is-layout-flow\" style=\"flex-basis:37%\">\n<h3 class=\"wp-block-heading has-text-align-center has-primary-color has-text-color has-link-color wp-elements-d35ce95f0155e21909488e1d4c78c3c7\" style=\"font-size:clamp(18.434px, 1.152rem + ((1vw - 3.2px) * 1.201), 29px);\">FALARIZO<\/h3>\n<\/div>\n\n\n\n<div class=\"wp-block-column is-layout-flow wp-block-column-is-layout-flow\" style=\"flex-basis:25%\"><\/div>\n\n\n\n<div class=\"wp-block-column is-layout-flow wp-block-column-is-layout-flow\" style=\"flex-basis:37%\">\n<h3 class=\"wp-block-heading has-text-align-center has-primary-color has-text-color has-link-color wp-elements-872c8f41c6d9a67299f384d58ed95d9a\" style=\"font-size:clamp(17.905px, 1.119rem + ((1vw - 3.2px) * 1.147), 28px);\">DOIAMERA-FALARIZO<\/h3>\n<\/div>\n<\/div>\n\n\n\n<div class=\"wp-block-columns is-layout-flex wp-container-core-columns-is-layout-28f84493 wp-block-columns-is-layout-flex\">\n<div class=\"wp-block-column is-layout-flow wp-block-column-is-layout-flow\">\n<figure class=\"wp-block-image aligncenter size-full is-resized\"><img loading=\"lazy\" decoding=\"async\" width=\"1024\" height=\"855\" src=\"https:\/\/newsarovia.com\/wp-content\/uploads\/2025\/06\/houseofcommons.png\" alt=\"\" class=\"wp-image-3154\" style=\"width:536px;height:auto\" srcset=\"https:\/\/newsarovia.com\/wp-content\/uploads\/2025\/06\/houseofcommons.png 1024w, https:\/\/newsarovia.com\/wp-content\/uploads\/2025\/06\/houseofcommons-300x250.png 300w, https:\/\/newsarovia.com\/wp-content\/uploads\/2025\/06\/houseofcommons-768x641.png 768w\" sizes=\"auto, (max-width: 1024px) 100vw, 1024px\" \/><\/figure>\n\n\n\n<div style=\"height:50px\" aria-hidden=\"true\" class=\"wp-block-spacer\"><\/div>\n<\/div>\n<\/div>\n\n\n\n<div class=\"wp-block-columns is-layout-flex wp-container-core-columns-is-layout-28f84493 wp-block-columns-is-layout-flex\">\n<div class=\"wp-block-column is-layout-flow wp-block-column-is-layout-flow\">\n<figure style=\"opacity: 0;\" superb-addons-animation=\"fadeIn\" class=\"wp-block-image aligncenter size-large is-resized\"><img loading=\"lazy\" decoding=\"async\" width=\"1024\" height=\"1024\" src=\"https:\/\/newsarovia.com\/wp-content\/uploads\/2025\/02\/ind-1024x1024.png\" alt=\"\" class=\"wp-image-2100\" style=\"width:50px;height:auto\" srcset=\"https:\/\/newsarovia.com\/wp-content\/uploads\/2025\/02\/ind-1024x1024.png 1024w, https:\/\/newsarovia.com\/wp-content\/uploads\/2025\/02\/ind-300x300.png 300w, https:\/\/newsarovia.com\/wp-content\/uploads\/2025\/02\/ind-150x150.png 150w, https:\/\/newsarovia.com\/wp-content\/uploads\/2025\/02\/ind-768x768.png 768w, https:\/\/newsarovia.com\/wp-content\/uploads\/2025\/02\/ind-1536x1536.png 1536w, https:\/\/newsarovia.com\/wp-content\/uploads\/2025\/02\/ind-2048x2048.png 2048w\" sizes=\"auto, (max-width: 1024px) 100vw, 1024px\" \/><\/figure>\n\n\n\n<h3 class=\"wp-block-heading has-text-align-center has-primary-color has-text-color has-link-color wp-elements-da186afd8d0417447c20bfd9494bd78e\">Grup-<strong>Seclus<\/strong><\/h3>\n\n\n\n<p class=\"has-text-align-center\"><strong>MP pur Sarholm Pono<\/strong><br><em>T. Onn. D. Albaros Vasa<\/em> <em><strong>(Pr. Ministoro)<\/strong><\/em><\/p>\n<\/div>\n\n\n\n<div class=\"wp-block-column is-layout-flow wp-block-column-is-layout-flow\">\n<figure style=\"opacity: 0;\" superb-addons-animation=\"fadeIn\" class=\"wp-block-image aligncenter size-large is-resized\"><img loading=\"lazy\" decoding=\"async\" width=\"1024\" height=\"1024\" src=\"https:\/\/newsarovia.com\/wp-content\/uploads\/2025\/02\/Con2-1024x1024.png\" alt=\"\" class=\"wp-image-2096\" style=\"width:50px;height:auto\" srcset=\"https:\/\/newsarovia.com\/wp-content\/uploads\/2025\/02\/Con2-1024x1024.png 1024w, https:\/\/newsarovia.com\/wp-content\/uploads\/2025\/02\/Con2-300x300.png 300w, https:\/\/newsarovia.com\/wp-content\/uploads\/2025\/02\/Con2-150x150.png 150w, https:\/\/newsarovia.com\/wp-content\/uploads\/2025\/02\/Con2-768x768.png 768w, https:\/\/newsarovia.com\/wp-content\/uploads\/2025\/02\/Con2-1536x1536.png 1536w, https:\/\/newsarovia.com\/wp-content\/uploads\/2025\/02\/Con2-2048x2048.png 2048w\" sizes=\"auto, (max-width: 1024px) 100vw, 1024px\" \/><\/figure>\n\n\n\n<h3 class=\"wp-block-heading has-text-align-center has-primary-color has-text-color has-link-color wp-elements-ec7067007bb514f5ab0180bcb9629c18\">Custovizos<\/h3>\n\n\n\n<p class=\"has-text-align-center\"><strong>MP pur Ciba<\/strong><br><em>Onn. D. Ioan Vasa <strong>(Lita eui tel Masson)<\/strong><\/em><\/p>\n\n\n\n<p class=\"has-text-align-center\"><strong>MP pur Saintos-Consteynnos<\/strong><br><em>Onn. Micaile Permars <strong>(Falarizo)<\/strong><\/em><\/p>\n\n\n\n<p class=\"has-text-align-center\"><strong>MP pur Scotia<\/strong><br><em>Onn. Maetos Kaine <strong>(Contarizo, C.)<\/strong><\/em><\/p>\n\n\n\n<p class=\"has-text-align-center\"><strong>MP pur <strong>Vurgos Tella<\/strong><\/strong><br><em>Onn. D. Baidera Lyon<\/em><\/p>\n\n\n\n<p class=\"has-text-align-center\"><strong>MP pur <strong>Vurgos Mueonna<\/strong><\/strong><br><em>Onn. Valera Atlas<\/em><\/p>\n\n\n\n<p class=\"has-text-align-center\"><strong>MP pur <strong>Sarvium-Nafetia<\/strong><\/strong><br><em>Onn. Maros Lyon<\/em><\/p>\n\n\n\n<p class=\"has-text-align-center\"><strong>MP pur Cuive Esto<\/strong><br><em>Onn. Nicolus Casdaros<\/em><\/p>\n\n\n\n<p class=\"has-text-align-center\"><strong>MP pur Macule Nafetia<\/strong><br><em>Onn. Stevane Noirreme<\/em><\/p>\n\n\n\n<p class=\"has-text-align-center\"><strong>MP pur <strong>Carlviya-Preuze Sud<\/strong><\/strong><br><em>Onn. Catrinna Lyon<\/em><\/p>\n<\/div>\n\n\n\n<div class=\"wp-block-column is-layout-flow wp-block-column-is-layout-flow\">\n<figure style=\"opacity: 0;\" superb-addons-animation=\"fadeIn\" class=\"wp-block-image aligncenter size-large is-resized\"><img loading=\"lazy\" decoding=\"async\" width=\"1024\" height=\"1024\" src=\"https:\/\/newsarovia.com\/wp-content\/uploads\/2025\/02\/Lib1-1024x1024.png\" alt=\"\" class=\"wp-image-2097\" style=\"width:50px;height:auto\" srcset=\"https:\/\/newsarovia.com\/wp-content\/uploads\/2025\/02\/Lib1-1024x1024.png 1024w, https:\/\/newsarovia.com\/wp-content\/uploads\/2025\/02\/Lib1-300x300.png 300w, https:\/\/newsarovia.com\/wp-content\/uploads\/2025\/02\/Lib1-150x150.png 150w, https:\/\/newsarovia.com\/wp-content\/uploads\/2025\/02\/Lib1-768x768.png 768w, https:\/\/newsarovia.com\/wp-content\/uploads\/2025\/02\/Lib1-1536x1536.png 1536w, https:\/\/newsarovia.com\/wp-content\/uploads\/2025\/02\/Lib1-2048x2048.png 2048w\" sizes=\"auto, (max-width: 1024px) 100vw, 1024px\" \/><\/figure>\n\n\n\n<h3 class=\"wp-block-heading has-text-align-center has-primary-color has-text-color has-link-color wp-elements-ee1caa98ddb3487d990cc06369de1641\">Liberellizos<\/h3>\n\n\n\n<p class=\"has-text-align-center\"><strong>MP pur Cavo Brianna<\/strong><br><em>Onn. Dircos Atlas <\/em><\/p>\n\n\n\n<p class=\"has-text-align-center\"><strong>MP pur Modisa-Preuze Norda<\/strong><br><em>Onn. Roberte Lyon <strong>(Contarizo, L.)<\/strong><\/em><\/p>\n\n\n\n<p class=\"has-text-align-center\"><strong>MP pur Francia-Salla<\/strong><br><em>Onn. Revos Atlas<\/em><\/p>\n\n\n\n<p class=\"has-text-align-center\"><strong>MP pur Nira<\/strong><br><em>Onn. Iacos Manalo<\/em><\/p>\n\n\n\n<p class=\"has-text-align-center\"><strong>MP pur Cuive Osto<\/strong><br><em>Onn. Alanna Kaine<\/em><\/p>\n<\/div>\n<\/div>\n\n\n\n<p><\/p>\n","protected":false},"excerpt":{"rendered":"<p>A C\u00e2mara dos Comuns, ou Masson eui Comunos, \u00e9 a c\u00e2mara principal do Parlamento Imperial. Com origens que remontam a quase uma d\u00e9cada, a C\u00e2mara dos Comuns em sua forma original pode ser facilmente rastreada at\u00e9 meia d\u00e9cada atr\u00e1s, quando Consteynnos IX concedeu a Carta do Parlamento Imperial aos Sarovianos, que orienta os procedimentos, regras [&hellip;]<\/p>\n","protected":false},"author":2,"featured_media":0,"parent":0,"menu_order":0,"comment_status":"closed","ping_status":"closed","template":"","meta":{"footnotes":""},"class_list":["post-1930","page","type-page","status-publish","hentry"],"yoast_head":"<!-- This site is optimized with the Yoast SEO plugin v27.5 - https:\/\/yoast.com\/product\/yoast-seo-wordpress\/ -->\n<title>Masson eui Comunos - SMI Gouverna<\/title>\n<meta name=\"robots\" content=\"index, follow, max-snippet:-1, max-image-preview:large, max-video-preview:-1\" \/>\n<link rel=\"canonical\" href=\"https:\/\/newsarovia.com\/pt\/house-of-commons\/\" \/>\n<meta property=\"og:locale\" content=\"pt_BR\" \/>\n<meta property=\"og:locale:alternate\" content=\"en_US\" \/>\n<meta property=\"og:type\" content=\"article\" \/>\n<meta property=\"og:title\" content=\"Masson eui Comunos\" \/>\n<meta property=\"og:description\" content=\"A C\u00e2mara dos Comuns, ou Masson eui Comunos, \u00e9 a c\u00e2mara principal do Parlamento Imperial. Com origens que remontam a quase uma d\u00e9cada, a C\u00e2mara dos Comuns em sua forma original pode ser facilmente rastreada at\u00e9 meia d\u00e9cada atr\u00e1s, quando Consteynnos IX concedeu a Carta do Parlamento Imperial aos Sarovianos, que orienta os procedimentos, regras [&hellip;]\" \/>\n<meta property=\"og:url\" content=\"https:\/\/newsarovia.com\/pt\/house-of-commons\/\" \/>\n<meta property=\"og:site_name\" content=\"SMI Gouverna\" \/>\n<meta property=\"article:modified_time\" content=\"2025-06-27T20:12:59+00:00\" \/>\n<meta property=\"og:image\" content=\"https:\/\/newsarovia.com\/wp-content\/uploads\/2025\/02\/Placeholder2-1024x1024.png\" \/>\n\t<meta property=\"og:image:width\" content=\"1024\" \/>\n\t<meta property=\"og:image:height\" content=\"1024\" \/>\n\t<meta property=\"og:image:type\" content=\"image\/png\" \/>\n<meta name=\"twitter:card\" content=\"summary_large_image\" \/>\n<script type=\"application\/ld+json\" class=\"yoast-schema-graph\">{\"@context\":\"https:\\\/\\\/schema.org\",\"@graph\":[{\"@type\":\"WebPage\",\"@id\":\"https:\\\/\\\/newsarovia.com\\\/pt\\\/house-of-commons\\\/\",\"url\":\"https:\\\/\\\/newsarovia.com\\\/pt\\\/house-of-commons\\\/\",\"name\":\"Masson eui Comunos\",\"isPartOf\":{\"@id\":\"https:\\\/\\\/newsarovia.com\\\/#website\"},\"primaryImageOfPage\":{\"@id\":\"https:\\\/\\\/newsarovia.com\\\/pt\\\/house-of-commons\\\/#primaryimage\"},\"image\":{\"@id\":\"https:\\\/\\\/newsarovia.com\\\/pt\\\/house-of-commons\\\/#primaryimage\"},\"thumbnailUrl\":\"https:\\\/\\\/newsarovia.com\\\/wp-content\\\/uploads\\\/2025\\\/02\\\/Placeholder2-1024x1024.png\",\"datePublished\":\"2025-02-09T04:39:39+00:00\",\"dateModified\":\"2025-06-27T20:12:59+00:00\",\"breadcrumb\":{\"@id\":\"https:\\\/\\\/newsarovia.com\\\/pt\\\/house-of-commons\\\/#breadcrumb\"},\"inLanguage\":\"pt-BR\",\"potentialAction\":[{\"@type\":\"ReadAction\",\"target\":[\"https:\\\/\\\/newsarovia.com\\\/pt\\\/house-of-commons\\\/\"]}]},{\"@type\":\"ImageObject\",\"inLanguage\":\"pt-BR\",\"@id\":\"https:\\\/\\\/newsarovia.com\\\/pt\\\/house-of-commons\\\/#primaryimage\",\"url\":\"https:\\\/\\\/newsarovia.com\\\/wp-content\\\/uploads\\\/2025\\\/02\\\/Placeholder2-1024x1024.png\",\"contentUrl\":\"https:\\\/\\\/newsarovia.com\\\/wp-content\\\/uploads\\\/2025\\\/02\\\/Placeholder2-1024x1024.png\"},{\"@type\":\"BreadcrumbList\",\"@id\":\"https:\\\/\\\/newsarovia.com\\\/pt\\\/house-of-commons\\\/#breadcrumb\",\"itemListElement\":[{\"@type\":\"ListItem\",\"position\":1,\"name\":\"Home\",\"item\":\"https:\\\/\\\/newsarovia.com\\\/\"},{\"@type\":\"ListItem\",\"position\":2,\"name\":\"Masson eui Comunos\"}]},{\"@type\":\"WebSite\",\"@id\":\"https:\\\/\\\/newsarovia.com\\\/#website\",\"url\":\"https:\\\/\\\/newsarovia.com\\\/\",\"name\":\"SMI Gouverna\",\"description\":\"\",\"publisher\":{\"@id\":\"https:\\\/\\\/newsarovia.com\\\/#organization\"},\"potentialAction\":[{\"@type\":\"SearchAction\",\"target\":{\"@type\":\"EntryPoint\",\"urlTemplate\":\"https:\\\/\\\/newsarovia.com\\\/?s={search_term_string}\"},\"query-input\":{\"@type\":\"PropertyValueSpecification\",\"valueRequired\":true,\"valueName\":\"search_term_string\"}}],\"inLanguage\":\"pt-BR\"},{\"@type\":\"Organization\",\"@id\":\"https:\\\/\\\/newsarovia.com\\\/#organization\",\"name\":\"Gouverna do Seito Majis Imperial\",\"url\":\"https:\\\/\\\/newsarovia.com\\\/\",\"logo\":{\"@type\":\"ImageObject\",\"inLanguage\":\"pt-BR\",\"@id\":\"https:\\\/\\\/newsarovia.com\\\/#\\\/schema\\\/logo\\\/image\\\/\",\"url\":\"https:\\\/\\\/newsarovia.com\\\/wp-content\\\/uploads\\\/2025\\\/01\\\/Sarovia-Logo-Words.png\",\"contentUrl\":\"https:\\\/\\\/newsarovia.com\\\/wp-content\\\/uploads\\\/2025\\\/01\\\/Sarovia-Logo-Words.png\",\"width\":9985,\"height\":2274,\"caption\":\"Gouverna do Seito Majis Imperial\"},\"image\":{\"@id\":\"https:\\\/\\\/newsarovia.com\\\/#\\\/schema\\\/logo\\\/image\\\/\"}}]}<\/script>\n<!-- \/ Yoast SEO plugin. -->","yoast_head_json":{"title":"Masson eui Comunos - SMI Gouverna","robots":{"index":"index","follow":"follow","max-snippet":"max-snippet:-1","max-image-preview":"max-image-preview:large","max-video-preview":"max-video-preview:-1"},"canonical":"https:\/\/newsarovia.com\/pt\/house-of-commons\/","og_locale":"pt_BR","og_type":"article","og_title":"[:en]Masson eui Comunos[:] - SMI Gouverna","og_description":"A C\u00e2mara dos Comuns, ou Masson eui Comunos, \u00e9 a c\u00e2mara principal do Parlamento Imperial. Com origens que remontam a quase uma d\u00e9cada, a C\u00e2mara dos Comuns em sua forma original pode ser facilmente rastreada at\u00e9 meia d\u00e9cada atr\u00e1s, quando Consteynnos IX concedeu a Carta do Parlamento Imperial aos Sarovianos, que orienta os procedimentos, regras [&hellip;]","og_url":"https:\/\/newsarovia.com\/pt\/house-of-commons\/","og_site_name":"SMI Gouverna","article_modified_time":"2025-06-27T20:12:59+00:00","og_image":[{"width":1024,"height":1024,"url":"https:\/\/newsarovia.com\/wp-content\/uploads\/2025\/02\/Placeholder2-1024x1024.png","type":"image\/png"}],"twitter_card":"summary_large_image","schema":{"@context":"https:\/\/schema.org","@graph":[{"@type":"WebPage","@id":"https:\/\/newsarovia.com\/pt\/house-of-commons\/","url":"https:\/\/newsarovia.com\/pt\/house-of-commons\/","name":"Masson eui Comunos","isPartOf":{"@id":"https:\/\/newsarovia.com\/#website"},"primaryImageOfPage":{"@id":"https:\/\/newsarovia.com\/pt\/house-of-commons\/#primaryimage"},"image":{"@id":"https:\/\/newsarovia.com\/pt\/house-of-commons\/#primaryimage"},"thumbnailUrl":"https:\/\/newsarovia.com\/wp-content\/uploads\/2025\/02\/Placeholder2-1024x1024.png","datePublished":"2025-02-09T04:39:39+00:00","dateModified":"2025-06-27T20:12:59+00:00","breadcrumb":{"@id":"https:\/\/newsarovia.com\/pt\/house-of-commons\/#breadcrumb"},"inLanguage":"pt-BR","potentialAction":[{"@type":"ReadAction","target":["https:\/\/newsarovia.com\/pt\/house-of-commons\/"]}]},{"@type":"ImageObject","inLanguage":"pt-BR","@id":"https:\/\/newsarovia.com\/pt\/house-of-commons\/#primaryimage","url":"https:\/\/newsarovia.com\/wp-content\/uploads\/2025\/02\/Placeholder2-1024x1024.png","contentUrl":"https:\/\/newsarovia.com\/wp-content\/uploads\/2025\/02\/Placeholder2-1024x1024.png"},{"@type":"BreadcrumbList","@id":"https:\/\/newsarovia.com\/pt\/house-of-commons\/#breadcrumb","itemListElement":[{"@type":"ListItem","position":1,"name":"Home","item":"https:\/\/newsarovia.com\/"},{"@type":"ListItem","position":2,"name":"Masson eui Comunos"}]},{"@type":"WebSite","@id":"https:\/\/newsarovia.com\/#website","url":"https:\/\/newsarovia.com\/","name":"SMI Gouverna","description":"","publisher":{"@id":"https:\/\/newsarovia.com\/#organization"},"potentialAction":[{"@type":"SearchAction","target":{"@type":"EntryPoint","urlTemplate":"https:\/\/newsarovia.com\/?s={search_term_string}"},"query-input":{"@type":"PropertyValueSpecification","valueRequired":true,"valueName":"search_term_string"}}],"inLanguage":"pt-BR"},{"@type":"Organization","@id":"https:\/\/newsarovia.com\/#organization","name":"Gouverna do Seito Majis Imperial","url":"https:\/\/newsarovia.com\/","logo":{"@type":"ImageObject","inLanguage":"pt-BR","@id":"https:\/\/newsarovia.com\/#\/schema\/logo\/image\/","url":"https:\/\/newsarovia.com\/wp-content\/uploads\/2025\/01\/Sarovia-Logo-Words.png","contentUrl":"https:\/\/newsarovia.com\/wp-content\/uploads\/2025\/01\/Sarovia-Logo-Words.png","width":9985,"height":2274,"caption":"Gouverna do Seito Majis Imperial"},"image":{"@id":"https:\/\/newsarovia.com\/#\/schema\/logo\/image\/"}}]}},"_links":{"self":[{"href":"https:\/\/newsarovia.com\/pt\/wp-json\/wp\/v2\/pages\/1930","targetHints":{"allow":["GET"]}}],"collection":[{"href":"https:\/\/newsarovia.com\/pt\/wp-json\/wp\/v2\/pages"}],"about":[{"href":"https:\/\/newsarovia.com\/pt\/wp-json\/wp\/v2\/types\/page"}],"author":[{"embeddable":true,"href":"https:\/\/newsarovia.com\/pt\/wp-json\/wp\/v2\/users\/2"}],"replies":[{"embeddable":true,"href":"https:\/\/newsarovia.com\/pt\/wp-json\/wp\/v2\/comments?post=1930"}],"version-history":[{"count":5,"href":"https:\/\/newsarovia.com\/pt\/wp-json\/wp\/v2\/pages\/1930\/revisions"}],"predecessor-version":[{"id":3158,"href":"https:\/\/newsarovia.com\/pt\/wp-json\/wp\/v2\/pages\/1930\/revisions\/3158"}],"wp:attachment":[{"href":"https:\/\/newsarovia.com\/pt\/wp-json\/wp\/v2\/media?parent=1930"}],"curies":[{"name":"wp","href":"https:\/\/api.w.org\/{rel}","templated":true}]}}