{"id":1989,"date":"2025-02-09T20:10:44","date_gmt":"2025-02-09T20:10:44","guid":{"rendered":"https:\/\/newsarovia.com\/?page_id=1989"},"modified":"2025-05-11T04:57:48","modified_gmt":"2025-05-11T04:57:48","slug":"ministry-of-finance","status":"publish","type":"page","link":"https:\/\/newsarovia.com\/pt\/ministry-of-finance\/","title":{"rendered":"Ministe eui Fisnace"},"content":{"rendered":"\n<div class=\"wp-block-columns is-layout-flex wp-container-core-columns-is-layout-28f84493 wp-block-columns-is-layout-flex\">\n<div class=\"wp-block-column is-layout-flow wp-block-column-is-layout-flow\" style=\"flex-basis:33.33%\">\n<figure class=\"wp-block-image size-large\"><img loading=\"lazy\" decoding=\"async\" width=\"1024\" height=\"1024\" src=\"https:\/\/newsarovia.com\/wp-content\/uploads\/2025\/05\/baidera-red-1024x1024.png\" alt=\"\" class=\"wp-image-3098\" srcset=\"https:\/\/newsarovia.com\/wp-content\/uploads\/2025\/05\/baidera-red-1024x1024.png 1024w, https:\/\/newsarovia.com\/wp-content\/uploads\/2025\/05\/baidera-red-300x300.png 300w, https:\/\/newsarovia.com\/wp-content\/uploads\/2025\/05\/baidera-red-150x150.png 150w, https:\/\/newsarovia.com\/wp-content\/uploads\/2025\/05\/baidera-red-768x768.png 768w, https:\/\/newsarovia.com\/wp-content\/uploads\/2025\/05\/baidera-red-1536x1536.png 1536w, https:\/\/newsarovia.com\/wp-content\/uploads\/2025\/05\/baidera-red.png 2048w\" sizes=\"auto, (max-width: 1024px) 100vw, 1024px\" \/><\/figure>\n<\/div>\n\n\n\n<div class=\"wp-block-column is-layout-flow wp-block-column-is-layout-flow\" style=\"flex-basis:66.66%\">\n<h2 class=\"wp-block-heading has-primary-color has-text-color has-link-color wp-elements-00b7b459c2a5ed26dba6171d7d0ffbec\" style=\"font-size:clamp(15.747px, 0.984rem + ((1vw - 3.2px) * 0.938), 24px);\">PREF\u00c1CIO MINISTERIAL<\/h2>\n\n\n\n<p class=\"has-superbfont-small-font-size\">Como <em>Ministora eui Fisnace<\/em>, tenho muitas fun\u00e7\u00f5es dentro do Imp\u00e9rio, trabalhando lado a lado n\u00e3o apenas com meus outros Ministros, mas tamb\u00e9m com a comunidade. Nossa economia \u00e9 administrada inteiramente em nosso Imp\u00e9rio, sem conselhos externos, e temos muito orgulho disso. Organizo e garanto que a nossa Troca Saro-Gralat funcione sem problemas e dentro do prazo, trabalhando com a minha equipe de farmadores para trazer a Troca toda semana. Tamb\u00e9m supervisiono as solicita\u00e7\u00f5es de financiamento para o nosso Ex\u00e9rcito, com soldados que precisam de dinheiro para uniformes e equipamentos. Eu me esfor\u00e7o para criar mais oportunidades financeiras para meus companheiros Sarovianos, al\u00e9m de ajudar a promover o crescimento de nossas economias por meio de empresas e lojas em nosso Imp\u00e9rio.<\/p>\n<\/div>\n<\/div>\n\n\n\n<hr class=\"wp-block-separator has-alpha-channel-opacity is-style-wide\"\/>\n\n\n\n<div style=\"height:18px\" aria-hidden=\"true\" class=\"wp-block-spacer\"><\/div>\n\n\n\n<div class=\"wp-block-columns is-layout-flex wp-container-core-columns-is-layout-28f84493 wp-block-columns-is-layout-flex\">\n<div class=\"wp-block-column is-layout-flow wp-block-column-is-layout-flow\">\n<div class=\"wp-block-cover is-light\" style=\"min-height:276px;aspect-ratio:unset;\"><img loading=\"lazy\" decoding=\"async\" width=\"1242\" height=\"1422\" class=\"wp-block-cover__image-background wp-image-1990\" alt=\"\" src=\"https:\/\/newsarovia.com\/wp-content\/uploads\/2025\/02\/Finance2.png\" data-object-fit=\"cover\" srcset=\"https:\/\/newsarovia.com\/wp-content\/uploads\/2025\/02\/Finance2.png 1242w, https:\/\/newsarovia.com\/wp-content\/uploads\/2025\/02\/Finance2-262x300.png 262w, https:\/\/newsarovia.com\/wp-content\/uploads\/2025\/02\/Finance2-894x1024.png 894w, https:\/\/newsarovia.com\/wp-content\/uploads\/2025\/02\/Finance2-768x879.png 768w\" sizes=\"auto, (max-width: 1242px) 100vw, 1242px\" \/><span aria-hidden=\"true\" class=\"wp-block-cover__background has-background-dim-80 has-background-dim\" style=\"background-color:#7cbb8b\"><\/span><div class=\"wp-block-cover__inner-container is-layout-flow wp-block-cover-is-layout-flow\">\n<p class=\"has-text-align-center has-contrast-light-color has-text-color has-link-color wp-elements-ad55b0f346eba281806bf8465d9b1c95\" style=\"font-size:clamp(16.293px, 1.018rem + ((1vw - 3.2px) * 0.989), 25px);\"><strong><a href=\"https:\/\/newsarovia.com\/pt\/budget-and-expenditure\/\">Nosso Or\u00e7amento e Gastos<\/a><\/strong><\/p>\n<\/div><\/div>\n<\/div>\n\n\n\n<div class=\"wp-block-column is-layout-flow wp-block-column-is-layout-flow\">\n<div class=\"wp-block-cover is-light\" style=\"min-height:276px;aspect-ratio:unset;\"><img loading=\"lazy\" decoding=\"async\" width=\"1242\" height=\"1422\" class=\"wp-block-cover__image-background wp-image-1990\" alt=\"\" src=\"https:\/\/newsarovia.com\/wp-content\/uploads\/2025\/02\/Finance2.png\" data-object-fit=\"cover\" srcset=\"https:\/\/newsarovia.com\/wp-content\/uploads\/2025\/02\/Finance2.png 1242w, https:\/\/newsarovia.com\/wp-content\/uploads\/2025\/02\/Finance2-262x300.png 262w, https:\/\/newsarovia.com\/wp-content\/uploads\/2025\/02\/Finance2-894x1024.png 894w, https:\/\/newsarovia.com\/wp-content\/uploads\/2025\/02\/Finance2-768x879.png 768w\" sizes=\"auto, (max-width: 1242px) 100vw, 1242px\" \/><span aria-hidden=\"true\" class=\"wp-block-cover__background has-background-dim-80 has-background-dim\" style=\"background-color:#7cbb8b\"><\/span><div class=\"wp-block-cover__inner-container is-layout-flow wp-block-cover-is-layout-flow\">\n<p class=\"has-text-align-center has-contrast-light-color has-text-color has-link-color wp-elements-efc9509ca7adfc9e39f1edfc5a4e7943\" style=\"font-size:clamp(16.293px, 1.018rem + ((1vw - 3.2px) * 0.989), 25px);\"><strong><a href=\"https:\/\/newsarovia.com\/pt\/taxes-and-government-salaries\/\">Impostos e Sal\u00e1rios do Governo<\/a><\/strong><\/p>\n<\/div><\/div>\n<\/div>\n\n\n\n<div class=\"wp-block-column is-layout-flow wp-block-column-is-layout-flow\">\n<div class=\"wp-block-cover is-light\" style=\"min-height:276px;aspect-ratio:unset;\"><img loading=\"lazy\" decoding=\"async\" width=\"1242\" height=\"1422\" class=\"wp-block-cover__image-background wp-image-1990\" alt=\"\" src=\"https:\/\/newsarovia.com\/wp-content\/uploads\/2025\/02\/Finance2.png\" data-object-fit=\"cover\" srcset=\"https:\/\/newsarovia.com\/wp-content\/uploads\/2025\/02\/Finance2.png 1242w, https:\/\/newsarovia.com\/wp-content\/uploads\/2025\/02\/Finance2-262x300.png 262w, https:\/\/newsarovia.com\/wp-content\/uploads\/2025\/02\/Finance2-894x1024.png 894w, https:\/\/newsarovia.com\/wp-content\/uploads\/2025\/02\/Finance2-768x879.png 768w\" sizes=\"auto, (max-width: 1242px) 100vw, 1242px\" \/><span aria-hidden=\"true\" class=\"wp-block-cover__background has-background-dim-80 has-background-dim\" style=\"background-color:#7cbb8b\"><\/span><div class=\"wp-block-cover__inner-container is-layout-flow wp-block-cover-is-layout-flow\">\n<p class=\"has-text-align-center has-contrast-light-color has-text-color has-link-color wp-elements-ab17f4c05207e12392bfb3bcb97270d4\" style=\"font-size:clamp(16.293px, 1.018rem + ((1vw - 3.2px) * 0.989), 25px);\"><strong><strong><strong><a href=\"https:\/\/newsarovia.com\/pt\/the-saro-gralat-exchange\/\">A Troca Saro-Gralat<\/a><\/strong><\/strong><\/strong><\/p>\n<\/div><\/div>\n<\/div>\n\n\n\n<div class=\"wp-block-column is-layout-flow wp-block-column-is-layout-flow\">\n<div class=\"wp-block-cover is-light\" style=\"min-height:276px;aspect-ratio:unset;\"><img loading=\"lazy\" decoding=\"async\" width=\"1242\" height=\"1422\" class=\"wp-block-cover__image-background wp-image-1990\" alt=\"\" src=\"https:\/\/newsarovia.com\/wp-content\/uploads\/2025\/02\/Finance2.png\" data-object-fit=\"cover\" srcset=\"https:\/\/newsarovia.com\/wp-content\/uploads\/2025\/02\/Finance2.png 1242w, https:\/\/newsarovia.com\/wp-content\/uploads\/2025\/02\/Finance2-262x300.png 262w, https:\/\/newsarovia.com\/wp-content\/uploads\/2025\/02\/Finance2-894x1024.png 894w, https:\/\/newsarovia.com\/wp-content\/uploads\/2025\/02\/Finance2-768x879.png 768w\" sizes=\"auto, (max-width: 1242px) 100vw, 1242px\" \/><span aria-hidden=\"true\" class=\"wp-block-cover__background has-background-dim-80 has-background-dim\" style=\"background-color:#7cbb8b\"><\/span><div class=\"wp-block-cover__inner-container is-layout-flow wp-block-cover-is-layout-flow\">\n<p class=\"has-text-align-center has-contrast-light-color has-text-color has-link-color wp-elements-43fb329a64ea941532bca3d5bf5ddb4d\" style=\"font-size:clamp(16.293px, 1.018rem + ((1vw - 3.2px) * 0.989), 25px);\"><strong><a href=\"https:\/\/newsarovia.com\/pt\/sarovian-businesses\/\">Empresas Sarovianas<\/a><\/strong><\/p>\n<\/div><\/div>\n<\/div>\n<\/div>\n\n\n\n<p><\/p>\n","protected":false},"excerpt":{"rendered":"<p>PREF\u00c1CIO MINISTERIAL Como Ministora eui Fisnace, tenho muitas fun\u00e7\u00f5es dentro do Imp\u00e9rio, trabalhando lado a lado n\u00e3o apenas com meus outros Ministros, mas tamb\u00e9m com a comunidade. Nossa economia \u00e9 administrada inteiramente em nosso Imp\u00e9rio, sem conselhos externos, e temos muito orgulho disso. Organizo e garanto que a nossa Troca Saro-Gralat funcione sem problemas e [&hellip;]<\/p>\n","protected":false},"author":2,"featured_media":0,"parent":0,"menu_order":0,"comment_status":"closed","ping_status":"closed","template":"","meta":{"footnotes":""},"class_list":["post-1989","page","type-page","status-publish","hentry"],"yoast_head":"<!-- This site is optimized with the Yoast SEO plugin v27.5 - https:\/\/yoast.com\/product\/yoast-seo-wordpress\/ -->\n<title>Ministe eui Fisnace - SMI Gouverna<\/title>\n<meta name=\"robots\" content=\"index, follow, max-snippet:-1, max-image-preview:large, max-video-preview:-1\" \/>\n<link rel=\"canonical\" href=\"https:\/\/newsarovia.com\/pt\/ministry-of-finance\/\" \/>\n<meta property=\"og:locale\" content=\"pt_BR\" \/>\n<meta property=\"og:locale:alternate\" content=\"en_US\" \/>\n<meta property=\"og:type\" content=\"article\" \/>\n<meta property=\"og:title\" content=\"Ministe eui Fisnace\" \/>\n<meta property=\"og:description\" content=\"PREF\u00c1CIO MINISTERIAL Como Ministora eui Fisnace, tenho muitas fun\u00e7\u00f5es dentro do Imp\u00e9rio, trabalhando lado a lado n\u00e3o apenas com meus outros Ministros, mas tamb\u00e9m com a comunidade. Nossa economia \u00e9 administrada inteiramente em nosso Imp\u00e9rio, sem conselhos externos, e temos muito orgulho disso. Organizo e garanto que a nossa Troca Saro-Gralat funcione sem problemas e [&hellip;]\" \/>\n<meta property=\"og:url\" content=\"https:\/\/newsarovia.com\/pt\/ministry-of-finance\/\" \/>\n<meta property=\"og:site_name\" content=\"SMI Gouverna\" \/>\n<meta property=\"article:modified_time\" content=\"2025-05-11T04:57:48+00:00\" \/>\n<meta property=\"og:image\" content=\"https:\/\/newsarovia.com\/wp-content\/uploads\/2025\/05\/baidera-red-1024x1024.png\" \/>\n\t<meta property=\"og:image:width\" content=\"1024\" \/>\n\t<meta property=\"og:image:height\" content=\"1024\" \/>\n\t<meta property=\"og:image:type\" content=\"image\/png\" \/>\n<meta name=\"twitter:card\" content=\"summary_large_image\" \/>\n<script type=\"application\/ld+json\" class=\"yoast-schema-graph\">{\"@context\":\"https:\\\/\\\/schema.org\",\"@graph\":[{\"@type\":\"WebPage\",\"@id\":\"https:\\\/\\\/newsarovia.com\\\/ministry-of-finance\\\/\",\"url\":\"https:\\\/\\\/newsarovia.com\\\/ministry-of-finance\\\/\",\"name\":\"Ministe eui Fisnace\",\"isPartOf\":{\"@id\":\"https:\\\/\\\/newsarovia.com\\\/#website\"},\"primaryImageOfPage\":{\"@id\":\"https:\\\/\\\/newsarovia.com\\\/ministry-of-finance\\\/#primaryimage\"},\"image\":{\"@id\":\"https:\\\/\\\/newsarovia.com\\\/ministry-of-finance\\\/#primaryimage\"},\"thumbnailUrl\":\"https:\\\/\\\/newsarovia.com\\\/wp-content\\\/uploads\\\/2025\\\/05\\\/baidera-red-1024x1024.png\",\"datePublished\":\"2025-02-09T20:10:44+00:00\",\"dateModified\":\"2025-05-11T04:57:48+00:00\",\"breadcrumb\":{\"@id\":\"https:\\\/\\\/newsarovia.com\\\/ministry-of-finance\\\/#breadcrumb\"},\"inLanguage\":\"pt-BR\",\"potentialAction\":[{\"@type\":\"ReadAction\",\"target\":[\"https:\\\/\\\/newsarovia.com\\\/ministry-of-finance\\\/\"]}]},{\"@type\":\"ImageObject\",\"inLanguage\":\"pt-BR\",\"@id\":\"https:\\\/\\\/newsarovia.com\\\/ministry-of-finance\\\/#primaryimage\",\"url\":\"https:\\\/\\\/newsarovia.com\\\/wp-content\\\/uploads\\\/2025\\\/05\\\/baidera-red-1024x1024.png\",\"contentUrl\":\"https:\\\/\\\/newsarovia.com\\\/wp-content\\\/uploads\\\/2025\\\/05\\\/baidera-red-1024x1024.png\"},{\"@type\":\"BreadcrumbList\",\"@id\":\"https:\\\/\\\/newsarovia.com\\\/ministry-of-finance\\\/#breadcrumb\",\"itemListElement\":[{\"@type\":\"ListItem\",\"position\":1,\"name\":\"Home\",\"item\":\"https:\\\/\\\/newsarovia.com\\\/\"},{\"@type\":\"ListItem\",\"position\":2,\"name\":\"Ministe eui Fisnace\"}]},{\"@type\":\"WebSite\",\"@id\":\"https:\\\/\\\/newsarovia.com\\\/#website\",\"url\":\"https:\\\/\\\/newsarovia.com\\\/\",\"name\":\"SMI Gouverna\",\"description\":\"\",\"publisher\":{\"@id\":\"https:\\\/\\\/newsarovia.com\\\/#organization\"},\"potentialAction\":[{\"@type\":\"SearchAction\",\"target\":{\"@type\":\"EntryPoint\",\"urlTemplate\":\"https:\\\/\\\/newsarovia.com\\\/?s={search_term_string}\"},\"query-input\":{\"@type\":\"PropertyValueSpecification\",\"valueRequired\":true,\"valueName\":\"search_term_string\"}}],\"inLanguage\":\"pt-BR\"},{\"@type\":\"Organization\",\"@id\":\"https:\\\/\\\/newsarovia.com\\\/#organization\",\"name\":\"Gouverna do Seito Majis Imperial\",\"url\":\"https:\\\/\\\/newsarovia.com\\\/\",\"logo\":{\"@type\":\"ImageObject\",\"inLanguage\":\"pt-BR\",\"@id\":\"https:\\\/\\\/newsarovia.com\\\/#\\\/schema\\\/logo\\\/image\\\/\",\"url\":\"https:\\\/\\\/newsarovia.com\\\/wp-content\\\/uploads\\\/2025\\\/01\\\/Sarovia-Logo-Words.png\",\"contentUrl\":\"https:\\\/\\\/newsarovia.com\\\/wp-content\\\/uploads\\\/2025\\\/01\\\/Sarovia-Logo-Words.png\",\"width\":9985,\"height\":2274,\"caption\":\"Gouverna do Seito Majis Imperial\"},\"image\":{\"@id\":\"https:\\\/\\\/newsarovia.com\\\/#\\\/schema\\\/logo\\\/image\\\/\"}}]}<\/script>\n<!-- \/ Yoast SEO plugin. -->","yoast_head_json":{"title":"Ministe eui Fisnace - SMI Gouverna","robots":{"index":"index","follow":"follow","max-snippet":"max-snippet:-1","max-image-preview":"max-image-preview:large","max-video-preview":"max-video-preview:-1"},"canonical":"https:\/\/newsarovia.com\/pt\/ministry-of-finance\/","og_locale":"pt_BR","og_type":"article","og_title":"[:en]Ministe eui Fisnace[:pt]Ministe eui Fisnace[:] - SMI Gouverna","og_description":"PREF\u00c1CIO MINISTERIAL Como Ministora eui Fisnace, tenho muitas fun\u00e7\u00f5es dentro do Imp\u00e9rio, trabalhando lado a lado n\u00e3o apenas com meus outros Ministros, mas tamb\u00e9m com a comunidade. Nossa economia \u00e9 administrada inteiramente em nosso Imp\u00e9rio, sem conselhos externos, e temos muito orgulho disso. Organizo e garanto que a nossa Troca Saro-Gralat funcione sem problemas e [&hellip;]","og_url":"https:\/\/newsarovia.com\/pt\/ministry-of-finance\/","og_site_name":"SMI Gouverna","article_modified_time":"2025-05-11T04:57:48+00:00","og_image":[{"width":1024,"height":1024,"url":"https:\/\/newsarovia.com\/wp-content\/uploads\/2025\/05\/baidera-red-1024x1024.png","type":"image\/png"}],"twitter_card":"summary_large_image","schema":{"@context":"https:\/\/schema.org","@graph":[{"@type":"WebPage","@id":"https:\/\/newsarovia.com\/ministry-of-finance\/","url":"https:\/\/newsarovia.com\/ministry-of-finance\/","name":"Ministe eui Fisnace","isPartOf":{"@id":"https:\/\/newsarovia.com\/#website"},"primaryImageOfPage":{"@id":"https:\/\/newsarovia.com\/ministry-of-finance\/#primaryimage"},"image":{"@id":"https:\/\/newsarovia.com\/ministry-of-finance\/#primaryimage"},"thumbnailUrl":"https:\/\/newsarovia.com\/wp-content\/uploads\/2025\/05\/baidera-red-1024x1024.png","datePublished":"2025-02-09T20:10:44+00:00","dateModified":"2025-05-11T04:57:48+00:00","breadcrumb":{"@id":"https:\/\/newsarovia.com\/ministry-of-finance\/#breadcrumb"},"inLanguage":"pt-BR","potentialAction":[{"@type":"ReadAction","target":["https:\/\/newsarovia.com\/ministry-of-finance\/"]}]},{"@type":"ImageObject","inLanguage":"pt-BR","@id":"https:\/\/newsarovia.com\/ministry-of-finance\/#primaryimage","url":"https:\/\/newsarovia.com\/wp-content\/uploads\/2025\/05\/baidera-red-1024x1024.png","contentUrl":"https:\/\/newsarovia.com\/wp-content\/uploads\/2025\/05\/baidera-red-1024x1024.png"},{"@type":"BreadcrumbList","@id":"https:\/\/newsarovia.com\/ministry-of-finance\/#breadcrumb","itemListElement":[{"@type":"ListItem","position":1,"name":"Home","item":"https:\/\/newsarovia.com\/"},{"@type":"ListItem","position":2,"name":"Ministe eui Fisnace"}]},{"@type":"WebSite","@id":"https:\/\/newsarovia.com\/#website","url":"https:\/\/newsarovia.com\/","name":"SMI Gouverna","description":"","publisher":{"@id":"https:\/\/newsarovia.com\/#organization"},"potentialAction":[{"@type":"SearchAction","target":{"@type":"EntryPoint","urlTemplate":"https:\/\/newsarovia.com\/?s={search_term_string}"},"query-input":{"@type":"PropertyValueSpecification","valueRequired":true,"valueName":"search_term_string"}}],"inLanguage":"pt-BR"},{"@type":"Organization","@id":"https:\/\/newsarovia.com\/#organization","name":"Gouverna do Seito Majis Imperial","url":"https:\/\/newsarovia.com\/","logo":{"@type":"ImageObject","inLanguage":"pt-BR","@id":"https:\/\/newsarovia.com\/#\/schema\/logo\/image\/","url":"https:\/\/newsarovia.com\/wp-content\/uploads\/2025\/01\/Sarovia-Logo-Words.png","contentUrl":"https:\/\/newsarovia.com\/wp-content\/uploads\/2025\/01\/Sarovia-Logo-Words.png","width":9985,"height":2274,"caption":"Gouverna do Seito Majis Imperial"},"image":{"@id":"https:\/\/newsarovia.com\/#\/schema\/logo\/image\/"}}]}},"_links":{"self":[{"href":"https:\/\/newsarovia.com\/pt\/wp-json\/wp\/v2\/pages\/1989","targetHints":{"allow":["GET"]}}],"collection":[{"href":"https:\/\/newsarovia.com\/pt\/wp-json\/wp\/v2\/pages"}],"about":[{"href":"https:\/\/newsarovia.com\/pt\/wp-json\/wp\/v2\/types\/page"}],"author":[{"embeddable":true,"href":"https:\/\/newsarovia.com\/pt\/wp-json\/wp\/v2\/users\/2"}],"replies":[{"embeddable":true,"href":"https:\/\/newsarovia.com\/pt\/wp-json\/wp\/v2\/comments?post=1989"}],"version-history":[{"count":5,"href":"https:\/\/newsarovia.com\/pt\/wp-json\/wp\/v2\/pages\/1989\/revisions"}],"predecessor-version":[{"id":3102,"href":"https:\/\/newsarovia.com\/pt\/wp-json\/wp\/v2\/pages\/1989\/revisions\/3102"}],"wp:attachment":[{"href":"https:\/\/newsarovia.com\/pt\/wp-json\/wp\/v2\/media?parent=1989"}],"curies":[{"name":"wp","href":"https:\/\/api.w.org\/{rel}","templated":true}]}}