{"id":1996,"date":"2025-02-11T03:49:18","date_gmt":"2025-02-11T03:49:18","guid":{"rendered":"https:\/\/newsarovia.com\/?page_id=1996"},"modified":"2025-05-11T04:40:13","modified_gmt":"2025-05-11T04:40:13","slug":"ministry-of-foreign-affairs","status":"publish","type":"page","link":"https:\/\/newsarovia.com\/pt\/ministry-of-foreign-affairs\/","title":{"rendered":"Ministe eui Fasitios Etasora"},"content":{"rendered":"\n<div class=\"wp-block-columns is-layout-flex wp-container-core-columns-is-layout-28f84493 wp-block-columns-is-layout-flex\">\n<div class=\"wp-block-column is-layout-flow wp-block-column-is-layout-flow\" style=\"flex-basis:33.33%\">\n<figure class=\"wp-block-image size-large is-style-default\"><img loading=\"lazy\" decoding=\"async\" width=\"1024\" height=\"1024\" src=\"https:\/\/newsarovia.com\/wp-content\/uploads\/2025\/03\/John_Minister-1024x1024.png\" alt=\"\" class=\"wp-image-2654\" srcset=\"https:\/\/newsarovia.com\/wp-content\/uploads\/2025\/03\/John_Minister-1024x1024.png 1024w, https:\/\/newsarovia.com\/wp-content\/uploads\/2025\/03\/John_Minister-300x300.png 300w, https:\/\/newsarovia.com\/wp-content\/uploads\/2025\/03\/John_Minister-150x150.png 150w, https:\/\/newsarovia.com\/wp-content\/uploads\/2025\/03\/John_Minister-768x768.png 768w, https:\/\/newsarovia.com\/wp-content\/uploads\/2025\/03\/John_Minister-1536x1536.png 1536w, https:\/\/newsarovia.com\/wp-content\/uploads\/2025\/03\/John_Minister.png 2048w\" sizes=\"auto, (max-width: 1024px) 100vw, 1024px\" \/><\/figure>\n<\/div>\n\n\n\n<div class=\"wp-block-column is-layout-flow wp-block-column-is-layout-flow\" style=\"flex-basis:66.66%\">\n<h2 class=\"wp-block-heading has-primary-color has-text-color has-link-color wp-elements-00b7b459c2a5ed26dba6171d7d0ffbec\" style=\"font-size:clamp(15.747px, 0.984rem + ((1vw - 3.2px) * 0.938), 24px);\">PREF\u00c1CIO MINISTERIAL<\/h2>\n\n\n\n<p class=\"has-superbfont-small-font-size\">Como <em>Sacretelle Etasora<\/em>, entendo muito bem que Sarovia foi constru\u00edda com base no desenvolvimento cont\u00ednuo, especialmente diante da adversidade. Atrav\u00e9s da nossa atual &#8220;crise clim\u00e1tica&#8221; no Graal, cabe a n\u00f3s trabalhar para o desenvolvimento de uma Sarovia forte e eficaz, respeitada em todo o mundo. Desde que comecei meu mandato nesta fun\u00e7\u00e3o, tenho me dedicado totalmente a encontrar novos parceiros para o Imp\u00e9rio &#8211; tanto fora quanto dentro dele. Procuro continuar esse esfor\u00e7o, aumentar nossa lista de tratados e acordos internacionais, garantir que os existentes sejam respeitados e, o mais importante, aderir e desenvolver o Plano de Assuntos Globais <em>Sarovia 2026<\/em>. Pode ler sobre meu trabalho e o trabalho da minha equipe diplom\u00e1tica em constante crescimento nesta p\u00e1gina; se voc\u00ea \u00e9 um diplomata estrangeiro que busca se envolver em rela\u00e7\u00f5es com Sarovia, este tamb\u00e9m \u00e9 o lugar certo.<\/p>\n<\/div>\n<\/div>\n\n\n\n<hr class=\"wp-block-separator has-alpha-channel-opacity is-style-wide\"\/>\n\n\n\n<div style=\"height:18px\" aria-hidden=\"true\" class=\"wp-block-spacer\"><\/div>\n\n\n\n<div class=\"wp-block-columns is-layout-flex wp-container-core-columns-is-layout-28f84493 wp-block-columns-is-layout-flex\">\n<div class=\"wp-block-column is-layout-flow wp-block-column-is-layout-flow\">\n<div class=\"wp-block-cover is-light\" style=\"min-height:276px;aspect-ratio:unset;\"><img loading=\"lazy\" decoding=\"async\" width=\"1242\" height=\"1422\" class=\"wp-block-cover__image-background wp-image-1997\" alt=\"\" src=\"https:\/\/newsarovia.com\/wp-content\/uploads\/2025\/02\/Foreign-Affairs2.png\" data-object-fit=\"cover\" srcset=\"https:\/\/newsarovia.com\/wp-content\/uploads\/2025\/02\/Foreign-Affairs2.png 1242w, https:\/\/newsarovia.com\/wp-content\/uploads\/2025\/02\/Foreign-Affairs2-262x300.png 262w, https:\/\/newsarovia.com\/wp-content\/uploads\/2025\/02\/Foreign-Affairs2-894x1024.png 894w, https:\/\/newsarovia.com\/wp-content\/uploads\/2025\/02\/Foreign-Affairs2-768x879.png 768w\" sizes=\"auto, (max-width: 1242px) 100vw, 1242px\" \/><span aria-hidden=\"true\" class=\"wp-block-cover__background has-background-dim-90 has-background-dim\" style=\"background-color:#849395\"><\/span><div class=\"wp-block-cover__inner-container is-layout-flow wp-block-cover-is-layout-flow\">\n<p class=\"has-text-align-center has-contrast-light-color has-text-color has-link-color wp-elements-6ecb84b8e74227bbb22f685b0daecfb9\" style=\"font-size:clamp(16.293px, 1.018rem + ((1vw - 3.2px) * 0.989), 25px);\"><strong><a href=\"https:\/\/newsarovia.com\/pt\/foreign-affairs-log\/\">Registro Diplom\u00e1tico<\/a><\/strong><\/p>\n<\/div><\/div>\n<\/div>\n\n\n\n<div class=\"wp-block-column is-layout-flow wp-block-column-is-layout-flow\">\n<div class=\"wp-block-cover is-light\" style=\"min-height:276px;aspect-ratio:unset;\"><img loading=\"lazy\" decoding=\"async\" width=\"1242\" height=\"1422\" class=\"wp-block-cover__image-background wp-image-1997\" alt=\"\" src=\"https:\/\/newsarovia.com\/wp-content\/uploads\/2025\/02\/Foreign-Affairs2.png\" data-object-fit=\"cover\" srcset=\"https:\/\/newsarovia.com\/wp-content\/uploads\/2025\/02\/Foreign-Affairs2.png 1242w, https:\/\/newsarovia.com\/wp-content\/uploads\/2025\/02\/Foreign-Affairs2-262x300.png 262w, https:\/\/newsarovia.com\/wp-content\/uploads\/2025\/02\/Foreign-Affairs2-894x1024.png 894w, https:\/\/newsarovia.com\/wp-content\/uploads\/2025\/02\/Foreign-Affairs2-768x879.png 768w\" sizes=\"auto, (max-width: 1242px) 100vw, 1242px\" \/><span aria-hidden=\"true\" class=\"wp-block-cover__background has-background-dim-90 has-background-dim\" style=\"background-color:#849395\"><\/span><div class=\"wp-block-cover__inner-container is-layout-flow wp-block-cover-is-layout-flow\">\n<p class=\"has-text-align-center has-contrast-light-color has-text-color has-link-color wp-elements-6c876301f60b0b80518b06cd4b7cc959\" style=\"font-size:clamp(16.293px, 1.018rem + ((1vw - 3.2px) * 0.989), 25px);\"><strong><a href=\"https:\/\/newsarovia.com\/pt\/treaties-and-international-agreements\/\">Tratados e Acordos Internacionais<\/a><\/strong><\/p>\n<\/div><\/div>\n<\/div>\n\n\n\n<div class=\"wp-block-column is-layout-flow wp-block-column-is-layout-flow\">\n<div class=\"wp-block-cover is-light\" style=\"min-height:276px;aspect-ratio:unset;\"><img loading=\"lazy\" decoding=\"async\" width=\"1242\" height=\"1422\" class=\"wp-block-cover__image-background wp-image-1997\" alt=\"\" src=\"https:\/\/newsarovia.com\/wp-content\/uploads\/2025\/02\/Foreign-Affairs2.png\" data-object-fit=\"cover\" srcset=\"https:\/\/newsarovia.com\/wp-content\/uploads\/2025\/02\/Foreign-Affairs2.png 1242w, https:\/\/newsarovia.com\/wp-content\/uploads\/2025\/02\/Foreign-Affairs2-262x300.png 262w, https:\/\/newsarovia.com\/wp-content\/uploads\/2025\/02\/Foreign-Affairs2-894x1024.png 894w, https:\/\/newsarovia.com\/wp-content\/uploads\/2025\/02\/Foreign-Affairs2-768x879.png 768w\" sizes=\"auto, (max-width: 1242px) 100vw, 1242px\" \/><span aria-hidden=\"true\" class=\"wp-block-cover__background has-background-dim-90 has-background-dim\" style=\"background-color:#849395\"><\/span><div class=\"wp-block-cover__inner-container is-layout-flow wp-block-cover-is-layout-flow\">\n<p class=\"has-text-align-center has-contrast-light-color has-text-color has-link-color wp-elements-1e602a88ddcde8dec6c3e79b26ff7bb6\" style=\"font-size:clamp(16.293px, 1.018rem + ((1vw - 3.2px) * 0.989), 25px);\"><strong><strong><strong><a href=\"https:\/\/newsarovia.com\/pt\/exchange-of-diplomats\/\">Interc\u00e2mbio de Diplomatas<\/a><\/strong><\/strong><\/strong><\/p>\n<\/div><\/div>\n<\/div>\n\n\n\n<div class=\"wp-block-column is-layout-flow wp-block-column-is-layout-flow\">\n<div class=\"wp-block-cover is-light\" style=\"min-height:276px;aspect-ratio:unset;\"><img loading=\"lazy\" decoding=\"async\" width=\"1242\" height=\"1422\" class=\"wp-block-cover__image-background wp-image-1997\" alt=\"\" src=\"https:\/\/newsarovia.com\/wp-content\/uploads\/2025\/02\/Foreign-Affairs2.png\" data-object-fit=\"cover\" srcset=\"https:\/\/newsarovia.com\/wp-content\/uploads\/2025\/02\/Foreign-Affairs2.png 1242w, https:\/\/newsarovia.com\/wp-content\/uploads\/2025\/02\/Foreign-Affairs2-262x300.png 262w, https:\/\/newsarovia.com\/wp-content\/uploads\/2025\/02\/Foreign-Affairs2-894x1024.png 894w, https:\/\/newsarovia.com\/wp-content\/uploads\/2025\/02\/Foreign-Affairs2-768x879.png 768w\" sizes=\"auto, (max-width: 1242px) 100vw, 1242px\" \/><span aria-hidden=\"true\" class=\"wp-block-cover__background has-background-dim-90 has-background-dim\" style=\"background-color:#849395\"><\/span><div class=\"wp-block-cover__inner-container is-layout-flow wp-block-cover-is-layout-flow\">\n<p class=\"has-text-align-center has-contrast-light-color has-text-color has-link-color wp-elements-3c4561f4844eb9aa6937cf9a199e3867\" style=\"font-size:clamp(16.293px, 1.018rem + ((1vw - 3.2px) * 0.989), 25px);\"><strong><a href=\"https:\/\/newsarovia.com\/pt\/sarovia-2026-global-affairs-plan\/\">Sarovia 2026: Plano dos Assuntos Globais<\/a><\/strong><\/p>\n<\/div><\/div>\n<\/div>\n<\/div>\n\n\n\n<p><\/p>\n","protected":false},"excerpt":{"rendered":"<p>PREF\u00c1CIO MINISTERIAL Como Sacretelle Etasora, entendo muito bem que Sarovia foi constru\u00edda com base no desenvolvimento cont\u00ednuo, especialmente diante da adversidade. Atrav\u00e9s da nossa atual &#8220;crise clim\u00e1tica&#8221; no Graal, cabe a n\u00f3s trabalhar para o desenvolvimento de uma Sarovia forte e eficaz, respeitada em todo o mundo. Desde que comecei meu mandato nesta fun\u00e7\u00e3o, tenho [&hellip;]<\/p>\n","protected":false},"author":2,"featured_media":0,"parent":0,"menu_order":0,"comment_status":"closed","ping_status":"closed","template":"","meta":{"footnotes":""},"class_list":["post-1996","page","type-page","status-publish","hentry"],"yoast_head":"<!-- This site is optimized with the Yoast SEO plugin v27.5 - https:\/\/yoast.com\/product\/yoast-seo-wordpress\/ -->\n<title>Ministe eui Fasitios Etasora - SMI Gouverna<\/title>\n<meta name=\"robots\" content=\"index, follow, max-snippet:-1, max-image-preview:large, max-video-preview:-1\" \/>\n<link rel=\"canonical\" href=\"https:\/\/newsarovia.com\/pt\/ministry-of-foreign-affairs\/\" \/>\n<meta property=\"og:locale\" content=\"pt_BR\" \/>\n<meta property=\"og:locale:alternate\" content=\"en_US\" \/>\n<meta property=\"og:type\" content=\"article\" \/>\n<meta property=\"og:title\" content=\"Ministe eui Fasitios Etasora\" \/>\n<meta property=\"og:description\" content=\"PREF\u00c1CIO MINISTERIAL Como Sacretelle Etasora, entendo muito bem que Sarovia foi constru\u00edda com base no desenvolvimento cont\u00ednuo, especialmente diante da adversidade. Atrav\u00e9s da nossa atual &#8220;crise clim\u00e1tica&#8221; no Graal, cabe a n\u00f3s trabalhar para o desenvolvimento de uma Sarovia forte e eficaz, respeitada em todo o mundo. Desde que comecei meu mandato nesta fun\u00e7\u00e3o, tenho [&hellip;]\" \/>\n<meta property=\"og:url\" content=\"https:\/\/newsarovia.com\/pt\/ministry-of-foreign-affairs\/\" \/>\n<meta property=\"og:site_name\" content=\"SMI Gouverna\" \/>\n<meta property=\"article:modified_time\" content=\"2025-05-11T04:40:13+00:00\" \/>\n<meta property=\"og:image\" content=\"https:\/\/newsarovia.com\/wp-content\/uploads\/2025\/03\/John_Minister.png\" \/>\n\t<meta property=\"og:image:width\" content=\"2048\" \/>\n\t<meta property=\"og:image:height\" content=\"2048\" \/>\n\t<meta property=\"og:image:type\" content=\"image\/png\" \/>\n<meta name=\"twitter:card\" content=\"summary_large_image\" \/>\n<script type=\"application\/ld+json\" class=\"yoast-schema-graph\">{\"@context\":\"https:\\\/\\\/schema.org\",\"@graph\":[{\"@type\":\"WebPage\",\"@id\":\"https:\\\/\\\/newsarovia.com\\\/ministry-of-foreign-affairs\\\/\",\"url\":\"https:\\\/\\\/newsarovia.com\\\/ministry-of-foreign-affairs\\\/\",\"name\":\"Ministe eui Fasitios Etasora\",\"isPartOf\":{\"@id\":\"https:\\\/\\\/newsarovia.com\\\/#website\"},\"primaryImageOfPage\":{\"@id\":\"https:\\\/\\\/newsarovia.com\\\/ministry-of-foreign-affairs\\\/#primaryimage\"},\"image\":{\"@id\":\"https:\\\/\\\/newsarovia.com\\\/ministry-of-foreign-affairs\\\/#primaryimage\"},\"thumbnailUrl\":\"https:\\\/\\\/newsarovia.com\\\/wp-content\\\/uploads\\\/2025\\\/03\\\/John_Minister-1024x1024.png\",\"datePublished\":\"2025-02-11T03:49:18+00:00\",\"dateModified\":\"2025-05-11T04:40:13+00:00\",\"breadcrumb\":{\"@id\":\"https:\\\/\\\/newsarovia.com\\\/ministry-of-foreign-affairs\\\/#breadcrumb\"},\"inLanguage\":\"pt-BR\",\"potentialAction\":[{\"@type\":\"ReadAction\",\"target\":[\"https:\\\/\\\/newsarovia.com\\\/ministry-of-foreign-affairs\\\/\"]}]},{\"@type\":\"ImageObject\",\"inLanguage\":\"pt-BR\",\"@id\":\"https:\\\/\\\/newsarovia.com\\\/ministry-of-foreign-affairs\\\/#primaryimage\",\"url\":\"https:\\\/\\\/newsarovia.com\\\/wp-content\\\/uploads\\\/2025\\\/03\\\/John_Minister-1024x1024.png\",\"contentUrl\":\"https:\\\/\\\/newsarovia.com\\\/wp-content\\\/uploads\\\/2025\\\/03\\\/John_Minister-1024x1024.png\"},{\"@type\":\"BreadcrumbList\",\"@id\":\"https:\\\/\\\/newsarovia.com\\\/ministry-of-foreign-affairs\\\/#breadcrumb\",\"itemListElement\":[{\"@type\":\"ListItem\",\"position\":1,\"name\":\"Home\",\"item\":\"https:\\\/\\\/newsarovia.com\\\/\"},{\"@type\":\"ListItem\",\"position\":2,\"name\":\"Ministe eui Fasitios Etasora\"}]},{\"@type\":\"WebSite\",\"@id\":\"https:\\\/\\\/newsarovia.com\\\/#website\",\"url\":\"https:\\\/\\\/newsarovia.com\\\/\",\"name\":\"SMI Gouverna\",\"description\":\"\",\"publisher\":{\"@id\":\"https:\\\/\\\/newsarovia.com\\\/#organization\"},\"potentialAction\":[{\"@type\":\"SearchAction\",\"target\":{\"@type\":\"EntryPoint\",\"urlTemplate\":\"https:\\\/\\\/newsarovia.com\\\/?s={search_term_string}\"},\"query-input\":{\"@type\":\"PropertyValueSpecification\",\"valueRequired\":true,\"valueName\":\"search_term_string\"}}],\"inLanguage\":\"pt-BR\"},{\"@type\":\"Organization\",\"@id\":\"https:\\\/\\\/newsarovia.com\\\/#organization\",\"name\":\"Gouverna do Seito Majis Imperial\",\"url\":\"https:\\\/\\\/newsarovia.com\\\/\",\"logo\":{\"@type\":\"ImageObject\",\"inLanguage\":\"pt-BR\",\"@id\":\"https:\\\/\\\/newsarovia.com\\\/#\\\/schema\\\/logo\\\/image\\\/\",\"url\":\"https:\\\/\\\/newsarovia.com\\\/wp-content\\\/uploads\\\/2025\\\/01\\\/Sarovia-Logo-Words.png\",\"contentUrl\":\"https:\\\/\\\/newsarovia.com\\\/wp-content\\\/uploads\\\/2025\\\/01\\\/Sarovia-Logo-Words.png\",\"width\":9985,\"height\":2274,\"caption\":\"Gouverna do Seito Majis Imperial\"},\"image\":{\"@id\":\"https:\\\/\\\/newsarovia.com\\\/#\\\/schema\\\/logo\\\/image\\\/\"}}]}<\/script>\n<!-- \/ Yoast SEO plugin. -->","yoast_head_json":{"title":"Ministe eui Fasitios Etasora - SMI Gouverna","robots":{"index":"index","follow":"follow","max-snippet":"max-snippet:-1","max-image-preview":"max-image-preview:large","max-video-preview":"max-video-preview:-1"},"canonical":"https:\/\/newsarovia.com\/pt\/ministry-of-foreign-affairs\/","og_locale":"pt_BR","og_type":"article","og_title":"[:en]Ministe eui Fasitios Etasora[:pt]Ministe eui Fasitios Etasora[:] - SMI Gouverna","og_description":"PREF\u00c1CIO MINISTERIAL Como Sacretelle Etasora, entendo muito bem que Sarovia foi constru\u00edda com base no desenvolvimento cont\u00ednuo, especialmente diante da adversidade. Atrav\u00e9s da nossa atual &#8220;crise clim\u00e1tica&#8221; no Graal, cabe a n\u00f3s trabalhar para o desenvolvimento de uma Sarovia forte e eficaz, respeitada em todo o mundo. Desde que comecei meu mandato nesta fun\u00e7\u00e3o, tenho [&hellip;]","og_url":"https:\/\/newsarovia.com\/pt\/ministry-of-foreign-affairs\/","og_site_name":"SMI Gouverna","article_modified_time":"2025-05-11T04:40:13+00:00","og_image":[{"width":2048,"height":2048,"url":"https:\/\/newsarovia.com\/wp-content\/uploads\/2025\/03\/John_Minister.png","type":"image\/png"}],"twitter_card":"summary_large_image","schema":{"@context":"https:\/\/schema.org","@graph":[{"@type":"WebPage","@id":"https:\/\/newsarovia.com\/ministry-of-foreign-affairs\/","url":"https:\/\/newsarovia.com\/ministry-of-foreign-affairs\/","name":"Ministe eui Fasitios Etasora","isPartOf":{"@id":"https:\/\/newsarovia.com\/#website"},"primaryImageOfPage":{"@id":"https:\/\/newsarovia.com\/ministry-of-foreign-affairs\/#primaryimage"},"image":{"@id":"https:\/\/newsarovia.com\/ministry-of-foreign-affairs\/#primaryimage"},"thumbnailUrl":"https:\/\/newsarovia.com\/wp-content\/uploads\/2025\/03\/John_Minister-1024x1024.png","datePublished":"2025-02-11T03:49:18+00:00","dateModified":"2025-05-11T04:40:13+00:00","breadcrumb":{"@id":"https:\/\/newsarovia.com\/ministry-of-foreign-affairs\/#breadcrumb"},"inLanguage":"pt-BR","potentialAction":[{"@type":"ReadAction","target":["https:\/\/newsarovia.com\/ministry-of-foreign-affairs\/"]}]},{"@type":"ImageObject","inLanguage":"pt-BR","@id":"https:\/\/newsarovia.com\/ministry-of-foreign-affairs\/#primaryimage","url":"https:\/\/newsarovia.com\/wp-content\/uploads\/2025\/03\/John_Minister-1024x1024.png","contentUrl":"https:\/\/newsarovia.com\/wp-content\/uploads\/2025\/03\/John_Minister-1024x1024.png"},{"@type":"BreadcrumbList","@id":"https:\/\/newsarovia.com\/ministry-of-foreign-affairs\/#breadcrumb","itemListElement":[{"@type":"ListItem","position":1,"name":"Home","item":"https:\/\/newsarovia.com\/"},{"@type":"ListItem","position":2,"name":"Ministe eui Fasitios Etasora"}]},{"@type":"WebSite","@id":"https:\/\/newsarovia.com\/#website","url":"https:\/\/newsarovia.com\/","name":"SMI Gouverna","description":"","publisher":{"@id":"https:\/\/newsarovia.com\/#organization"},"potentialAction":[{"@type":"SearchAction","target":{"@type":"EntryPoint","urlTemplate":"https:\/\/newsarovia.com\/?s={search_term_string}"},"query-input":{"@type":"PropertyValueSpecification","valueRequired":true,"valueName":"search_term_string"}}],"inLanguage":"pt-BR"},{"@type":"Organization","@id":"https:\/\/newsarovia.com\/#organization","name":"Gouverna do Seito Majis Imperial","url":"https:\/\/newsarovia.com\/","logo":{"@type":"ImageObject","inLanguage":"pt-BR","@id":"https:\/\/newsarovia.com\/#\/schema\/logo\/image\/","url":"https:\/\/newsarovia.com\/wp-content\/uploads\/2025\/01\/Sarovia-Logo-Words.png","contentUrl":"https:\/\/newsarovia.com\/wp-content\/uploads\/2025\/01\/Sarovia-Logo-Words.png","width":9985,"height":2274,"caption":"Gouverna do Seito Majis Imperial"},"image":{"@id":"https:\/\/newsarovia.com\/#\/schema\/logo\/image\/"}}]}},"_links":{"self":[{"href":"https:\/\/newsarovia.com\/pt\/wp-json\/wp\/v2\/pages\/1996","targetHints":{"allow":["GET"]}}],"collection":[{"href":"https:\/\/newsarovia.com\/pt\/wp-json\/wp\/v2\/pages"}],"about":[{"href":"https:\/\/newsarovia.com\/pt\/wp-json\/wp\/v2\/types\/page"}],"author":[{"embeddable":true,"href":"https:\/\/newsarovia.com\/pt\/wp-json\/wp\/v2\/users\/2"}],"replies":[{"embeddable":true,"href":"https:\/\/newsarovia.com\/pt\/wp-json\/wp\/v2\/comments?post=1996"}],"version-history":[{"count":5,"href":"https:\/\/newsarovia.com\/pt\/wp-json\/wp\/v2\/pages\/1996\/revisions"}],"predecessor-version":[{"id":3095,"href":"https:\/\/newsarovia.com\/pt\/wp-json\/wp\/v2\/pages\/1996\/revisions\/3095"}],"wp:attachment":[{"href":"https:\/\/newsarovia.com\/pt\/wp-json\/wp\/v2\/media?parent=1996"}],"curies":[{"name":"wp","href":"https:\/\/api.w.org\/{rel}","templated":true}]}}