{"id":2062,"date":"2025-02-13T19:08:12","date_gmt":"2025-02-13T19:08:12","guid":{"rendered":"https:\/\/newsarovia.com\/?page_id=2062"},"modified":"2025-06-27T20:29:01","modified_gmt":"2025-06-27T20:29:01","slug":"ministry-of-services","status":"publish","type":"page","link":"https:\/\/newsarovia.com\/pt\/ministry-of-services\/","title":{"rendered":"Ministe eui Sevisos"},"content":{"rendered":"\n<div class=\"wp-block-columns is-layout-flex wp-container-core-columns-is-layout-28f84493 wp-block-columns-is-layout-flex\">\n<div class=\"wp-block-column is-layout-flow wp-block-column-is-layout-flow\" style=\"flex-basis:33.33%\">\n<figure class=\"wp-block-image size-large is-style-default\"><img loading=\"lazy\" decoding=\"async\" width=\"1024\" height=\"1024\" src=\"https:\/\/newsarovia.com\/wp-content\/uploads\/2025\/03\/Albaros_PM-1024x1024.png\" alt=\"\" class=\"wp-image-2646\" srcset=\"https:\/\/newsarovia.com\/wp-content\/uploads\/2025\/03\/Albaros_PM-1024x1024.png 1024w, https:\/\/newsarovia.com\/wp-content\/uploads\/2025\/03\/Albaros_PM-300x300.png 300w, https:\/\/newsarovia.com\/wp-content\/uploads\/2025\/03\/Albaros_PM-150x150.png 150w, https:\/\/newsarovia.com\/wp-content\/uploads\/2025\/03\/Albaros_PM-768x767.png 768w, https:\/\/newsarovia.com\/wp-content\/uploads\/2025\/03\/Albaros_PM-1536x1536.png 1536w, https:\/\/newsarovia.com\/wp-content\/uploads\/2025\/03\/Albaros_PM.png 2048w\" sizes=\"auto, (max-width: 1024px) 100vw, 1024px\" \/><\/figure>\n<\/div>\n\n\n\n<div class=\"wp-block-column is-layout-flow wp-block-column-is-layout-flow\" style=\"flex-basis:66.66%\">\n<h2 class=\"wp-block-heading has-primary-color has-text-color has-link-color wp-elements-00b7b459c2a5ed26dba6171d7d0ffbec\" style=\"font-size:clamp(15.747px, 0.984rem + ((1vw - 3.2px) * 0.938), 24px);\">PREF\u00c1CIO MINISTERIAL<\/h2>\n\n\n\n<p class=\"has-superbfont-small-font-size\">Como <em>Ministoro eui Sevisos<\/em>, reconhe\u00e7o a complexidade de Sarovia, sem falar nas v\u00e1rias institui\u00e7\u00f5es, na\u00e7\u00f5es-filhas e na dicotomia civil\/militar. Uma das coisas mais importantes que o <em>Ministe eui Sevisos<\/em> pode fazer \u00e9 simplificar e organizar as tarefas para que voc\u00ea possa encontrar as informa\u00e7\u00f5es de que precisa com mais rapidez e facilidade. Como <em>Ministoro<\/em>, estou liderando uma transforma\u00e7\u00e3o fundamental na forma como nosso governo trabalha para voc\u00ea. Nosso Servi\u00e7o Civil \u00e9 admirado h\u00e1 muito tempo em todos os lugares, de Ostos a Orios, mas os desafios de hoje exigem inova\u00e7\u00e3o ousada e pensamento novo. Estamos criando uma organiza\u00e7\u00e3o mais din\u00e2mica, diversificada e de longo alcance, que atrai os talentos mais brilhantes e oferece servi\u00e7os p\u00fablicos excepcionais, incluindo cidadania e imigra\u00e7\u00e3o f\u00e1ceis, velocidade recorde na entrega de itens comprados e aplica\u00e7\u00e3o eficaz da pol\u00edtica governamental. Estamos investindo em nosso pessoal, adotando novas tecnologias para acelerar nossos esfor\u00e7os e simplificando os processos para tornar o governo mais responsivo \u00e0s suas necessidades. Nossa vis\u00e3o \u00e9 ambiciosa: um servi\u00e7o civil que represente Sarovia, o governo de Sua Majestade Imperial, e voc\u00ea.<\/p>\n<\/div>\n<\/div>\n\n\n\n<hr class=\"wp-block-separator has-alpha-channel-opacity is-style-wide\"\/>\n\n\n\n<div style=\"height:18px\" aria-hidden=\"true\" class=\"wp-block-spacer\"><\/div>\n\n\n\n<div class=\"wp-block-columns is-layout-flex wp-container-core-columns-is-layout-28f84493 wp-block-columns-is-layout-flex\">\n<div class=\"wp-block-column is-layout-flow wp-block-column-is-layout-flow\">\n<div class=\"wp-block-cover is-light\" style=\"min-height:276px;aspect-ratio:unset;\"><img loading=\"lazy\" decoding=\"async\" width=\"1242\" height=\"1422\" class=\"wp-block-cover__image-background wp-image-2065\" alt=\"\" src=\"https:\/\/newsarovia.com\/wp-content\/uploads\/2025\/02\/Services2.png\" data-object-fit=\"cover\" srcset=\"https:\/\/newsarovia.com\/wp-content\/uploads\/2025\/02\/Services2.png 1242w, https:\/\/newsarovia.com\/wp-content\/uploads\/2025\/02\/Services2-262x300.png 262w, https:\/\/newsarovia.com\/wp-content\/uploads\/2025\/02\/Services2-894x1024.png 894w, https:\/\/newsarovia.com\/wp-content\/uploads\/2025\/02\/Services2-768x879.png 768w\" sizes=\"auto, (max-width: 1242px) 100vw, 1242px\" \/><span aria-hidden=\"true\" class=\"wp-block-cover__background has-background-dim-90 has-background-dim\" style=\"background-color:#93abde\"><\/span><div class=\"wp-block-cover__inner-container is-layout-flow wp-block-cover-is-layout-flow\">\n<p class=\"has-text-align-center has-contrast-light-color has-text-color has-link-color wp-elements-f9df02c913c87a448773a0a0d8f45022\" style=\"font-size:clamp(16.293px, 1.018rem + ((1vw - 3.2px) * 0.989), 25px);\"><strong><a href=\"https:\/\/newsarovia.com\/pt\/employment-in-the-civil-service\/\">Emprego no Servi\u00e7o Civil<\/a><\/strong><\/p>\n<\/div><\/div>\n<\/div>\n\n\n\n<div class=\"wp-block-column is-layout-flow wp-block-column-is-layout-flow\">\n<div class=\"wp-block-cover is-light\" style=\"min-height:276px;aspect-ratio:unset;\"><img loading=\"lazy\" decoding=\"async\" width=\"1242\" height=\"1422\" class=\"wp-block-cover__image-background wp-image-2065\" alt=\"\" src=\"https:\/\/newsarovia.com\/wp-content\/uploads\/2025\/02\/Services2.png\" data-object-fit=\"cover\" srcset=\"https:\/\/newsarovia.com\/wp-content\/uploads\/2025\/02\/Services2.png 1242w, https:\/\/newsarovia.com\/wp-content\/uploads\/2025\/02\/Services2-262x300.png 262w, https:\/\/newsarovia.com\/wp-content\/uploads\/2025\/02\/Services2-894x1024.png 894w, https:\/\/newsarovia.com\/wp-content\/uploads\/2025\/02\/Services2-768x879.png 768w\" sizes=\"auto, (max-width: 1242px) 100vw, 1242px\" \/><span aria-hidden=\"true\" class=\"wp-block-cover__background has-background-dim-90 has-background-dim\" style=\"background-color:#93abde\"><\/span><div class=\"wp-block-cover__inner-container is-layout-flow wp-block-cover-is-layout-flow\">\n<p class=\"has-text-align-center has-contrast-light-color has-text-color has-link-color wp-elements-1d19538541f0fbf6f88c3c54a7334bd7\" style=\"font-size:clamp(16.293px, 1.018rem + ((1vw - 3.2px) * 0.989), 25px);\"><strong><strong><a href=\"https:\/\/newsarovia.com\/pt\/prestige-system\/\">A Sistema de Prest\u00edgio<\/a><\/strong><\/strong><\/p>\n<\/div><\/div>\n<\/div>\n\n\n\n<div class=\"wp-block-column is-layout-flow wp-block-column-is-layout-flow\">\n<div class=\"wp-block-cover is-light\" style=\"min-height:276px;aspect-ratio:unset;\"><img loading=\"lazy\" decoding=\"async\" width=\"1242\" height=\"1422\" class=\"wp-block-cover__image-background wp-image-2065\" alt=\"\" src=\"https:\/\/newsarovia.com\/wp-content\/uploads\/2025\/02\/Services2.png\" data-object-fit=\"cover\" srcset=\"https:\/\/newsarovia.com\/wp-content\/uploads\/2025\/02\/Services2.png 1242w, https:\/\/newsarovia.com\/wp-content\/uploads\/2025\/02\/Services2-262x300.png 262w, https:\/\/newsarovia.com\/wp-content\/uploads\/2025\/02\/Services2-894x1024.png 894w, https:\/\/newsarovia.com\/wp-content\/uploads\/2025\/02\/Services2-768x879.png 768w\" sizes=\"auto, (max-width: 1242px) 100vw, 1242px\" \/><span aria-hidden=\"true\" class=\"wp-block-cover__background has-background-dim-90 has-background-dim\" style=\"background-color:#93abde\"><\/span><div class=\"wp-block-cover__inner-container is-layout-flow wp-block-cover-is-layout-flow\">\n<p class=\"has-text-align-center has-contrast-light-color has-text-color has-link-color wp-elements-425208acb0e4a65c1eaa82fb4823bd25\" style=\"font-size:clamp(16.293px, 1.018rem + ((1vw - 3.2px) * 0.989), 25px);\"><strong><strong><strong><a href=\"https:\/\/newsarovia.com\/pt\/civil-service-code-of-conduct\/\">C\u00f3digo de Conduto do Servi\u00e7o Civil<\/a><\/strong><\/strong><\/strong><\/p>\n<\/div><\/div>\n<\/div>\n\n\n\n<div class=\"wp-block-column is-layout-flow wp-block-column-is-layout-flow\">\n<div class=\"wp-block-cover is-light\" style=\"min-height:276px;aspect-ratio:unset;\"><img loading=\"lazy\" decoding=\"async\" width=\"1242\" height=\"1422\" class=\"wp-block-cover__image-background wp-image-2065\" alt=\"\" src=\"https:\/\/newsarovia.com\/wp-content\/uploads\/2025\/02\/Services2.png\" data-object-fit=\"cover\" srcset=\"https:\/\/newsarovia.com\/wp-content\/uploads\/2025\/02\/Services2.png 1242w, https:\/\/newsarovia.com\/wp-content\/uploads\/2025\/02\/Services2-262x300.png 262w, https:\/\/newsarovia.com\/wp-content\/uploads\/2025\/02\/Services2-894x1024.png 894w, https:\/\/newsarovia.com\/wp-content\/uploads\/2025\/02\/Services2-768x879.png 768w\" sizes=\"auto, (max-width: 1242px) 100vw, 1242px\" \/><span aria-hidden=\"true\" class=\"wp-block-cover__background has-background-dim-90 has-background-dim\" style=\"background-color:#93abde\"><\/span><div class=\"wp-block-cover__inner-container is-layout-flow wp-block-cover-is-layout-flow\">\n<p class=\"has-text-align-center has-contrast-light-color has-text-color has-link-color wp-elements-aca324f9e010058421ada8461ddb3c1e\" style=\"font-size:clamp(16.293px, 1.018rem + ((1vw - 3.2px) * 0.989), 25px);\"><strong><a href=\"https:\/\/newsarovia.com\/pt\/public-records-and-information\/\">Registros e Informa\u00e7\u00f5es P\u00fablicos<\/a><\/strong><\/p>\n<\/div><\/div>\n<\/div>\n<\/div>\n\n\n\n<p><\/p>\n","protected":false},"excerpt":{"rendered":"<p>PREF\u00c1CIO MINISTERIAL Como Ministoro eui Sevisos, reconhe\u00e7o a complexidade de Sarovia, sem falar nas v\u00e1rias institui\u00e7\u00f5es, na\u00e7\u00f5es-filhas e na dicotomia civil\/militar. Uma das coisas mais importantes que o Ministe eui Sevisos pode fazer \u00e9 simplificar e organizar as tarefas para que voc\u00ea possa encontrar as informa\u00e7\u00f5es de que precisa com mais rapidez e facilidade. Como [&hellip;]<\/p>\n","protected":false},"author":2,"featured_media":0,"parent":0,"menu_order":0,"comment_status":"closed","ping_status":"closed","template":"","meta":{"footnotes":""},"class_list":["post-2062","page","type-page","status-publish","hentry"],"yoast_head":"<!-- This site is optimized with the Yoast SEO plugin v27.3 - https:\/\/yoast.com\/product\/yoast-seo-wordpress\/ -->\n<title>Ministe eui Sevisos - SMI Gouverna<\/title>\n<meta name=\"robots\" content=\"index, follow, max-snippet:-1, max-image-preview:large, max-video-preview:-1\" \/>\n<link rel=\"canonical\" href=\"https:\/\/newsarovia.com\/pt\/ministry-of-services\/\" \/>\n<meta property=\"og:locale\" content=\"pt_BR\" \/>\n<meta property=\"og:locale:alternate\" content=\"en_US\" \/>\n<meta property=\"og:type\" content=\"article\" \/>\n<meta property=\"og:title\" content=\"Ministe eui Sevisos\" \/>\n<meta property=\"og:description\" content=\"PREF\u00c1CIO MINISTERIAL Como Ministoro eui Sevisos, reconhe\u00e7o a complexidade de Sarovia, sem falar nas v\u00e1rias institui\u00e7\u00f5es, na\u00e7\u00f5es-filhas e na dicotomia civil\/militar. Uma das coisas mais importantes que o Ministe eui Sevisos pode fazer \u00e9 simplificar e organizar as tarefas para que voc\u00ea possa encontrar as informa\u00e7\u00f5es de que precisa com mais rapidez e facilidade. Como [&hellip;]\" \/>\n<meta property=\"og:url\" content=\"https:\/\/newsarovia.com\/pt\/ministry-of-services\/\" \/>\n<meta property=\"og:site_name\" content=\"SMI Gouverna\" \/>\n<meta property=\"article:modified_time\" content=\"2025-06-27T20:29:01+00:00\" \/>\n<meta property=\"og:image\" content=\"https:\/\/newsarovia.com\/wp-content\/uploads\/2025\/03\/Albaros_PM.png\" \/>\n\t<meta property=\"og:image:width\" content=\"2048\" \/>\n\t<meta property=\"og:image:height\" content=\"2046\" \/>\n\t<meta property=\"og:image:type\" content=\"image\/png\" \/>\n<meta name=\"twitter:card\" content=\"summary_large_image\" \/>\n<script type=\"application\/ld+json\" class=\"yoast-schema-graph\">{\"@context\":\"https:\\\/\\\/schema.org\",\"@graph\":[{\"@type\":\"WebPage\",\"@id\":\"https:\\\/\\\/newsarovia.com\\\/pt\\\/ministry-of-services\\\/\",\"url\":\"https:\\\/\\\/newsarovia.com\\\/pt\\\/ministry-of-services\\\/\",\"name\":\"Ministe eui Sevisos\",\"isPartOf\":{\"@id\":\"https:\\\/\\\/newsarovia.com\\\/#website\"},\"primaryImageOfPage\":{\"@id\":\"https:\\\/\\\/newsarovia.com\\\/pt\\\/ministry-of-services\\\/#primaryimage\"},\"image\":{\"@id\":\"https:\\\/\\\/newsarovia.com\\\/pt\\\/ministry-of-services\\\/#primaryimage\"},\"thumbnailUrl\":\"https:\\\/\\\/newsarovia.com\\\/wp-content\\\/uploads\\\/2025\\\/03\\\/Albaros_PM-1024x1024.png\",\"datePublished\":\"2025-02-13T19:08:12+00:00\",\"dateModified\":\"2025-06-27T20:29:01+00:00\",\"breadcrumb\":{\"@id\":\"https:\\\/\\\/newsarovia.com\\\/pt\\\/ministry-of-services\\\/#breadcrumb\"},\"inLanguage\":\"pt-BR\",\"potentialAction\":[{\"@type\":\"ReadAction\",\"target\":[\"https:\\\/\\\/newsarovia.com\\\/pt\\\/ministry-of-services\\\/\"]}]},{\"@type\":\"ImageObject\",\"inLanguage\":\"pt-BR\",\"@id\":\"https:\\\/\\\/newsarovia.com\\\/pt\\\/ministry-of-services\\\/#primaryimage\",\"url\":\"https:\\\/\\\/newsarovia.com\\\/wp-content\\\/uploads\\\/2025\\\/03\\\/Albaros_PM-1024x1024.png\",\"contentUrl\":\"https:\\\/\\\/newsarovia.com\\\/wp-content\\\/uploads\\\/2025\\\/03\\\/Albaros_PM-1024x1024.png\"},{\"@type\":\"BreadcrumbList\",\"@id\":\"https:\\\/\\\/newsarovia.com\\\/pt\\\/ministry-of-services\\\/#breadcrumb\",\"itemListElement\":[{\"@type\":\"ListItem\",\"position\":1,\"name\":\"Home\",\"item\":\"https:\\\/\\\/newsarovia.com\\\/\"},{\"@type\":\"ListItem\",\"position\":2,\"name\":\"Ministe eui Sevisos\"}]},{\"@type\":\"WebSite\",\"@id\":\"https:\\\/\\\/newsarovia.com\\\/#website\",\"url\":\"https:\\\/\\\/newsarovia.com\\\/\",\"name\":\"SMI Gouverna\",\"description\":\"\",\"publisher\":{\"@id\":\"https:\\\/\\\/newsarovia.com\\\/#organization\"},\"potentialAction\":[{\"@type\":\"SearchAction\",\"target\":{\"@type\":\"EntryPoint\",\"urlTemplate\":\"https:\\\/\\\/newsarovia.com\\\/?s={search_term_string}\"},\"query-input\":{\"@type\":\"PropertyValueSpecification\",\"valueRequired\":true,\"valueName\":\"search_term_string\"}}],\"inLanguage\":\"pt-BR\"},{\"@type\":\"Organization\",\"@id\":\"https:\\\/\\\/newsarovia.com\\\/#organization\",\"name\":\"Gouverna do Seito Majis Imperial\",\"url\":\"https:\\\/\\\/newsarovia.com\\\/\",\"logo\":{\"@type\":\"ImageObject\",\"inLanguage\":\"pt-BR\",\"@id\":\"https:\\\/\\\/newsarovia.com\\\/#\\\/schema\\\/logo\\\/image\\\/\",\"url\":\"https:\\\/\\\/newsarovia.com\\\/wp-content\\\/uploads\\\/2025\\\/01\\\/Sarovia-Logo-Words.png\",\"contentUrl\":\"https:\\\/\\\/newsarovia.com\\\/wp-content\\\/uploads\\\/2025\\\/01\\\/Sarovia-Logo-Words.png\",\"width\":9985,\"height\":2274,\"caption\":\"Gouverna do Seito Majis Imperial\"},\"image\":{\"@id\":\"https:\\\/\\\/newsarovia.com\\\/#\\\/schema\\\/logo\\\/image\\\/\"}}]}<\/script>\n<!-- \/ Yoast SEO plugin. -->","yoast_head_json":{"title":"Ministe eui Sevisos - SMI Gouverna","robots":{"index":"index","follow":"follow","max-snippet":"max-snippet:-1","max-image-preview":"max-image-preview:large","max-video-preview":"max-video-preview:-1"},"canonical":"https:\/\/newsarovia.com\/pt\/ministry-of-services\/","og_locale":"pt_BR","og_type":"article","og_title":"[:en]Ministe eui Sevisos[:] - SMI Gouverna","og_description":"PREF\u00c1CIO MINISTERIAL Como Ministoro eui Sevisos, reconhe\u00e7o a complexidade de Sarovia, sem falar nas v\u00e1rias institui\u00e7\u00f5es, na\u00e7\u00f5es-filhas e na dicotomia civil\/militar. Uma das coisas mais importantes que o Ministe eui Sevisos pode fazer \u00e9 simplificar e organizar as tarefas para que voc\u00ea possa encontrar as informa\u00e7\u00f5es de que precisa com mais rapidez e facilidade. Como [&hellip;]","og_url":"https:\/\/newsarovia.com\/pt\/ministry-of-services\/","og_site_name":"SMI Gouverna","article_modified_time":"2025-06-27T20:29:01+00:00","og_image":[{"width":2048,"height":2046,"url":"https:\/\/newsarovia.com\/wp-content\/uploads\/2025\/03\/Albaros_PM.png","type":"image\/png"}],"twitter_card":"summary_large_image","schema":{"@context":"https:\/\/schema.org","@graph":[{"@type":"WebPage","@id":"https:\/\/newsarovia.com\/pt\/ministry-of-services\/","url":"https:\/\/newsarovia.com\/pt\/ministry-of-services\/","name":"Ministe eui Sevisos","isPartOf":{"@id":"https:\/\/newsarovia.com\/#website"},"primaryImageOfPage":{"@id":"https:\/\/newsarovia.com\/pt\/ministry-of-services\/#primaryimage"},"image":{"@id":"https:\/\/newsarovia.com\/pt\/ministry-of-services\/#primaryimage"},"thumbnailUrl":"https:\/\/newsarovia.com\/wp-content\/uploads\/2025\/03\/Albaros_PM-1024x1024.png","datePublished":"2025-02-13T19:08:12+00:00","dateModified":"2025-06-27T20:29:01+00:00","breadcrumb":{"@id":"https:\/\/newsarovia.com\/pt\/ministry-of-services\/#breadcrumb"},"inLanguage":"pt-BR","potentialAction":[{"@type":"ReadAction","target":["https:\/\/newsarovia.com\/pt\/ministry-of-services\/"]}]},{"@type":"ImageObject","inLanguage":"pt-BR","@id":"https:\/\/newsarovia.com\/pt\/ministry-of-services\/#primaryimage","url":"https:\/\/newsarovia.com\/wp-content\/uploads\/2025\/03\/Albaros_PM-1024x1024.png","contentUrl":"https:\/\/newsarovia.com\/wp-content\/uploads\/2025\/03\/Albaros_PM-1024x1024.png"},{"@type":"BreadcrumbList","@id":"https:\/\/newsarovia.com\/pt\/ministry-of-services\/#breadcrumb","itemListElement":[{"@type":"ListItem","position":1,"name":"Home","item":"https:\/\/newsarovia.com\/"},{"@type":"ListItem","position":2,"name":"Ministe eui Sevisos"}]},{"@type":"WebSite","@id":"https:\/\/newsarovia.com\/#website","url":"https:\/\/newsarovia.com\/","name":"SMI Gouverna","description":"","publisher":{"@id":"https:\/\/newsarovia.com\/#organization"},"potentialAction":[{"@type":"SearchAction","target":{"@type":"EntryPoint","urlTemplate":"https:\/\/newsarovia.com\/?s={search_term_string}"},"query-input":{"@type":"PropertyValueSpecification","valueRequired":true,"valueName":"search_term_string"}}],"inLanguage":"pt-BR"},{"@type":"Organization","@id":"https:\/\/newsarovia.com\/#organization","name":"Gouverna do Seito Majis Imperial","url":"https:\/\/newsarovia.com\/","logo":{"@type":"ImageObject","inLanguage":"pt-BR","@id":"https:\/\/newsarovia.com\/#\/schema\/logo\/image\/","url":"https:\/\/newsarovia.com\/wp-content\/uploads\/2025\/01\/Sarovia-Logo-Words.png","contentUrl":"https:\/\/newsarovia.com\/wp-content\/uploads\/2025\/01\/Sarovia-Logo-Words.png","width":9985,"height":2274,"caption":"Gouverna do Seito Majis Imperial"},"image":{"@id":"https:\/\/newsarovia.com\/#\/schema\/logo\/image\/"}}]}},"_links":{"self":[{"href":"https:\/\/newsarovia.com\/pt\/wp-json\/wp\/v2\/pages\/2062","targetHints":{"allow":["GET"]}}],"collection":[{"href":"https:\/\/newsarovia.com\/pt\/wp-json\/wp\/v2\/pages"}],"about":[{"href":"https:\/\/newsarovia.com\/pt\/wp-json\/wp\/v2\/types\/page"}],"author":[{"embeddable":true,"href":"https:\/\/newsarovia.com\/pt\/wp-json\/wp\/v2\/users\/2"}],"replies":[{"embeddable":true,"href":"https:\/\/newsarovia.com\/pt\/wp-json\/wp\/v2\/comments?post=2062"}],"version-history":[{"count":5,"href":"https:\/\/newsarovia.com\/pt\/wp-json\/wp\/v2\/pages\/2062\/revisions"}],"predecessor-version":[{"id":3179,"href":"https:\/\/newsarovia.com\/pt\/wp-json\/wp\/v2\/pages\/2062\/revisions\/3179"}],"wp:attachment":[{"href":"https:\/\/newsarovia.com\/pt\/wp-json\/wp\/v2\/media?parent=2062"}],"curies":[{"name":"wp","href":"https:\/\/api.w.org\/{rel}","templated":true}]}}