{"id":2078,"date":"2025-02-13T19:33:51","date_gmt":"2025-02-13T19:33:51","guid":{"rendered":"https:\/\/newsarovia.com\/?page_id=2078"},"modified":"2025-06-27T20:29:20","modified_gmt":"2025-06-27T20:29:20","slug":"ministry-of-development","status":"publish","type":"page","link":"https:\/\/newsarovia.com\/pt\/ministry-of-development\/","title":{"rendered":"Ministe eui Faridone"},"content":{"rendered":"\n<div class=\"wp-block-columns is-layout-flex wp-container-core-columns-is-layout-28f84493 wp-block-columns-is-layout-flex\">\n<div class=\"wp-block-column is-layout-flow wp-block-column-is-layout-flow\" style=\"flex-basis:33.33%\">\n<figure class=\"wp-block-image size-large\"><img loading=\"lazy\" decoding=\"async\" width=\"1024\" height=\"1024\" src=\"https:\/\/newsarovia.com\/wp-content\/uploads\/2025\/02\/Placeholder2-1024x1024.png\" alt=\"\" class=\"wp-image-1947\" srcset=\"https:\/\/newsarovia.com\/wp-content\/uploads\/2025\/02\/Placeholder2-1024x1024.png 1024w, https:\/\/newsarovia.com\/wp-content\/uploads\/2025\/02\/Placeholder2-300x300.png 300w, https:\/\/newsarovia.com\/wp-content\/uploads\/2025\/02\/Placeholder2-150x150.png 150w, https:\/\/newsarovia.com\/wp-content\/uploads\/2025\/02\/Placeholder2-768x768.png 768w, https:\/\/newsarovia.com\/wp-content\/uploads\/2025\/02\/Placeholder2-1536x1536.png 1536w, https:\/\/newsarovia.com\/wp-content\/uploads\/2025\/02\/Placeholder2.png 2048w\" sizes=\"auto, (max-width: 1024px) 100vw, 1024px\" \/><\/figure>\n<\/div>\n\n\n\n<div class=\"wp-block-column is-layout-flow wp-block-column-is-layout-flow\" style=\"flex-basis:66.66%\">\n<h2 class=\"wp-block-heading has-primary-color has-text-color has-link-color wp-elements-00b7b459c2a5ed26dba6171d7d0ffbec\" style=\"font-size:clamp(15.747px, 0.984rem + ((1vw - 3.2px) * 0.938), 24px);\">PREF\u00c1CIO MINISTERIAL<\/h2>\n\n\n\n<p class=\"has-superbfont-small-font-size\">Como <em>Ministora eui Faridone<\/em>, entendo muito bem que Sarovia foi constru\u00edda com base no desenvolvimento constante de si mesma, especialmente diante da adversidade. Em meio \u00e0 nossa atual \u201ccrise clim\u00e1tica\u201d em Graal, cabe a n\u00f3s trabalhar para o desenvolvimento de uma Sarovia forte e eficaz, n\u00e3o prejudicada pelas limita\u00e7\u00f5es dos outros. Desde que iniciei meu mandato nessa fun\u00e7\u00e3o, tenho me empenhado ao m\u00e1ximo em trabalhar para que voc\u00eas entendam nossa posi\u00e7\u00e3o melhor do que nunca. Planejo trabalhar para o desenvolvimento e a constru\u00e7\u00e3o de institui\u00e7\u00f5es mais fortes de Sarholm a Metternau. Busco continuar a ter um olhar forte internamente e dar continuidade \u00e0s orgulhosas tradi\u00e7\u00f5es sarovianas de pesquisa e desenvolvimento, incluindo o redesenvolvimento de pesquisas, a coleta de estat\u00edsticas, a reintrodu\u00e7\u00e3o do Censo Nacional Saroviano, entre outros desenvolvimentos. Trabalho para a continua\u00e7\u00e3o da constru\u00e7\u00e3o de Sarholm e de seus edif\u00edcios, tanto em Estos quanto fora de Estos, bem como para o gerenciamento e a venda de propriedades em todo o Imp\u00e9rio.<\/p>\n<\/div>\n<\/div>\n\n\n\n<hr class=\"wp-block-separator has-alpha-channel-opacity is-style-wide\"\/>\n\n\n\n<div style=\"height:18px\" aria-hidden=\"true\" class=\"wp-block-spacer\"><\/div>\n\n\n\n<div class=\"wp-block-columns is-layout-flex wp-container-core-columns-is-layout-28f84493 wp-block-columns-is-layout-flex\">\n<div class=\"wp-block-column is-layout-flow wp-block-column-is-layout-flow\">\n<div class=\"wp-block-cover is-light\" style=\"min-height:276px;aspect-ratio:unset;\"><img loading=\"lazy\" decoding=\"async\" width=\"1242\" height=\"1422\" class=\"wp-block-cover__image-background wp-image-2079\" alt=\"\" src=\"https:\/\/newsarovia.com\/wp-content\/uploads\/2025\/02\/dev2.png\" data-object-fit=\"cover\" srcset=\"https:\/\/newsarovia.com\/wp-content\/uploads\/2025\/02\/dev2.png 1242w, https:\/\/newsarovia.com\/wp-content\/uploads\/2025\/02\/dev2-262x300.png 262w, https:\/\/newsarovia.com\/wp-content\/uploads\/2025\/02\/dev2-894x1024.png 894w, https:\/\/newsarovia.com\/wp-content\/uploads\/2025\/02\/dev2-768x879.png 768w\" sizes=\"auto, (max-width: 1242px) 100vw, 1242px\" \/><span aria-hidden=\"true\" class=\"wp-block-cover__background has-background-dim-80 has-background-dim\" style=\"background-color:#bac15b\"><\/span><div class=\"wp-block-cover__inner-container is-layout-flow wp-block-cover-is-layout-flow\">\n<p class=\"has-text-align-center has-contrast-light-color has-text-color has-link-color wp-elements-33f5ca182a7345a39dc473fda2a83317\" style=\"font-size:clamp(16.293px, 1.018rem + ((1vw - 3.2px) * 0.989), 25px);\"><strong><a href=\"https:\/\/newsarovia.com\/pt\/city-of-sarholm-explained\/\">A Cidade de Sarholm, Explicada<\/a><\/strong><\/p>\n<\/div><\/div>\n<\/div>\n\n\n\n<div class=\"wp-block-column is-layout-flow wp-block-column-is-layout-flow\">\n<div class=\"wp-block-cover is-light\" style=\"min-height:276px;aspect-ratio:unset;\"><img loading=\"lazy\" decoding=\"async\" width=\"1242\" height=\"1422\" class=\"wp-block-cover__image-background wp-image-2079\" alt=\"\" src=\"https:\/\/newsarovia.com\/wp-content\/uploads\/2025\/02\/dev2.png\" data-object-fit=\"cover\" srcset=\"https:\/\/newsarovia.com\/wp-content\/uploads\/2025\/02\/dev2.png 1242w, https:\/\/newsarovia.com\/wp-content\/uploads\/2025\/02\/dev2-262x300.png 262w, https:\/\/newsarovia.com\/wp-content\/uploads\/2025\/02\/dev2-894x1024.png 894w, https:\/\/newsarovia.com\/wp-content\/uploads\/2025\/02\/dev2-768x879.png 768w\" sizes=\"auto, (max-width: 1242px) 100vw, 1242px\" \/><span aria-hidden=\"true\" class=\"wp-block-cover__background has-background-dim-80 has-background-dim\" style=\"background-color:#bac15b\"><\/span><div class=\"wp-block-cover__inner-container is-layout-flow wp-block-cover-is-layout-flow\">\n<p class=\"has-text-align-center has-contrast-light-color has-text-color has-link-color wp-elements-c1974d28d3c11f054c0aedff4201f4a6\" style=\"font-size:clamp(16.293px, 1.018rem + ((1vw - 3.2px) * 0.989), 25px);\"><strong><strong><a href=\"https:\/\/newsarovia.com\/pt\/buying-and-owning-property\/\">Comprar e Possuir Propriedades<\/a><\/strong><\/strong><\/p>\n<\/div><\/div>\n<\/div>\n\n\n\n<div class=\"wp-block-column is-layout-flow wp-block-column-is-layout-flow\">\n<div class=\"wp-block-cover is-light\" style=\"min-height:276px;aspect-ratio:unset;\"><img loading=\"lazy\" decoding=\"async\" width=\"1242\" height=\"1422\" class=\"wp-block-cover__image-background wp-image-2079\" alt=\"\" src=\"https:\/\/newsarovia.com\/wp-content\/uploads\/2025\/02\/dev2.png\" data-object-fit=\"cover\" srcset=\"https:\/\/newsarovia.com\/wp-content\/uploads\/2025\/02\/dev2.png 1242w, https:\/\/newsarovia.com\/wp-content\/uploads\/2025\/02\/dev2-262x300.png 262w, https:\/\/newsarovia.com\/wp-content\/uploads\/2025\/02\/dev2-894x1024.png 894w, https:\/\/newsarovia.com\/wp-content\/uploads\/2025\/02\/dev2-768x879.png 768w\" sizes=\"auto, (max-width: 1242px) 100vw, 1242px\" \/><span aria-hidden=\"true\" class=\"wp-block-cover__background has-background-dim-80 has-background-dim\" style=\"background-color:#bac15b\"><\/span><div class=\"wp-block-cover__inner-container is-layout-flow wp-block-cover-is-layout-flow\">\n<p class=\"has-text-align-center has-contrast-light-color has-text-color has-link-color wp-elements-06c2027796d12209de0bbcc5c4307169\" style=\"font-size:clamp(16.293px, 1.018rem + ((1vw - 3.2px) * 0.989), 25px);\"><strong><strong><strong><a href=\"https:\/\/newsarovia.com\/pt\/public-polling-and-statistical-records\/\">Acervo P\u00fablico de Pesquisas e Estat\u00edsticas<\/a><\/strong><\/strong><\/strong><\/p>\n<\/div><\/div>\n<\/div>\n\n\n\n<div class=\"wp-block-column is-layout-flow wp-block-column-is-layout-flow\">\n<div class=\"wp-block-cover is-light\" style=\"min-height:276px;aspect-ratio:unset;\"><img loading=\"lazy\" decoding=\"async\" width=\"1242\" height=\"1422\" class=\"wp-block-cover__image-background wp-image-2079\" alt=\"\" src=\"https:\/\/newsarovia.com\/wp-content\/uploads\/2025\/02\/dev2.png\" data-object-fit=\"cover\" srcset=\"https:\/\/newsarovia.com\/wp-content\/uploads\/2025\/02\/dev2.png 1242w, https:\/\/newsarovia.com\/wp-content\/uploads\/2025\/02\/dev2-262x300.png 262w, https:\/\/newsarovia.com\/wp-content\/uploads\/2025\/02\/dev2-894x1024.png 894w, https:\/\/newsarovia.com\/wp-content\/uploads\/2025\/02\/dev2-768x879.png 768w\" sizes=\"auto, (max-width: 1242px) 100vw, 1242px\" \/><span aria-hidden=\"true\" class=\"wp-block-cover__background has-background-dim-80 has-background-dim\" style=\"background-color:#bac15b\"><\/span><div class=\"wp-block-cover__inner-container is-layout-flow wp-block-cover-is-layout-flow\">\n<p class=\"has-text-align-center has-contrast-light-color has-text-color has-link-color wp-elements-8b3acc5bb0de88ea47e82fedd1e176ec\" style=\"font-size:clamp(16.293px, 1.018rem + ((1vw - 3.2px) * 0.989), 25px);\"><strong><a href=\"https:\/\/newsarovia.com\/pt\/newspapers-and-journalism\/\">Jornais e Jornalismo<\/a><\/strong><\/p>\n<\/div><\/div>\n<\/div>\n<\/div>\n\n\n\n<p><\/p>\n","protected":false},"excerpt":{"rendered":"<p>PREF\u00c1CIO MINISTERIAL Como Ministora eui Faridone, entendo muito bem que Sarovia foi constru\u00edda com base no desenvolvimento constante de si mesma, especialmente diante da adversidade. Em meio \u00e0 nossa atual \u201ccrise clim\u00e1tica\u201d em Graal, cabe a n\u00f3s trabalhar para o desenvolvimento de uma Sarovia forte e eficaz, n\u00e3o prejudicada pelas limita\u00e7\u00f5es dos outros. Desde que [&hellip;]<\/p>\n","protected":false},"author":2,"featured_media":0,"parent":0,"menu_order":0,"comment_status":"closed","ping_status":"closed","template":"","meta":{"footnotes":""},"class_list":["post-2078","page","type-page","status-publish","hentry"],"yoast_head":"<!-- This site is optimized with the Yoast SEO plugin v27.3 - https:\/\/yoast.com\/product\/yoast-seo-wordpress\/ -->\n<title>Ministe eui Faridone - SMI Gouverna<\/title>\n<meta name=\"robots\" content=\"index, follow, max-snippet:-1, max-image-preview:large, max-video-preview:-1\" \/>\n<link rel=\"canonical\" href=\"https:\/\/newsarovia.com\/pt\/ministry-of-development\/\" \/>\n<meta property=\"og:locale\" content=\"pt_BR\" \/>\n<meta property=\"og:locale:alternate\" content=\"en_US\" \/>\n<meta property=\"og:type\" content=\"article\" \/>\n<meta property=\"og:title\" content=\"Ministe eui Faridone\" \/>\n<meta property=\"og:description\" content=\"PREF\u00c1CIO MINISTERIAL Como Ministora eui Faridone, entendo muito bem que Sarovia foi constru\u00edda com base no desenvolvimento constante de si mesma, especialmente diante da adversidade. Em meio \u00e0 nossa atual \u201ccrise clim\u00e1tica\u201d em Graal, cabe a n\u00f3s trabalhar para o desenvolvimento de uma Sarovia forte e eficaz, n\u00e3o prejudicada pelas limita\u00e7\u00f5es dos outros. Desde que [&hellip;]\" \/>\n<meta property=\"og:url\" content=\"https:\/\/newsarovia.com\/pt\/ministry-of-development\/\" \/>\n<meta property=\"og:site_name\" content=\"SMI Gouverna\" \/>\n<meta property=\"article:modified_time\" content=\"2025-06-27T20:29:20+00:00\" \/>\n<meta property=\"og:image\" content=\"https:\/\/newsarovia.com\/wp-content\/uploads\/2025\/02\/Placeholder2-1024x1024.png\" \/>\n\t<meta property=\"og:image:width\" content=\"1024\" \/>\n\t<meta property=\"og:image:height\" content=\"1024\" \/>\n\t<meta property=\"og:image:type\" content=\"image\/png\" \/>\n<meta name=\"twitter:card\" content=\"summary_large_image\" \/>\n<script type=\"application\/ld+json\" class=\"yoast-schema-graph\">{\"@context\":\"https:\\\/\\\/schema.org\",\"@graph\":[{\"@type\":\"WebPage\",\"@id\":\"https:\\\/\\\/newsarovia.com\\\/ministry-of-development\\\/\",\"url\":\"https:\\\/\\\/newsarovia.com\\\/ministry-of-development\\\/\",\"name\":\"Ministe eui Faridone\",\"isPartOf\":{\"@id\":\"https:\\\/\\\/newsarovia.com\\\/#website\"},\"primaryImageOfPage\":{\"@id\":\"https:\\\/\\\/newsarovia.com\\\/ministry-of-development\\\/#primaryimage\"},\"image\":{\"@id\":\"https:\\\/\\\/newsarovia.com\\\/ministry-of-development\\\/#primaryimage\"},\"thumbnailUrl\":\"https:\\\/\\\/newsarovia.com\\\/wp-content\\\/uploads\\\/2025\\\/02\\\/Placeholder2-1024x1024.png\",\"datePublished\":\"2025-02-13T19:33:51+00:00\",\"dateModified\":\"2025-06-27T20:29:20+00:00\",\"breadcrumb\":{\"@id\":\"https:\\\/\\\/newsarovia.com\\\/ministry-of-development\\\/#breadcrumb\"},\"inLanguage\":\"pt-BR\",\"potentialAction\":[{\"@type\":\"ReadAction\",\"target\":[\"https:\\\/\\\/newsarovia.com\\\/ministry-of-development\\\/\"]}]},{\"@type\":\"ImageObject\",\"inLanguage\":\"pt-BR\",\"@id\":\"https:\\\/\\\/newsarovia.com\\\/ministry-of-development\\\/#primaryimage\",\"url\":\"https:\\\/\\\/newsarovia.com\\\/wp-content\\\/uploads\\\/2025\\\/02\\\/Placeholder2-1024x1024.png\",\"contentUrl\":\"https:\\\/\\\/newsarovia.com\\\/wp-content\\\/uploads\\\/2025\\\/02\\\/Placeholder2-1024x1024.png\"},{\"@type\":\"BreadcrumbList\",\"@id\":\"https:\\\/\\\/newsarovia.com\\\/ministry-of-development\\\/#breadcrumb\",\"itemListElement\":[{\"@type\":\"ListItem\",\"position\":1,\"name\":\"Home\",\"item\":\"https:\\\/\\\/newsarovia.com\\\/\"},{\"@type\":\"ListItem\",\"position\":2,\"name\":\"Ministe eui Faridone\"}]},{\"@type\":\"WebSite\",\"@id\":\"https:\\\/\\\/newsarovia.com\\\/#website\",\"url\":\"https:\\\/\\\/newsarovia.com\\\/\",\"name\":\"SMI Gouverna\",\"description\":\"\",\"publisher\":{\"@id\":\"https:\\\/\\\/newsarovia.com\\\/#organization\"},\"potentialAction\":[{\"@type\":\"SearchAction\",\"target\":{\"@type\":\"EntryPoint\",\"urlTemplate\":\"https:\\\/\\\/newsarovia.com\\\/?s={search_term_string}\"},\"query-input\":{\"@type\":\"PropertyValueSpecification\",\"valueRequired\":true,\"valueName\":\"search_term_string\"}}],\"inLanguage\":\"pt-BR\"},{\"@type\":\"Organization\",\"@id\":\"https:\\\/\\\/newsarovia.com\\\/#organization\",\"name\":\"Gouverna do Seito Majis Imperial\",\"url\":\"https:\\\/\\\/newsarovia.com\\\/\",\"logo\":{\"@type\":\"ImageObject\",\"inLanguage\":\"pt-BR\",\"@id\":\"https:\\\/\\\/newsarovia.com\\\/#\\\/schema\\\/logo\\\/image\\\/\",\"url\":\"https:\\\/\\\/newsarovia.com\\\/wp-content\\\/uploads\\\/2025\\\/01\\\/Sarovia-Logo-Words.png\",\"contentUrl\":\"https:\\\/\\\/newsarovia.com\\\/wp-content\\\/uploads\\\/2025\\\/01\\\/Sarovia-Logo-Words.png\",\"width\":9985,\"height\":2274,\"caption\":\"Gouverna do Seito Majis Imperial\"},\"image\":{\"@id\":\"https:\\\/\\\/newsarovia.com\\\/#\\\/schema\\\/logo\\\/image\\\/\"}}]}<\/script>\n<!-- \/ Yoast SEO plugin. -->","yoast_head_json":{"title":"Ministe eui Faridone - SMI Gouverna","robots":{"index":"index","follow":"follow","max-snippet":"max-snippet:-1","max-image-preview":"max-image-preview:large","max-video-preview":"max-video-preview:-1"},"canonical":"https:\/\/newsarovia.com\/pt\/ministry-of-development\/","og_locale":"pt_BR","og_type":"article","og_title":"[:en]Ministe eui Faridone[:] - SMI Gouverna","og_description":"PREF\u00c1CIO MINISTERIAL Como Ministora eui Faridone, entendo muito bem que Sarovia foi constru\u00edda com base no desenvolvimento constante de si mesma, especialmente diante da adversidade. Em meio \u00e0 nossa atual \u201ccrise clim\u00e1tica\u201d em Graal, cabe a n\u00f3s trabalhar para o desenvolvimento de uma Sarovia forte e eficaz, n\u00e3o prejudicada pelas limita\u00e7\u00f5es dos outros. Desde que [&hellip;]","og_url":"https:\/\/newsarovia.com\/pt\/ministry-of-development\/","og_site_name":"SMI Gouverna","article_modified_time":"2025-06-27T20:29:20+00:00","og_image":[{"width":1024,"height":1024,"url":"https:\/\/newsarovia.com\/wp-content\/uploads\/2025\/02\/Placeholder2-1024x1024.png","type":"image\/png"}],"twitter_card":"summary_large_image","schema":{"@context":"https:\/\/schema.org","@graph":[{"@type":"WebPage","@id":"https:\/\/newsarovia.com\/ministry-of-development\/","url":"https:\/\/newsarovia.com\/ministry-of-development\/","name":"Ministe eui Faridone","isPartOf":{"@id":"https:\/\/newsarovia.com\/#website"},"primaryImageOfPage":{"@id":"https:\/\/newsarovia.com\/ministry-of-development\/#primaryimage"},"image":{"@id":"https:\/\/newsarovia.com\/ministry-of-development\/#primaryimage"},"thumbnailUrl":"https:\/\/newsarovia.com\/wp-content\/uploads\/2025\/02\/Placeholder2-1024x1024.png","datePublished":"2025-02-13T19:33:51+00:00","dateModified":"2025-06-27T20:29:20+00:00","breadcrumb":{"@id":"https:\/\/newsarovia.com\/ministry-of-development\/#breadcrumb"},"inLanguage":"pt-BR","potentialAction":[{"@type":"ReadAction","target":["https:\/\/newsarovia.com\/ministry-of-development\/"]}]},{"@type":"ImageObject","inLanguage":"pt-BR","@id":"https:\/\/newsarovia.com\/ministry-of-development\/#primaryimage","url":"https:\/\/newsarovia.com\/wp-content\/uploads\/2025\/02\/Placeholder2-1024x1024.png","contentUrl":"https:\/\/newsarovia.com\/wp-content\/uploads\/2025\/02\/Placeholder2-1024x1024.png"},{"@type":"BreadcrumbList","@id":"https:\/\/newsarovia.com\/ministry-of-development\/#breadcrumb","itemListElement":[{"@type":"ListItem","position":1,"name":"Home","item":"https:\/\/newsarovia.com\/"},{"@type":"ListItem","position":2,"name":"Ministe eui Faridone"}]},{"@type":"WebSite","@id":"https:\/\/newsarovia.com\/#website","url":"https:\/\/newsarovia.com\/","name":"SMI Gouverna","description":"","publisher":{"@id":"https:\/\/newsarovia.com\/#organization"},"potentialAction":[{"@type":"SearchAction","target":{"@type":"EntryPoint","urlTemplate":"https:\/\/newsarovia.com\/?s={search_term_string}"},"query-input":{"@type":"PropertyValueSpecification","valueRequired":true,"valueName":"search_term_string"}}],"inLanguage":"pt-BR"},{"@type":"Organization","@id":"https:\/\/newsarovia.com\/#organization","name":"Gouverna do Seito Majis Imperial","url":"https:\/\/newsarovia.com\/","logo":{"@type":"ImageObject","inLanguage":"pt-BR","@id":"https:\/\/newsarovia.com\/#\/schema\/logo\/image\/","url":"https:\/\/newsarovia.com\/wp-content\/uploads\/2025\/01\/Sarovia-Logo-Words.png","contentUrl":"https:\/\/newsarovia.com\/wp-content\/uploads\/2025\/01\/Sarovia-Logo-Words.png","width":9985,"height":2274,"caption":"Gouverna do Seito Majis Imperial"},"image":{"@id":"https:\/\/newsarovia.com\/#\/schema\/logo\/image\/"}}]}},"_links":{"self":[{"href":"https:\/\/newsarovia.com\/pt\/wp-json\/wp\/v2\/pages\/2078","targetHints":{"allow":["GET"]}}],"collection":[{"href":"https:\/\/newsarovia.com\/pt\/wp-json\/wp\/v2\/pages"}],"about":[{"href":"https:\/\/newsarovia.com\/pt\/wp-json\/wp\/v2\/types\/page"}],"author":[{"embeddable":true,"href":"https:\/\/newsarovia.com\/pt\/wp-json\/wp\/v2\/users\/2"}],"replies":[{"embeddable":true,"href":"https:\/\/newsarovia.com\/pt\/wp-json\/wp\/v2\/comments?post=2078"}],"version-history":[{"count":5,"href":"https:\/\/newsarovia.com\/pt\/wp-json\/wp\/v2\/pages\/2078\/revisions"}],"predecessor-version":[{"id":3181,"href":"https:\/\/newsarovia.com\/pt\/wp-json\/wp\/v2\/pages\/2078\/revisions\/3181"}],"wp:attachment":[{"href":"https:\/\/newsarovia.com\/pt\/wp-json\/wp\/v2\/media?parent=2078"}],"curies":[{"name":"wp","href":"https:\/\/api.w.org\/{rel}","templated":true}]}}