{"id":2104,"date":"2025-02-13T20:21:58","date_gmt":"2025-02-13T20:21:58","guid":{"rendered":"https:\/\/newsarovia.com\/?page_id=2104"},"modified":"2025-06-27T20:21:39","modified_gmt":"2025-06-27T20:21:39","slug":"assembly-of-peers","status":"publish","type":"page","link":"https:\/\/newsarovia.com\/pt\/assembly-of-peers\/","title":{"rendered":"Assembelle eui Nobressos"},"content":{"rendered":"\n<p>Como a assembleia legislativa mais antiga da hist\u00f3ria de Estos, a Assembleia de Pares, ou <em>Assembelle eui Nobressos<\/em>, \u00e9 a c\u00e2mara secund\u00e1ria e superior do Parlamento Imperial. Representando uma hist\u00f3ria antiga e hist\u00f3rica que \u00e9 respons\u00e1vel pelo surgimento da vida pol\u00edtica Saroviana, a Assembleia de Pares \u00e9 a principal respons\u00e1vel pela quebra do absolutismo imperial e pelo in\u00edcio da democracia Saroviana. A Assembleia em seu estado moderno, agora mais diferente do que nunca, pode ser rastreada at\u00e9 o momento em que Consteynnos IX concedeu a <strong>Carta do Parlamento Imperial<\/strong> aos Sarovianos, que orienta os procedimentos, as regras e os poderes do Parlamento.<\/p>\n\n\n\n<p>Assim como a C\u00e2mara Baixa, a C\u00e2mara dos Comuns ou <em>Masson eui Comunos<\/em>, a Assembleia se re\u00fane em Sarholm, Nova Sarovia. Como uma c\u00e2mara da nobreza do Soberano, a Assembleia dos Pares trabalha para oferecer um pensamento forte, s\u00f3brio e s\u00e1bio \u00e0 C\u00e2mara dos Comuns partid\u00e1ria.<\/p>\n\n\n\n<div class=\"wp-block-columns is-layout-flex wp-container-core-columns-is-layout-28f84493 wp-block-columns-is-layout-flex\">\n<div class=\"wp-block-column is-layout-flow wp-block-column-is-layout-flow\">\n<div class=\"wp-block-columns is-layout-flex wp-container-core-columns-is-layout-d2a8f814 wp-block-columns-is-layout-flex\" style=\"padding-top:0;padding-bottom:0\">\n<div class=\"wp-block-column is-layout-flow wp-block-column-is-layout-flow\" style=\"flex-basis:37%\">\n<figure class=\"wp-block-image size-large is-style-rounded\"><img loading=\"lazy\" decoding=\"async\" width=\"1024\" height=\"1024\" src=\"https:\/\/newsarovia.com\/wp-content\/uploads\/2025\/06\/Robert_circle-1024x1024.png\" alt=\"\" class=\"wp-image-3160\" srcset=\"https:\/\/newsarovia.com\/wp-content\/uploads\/2025\/06\/Robert_circle-1024x1024.png 1024w, https:\/\/newsarovia.com\/wp-content\/uploads\/2025\/06\/Robert_circle-300x300.png 300w, https:\/\/newsarovia.com\/wp-content\/uploads\/2025\/06\/Robert_circle-150x150.png 150w, https:\/\/newsarovia.com\/wp-content\/uploads\/2025\/06\/Robert_circle-768x768.png 768w, https:\/\/newsarovia.com\/wp-content\/uploads\/2025\/06\/Robert_circle-1536x1536.png 1536w, https:\/\/newsarovia.com\/wp-content\/uploads\/2025\/06\/Robert_circle.png 2048w\" sizes=\"auto, (max-width: 1024px) 100vw, 1024px\" \/><\/figure>\n<\/div>\n\n\n\n<div class=\"wp-block-column is-layout-flow wp-block-column-is-layout-flow\" style=\"flex-basis:25%\">\n<figure class=\"wp-block-image aligncenter size-large is-resized\" style=\"margin-top:var(--wp--preset--spacing--superbspacing-medium);margin-bottom:0\"><img loading=\"lazy\" decoding=\"async\" width=\"439\" height=\"1024\" src=\"https:\/\/newsarovia.com\/wp-content\/uploads\/2025\/02\/Assembly-of-Peers-CXIII-439x1024.png\" alt=\"\" class=\"wp-image-2092\" style=\"width:150px;height:auto\" srcset=\"https:\/\/newsarovia.com\/wp-content\/uploads\/2025\/02\/Assembly-of-Peers-CXIII-439x1024.png 439w, https:\/\/newsarovia.com\/wp-content\/uploads\/2025\/02\/Assembly-of-Peers-CXIII-128x300.png 128w, https:\/\/newsarovia.com\/wp-content\/uploads\/2025\/02\/Assembly-of-Peers-CXIII-768x1793.png 768w, https:\/\/newsarovia.com\/wp-content\/uploads\/2025\/02\/Assembly-of-Peers-CXIII-658x1536.png 658w, https:\/\/newsarovia.com\/wp-content\/uploads\/2025\/02\/Assembly-of-Peers-CXIII-877x2048.png 877w, https:\/\/newsarovia.com\/wp-content\/uploads\/2025\/02\/Assembly-of-Peers-CXIII.png 1440w\" sizes=\"auto, (max-width: 439px) 100vw, 439px\" \/><\/figure>\n<\/div>\n\n\n\n<div class=\"wp-block-column is-layout-flow wp-block-column-is-layout-flow\" style=\"flex-basis:37%\">\n<figure class=\"wp-block-image size-large is-style-rounded\"><img loading=\"lazy\" decoding=\"async\" width=\"1024\" height=\"1024\" src=\"https:\/\/newsarovia.com\/wp-content\/uploads\/2025\/06\/Margaret_circle-1024x1024.png\" alt=\"\" class=\"wp-image-3159\" srcset=\"https:\/\/newsarovia.com\/wp-content\/uploads\/2025\/06\/Margaret_circle-1024x1024.png 1024w, https:\/\/newsarovia.com\/wp-content\/uploads\/2025\/06\/Margaret_circle-300x300.png 300w, https:\/\/newsarovia.com\/wp-content\/uploads\/2025\/06\/Margaret_circle-150x150.png 150w, https:\/\/newsarovia.com\/wp-content\/uploads\/2025\/06\/Margaret_circle-768x768.png 768w, https:\/\/newsarovia.com\/wp-content\/uploads\/2025\/06\/Margaret_circle-1536x1536.png 1536w, https:\/\/newsarovia.com\/wp-content\/uploads\/2025\/06\/Margaret_circle.png 2048w\" sizes=\"auto, (max-width: 1024px) 100vw, 1024px\" \/><\/figure>\n<\/div>\n<\/div>\n<\/div>\n<\/div>\n\n\n\n<div class=\"wp-block-columns is-layout-flex wp-container-core-columns-is-layout-d2a8f814 wp-block-columns-is-layout-flex\" style=\"padding-top:0;padding-bottom:0\">\n<div class=\"wp-block-column is-layout-flow wp-block-column-is-layout-flow\" style=\"flex-basis:37%\">\n<h3 class=\"wp-block-heading has-text-align-center has-primary-color has-text-color has-link-color wp-elements-4fa62463ffdb64c663401b8b5b1b22fc\" style=\"font-size:clamp(18.434px, 1.152rem + ((1vw - 3.2px) * 1.201), 29px);\">LORDE-FALARIZO<\/h3>\n<\/div>\n\n\n\n<div class=\"wp-block-column is-layout-flow wp-block-column-is-layout-flow\" style=\"flex-basis:25%\"><\/div>\n\n\n\n<div class=\"wp-block-column is-layout-flow wp-block-column-is-layout-flow\" style=\"flex-basis:37%\">\n<h3 class=\"wp-block-heading has-text-align-center has-primary-color has-text-color has-link-color wp-elements-93a76466334ae5b8b4e550f4acb3fae3\" style=\"font-size:clamp(17.905px, 1.119rem + ((1vw - 3.2px) * 1.147), 28px);\">KEPARIZO EUI TEL SEGELLE PREVATO<\/h3>\n<\/div>\n<\/div>\n\n\n\n<div class=\"wp-block-columns is-layout-flex wp-container-core-columns-is-layout-28f84493 wp-block-columns-is-layout-flex\">\n<div class=\"wp-block-column is-layout-flow wp-block-column-is-layout-flow\">\n<figure class=\"wp-block-image aligncenter size-full is-resized\"><img loading=\"lazy\" decoding=\"async\" width=\"1024\" height=\"526\" src=\"https:\/\/newsarovia.com\/wp-content\/uploads\/2025\/06\/assemblyofpeers.png\" alt=\"\" class=\"wp-image-3163\" style=\"width:823px;height:auto\" srcset=\"https:\/\/newsarovia.com\/wp-content\/uploads\/2025\/06\/assemblyofpeers.png 1024w, https:\/\/newsarovia.com\/wp-content\/uploads\/2025\/06\/assemblyofpeers-300x154.png 300w, https:\/\/newsarovia.com\/wp-content\/uploads\/2025\/06\/assemblyofpeers-768x395.png 768w\" sizes=\"auto, (max-width: 1024px) 100vw, 1024px\" \/><\/figure>\n\n\n\n<div style=\"height:50px\" aria-hidden=\"true\" class=\"wp-block-spacer\"><\/div>\n<\/div>\n<\/div>\n\n\n\n<div class=\"wp-block-columns is-layout-flex wp-container-core-columns-is-layout-28f84493 wp-block-columns-is-layout-flex\">\n<div class=\"wp-block-column is-layout-flow wp-block-column-is-layout-flow\">\n<figure style=\"opacity: 0;\" superb-addons-animation=\"fadeIn\" class=\"wp-block-image aligncenter size-large is-resized\"><img loading=\"lazy\" decoding=\"async\" width=\"1024\" height=\"1024\" src=\"https:\/\/newsarovia.com\/wp-content\/uploads\/2025\/02\/Lib1-1024x1024.png\" alt=\"\" class=\"wp-image-2097\" style=\"width:50px;height:auto\" srcset=\"https:\/\/newsarovia.com\/wp-content\/uploads\/2025\/02\/Lib1-1024x1024.png 1024w, https:\/\/newsarovia.com\/wp-content\/uploads\/2025\/02\/Lib1-300x300.png 300w, https:\/\/newsarovia.com\/wp-content\/uploads\/2025\/02\/Lib1-150x150.png 150w, https:\/\/newsarovia.com\/wp-content\/uploads\/2025\/02\/Lib1-768x768.png 768w, https:\/\/newsarovia.com\/wp-content\/uploads\/2025\/02\/Lib1-1536x1536.png 1536w, https:\/\/newsarovia.com\/wp-content\/uploads\/2025\/02\/Lib1-2048x2048.png 2048w\" sizes=\"auto, (max-width: 1024px) 100vw, 1024px\" \/><\/figure>\n\n\n\n<h3 class=\"wp-block-heading has-text-align-center has-primary-color has-text-color has-link-color wp-elements-ee1caa98ddb3487d990cc06369de1641\">Liberellizos<\/h3>\n\n\n\n<p class=\"has-text-align-center\"><strong>S.T.I TEL PRINZESSE EUI CUIVE<\/strong><br><em>D. Margea Vasa<\/em> <em><strong>(Kep. eui tel Seg. Prev.)<\/strong><\/em><\/p>\n\n\n\n<p class=\"has-text-align-center\"><strong>DUC EUI BELBATA<\/strong><br><em>D. Itteus Kaine<\/em><\/p>\n\n\n\n<p class=\"has-text-align-center\"><strong><strong>ARLE TEMLAR<\/strong><\/strong><br><em>Roberte Lyon<\/em> <strong><em>(L. Falarizo)<\/em><\/strong><\/p>\n<\/div>\n\n\n\n<div class=\"wp-block-column is-layout-flow wp-block-column-is-layout-flow\">\n<figure style=\"opacity: 0;\" superb-addons-animation=\"fadeIn\" class=\"wp-block-image aligncenter size-large is-resized\"><img loading=\"lazy\" decoding=\"async\" width=\"1024\" height=\"1024\" src=\"https:\/\/newsarovia.com\/wp-content\/uploads\/2025\/02\/Con2-1024x1024.png\" alt=\"\" class=\"wp-image-2096\" style=\"width:50px;height:auto\" srcset=\"https:\/\/newsarovia.com\/wp-content\/uploads\/2025\/02\/Con2-1024x1024.png 1024w, https:\/\/newsarovia.com\/wp-content\/uploads\/2025\/02\/Con2-300x300.png 300w, https:\/\/newsarovia.com\/wp-content\/uploads\/2025\/02\/Con2-150x150.png 150w, https:\/\/newsarovia.com\/wp-content\/uploads\/2025\/02\/Con2-768x768.png 768w, https:\/\/newsarovia.com\/wp-content\/uploads\/2025\/02\/Con2-1536x1536.png 1536w, https:\/\/newsarovia.com\/wp-content\/uploads\/2025\/02\/Con2-2048x2048.png 2048w\" sizes=\"auto, (max-width: 1024px) 100vw, 1024px\" \/><\/figure>\n\n\n\n<h3 class=\"wp-block-heading has-text-align-center has-primary-color has-text-color has-link-color wp-elements-ec7067007bb514f5ab0180bcb9629c18\">Custovizos<\/h3>\n\n\n\n<p class=\"has-text-align-center\"><strong>S.T.I TEL PRINZIP EUI CUIVE<\/strong><br><em>D. Ioan Vasa<\/em><\/p>\n\n\n\n<p class=\"has-text-align-center\"><strong>ARLE EUI NAFETIA<\/strong><br><em>D. Iafaros tel-Assalle<\/em><\/p>\n\n\n\n<p class=\"has-text-align-center\"><strong>ARLESSE TEMLAR<\/strong><br><em>D. Baidera Lyon <strong>(Lita eui tel Assembelle)<\/strong><\/em><\/p>\n\n\n\n<p class=\"has-text-align-center\"><strong>DUC EUI VURGOS<\/strong><br><em>D. Fridaros Casdaros<\/em><\/p>\n\n\n\n<p class=\"has-text-align-center\"><strong><strong>VISARLE CAMROSE<\/strong><\/strong><br><em>Raefe Manalo<\/em><\/p>\n<\/div>\n\n\n\n<div class=\"wp-block-column is-layout-flow wp-block-column-is-layout-flow\">\n<figure style=\"opacity: 0;\" superb-addons-animation=\"fadeIn\" class=\"wp-block-image aligncenter size-large is-resized\"><img loading=\"lazy\" decoding=\"async\" width=\"1024\" height=\"1024\" src=\"https:\/\/newsarovia.com\/wp-content\/uploads\/2025\/02\/ind-1024x1024.png\" alt=\"\" class=\"wp-image-2100\" style=\"width:50px;height:auto\" srcset=\"https:\/\/newsarovia.com\/wp-content\/uploads\/2025\/02\/ind-1024x1024.png 1024w, https:\/\/newsarovia.com\/wp-content\/uploads\/2025\/02\/ind-300x300.png 300w, https:\/\/newsarovia.com\/wp-content\/uploads\/2025\/02\/ind-150x150.png 150w, https:\/\/newsarovia.com\/wp-content\/uploads\/2025\/02\/ind-768x768.png 768w, https:\/\/newsarovia.com\/wp-content\/uploads\/2025\/02\/ind-1536x1536.png 1536w, https:\/\/newsarovia.com\/wp-content\/uploads\/2025\/02\/ind-2048x2048.png 2048w\" sizes=\"auto, (max-width: 1024px) 100vw, 1024px\" \/><\/figure>\n\n\n\n<h3 class=\"wp-block-heading has-text-align-center has-primary-color has-text-color has-link-color wp-elements-ea81ff1fc861f0c686dd7b96dd2c7a74\">Grup <strong>Seclus<\/strong><\/h3>\n\n\n\n<p class=\"has-text-align-center\"><strong>ARLESSE EUI VERES<\/strong><br><em>Willaina Lyon<\/em><\/p>\n\n\n\n<p class=\"has-text-align-center\"><strong>VISARLE LORVALLE<\/strong><br>D. <em>Albaros Vasa<\/em><\/p>\n\n\n\n<p class=\"has-text-align-center\"><strong>BARANESSE VALT<\/strong><br><em>Opalia Manalo<\/em><\/p>\n\n\n\n<p class=\"has-text-align-center\"><strong><strong>BARAN VICTORIA<\/strong><\/strong><br><em>Chostofe Braganza<\/em><\/p>\n<\/div>\n<\/div>\n\n\n\n<p><\/p>\n","protected":false},"excerpt":{"rendered":"<p>Como a assembleia legislativa mais antiga da hist\u00f3ria de Estos, a Assembleia de Pares, ou Assembelle eui Nobressos, \u00e9 a c\u00e2mara secund\u00e1ria e superior do Parlamento Imperial. Representando uma hist\u00f3ria antiga e hist\u00f3rica que \u00e9 respons\u00e1vel pelo surgimento da vida pol\u00edtica Saroviana, a Assembleia de Pares \u00e9 a principal respons\u00e1vel pela quebra do absolutismo imperial [&hellip;]<\/p>\n","protected":false},"author":2,"featured_media":0,"parent":0,"menu_order":0,"comment_status":"closed","ping_status":"closed","template":"","meta":{"footnotes":""},"class_list":["post-2104","page","type-page","status-publish","hentry"],"yoast_head":"<!-- This site is optimized with the Yoast SEO plugin v27.5 - https:\/\/yoast.com\/product\/yoast-seo-wordpress\/ -->\n<title>Assembelle eui Nobressos - SMI Gouverna<\/title>\n<meta name=\"robots\" content=\"index, follow, max-snippet:-1, max-image-preview:large, max-video-preview:-1\" \/>\n<link rel=\"canonical\" href=\"https:\/\/newsarovia.com\/pt\/assembly-of-peers\/\" \/>\n<meta property=\"og:locale\" content=\"pt_BR\" \/>\n<meta property=\"og:locale:alternate\" content=\"en_US\" \/>\n<meta property=\"og:type\" content=\"article\" \/>\n<meta property=\"og:title\" content=\"Assembelle eui Nobressos\" \/>\n<meta property=\"og:description\" content=\"Como a assembleia legislativa mais antiga da hist\u00f3ria de Estos, a Assembleia de Pares, ou Assembelle eui Nobressos, \u00e9 a c\u00e2mara secund\u00e1ria e superior do Parlamento Imperial. Representando uma hist\u00f3ria antiga e hist\u00f3rica que \u00e9 respons\u00e1vel pelo surgimento da vida pol\u00edtica Saroviana, a Assembleia de Pares \u00e9 a principal respons\u00e1vel pela quebra do absolutismo imperial [&hellip;]\" \/>\n<meta property=\"og:url\" content=\"https:\/\/newsarovia.com\/pt\/assembly-of-peers\/\" \/>\n<meta property=\"og:site_name\" content=\"SMI Gouverna\" \/>\n<meta property=\"article:modified_time\" content=\"2025-06-27T20:21:39+00:00\" \/>\n<meta property=\"og:image\" content=\"https:\/\/newsarovia.com\/wp-content\/uploads\/2025\/06\/Robert_circle.png\" \/>\n\t<meta property=\"og:image:width\" content=\"2048\" \/>\n\t<meta property=\"og:image:height\" content=\"2048\" \/>\n\t<meta property=\"og:image:type\" content=\"image\/png\" \/>\n<meta name=\"twitter:card\" content=\"summary_large_image\" \/>\n<meta name=\"twitter:label1\" content=\"Est. tempo de leitura\" \/>\n\t<meta name=\"twitter:data1\" content=\"3 minutos\" \/>\n<script type=\"application\/ld+json\" class=\"yoast-schema-graph\">{\"@context\":\"https:\\\/\\\/schema.org\",\"@graph\":[{\"@type\":\"WebPage\",\"@id\":\"https:\\\/\\\/newsarovia.com\\\/pt\\\/assembly-of-peers\\\/\",\"url\":\"https:\\\/\\\/newsarovia.com\\\/pt\\\/assembly-of-peers\\\/\",\"name\":\"Assembelle eui Nobressos\",\"isPartOf\":{\"@id\":\"https:\\\/\\\/newsarovia.com\\\/#website\"},\"primaryImageOfPage\":{\"@id\":\"https:\\\/\\\/newsarovia.com\\\/pt\\\/assembly-of-peers\\\/#primaryimage\"},\"image\":{\"@id\":\"https:\\\/\\\/newsarovia.com\\\/pt\\\/assembly-of-peers\\\/#primaryimage\"},\"thumbnailUrl\":\"https:\\\/\\\/newsarovia.com\\\/wp-content\\\/uploads\\\/2025\\\/06\\\/Robert_circle-1024x1024.png\",\"datePublished\":\"2025-02-13T20:21:58+00:00\",\"dateModified\":\"2025-06-27T20:21:39+00:00\",\"breadcrumb\":{\"@id\":\"https:\\\/\\\/newsarovia.com\\\/pt\\\/assembly-of-peers\\\/#breadcrumb\"},\"inLanguage\":\"pt-BR\",\"potentialAction\":[{\"@type\":\"ReadAction\",\"target\":[\"https:\\\/\\\/newsarovia.com\\\/pt\\\/assembly-of-peers\\\/\"]}]},{\"@type\":\"ImageObject\",\"inLanguage\":\"pt-BR\",\"@id\":\"https:\\\/\\\/newsarovia.com\\\/pt\\\/assembly-of-peers\\\/#primaryimage\",\"url\":\"https:\\\/\\\/newsarovia.com\\\/wp-content\\\/uploads\\\/2025\\\/06\\\/Robert_circle-1024x1024.png\",\"contentUrl\":\"https:\\\/\\\/newsarovia.com\\\/wp-content\\\/uploads\\\/2025\\\/06\\\/Robert_circle-1024x1024.png\"},{\"@type\":\"BreadcrumbList\",\"@id\":\"https:\\\/\\\/newsarovia.com\\\/pt\\\/assembly-of-peers\\\/#breadcrumb\",\"itemListElement\":[{\"@type\":\"ListItem\",\"position\":1,\"name\":\"Home\",\"item\":\"https:\\\/\\\/newsarovia.com\\\/\"},{\"@type\":\"ListItem\",\"position\":2,\"name\":\"Assembelle eui Nobressos\"}]},{\"@type\":\"WebSite\",\"@id\":\"https:\\\/\\\/newsarovia.com\\\/#website\",\"url\":\"https:\\\/\\\/newsarovia.com\\\/\",\"name\":\"SMI Gouverna\",\"description\":\"\",\"publisher\":{\"@id\":\"https:\\\/\\\/newsarovia.com\\\/#organization\"},\"potentialAction\":[{\"@type\":\"SearchAction\",\"target\":{\"@type\":\"EntryPoint\",\"urlTemplate\":\"https:\\\/\\\/newsarovia.com\\\/?s={search_term_string}\"},\"query-input\":{\"@type\":\"PropertyValueSpecification\",\"valueRequired\":true,\"valueName\":\"search_term_string\"}}],\"inLanguage\":\"pt-BR\"},{\"@type\":\"Organization\",\"@id\":\"https:\\\/\\\/newsarovia.com\\\/#organization\",\"name\":\"Gouverna do Seito Majis Imperial\",\"url\":\"https:\\\/\\\/newsarovia.com\\\/\",\"logo\":{\"@type\":\"ImageObject\",\"inLanguage\":\"pt-BR\",\"@id\":\"https:\\\/\\\/newsarovia.com\\\/#\\\/schema\\\/logo\\\/image\\\/\",\"url\":\"https:\\\/\\\/newsarovia.com\\\/wp-content\\\/uploads\\\/2025\\\/01\\\/Sarovia-Logo-Words.png\",\"contentUrl\":\"https:\\\/\\\/newsarovia.com\\\/wp-content\\\/uploads\\\/2025\\\/01\\\/Sarovia-Logo-Words.png\",\"width\":9985,\"height\":2274,\"caption\":\"Gouverna do Seito Majis Imperial\"},\"image\":{\"@id\":\"https:\\\/\\\/newsarovia.com\\\/#\\\/schema\\\/logo\\\/image\\\/\"}}]}<\/script>\n<!-- \/ Yoast SEO plugin. -->","yoast_head_json":{"title":"Assembelle eui Nobressos - SMI Gouverna","robots":{"index":"index","follow":"follow","max-snippet":"max-snippet:-1","max-image-preview":"max-image-preview:large","max-video-preview":"max-video-preview:-1"},"canonical":"https:\/\/newsarovia.com\/pt\/assembly-of-peers\/","og_locale":"pt_BR","og_type":"article","og_title":"[:en]Assembelle eui Nobressos[:] - SMI Gouverna","og_description":"Como a assembleia legislativa mais antiga da hist\u00f3ria de Estos, a Assembleia de Pares, ou Assembelle eui Nobressos, \u00e9 a c\u00e2mara secund\u00e1ria e superior do Parlamento Imperial. Representando uma hist\u00f3ria antiga e hist\u00f3rica que \u00e9 respons\u00e1vel pelo surgimento da vida pol\u00edtica Saroviana, a Assembleia de Pares \u00e9 a principal respons\u00e1vel pela quebra do absolutismo imperial [&hellip;]","og_url":"https:\/\/newsarovia.com\/pt\/assembly-of-peers\/","og_site_name":"SMI Gouverna","article_modified_time":"2025-06-27T20:21:39+00:00","og_image":[{"width":2048,"height":2048,"url":"https:\/\/newsarovia.com\/wp-content\/uploads\/2025\/06\/Robert_circle.png","type":"image\/png"}],"twitter_card":"summary_large_image","twitter_misc":{"Est. tempo de leitura":"3 minutos"},"schema":{"@context":"https:\/\/schema.org","@graph":[{"@type":"WebPage","@id":"https:\/\/newsarovia.com\/pt\/assembly-of-peers\/","url":"https:\/\/newsarovia.com\/pt\/assembly-of-peers\/","name":"Assembelle eui Nobressos","isPartOf":{"@id":"https:\/\/newsarovia.com\/#website"},"primaryImageOfPage":{"@id":"https:\/\/newsarovia.com\/pt\/assembly-of-peers\/#primaryimage"},"image":{"@id":"https:\/\/newsarovia.com\/pt\/assembly-of-peers\/#primaryimage"},"thumbnailUrl":"https:\/\/newsarovia.com\/wp-content\/uploads\/2025\/06\/Robert_circle-1024x1024.png","datePublished":"2025-02-13T20:21:58+00:00","dateModified":"2025-06-27T20:21:39+00:00","breadcrumb":{"@id":"https:\/\/newsarovia.com\/pt\/assembly-of-peers\/#breadcrumb"},"inLanguage":"pt-BR","potentialAction":[{"@type":"ReadAction","target":["https:\/\/newsarovia.com\/pt\/assembly-of-peers\/"]}]},{"@type":"ImageObject","inLanguage":"pt-BR","@id":"https:\/\/newsarovia.com\/pt\/assembly-of-peers\/#primaryimage","url":"https:\/\/newsarovia.com\/wp-content\/uploads\/2025\/06\/Robert_circle-1024x1024.png","contentUrl":"https:\/\/newsarovia.com\/wp-content\/uploads\/2025\/06\/Robert_circle-1024x1024.png"},{"@type":"BreadcrumbList","@id":"https:\/\/newsarovia.com\/pt\/assembly-of-peers\/#breadcrumb","itemListElement":[{"@type":"ListItem","position":1,"name":"Home","item":"https:\/\/newsarovia.com\/"},{"@type":"ListItem","position":2,"name":"Assembelle eui Nobressos"}]},{"@type":"WebSite","@id":"https:\/\/newsarovia.com\/#website","url":"https:\/\/newsarovia.com\/","name":"SMI Gouverna","description":"","publisher":{"@id":"https:\/\/newsarovia.com\/#organization"},"potentialAction":[{"@type":"SearchAction","target":{"@type":"EntryPoint","urlTemplate":"https:\/\/newsarovia.com\/?s={search_term_string}"},"query-input":{"@type":"PropertyValueSpecification","valueRequired":true,"valueName":"search_term_string"}}],"inLanguage":"pt-BR"},{"@type":"Organization","@id":"https:\/\/newsarovia.com\/#organization","name":"Gouverna do Seito Majis Imperial","url":"https:\/\/newsarovia.com\/","logo":{"@type":"ImageObject","inLanguage":"pt-BR","@id":"https:\/\/newsarovia.com\/#\/schema\/logo\/image\/","url":"https:\/\/newsarovia.com\/wp-content\/uploads\/2025\/01\/Sarovia-Logo-Words.png","contentUrl":"https:\/\/newsarovia.com\/wp-content\/uploads\/2025\/01\/Sarovia-Logo-Words.png","width":9985,"height":2274,"caption":"Gouverna do Seito Majis Imperial"},"image":{"@id":"https:\/\/newsarovia.com\/#\/schema\/logo\/image\/"}}]}},"_links":{"self":[{"href":"https:\/\/newsarovia.com\/pt\/wp-json\/wp\/v2\/pages\/2104","targetHints":{"allow":["GET"]}}],"collection":[{"href":"https:\/\/newsarovia.com\/pt\/wp-json\/wp\/v2\/pages"}],"about":[{"href":"https:\/\/newsarovia.com\/pt\/wp-json\/wp\/v2\/types\/page"}],"author":[{"embeddable":true,"href":"https:\/\/newsarovia.com\/pt\/wp-json\/wp\/v2\/users\/2"}],"replies":[{"embeddable":true,"href":"https:\/\/newsarovia.com\/pt\/wp-json\/wp\/v2\/comments?post=2104"}],"version-history":[{"count":5,"href":"https:\/\/newsarovia.com\/pt\/wp-json\/wp\/v2\/pages\/2104\/revisions"}],"predecessor-version":[{"id":3165,"href":"https:\/\/newsarovia.com\/pt\/wp-json\/wp\/v2\/pages\/2104\/revisions\/3165"}],"wp:attachment":[{"href":"https:\/\/newsarovia.com\/pt\/wp-json\/wp\/v2\/media?parent=2104"}],"curies":[{"name":"wp","href":"https:\/\/api.w.org\/{rel}","templated":true}]}}