{"id":2547,"date":"2025-03-15T00:52:52","date_gmt":"2025-03-15T00:52:52","guid":{"rendered":"https:\/\/newsarovia.com\/?page_id=2547"},"modified":"2025-04-15T22:49:41","modified_gmt":"2025-04-15T22:49:41","slug":"budget-and-expenditure","status":"publish","type":"page","link":"https:\/\/newsarovia.com\/pt\/budget-and-expenditure\/","title":{"rendered":"Budget and Expenditure"},"content":{"rendered":"\n<p>O <strong>Or\u00e7amento Saroviano<\/strong> \u00e9 a espinha dorsal financeira do Novo Imp\u00e9rio Saroviano, garantindo a estabilidade, a seguran\u00e7a e a prosperidade de seu povo e do pa\u00eds. O Or\u00e7amento faz tudo: financia os sal\u00e1rios dos funcion\u00e1rios p\u00fablicos que administram o governo, apoia as For\u00e7as Armadas Imperiais Sarovianas (ISAF) na manuten\u00e7\u00e3o da defesa nacional, bem como no pagamento de soldados e marinheiros, e prov\u00ea o crescimento cont\u00ednuo da infraestrutura, do com\u00e9rcio e da ind\u00fastria em todo o Imp\u00e9rio, em conformidade com a <em>Declara\u00e7\u00e3o de Leda.<\/em><\/p>\n\n\n\n<p>Proposto pelo menos a cada tr\u00eas meses pelo Ministro das Finan\u00e7as com o aux\u00edlio do Presidente do Conselho do Tesouro, o Or\u00e7amento \u00e9 cuidadosamente estruturado. Ele define impostos, receitas governamentais, despesas futuras, est\u00edmulos governamentais e planejamento econ\u00f4mico para equilibrar as necessidades do Imp\u00e9rio com a prosperidade de seus cidad\u00e3os. Ele determina gastos militares, servi\u00e7os p\u00fablicos e investimentos em setores-chave, garantindo ao mesmo tempo a for\u00e7a cont\u00ednua de Sarovia no cen\u00e1rio global.<\/p>\n\n\n\n<p>O Fundo Consolidado da Receita, administrado pelo governo, supervisiona a arrecada\u00e7\u00e3o de impostos e a distribui\u00e7\u00e3o de receitas para manter a efici\u00eancia e a responsabilidade fiscal. Fortalecido por um Fundo Soberano criado pelo <em>Primo Ministoro D. Albaros Vasa<\/em>, o Fundo s\u00f3 \u00e9 acess\u00edvel a Ministros que solicitam fundos por meio de um processo conhecido como apropria\u00e7\u00e3o, aprovado pelo Presidente do Conselho do Tesouro.<\/p>\n\n\n\n<h2 class=\"wp-block-heading has-primary-color has-text-color has-link-color wp-elements-9eedab51807e80a9dc9a623d1746930f\" style=\"font-size:clamp(22.041px, 1.378rem + ((1vw - 3.2px) * 1.586), 36px);\">Proje\u00e7\u00f5es Or\u00e7ament\u00e1rias Atuais<\/h2>\n\n\n\n<div class=\"wp-block-columns is-layout-flex wp-container-core-columns-is-layout-28f84493 wp-block-columns-is-layout-flex\">\n<div class=\"wp-block-column is-layout-flow wp-block-column-is-layout-flow\">\n<h2 class=\"wp-block-heading has-mono-2-color has-text-color has-link-color wp-elements-a72d1db939c92be3cc5ebf5a472cb1ca\" style=\"font-size:clamp(15.747px, 0.984rem + ((1vw - 3.2px) * 0.938), 24px);\">Rendas Governamentais<\/h2>\n\n\n\n<p>O Governo espera receber <strong>2.830.835Sr<\/strong> nos pr\u00f3ximos tr\u00eas anos Stefanicos, com a maior parte (1,476 M) da renda proveniente da produ\u00e7\u00e3o territorial de bens e recursos da <em>Declara\u00e7\u00e3o de Leda<\/em>, seguida pelo imposto de renda (~1 M).<\/p>\n\n\n\n<figure class=\"wp-block-image size-full has-custom-border\"><img loading=\"lazy\" decoding=\"async\" width=\"600\" height=\"371\" src=\"https:\/\/newsarovia.com\/wp-content\/uploads\/2025\/03\/Summary-Table-Income.png\" alt=\"\" class=\"has-border-color wp-image-2552\" style=\"border-color:#737373;border-width:2px;border-radius:0px\" srcset=\"https:\/\/newsarovia.com\/wp-content\/uploads\/2025\/03\/Summary-Table-Income.png 600w, https:\/\/newsarovia.com\/wp-content\/uploads\/2025\/03\/Summary-Table-Income-300x186.png 300w\" sizes=\"auto, (max-width: 600px) 100vw, 600px\" \/><\/figure>\n<\/div>\n\n\n\n<div class=\"wp-block-column is-layout-flow wp-block-column-is-layout-flow\">\n<h2 class=\"wp-block-heading has-mono-2-color has-text-color has-link-color wp-elements-20adfe1198ea45e38f32d21e0bca3fac\" style=\"font-size:clamp(15.747px, 0.984rem + ((1vw - 3.2px) * 0.938), 24px);\">Despesas Governamentais<\/h2>\n\n\n\n<p>O Governo espera ter <strong>2.807.500Sr<\/strong> em despesas nos pr\u00f3ximos tr\u00eas anos Stefanicos, com sal\u00e1rios de funcion\u00e1rios p\u00fablicos e do Ex\u00e9rcito e Marinha Imperiais absorvendo a grande maioria das despesas (1,7M), seguidos por eventos e pagamentos de treinamento (707k).<\/p>\n\n\n\n<figure class=\"wp-block-image size-full has-custom-border\"><img loading=\"lazy\" decoding=\"async\" width=\"600\" height=\"371\" src=\"https:\/\/newsarovia.com\/wp-content\/uploads\/2025\/03\/SUMMARY-TABLE.png\" alt=\"\" class=\"has-border-color has-mono-2-border-color wp-image-2554\" style=\"border-width:2px\" srcset=\"https:\/\/newsarovia.com\/wp-content\/uploads\/2025\/03\/SUMMARY-TABLE.png 600w, https:\/\/newsarovia.com\/wp-content\/uploads\/2025\/03\/SUMMARY-TABLE-300x186.png 300w\" sizes=\"auto, (max-width: 600px) 100vw, 600px\" \/><\/figure>\n<\/div>\n<\/div>\n","protected":false},"excerpt":{"rendered":"<p>O Or\u00e7amento Saroviano \u00e9 a espinha dorsal financeira do Novo Imp\u00e9rio Saroviano, garantindo a estabilidade, a seguran\u00e7a e a prosperidade de seu povo e do pa\u00eds. O Or\u00e7amento faz tudo: financia os sal\u00e1rios dos funcion\u00e1rios p\u00fablicos que administram o governo, apoia as For\u00e7as Armadas Imperiais Sarovianas (ISAF) na manuten\u00e7\u00e3o da defesa nacional, bem como no [&hellip;]<\/p>\n","protected":false},"author":2,"featured_media":0,"parent":0,"menu_order":0,"comment_status":"closed","ping_status":"closed","template":"","meta":{"footnotes":""},"class_list":["post-2547","page","type-page","status-publish","hentry"],"yoast_head":"<!-- This site is optimized with the Yoast SEO plugin v27.5 - https:\/\/yoast.com\/product\/yoast-seo-wordpress\/ -->\n<title>Budget and Expenditure - SMI Gouverna<\/title>\n<meta name=\"robots\" content=\"index, follow, max-snippet:-1, max-image-preview:large, max-video-preview:-1\" \/>\n<link rel=\"canonical\" href=\"https:\/\/newsarovia.com\/pt\/budget-and-expenditure\/\" \/>\n<meta property=\"og:locale\" content=\"pt_BR\" \/>\n<meta property=\"og:locale:alternate\" content=\"en_US\" \/>\n<meta property=\"og:type\" content=\"article\" \/>\n<meta property=\"og:title\" content=\"Budget and Expenditure\" \/>\n<meta property=\"og:description\" content=\"O Or\u00e7amento Saroviano \u00e9 a espinha dorsal financeira do Novo Imp\u00e9rio Saroviano, garantindo a estabilidade, a seguran\u00e7a e a prosperidade de seu povo e do pa\u00eds. O Or\u00e7amento faz tudo: financia os sal\u00e1rios dos funcion\u00e1rios p\u00fablicos que administram o governo, apoia as For\u00e7as Armadas Imperiais Sarovianas (ISAF) na manuten\u00e7\u00e3o da defesa nacional, bem como no [&hellip;]\" \/>\n<meta property=\"og:url\" content=\"https:\/\/newsarovia.com\/pt\/budget-and-expenditure\/\" \/>\n<meta property=\"og:site_name\" content=\"SMI Gouverna\" \/>\n<meta property=\"article:modified_time\" content=\"2025-04-15T22:49:41+00:00\" \/>\n<meta property=\"og:image\" content=\"https:\/\/newsarovia.com\/wp-content\/uploads\/2025\/03\/Summary-Table-Income.png\" \/>\n\t<meta property=\"og:image:width\" content=\"600\" \/>\n\t<meta property=\"og:image:height\" content=\"371\" \/>\n\t<meta property=\"og:image:type\" content=\"image\/png\" \/>\n<meta name=\"twitter:card\" content=\"summary_large_image\" \/>\n<meta name=\"twitter:label1\" content=\"Est. tempo de leitura\" \/>\n\t<meta name=\"twitter:data1\" content=\"2 minutos\" \/>\n<script type=\"application\/ld+json\" class=\"yoast-schema-graph\">{\"@context\":\"https:\\\/\\\/schema.org\",\"@graph\":[{\"@type\":\"WebPage\",\"@id\":\"https:\\\/\\\/newsarovia.com\\\/pt\\\/budget-and-expenditure\\\/\",\"url\":\"https:\\\/\\\/newsarovia.com\\\/pt\\\/budget-and-expenditure\\\/\",\"name\":\"Budget and Expenditure\",\"isPartOf\":{\"@id\":\"https:\\\/\\\/newsarovia.com\\\/#website\"},\"primaryImageOfPage\":{\"@id\":\"https:\\\/\\\/newsarovia.com\\\/pt\\\/budget-and-expenditure\\\/#primaryimage\"},\"image\":{\"@id\":\"https:\\\/\\\/newsarovia.com\\\/pt\\\/budget-and-expenditure\\\/#primaryimage\"},\"thumbnailUrl\":\"https:\\\/\\\/newsarovia.com\\\/wp-content\\\/uploads\\\/2025\\\/03\\\/Summary-Table-Income.png\",\"datePublished\":\"2025-03-15T00:52:52+00:00\",\"dateModified\":\"2025-04-15T22:49:41+00:00\",\"breadcrumb\":{\"@id\":\"https:\\\/\\\/newsarovia.com\\\/pt\\\/budget-and-expenditure\\\/#breadcrumb\"},\"inLanguage\":\"pt-BR\",\"potentialAction\":[{\"@type\":\"ReadAction\",\"target\":[\"https:\\\/\\\/newsarovia.com\\\/pt\\\/budget-and-expenditure\\\/\"]}]},{\"@type\":\"ImageObject\",\"inLanguage\":\"pt-BR\",\"@id\":\"https:\\\/\\\/newsarovia.com\\\/pt\\\/budget-and-expenditure\\\/#primaryimage\",\"url\":\"https:\\\/\\\/newsarovia.com\\\/wp-content\\\/uploads\\\/2025\\\/03\\\/Summary-Table-Income.png\",\"contentUrl\":\"https:\\\/\\\/newsarovia.com\\\/wp-content\\\/uploads\\\/2025\\\/03\\\/Summary-Table-Income.png\"},{\"@type\":\"BreadcrumbList\",\"@id\":\"https:\\\/\\\/newsarovia.com\\\/pt\\\/budget-and-expenditure\\\/#breadcrumb\",\"itemListElement\":[{\"@type\":\"ListItem\",\"position\":1,\"name\":\"Home\",\"item\":\"https:\\\/\\\/newsarovia.com\\\/\"},{\"@type\":\"ListItem\",\"position\":2,\"name\":\"Budget and Expenditure\"}]},{\"@type\":\"WebSite\",\"@id\":\"https:\\\/\\\/newsarovia.com\\\/#website\",\"url\":\"https:\\\/\\\/newsarovia.com\\\/\",\"name\":\"SMI Gouverna\",\"description\":\"\",\"publisher\":{\"@id\":\"https:\\\/\\\/newsarovia.com\\\/#organization\"},\"potentialAction\":[{\"@type\":\"SearchAction\",\"target\":{\"@type\":\"EntryPoint\",\"urlTemplate\":\"https:\\\/\\\/newsarovia.com\\\/?s={search_term_string}\"},\"query-input\":{\"@type\":\"PropertyValueSpecification\",\"valueRequired\":true,\"valueName\":\"search_term_string\"}}],\"inLanguage\":\"pt-BR\"},{\"@type\":\"Organization\",\"@id\":\"https:\\\/\\\/newsarovia.com\\\/#organization\",\"name\":\"Gouverna do Seito Majis Imperial\",\"url\":\"https:\\\/\\\/newsarovia.com\\\/\",\"logo\":{\"@type\":\"ImageObject\",\"inLanguage\":\"pt-BR\",\"@id\":\"https:\\\/\\\/newsarovia.com\\\/#\\\/schema\\\/logo\\\/image\\\/\",\"url\":\"https:\\\/\\\/newsarovia.com\\\/wp-content\\\/uploads\\\/2025\\\/01\\\/Sarovia-Logo-Words.png\",\"contentUrl\":\"https:\\\/\\\/newsarovia.com\\\/wp-content\\\/uploads\\\/2025\\\/01\\\/Sarovia-Logo-Words.png\",\"width\":9985,\"height\":2274,\"caption\":\"Gouverna do Seito Majis Imperial\"},\"image\":{\"@id\":\"https:\\\/\\\/newsarovia.com\\\/#\\\/schema\\\/logo\\\/image\\\/\"}}]}<\/script>\n<!-- \/ Yoast SEO plugin. -->","yoast_head_json":{"title":"Budget and Expenditure - SMI Gouverna","robots":{"index":"index","follow":"follow","max-snippet":"max-snippet:-1","max-image-preview":"max-image-preview:large","max-video-preview":"max-video-preview:-1"},"canonical":"https:\/\/newsarovia.com\/pt\/budget-and-expenditure\/","og_locale":"pt_BR","og_type":"article","og_title":"[:en]Budget and Expenditure[:] - SMI Gouverna","og_description":"O Or\u00e7amento Saroviano \u00e9 a espinha dorsal financeira do Novo Imp\u00e9rio Saroviano, garantindo a estabilidade, a seguran\u00e7a e a prosperidade de seu povo e do pa\u00eds. O Or\u00e7amento faz tudo: financia os sal\u00e1rios dos funcion\u00e1rios p\u00fablicos que administram o governo, apoia as For\u00e7as Armadas Imperiais Sarovianas (ISAF) na manuten\u00e7\u00e3o da defesa nacional, bem como no [&hellip;]","og_url":"https:\/\/newsarovia.com\/pt\/budget-and-expenditure\/","og_site_name":"SMI Gouverna","article_modified_time":"2025-04-15T22:49:41+00:00","og_image":[{"width":600,"height":371,"url":"https:\/\/newsarovia.com\/wp-content\/uploads\/2025\/03\/Summary-Table-Income.png","type":"image\/png"}],"twitter_card":"summary_large_image","twitter_misc":{"Est. tempo de leitura":"2 minutos"},"schema":{"@context":"https:\/\/schema.org","@graph":[{"@type":"WebPage","@id":"https:\/\/newsarovia.com\/pt\/budget-and-expenditure\/","url":"https:\/\/newsarovia.com\/pt\/budget-and-expenditure\/","name":"Budget and Expenditure","isPartOf":{"@id":"https:\/\/newsarovia.com\/#website"},"primaryImageOfPage":{"@id":"https:\/\/newsarovia.com\/pt\/budget-and-expenditure\/#primaryimage"},"image":{"@id":"https:\/\/newsarovia.com\/pt\/budget-and-expenditure\/#primaryimage"},"thumbnailUrl":"https:\/\/newsarovia.com\/wp-content\/uploads\/2025\/03\/Summary-Table-Income.png","datePublished":"2025-03-15T00:52:52+00:00","dateModified":"2025-04-15T22:49:41+00:00","breadcrumb":{"@id":"https:\/\/newsarovia.com\/pt\/budget-and-expenditure\/#breadcrumb"},"inLanguage":"pt-BR","potentialAction":[{"@type":"ReadAction","target":["https:\/\/newsarovia.com\/pt\/budget-and-expenditure\/"]}]},{"@type":"ImageObject","inLanguage":"pt-BR","@id":"https:\/\/newsarovia.com\/pt\/budget-and-expenditure\/#primaryimage","url":"https:\/\/newsarovia.com\/wp-content\/uploads\/2025\/03\/Summary-Table-Income.png","contentUrl":"https:\/\/newsarovia.com\/wp-content\/uploads\/2025\/03\/Summary-Table-Income.png"},{"@type":"BreadcrumbList","@id":"https:\/\/newsarovia.com\/pt\/budget-and-expenditure\/#breadcrumb","itemListElement":[{"@type":"ListItem","position":1,"name":"Home","item":"https:\/\/newsarovia.com\/"},{"@type":"ListItem","position":2,"name":"Budget and Expenditure"}]},{"@type":"WebSite","@id":"https:\/\/newsarovia.com\/#website","url":"https:\/\/newsarovia.com\/","name":"SMI Gouverna","description":"","publisher":{"@id":"https:\/\/newsarovia.com\/#organization"},"potentialAction":[{"@type":"SearchAction","target":{"@type":"EntryPoint","urlTemplate":"https:\/\/newsarovia.com\/?s={search_term_string}"},"query-input":{"@type":"PropertyValueSpecification","valueRequired":true,"valueName":"search_term_string"}}],"inLanguage":"pt-BR"},{"@type":"Organization","@id":"https:\/\/newsarovia.com\/#organization","name":"Gouverna do Seito Majis Imperial","url":"https:\/\/newsarovia.com\/","logo":{"@type":"ImageObject","inLanguage":"pt-BR","@id":"https:\/\/newsarovia.com\/#\/schema\/logo\/image\/","url":"https:\/\/newsarovia.com\/wp-content\/uploads\/2025\/01\/Sarovia-Logo-Words.png","contentUrl":"https:\/\/newsarovia.com\/wp-content\/uploads\/2025\/01\/Sarovia-Logo-Words.png","width":9985,"height":2274,"caption":"Gouverna do Seito Majis Imperial"},"image":{"@id":"https:\/\/newsarovia.com\/#\/schema\/logo\/image\/"}}]}},"_links":{"self":[{"href":"https:\/\/newsarovia.com\/pt\/wp-json\/wp\/v2\/pages\/2547","targetHints":{"allow":["GET"]}}],"collection":[{"href":"https:\/\/newsarovia.com\/pt\/wp-json\/wp\/v2\/pages"}],"about":[{"href":"https:\/\/newsarovia.com\/pt\/wp-json\/wp\/v2\/types\/page"}],"author":[{"embeddable":true,"href":"https:\/\/newsarovia.com\/pt\/wp-json\/wp\/v2\/users\/2"}],"replies":[{"embeddable":true,"href":"https:\/\/newsarovia.com\/pt\/wp-json\/wp\/v2\/comments?post=2547"}],"version-history":[{"count":4,"href":"https:\/\/newsarovia.com\/pt\/wp-json\/wp\/v2\/pages\/2547\/revisions"}],"predecessor-version":[{"id":2880,"href":"https:\/\/newsarovia.com\/pt\/wp-json\/wp\/v2\/pages\/2547\/revisions\/2880"}],"wp:attachment":[{"href":"https:\/\/newsarovia.com\/pt\/wp-json\/wp\/v2\/media?parent=2547"}],"curies":[{"name":"wp","href":"https:\/\/api.w.org\/{rel}","templated":true}]}}