{"id":2728,"date":"2025-04-10T17:31:11","date_gmt":"2025-04-10T17:31:11","guid":{"rendered":"https:\/\/newsarovia.com\/?page_id=2728"},"modified":"2025-04-22T02:23:40","modified_gmt":"2025-04-22T02:23:40","slug":"employment-in-the-civil-service","status":"publish","type":"page","link":"https:\/\/newsarovia.com\/pt\/employment-in-the-civil-service\/","title":{"rendered":"Emprego no Servi\u00e7o Civil"},"content":{"rendered":"\n<p>O <strong>Servi\u00e7o Civil<\/strong> \u00e9 os olhos, os ouvidos e as armas do Governo Saroviano. Em uma base ad-hoc, Nova Sarovia sempre manteve uma variedade de cargos p\u00fablicos que se assemelhavam muito a um Servi\u00e7o Civil moderno e eficaz, mas somente com a aprova\u00e7\u00e3o do <em><a href=\"https:\/\/newsarovia.com\/wp-content\/uploads\/2025\/02\/Civil-Service-Act-of-302-AS-LUS.pdf\">Ato do Servi\u00e7o Civil<\/a><\/em> de 302 AS, ele foi formalizado, modernizado e ampliado.<\/p>\n\n\n\n<p>O Servi\u00e7o Civil, ou em Saroviano Alto, <em>tel Sevis Civil eui Seito Majis Imperial<\/em>, interpreta as ordens e decis\u00f5es executivas do Soberano e de Seu Governo e as implementa. O Servi\u00e7o Civil \u00e9 politicamente neutro, sendo que apenas os Ministros que supervisionam cada departamento se envolvem em pol\u00edtica partid\u00e1ria. Os funcion\u00e1rios p\u00fablicos abaixo desse n\u00edvel servem ao governo que estiver no poder no momento, como burocratas permanentes. Assim, todos os funcion\u00e1rios p\u00fablicos que fazem o Juramento de Fidelidade \u00e0 Coroa devem possuir cidadania Saroviana legal.<\/p>\n\n\n\n<p>O chefe geral do Servi\u00e7o Civil \u00e9 o <em>Ministoro eui Sevis<\/em>, ou Ministro de Servi\u00e7os. O Minist\u00e9rio de Servi\u00e7os \u00e9 respons\u00e1vel por aprovar as nomea\u00e7\u00f5es para cargos de autoridade dentro da burocracia, supervisionar as opera\u00e7\u00f5es burocr\u00e1ticas &#8211; especialmente no que se refere a tarefas menores &#8211; e, o mais importante para esta p\u00e1gina, recrutar novos membros.<\/p>\n\n\n\n<h2 class=\"wp-block-heading has-primary-color has-text-color has-link-color wp-elements-fc625596ff2e55b6f24402c262d322fd\" style=\"font-size:clamp(22.041px, 1.378rem + ((1vw - 3.2px) * 1.586), 36px);\">Como Entrar no Servi\u00e7o Civil<\/h2>\n\n\n\n<div class=\"wp-block-columns is-layout-flex wp-container-core-columns-is-layout-28f84493 wp-block-columns-is-layout-flex\">\n<div class=\"wp-block-column is-layout-flow wp-block-column-is-layout-flow\">\n<p>Ingressar no Servi\u00e7o Civil \u00e9 extremamente f\u00e1cil. N\u00e3o h\u00e1 um processo formal de inscri\u00e7\u00e3o &#8211; basta enviar uma mensagem para o <em>Ministoro eui Sevis<\/em> em exerc\u00edcio ou para o Subsecret\u00e1rio de Servi\u00e7os. Tamb\u00e9m pode se dirigir a outros ministros e subsecret\u00e1rios; eles o redirecionar\u00e3o para o Minist\u00e9rio de Servi\u00e7os. Uma vez iniciada a conversa oficial, voc\u00ea ser\u00e1 questionado sobre seus interesses pessoais, o que ajudar\u00e1 o Ministro ou Subsecret\u00e1rio a avaliar onde se encaixa melhor.<\/p>\n\n\n\n<p>Depois que o Ministro ou Subsecret\u00e1rio tiver uma boa ideia de qual seria a sua posi\u00e7\u00e3o ideal, ver\u00e1 o <strong><a href=\"https:\/\/newsarovia.com\/wp-content\/uploads\/2024\/08\/Civil-Service-Almanac.pdf\">Almanaque do Servi\u00e7o Civil<\/a>. <\/strong>\u00c9 altamente recomend\u00e1vel ler o Almanaque antes de abordar o Ministro ou Subsecret\u00e1rio, mas n\u00e3o \u00e9 obrigat\u00f3rio, pois eles o mostrar\u00e3o a voc\u00ea. O Almanaque \u00e9 uma lista exaustiva da maioria dos cargos do Servi\u00e7o Civil, com exce\u00e7\u00e3o do <em>Ministe eui tel Provencos<\/em>. Esse minist\u00e9rio tem apenas um membro: o pr\u00f3prio Ministro. Depois de receber o Almanaque, basta encontrar um cargo de seu interesse; ser\u00e1 apresentado ao cargo e far\u00e1 o juramento!<\/p>\n<\/div>\n<\/div>\n","protected":false},"excerpt":{"rendered":"<p>O Servi\u00e7o Civil \u00e9 os olhos, os ouvidos e as armas do Governo Saroviano. Em uma base ad-hoc, Nova Sarovia sempre manteve uma variedade de cargos p\u00fablicos que se assemelhavam muito a um Servi\u00e7o Civil moderno e eficaz, mas somente com a aprova\u00e7\u00e3o do Ato do Servi\u00e7o Civil de 302 AS, ele foi formalizado, modernizado [&hellip;]<\/p>\n","protected":false},"author":1,"featured_media":0,"parent":0,"menu_order":0,"comment_status":"closed","ping_status":"closed","template":"","meta":{"footnotes":""},"class_list":["post-2728","page","type-page","status-publish","hentry"],"yoast_head":"<!-- This site is optimized with the Yoast SEO plugin v27.3 - https:\/\/yoast.com\/product\/yoast-seo-wordpress\/ -->\n<title>Emprego no Servi\u00e7o Civil - SMI Gouverna<\/title>\n<meta name=\"robots\" content=\"index, follow, max-snippet:-1, max-image-preview:large, max-video-preview:-1\" \/>\n<link rel=\"canonical\" href=\"https:\/\/newsarovia.com\/pt\/employment-in-the-civil-service\/\" \/>\n<meta property=\"og:locale\" content=\"pt_BR\" \/>\n<meta property=\"og:locale:alternate\" content=\"en_US\" \/>\n<meta property=\"og:type\" content=\"article\" \/>\n<meta property=\"og:title\" content=\"Emprego no Servi\u00e7o Civil\" \/>\n<meta property=\"og:description\" content=\"O Servi\u00e7o Civil \u00e9 os olhos, os ouvidos e as armas do Governo Saroviano. Em uma base ad-hoc, Nova Sarovia sempre manteve uma variedade de cargos p\u00fablicos que se assemelhavam muito a um Servi\u00e7o Civil moderno e eficaz, mas somente com a aprova\u00e7\u00e3o do Ato do Servi\u00e7o Civil de 302 AS, ele foi formalizado, modernizado [&hellip;]\" \/>\n<meta property=\"og:url\" content=\"https:\/\/newsarovia.com\/pt\/employment-in-the-civil-service\/\" \/>\n<meta property=\"og:site_name\" content=\"SMI Gouverna\" \/>\n<meta property=\"article:modified_time\" content=\"2025-04-22T02:23:40+00:00\" \/>\n<meta name=\"twitter:card\" content=\"summary_large_image\" \/>\n<meta name=\"twitter:label1\" content=\"Est. tempo de leitura\" \/>\n\t<meta name=\"twitter:data1\" content=\"2 minutos\" \/>\n<script type=\"application\/ld+json\" class=\"yoast-schema-graph\">{\"@context\":\"https:\\\/\\\/schema.org\",\"@graph\":[{\"@type\":\"WebPage\",\"@id\":\"https:\\\/\\\/newsarovia.com\\\/pt\\\/employment-in-the-civil-service\\\/\",\"url\":\"https:\\\/\\\/newsarovia.com\\\/pt\\\/employment-in-the-civil-service\\\/\",\"name\":\"Emprego no Servi\u00e7o Civil\",\"isPartOf\":{\"@id\":\"https:\\\/\\\/newsarovia.com\\\/#website\"},\"datePublished\":\"2025-04-10T17:31:11+00:00\",\"dateModified\":\"2025-04-22T02:23:40+00:00\",\"breadcrumb\":{\"@id\":\"https:\\\/\\\/newsarovia.com\\\/pt\\\/employment-in-the-civil-service\\\/#breadcrumb\"},\"inLanguage\":\"pt-BR\",\"potentialAction\":[{\"@type\":\"ReadAction\",\"target\":[\"https:\\\/\\\/newsarovia.com\\\/pt\\\/employment-in-the-civil-service\\\/\"]}]},{\"@type\":\"BreadcrumbList\",\"@id\":\"https:\\\/\\\/newsarovia.com\\\/pt\\\/employment-in-the-civil-service\\\/#breadcrumb\",\"itemListElement\":[{\"@type\":\"ListItem\",\"position\":1,\"name\":\"Home\",\"item\":\"https:\\\/\\\/newsarovia.com\\\/\"},{\"@type\":\"ListItem\",\"position\":2,\"name\":\"Emprego no Servi\u00e7o Civil\"}]},{\"@type\":\"WebSite\",\"@id\":\"https:\\\/\\\/newsarovia.com\\\/#website\",\"url\":\"https:\\\/\\\/newsarovia.com\\\/\",\"name\":\"SMI Gouverna\",\"description\":\"\",\"publisher\":{\"@id\":\"https:\\\/\\\/newsarovia.com\\\/#organization\"},\"potentialAction\":[{\"@type\":\"SearchAction\",\"target\":{\"@type\":\"EntryPoint\",\"urlTemplate\":\"https:\\\/\\\/newsarovia.com\\\/?s={search_term_string}\"},\"query-input\":{\"@type\":\"PropertyValueSpecification\",\"valueRequired\":true,\"valueName\":\"search_term_string\"}}],\"inLanguage\":\"pt-BR\"},{\"@type\":\"Organization\",\"@id\":\"https:\\\/\\\/newsarovia.com\\\/#organization\",\"name\":\"Gouverna do Seito Majis Imperial\",\"url\":\"https:\\\/\\\/newsarovia.com\\\/\",\"logo\":{\"@type\":\"ImageObject\",\"inLanguage\":\"pt-BR\",\"@id\":\"https:\\\/\\\/newsarovia.com\\\/#\\\/schema\\\/logo\\\/image\\\/\",\"url\":\"https:\\\/\\\/newsarovia.com\\\/wp-content\\\/uploads\\\/2025\\\/01\\\/Sarovia-Logo-Words.png\",\"contentUrl\":\"https:\\\/\\\/newsarovia.com\\\/wp-content\\\/uploads\\\/2025\\\/01\\\/Sarovia-Logo-Words.png\",\"width\":9985,\"height\":2274,\"caption\":\"Gouverna do Seito Majis Imperial\"},\"image\":{\"@id\":\"https:\\\/\\\/newsarovia.com\\\/#\\\/schema\\\/logo\\\/image\\\/\"}}]}<\/script>\n<!-- \/ Yoast SEO plugin. -->","yoast_head_json":{"title":"Emprego no Servi\u00e7o Civil - SMI Gouverna","robots":{"index":"index","follow":"follow","max-snippet":"max-snippet:-1","max-image-preview":"max-image-preview:large","max-video-preview":"max-video-preview:-1"},"canonical":"https:\/\/newsarovia.com\/pt\/employment-in-the-civil-service\/","og_locale":"pt_BR","og_type":"article","og_title":"[:en]Employment in the Civil Service[:pt]Emprego no Servi\u00e7o Civil[:] - SMI Gouverna","og_description":"O Servi\u00e7o Civil \u00e9 os olhos, os ouvidos e as armas do Governo Saroviano. Em uma base ad-hoc, Nova Sarovia sempre manteve uma variedade de cargos p\u00fablicos que se assemelhavam muito a um Servi\u00e7o Civil moderno e eficaz, mas somente com a aprova\u00e7\u00e3o do Ato do Servi\u00e7o Civil de 302 AS, ele foi formalizado, modernizado [&hellip;]","og_url":"https:\/\/newsarovia.com\/pt\/employment-in-the-civil-service\/","og_site_name":"SMI Gouverna","article_modified_time":"2025-04-22T02:23:40+00:00","twitter_card":"summary_large_image","twitter_misc":{"Est. tempo de leitura":"2 minutos"},"schema":{"@context":"https:\/\/schema.org","@graph":[{"@type":"WebPage","@id":"https:\/\/newsarovia.com\/pt\/employment-in-the-civil-service\/","url":"https:\/\/newsarovia.com\/pt\/employment-in-the-civil-service\/","name":"Emprego no Servi\u00e7o Civil","isPartOf":{"@id":"https:\/\/newsarovia.com\/#website"},"datePublished":"2025-04-10T17:31:11+00:00","dateModified":"2025-04-22T02:23:40+00:00","breadcrumb":{"@id":"https:\/\/newsarovia.com\/pt\/employment-in-the-civil-service\/#breadcrumb"},"inLanguage":"pt-BR","potentialAction":[{"@type":"ReadAction","target":["https:\/\/newsarovia.com\/pt\/employment-in-the-civil-service\/"]}]},{"@type":"BreadcrumbList","@id":"https:\/\/newsarovia.com\/pt\/employment-in-the-civil-service\/#breadcrumb","itemListElement":[{"@type":"ListItem","position":1,"name":"Home","item":"https:\/\/newsarovia.com\/"},{"@type":"ListItem","position":2,"name":"Emprego no Servi\u00e7o Civil"}]},{"@type":"WebSite","@id":"https:\/\/newsarovia.com\/#website","url":"https:\/\/newsarovia.com\/","name":"SMI Gouverna","description":"","publisher":{"@id":"https:\/\/newsarovia.com\/#organization"},"potentialAction":[{"@type":"SearchAction","target":{"@type":"EntryPoint","urlTemplate":"https:\/\/newsarovia.com\/?s={search_term_string}"},"query-input":{"@type":"PropertyValueSpecification","valueRequired":true,"valueName":"search_term_string"}}],"inLanguage":"pt-BR"},{"@type":"Organization","@id":"https:\/\/newsarovia.com\/#organization","name":"Gouverna do Seito Majis Imperial","url":"https:\/\/newsarovia.com\/","logo":{"@type":"ImageObject","inLanguage":"pt-BR","@id":"https:\/\/newsarovia.com\/#\/schema\/logo\/image\/","url":"https:\/\/newsarovia.com\/wp-content\/uploads\/2025\/01\/Sarovia-Logo-Words.png","contentUrl":"https:\/\/newsarovia.com\/wp-content\/uploads\/2025\/01\/Sarovia-Logo-Words.png","width":9985,"height":2274,"caption":"Gouverna do Seito Majis Imperial"},"image":{"@id":"https:\/\/newsarovia.com\/#\/schema\/logo\/image\/"}}]}},"_links":{"self":[{"href":"https:\/\/newsarovia.com\/pt\/wp-json\/wp\/v2\/pages\/2728","targetHints":{"allow":["GET"]}}],"collection":[{"href":"https:\/\/newsarovia.com\/pt\/wp-json\/wp\/v2\/pages"}],"about":[{"href":"https:\/\/newsarovia.com\/pt\/wp-json\/wp\/v2\/types\/page"}],"author":[{"embeddable":true,"href":"https:\/\/newsarovia.com\/pt\/wp-json\/wp\/v2\/users\/1"}],"replies":[{"embeddable":true,"href":"https:\/\/newsarovia.com\/pt\/wp-json\/wp\/v2\/comments?post=2728"}],"version-history":[{"count":3,"href":"https:\/\/newsarovia.com\/pt\/wp-json\/wp\/v2\/pages\/2728\/revisions"}],"predecessor-version":[{"id":2926,"href":"https:\/\/newsarovia.com\/pt\/wp-json\/wp\/v2\/pages\/2728\/revisions\/2926"}],"wp:attachment":[{"href":"https:\/\/newsarovia.com\/pt\/wp-json\/wp\/v2\/media?parent=2728"}],"curies":[{"name":"wp","href":"https:\/\/api.w.org\/{rel}","templated":true}]}}