{"id":2730,"date":"2025-04-10T17:32:40","date_gmt":"2025-04-10T17:32:40","guid":{"rendered":"https:\/\/newsarovia.com\/?page_id=2730"},"modified":"2025-04-22T01:52:42","modified_gmt":"2025-04-22T01:52:42","slug":"prestige-system","status":"publish","type":"page","link":"https:\/\/newsarovia.com\/pt\/prestige-system\/","title":{"rendered":"A Sistema de Prest\u00edgio"},"content":{"rendered":"\n<p>A Nova Sarovia implementa um mecanismo conhecido como a Sistema de Prest\u00edgio para n\u00e3o apenas dar aos membros vantagens exclusivas e alguma imunidade contra a <a href=\"https:\/\/newsarovia.com\/wp-content\/uploads\/2025\/03\/Life-and-Death-Act-of-320-AS-LUS.pdf\">Ato de Vida e Morte<\/a>, mas tamb\u00e9m dar aos membros metas a serem alcan\u00e7adas e classificar o <strong>Prestigio<\/strong> de cada fam\u00edlia.<\/p>\n\n\n\n<figure class=\"wp-block-image aligncenter is-resized\"><img loading=\"lazy\" decoding=\"async\" width=\"4260\" height=\"1054\" src=\"https:\/\/newsarovia.com\/wp-content\/uploads\/2024\/08\/Prestige-system.png\" alt=\"\" class=\"wp-image-1330\" style=\"width:622px;height:auto\" srcset=\"https:\/\/newsarovia.com\/wp-content\/uploads\/2024\/08\/Prestige-system.png 4260w, https:\/\/newsarovia.com\/wp-content\/uploads\/2024\/08\/Prestige-system-300x74.png 300w, https:\/\/newsarovia.com\/wp-content\/uploads\/2024\/08\/Prestige-system-1024x253.png 1024w, https:\/\/newsarovia.com\/wp-content\/uploads\/2024\/08\/Prestige-system-768x190.png 768w, https:\/\/newsarovia.com\/wp-content\/uploads\/2024\/08\/Prestige-system-1536x380.png 1536w, https:\/\/newsarovia.com\/wp-content\/uploads\/2024\/08\/Prestige-system-2048x507.png 2048w\" sizes=\"auto, (max-width: 4260px) 100vw, 4260px\" \/><\/figure>\n\n\n\n<p class=\"has-text-align-center\"><strong>Tabela Classicativa de Prest\u00edgio<br><\/strong><em>atualizado 325 AS<\/em><\/p>\n\n\n\n<ol class=\"wp-block-list\">\n<li>Masson Imperial eui <strong>Zor-Mako-Vasa-Nassau <\/strong>&#8211;\u00a0<em>12,162<\/em><\/li>\n\n\n\n<li>Fami eui <strong>tel-Assalle<\/strong>\u00a0&#8211;\u00a0<em>6,371<\/em><\/li>\n\n\n\n<li>Fami eui <strong>Braganza<\/strong> &#8211;\u00a0<em>4,786<\/em><\/li>\n\n\n\n<li>Fami eui <strong>Kaine<\/strong> &#8211;\u00a0<em>3,527<\/em><\/li>\n\n\n\n<li>Fami eui <strong>Lyon<\/strong>\u00a0&#8211;\u00a0<em>3,519<\/em><\/li>\n\n\n\n<li>Fami eui <strong>Manalo<\/strong> &#8211; <em>2,957<\/em><\/li>\n\n\n\n<li>Fami eui <strong>Permars<\/strong> &#8211; <em>2,190<\/em><\/li>\n\n\n\n<li>Fami eui <strong>Avietos<\/strong>\u00a0&#8211; <em>2,139<\/em><\/li>\n\n\n\n<li>Fami eui <strong>Septim<\/strong> &#8211; <em>1,922<\/em><\/li>\n\n\n\n<li>Fami eui <strong>Casdaros<\/strong> &#8211; <em>1,383<\/em><\/li>\n\n\n\n<li>Fami eui <strong>Atlas<\/strong> &#8211; <em>1,166<\/em><\/li>\n\n\n\n<li>Fami eui\u00a0<strong>Modisa\u00a0<\/strong>&#8211; 0\u00a0<em><strong>(NEW!)<\/strong><\/em><\/li>\n<\/ol>\n\n\n\n<p class=\"has-text-align-center\"><em>Para mais detalhes sobre a Sistema de Prest\u00edgio, clique <a href=\"https:\/\/newsarovia.com\/wp-content\/uploads\/2024\/10\/image-1.png\"><strong>aqui.<\/strong><\/a><\/em><\/p>\n","protected":false},"excerpt":{"rendered":"<p>A Nova Sarovia implementa um mecanismo conhecido como a Sistema de Prest\u00edgio para n\u00e3o apenas dar aos membros vantagens exclusivas e alguma imunidade contra a Ato de Vida e Morte, mas tamb\u00e9m dar aos membros metas a serem alcan\u00e7adas e classificar o Prestigio de cada fam\u00edlia. Tabela Classicativa de Prest\u00edgioatualizado 325 AS Para mais detalhes [&hellip;]<\/p>\n","protected":false},"author":1,"featured_media":0,"parent":0,"menu_order":0,"comment_status":"closed","ping_status":"closed","template":"","meta":{"footnotes":""},"class_list":["post-2730","page","type-page","status-publish","hentry"],"yoast_head":"<!-- This site is optimized with the Yoast SEO plugin v27.3 - https:\/\/yoast.com\/product\/yoast-seo-wordpress\/ -->\n<title>A Sistema de Prest\u00edgio - SMI Gouverna<\/title>\n<meta name=\"robots\" content=\"index, follow, max-snippet:-1, max-image-preview:large, max-video-preview:-1\" \/>\n<link rel=\"canonical\" href=\"https:\/\/newsarovia.com\/pt\/prestige-system\/\" \/>\n<meta property=\"og:locale\" content=\"pt_BR\" \/>\n<meta property=\"og:locale:alternate\" content=\"en_US\" \/>\n<meta property=\"og:type\" content=\"article\" \/>\n<meta property=\"og:title\" content=\"A Sistema de Prest\u00edgio\" \/>\n<meta property=\"og:description\" content=\"A Nova Sarovia implementa um mecanismo conhecido como a Sistema de Prest\u00edgio para n\u00e3o apenas dar aos membros vantagens exclusivas e alguma imunidade contra a Ato de Vida e Morte, mas tamb\u00e9m dar aos membros metas a serem alcan\u00e7adas e classificar o Prestigio de cada fam\u00edlia. Tabela Classicativa de Prest\u00edgioatualizado 325 AS Para mais detalhes [&hellip;]\" \/>\n<meta property=\"og:url\" content=\"https:\/\/newsarovia.com\/pt\/prestige-system\/\" \/>\n<meta property=\"og:site_name\" content=\"SMI Gouverna\" \/>\n<meta property=\"article:modified_time\" content=\"2025-04-22T01:52:42+00:00\" \/>\n<meta property=\"og:image\" content=\"https:\/\/newsarovia.com\/wp-content\/uploads\/2024\/08\/Prestige-system.png\" \/>\n\t<meta property=\"og:image:width\" content=\"4260\" \/>\n\t<meta property=\"og:image:height\" content=\"1054\" \/>\n\t<meta property=\"og:image:type\" content=\"image\/png\" \/>\n<meta name=\"twitter:card\" content=\"summary_large_image\" \/>\n<meta name=\"twitter:label1\" content=\"Est. tempo de leitura\" \/>\n\t<meta name=\"twitter:data1\" content=\"2 minutos\" \/>\n<script type=\"application\/ld+json\" class=\"yoast-schema-graph\">{\"@context\":\"https:\\\/\\\/schema.org\",\"@graph\":[{\"@type\":\"WebPage\",\"@id\":\"https:\\\/\\\/newsarovia.com\\\/prestige-system\\\/\",\"url\":\"https:\\\/\\\/newsarovia.com\\\/prestige-system\\\/\",\"name\":\"A Sistema de Prest\u00edgio\",\"isPartOf\":{\"@id\":\"https:\\\/\\\/newsarovia.com\\\/#website\"},\"primaryImageOfPage\":{\"@id\":\"https:\\\/\\\/newsarovia.com\\\/prestige-system\\\/#primaryimage\"},\"image\":{\"@id\":\"https:\\\/\\\/newsarovia.com\\\/prestige-system\\\/#primaryimage\"},\"thumbnailUrl\":\"https:\\\/\\\/newsarovia.com\\\/wp-content\\\/uploads\\\/2024\\\/08\\\/Prestige-system.png\",\"datePublished\":\"2025-04-10T17:32:40+00:00\",\"dateModified\":\"2025-04-22T01:52:42+00:00\",\"breadcrumb\":{\"@id\":\"https:\\\/\\\/newsarovia.com\\\/prestige-system\\\/#breadcrumb\"},\"inLanguage\":\"pt-BR\",\"potentialAction\":[{\"@type\":\"ReadAction\",\"target\":[\"https:\\\/\\\/newsarovia.com\\\/prestige-system\\\/\"]}]},{\"@type\":\"ImageObject\",\"inLanguage\":\"pt-BR\",\"@id\":\"https:\\\/\\\/newsarovia.com\\\/prestige-system\\\/#primaryimage\",\"url\":\"https:\\\/\\\/newsarovia.com\\\/wp-content\\\/uploads\\\/2024\\\/08\\\/Prestige-system.png\",\"contentUrl\":\"https:\\\/\\\/newsarovia.com\\\/wp-content\\\/uploads\\\/2024\\\/08\\\/Prestige-system.png\"},{\"@type\":\"BreadcrumbList\",\"@id\":\"https:\\\/\\\/newsarovia.com\\\/prestige-system\\\/#breadcrumb\",\"itemListElement\":[{\"@type\":\"ListItem\",\"position\":1,\"name\":\"Home\",\"item\":\"https:\\\/\\\/newsarovia.com\\\/\"},{\"@type\":\"ListItem\",\"position\":2,\"name\":\"The Prestige System\"}]},{\"@type\":\"WebSite\",\"@id\":\"https:\\\/\\\/newsarovia.com\\\/#website\",\"url\":\"https:\\\/\\\/newsarovia.com\\\/\",\"name\":\"SMI Gouverna\",\"description\":\"\",\"publisher\":{\"@id\":\"https:\\\/\\\/newsarovia.com\\\/#organization\"},\"potentialAction\":[{\"@type\":\"SearchAction\",\"target\":{\"@type\":\"EntryPoint\",\"urlTemplate\":\"https:\\\/\\\/newsarovia.com\\\/?s={search_term_string}\"},\"query-input\":{\"@type\":\"PropertyValueSpecification\",\"valueRequired\":true,\"valueName\":\"search_term_string\"}}],\"inLanguage\":\"pt-BR\"},{\"@type\":\"Organization\",\"@id\":\"https:\\\/\\\/newsarovia.com\\\/#organization\",\"name\":\"Gouverna do Seito Majis Imperial\",\"url\":\"https:\\\/\\\/newsarovia.com\\\/\",\"logo\":{\"@type\":\"ImageObject\",\"inLanguage\":\"pt-BR\",\"@id\":\"https:\\\/\\\/newsarovia.com\\\/#\\\/schema\\\/logo\\\/image\\\/\",\"url\":\"https:\\\/\\\/newsarovia.com\\\/wp-content\\\/uploads\\\/2025\\\/01\\\/Sarovia-Logo-Words.png\",\"contentUrl\":\"https:\\\/\\\/newsarovia.com\\\/wp-content\\\/uploads\\\/2025\\\/01\\\/Sarovia-Logo-Words.png\",\"width\":9985,\"height\":2274,\"caption\":\"Gouverna do Seito Majis Imperial\"},\"image\":{\"@id\":\"https:\\\/\\\/newsarovia.com\\\/#\\\/schema\\\/logo\\\/image\\\/\"}}]}<\/script>\n<!-- \/ Yoast SEO plugin. -->","yoast_head_json":{"title":"A Sistema de Prest\u00edgio - SMI Gouverna","robots":{"index":"index","follow":"follow","max-snippet":"max-snippet:-1","max-image-preview":"max-image-preview:large","max-video-preview":"max-video-preview:-1"},"canonical":"https:\/\/newsarovia.com\/pt\/prestige-system\/","og_locale":"pt_BR","og_type":"article","og_title":"[:en]The Prestige System[:pt]A Sistema de Prest\u00edgio[:] - SMI Gouverna","og_description":"A Nova Sarovia implementa um mecanismo conhecido como a Sistema de Prest\u00edgio para n\u00e3o apenas dar aos membros vantagens exclusivas e alguma imunidade contra a Ato de Vida e Morte, mas tamb\u00e9m dar aos membros metas a serem alcan\u00e7adas e classificar o Prestigio de cada fam\u00edlia. Tabela Classicativa de Prest\u00edgioatualizado 325 AS Para mais detalhes [&hellip;]","og_url":"https:\/\/newsarovia.com\/pt\/prestige-system\/","og_site_name":"SMI Gouverna","article_modified_time":"2025-04-22T01:52:42+00:00","og_image":[{"width":4260,"height":1054,"url":"https:\/\/newsarovia.com\/wp-content\/uploads\/2024\/08\/Prestige-system.png","type":"image\/png"}],"twitter_card":"summary_large_image","twitter_misc":{"Est. tempo de leitura":"2 minutos"},"schema":{"@context":"https:\/\/schema.org","@graph":[{"@type":"WebPage","@id":"https:\/\/newsarovia.com\/prestige-system\/","url":"https:\/\/newsarovia.com\/prestige-system\/","name":"A Sistema de Prest\u00edgio","isPartOf":{"@id":"https:\/\/newsarovia.com\/#website"},"primaryImageOfPage":{"@id":"https:\/\/newsarovia.com\/prestige-system\/#primaryimage"},"image":{"@id":"https:\/\/newsarovia.com\/prestige-system\/#primaryimage"},"thumbnailUrl":"https:\/\/newsarovia.com\/wp-content\/uploads\/2024\/08\/Prestige-system.png","datePublished":"2025-04-10T17:32:40+00:00","dateModified":"2025-04-22T01:52:42+00:00","breadcrumb":{"@id":"https:\/\/newsarovia.com\/prestige-system\/#breadcrumb"},"inLanguage":"pt-BR","potentialAction":[{"@type":"ReadAction","target":["https:\/\/newsarovia.com\/prestige-system\/"]}]},{"@type":"ImageObject","inLanguage":"pt-BR","@id":"https:\/\/newsarovia.com\/prestige-system\/#primaryimage","url":"https:\/\/newsarovia.com\/wp-content\/uploads\/2024\/08\/Prestige-system.png","contentUrl":"https:\/\/newsarovia.com\/wp-content\/uploads\/2024\/08\/Prestige-system.png"},{"@type":"BreadcrumbList","@id":"https:\/\/newsarovia.com\/prestige-system\/#breadcrumb","itemListElement":[{"@type":"ListItem","position":1,"name":"Home","item":"https:\/\/newsarovia.com\/"},{"@type":"ListItem","position":2,"name":"The Prestige System"}]},{"@type":"WebSite","@id":"https:\/\/newsarovia.com\/#website","url":"https:\/\/newsarovia.com\/","name":"SMI Gouverna","description":"","publisher":{"@id":"https:\/\/newsarovia.com\/#organization"},"potentialAction":[{"@type":"SearchAction","target":{"@type":"EntryPoint","urlTemplate":"https:\/\/newsarovia.com\/?s={search_term_string}"},"query-input":{"@type":"PropertyValueSpecification","valueRequired":true,"valueName":"search_term_string"}}],"inLanguage":"pt-BR"},{"@type":"Organization","@id":"https:\/\/newsarovia.com\/#organization","name":"Gouverna do Seito Majis Imperial","url":"https:\/\/newsarovia.com\/","logo":{"@type":"ImageObject","inLanguage":"pt-BR","@id":"https:\/\/newsarovia.com\/#\/schema\/logo\/image\/","url":"https:\/\/newsarovia.com\/wp-content\/uploads\/2025\/01\/Sarovia-Logo-Words.png","contentUrl":"https:\/\/newsarovia.com\/wp-content\/uploads\/2025\/01\/Sarovia-Logo-Words.png","width":9985,"height":2274,"caption":"Gouverna do Seito Majis Imperial"},"image":{"@id":"https:\/\/newsarovia.com\/#\/schema\/logo\/image\/"}}]}},"_links":{"self":[{"href":"https:\/\/newsarovia.com\/pt\/wp-json\/wp\/v2\/pages\/2730","targetHints":{"allow":["GET"]}}],"collection":[{"href":"https:\/\/newsarovia.com\/pt\/wp-json\/wp\/v2\/pages"}],"about":[{"href":"https:\/\/newsarovia.com\/pt\/wp-json\/wp\/v2\/types\/page"}],"author":[{"embeddable":true,"href":"https:\/\/newsarovia.com\/pt\/wp-json\/wp\/v2\/users\/1"}],"replies":[{"embeddable":true,"href":"https:\/\/newsarovia.com\/pt\/wp-json\/wp\/v2\/comments?post=2730"}],"version-history":[{"count":5,"href":"https:\/\/newsarovia.com\/pt\/wp-json\/wp\/v2\/pages\/2730\/revisions"}],"predecessor-version":[{"id":2916,"href":"https:\/\/newsarovia.com\/pt\/wp-json\/wp\/v2\/pages\/2730\/revisions\/2916"}],"wp:attachment":[{"href":"https:\/\/newsarovia.com\/pt\/wp-json\/wp\/v2\/media?parent=2730"}],"curies":[{"name":"wp","href":"https:\/\/api.w.org\/{rel}","templated":true}]}}