{"id":2732,"date":"2025-04-10T17:33:12","date_gmt":"2025-04-10T17:33:12","guid":{"rendered":"https:\/\/newsarovia.com\/?page_id=2732"},"modified":"2025-04-22T06:23:32","modified_gmt":"2025-04-22T06:23:32","slug":"civil-service-code-of-conduct","status":"publish","type":"page","link":"https:\/\/newsarovia.com\/pt\/civil-service-code-of-conduct\/","title":{"rendered":"C\u00f3digo de Conduto do Servi\u00e7o Civil"},"content":{"rendered":"\n<p>O Servi\u00e7o Civil, semelhante \u00e0s For\u00e7as Armadas Imperiais Sarovianas (ISAF), adere a padr\u00f5es r\u00edgidos de conduta, se n\u00e3o mais r\u00edgidos, devido ao seu tamanho menor e \u00e0 carga de trabalho mais complexa. Enquanto os soldados simplesmente treinam, lutam e recrutam novos soldados, os funcion\u00e1rios p\u00fablicos s\u00e3o respons\u00e1veis por todas as fun\u00e7\u00f5es complexas do governo que mant\u00eam Nova Sarovia funcionando.<\/p>\n\n\n\n<p>Assim, vinte anos Stef\u00e2nicos ap\u00f3s a introdu\u00e7\u00e3o do Servi\u00e7o Civil moderno, o Parlamento Imperial aprovou o <strong><a href=\"https:\/\/newsarovia.com\/wp-content\/uploads\/2025\/03\/Civil-Services-Penalties-Act-of-322-AS-LUS.pdf\">Ato de Penalidades do Servi\u00e7o Civil<\/a><\/strong>, estabelecendo um sistema de recompensa e puni\u00e7\u00e3o regulado internamente para o Servi\u00e7o Civil. Os ministros e subsecret\u00e1rios administram esse sistema, sob a orienta\u00e7\u00e3o e a supervis\u00e3o do <em>Ministoro eui Sevis.<\/em> Saiba como esse sistema funciona abaixo!<\/p>\n\n\n\n<h2 class=\"wp-block-heading has-primary-color has-text-color has-link-color wp-elements-dfa9420ada59be753061552fc271fcac\" style=\"font-size:clamp(22.041px, 1.378rem + ((1vw - 3.2px) * 1.586), 36px);\">Recompensas e Puni\u00e7\u00f5es no Servi\u00e7o Civil<\/h2>\n\n\n\n<div class=\"wp-block-columns is-layout-flex wp-container-core-columns-is-layout-28f84493 wp-block-columns-is-layout-flex\">\n<div class=\"wp-block-column is-layout-flow wp-block-column-is-layout-flow\">\n<h2 class=\"wp-block-heading has-mono-2-color has-text-color has-link-color wp-elements-1b0e996ec39af9735bd4b7963789e76b\" style=\"font-size:clamp(15.747px, 0.984rem + ((1vw - 3.2px) * 0.938), 24px);\">Recompensas<\/h2>\n\n\n\n<p>Qualquer ministro ou subsecret\u00e1rio pode, desde que isso seja contabilizado por meio dos canais oficiais de apropria\u00e7\u00f5es, permitir que os funcion\u00e1rios p\u00fablicos trabalhem por meio de \u201choras fatur\u00e1veis\u201d. Qualquer tarefa que possa incluir tarefas adicionais que saiam dos limites habituais do trabalho principal de um funcion\u00e1rio p\u00fablico pode permitir que ele receba <strong>700Sr por hora<\/strong> pela dura\u00e7\u00e3o de sua tarefa individual.<\/p>\n\n\n\n<p>Al\u00e9m disso, foi introduzida uma variedade de Honras e Condecora\u00e7\u00f5es Civis, cuja lista pode ser encontrada <strong><a href=\"https:\/\/newsarovia.com\/wp-content\/uploads\/2024\/08\/Honours-and-Decorations-Civilian-LUS.pdf\">aqui<\/a><\/strong>. Qualquer cidad\u00e3o Saroviano \u00e9 eleg\u00edvel para receber essas honras, mas os funcion\u00e1rios p\u00fablicos tendem a ser nomeados para elas, dada a natureza de seu trabalho.<\/p>\n<\/div>\n\n\n\n<div class=\"wp-block-column is-layout-flow wp-block-column-is-layout-flow\">\n<h2 class=\"wp-block-heading has-mono-2-color has-text-color has-link-color wp-elements-f178258d86af8db6afaf063d6d11ce63\" style=\"font-size:clamp(15.747px, 0.984rem + ((1vw - 3.2px) * 0.938), 24px);\">Puni\u00e7\u00f5es<\/h2>\n\n\n\n<p>Qualquer ministro ou subsecret\u00e1rio pode autorizar uma san\u00e7\u00e3o civil, semelhante \u00e0s militares, para qualquer comportamento considerado insatisfat\u00f3rio ou sem brilho de um funcion\u00e1rio p\u00fablico. Para iniciar o processo, o sancionador deve realizar um <em>aconselhamento formal<\/em>, no qual o funcion\u00e1rio p\u00fablico \u00e9 informado sobre o motivo de seu desempenho insatisfat\u00f3rio, recebe uma puni\u00e7\u00e3o recomendada e pergunta se ela \u00e9 justa.<\/p>\n\n\n\n<p>Se o funcion\u00e1rio p\u00fablico concordar, isso ser\u00e1 considerado um \u201cacordo\u201d e tratado de acordo na pr\u00f3xima etapa, quando o funcion\u00e1rio p\u00fablico for processado no Primeira Corte. No entanto, se o funcion\u00e1rio p\u00fablico discordar, o sancionador dever\u00e1 apresentar seu caso a um juiz, que decidir\u00e1 se deve ou n\u00e3o prosseguir.<\/p>\n<\/div>\n<\/div>\n","protected":false},"excerpt":{"rendered":"<p>O Servi\u00e7o Civil, semelhante \u00e0s For\u00e7as Armadas Imperiais Sarovianas (ISAF), adere a padr\u00f5es r\u00edgidos de conduta, se n\u00e3o mais r\u00edgidos, devido ao seu tamanho menor e \u00e0 carga de trabalho mais complexa. Enquanto os soldados simplesmente treinam, lutam e recrutam novos soldados, os funcion\u00e1rios p\u00fablicos s\u00e3o respons\u00e1veis por todas as fun\u00e7\u00f5es complexas do governo que [&hellip;]<\/p>\n","protected":false},"author":1,"featured_media":0,"parent":0,"menu_order":0,"comment_status":"closed","ping_status":"closed","template":"","meta":{"footnotes":""},"class_list":["post-2732","page","type-page","status-publish","hentry"],"yoast_head":"<!-- This site is optimized with the Yoast SEO plugin v27.3 - https:\/\/yoast.com\/product\/yoast-seo-wordpress\/ -->\n<title>C\u00f3digo de Conduto do Servi\u00e7o Civil - SMI Gouverna<\/title>\n<meta name=\"robots\" content=\"index, follow, max-snippet:-1, max-image-preview:large, max-video-preview:-1\" \/>\n<link rel=\"canonical\" href=\"https:\/\/newsarovia.com\/pt\/civil-service-code-of-conduct\/\" \/>\n<meta property=\"og:locale\" content=\"pt_BR\" \/>\n<meta property=\"og:locale:alternate\" content=\"en_US\" \/>\n<meta property=\"og:type\" content=\"article\" \/>\n<meta property=\"og:title\" content=\"C\u00f3digo de Conduto do Servi\u00e7o Civil\" \/>\n<meta property=\"og:description\" content=\"O Servi\u00e7o Civil, semelhante \u00e0s For\u00e7as Armadas Imperiais Sarovianas (ISAF), adere a padr\u00f5es r\u00edgidos de conduta, se n\u00e3o mais r\u00edgidos, devido ao seu tamanho menor e \u00e0 carga de trabalho mais complexa. Enquanto os soldados simplesmente treinam, lutam e recrutam novos soldados, os funcion\u00e1rios p\u00fablicos s\u00e3o respons\u00e1veis por todas as fun\u00e7\u00f5es complexas do governo que [&hellip;]\" \/>\n<meta property=\"og:url\" content=\"https:\/\/newsarovia.com\/pt\/civil-service-code-of-conduct\/\" \/>\n<meta property=\"og:site_name\" content=\"SMI Gouverna\" \/>\n<meta property=\"article:modified_time\" content=\"2025-04-22T06:23:32+00:00\" \/>\n<meta name=\"twitter:card\" content=\"summary_large_image\" \/>\n<meta name=\"twitter:label1\" content=\"Est. tempo de leitura\" \/>\n\t<meta name=\"twitter:data1\" content=\"2 minutos\" \/>\n<script type=\"application\/ld+json\" class=\"yoast-schema-graph\">{\"@context\":\"https:\\\/\\\/schema.org\",\"@graph\":[{\"@type\":\"WebPage\",\"@id\":\"https:\\\/\\\/newsarovia.com\\\/pt\\\/civil-service-code-of-conduct\\\/\",\"url\":\"https:\\\/\\\/newsarovia.com\\\/pt\\\/civil-service-code-of-conduct\\\/\",\"name\":\"C\u00f3digo de Conduto do Servi\u00e7o Civil\",\"isPartOf\":{\"@id\":\"https:\\\/\\\/newsarovia.com\\\/#website\"},\"datePublished\":\"2025-04-10T17:33:12+00:00\",\"dateModified\":\"2025-04-22T06:23:32+00:00\",\"breadcrumb\":{\"@id\":\"https:\\\/\\\/newsarovia.com\\\/pt\\\/civil-service-code-of-conduct\\\/#breadcrumb\"},\"inLanguage\":\"pt-BR\",\"potentialAction\":[{\"@type\":\"ReadAction\",\"target\":[\"https:\\\/\\\/newsarovia.com\\\/pt\\\/civil-service-code-of-conduct\\\/\"]}]},{\"@type\":\"BreadcrumbList\",\"@id\":\"https:\\\/\\\/newsarovia.com\\\/pt\\\/civil-service-code-of-conduct\\\/#breadcrumb\",\"itemListElement\":[{\"@type\":\"ListItem\",\"position\":1,\"name\":\"Home\",\"item\":\"https:\\\/\\\/newsarovia.com\\\/\"},{\"@type\":\"ListItem\",\"position\":2,\"name\":\"C\u00f3digo de Conduto do Servi\u00e7o Civil\"}]},{\"@type\":\"WebSite\",\"@id\":\"https:\\\/\\\/newsarovia.com\\\/#website\",\"url\":\"https:\\\/\\\/newsarovia.com\\\/\",\"name\":\"SMI Gouverna\",\"description\":\"\",\"publisher\":{\"@id\":\"https:\\\/\\\/newsarovia.com\\\/#organization\"},\"potentialAction\":[{\"@type\":\"SearchAction\",\"target\":{\"@type\":\"EntryPoint\",\"urlTemplate\":\"https:\\\/\\\/newsarovia.com\\\/?s={search_term_string}\"},\"query-input\":{\"@type\":\"PropertyValueSpecification\",\"valueRequired\":true,\"valueName\":\"search_term_string\"}}],\"inLanguage\":\"pt-BR\"},{\"@type\":\"Organization\",\"@id\":\"https:\\\/\\\/newsarovia.com\\\/#organization\",\"name\":\"Gouverna do Seito Majis Imperial\",\"url\":\"https:\\\/\\\/newsarovia.com\\\/\",\"logo\":{\"@type\":\"ImageObject\",\"inLanguage\":\"pt-BR\",\"@id\":\"https:\\\/\\\/newsarovia.com\\\/#\\\/schema\\\/logo\\\/image\\\/\",\"url\":\"https:\\\/\\\/newsarovia.com\\\/wp-content\\\/uploads\\\/2025\\\/01\\\/Sarovia-Logo-Words.png\",\"contentUrl\":\"https:\\\/\\\/newsarovia.com\\\/wp-content\\\/uploads\\\/2025\\\/01\\\/Sarovia-Logo-Words.png\",\"width\":9985,\"height\":2274,\"caption\":\"Gouverna do Seito Majis Imperial\"},\"image\":{\"@id\":\"https:\\\/\\\/newsarovia.com\\\/#\\\/schema\\\/logo\\\/image\\\/\"}}]}<\/script>\n<!-- \/ Yoast SEO plugin. -->","yoast_head_json":{"title":"C\u00f3digo de Conduto do Servi\u00e7o Civil - SMI Gouverna","robots":{"index":"index","follow":"follow","max-snippet":"max-snippet:-1","max-image-preview":"max-image-preview:large","max-video-preview":"max-video-preview:-1"},"canonical":"https:\/\/newsarovia.com\/pt\/civil-service-code-of-conduct\/","og_locale":"pt_BR","og_type":"article","og_title":"[:en]Civil Service Code of Conduct[:pt]C\u00f3digo de Conduto do Servi\u00e7o Civil[:] - SMI Gouverna","og_description":"O Servi\u00e7o Civil, semelhante \u00e0s For\u00e7as Armadas Imperiais Sarovianas (ISAF), adere a padr\u00f5es r\u00edgidos de conduta, se n\u00e3o mais r\u00edgidos, devido ao seu tamanho menor e \u00e0 carga de trabalho mais complexa. Enquanto os soldados simplesmente treinam, lutam e recrutam novos soldados, os funcion\u00e1rios p\u00fablicos s\u00e3o respons\u00e1veis por todas as fun\u00e7\u00f5es complexas do governo que [&hellip;]","og_url":"https:\/\/newsarovia.com\/pt\/civil-service-code-of-conduct\/","og_site_name":"SMI Gouverna","article_modified_time":"2025-04-22T06:23:32+00:00","twitter_card":"summary_large_image","twitter_misc":{"Est. tempo de leitura":"2 minutos"},"schema":{"@context":"https:\/\/schema.org","@graph":[{"@type":"WebPage","@id":"https:\/\/newsarovia.com\/pt\/civil-service-code-of-conduct\/","url":"https:\/\/newsarovia.com\/pt\/civil-service-code-of-conduct\/","name":"C\u00f3digo de Conduto do Servi\u00e7o Civil","isPartOf":{"@id":"https:\/\/newsarovia.com\/#website"},"datePublished":"2025-04-10T17:33:12+00:00","dateModified":"2025-04-22T06:23:32+00:00","breadcrumb":{"@id":"https:\/\/newsarovia.com\/pt\/civil-service-code-of-conduct\/#breadcrumb"},"inLanguage":"pt-BR","potentialAction":[{"@type":"ReadAction","target":["https:\/\/newsarovia.com\/pt\/civil-service-code-of-conduct\/"]}]},{"@type":"BreadcrumbList","@id":"https:\/\/newsarovia.com\/pt\/civil-service-code-of-conduct\/#breadcrumb","itemListElement":[{"@type":"ListItem","position":1,"name":"Home","item":"https:\/\/newsarovia.com\/"},{"@type":"ListItem","position":2,"name":"C\u00f3digo de Conduto do Servi\u00e7o Civil"}]},{"@type":"WebSite","@id":"https:\/\/newsarovia.com\/#website","url":"https:\/\/newsarovia.com\/","name":"SMI Gouverna","description":"","publisher":{"@id":"https:\/\/newsarovia.com\/#organization"},"potentialAction":[{"@type":"SearchAction","target":{"@type":"EntryPoint","urlTemplate":"https:\/\/newsarovia.com\/?s={search_term_string}"},"query-input":{"@type":"PropertyValueSpecification","valueRequired":true,"valueName":"search_term_string"}}],"inLanguage":"pt-BR"},{"@type":"Organization","@id":"https:\/\/newsarovia.com\/#organization","name":"Gouverna do Seito Majis Imperial","url":"https:\/\/newsarovia.com\/","logo":{"@type":"ImageObject","inLanguage":"pt-BR","@id":"https:\/\/newsarovia.com\/#\/schema\/logo\/image\/","url":"https:\/\/newsarovia.com\/wp-content\/uploads\/2025\/01\/Sarovia-Logo-Words.png","contentUrl":"https:\/\/newsarovia.com\/wp-content\/uploads\/2025\/01\/Sarovia-Logo-Words.png","width":9985,"height":2274,"caption":"Gouverna do Seito Majis Imperial"},"image":{"@id":"https:\/\/newsarovia.com\/#\/schema\/logo\/image\/"}}]}},"_links":{"self":[{"href":"https:\/\/newsarovia.com\/pt\/wp-json\/wp\/v2\/pages\/2732","targetHints":{"allow":["GET"]}}],"collection":[{"href":"https:\/\/newsarovia.com\/pt\/wp-json\/wp\/v2\/pages"}],"about":[{"href":"https:\/\/newsarovia.com\/pt\/wp-json\/wp\/v2\/types\/page"}],"author":[{"embeddable":true,"href":"https:\/\/newsarovia.com\/pt\/wp-json\/wp\/v2\/users\/1"}],"replies":[{"embeddable":true,"href":"https:\/\/newsarovia.com\/pt\/wp-json\/wp\/v2\/comments?post=2732"}],"version-history":[{"count":5,"href":"https:\/\/newsarovia.com\/pt\/wp-json\/wp\/v2\/pages\/2732\/revisions"}],"predecessor-version":[{"id":2980,"href":"https:\/\/newsarovia.com\/pt\/wp-json\/wp\/v2\/pages\/2732\/revisions\/2980"}],"wp:attachment":[{"href":"https:\/\/newsarovia.com\/pt\/wp-json\/wp\/v2\/media?parent=2732"}],"curies":[{"name":"wp","href":"https:\/\/api.w.org\/{rel}","templated":true}]}}