{"id":2739,"date":"2025-04-10T17:45:07","date_gmt":"2025-04-10T17:45:07","guid":{"rendered":"https:\/\/newsarovia.com\/?page_id=2739"},"modified":"2025-04-22T17:36:39","modified_gmt":"2025-04-22T17:36:39","slug":"city-of-sarholm-explained","status":"publish","type":"page","link":"https:\/\/newsarovia.com\/pt\/city-of-sarholm-explained\/","title":{"rendered":"Cidade de Sarholm, Explicado"},"content":{"rendered":"\n<p>A <strong>Cidade de Sarholm<\/strong>, ou <strong>Viya eui Sarholm<\/strong>, \u00e9 a capital do Novo Imp\u00e9rio Saroviano, bem como sua maior cidade. Localizada a oeste de Estos continental em uma ilha conhecida nos tempos antigos como <em>Nimda<\/em>, mas agora conhecida como <em>Ilha de Sarholm<\/em>, a Cidade \u00e9, de longe, o maior assentamento organizado do mundo conhecido. Ela abriga o Parlamento Imperial, a sede do Estado-Maior de Defesa, todos os principais escrit\u00f3rios do Governo, a maioria das grandes corpora\u00e7\u00f5es e muito mais. Ela \u00e9 governada por um <em>Lorde-Gossor<\/em> (Lorde-Prefeito) nomeado diretamente pelo Primeiro Ministro.<\/p>\n\n\n\n<p>O <em>Lorde-Gossor<\/em> tem total autoridade, dentro dos limites da lei, para governar a cidade como achar melhor. Eles tamb\u00e9m s\u00e3o aconselhados pelo <em>Conseili eui Razellizos<\/em> (Corte de Vereadores), um conselho dos membros mais proeminentes e ativos da Cidade. No entanto, o mais importante para esta p\u00e1gina \u00e9 que a lideran\u00e7a da cidade colabora com o <em>Ministe eui Faridone<\/em> para desenvolver e expandir Sarholm, acrescentando propriedades constru\u00eddas por Sarovianos. Fazer isso \u00e9 gratuito e requer apenas uma consulta com um membro do <em>Ministe eui Faridone<\/em>!<\/p>\n\n\n\n<p>\u00c9 altamente recomend\u00e1vel que todos os Sarovianos conhe\u00e7am o <em>Sarholm Centro<\/em>, a express\u00e3o da Cidade no jogo GraalOnline Classic, e sejam capazes de navegar por ele. Todas as principais propriedades e edif\u00edcios da Cidade podem ser encontrados l\u00e1, e tamb\u00e9m \u00e9 a parte mais antiga da Cidade, constru\u00edda pela primeira vez em 2018. O Centro caiu em desuso em 2020, mas foi reconstru\u00eddo em 2021, permanecendo em p\u00e9 por um ano antes que o Grande Inc\u00eandio de Sarholm exigisse sua reconstru\u00e7\u00e3o do zero. Desde 2022, ele est\u00e1 aberto continuamente e, mais recentemente, foi reformado por ordem do Primeiro-Ministro D. Albaros Vasa e sob a supervis\u00e3o da <em>Eingenizo-Chelle<\/em> (Engenheira-Chefe) Baidera Lyon.<\/p>\n\n\n\n<h2 class=\"wp-block-heading has-primary-color has-text-color has-link-color wp-elements-8604d90bff89474ce81208352a9344e5\" style=\"font-size:clamp(22.041px, 1.378rem + ((1vw - 3.2px) * 1.586), 36px);\">Mapa da Cidade (feito 302 AS)<\/h2>\n\n\n\n<div class=\"wp-block-columns is-layout-flex wp-container-core-columns-is-layout-28f84493 wp-block-columns-is-layout-flex\">\n<div class=\"wp-block-column is-layout-flow wp-block-column-is-layout-flow\">\n<figure class=\"wp-block-image aligncenter size-full is-resized has-custom-border\"><img loading=\"lazy\" decoding=\"async\" width=\"2500\" height=\"2000\" src=\"https:\/\/newsarovia.com\/wp-content\/uploads\/2025\/04\/SarholmMap.png\" alt=\"\" class=\"has-border-color wp-image-2982\" style=\"border-color:#737373;border-width:2px;border-radius:0px;width:566px;height:auto\" srcset=\"https:\/\/newsarovia.com\/wp-content\/uploads\/2025\/04\/SarholmMap.png 2500w, https:\/\/newsarovia.com\/wp-content\/uploads\/2025\/04\/SarholmMap-300x240.png 300w, https:\/\/newsarovia.com\/wp-content\/uploads\/2025\/04\/SarholmMap-1024x819.png 1024w, https:\/\/newsarovia.com\/wp-content\/uploads\/2025\/04\/SarholmMap-768x614.png 768w, https:\/\/newsarovia.com\/wp-content\/uploads\/2025\/04\/SarholmMap-1536x1229.png 1536w, https:\/\/newsarovia.com\/wp-content\/uploads\/2025\/04\/SarholmMap-2048x1638.png 2048w\" sizes=\"auto, (max-width: 2500px) 100vw, 2500px\" \/><\/figure>\n<\/div>\n<\/div>\n","protected":false},"excerpt":{"rendered":"<p>A Cidade de Sarholm, ou Viya eui Sarholm, \u00e9 a capital do Novo Imp\u00e9rio Saroviano, bem como sua maior cidade. Localizada a oeste de Estos continental em uma ilha conhecida nos tempos antigos como Nimda, mas agora conhecida como Ilha de Sarholm, a Cidade \u00e9, de longe, o maior assentamento organizado do mundo conhecido. Ela [&hellip;]<\/p>\n","protected":false},"author":1,"featured_media":0,"parent":0,"menu_order":0,"comment_status":"closed","ping_status":"closed","template":"","meta":{"footnotes":""},"class_list":["post-2739","page","type-page","status-publish","hentry"],"yoast_head":"<!-- This site is optimized with the Yoast SEO plugin v27.3 - https:\/\/yoast.com\/product\/yoast-seo-wordpress\/ -->\n<title>Cidade de Sarholm, Explicado - SMI Gouverna<\/title>\n<meta name=\"robots\" content=\"index, follow, max-snippet:-1, max-image-preview:large, max-video-preview:-1\" \/>\n<link rel=\"canonical\" href=\"https:\/\/newsarovia.com\/pt\/city-of-sarholm-explained\/\" \/>\n<meta property=\"og:locale\" content=\"pt_BR\" \/>\n<meta property=\"og:locale:alternate\" content=\"en_US\" \/>\n<meta property=\"og:type\" content=\"article\" \/>\n<meta property=\"og:title\" content=\"Cidade de Sarholm, Explicado\" \/>\n<meta property=\"og:description\" content=\"A Cidade de Sarholm, ou Viya eui Sarholm, \u00e9 a capital do Novo Imp\u00e9rio Saroviano, bem como sua maior cidade. Localizada a oeste de Estos continental em uma ilha conhecida nos tempos antigos como Nimda, mas agora conhecida como Ilha de Sarholm, a Cidade \u00e9, de longe, o maior assentamento organizado do mundo conhecido. Ela [&hellip;]\" \/>\n<meta property=\"og:url\" content=\"https:\/\/newsarovia.com\/pt\/city-of-sarholm-explained\/\" \/>\n<meta property=\"og:site_name\" content=\"SMI Gouverna\" \/>\n<meta property=\"article:modified_time\" content=\"2025-04-22T17:36:39+00:00\" \/>\n<meta property=\"og:image\" content=\"https:\/\/newsarovia.com\/wp-content\/uploads\/2025\/04\/SarholmMap.png\" \/>\n\t<meta property=\"og:image:width\" content=\"2500\" \/>\n\t<meta property=\"og:image:height\" content=\"2000\" \/>\n\t<meta property=\"og:image:type\" content=\"image\/png\" \/>\n<meta name=\"twitter:card\" content=\"summary_large_image\" \/>\n<meta name=\"twitter:label1\" content=\"Est. tempo de leitura\" \/>\n\t<meta name=\"twitter:data1\" content=\"2 minutos\" \/>\n<script type=\"application\/ld+json\" class=\"yoast-schema-graph\">{\"@context\":\"https:\\\/\\\/schema.org\",\"@graph\":[{\"@type\":\"WebPage\",\"@id\":\"https:\\\/\\\/newsarovia.com\\\/pt\\\/city-of-sarholm-explained\\\/\",\"url\":\"https:\\\/\\\/newsarovia.com\\\/pt\\\/city-of-sarholm-explained\\\/\",\"name\":\"Cidade de Sarholm, Explicado\",\"isPartOf\":{\"@id\":\"https:\\\/\\\/newsarovia.com\\\/#website\"},\"primaryImageOfPage\":{\"@id\":\"https:\\\/\\\/newsarovia.com\\\/pt\\\/city-of-sarholm-explained\\\/#primaryimage\"},\"image\":{\"@id\":\"https:\\\/\\\/newsarovia.com\\\/pt\\\/city-of-sarholm-explained\\\/#primaryimage\"},\"thumbnailUrl\":\"https:\\\/\\\/newsarovia.com\\\/wp-content\\\/uploads\\\/2025\\\/04\\\/SarholmMap.png\",\"datePublished\":\"2025-04-10T17:45:07+00:00\",\"dateModified\":\"2025-04-22T17:36:39+00:00\",\"breadcrumb\":{\"@id\":\"https:\\\/\\\/newsarovia.com\\\/pt\\\/city-of-sarholm-explained\\\/#breadcrumb\"},\"inLanguage\":\"pt-BR\",\"potentialAction\":[{\"@type\":\"ReadAction\",\"target\":[\"https:\\\/\\\/newsarovia.com\\\/pt\\\/city-of-sarholm-explained\\\/\"]}]},{\"@type\":\"ImageObject\",\"inLanguage\":\"pt-BR\",\"@id\":\"https:\\\/\\\/newsarovia.com\\\/pt\\\/city-of-sarholm-explained\\\/#primaryimage\",\"url\":\"https:\\\/\\\/newsarovia.com\\\/wp-content\\\/uploads\\\/2025\\\/04\\\/SarholmMap.png\",\"contentUrl\":\"https:\\\/\\\/newsarovia.com\\\/wp-content\\\/uploads\\\/2025\\\/04\\\/SarholmMap.png\"},{\"@type\":\"BreadcrumbList\",\"@id\":\"https:\\\/\\\/newsarovia.com\\\/pt\\\/city-of-sarholm-explained\\\/#breadcrumb\",\"itemListElement\":[{\"@type\":\"ListItem\",\"position\":1,\"name\":\"Home\",\"item\":\"https:\\\/\\\/newsarovia.com\\\/\"},{\"@type\":\"ListItem\",\"position\":2,\"name\":\"Cidade de Sarholm, Explicado\"}]},{\"@type\":\"WebSite\",\"@id\":\"https:\\\/\\\/newsarovia.com\\\/#website\",\"url\":\"https:\\\/\\\/newsarovia.com\\\/\",\"name\":\"SMI Gouverna\",\"description\":\"\",\"publisher\":{\"@id\":\"https:\\\/\\\/newsarovia.com\\\/#organization\"},\"potentialAction\":[{\"@type\":\"SearchAction\",\"target\":{\"@type\":\"EntryPoint\",\"urlTemplate\":\"https:\\\/\\\/newsarovia.com\\\/?s={search_term_string}\"},\"query-input\":{\"@type\":\"PropertyValueSpecification\",\"valueRequired\":true,\"valueName\":\"search_term_string\"}}],\"inLanguage\":\"pt-BR\"},{\"@type\":\"Organization\",\"@id\":\"https:\\\/\\\/newsarovia.com\\\/#organization\",\"name\":\"Gouverna do Seito Majis Imperial\",\"url\":\"https:\\\/\\\/newsarovia.com\\\/\",\"logo\":{\"@type\":\"ImageObject\",\"inLanguage\":\"pt-BR\",\"@id\":\"https:\\\/\\\/newsarovia.com\\\/#\\\/schema\\\/logo\\\/image\\\/\",\"url\":\"https:\\\/\\\/newsarovia.com\\\/wp-content\\\/uploads\\\/2025\\\/01\\\/Sarovia-Logo-Words.png\",\"contentUrl\":\"https:\\\/\\\/newsarovia.com\\\/wp-content\\\/uploads\\\/2025\\\/01\\\/Sarovia-Logo-Words.png\",\"width\":9985,\"height\":2274,\"caption\":\"Gouverna do Seito Majis Imperial\"},\"image\":{\"@id\":\"https:\\\/\\\/newsarovia.com\\\/#\\\/schema\\\/logo\\\/image\\\/\"}}]}<\/script>\n<!-- \/ Yoast SEO plugin. -->","yoast_head_json":{"title":"Cidade de Sarholm, Explicado - SMI Gouverna","robots":{"index":"index","follow":"follow","max-snippet":"max-snippet:-1","max-image-preview":"max-image-preview:large","max-video-preview":"max-video-preview:-1"},"canonical":"https:\/\/newsarovia.com\/pt\/city-of-sarholm-explained\/","og_locale":"pt_BR","og_type":"article","og_title":"[:en]City of Sarholm Explained[:pt]Cidade de Sarholm, Explicado[:] - SMI Gouverna","og_description":"A Cidade de Sarholm, ou Viya eui Sarholm, \u00e9 a capital do Novo Imp\u00e9rio Saroviano, bem como sua maior cidade. Localizada a oeste de Estos continental em uma ilha conhecida nos tempos antigos como Nimda, mas agora conhecida como Ilha de Sarholm, a Cidade \u00e9, de longe, o maior assentamento organizado do mundo conhecido. Ela [&hellip;]","og_url":"https:\/\/newsarovia.com\/pt\/city-of-sarholm-explained\/","og_site_name":"SMI Gouverna","article_modified_time":"2025-04-22T17:36:39+00:00","og_image":[{"width":2500,"height":2000,"url":"https:\/\/newsarovia.com\/wp-content\/uploads\/2025\/04\/SarholmMap.png","type":"image\/png"}],"twitter_card":"summary_large_image","twitter_misc":{"Est. tempo de leitura":"2 minutos"},"schema":{"@context":"https:\/\/schema.org","@graph":[{"@type":"WebPage","@id":"https:\/\/newsarovia.com\/pt\/city-of-sarholm-explained\/","url":"https:\/\/newsarovia.com\/pt\/city-of-sarholm-explained\/","name":"Cidade de Sarholm, Explicado","isPartOf":{"@id":"https:\/\/newsarovia.com\/#website"},"primaryImageOfPage":{"@id":"https:\/\/newsarovia.com\/pt\/city-of-sarholm-explained\/#primaryimage"},"image":{"@id":"https:\/\/newsarovia.com\/pt\/city-of-sarholm-explained\/#primaryimage"},"thumbnailUrl":"https:\/\/newsarovia.com\/wp-content\/uploads\/2025\/04\/SarholmMap.png","datePublished":"2025-04-10T17:45:07+00:00","dateModified":"2025-04-22T17:36:39+00:00","breadcrumb":{"@id":"https:\/\/newsarovia.com\/pt\/city-of-sarholm-explained\/#breadcrumb"},"inLanguage":"pt-BR","potentialAction":[{"@type":"ReadAction","target":["https:\/\/newsarovia.com\/pt\/city-of-sarholm-explained\/"]}]},{"@type":"ImageObject","inLanguage":"pt-BR","@id":"https:\/\/newsarovia.com\/pt\/city-of-sarholm-explained\/#primaryimage","url":"https:\/\/newsarovia.com\/wp-content\/uploads\/2025\/04\/SarholmMap.png","contentUrl":"https:\/\/newsarovia.com\/wp-content\/uploads\/2025\/04\/SarholmMap.png"},{"@type":"BreadcrumbList","@id":"https:\/\/newsarovia.com\/pt\/city-of-sarholm-explained\/#breadcrumb","itemListElement":[{"@type":"ListItem","position":1,"name":"Home","item":"https:\/\/newsarovia.com\/"},{"@type":"ListItem","position":2,"name":"Cidade de Sarholm, Explicado"}]},{"@type":"WebSite","@id":"https:\/\/newsarovia.com\/#website","url":"https:\/\/newsarovia.com\/","name":"SMI Gouverna","description":"","publisher":{"@id":"https:\/\/newsarovia.com\/#organization"},"potentialAction":[{"@type":"SearchAction","target":{"@type":"EntryPoint","urlTemplate":"https:\/\/newsarovia.com\/?s={search_term_string}"},"query-input":{"@type":"PropertyValueSpecification","valueRequired":true,"valueName":"search_term_string"}}],"inLanguage":"pt-BR"},{"@type":"Organization","@id":"https:\/\/newsarovia.com\/#organization","name":"Gouverna do Seito Majis Imperial","url":"https:\/\/newsarovia.com\/","logo":{"@type":"ImageObject","inLanguage":"pt-BR","@id":"https:\/\/newsarovia.com\/#\/schema\/logo\/image\/","url":"https:\/\/newsarovia.com\/wp-content\/uploads\/2025\/01\/Sarovia-Logo-Words.png","contentUrl":"https:\/\/newsarovia.com\/wp-content\/uploads\/2025\/01\/Sarovia-Logo-Words.png","width":9985,"height":2274,"caption":"Gouverna do Seito Majis Imperial"},"image":{"@id":"https:\/\/newsarovia.com\/#\/schema\/logo\/image\/"}}]}},"_links":{"self":[{"href":"https:\/\/newsarovia.com\/pt\/wp-json\/wp\/v2\/pages\/2739","targetHints":{"allow":["GET"]}}],"collection":[{"href":"https:\/\/newsarovia.com\/pt\/wp-json\/wp\/v2\/pages"}],"about":[{"href":"https:\/\/newsarovia.com\/pt\/wp-json\/wp\/v2\/types\/page"}],"author":[{"embeddable":true,"href":"https:\/\/newsarovia.com\/pt\/wp-json\/wp\/v2\/users\/1"}],"replies":[{"embeddable":true,"href":"https:\/\/newsarovia.com\/pt\/wp-json\/wp\/v2\/comments?post=2739"}],"version-history":[{"count":4,"href":"https:\/\/newsarovia.com\/pt\/wp-json\/wp\/v2\/pages\/2739\/revisions"}],"predecessor-version":[{"id":2986,"href":"https:\/\/newsarovia.com\/pt\/wp-json\/wp\/v2\/pages\/2739\/revisions\/2986"}],"wp:attachment":[{"href":"https:\/\/newsarovia.com\/pt\/wp-json\/wp\/v2\/media?parent=2739"}],"curies":[{"name":"wp","href":"https:\/\/api.w.org\/{rel}","templated":true}]}}