{"id":2740,"date":"2025-04-10T17:45:26","date_gmt":"2025-04-10T17:45:26","guid":{"rendered":"https:\/\/newsarovia.com\/?page_id=2740"},"modified":"2025-04-22T17:50:17","modified_gmt":"2025-04-22T17:50:17","slug":"buying-and-owning-property","status":"publish","type":"page","link":"https:\/\/newsarovia.com\/pt\/buying-and-owning-property\/","title":{"rendered":"Comprar e Possuir Propriedade"},"content":{"rendered":"\n<p>Em Nova Sarovia, a Constitui\u00e7\u00e3o concede a todos os cidad\u00e3os o direito de possuir <strong>propriedade<\/strong>. Isso pode ser feito de duas maneiras principais: a primeira \u00e9 construindo uma casa ou outro edif\u00edcio e instalando-o na Cidade de Sarholm. A segunda \u00e9 comprando uma propriedade em outro lugar do Imp\u00e9rio. Alguns Dom\u00ednios tamb\u00e9m permitem a compra de propriedades, usando uma vers\u00e3o truncada do sistema Saroviano.<\/p>\n\n\n\n<p>H\u00e1 um total de 75 propriedades em Nova Sarovia, em uma variedade de pre\u00e7os. Como todas as terras, por padr\u00e3o, pertencem \u00e0 Coroa, a propriedade \u00e9 comprada do Governo Saroviano e os impostos da propriedade s\u00e3o pagos a ele a cada ano Stef\u00e2nico. No entanto, as propriedades tamb\u00e9m proporcionam uma renda adicional est\u00e1vel aos propriet\u00e1rios, e qualquer uso privado de uma propriedade tamb\u00e9m exige o pagamento de royalties ao propriet\u00e1rio. Embora algumas propriedades estejam fora dos limites para compra p\u00fablica, a maioria n\u00e3o est\u00e1, e j\u00e1 existem muitos propriet\u00e1rios e fam\u00edlias propriet\u00e1rias de terras. Al\u00e9m da renda b\u00f4nus, a propriedade tamb\u00e9m fornece Pontos de Prest\u00edgio \u00e0s fam\u00edlias cujos membros s\u00e3o propriet\u00e1rios.<\/p>\n\n\n\n<p>H\u00e1 dois tipos de propriedade: propriedades regulares e estradas. As estradas s\u00e3o uma forma especial de propriedade, incluindo, mas n\u00e3o se limitando a, estradas, rodovias e pontes importantes no jogo, que geram renda adicional de b\u00f4nus em compara\u00e7\u00e3o com as propriedades regulares. Como resultado, elas tendem a ser as propriedades mais caras, com exce\u00e7\u00e3o de certas propriedades regulares com valor extraordinariamente alto. Se quiser comprar uma propriedade, basta entrar em contato com um membro do <em>Ministe eui Faridone<\/em>!<\/p>\n\n\n\n<h2 class=\"wp-block-heading has-primary-color has-text-color has-link-color wp-elements-5da98fd03a348d6bb1bf93ba3c1f8cfc\" style=\"font-size:clamp(22.041px, 1.378rem + ((1vw - 3.2px) * 1.586), 36px);\">Mapa das Propriedades (feito 319 AS)<\/h2>\n\n\n\n<div class=\"wp-block-columns is-layout-flex wp-container-core-columns-is-layout-28f84493 wp-block-columns-is-layout-flex\">\n<div class=\"wp-block-column is-layout-flow wp-block-column-is-layout-flow\">\n<figure class=\"wp-block-image aligncenter size-full is-resized has-custom-border\"><img loading=\"lazy\" decoding=\"async\" width=\"2560\" height=\"2069\" src=\"https:\/\/newsarovia.com\/wp-content\/uploads\/2025\/04\/Property_Maps-scaled.png\" alt=\"\" class=\"has-border-color wp-image-2988\" style=\"border-color:#737373;border-width:2px;border-radius:0px;width:566px;height:auto\" srcset=\"https:\/\/newsarovia.com\/wp-content\/uploads\/2025\/04\/Property_Maps-scaled.png 2560w, https:\/\/newsarovia.com\/wp-content\/uploads\/2025\/04\/Property_Maps-300x242.png 300w, https:\/\/newsarovia.com\/wp-content\/uploads\/2025\/04\/Property_Maps-1024x828.png 1024w, https:\/\/newsarovia.com\/wp-content\/uploads\/2025\/04\/Property_Maps-768x621.png 768w, https:\/\/newsarovia.com\/wp-content\/uploads\/2025\/04\/Property_Maps-1536x1241.png 1536w, https:\/\/newsarovia.com\/wp-content\/uploads\/2025\/04\/Property_Maps-2048x1655.png 2048w\" sizes=\"auto, (max-width: 2560px) 100vw, 2560px\" \/><\/figure>\n<\/div>\n<\/div>\n","protected":false},"excerpt":{"rendered":"<p>Em Nova Sarovia, a Constitui\u00e7\u00e3o concede a todos os cidad\u00e3os o direito de possuir propriedade. Isso pode ser feito de duas maneiras principais: a primeira \u00e9 construindo uma casa ou outro edif\u00edcio e instalando-o na Cidade de Sarholm. A segunda \u00e9 comprando uma propriedade em outro lugar do Imp\u00e9rio. Alguns Dom\u00ednios tamb\u00e9m permitem a compra [&hellip;]<\/p>\n","protected":false},"author":1,"featured_media":0,"parent":0,"menu_order":0,"comment_status":"closed","ping_status":"closed","template":"","meta":{"footnotes":""},"class_list":["post-2740","page","type-page","status-publish","hentry"],"yoast_head":"<!-- This site is optimized with the Yoast SEO plugin v27.3 - https:\/\/yoast.com\/product\/yoast-seo-wordpress\/ -->\n<title>Comprar e Possuir Propriedade - SMI Gouverna<\/title>\n<meta name=\"robots\" content=\"index, follow, max-snippet:-1, max-image-preview:large, max-video-preview:-1\" \/>\n<link rel=\"canonical\" href=\"https:\/\/newsarovia.com\/pt\/buying-and-owning-property\/\" \/>\n<meta property=\"og:locale\" content=\"pt_BR\" \/>\n<meta property=\"og:locale:alternate\" content=\"en_US\" \/>\n<meta property=\"og:type\" content=\"article\" \/>\n<meta property=\"og:title\" content=\"Comprar e Possuir Propriedade\" \/>\n<meta property=\"og:description\" content=\"Em Nova Sarovia, a Constitui\u00e7\u00e3o concede a todos os cidad\u00e3os o direito de possuir propriedade. Isso pode ser feito de duas maneiras principais: a primeira \u00e9 construindo uma casa ou outro edif\u00edcio e instalando-o na Cidade de Sarholm. A segunda \u00e9 comprando uma propriedade em outro lugar do Imp\u00e9rio. Alguns Dom\u00ednios tamb\u00e9m permitem a compra [&hellip;]\" \/>\n<meta property=\"og:url\" content=\"https:\/\/newsarovia.com\/pt\/buying-and-owning-property\/\" \/>\n<meta property=\"og:site_name\" content=\"SMI Gouverna\" \/>\n<meta property=\"article:modified_time\" content=\"2025-04-22T17:50:17+00:00\" \/>\n<meta property=\"og:image\" content=\"https:\/\/newsarovia.com\/wp-content\/uploads\/2025\/04\/Property_Maps-scaled.png\" \/>\n\t<meta property=\"og:image:width\" content=\"2560\" \/>\n\t<meta property=\"og:image:height\" content=\"2069\" \/>\n\t<meta property=\"og:image:type\" content=\"image\/png\" \/>\n<meta name=\"twitter:card\" content=\"summary_large_image\" \/>\n<meta name=\"twitter:label1\" content=\"Est. tempo de leitura\" \/>\n\t<meta name=\"twitter:data1\" content=\"2 minutos\" \/>\n<script type=\"application\/ld+json\" class=\"yoast-schema-graph\">{\"@context\":\"https:\\\/\\\/schema.org\",\"@graph\":[{\"@type\":\"WebPage\",\"@id\":\"https:\\\/\\\/newsarovia.com\\\/pt\\\/buying-and-owning-property\\\/\",\"url\":\"https:\\\/\\\/newsarovia.com\\\/pt\\\/buying-and-owning-property\\\/\",\"name\":\"Comprar e Possuir Propriedade\",\"isPartOf\":{\"@id\":\"https:\\\/\\\/newsarovia.com\\\/#website\"},\"primaryImageOfPage\":{\"@id\":\"https:\\\/\\\/newsarovia.com\\\/pt\\\/buying-and-owning-property\\\/#primaryimage\"},\"image\":{\"@id\":\"https:\\\/\\\/newsarovia.com\\\/pt\\\/buying-and-owning-property\\\/#primaryimage\"},\"thumbnailUrl\":\"https:\\\/\\\/newsarovia.com\\\/wp-content\\\/uploads\\\/2025\\\/04\\\/Property_Maps-scaled.png\",\"datePublished\":\"2025-04-10T17:45:26+00:00\",\"dateModified\":\"2025-04-22T17:50:17+00:00\",\"breadcrumb\":{\"@id\":\"https:\\\/\\\/newsarovia.com\\\/pt\\\/buying-and-owning-property\\\/#breadcrumb\"},\"inLanguage\":\"pt-BR\",\"potentialAction\":[{\"@type\":\"ReadAction\",\"target\":[\"https:\\\/\\\/newsarovia.com\\\/pt\\\/buying-and-owning-property\\\/\"]}]},{\"@type\":\"ImageObject\",\"inLanguage\":\"pt-BR\",\"@id\":\"https:\\\/\\\/newsarovia.com\\\/pt\\\/buying-and-owning-property\\\/#primaryimage\",\"url\":\"https:\\\/\\\/newsarovia.com\\\/wp-content\\\/uploads\\\/2025\\\/04\\\/Property_Maps-scaled.png\",\"contentUrl\":\"https:\\\/\\\/newsarovia.com\\\/wp-content\\\/uploads\\\/2025\\\/04\\\/Property_Maps-scaled.png\"},{\"@type\":\"BreadcrumbList\",\"@id\":\"https:\\\/\\\/newsarovia.com\\\/pt\\\/buying-and-owning-property\\\/#breadcrumb\",\"itemListElement\":[{\"@type\":\"ListItem\",\"position\":1,\"name\":\"Home\",\"item\":\"https:\\\/\\\/newsarovia.com\\\/\"},{\"@type\":\"ListItem\",\"position\":2,\"name\":\"Comprar e Possuir Propriedade\"}]},{\"@type\":\"WebSite\",\"@id\":\"https:\\\/\\\/newsarovia.com\\\/#website\",\"url\":\"https:\\\/\\\/newsarovia.com\\\/\",\"name\":\"SMI Gouverna\",\"description\":\"\",\"publisher\":{\"@id\":\"https:\\\/\\\/newsarovia.com\\\/#organization\"},\"potentialAction\":[{\"@type\":\"SearchAction\",\"target\":{\"@type\":\"EntryPoint\",\"urlTemplate\":\"https:\\\/\\\/newsarovia.com\\\/?s={search_term_string}\"},\"query-input\":{\"@type\":\"PropertyValueSpecification\",\"valueRequired\":true,\"valueName\":\"search_term_string\"}}],\"inLanguage\":\"pt-BR\"},{\"@type\":\"Organization\",\"@id\":\"https:\\\/\\\/newsarovia.com\\\/#organization\",\"name\":\"Gouverna do Seito Majis Imperial\",\"url\":\"https:\\\/\\\/newsarovia.com\\\/\",\"logo\":{\"@type\":\"ImageObject\",\"inLanguage\":\"pt-BR\",\"@id\":\"https:\\\/\\\/newsarovia.com\\\/#\\\/schema\\\/logo\\\/image\\\/\",\"url\":\"https:\\\/\\\/newsarovia.com\\\/wp-content\\\/uploads\\\/2025\\\/01\\\/Sarovia-Logo-Words.png\",\"contentUrl\":\"https:\\\/\\\/newsarovia.com\\\/wp-content\\\/uploads\\\/2025\\\/01\\\/Sarovia-Logo-Words.png\",\"width\":9985,\"height\":2274,\"caption\":\"Gouverna do Seito Majis Imperial\"},\"image\":{\"@id\":\"https:\\\/\\\/newsarovia.com\\\/#\\\/schema\\\/logo\\\/image\\\/\"}}]}<\/script>\n<!-- \/ Yoast SEO plugin. -->","yoast_head_json":{"title":"Comprar e Possuir Propriedade - SMI Gouverna","robots":{"index":"index","follow":"follow","max-snippet":"max-snippet:-1","max-image-preview":"max-image-preview:large","max-video-preview":"max-video-preview:-1"},"canonical":"https:\/\/newsarovia.com\/pt\/buying-and-owning-property\/","og_locale":"pt_BR","og_type":"article","og_title":"[:en]Buying and Owning Property[:pt]Comprar e Possuir Propriedade[:] - SMI Gouverna","og_description":"Em Nova Sarovia, a Constitui\u00e7\u00e3o concede a todos os cidad\u00e3os o direito de possuir propriedade. Isso pode ser feito de duas maneiras principais: a primeira \u00e9 construindo uma casa ou outro edif\u00edcio e instalando-o na Cidade de Sarholm. A segunda \u00e9 comprando uma propriedade em outro lugar do Imp\u00e9rio. Alguns Dom\u00ednios tamb\u00e9m permitem a compra [&hellip;]","og_url":"https:\/\/newsarovia.com\/pt\/buying-and-owning-property\/","og_site_name":"SMI Gouverna","article_modified_time":"2025-04-22T17:50:17+00:00","og_image":[{"width":2560,"height":2069,"url":"https:\/\/newsarovia.com\/wp-content\/uploads\/2025\/04\/Property_Maps-scaled.png","type":"image\/png"}],"twitter_card":"summary_large_image","twitter_misc":{"Est. tempo de leitura":"2 minutos"},"schema":{"@context":"https:\/\/schema.org","@graph":[{"@type":"WebPage","@id":"https:\/\/newsarovia.com\/pt\/buying-and-owning-property\/","url":"https:\/\/newsarovia.com\/pt\/buying-and-owning-property\/","name":"Comprar e Possuir Propriedade","isPartOf":{"@id":"https:\/\/newsarovia.com\/#website"},"primaryImageOfPage":{"@id":"https:\/\/newsarovia.com\/pt\/buying-and-owning-property\/#primaryimage"},"image":{"@id":"https:\/\/newsarovia.com\/pt\/buying-and-owning-property\/#primaryimage"},"thumbnailUrl":"https:\/\/newsarovia.com\/wp-content\/uploads\/2025\/04\/Property_Maps-scaled.png","datePublished":"2025-04-10T17:45:26+00:00","dateModified":"2025-04-22T17:50:17+00:00","breadcrumb":{"@id":"https:\/\/newsarovia.com\/pt\/buying-and-owning-property\/#breadcrumb"},"inLanguage":"pt-BR","potentialAction":[{"@type":"ReadAction","target":["https:\/\/newsarovia.com\/pt\/buying-and-owning-property\/"]}]},{"@type":"ImageObject","inLanguage":"pt-BR","@id":"https:\/\/newsarovia.com\/pt\/buying-and-owning-property\/#primaryimage","url":"https:\/\/newsarovia.com\/wp-content\/uploads\/2025\/04\/Property_Maps-scaled.png","contentUrl":"https:\/\/newsarovia.com\/wp-content\/uploads\/2025\/04\/Property_Maps-scaled.png"},{"@type":"BreadcrumbList","@id":"https:\/\/newsarovia.com\/pt\/buying-and-owning-property\/#breadcrumb","itemListElement":[{"@type":"ListItem","position":1,"name":"Home","item":"https:\/\/newsarovia.com\/"},{"@type":"ListItem","position":2,"name":"Comprar e Possuir Propriedade"}]},{"@type":"WebSite","@id":"https:\/\/newsarovia.com\/#website","url":"https:\/\/newsarovia.com\/","name":"SMI Gouverna","description":"","publisher":{"@id":"https:\/\/newsarovia.com\/#organization"},"potentialAction":[{"@type":"SearchAction","target":{"@type":"EntryPoint","urlTemplate":"https:\/\/newsarovia.com\/?s={search_term_string}"},"query-input":{"@type":"PropertyValueSpecification","valueRequired":true,"valueName":"search_term_string"}}],"inLanguage":"pt-BR"},{"@type":"Organization","@id":"https:\/\/newsarovia.com\/#organization","name":"Gouverna do Seito Majis Imperial","url":"https:\/\/newsarovia.com\/","logo":{"@type":"ImageObject","inLanguage":"pt-BR","@id":"https:\/\/newsarovia.com\/#\/schema\/logo\/image\/","url":"https:\/\/newsarovia.com\/wp-content\/uploads\/2025\/01\/Sarovia-Logo-Words.png","contentUrl":"https:\/\/newsarovia.com\/wp-content\/uploads\/2025\/01\/Sarovia-Logo-Words.png","width":9985,"height":2274,"caption":"Gouverna do Seito Majis Imperial"},"image":{"@id":"https:\/\/newsarovia.com\/#\/schema\/logo\/image\/"}}]}},"_links":{"self":[{"href":"https:\/\/newsarovia.com\/pt\/wp-json\/wp\/v2\/pages\/2740","targetHints":{"allow":["GET"]}}],"collection":[{"href":"https:\/\/newsarovia.com\/pt\/wp-json\/wp\/v2\/pages"}],"about":[{"href":"https:\/\/newsarovia.com\/pt\/wp-json\/wp\/v2\/types\/page"}],"author":[{"embeddable":true,"href":"https:\/\/newsarovia.com\/pt\/wp-json\/wp\/v2\/users\/1"}],"replies":[{"embeddable":true,"href":"https:\/\/newsarovia.com\/pt\/wp-json\/wp\/v2\/comments?post=2740"}],"version-history":[{"count":4,"href":"https:\/\/newsarovia.com\/pt\/wp-json\/wp\/v2\/pages\/2740\/revisions"}],"predecessor-version":[{"id":2991,"href":"https:\/\/newsarovia.com\/pt\/wp-json\/wp\/v2\/pages\/2740\/revisions\/2991"}],"wp:attachment":[{"href":"https:\/\/newsarovia.com\/pt\/wp-json\/wp\/v2\/media?parent=2740"}],"curies":[{"name":"wp","href":"https:\/\/api.w.org\/{rel}","templated":true}]}}