{"id":2741,"date":"2025-04-10T17:45:49","date_gmt":"2025-04-10T17:45:49","guid":{"rendered":"https:\/\/newsarovia.com\/?page_id=2741"},"modified":"2025-04-22T18:03:23","modified_gmt":"2025-04-22T18:03:23","slug":"public-polling-and-statistical-records","status":"publish","type":"page","link":"https:\/\/newsarovia.com\/pt\/public-polling-and-statistical-records\/","title":{"rendered":"Registro P\u00fablico de Pesquisas e Estat\u00edsticos"},"content":{"rendered":"\n<p>Bem-vindo ao reposit\u00f3rio p\u00fablico de registros de pesquisas do <em>Ministe eui Faridone<\/em>, bem como outros registros estat\u00edsticos, incluindo, mas n\u00e3o se limitando ao Censo Imperial. Aqui voc\u00ea pode encontrar registros da Divis\u00e3o de Pesquisas de <em>Tel Impir<\/em>, o censo mencionado acima, estudos acad\u00eamicos, registros governamentais e outros materiais n\u00e3o classificados criados, conduzidos e\/ou mantidos pelo Governo Saroviano. Se voc\u00ea tiver alguma d\u00favida sobre um determinado conjunto de dados, fale com um membro do <em>Ministe eui Faridone<\/em>!<\/p>\n\n\n\n<h2 class=\"wp-block-heading has-primary-color has-text-color has-link-color wp-elements-e9d29d33976a5196e1076c24874929c9\" style=\"font-size:clamp(22.041px, 1.378rem + ((1vw - 3.2px) * 1.586), 36px);\">Lista de Pesquisas e Estat\u00edsticas Registradas<\/h2>\n","protected":false},"excerpt":{"rendered":"<p>Bem-vindo ao reposit\u00f3rio p\u00fablico de registros de pesquisas do Ministe eui Faridone, bem como outros registros estat\u00edsticos, incluindo, mas n\u00e3o se limitando ao Censo Imperial. Aqui voc\u00ea pode encontrar registros da Divis\u00e3o de Pesquisas de Tel Impir, o censo mencionado acima, estudos acad\u00eamicos, registros governamentais e outros materiais n\u00e3o classificados criados, conduzidos e\/ou mantidos pelo [&hellip;]<\/p>\n","protected":false},"author":1,"featured_media":0,"parent":0,"menu_order":0,"comment_status":"closed","ping_status":"closed","template":"","meta":{"footnotes":""},"class_list":["post-2741","page","type-page","status-publish","hentry"],"yoast_head":"<!-- This site is optimized with the Yoast SEO plugin v27.3 - https:\/\/yoast.com\/product\/yoast-seo-wordpress\/ -->\n<title>Registro P\u00fablico de Pesquisas e Estat\u00edsticos - SMI Gouverna<\/title>\n<meta name=\"robots\" content=\"index, follow, max-snippet:-1, max-image-preview:large, max-video-preview:-1\" \/>\n<link rel=\"canonical\" href=\"https:\/\/newsarovia.com\/pt\/public-polling-and-statistical-records\/\" \/>\n<meta property=\"og:locale\" content=\"pt_BR\" \/>\n<meta property=\"og:locale:alternate\" content=\"en_US\" \/>\n<meta property=\"og:type\" content=\"article\" \/>\n<meta property=\"og:title\" content=\"Registro P\u00fablico de Pesquisas e Estat\u00edsticos\" \/>\n<meta property=\"og:description\" content=\"Bem-vindo ao reposit\u00f3rio p\u00fablico de registros de pesquisas do Ministe eui Faridone, bem como outros registros estat\u00edsticos, incluindo, mas n\u00e3o se limitando ao Censo Imperial. Aqui voc\u00ea pode encontrar registros da Divis\u00e3o de Pesquisas de Tel Impir, o censo mencionado acima, estudos acad\u00eamicos, registros governamentais e outros materiais n\u00e3o classificados criados, conduzidos e\/ou mantidos pelo [&hellip;]\" \/>\n<meta property=\"og:url\" content=\"https:\/\/newsarovia.com\/pt\/public-polling-and-statistical-records\/\" \/>\n<meta property=\"og:site_name\" content=\"SMI Gouverna\" \/>\n<meta property=\"article:modified_time\" content=\"2025-04-22T18:03:23+00:00\" \/>\n<meta name=\"twitter:card\" content=\"summary_large_image\" \/>\n<meta name=\"twitter:label1\" content=\"Est. tempo de leitura\" \/>\n\t<meta name=\"twitter:data1\" content=\"1 minuto\" \/>\n<script type=\"application\/ld+json\" class=\"yoast-schema-graph\">{\"@context\":\"https:\\\/\\\/schema.org\",\"@graph\":[{\"@type\":\"WebPage\",\"@id\":\"https:\\\/\\\/newsarovia.com\\\/pt\\\/public-polling-and-statistical-records\\\/\",\"url\":\"https:\\\/\\\/newsarovia.com\\\/pt\\\/public-polling-and-statistical-records\\\/\",\"name\":\"Registro P\u00fablico de Pesquisas e Estat\u00edsticos\",\"isPartOf\":{\"@id\":\"https:\\\/\\\/newsarovia.com\\\/#website\"},\"datePublished\":\"2025-04-10T17:45:49+00:00\",\"dateModified\":\"2025-04-22T18:03:23+00:00\",\"breadcrumb\":{\"@id\":\"https:\\\/\\\/newsarovia.com\\\/pt\\\/public-polling-and-statistical-records\\\/#breadcrumb\"},\"inLanguage\":\"pt-BR\",\"potentialAction\":[{\"@type\":\"ReadAction\",\"target\":[\"https:\\\/\\\/newsarovia.com\\\/pt\\\/public-polling-and-statistical-records\\\/\"]}]},{\"@type\":\"BreadcrumbList\",\"@id\":\"https:\\\/\\\/newsarovia.com\\\/pt\\\/public-polling-and-statistical-records\\\/#breadcrumb\",\"itemListElement\":[{\"@type\":\"ListItem\",\"position\":1,\"name\":\"Home\",\"item\":\"https:\\\/\\\/newsarovia.com\\\/\"},{\"@type\":\"ListItem\",\"position\":2,\"name\":\"Registro P\u00fablico de Pesquisas e Estat\u00edsticos\"}]},{\"@type\":\"WebSite\",\"@id\":\"https:\\\/\\\/newsarovia.com\\\/#website\",\"url\":\"https:\\\/\\\/newsarovia.com\\\/\",\"name\":\"SMI Gouverna\",\"description\":\"\",\"publisher\":{\"@id\":\"https:\\\/\\\/newsarovia.com\\\/#organization\"},\"potentialAction\":[{\"@type\":\"SearchAction\",\"target\":{\"@type\":\"EntryPoint\",\"urlTemplate\":\"https:\\\/\\\/newsarovia.com\\\/?s={search_term_string}\"},\"query-input\":{\"@type\":\"PropertyValueSpecification\",\"valueRequired\":true,\"valueName\":\"search_term_string\"}}],\"inLanguage\":\"pt-BR\"},{\"@type\":\"Organization\",\"@id\":\"https:\\\/\\\/newsarovia.com\\\/#organization\",\"name\":\"Gouverna do Seito Majis Imperial\",\"url\":\"https:\\\/\\\/newsarovia.com\\\/\",\"logo\":{\"@type\":\"ImageObject\",\"inLanguage\":\"pt-BR\",\"@id\":\"https:\\\/\\\/newsarovia.com\\\/#\\\/schema\\\/logo\\\/image\\\/\",\"url\":\"https:\\\/\\\/newsarovia.com\\\/wp-content\\\/uploads\\\/2025\\\/01\\\/Sarovia-Logo-Words.png\",\"contentUrl\":\"https:\\\/\\\/newsarovia.com\\\/wp-content\\\/uploads\\\/2025\\\/01\\\/Sarovia-Logo-Words.png\",\"width\":9985,\"height\":2274,\"caption\":\"Gouverna do Seito Majis Imperial\"},\"image\":{\"@id\":\"https:\\\/\\\/newsarovia.com\\\/#\\\/schema\\\/logo\\\/image\\\/\"}}]}<\/script>\n<!-- \/ Yoast SEO plugin. -->","yoast_head_json":{"title":"Registro P\u00fablico de Pesquisas e Estat\u00edsticos - SMI Gouverna","robots":{"index":"index","follow":"follow","max-snippet":"max-snippet:-1","max-image-preview":"max-image-preview:large","max-video-preview":"max-video-preview:-1"},"canonical":"https:\/\/newsarovia.com\/pt\/public-polling-and-statistical-records\/","og_locale":"pt_BR","og_type":"article","og_title":"[:en]Public Polling and Statistical Records[:pt]Registro P\u00fablico de Pesquisas e Estat\u00edsticos[:] - SMI Gouverna","og_description":"Bem-vindo ao reposit\u00f3rio p\u00fablico de registros de pesquisas do Ministe eui Faridone, bem como outros registros estat\u00edsticos, incluindo, mas n\u00e3o se limitando ao Censo Imperial. Aqui voc\u00ea pode encontrar registros da Divis\u00e3o de Pesquisas de Tel Impir, o censo mencionado acima, estudos acad\u00eamicos, registros governamentais e outros materiais n\u00e3o classificados criados, conduzidos e\/ou mantidos pelo [&hellip;]","og_url":"https:\/\/newsarovia.com\/pt\/public-polling-and-statistical-records\/","og_site_name":"SMI Gouverna","article_modified_time":"2025-04-22T18:03:23+00:00","twitter_card":"summary_large_image","twitter_misc":{"Est. tempo de leitura":"1 minuto"},"schema":{"@context":"https:\/\/schema.org","@graph":[{"@type":"WebPage","@id":"https:\/\/newsarovia.com\/pt\/public-polling-and-statistical-records\/","url":"https:\/\/newsarovia.com\/pt\/public-polling-and-statistical-records\/","name":"Registro P\u00fablico de Pesquisas e Estat\u00edsticos","isPartOf":{"@id":"https:\/\/newsarovia.com\/#website"},"datePublished":"2025-04-10T17:45:49+00:00","dateModified":"2025-04-22T18:03:23+00:00","breadcrumb":{"@id":"https:\/\/newsarovia.com\/pt\/public-polling-and-statistical-records\/#breadcrumb"},"inLanguage":"pt-BR","potentialAction":[{"@type":"ReadAction","target":["https:\/\/newsarovia.com\/pt\/public-polling-and-statistical-records\/"]}]},{"@type":"BreadcrumbList","@id":"https:\/\/newsarovia.com\/pt\/public-polling-and-statistical-records\/#breadcrumb","itemListElement":[{"@type":"ListItem","position":1,"name":"Home","item":"https:\/\/newsarovia.com\/"},{"@type":"ListItem","position":2,"name":"Registro P\u00fablico de Pesquisas e Estat\u00edsticos"}]},{"@type":"WebSite","@id":"https:\/\/newsarovia.com\/#website","url":"https:\/\/newsarovia.com\/","name":"SMI Gouverna","description":"","publisher":{"@id":"https:\/\/newsarovia.com\/#organization"},"potentialAction":[{"@type":"SearchAction","target":{"@type":"EntryPoint","urlTemplate":"https:\/\/newsarovia.com\/?s={search_term_string}"},"query-input":{"@type":"PropertyValueSpecification","valueRequired":true,"valueName":"search_term_string"}}],"inLanguage":"pt-BR"},{"@type":"Organization","@id":"https:\/\/newsarovia.com\/#organization","name":"Gouverna do Seito Majis Imperial","url":"https:\/\/newsarovia.com\/","logo":{"@type":"ImageObject","inLanguage":"pt-BR","@id":"https:\/\/newsarovia.com\/#\/schema\/logo\/image\/","url":"https:\/\/newsarovia.com\/wp-content\/uploads\/2025\/01\/Sarovia-Logo-Words.png","contentUrl":"https:\/\/newsarovia.com\/wp-content\/uploads\/2025\/01\/Sarovia-Logo-Words.png","width":9985,"height":2274,"caption":"Gouverna do Seito Majis Imperial"},"image":{"@id":"https:\/\/newsarovia.com\/#\/schema\/logo\/image\/"}}]}},"_links":{"self":[{"href":"https:\/\/newsarovia.com\/pt\/wp-json\/wp\/v2\/pages\/2741","targetHints":{"allow":["GET"]}}],"collection":[{"href":"https:\/\/newsarovia.com\/pt\/wp-json\/wp\/v2\/pages"}],"about":[{"href":"https:\/\/newsarovia.com\/pt\/wp-json\/wp\/v2\/types\/page"}],"author":[{"embeddable":true,"href":"https:\/\/newsarovia.com\/pt\/wp-json\/wp\/v2\/users\/1"}],"replies":[{"embeddable":true,"href":"https:\/\/newsarovia.com\/pt\/wp-json\/wp\/v2\/comments?post=2741"}],"version-history":[{"count":5,"href":"https:\/\/newsarovia.com\/pt\/wp-json\/wp\/v2\/pages\/2741\/revisions"}],"predecessor-version":[{"id":2996,"href":"https:\/\/newsarovia.com\/pt\/wp-json\/wp\/v2\/pages\/2741\/revisions\/2996"}],"wp:attachment":[{"href":"https:\/\/newsarovia.com\/pt\/wp-json\/wp\/v2\/media?parent=2741"}],"curies":[{"name":"wp","href":"https:\/\/api.w.org\/{rel}","templated":true}]}}