{"id":2742,"date":"2025-04-10T17:46:08","date_gmt":"2025-04-10T17:46:08","guid":{"rendered":"https:\/\/newsarovia.com\/?page_id=2742"},"modified":"2025-04-22T18:45:36","modified_gmt":"2025-04-22T18:45:36","slug":"newspapers-and-journalism","status":"publish","type":"page","link":"https:\/\/newsarovia.com\/pt\/newspapers-and-journalism\/","title":{"rendered":"Jornais e Jornalismo"},"content":{"rendered":"\n<p>Em Nova Sarovia, qualquer cidad\u00e3o, corpora\u00e7\u00e3o registrada ou partido pol\u00edtico pode adquirir uma Licen\u00e7a Jornal\u00edstica, permitindo que essa entidade crie e publique um jornal particular. Al\u00e9m disso, o Governo Saroviano e o Governo Philippiano mant\u00eam <em>Tel Impir<\/em> e o <em>Rachaelsburg Examiner<\/em>, respectivamente, como ve\u00edculos de m\u00eddia estatais. Cada uma dessas publica\u00e7\u00f5es \u00e9 frequentemente postada publicamente em todo o Imp\u00e9rio, portanto, criar e manter uma publica\u00e7\u00e3o jornal\u00edstica \u00e9 uma \u00f3tima maneira de divulgar uma mensagem!<\/p>\n\n\n\n<p>Abaixo est\u00e1 uma lista das jornais atualmente ativas em Sarovia, bem como nas Col\u00f4nias e Dom\u00ednios.<\/p>\n\n\n\n<h2 class=\"wp-block-heading has-primary-color has-text-color has-link-color wp-elements-88c221e804a82903389b7666e0da6e5d\" style=\"font-size:clamp(22.041px, 1.378rem + ((1vw - 3.2px) * 1.586), 36px);\">Jornais Ativas<\/h2>\n\n\n\n<div class=\"wp-block-columns is-layout-flex wp-container-core-columns-is-layout-28f84493 wp-block-columns-is-layout-flex\">\n<div class=\"wp-block-column is-layout-flow wp-block-column-is-layout-flow\">\n<figure class=\"wp-block-image aligncenter size-full is-resized\"><img loading=\"lazy\" decoding=\"async\" width=\"1632\" height=\"1632\" src=\"https:\/\/newsarovia.com\/wp-content\/uploads\/2025\/04\/Tel_Impir_Logo.png\" alt=\"\" class=\"wp-image-2998\" style=\"width:307px;height:auto\" srcset=\"https:\/\/newsarovia.com\/wp-content\/uploads\/2025\/04\/Tel_Impir_Logo.png 1632w, https:\/\/newsarovia.com\/wp-content\/uploads\/2025\/04\/Tel_Impir_Logo-300x300.png 300w, https:\/\/newsarovia.com\/wp-content\/uploads\/2025\/04\/Tel_Impir_Logo-1024x1024.png 1024w, https:\/\/newsarovia.com\/wp-content\/uploads\/2025\/04\/Tel_Impir_Logo-150x150.png 150w, https:\/\/newsarovia.com\/wp-content\/uploads\/2025\/04\/Tel_Impir_Logo-768x768.png 768w, https:\/\/newsarovia.com\/wp-content\/uploads\/2025\/04\/Tel_Impir_Logo-1536x1536.png 1536w\" sizes=\"auto, (max-width: 1632px) 100vw, 1632px\" \/><\/figure>\n\n\n\n<h2 class=\"wp-block-heading has-text-align-center has-mono-2-color has-text-color has-link-color wp-elements-d290226e73dc94364a07713967481433\" style=\"font-size:clamp(15.747px, 0.984rem + ((1vw - 3.2px) * 0.938), 24px);\"><em>Tel Impir<\/em><\/h2>\n\n\n\n<p><strong>EDITOR:<\/strong> <em>Nenhum, controlado pelo Governo Saroviano<\/em><br><strong>RESUMO:<\/strong> <strong><em>Tel Impir <\/em><\/strong><em>(O Imp\u00e9rio)<\/em> i\u00e9 o ve\u00edculo de comunica\u00e7\u00e3o estatal de Nova Sarovia, que tamb\u00e9m opera em todo o Imp\u00e9rio e na Commonwealth em conjunto com o <em>Rede Sarovian Path\u00e9<\/em>, que produz v\u00eddeos. A Tel Impir possui 5 divis\u00f5es: <strong>Pesquisas, Pol\u00edtica, Global, Finan\u00e7as<\/strong> e <strong>Cultura<\/strong>, que cobrem estat\u00edsticas, assuntos pol\u00edticos, globais, econ\u00f4micas e culturais, respectivamente.<\/p>\n<\/div>\n\n\n\n<div class=\"wp-block-column is-layout-flow wp-block-column-is-layout-flow\">\n<figure class=\"wp-block-image aligncenter size-full is-resized\"><img loading=\"lazy\" decoding=\"async\" width=\"1600\" height=\"1420\" src=\"https:\/\/newsarovia.com\/wp-content\/uploads\/2025\/04\/unnamed-1.png\" alt=\"\" class=\"wp-image-3000\" style=\"width:345px;height:auto\" srcset=\"https:\/\/newsarovia.com\/wp-content\/uploads\/2025\/04\/unnamed-1.png 1600w, https:\/\/newsarovia.com\/wp-content\/uploads\/2025\/04\/unnamed-1-300x266.png 300w, https:\/\/newsarovia.com\/wp-content\/uploads\/2025\/04\/unnamed-1-1024x909.png 1024w, https:\/\/newsarovia.com\/wp-content\/uploads\/2025\/04\/unnamed-1-768x682.png 768w, https:\/\/newsarovia.com\/wp-content\/uploads\/2025\/04\/unnamed-1-1536x1363.png 1536w\" sizes=\"auto, (max-width: 1600px) 100vw, 1600px\" \/><\/figure>\n\n\n\n<h2 class=\"wp-block-heading has-text-align-center has-mono-2-color has-text-color has-link-color wp-elements-e076fc2691d811456789e97bfdd9086b\" style=\"font-size:clamp(15.747px, 0.984rem + ((1vw - 3.2px) * 0.938), 24px);\"><em>Motto eui tel Rosecuizo<\/em><\/h2>\n\n\n\n<p><strong>EDITOR:<\/strong> D. Albaros Vasa<br><strong><strong>RESUMO<\/strong>:<\/strong> <strong><em>Motto eui tel Rosecuizo<\/em><\/strong> <em>(Palavras do Diretor)<\/em> \u00e9 o jornal de <em>Tel Defenasaca<\/em> (A Defesa), o partido governante de Nova Sarovia. O jornal serve como porta-voz do Partido, discutindo acontecimentos pol\u00edticos importantes, conquistas do Governo Saroviano e, ocasionalmente, os pensamentos e opini\u00f5es do Primeiro-Ministro, D. Albaros Vasa, sobre determinados eventos ou t\u00f3picos.<\/p>\n<\/div>\n<\/div>\n\n\n\n<div class=\"wp-block-columns is-layout-flex wp-container-core-columns-is-layout-28f84493 wp-block-columns-is-layout-flex\">\n<div class=\"wp-block-column is-layout-flow wp-block-column-is-layout-flow\">\n<figure class=\"wp-block-image aligncenter size-full is-resized\"><img loading=\"lazy\" decoding=\"async\" width=\"308\" height=\"308\" src=\"https:\/\/newsarovia.com\/wp-content\/uploads\/2025\/04\/unnamed-2.png\" alt=\"\" class=\"wp-image-3002\" style=\"width:304px;height:auto\" srcset=\"https:\/\/newsarovia.com\/wp-content\/uploads\/2025\/04\/unnamed-2.png 308w, https:\/\/newsarovia.com\/wp-content\/uploads\/2025\/04\/unnamed-2-300x300.png 300w, https:\/\/newsarovia.com\/wp-content\/uploads\/2025\/04\/unnamed-2-150x150.png 150w\" sizes=\"auto, (max-width: 308px) 100vw, 308px\" \/><\/figure>\n\n\n\n<h2 class=\"wp-block-heading has-text-align-center has-mono-2-color has-text-color has-link-color wp-elements-e9893ecb231a7e24a1d39b9746e2b2ea\" style=\"font-size:clamp(15.747px, 0.984rem + ((1vw - 3.2px) * 0.938), 24px);\">Lyon Courant<\/h2>\n\n\n\n<p><strong>EDITOR:<\/strong> Baidera Lyon<br><strong><strong>RESUMO<\/strong>:<\/strong> O <strong>Lyon Courant<\/strong> \u00e9 um jornal privado administrado pela <em>Fami eui Lyon<\/em> e que opera em Nova Sarovia e no Dom\u00ednio de Carolusburg. Um jornal direitista, frequentemente discute pol\u00edtica da perspectiva da Conven\u00e7\u00e3o Custovizo, al\u00e9m de esportes, entrevistas e, principalmente, a vida nas For\u00e7as Armadas Imperiais. O Courant \u00e9 atualmente o jornal mais novo do Imp\u00e9rio.<\/p>\n<\/div>\n\n\n\n<div class=\"wp-block-column is-layout-flow wp-block-column-is-layout-flow\">\n<figure class=\"wp-block-image aligncenter size-full is-resized\"><img loading=\"lazy\" decoding=\"async\" width=\"1000\" height=\"1000\" src=\"https:\/\/newsarovia.com\/wp-content\/uploads\/2025\/04\/Braganza.png\" alt=\"\" class=\"wp-image-2970\" style=\"width:304px;height:auto\" srcset=\"https:\/\/newsarovia.com\/wp-content\/uploads\/2025\/04\/Braganza.png 1000w, https:\/\/newsarovia.com\/wp-content\/uploads\/2025\/04\/Braganza-300x300.png 300w, https:\/\/newsarovia.com\/wp-content\/uploads\/2025\/04\/Braganza-150x150.png 150w, https:\/\/newsarovia.com\/wp-content\/uploads\/2025\/04\/Braganza-768x768.png 768w\" sizes=\"auto, (max-width: 1000px) 100vw, 1000px\" \/><\/figure>\n\n\n\n<h2 class=\"wp-block-heading has-text-align-center has-mono-2-color has-text-color has-link-color wp-elements-b6d2fc103e4b26207936cc8bcb498171\" style=\"font-size:clamp(15.747px, 0.984rem + ((1vw - 3.2px) * 0.938), 24px);\">Braganza Tribune<\/h2>\n\n\n\n<p><strong>EDITOR:<\/strong> Chostofe Braganza<br><strong><strong>RESUMO<\/strong>:<\/strong> O <strong>Braganza Tribune<\/strong> \u00e9 um jornal privado administrado pela Corpora\u00e7\u00e3o Braganza e que opera em Nova Sarovia e no Dom\u00ednio de Carolusburg. O Tribune frequentemente discute pol\u00edtica de uma perspectiva independente, bem como t\u00f3picos espec\u00edficos do Dom\u00ednio de Carolusburg. O Tribune \u00e9 atualmente o jornal privado em atividade mais antigo do Imp\u00e9rio.<\/p>\n<\/div>\n<\/div>\n\n\n\n<div class=\"wp-block-columns is-layout-flex wp-container-core-columns-is-layout-28f84493 wp-block-columns-is-layout-flex\">\n<div class=\"wp-block-column is-layout-flow wp-block-column-is-layout-flow\">\n<figure class=\"wp-block-image aligncenter size-full is-resized\"><img loading=\"lazy\" decoding=\"async\" width=\"2560\" height=\"747\" src=\"https:\/\/newsarovia.com\/wp-content\/uploads\/2025\/04\/Daco_1497310-scaled.png\" alt=\"\" class=\"wp-image-3001\" style=\"width:304px;height:auto\" srcset=\"https:\/\/newsarovia.com\/wp-content\/uploads\/2025\/04\/Daco_1497310-scaled.png 2560w, https:\/\/newsarovia.com\/wp-content\/uploads\/2025\/04\/Daco_1497310-300x88.png 300w, https:\/\/newsarovia.com\/wp-content\/uploads\/2025\/04\/Daco_1497310-1024x299.png 1024w, https:\/\/newsarovia.com\/wp-content\/uploads\/2025\/04\/Daco_1497310-768x224.png 768w, https:\/\/newsarovia.com\/wp-content\/uploads\/2025\/04\/Daco_1497310-1536x448.png 1536w, https:\/\/newsarovia.com\/wp-content\/uploads\/2025\/04\/Daco_1497310-2048x597.png 2048w\" sizes=\"auto, (max-width: 2560px) 100vw, 2560px\" \/><\/figure>\n\n\n\n<h2 class=\"wp-block-heading has-text-align-center has-mono-2-color has-text-color has-link-color wp-elements-0eb42101a5618409c054c06726878724\" style=\"font-size:clamp(15.747px, 0.984rem + ((1vw - 3.2px) * 0.938), 24px);\">Rachaelsburg Examiner<\/h2>\n\n\n\n<p><strong>EDITOR:<\/strong> <em><em>Nenhum, controlado pelo Governo Philippiano<\/em><\/em><br><strong><strong>RESUMO<\/strong>:<\/strong> O <strong>Rachaelsburg Examiner <\/strong>\u00e9 o ve\u00edculo de comunica\u00e7\u00e3o estatal do Dom\u00ednio de Philippia, que tamb\u00e9m opera em todo o Imp\u00e9rio. Seu objetivo principal \u00e9 duplo: informar os Philippianos sobre o que acontece em sua na\u00e7\u00e3o e informar o restante do Imp\u00e9rio sobre a vida em Philippia. Atualmente, o Examiner \u00e9 o \u00fanico jornal ativo administrado por um Governo de um Dom\u00ednio.<\/p>\n<\/div>\n\n\n\n<div class=\"wp-block-column is-layout-flow wp-block-column-is-layout-flow\">\n<h2 class=\"wp-block-heading has-text-align-center has-mono-2-color has-text-color has-link-color wp-elements-7f4919bbaec63639644a29b91f38aed3\" style=\"font-size:clamp(15.747px, 0.984rem + ((1vw - 3.2px) * 0.938), 24px);\"><\/h2>\n<\/div>\n<\/div>\n","protected":false},"excerpt":{"rendered":"<p>Em Nova Sarovia, qualquer cidad\u00e3o, corpora\u00e7\u00e3o registrada ou partido pol\u00edtico pode adquirir uma Licen\u00e7a Jornal\u00edstica, permitindo que essa entidade crie e publique um jornal particular. Al\u00e9m disso, o Governo Saroviano e o Governo Philippiano mant\u00eam Tel Impir e o Rachaelsburg Examiner, respectivamente, como ve\u00edculos de m\u00eddia estatais. Cada uma dessas publica\u00e7\u00f5es \u00e9 frequentemente postada publicamente [&hellip;]<\/p>\n","protected":false},"author":1,"featured_media":0,"parent":0,"menu_order":0,"comment_status":"closed","ping_status":"closed","template":"","meta":{"footnotes":""},"class_list":["post-2742","page","type-page","status-publish","hentry"],"yoast_head":"<!-- This site is optimized with the Yoast SEO plugin v27.3 - https:\/\/yoast.com\/product\/yoast-seo-wordpress\/ -->\n<title>Jornais e Jornalismo - SMI Gouverna<\/title>\n<meta name=\"robots\" content=\"index, follow, max-snippet:-1, max-image-preview:large, max-video-preview:-1\" \/>\n<link rel=\"canonical\" href=\"https:\/\/newsarovia.com\/pt\/newspapers-and-journalism\/\" \/>\n<meta property=\"og:locale\" content=\"pt_BR\" \/>\n<meta property=\"og:locale:alternate\" content=\"en_US\" \/>\n<meta property=\"og:type\" content=\"article\" \/>\n<meta property=\"og:title\" content=\"Jornais e Jornalismo\" \/>\n<meta property=\"og:description\" content=\"Em Nova Sarovia, qualquer cidad\u00e3o, corpora\u00e7\u00e3o registrada ou partido pol\u00edtico pode adquirir uma Licen\u00e7a Jornal\u00edstica, permitindo que essa entidade crie e publique um jornal particular. Al\u00e9m disso, o Governo Saroviano e o Governo Philippiano mant\u00eam Tel Impir e o Rachaelsburg Examiner, respectivamente, como ve\u00edculos de m\u00eddia estatais. Cada uma dessas publica\u00e7\u00f5es \u00e9 frequentemente postada publicamente [&hellip;]\" \/>\n<meta property=\"og:url\" content=\"https:\/\/newsarovia.com\/pt\/newspapers-and-journalism\/\" \/>\n<meta property=\"og:site_name\" content=\"SMI Gouverna\" \/>\n<meta property=\"article:modified_time\" content=\"2025-04-22T18:45:36+00:00\" \/>\n<meta property=\"og:image\" content=\"https:\/\/newsarovia.com\/wp-content\/uploads\/2025\/04\/Tel_Impir_Logo.png\" \/>\n\t<meta property=\"og:image:width\" content=\"1632\" \/>\n\t<meta property=\"og:image:height\" content=\"1632\" \/>\n\t<meta property=\"og:image:type\" content=\"image\/png\" \/>\n<meta name=\"twitter:card\" content=\"summary_large_image\" \/>\n<meta name=\"twitter:label1\" content=\"Est. tempo de leitura\" \/>\n\t<meta name=\"twitter:data1\" content=\"3 minutos\" \/>\n<script type=\"application\/ld+json\" class=\"yoast-schema-graph\">{\"@context\":\"https:\\\/\\\/schema.org\",\"@graph\":[{\"@type\":\"WebPage\",\"@id\":\"https:\\\/\\\/newsarovia.com\\\/pt\\\/newspapers-and-journalism\\\/\",\"url\":\"https:\\\/\\\/newsarovia.com\\\/pt\\\/newspapers-and-journalism\\\/\",\"name\":\"Jornais e Jornalismo\",\"isPartOf\":{\"@id\":\"https:\\\/\\\/newsarovia.com\\\/#website\"},\"primaryImageOfPage\":{\"@id\":\"https:\\\/\\\/newsarovia.com\\\/pt\\\/newspapers-and-journalism\\\/#primaryimage\"},\"image\":{\"@id\":\"https:\\\/\\\/newsarovia.com\\\/pt\\\/newspapers-and-journalism\\\/#primaryimage\"},\"thumbnailUrl\":\"https:\\\/\\\/newsarovia.com\\\/wp-content\\\/uploads\\\/2025\\\/04\\\/Tel_Impir_Logo.png\",\"datePublished\":\"2025-04-10T17:46:08+00:00\",\"dateModified\":\"2025-04-22T18:45:36+00:00\",\"breadcrumb\":{\"@id\":\"https:\\\/\\\/newsarovia.com\\\/pt\\\/newspapers-and-journalism\\\/#breadcrumb\"},\"inLanguage\":\"pt-BR\",\"potentialAction\":[{\"@type\":\"ReadAction\",\"target\":[\"https:\\\/\\\/newsarovia.com\\\/pt\\\/newspapers-and-journalism\\\/\"]}]},{\"@type\":\"ImageObject\",\"inLanguage\":\"pt-BR\",\"@id\":\"https:\\\/\\\/newsarovia.com\\\/pt\\\/newspapers-and-journalism\\\/#primaryimage\",\"url\":\"https:\\\/\\\/newsarovia.com\\\/wp-content\\\/uploads\\\/2025\\\/04\\\/Tel_Impir_Logo.png\",\"contentUrl\":\"https:\\\/\\\/newsarovia.com\\\/wp-content\\\/uploads\\\/2025\\\/04\\\/Tel_Impir_Logo.png\"},{\"@type\":\"BreadcrumbList\",\"@id\":\"https:\\\/\\\/newsarovia.com\\\/pt\\\/newspapers-and-journalism\\\/#breadcrumb\",\"itemListElement\":[{\"@type\":\"ListItem\",\"position\":1,\"name\":\"Home\",\"item\":\"https:\\\/\\\/newsarovia.com\\\/\"},{\"@type\":\"ListItem\",\"position\":2,\"name\":\"Jornais e Jornalismo\"}]},{\"@type\":\"WebSite\",\"@id\":\"https:\\\/\\\/newsarovia.com\\\/#website\",\"url\":\"https:\\\/\\\/newsarovia.com\\\/\",\"name\":\"SMI Gouverna\",\"description\":\"\",\"publisher\":{\"@id\":\"https:\\\/\\\/newsarovia.com\\\/#organization\"},\"potentialAction\":[{\"@type\":\"SearchAction\",\"target\":{\"@type\":\"EntryPoint\",\"urlTemplate\":\"https:\\\/\\\/newsarovia.com\\\/?s={search_term_string}\"},\"query-input\":{\"@type\":\"PropertyValueSpecification\",\"valueRequired\":true,\"valueName\":\"search_term_string\"}}],\"inLanguage\":\"pt-BR\"},{\"@type\":\"Organization\",\"@id\":\"https:\\\/\\\/newsarovia.com\\\/#organization\",\"name\":\"Gouverna do Seito Majis Imperial\",\"url\":\"https:\\\/\\\/newsarovia.com\\\/\",\"logo\":{\"@type\":\"ImageObject\",\"inLanguage\":\"pt-BR\",\"@id\":\"https:\\\/\\\/newsarovia.com\\\/#\\\/schema\\\/logo\\\/image\\\/\",\"url\":\"https:\\\/\\\/newsarovia.com\\\/wp-content\\\/uploads\\\/2025\\\/01\\\/Sarovia-Logo-Words.png\",\"contentUrl\":\"https:\\\/\\\/newsarovia.com\\\/wp-content\\\/uploads\\\/2025\\\/01\\\/Sarovia-Logo-Words.png\",\"width\":9985,\"height\":2274,\"caption\":\"Gouverna do Seito Majis Imperial\"},\"image\":{\"@id\":\"https:\\\/\\\/newsarovia.com\\\/#\\\/schema\\\/logo\\\/image\\\/\"}}]}<\/script>\n<!-- \/ Yoast SEO plugin. -->","yoast_head_json":{"title":"Jornais e Jornalismo - SMI Gouverna","robots":{"index":"index","follow":"follow","max-snippet":"max-snippet:-1","max-image-preview":"max-image-preview:large","max-video-preview":"max-video-preview:-1"},"canonical":"https:\/\/newsarovia.com\/pt\/newspapers-and-journalism\/","og_locale":"pt_BR","og_type":"article","og_title":"[:en]Newspapers and Journalism[:pt]Jornais e Jornalismo[:] - SMI Gouverna","og_description":"Em Nova Sarovia, qualquer cidad\u00e3o, corpora\u00e7\u00e3o registrada ou partido pol\u00edtico pode adquirir uma Licen\u00e7a Jornal\u00edstica, permitindo que essa entidade crie e publique um jornal particular. Al\u00e9m disso, o Governo Saroviano e o Governo Philippiano mant\u00eam Tel Impir e o Rachaelsburg Examiner, respectivamente, como ve\u00edculos de m\u00eddia estatais. Cada uma dessas publica\u00e7\u00f5es \u00e9 frequentemente postada publicamente [&hellip;]","og_url":"https:\/\/newsarovia.com\/pt\/newspapers-and-journalism\/","og_site_name":"SMI Gouverna","article_modified_time":"2025-04-22T18:45:36+00:00","og_image":[{"width":1632,"height":1632,"url":"https:\/\/newsarovia.com\/wp-content\/uploads\/2025\/04\/Tel_Impir_Logo.png","type":"image\/png"}],"twitter_card":"summary_large_image","twitter_misc":{"Est. tempo de leitura":"3 minutos"},"schema":{"@context":"https:\/\/schema.org","@graph":[{"@type":"WebPage","@id":"https:\/\/newsarovia.com\/pt\/newspapers-and-journalism\/","url":"https:\/\/newsarovia.com\/pt\/newspapers-and-journalism\/","name":"Jornais e Jornalismo","isPartOf":{"@id":"https:\/\/newsarovia.com\/#website"},"primaryImageOfPage":{"@id":"https:\/\/newsarovia.com\/pt\/newspapers-and-journalism\/#primaryimage"},"image":{"@id":"https:\/\/newsarovia.com\/pt\/newspapers-and-journalism\/#primaryimage"},"thumbnailUrl":"https:\/\/newsarovia.com\/wp-content\/uploads\/2025\/04\/Tel_Impir_Logo.png","datePublished":"2025-04-10T17:46:08+00:00","dateModified":"2025-04-22T18:45:36+00:00","breadcrumb":{"@id":"https:\/\/newsarovia.com\/pt\/newspapers-and-journalism\/#breadcrumb"},"inLanguage":"pt-BR","potentialAction":[{"@type":"ReadAction","target":["https:\/\/newsarovia.com\/pt\/newspapers-and-journalism\/"]}]},{"@type":"ImageObject","inLanguage":"pt-BR","@id":"https:\/\/newsarovia.com\/pt\/newspapers-and-journalism\/#primaryimage","url":"https:\/\/newsarovia.com\/wp-content\/uploads\/2025\/04\/Tel_Impir_Logo.png","contentUrl":"https:\/\/newsarovia.com\/wp-content\/uploads\/2025\/04\/Tel_Impir_Logo.png"},{"@type":"BreadcrumbList","@id":"https:\/\/newsarovia.com\/pt\/newspapers-and-journalism\/#breadcrumb","itemListElement":[{"@type":"ListItem","position":1,"name":"Home","item":"https:\/\/newsarovia.com\/"},{"@type":"ListItem","position":2,"name":"Jornais e Jornalismo"}]},{"@type":"WebSite","@id":"https:\/\/newsarovia.com\/#website","url":"https:\/\/newsarovia.com\/","name":"SMI Gouverna","description":"","publisher":{"@id":"https:\/\/newsarovia.com\/#organization"},"potentialAction":[{"@type":"SearchAction","target":{"@type":"EntryPoint","urlTemplate":"https:\/\/newsarovia.com\/?s={search_term_string}"},"query-input":{"@type":"PropertyValueSpecification","valueRequired":true,"valueName":"search_term_string"}}],"inLanguage":"pt-BR"},{"@type":"Organization","@id":"https:\/\/newsarovia.com\/#organization","name":"Gouverna do Seito Majis Imperial","url":"https:\/\/newsarovia.com\/","logo":{"@type":"ImageObject","inLanguage":"pt-BR","@id":"https:\/\/newsarovia.com\/#\/schema\/logo\/image\/","url":"https:\/\/newsarovia.com\/wp-content\/uploads\/2025\/01\/Sarovia-Logo-Words.png","contentUrl":"https:\/\/newsarovia.com\/wp-content\/uploads\/2025\/01\/Sarovia-Logo-Words.png","width":9985,"height":2274,"caption":"Gouverna do Seito Majis Imperial"},"image":{"@id":"https:\/\/newsarovia.com\/#\/schema\/logo\/image\/"}}]}},"_links":{"self":[{"href":"https:\/\/newsarovia.com\/pt\/wp-json\/wp\/v2\/pages\/2742","targetHints":{"allow":["GET"]}}],"collection":[{"href":"https:\/\/newsarovia.com\/pt\/wp-json\/wp\/v2\/pages"}],"about":[{"href":"https:\/\/newsarovia.com\/pt\/wp-json\/wp\/v2\/types\/page"}],"author":[{"embeddable":true,"href":"https:\/\/newsarovia.com\/pt\/wp-json\/wp\/v2\/users\/1"}],"replies":[{"embeddable":true,"href":"https:\/\/newsarovia.com\/pt\/wp-json\/wp\/v2\/comments?post=2742"}],"version-history":[{"count":4,"href":"https:\/\/newsarovia.com\/pt\/wp-json\/wp\/v2\/pages\/2742\/revisions"}],"predecessor-version":[{"id":3009,"href":"https:\/\/newsarovia.com\/pt\/wp-json\/wp\/v2\/pages\/2742\/revisions\/3009"}],"wp:attachment":[{"href":"https:\/\/newsarovia.com\/pt\/wp-json\/wp\/v2\/media?parent=2742"}],"curies":[{"name":"wp","href":"https:\/\/api.w.org\/{rel}","templated":true}]}}