{"id":2751,"date":"2025-04-10T17:51:06","date_gmt":"2025-04-10T17:51:06","guid":{"rendered":"https:\/\/newsarovia.com\/?page_id=2751"},"modified":"2025-04-22T02:51:38","modified_gmt":"2025-04-22T02:51:38","slug":"st-carolus-museum-of-fine-arts","status":"publish","type":"page","link":"https:\/\/newsarovia.com\/pt\/st-carolus-museum-of-fine-arts\/","title":{"rendered":"Museu de Arte Fino do S\u00e3o Carolus"},"content":{"rendered":"\n<p>Talvez a \u201cjoia da coroa\u201d da cultura Saroviana seja o <strong>Museu de Arte Fino de St. Carolus<\/strong>, uma cole\u00e7\u00e3o de um vasto corpo de arte feito por e para Sarovianos. O museu existe h\u00e1 v\u00e1rios anos em uma variedade de formas e agora est\u00e1 dispon\u00edvel neste site para todos verem, contendo as obras mais proeminentes da arte Saroviana da era moderna. Se voc\u00ea estiver interessado em se tornar um artista para contribuir com nosso acervo de arte, entre em contato com o <em>Ministoro eui Cuir<\/em> ou com o Subsecret\u00e1rio Social para saber mais.<\/p>\n\n\n\n<h2 class=\"wp-block-heading has-primary-color has-text-color has-link-color wp-elements-822c89d5e30f6d8be4b92b571203806d\" style=\"font-size:clamp(22.041px, 1.378rem + ((1vw - 3.2px) * 1.586), 36px);\">Obras de Arte em Exibi\u00e7\u00e3o<\/h2>\n\n\n\n<p><\/p>\n","protected":false},"excerpt":{"rendered":"<p>Talvez a \u201cjoia da coroa\u201d da cultura Saroviana seja o Museu de Arte Fino de St. Carolus, uma cole\u00e7\u00e3o de um vasto corpo de arte feito por e para Sarovianos. O museu existe h\u00e1 v\u00e1rios anos em uma variedade de formas e agora est\u00e1 dispon\u00edvel neste site para todos verem, contendo as obras mais proeminentes [&hellip;]<\/p>\n","protected":false},"author":1,"featured_media":0,"parent":0,"menu_order":0,"comment_status":"closed","ping_status":"closed","template":"","meta":{"footnotes":""},"class_list":["post-2751","page","type-page","status-publish","hentry"],"yoast_head":"<!-- This site is optimized with the Yoast SEO plugin v27.5 - https:\/\/yoast.com\/product\/yoast-seo-wordpress\/ -->\n<title>Museu de Arte Fino do S\u00e3o Carolus - SMI Gouverna<\/title>\n<meta name=\"robots\" content=\"index, follow, max-snippet:-1, max-image-preview:large, max-video-preview:-1\" \/>\n<link rel=\"canonical\" href=\"https:\/\/newsarovia.com\/pt\/st-carolus-museum-of-fine-arts\/\" \/>\n<meta property=\"og:locale\" content=\"pt_BR\" \/>\n<meta property=\"og:locale:alternate\" content=\"en_US\" \/>\n<meta property=\"og:type\" content=\"article\" \/>\n<meta property=\"og:title\" content=\"Museu de Arte Fino do S\u00e3o Carolus\" \/>\n<meta property=\"og:description\" content=\"Talvez a \u201cjoia da coroa\u201d da cultura Saroviana seja o Museu de Arte Fino de St. Carolus, uma cole\u00e7\u00e3o de um vasto corpo de arte feito por e para Sarovianos. O museu existe h\u00e1 v\u00e1rios anos em uma variedade de formas e agora est\u00e1 dispon\u00edvel neste site para todos verem, contendo as obras mais proeminentes [&hellip;]\" \/>\n<meta property=\"og:url\" content=\"https:\/\/newsarovia.com\/pt\/st-carolus-museum-of-fine-arts\/\" \/>\n<meta property=\"og:site_name\" content=\"SMI Gouverna\" \/>\n<meta property=\"article:modified_time\" content=\"2025-04-22T02:51:38+00:00\" \/>\n<meta name=\"twitter:card\" content=\"summary_large_image\" \/>\n<meta name=\"twitter:label1\" content=\"Est. tempo de leitura\" \/>\n\t<meta name=\"twitter:data1\" content=\"1 minuto\" \/>\n<script type=\"application\/ld+json\" class=\"yoast-schema-graph\">{\"@context\":\"https:\\\/\\\/schema.org\",\"@graph\":[{\"@type\":\"WebPage\",\"@id\":\"https:\\\/\\\/newsarovia.com\\\/st-carolus-museum-of-fine-arts\\\/\",\"url\":\"https:\\\/\\\/newsarovia.com\\\/st-carolus-museum-of-fine-arts\\\/\",\"name\":\"Museu de Arte Fino do S\u00e3o Carolus\",\"isPartOf\":{\"@id\":\"https:\\\/\\\/newsarovia.com\\\/#website\"},\"datePublished\":\"2025-04-10T17:51:06+00:00\",\"dateModified\":\"2025-04-22T02:51:38+00:00\",\"breadcrumb\":{\"@id\":\"https:\\\/\\\/newsarovia.com\\\/st-carolus-museum-of-fine-arts\\\/#breadcrumb\"},\"inLanguage\":\"pt-BR\",\"potentialAction\":[{\"@type\":\"ReadAction\",\"target\":[\"https:\\\/\\\/newsarovia.com\\\/st-carolus-museum-of-fine-arts\\\/\"]}]},{\"@type\":\"BreadcrumbList\",\"@id\":\"https:\\\/\\\/newsarovia.com\\\/st-carolus-museum-of-fine-arts\\\/#breadcrumb\",\"itemListElement\":[{\"@type\":\"ListItem\",\"position\":1,\"name\":\"Home\",\"item\":\"https:\\\/\\\/newsarovia.com\\\/\"},{\"@type\":\"ListItem\",\"position\":2,\"name\":\"St. Carolus Museum of Fine Arts\"}]},{\"@type\":\"WebSite\",\"@id\":\"https:\\\/\\\/newsarovia.com\\\/#website\",\"url\":\"https:\\\/\\\/newsarovia.com\\\/\",\"name\":\"SMI Gouverna\",\"description\":\"\",\"publisher\":{\"@id\":\"https:\\\/\\\/newsarovia.com\\\/#organization\"},\"potentialAction\":[{\"@type\":\"SearchAction\",\"target\":{\"@type\":\"EntryPoint\",\"urlTemplate\":\"https:\\\/\\\/newsarovia.com\\\/?s={search_term_string}\"},\"query-input\":{\"@type\":\"PropertyValueSpecification\",\"valueRequired\":true,\"valueName\":\"search_term_string\"}}],\"inLanguage\":\"pt-BR\"},{\"@type\":\"Organization\",\"@id\":\"https:\\\/\\\/newsarovia.com\\\/#organization\",\"name\":\"Gouverna do Seito Majis Imperial\",\"url\":\"https:\\\/\\\/newsarovia.com\\\/\",\"logo\":{\"@type\":\"ImageObject\",\"inLanguage\":\"pt-BR\",\"@id\":\"https:\\\/\\\/newsarovia.com\\\/#\\\/schema\\\/logo\\\/image\\\/\",\"url\":\"https:\\\/\\\/newsarovia.com\\\/wp-content\\\/uploads\\\/2025\\\/01\\\/Sarovia-Logo-Words.png\",\"contentUrl\":\"https:\\\/\\\/newsarovia.com\\\/wp-content\\\/uploads\\\/2025\\\/01\\\/Sarovia-Logo-Words.png\",\"width\":9985,\"height\":2274,\"caption\":\"Gouverna do Seito Majis Imperial\"},\"image\":{\"@id\":\"https:\\\/\\\/newsarovia.com\\\/#\\\/schema\\\/logo\\\/image\\\/\"}}]}<\/script>\n<!-- \/ Yoast SEO plugin. -->","yoast_head_json":{"title":"Museu de Arte Fino do S\u00e3o Carolus - SMI Gouverna","robots":{"index":"index","follow":"follow","max-snippet":"max-snippet:-1","max-image-preview":"max-image-preview:large","max-video-preview":"max-video-preview:-1"},"canonical":"https:\/\/newsarovia.com\/pt\/st-carolus-museum-of-fine-arts\/","og_locale":"pt_BR","og_type":"article","og_title":"[:en]St. Carolus Museum of Fine Arts[:pt]Museu de Arte Fino do S\u00e3o Carolus[:] - SMI Gouverna","og_description":"Talvez a \u201cjoia da coroa\u201d da cultura Saroviana seja o Museu de Arte Fino de St. Carolus, uma cole\u00e7\u00e3o de um vasto corpo de arte feito por e para Sarovianos. O museu existe h\u00e1 v\u00e1rios anos em uma variedade de formas e agora est\u00e1 dispon\u00edvel neste site para todos verem, contendo as obras mais proeminentes [&hellip;]","og_url":"https:\/\/newsarovia.com\/pt\/st-carolus-museum-of-fine-arts\/","og_site_name":"SMI Gouverna","article_modified_time":"2025-04-22T02:51:38+00:00","twitter_card":"summary_large_image","twitter_misc":{"Est. tempo de leitura":"1 minuto"},"schema":{"@context":"https:\/\/schema.org","@graph":[{"@type":"WebPage","@id":"https:\/\/newsarovia.com\/st-carolus-museum-of-fine-arts\/","url":"https:\/\/newsarovia.com\/st-carolus-museum-of-fine-arts\/","name":"Museu de Arte Fino do S\u00e3o Carolus","isPartOf":{"@id":"https:\/\/newsarovia.com\/#website"},"datePublished":"2025-04-10T17:51:06+00:00","dateModified":"2025-04-22T02:51:38+00:00","breadcrumb":{"@id":"https:\/\/newsarovia.com\/st-carolus-museum-of-fine-arts\/#breadcrumb"},"inLanguage":"pt-BR","potentialAction":[{"@type":"ReadAction","target":["https:\/\/newsarovia.com\/st-carolus-museum-of-fine-arts\/"]}]},{"@type":"BreadcrumbList","@id":"https:\/\/newsarovia.com\/st-carolus-museum-of-fine-arts\/#breadcrumb","itemListElement":[{"@type":"ListItem","position":1,"name":"Home","item":"https:\/\/newsarovia.com\/"},{"@type":"ListItem","position":2,"name":"St. Carolus Museum of Fine Arts"}]},{"@type":"WebSite","@id":"https:\/\/newsarovia.com\/#website","url":"https:\/\/newsarovia.com\/","name":"SMI Gouverna","description":"","publisher":{"@id":"https:\/\/newsarovia.com\/#organization"},"potentialAction":[{"@type":"SearchAction","target":{"@type":"EntryPoint","urlTemplate":"https:\/\/newsarovia.com\/?s={search_term_string}"},"query-input":{"@type":"PropertyValueSpecification","valueRequired":true,"valueName":"search_term_string"}}],"inLanguage":"pt-BR"},{"@type":"Organization","@id":"https:\/\/newsarovia.com\/#organization","name":"Gouverna do Seito Majis Imperial","url":"https:\/\/newsarovia.com\/","logo":{"@type":"ImageObject","inLanguage":"pt-BR","@id":"https:\/\/newsarovia.com\/#\/schema\/logo\/image\/","url":"https:\/\/newsarovia.com\/wp-content\/uploads\/2025\/01\/Sarovia-Logo-Words.png","contentUrl":"https:\/\/newsarovia.com\/wp-content\/uploads\/2025\/01\/Sarovia-Logo-Words.png","width":9985,"height":2274,"caption":"Gouverna do Seito Majis Imperial"},"image":{"@id":"https:\/\/newsarovia.com\/#\/schema\/logo\/image\/"}}]}},"_links":{"self":[{"href":"https:\/\/newsarovia.com\/pt\/wp-json\/wp\/v2\/pages\/2751","targetHints":{"allow":["GET"]}}],"collection":[{"href":"https:\/\/newsarovia.com\/pt\/wp-json\/wp\/v2\/pages"}],"about":[{"href":"https:\/\/newsarovia.com\/pt\/wp-json\/wp\/v2\/types\/page"}],"author":[{"embeddable":true,"href":"https:\/\/newsarovia.com\/pt\/wp-json\/wp\/v2\/users\/1"}],"replies":[{"embeddable":true,"href":"https:\/\/newsarovia.com\/pt\/wp-json\/wp\/v2\/comments?post=2751"}],"version-history":[{"count":4,"href":"https:\/\/newsarovia.com\/pt\/wp-json\/wp\/v2\/pages\/2751\/revisions"}],"predecessor-version":[{"id":2936,"href":"https:\/\/newsarovia.com\/pt\/wp-json\/wp\/v2\/pages\/2751\/revisions\/2936"}],"wp:attachment":[{"href":"https:\/\/newsarovia.com\/pt\/wp-json\/wp\/v2\/media?parent=2751"}],"curies":[{"name":"wp","href":"https:\/\/api.w.org\/{rel}","templated":true}]}}