{"id":2752,"date":"2025-04-10T17:51:25","date_gmt":"2025-04-10T17:51:25","guid":{"rendered":"https:\/\/newsarovia.com\/?page_id=2752"},"modified":"2025-04-22T03:04:26","modified_gmt":"2025-04-22T03:04:26","slug":"our-language-high-sarovian","status":"publish","type":"page","link":"https:\/\/newsarovia.com\/pt\/our-language-high-sarovian\/","title":{"rendered":"Nossa L\u00edngua: Saroviano Alto"},"content":{"rendered":"\n<p>A l\u00edngua <strong>Saroviano Alto<\/strong>, ou <strong>Saroviano Tello,<\/strong> \u00e9 o idioma oficial do Novo Imp\u00e9rio Saroviano. \u00c9 um idioma totalmente original criado por e para os Sarovianos, originalmente inventado com o objetivo de ajudar a unir o imp\u00e9rio cultural e etnicamente diverso. Nova Sarovia \u00e9 uma comunidade composta por v\u00e1rios grupos lingu\u00edsticos e \u00e9tnicos e, historicamente, isso criou tens\u00e3o dentro da na\u00e7\u00e3o\u2026at\u00e9 o surgimento do Saroviano Alto.<\/p>\n\n\n\n<p>Usado na maioria dos documentos oficiais, leis, contratos, certificados e muito mais, o Saroviano Alto serve como uma for\u00e7a unificadora para os sarovianos de qualquer ra\u00e7a, etnia, idioma ou pa\u00eds de origem. Independentemente de sua origem e da l\u00edngua que fala, voc\u00ea n\u00e3o s\u00f3 pode conhecer outros Sarovianos em um n\u00edvel igual com uma l\u00edngua verdadeiramente Saroviana, mas tamb\u00e9m pode aprend\u00ea-lo facilmente &#8211; na verdade, talvez seja um dos idiomas mais f\u00e1ceis de aprender j\u00e1 criados. Ela est\u00e1 dispon\u00edvel para ser aprendida com um curso r\u00e1pido na <strong>Universidade de Falkenholm!<\/strong><\/p>\n\n\n\n<h2 class=\"wp-block-heading has-primary-color has-text-color has-link-color wp-elements-5aeb8002b347c22cbd9067403738ca67\" style=\"font-size:clamp(22.041px, 1.378rem + ((1vw - 3.2px) * 1.586), 36px);\">O Dicion\u00e1rio<\/h2>\n\n\n\n<div class=\"wp-block-columns is-layout-flex wp-container-core-columns-is-layout-28f84493 wp-block-columns-is-layout-flex\">\n<div class=\"wp-block-column is-layout-flow wp-block-column-is-layout-flow\">\n<p>Pode encontrar um link para o Dicion\u00e1rio Oficial de Saroviano Alto (<em>Dicemotto eui Saroviano Tello<\/em>) <strong><a href=\"https:\/\/docs.google.com\/document\/d\/1k98P9U3Pi5cPO5VdUJK0J-0jwANjInG-aXryLI5W4-k\/edit?usp=sharing\">AQUI<\/a><\/strong>. A maioria das palavras e termos criados atualmente est\u00e1 escrita no dicion\u00e1rio, mas se precisar de alguma que n\u00e3o esteja, siga as instru\u00e7\u00f5es fornecidas na P\u00e1gina 2 &#8211; novas palavras s\u00e3o criadas o tempo todo!<\/p>\n<\/div>\n<\/div>\n\n\n\n<p><\/p>\n","protected":false},"excerpt":{"rendered":"<p>A l\u00edngua Saroviano Alto, ou Saroviano Tello, \u00e9 o idioma oficial do Novo Imp\u00e9rio Saroviano. \u00c9 um idioma totalmente original criado por e para os Sarovianos, originalmente inventado com o objetivo de ajudar a unir o imp\u00e9rio cultural e etnicamente diverso. Nova Sarovia \u00e9 uma comunidade composta por v\u00e1rios grupos lingu\u00edsticos e \u00e9tnicos e, historicamente, [&hellip;]<\/p>\n","protected":false},"author":1,"featured_media":0,"parent":0,"menu_order":0,"comment_status":"closed","ping_status":"closed","template":"","meta":{"footnotes":""},"class_list":["post-2752","page","type-page","status-publish","hentry"],"yoast_head":"<!-- This site is optimized with the Yoast SEO plugin v27.5 - https:\/\/yoast.com\/product\/yoast-seo-wordpress\/ -->\n<title>Nossa L\u00edngua: Saroviano Alto - SMI Gouverna<\/title>\n<meta name=\"robots\" content=\"index, follow, max-snippet:-1, max-image-preview:large, max-video-preview:-1\" \/>\n<link rel=\"canonical\" href=\"https:\/\/newsarovia.com\/pt\/our-language-high-sarovian\/\" \/>\n<meta property=\"og:locale\" content=\"pt_BR\" \/>\n<meta property=\"og:locale:alternate\" content=\"en_US\" \/>\n<meta property=\"og:type\" content=\"article\" \/>\n<meta property=\"og:title\" content=\"Nossa L\u00edngua: Saroviano Alto\" \/>\n<meta property=\"og:description\" content=\"A l\u00edngua Saroviano Alto, ou Saroviano Tello, \u00e9 o idioma oficial do Novo Imp\u00e9rio Saroviano. \u00c9 um idioma totalmente original criado por e para os Sarovianos, originalmente inventado com o objetivo de ajudar a unir o imp\u00e9rio cultural e etnicamente diverso. Nova Sarovia \u00e9 uma comunidade composta por v\u00e1rios grupos lingu\u00edsticos e \u00e9tnicos e, historicamente, [&hellip;]\" \/>\n<meta property=\"og:url\" content=\"https:\/\/newsarovia.com\/pt\/our-language-high-sarovian\/\" \/>\n<meta property=\"og:site_name\" content=\"SMI Gouverna\" \/>\n<meta property=\"article:modified_time\" content=\"2025-04-22T03:04:26+00:00\" \/>\n<meta name=\"twitter:card\" content=\"summary_large_image\" \/>\n<meta name=\"twitter:label1\" content=\"Est. tempo de leitura\" \/>\n\t<meta name=\"twitter:data1\" content=\"1 minuto\" \/>\n<script type=\"application\/ld+json\" class=\"yoast-schema-graph\">{\"@context\":\"https:\\\/\\\/schema.org\",\"@graph\":[{\"@type\":\"WebPage\",\"@id\":\"https:\\\/\\\/newsarovia.com\\\/our-language-high-sarovian\\\/\",\"url\":\"https:\\\/\\\/newsarovia.com\\\/our-language-high-sarovian\\\/\",\"name\":\"Nossa L\u00edngua: Saroviano Alto\",\"isPartOf\":{\"@id\":\"https:\\\/\\\/newsarovia.com\\\/#website\"},\"datePublished\":\"2025-04-10T17:51:25+00:00\",\"dateModified\":\"2025-04-22T03:04:26+00:00\",\"breadcrumb\":{\"@id\":\"https:\\\/\\\/newsarovia.com\\\/our-language-high-sarovian\\\/#breadcrumb\"},\"inLanguage\":\"pt-BR\",\"potentialAction\":[{\"@type\":\"ReadAction\",\"target\":[\"https:\\\/\\\/newsarovia.com\\\/our-language-high-sarovian\\\/\"]}]},{\"@type\":\"BreadcrumbList\",\"@id\":\"https:\\\/\\\/newsarovia.com\\\/our-language-high-sarovian\\\/#breadcrumb\",\"itemListElement\":[{\"@type\":\"ListItem\",\"position\":1,\"name\":\"Home\",\"item\":\"https:\\\/\\\/newsarovia.com\\\/\"},{\"@type\":\"ListItem\",\"position\":2,\"name\":\"Our Language: High Sarovian\"}]},{\"@type\":\"WebSite\",\"@id\":\"https:\\\/\\\/newsarovia.com\\\/#website\",\"url\":\"https:\\\/\\\/newsarovia.com\\\/\",\"name\":\"SMI Gouverna\",\"description\":\"\",\"publisher\":{\"@id\":\"https:\\\/\\\/newsarovia.com\\\/#organization\"},\"potentialAction\":[{\"@type\":\"SearchAction\",\"target\":{\"@type\":\"EntryPoint\",\"urlTemplate\":\"https:\\\/\\\/newsarovia.com\\\/?s={search_term_string}\"},\"query-input\":{\"@type\":\"PropertyValueSpecification\",\"valueRequired\":true,\"valueName\":\"search_term_string\"}}],\"inLanguage\":\"pt-BR\"},{\"@type\":\"Organization\",\"@id\":\"https:\\\/\\\/newsarovia.com\\\/#organization\",\"name\":\"Gouverna do Seito Majis Imperial\",\"url\":\"https:\\\/\\\/newsarovia.com\\\/\",\"logo\":{\"@type\":\"ImageObject\",\"inLanguage\":\"pt-BR\",\"@id\":\"https:\\\/\\\/newsarovia.com\\\/#\\\/schema\\\/logo\\\/image\\\/\",\"url\":\"https:\\\/\\\/newsarovia.com\\\/wp-content\\\/uploads\\\/2025\\\/01\\\/Sarovia-Logo-Words.png\",\"contentUrl\":\"https:\\\/\\\/newsarovia.com\\\/wp-content\\\/uploads\\\/2025\\\/01\\\/Sarovia-Logo-Words.png\",\"width\":9985,\"height\":2274,\"caption\":\"Gouverna do Seito Majis Imperial\"},\"image\":{\"@id\":\"https:\\\/\\\/newsarovia.com\\\/#\\\/schema\\\/logo\\\/image\\\/\"}}]}<\/script>\n<!-- \/ Yoast SEO plugin. -->","yoast_head_json":{"title":"Nossa L\u00edngua: Saroviano Alto - SMI Gouverna","robots":{"index":"index","follow":"follow","max-snippet":"max-snippet:-1","max-image-preview":"max-image-preview:large","max-video-preview":"max-video-preview:-1"},"canonical":"https:\/\/newsarovia.com\/pt\/our-language-high-sarovian\/","og_locale":"pt_BR","og_type":"article","og_title":"[:en]Our Language: High Sarovian[:pt]Nossa L\u00edngua: Saroviano Alto[:] - SMI Gouverna","og_description":"A l\u00edngua Saroviano Alto, ou Saroviano Tello, \u00e9 o idioma oficial do Novo Imp\u00e9rio Saroviano. \u00c9 um idioma totalmente original criado por e para os Sarovianos, originalmente inventado com o objetivo de ajudar a unir o imp\u00e9rio cultural e etnicamente diverso. Nova Sarovia \u00e9 uma comunidade composta por v\u00e1rios grupos lingu\u00edsticos e \u00e9tnicos e, historicamente, [&hellip;]","og_url":"https:\/\/newsarovia.com\/pt\/our-language-high-sarovian\/","og_site_name":"SMI Gouverna","article_modified_time":"2025-04-22T03:04:26+00:00","twitter_card":"summary_large_image","twitter_misc":{"Est. tempo de leitura":"1 minuto"},"schema":{"@context":"https:\/\/schema.org","@graph":[{"@type":"WebPage","@id":"https:\/\/newsarovia.com\/our-language-high-sarovian\/","url":"https:\/\/newsarovia.com\/our-language-high-sarovian\/","name":"Nossa L\u00edngua: Saroviano Alto","isPartOf":{"@id":"https:\/\/newsarovia.com\/#website"},"datePublished":"2025-04-10T17:51:25+00:00","dateModified":"2025-04-22T03:04:26+00:00","breadcrumb":{"@id":"https:\/\/newsarovia.com\/our-language-high-sarovian\/#breadcrumb"},"inLanguage":"pt-BR","potentialAction":[{"@type":"ReadAction","target":["https:\/\/newsarovia.com\/our-language-high-sarovian\/"]}]},{"@type":"BreadcrumbList","@id":"https:\/\/newsarovia.com\/our-language-high-sarovian\/#breadcrumb","itemListElement":[{"@type":"ListItem","position":1,"name":"Home","item":"https:\/\/newsarovia.com\/"},{"@type":"ListItem","position":2,"name":"Our Language: High Sarovian"}]},{"@type":"WebSite","@id":"https:\/\/newsarovia.com\/#website","url":"https:\/\/newsarovia.com\/","name":"SMI Gouverna","description":"","publisher":{"@id":"https:\/\/newsarovia.com\/#organization"},"potentialAction":[{"@type":"SearchAction","target":{"@type":"EntryPoint","urlTemplate":"https:\/\/newsarovia.com\/?s={search_term_string}"},"query-input":{"@type":"PropertyValueSpecification","valueRequired":true,"valueName":"search_term_string"}}],"inLanguage":"pt-BR"},{"@type":"Organization","@id":"https:\/\/newsarovia.com\/#organization","name":"Gouverna do Seito Majis Imperial","url":"https:\/\/newsarovia.com\/","logo":{"@type":"ImageObject","inLanguage":"pt-BR","@id":"https:\/\/newsarovia.com\/#\/schema\/logo\/image\/","url":"https:\/\/newsarovia.com\/wp-content\/uploads\/2025\/01\/Sarovia-Logo-Words.png","contentUrl":"https:\/\/newsarovia.com\/wp-content\/uploads\/2025\/01\/Sarovia-Logo-Words.png","width":9985,"height":2274,"caption":"Gouverna do Seito Majis Imperial"},"image":{"@id":"https:\/\/newsarovia.com\/#\/schema\/logo\/image\/"}}]}},"_links":{"self":[{"href":"https:\/\/newsarovia.com\/pt\/wp-json\/wp\/v2\/pages\/2752","targetHints":{"allow":["GET"]}}],"collection":[{"href":"https:\/\/newsarovia.com\/pt\/wp-json\/wp\/v2\/pages"}],"about":[{"href":"https:\/\/newsarovia.com\/pt\/wp-json\/wp\/v2\/types\/page"}],"author":[{"embeddable":true,"href":"https:\/\/newsarovia.com\/pt\/wp-json\/wp\/v2\/users\/1"}],"replies":[{"embeddable":true,"href":"https:\/\/newsarovia.com\/pt\/wp-json\/wp\/v2\/comments?post=2752"}],"version-history":[{"count":3,"href":"https:\/\/newsarovia.com\/pt\/wp-json\/wp\/v2\/pages\/2752\/revisions"}],"predecessor-version":[{"id":2939,"href":"https:\/\/newsarovia.com\/pt\/wp-json\/wp\/v2\/pages\/2752\/revisions\/2939"}],"wp:attachment":[{"href":"https:\/\/newsarovia.com\/pt\/wp-json\/wp\/v2\/media?parent=2752"}],"curies":[{"name":"wp","href":"https:\/\/api.w.org\/{rel}","templated":true}]}}