{"id":2753,"date":"2025-04-10T17:51:47","date_gmt":"2025-04-10T17:51:47","guid":{"rendered":"https:\/\/newsarovia.com\/?page_id=2753"},"modified":"2025-04-22T03:32:41","modified_gmt":"2025-04-22T03:32:41","slug":"sarovian-music","status":"publish","type":"page","link":"https:\/\/newsarovia.com\/pt\/sarovian-music\/","title":{"rendered":"M\u00fasica Saroviana"},"content":{"rendered":"\n<p>Dada a longa hist\u00f3ria Saroviana, n\u00e3o \u00e9 de surpreender que tenhamos uma grande quantidade de <strong>m\u00fasica Saroviana<\/strong>, gra\u00e7as a muitos m\u00fasicos Sarovianos maravilhosos e talentosos. Essa m\u00fasica passou a ter um papel de destaque tanto na alta sociedade quanto na cultura popular de Sarovia, com muitos de nossos eventos come\u00e7ando com nosso amado hino nacional, cada regimento do ex\u00e9rcito tendo sua pr\u00f3pria marcha e muitas can\u00e7\u00f5es populares e folcl\u00f3ricas de Nova Sarovia e de seus dom\u00ednios.<\/p>\n\n\n\n<h2 class=\"wp-block-heading has-primary-color has-text-color has-link-color wp-elements-e5d41be36dadb105247fc523cc51b16f\" style=\"font-size:clamp(22.041px, 1.378rem + ((1vw - 3.2px) * 1.586), 36px);\">Obras de M\u00fasica em Exibi\u00e7\u00e3o<\/h2>\n\n\n\n<p><\/p>\n","protected":false},"excerpt":{"rendered":"<p>Dada a longa hist\u00f3ria Saroviana, n\u00e3o \u00e9 de surpreender que tenhamos uma grande quantidade de m\u00fasica Saroviana, gra\u00e7as a muitos m\u00fasicos Sarovianos maravilhosos e talentosos. Essa m\u00fasica passou a ter um papel de destaque tanto na alta sociedade quanto na cultura popular de Sarovia, com muitos de nossos eventos come\u00e7ando com nosso amado hino nacional, [&hellip;]<\/p>\n","protected":false},"author":1,"featured_media":0,"parent":0,"menu_order":0,"comment_status":"closed","ping_status":"closed","template":"","meta":{"footnotes":""},"class_list":["post-2753","page","type-page","status-publish","hentry"],"yoast_head":"<!-- This site is optimized with the Yoast SEO plugin v27.5 - https:\/\/yoast.com\/product\/yoast-seo-wordpress\/ -->\n<title>M\u00fasica Saroviana - SMI Gouverna<\/title>\n<meta name=\"robots\" content=\"index, follow, max-snippet:-1, max-image-preview:large, max-video-preview:-1\" \/>\n<link rel=\"canonical\" href=\"https:\/\/newsarovia.com\/pt\/sarovian-music\/\" \/>\n<meta property=\"og:locale\" content=\"pt_BR\" \/>\n<meta property=\"og:locale:alternate\" content=\"en_US\" \/>\n<meta property=\"og:type\" content=\"article\" \/>\n<meta property=\"og:title\" content=\"M\u00fasica Saroviana\" \/>\n<meta property=\"og:description\" content=\"Dada a longa hist\u00f3ria Saroviana, n\u00e3o \u00e9 de surpreender que tenhamos uma grande quantidade de m\u00fasica Saroviana, gra\u00e7as a muitos m\u00fasicos Sarovianos maravilhosos e talentosos. Essa m\u00fasica passou a ter um papel de destaque tanto na alta sociedade quanto na cultura popular de Sarovia, com muitos de nossos eventos come\u00e7ando com nosso amado hino nacional, [&hellip;]\" \/>\n<meta property=\"og:url\" content=\"https:\/\/newsarovia.com\/pt\/sarovian-music\/\" \/>\n<meta property=\"og:site_name\" content=\"SMI Gouverna\" \/>\n<meta property=\"article:modified_time\" content=\"2025-04-22T03:32:41+00:00\" \/>\n<meta name=\"twitter:card\" content=\"summary_large_image\" \/>\n<meta name=\"twitter:label1\" content=\"Est. tempo de leitura\" \/>\n\t<meta name=\"twitter:data1\" content=\"1 minuto\" \/>\n<script type=\"application\/ld+json\" class=\"yoast-schema-graph\">{\"@context\":\"https:\\\/\\\/schema.org\",\"@graph\":[{\"@type\":\"WebPage\",\"@id\":\"https:\\\/\\\/newsarovia.com\\\/pt\\\/sarovian-music\\\/\",\"url\":\"https:\\\/\\\/newsarovia.com\\\/pt\\\/sarovian-music\\\/\",\"name\":\"M\u00fasica Saroviana\",\"isPartOf\":{\"@id\":\"https:\\\/\\\/newsarovia.com\\\/#website\"},\"datePublished\":\"2025-04-10T17:51:47+00:00\",\"dateModified\":\"2025-04-22T03:32:41+00:00\",\"breadcrumb\":{\"@id\":\"https:\\\/\\\/newsarovia.com\\\/pt\\\/sarovian-music\\\/#breadcrumb\"},\"inLanguage\":\"pt-BR\",\"potentialAction\":[{\"@type\":\"ReadAction\",\"target\":[\"https:\\\/\\\/newsarovia.com\\\/pt\\\/sarovian-music\\\/\"]}]},{\"@type\":\"BreadcrumbList\",\"@id\":\"https:\\\/\\\/newsarovia.com\\\/pt\\\/sarovian-music\\\/#breadcrumb\",\"itemListElement\":[{\"@type\":\"ListItem\",\"position\":1,\"name\":\"Home\",\"item\":\"https:\\\/\\\/newsarovia.com\\\/\"},{\"@type\":\"ListItem\",\"position\":2,\"name\":\"M\u00fasica Saroviana\"}]},{\"@type\":\"WebSite\",\"@id\":\"https:\\\/\\\/newsarovia.com\\\/#website\",\"url\":\"https:\\\/\\\/newsarovia.com\\\/\",\"name\":\"SMI Gouverna\",\"description\":\"\",\"publisher\":{\"@id\":\"https:\\\/\\\/newsarovia.com\\\/#organization\"},\"potentialAction\":[{\"@type\":\"SearchAction\",\"target\":{\"@type\":\"EntryPoint\",\"urlTemplate\":\"https:\\\/\\\/newsarovia.com\\\/?s={search_term_string}\"},\"query-input\":{\"@type\":\"PropertyValueSpecification\",\"valueRequired\":true,\"valueName\":\"search_term_string\"}}],\"inLanguage\":\"pt-BR\"},{\"@type\":\"Organization\",\"@id\":\"https:\\\/\\\/newsarovia.com\\\/#organization\",\"name\":\"Gouverna do Seito Majis Imperial\",\"url\":\"https:\\\/\\\/newsarovia.com\\\/\",\"logo\":{\"@type\":\"ImageObject\",\"inLanguage\":\"pt-BR\",\"@id\":\"https:\\\/\\\/newsarovia.com\\\/#\\\/schema\\\/logo\\\/image\\\/\",\"url\":\"https:\\\/\\\/newsarovia.com\\\/wp-content\\\/uploads\\\/2025\\\/01\\\/Sarovia-Logo-Words.png\",\"contentUrl\":\"https:\\\/\\\/newsarovia.com\\\/wp-content\\\/uploads\\\/2025\\\/01\\\/Sarovia-Logo-Words.png\",\"width\":9985,\"height\":2274,\"caption\":\"Gouverna do Seito Majis Imperial\"},\"image\":{\"@id\":\"https:\\\/\\\/newsarovia.com\\\/#\\\/schema\\\/logo\\\/image\\\/\"}}]}<\/script>\n<!-- \/ Yoast SEO plugin. -->","yoast_head_json":{"title":"M\u00fasica Saroviana - SMI Gouverna","robots":{"index":"index","follow":"follow","max-snippet":"max-snippet:-1","max-image-preview":"max-image-preview:large","max-video-preview":"max-video-preview:-1"},"canonical":"https:\/\/newsarovia.com\/pt\/sarovian-music\/","og_locale":"pt_BR","og_type":"article","og_title":"[:en]Sarovian Music[:pt]M\u00fasica Saroviana[:] - SMI Gouverna","og_description":"Dada a longa hist\u00f3ria Saroviana, n\u00e3o \u00e9 de surpreender que tenhamos uma grande quantidade de m\u00fasica Saroviana, gra\u00e7as a muitos m\u00fasicos Sarovianos maravilhosos e talentosos. Essa m\u00fasica passou a ter um papel de destaque tanto na alta sociedade quanto na cultura popular de Sarovia, com muitos de nossos eventos come\u00e7ando com nosso amado hino nacional, [&hellip;]","og_url":"https:\/\/newsarovia.com\/pt\/sarovian-music\/","og_site_name":"SMI Gouverna","article_modified_time":"2025-04-22T03:32:41+00:00","twitter_card":"summary_large_image","twitter_misc":{"Est. tempo de leitura":"1 minuto"},"schema":{"@context":"https:\/\/schema.org","@graph":[{"@type":"WebPage","@id":"https:\/\/newsarovia.com\/pt\/sarovian-music\/","url":"https:\/\/newsarovia.com\/pt\/sarovian-music\/","name":"M\u00fasica Saroviana","isPartOf":{"@id":"https:\/\/newsarovia.com\/#website"},"datePublished":"2025-04-10T17:51:47+00:00","dateModified":"2025-04-22T03:32:41+00:00","breadcrumb":{"@id":"https:\/\/newsarovia.com\/pt\/sarovian-music\/#breadcrumb"},"inLanguage":"pt-BR","potentialAction":[{"@type":"ReadAction","target":["https:\/\/newsarovia.com\/pt\/sarovian-music\/"]}]},{"@type":"BreadcrumbList","@id":"https:\/\/newsarovia.com\/pt\/sarovian-music\/#breadcrumb","itemListElement":[{"@type":"ListItem","position":1,"name":"Home","item":"https:\/\/newsarovia.com\/"},{"@type":"ListItem","position":2,"name":"M\u00fasica Saroviana"}]},{"@type":"WebSite","@id":"https:\/\/newsarovia.com\/#website","url":"https:\/\/newsarovia.com\/","name":"SMI Gouverna","description":"","publisher":{"@id":"https:\/\/newsarovia.com\/#organization"},"potentialAction":[{"@type":"SearchAction","target":{"@type":"EntryPoint","urlTemplate":"https:\/\/newsarovia.com\/?s={search_term_string}"},"query-input":{"@type":"PropertyValueSpecification","valueRequired":true,"valueName":"search_term_string"}}],"inLanguage":"pt-BR"},{"@type":"Organization","@id":"https:\/\/newsarovia.com\/#organization","name":"Gouverna do Seito Majis Imperial","url":"https:\/\/newsarovia.com\/","logo":{"@type":"ImageObject","inLanguage":"pt-BR","@id":"https:\/\/newsarovia.com\/#\/schema\/logo\/image\/","url":"https:\/\/newsarovia.com\/wp-content\/uploads\/2025\/01\/Sarovia-Logo-Words.png","contentUrl":"https:\/\/newsarovia.com\/wp-content\/uploads\/2025\/01\/Sarovia-Logo-Words.png","width":9985,"height":2274,"caption":"Gouverna do Seito Majis Imperial"},"image":{"@id":"https:\/\/newsarovia.com\/#\/schema\/logo\/image\/"}}]}},"_links":{"self":[{"href":"https:\/\/newsarovia.com\/pt\/wp-json\/wp\/v2\/pages\/2753","targetHints":{"allow":["GET"]}}],"collection":[{"href":"https:\/\/newsarovia.com\/pt\/wp-json\/wp\/v2\/pages"}],"about":[{"href":"https:\/\/newsarovia.com\/pt\/wp-json\/wp\/v2\/types\/page"}],"author":[{"embeddable":true,"href":"https:\/\/newsarovia.com\/pt\/wp-json\/wp\/v2\/users\/1"}],"replies":[{"embeddable":true,"href":"https:\/\/newsarovia.com\/pt\/wp-json\/wp\/v2\/comments?post=2753"}],"version-history":[{"count":3,"href":"https:\/\/newsarovia.com\/pt\/wp-json\/wp\/v2\/pages\/2753\/revisions"}],"predecessor-version":[{"id":2943,"href":"https:\/\/newsarovia.com\/pt\/wp-json\/wp\/v2\/pages\/2753\/revisions\/2943"}],"wp:attachment":[{"href":"https:\/\/newsarovia.com\/pt\/wp-json\/wp\/v2\/media?parent=2753"}],"curies":[{"name":"wp","href":"https:\/\/api.w.org\/{rel}","templated":true}]}}