{"id":2754,"date":"2025-04-10T17:52:13","date_gmt":"2025-04-10T17:52:13","guid":{"rendered":"https:\/\/newsarovia.com\/?page_id=2754"},"modified":"2025-04-22T03:54:40","modified_gmt":"2025-04-22T03:54:40","slug":"the-holy-stefanic-church","status":"publish","type":"page","link":"https:\/\/newsarovia.com\/pt\/the-holy-stefanic-church\/","title":{"rendered":"A Sacra Igreja Stef\u00e2nica"},"content":{"rendered":"\n<p>A <strong>Sacra Igreja Stef\u00e2nica<\/strong>, ou <strong>Egliso Stefanica Saintos<\/strong>, \u00e9 a organiza\u00e7\u00e3o por meio da qual o Stefanismo, a religi\u00e3o oficial do estado de Nova Sarovia, \u00e9 desenvolvido e pregado. A f\u00e9, forte, mas n\u00e3o organizada nos prim\u00f3rdios da comunidade, foi organizada pela primeira vez durante o reinado de Carolus XII de Nova Sarovia, cujo reinado, juntamente com o de seu irm\u00e3o mais novo e sucessor, Consteynnos VI, foi marcado por uma grande quantidade de reformas religiosas e convers\u00f5es em massa.<\/p>\n\n\n\n<p>A Igreja \u00e9 organizada em quatro <em>Ardes<\/em>, ou Ordens, respons\u00e1veis por recrutar novos convertidos, desenvolver materiais culturais da Igreja, desenvolver o dogma e a teologia da Igreja e hospedar servi\u00e7os nos v\u00e1rios jogos em que a Igreja est\u00e1 presente; isso geralmente corresponde aos jogos em que Nova Sarovia est\u00e1 presente. Embora a Igreja j\u00e1 tenha sido uma entidade internacional, quando Nova Sarovia conquistou e uniu a civiliza\u00e7\u00e3o Graaliana, ela come\u00e7ou a trabalhar em estreita colabora\u00e7\u00e3o com o Governo Saroviano, em especial com o <em>Ministe eui Cuir<\/em>.<\/p>\n\n\n\n<p>Atualmente, a Igreja e suas quatro Ordens s\u00e3o lideradas pelo <em>Paziesaintos<\/em>, o Bispo de Vurgos, que atua como l\u00edder supremo da Igreja em virtude da tradi\u00e7\u00e3o sagrada, sendo eleito para o cargo por suas colegas. Pode aprender mais sobre a Igreja visualizando o diagrama abaixo ou visitando seu site <strong><a href=\"https:\/\/stefanicsee.wordpress.com\">AQUI.<\/a><\/strong><\/p>\n\n\n\n<h2 class=\"wp-block-heading has-primary-color has-text-color has-link-color wp-elements-b1a2dafc44b36f727d4635ac92c6ca62\" style=\"font-size:clamp(22.041px, 1.378rem + ((1vw - 3.2px) * 1.586), 36px);\">Organiza\u00e7\u00e3o da Igreja<\/h2>\n\n\n\n<div class=\"wp-block-columns is-layout-flex wp-container-core-columns-is-layout-28f84493 wp-block-columns-is-layout-flex\">\n<div class=\"wp-block-column is-layout-flow wp-block-column-is-layout-flow\">\n<figure class=\"wp-block-image aligncenter size-large\"><img loading=\"lazy\" decoding=\"async\" width=\"1024\" height=\"682\" src=\"https:\/\/newsarovia.com\/wp-content\/uploads\/2025\/04\/Org_Chart-1024x682.png\" alt=\"\" class=\"wp-image-2949\" srcset=\"https:\/\/newsarovia.com\/wp-content\/uploads\/2025\/04\/Org_Chart-1024x682.png 1024w, https:\/\/newsarovia.com\/wp-content\/uploads\/2025\/04\/Org_Chart-300x200.png 300w, https:\/\/newsarovia.com\/wp-content\/uploads\/2025\/04\/Org_Chart-768x512.png 768w, https:\/\/newsarovia.com\/wp-content\/uploads\/2025\/04\/Org_Chart-1536x1024.png 1536w, https:\/\/newsarovia.com\/wp-content\/uploads\/2025\/04\/Org_Chart.png 2000w\" sizes=\"auto, (max-width: 1024px) 100vw, 1024px\" \/><\/figure>\n<\/div>\n<\/div>\n","protected":false},"excerpt":{"rendered":"<p>A Sacra Igreja Stef\u00e2nica, ou Egliso Stefanica Saintos, \u00e9 a organiza\u00e7\u00e3o por meio da qual o Stefanismo, a religi\u00e3o oficial do estado de Nova Sarovia, \u00e9 desenvolvido e pregado. A f\u00e9, forte, mas n\u00e3o organizada nos prim\u00f3rdios da comunidade, foi organizada pela primeira vez durante o reinado de Carolus XII de Nova Sarovia, cujo reinado, [&hellip;]<\/p>\n","protected":false},"author":1,"featured_media":0,"parent":0,"menu_order":0,"comment_status":"closed","ping_status":"closed","template":"","meta":{"footnotes":""},"class_list":["post-2754","page","type-page","status-publish","hentry"],"yoast_head":"<!-- This site is optimized with the Yoast SEO plugin v27.5 - https:\/\/yoast.com\/product\/yoast-seo-wordpress\/ -->\n<title>A Sacra Igreja Stef\u00e2nica - SMI Gouverna<\/title>\n<meta name=\"robots\" content=\"index, follow, max-snippet:-1, max-image-preview:large, max-video-preview:-1\" \/>\n<link rel=\"canonical\" href=\"https:\/\/newsarovia.com\/pt\/the-holy-stefanic-church\/\" \/>\n<meta property=\"og:locale\" content=\"pt_BR\" \/>\n<meta property=\"og:locale:alternate\" content=\"en_US\" \/>\n<meta property=\"og:type\" content=\"article\" \/>\n<meta property=\"og:title\" content=\"A Sacra Igreja Stef\u00e2nica\" \/>\n<meta property=\"og:description\" content=\"A Sacra Igreja Stef\u00e2nica, ou Egliso Stefanica Saintos, \u00e9 a organiza\u00e7\u00e3o por meio da qual o Stefanismo, a religi\u00e3o oficial do estado de Nova Sarovia, \u00e9 desenvolvido e pregado. A f\u00e9, forte, mas n\u00e3o organizada nos prim\u00f3rdios da comunidade, foi organizada pela primeira vez durante o reinado de Carolus XII de Nova Sarovia, cujo reinado, [&hellip;]\" \/>\n<meta property=\"og:url\" content=\"https:\/\/newsarovia.com\/pt\/the-holy-stefanic-church\/\" \/>\n<meta property=\"og:site_name\" content=\"SMI Gouverna\" \/>\n<meta property=\"article:modified_time\" content=\"2025-04-22T03:54:40+00:00\" \/>\n<meta property=\"og:image\" content=\"https:\/\/newsarovia.com\/wp-content\/uploads\/2025\/04\/Org_Chart.png\" \/>\n\t<meta property=\"og:image:width\" content=\"2000\" \/>\n\t<meta property=\"og:image:height\" content=\"1333\" \/>\n\t<meta property=\"og:image:type\" content=\"image\/png\" \/>\n<meta name=\"twitter:card\" content=\"summary_large_image\" \/>\n<meta name=\"twitter:label1\" content=\"Est. tempo de leitura\" \/>\n\t<meta name=\"twitter:data1\" content=\"2 minutos\" \/>\n<script type=\"application\/ld+json\" class=\"yoast-schema-graph\">{\"@context\":\"https:\\\/\\\/schema.org\",\"@graph\":[{\"@type\":\"WebPage\",\"@id\":\"https:\\\/\\\/newsarovia.com\\\/pt\\\/the-holy-stefanic-church\\\/\",\"url\":\"https:\\\/\\\/newsarovia.com\\\/pt\\\/the-holy-stefanic-church\\\/\",\"name\":\"A Sacra Igreja Stef\u00e2nica\",\"isPartOf\":{\"@id\":\"https:\\\/\\\/newsarovia.com\\\/#website\"},\"primaryImageOfPage\":{\"@id\":\"https:\\\/\\\/newsarovia.com\\\/pt\\\/the-holy-stefanic-church\\\/#primaryimage\"},\"image\":{\"@id\":\"https:\\\/\\\/newsarovia.com\\\/pt\\\/the-holy-stefanic-church\\\/#primaryimage\"},\"thumbnailUrl\":\"https:\\\/\\\/newsarovia.com\\\/wp-content\\\/uploads\\\/2025\\\/04\\\/Org_Chart-1024x682.png\",\"datePublished\":\"2025-04-10T17:52:13+00:00\",\"dateModified\":\"2025-04-22T03:54:40+00:00\",\"breadcrumb\":{\"@id\":\"https:\\\/\\\/newsarovia.com\\\/pt\\\/the-holy-stefanic-church\\\/#breadcrumb\"},\"inLanguage\":\"pt-BR\",\"potentialAction\":[{\"@type\":\"ReadAction\",\"target\":[\"https:\\\/\\\/newsarovia.com\\\/pt\\\/the-holy-stefanic-church\\\/\"]}]},{\"@type\":\"ImageObject\",\"inLanguage\":\"pt-BR\",\"@id\":\"https:\\\/\\\/newsarovia.com\\\/pt\\\/the-holy-stefanic-church\\\/#primaryimage\",\"url\":\"https:\\\/\\\/newsarovia.com\\\/wp-content\\\/uploads\\\/2025\\\/04\\\/Org_Chart-1024x682.png\",\"contentUrl\":\"https:\\\/\\\/newsarovia.com\\\/wp-content\\\/uploads\\\/2025\\\/04\\\/Org_Chart-1024x682.png\"},{\"@type\":\"BreadcrumbList\",\"@id\":\"https:\\\/\\\/newsarovia.com\\\/pt\\\/the-holy-stefanic-church\\\/#breadcrumb\",\"itemListElement\":[{\"@type\":\"ListItem\",\"position\":1,\"name\":\"Home\",\"item\":\"https:\\\/\\\/newsarovia.com\\\/\"},{\"@type\":\"ListItem\",\"position\":2,\"name\":\"A Sacra Igreja Stef\u00e2nica\"}]},{\"@type\":\"WebSite\",\"@id\":\"https:\\\/\\\/newsarovia.com\\\/#website\",\"url\":\"https:\\\/\\\/newsarovia.com\\\/\",\"name\":\"SMI Gouverna\",\"description\":\"\",\"publisher\":{\"@id\":\"https:\\\/\\\/newsarovia.com\\\/#organization\"},\"potentialAction\":[{\"@type\":\"SearchAction\",\"target\":{\"@type\":\"EntryPoint\",\"urlTemplate\":\"https:\\\/\\\/newsarovia.com\\\/?s={search_term_string}\"},\"query-input\":{\"@type\":\"PropertyValueSpecification\",\"valueRequired\":true,\"valueName\":\"search_term_string\"}}],\"inLanguage\":\"pt-BR\"},{\"@type\":\"Organization\",\"@id\":\"https:\\\/\\\/newsarovia.com\\\/#organization\",\"name\":\"Gouverna do Seito Majis Imperial\",\"url\":\"https:\\\/\\\/newsarovia.com\\\/\",\"logo\":{\"@type\":\"ImageObject\",\"inLanguage\":\"pt-BR\",\"@id\":\"https:\\\/\\\/newsarovia.com\\\/#\\\/schema\\\/logo\\\/image\\\/\",\"url\":\"https:\\\/\\\/newsarovia.com\\\/wp-content\\\/uploads\\\/2025\\\/01\\\/Sarovia-Logo-Words.png\",\"contentUrl\":\"https:\\\/\\\/newsarovia.com\\\/wp-content\\\/uploads\\\/2025\\\/01\\\/Sarovia-Logo-Words.png\",\"width\":9985,\"height\":2274,\"caption\":\"Gouverna do Seito Majis Imperial\"},\"image\":{\"@id\":\"https:\\\/\\\/newsarovia.com\\\/#\\\/schema\\\/logo\\\/image\\\/\"}}]}<\/script>\n<!-- \/ Yoast SEO plugin. -->","yoast_head_json":{"title":"A Sacra Igreja Stef\u00e2nica - SMI Gouverna","robots":{"index":"index","follow":"follow","max-snippet":"max-snippet:-1","max-image-preview":"max-image-preview:large","max-video-preview":"max-video-preview:-1"},"canonical":"https:\/\/newsarovia.com\/pt\/the-holy-stefanic-church\/","og_locale":"pt_BR","og_type":"article","og_title":"[:en]The Holy Stefanic Church[:pt]A Sacra Igreja Stef\u00e2nica[:] - SMI Gouverna","og_description":"A Sacra Igreja Stef\u00e2nica, ou Egliso Stefanica Saintos, \u00e9 a organiza\u00e7\u00e3o por meio da qual o Stefanismo, a religi\u00e3o oficial do estado de Nova Sarovia, \u00e9 desenvolvido e pregado. A f\u00e9, forte, mas n\u00e3o organizada nos prim\u00f3rdios da comunidade, foi organizada pela primeira vez durante o reinado de Carolus XII de Nova Sarovia, cujo reinado, [&hellip;]","og_url":"https:\/\/newsarovia.com\/pt\/the-holy-stefanic-church\/","og_site_name":"SMI Gouverna","article_modified_time":"2025-04-22T03:54:40+00:00","og_image":[{"width":2000,"height":1333,"url":"https:\/\/newsarovia.com\/wp-content\/uploads\/2025\/04\/Org_Chart.png","type":"image\/png"}],"twitter_card":"summary_large_image","twitter_misc":{"Est. tempo de leitura":"2 minutos"},"schema":{"@context":"https:\/\/schema.org","@graph":[{"@type":"WebPage","@id":"https:\/\/newsarovia.com\/pt\/the-holy-stefanic-church\/","url":"https:\/\/newsarovia.com\/pt\/the-holy-stefanic-church\/","name":"A Sacra Igreja Stef\u00e2nica","isPartOf":{"@id":"https:\/\/newsarovia.com\/#website"},"primaryImageOfPage":{"@id":"https:\/\/newsarovia.com\/pt\/the-holy-stefanic-church\/#primaryimage"},"image":{"@id":"https:\/\/newsarovia.com\/pt\/the-holy-stefanic-church\/#primaryimage"},"thumbnailUrl":"https:\/\/newsarovia.com\/wp-content\/uploads\/2025\/04\/Org_Chart-1024x682.png","datePublished":"2025-04-10T17:52:13+00:00","dateModified":"2025-04-22T03:54:40+00:00","breadcrumb":{"@id":"https:\/\/newsarovia.com\/pt\/the-holy-stefanic-church\/#breadcrumb"},"inLanguage":"pt-BR","potentialAction":[{"@type":"ReadAction","target":["https:\/\/newsarovia.com\/pt\/the-holy-stefanic-church\/"]}]},{"@type":"ImageObject","inLanguage":"pt-BR","@id":"https:\/\/newsarovia.com\/pt\/the-holy-stefanic-church\/#primaryimage","url":"https:\/\/newsarovia.com\/wp-content\/uploads\/2025\/04\/Org_Chart-1024x682.png","contentUrl":"https:\/\/newsarovia.com\/wp-content\/uploads\/2025\/04\/Org_Chart-1024x682.png"},{"@type":"BreadcrumbList","@id":"https:\/\/newsarovia.com\/pt\/the-holy-stefanic-church\/#breadcrumb","itemListElement":[{"@type":"ListItem","position":1,"name":"Home","item":"https:\/\/newsarovia.com\/"},{"@type":"ListItem","position":2,"name":"A Sacra Igreja Stef\u00e2nica"}]},{"@type":"WebSite","@id":"https:\/\/newsarovia.com\/#website","url":"https:\/\/newsarovia.com\/","name":"SMI Gouverna","description":"","publisher":{"@id":"https:\/\/newsarovia.com\/#organization"},"potentialAction":[{"@type":"SearchAction","target":{"@type":"EntryPoint","urlTemplate":"https:\/\/newsarovia.com\/?s={search_term_string}"},"query-input":{"@type":"PropertyValueSpecification","valueRequired":true,"valueName":"search_term_string"}}],"inLanguage":"pt-BR"},{"@type":"Organization","@id":"https:\/\/newsarovia.com\/#organization","name":"Gouverna do Seito Majis Imperial","url":"https:\/\/newsarovia.com\/","logo":{"@type":"ImageObject","inLanguage":"pt-BR","@id":"https:\/\/newsarovia.com\/#\/schema\/logo\/image\/","url":"https:\/\/newsarovia.com\/wp-content\/uploads\/2025\/01\/Sarovia-Logo-Words.png","contentUrl":"https:\/\/newsarovia.com\/wp-content\/uploads\/2025\/01\/Sarovia-Logo-Words.png","width":9985,"height":2274,"caption":"Gouverna do Seito Majis Imperial"},"image":{"@id":"https:\/\/newsarovia.com\/#\/schema\/logo\/image\/"}}]}},"_links":{"self":[{"href":"https:\/\/newsarovia.com\/pt\/wp-json\/wp\/v2\/pages\/2754","targetHints":{"allow":["GET"]}}],"collection":[{"href":"https:\/\/newsarovia.com\/pt\/wp-json\/wp\/v2\/pages"}],"about":[{"href":"https:\/\/newsarovia.com\/pt\/wp-json\/wp\/v2\/types\/page"}],"author":[{"embeddable":true,"href":"https:\/\/newsarovia.com\/pt\/wp-json\/wp\/v2\/users\/1"}],"replies":[{"embeddable":true,"href":"https:\/\/newsarovia.com\/pt\/wp-json\/wp\/v2\/comments?post=2754"}],"version-history":[{"count":3,"href":"https:\/\/newsarovia.com\/pt\/wp-json\/wp\/v2\/pages\/2754\/revisions"}],"predecessor-version":[{"id":2951,"href":"https:\/\/newsarovia.com\/pt\/wp-json\/wp\/v2\/pages\/2754\/revisions\/2951"}],"wp:attachment":[{"href":"https:\/\/newsarovia.com\/pt\/wp-json\/wp\/v2\/media?parent=2754"}],"curies":[{"name":"wp","href":"https:\/\/api.w.org\/{rel}","templated":true}]}}