{"id":2761,"date":"2025-04-10T17:59:18","date_gmt":"2025-04-10T17:59:18","guid":{"rendered":"https:\/\/newsarovia.com\/?page_id=2761"},"modified":"2025-04-22T19:15:44","modified_gmt":"2025-04-22T19:15:44","slug":"become-a-citizen","status":"publish","type":"page","link":"https:\/\/newsarovia.com\/pt\/become-a-citizen\/","title":{"rendered":"Vira Cidad\u00e3o!"},"content":{"rendered":"\n<p>Em Nova Sarovia, \u00e9 legalmente obrigat\u00f3rio concluir um breve <strong>curso civil<\/strong> antes de se tornar cidad\u00e3o, o que lhe permite votar e usufruir dos direitos garantidos pela Constitui\u00e7\u00e3o e pelas leis do Imp\u00e9rio. Este curso foi estabelecido pelo <em><a href=\"https:\/\/newsarovia.com\/wp-content\/uploads\/2025\/04\/Public-Education-Act-of-321-AS.pdf\">Ato de Educa\u00e7\u00e3o P\u00fablico<\/a><\/em> de 321 AS para, de acordo com o Ato, <em>&#8220;estabelecer um sistema unificado de educa\u00e7\u00e3o fundamental em toda a Nova Sarovia, garantindo que todos os cidad\u00e3os tenham acesso ao conhecimento e \u00e0 compreens\u00e3o essenciais da cidadania e da sociedade Saroviana e que todos cheguem a um n\u00edvel suficiente de compreens\u00e3o&#8221;.<\/em><\/p>\n\n\n\n<p>Essas escolas originalmente s\u00f3 podiam ser encontradas nas Prov\u00edncias do Imp\u00e9rio, mas posteriormente foram expandidas para a Cidade de Sarholm pelo <em>Ministe eui Eduache<\/em>, que tamb\u00e9m administra o ensino de cursos para todos os cidad\u00e3os potenciais. O programa conta com a ajuda de uma equipe dedicada de professores que trabalham em conjunto com os membros das Assembleias Legislativas Provinciais \u2013 e, no caso de Sarholm, com o <em>Conseili eui Razellizos<\/em>. Cada prov\u00edncia tem um curso semi-\u00fanico, administrado por um Conselho Escolar composto por funcion\u00e1rios do Minist\u00e9rio e MLAs provinciais.<\/p>\n\n\n\n<p>Os cursos de cidadania ensinam uma variedade de assuntos, incluindo educa\u00e7\u00e3o c\u00edvica Saroviana (como funcionam as leis e a democracia Sarovianas), uma explica\u00e7\u00e3o sobre o <em>Sarholm Centro<\/em> no jogo, a hist\u00f3ria de Nova Sar\u00f3via, a economia Saroviana, a religi\u00e3o Stef\u00e2nica e conhecimento sobre a prov\u00edncia ou territ\u00f3rio em que o curso est\u00e1 sendo ministrado. Todos esses assuntos s\u00e3o rudimentares, para n\u00e3o confundir os novos membros \u2013 o conhecimento expandido fica dispon\u00edvel ap\u00f3s a obten\u00e7\u00e3o da cidadania. Ap\u00f3s a conclus\u00e3o do curso, os futuros cidad\u00e3os fazem um teste e, se forem aprovados, recebem o pedido formal de cidadania, que \u00e9 processado pelo <em>Ministe eui Sevis<\/em>.<\/p>\n\n\n\n<p>Recomenda-se que todos os candidatos, antes de conclu\u00edrem o curso, escolham um nome Stef\u00e2nico e se juntem a uma fam\u00edlia para se integrarem plenamente \u00e0 sociedade Saroviana. Se tiver alguma d\u00favida sobre o processo, sinta-se \u00e0 vontade para falar com qualquer membro do <em>Ministe eui Eduache<\/em>!<\/p>\n","protected":false},"excerpt":{"rendered":"<p>Em Nova Sarovia, \u00e9 legalmente obrigat\u00f3rio concluir um breve curso civil antes de se tornar cidad\u00e3o, o que lhe permite votar e usufruir dos direitos garantidos pela Constitui\u00e7\u00e3o e pelas leis do Imp\u00e9rio. Este curso foi estabelecido pelo Ato de Educa\u00e7\u00e3o P\u00fablico de 321 AS para, de acordo com o Ato, &#8220;estabelecer um sistema unificado [&hellip;]<\/p>\n","protected":false},"author":1,"featured_media":0,"parent":0,"menu_order":0,"comment_status":"closed","ping_status":"closed","template":"","meta":{"footnotes":""},"class_list":["post-2761","page","type-page","status-publish","hentry"],"yoast_head":"<!-- This site is optimized with the Yoast SEO plugin v27.3 - https:\/\/yoast.com\/product\/yoast-seo-wordpress\/ -->\n<title>Vira Cidad\u00e3o! - SMI Gouverna<\/title>\n<meta name=\"robots\" content=\"index, follow, max-snippet:-1, max-image-preview:large, max-video-preview:-1\" \/>\n<link rel=\"canonical\" href=\"https:\/\/newsarovia.com\/pt\/become-a-citizen\/\" \/>\n<meta property=\"og:locale\" content=\"pt_BR\" \/>\n<meta property=\"og:locale:alternate\" content=\"en_US\" \/>\n<meta property=\"og:type\" content=\"article\" \/>\n<meta property=\"og:title\" content=\"Vira Cidad\u00e3o!\" \/>\n<meta property=\"og:description\" content=\"Em Nova Sarovia, \u00e9 legalmente obrigat\u00f3rio concluir um breve curso civil antes de se tornar cidad\u00e3o, o que lhe permite votar e usufruir dos direitos garantidos pela Constitui\u00e7\u00e3o e pelas leis do Imp\u00e9rio. Este curso foi estabelecido pelo Ato de Educa\u00e7\u00e3o P\u00fablico de 321 AS para, de acordo com o Ato, &#8220;estabelecer um sistema unificado [&hellip;]\" \/>\n<meta property=\"og:url\" content=\"https:\/\/newsarovia.com\/pt\/become-a-citizen\/\" \/>\n<meta property=\"og:site_name\" content=\"SMI Gouverna\" \/>\n<meta property=\"article:modified_time\" content=\"2025-04-22T19:15:44+00:00\" \/>\n<meta name=\"twitter:card\" content=\"summary_large_image\" \/>\n<meta name=\"twitter:label1\" content=\"Est. tempo de leitura\" \/>\n\t<meta name=\"twitter:data1\" content=\"2 minutos\" \/>\n<script type=\"application\/ld+json\" class=\"yoast-schema-graph\">{\"@context\":\"https:\\\/\\\/schema.org\",\"@graph\":[{\"@type\":\"WebPage\",\"@id\":\"https:\\\/\\\/newsarovia.com\\\/pt\\\/become-a-citizen\\\/\",\"url\":\"https:\\\/\\\/newsarovia.com\\\/pt\\\/become-a-citizen\\\/\",\"name\":\"Vira Cidad\u00e3o!\",\"isPartOf\":{\"@id\":\"https:\\\/\\\/newsarovia.com\\\/#website\"},\"datePublished\":\"2025-04-10T17:59:18+00:00\",\"dateModified\":\"2025-04-22T19:15:44+00:00\",\"breadcrumb\":{\"@id\":\"https:\\\/\\\/newsarovia.com\\\/pt\\\/become-a-citizen\\\/#breadcrumb\"},\"inLanguage\":\"pt-BR\",\"potentialAction\":[{\"@type\":\"ReadAction\",\"target\":[\"https:\\\/\\\/newsarovia.com\\\/pt\\\/become-a-citizen\\\/\"]}]},{\"@type\":\"BreadcrumbList\",\"@id\":\"https:\\\/\\\/newsarovia.com\\\/pt\\\/become-a-citizen\\\/#breadcrumb\",\"itemListElement\":[{\"@type\":\"ListItem\",\"position\":1,\"name\":\"Home\",\"item\":\"https:\\\/\\\/newsarovia.com\\\/\"},{\"@type\":\"ListItem\",\"position\":2,\"name\":\"Vira Cidad\u00e3o!\"}]},{\"@type\":\"WebSite\",\"@id\":\"https:\\\/\\\/newsarovia.com\\\/#website\",\"url\":\"https:\\\/\\\/newsarovia.com\\\/\",\"name\":\"SMI Gouverna\",\"description\":\"\",\"publisher\":{\"@id\":\"https:\\\/\\\/newsarovia.com\\\/#organization\"},\"potentialAction\":[{\"@type\":\"SearchAction\",\"target\":{\"@type\":\"EntryPoint\",\"urlTemplate\":\"https:\\\/\\\/newsarovia.com\\\/?s={search_term_string}\"},\"query-input\":{\"@type\":\"PropertyValueSpecification\",\"valueRequired\":true,\"valueName\":\"search_term_string\"}}],\"inLanguage\":\"pt-BR\"},{\"@type\":\"Organization\",\"@id\":\"https:\\\/\\\/newsarovia.com\\\/#organization\",\"name\":\"Gouverna do Seito Majis Imperial\",\"url\":\"https:\\\/\\\/newsarovia.com\\\/\",\"logo\":{\"@type\":\"ImageObject\",\"inLanguage\":\"pt-BR\",\"@id\":\"https:\\\/\\\/newsarovia.com\\\/#\\\/schema\\\/logo\\\/image\\\/\",\"url\":\"https:\\\/\\\/newsarovia.com\\\/wp-content\\\/uploads\\\/2025\\\/01\\\/Sarovia-Logo-Words.png\",\"contentUrl\":\"https:\\\/\\\/newsarovia.com\\\/wp-content\\\/uploads\\\/2025\\\/01\\\/Sarovia-Logo-Words.png\",\"width\":9985,\"height\":2274,\"caption\":\"Gouverna do Seito Majis Imperial\"},\"image\":{\"@id\":\"https:\\\/\\\/newsarovia.com\\\/#\\\/schema\\\/logo\\\/image\\\/\"}}]}<\/script>\n<!-- \/ Yoast SEO plugin. -->","yoast_head_json":{"title":"Vira Cidad\u00e3o! - SMI Gouverna","robots":{"index":"index","follow":"follow","max-snippet":"max-snippet:-1","max-image-preview":"max-image-preview:large","max-video-preview":"max-video-preview:-1"},"canonical":"https:\/\/newsarovia.com\/pt\/become-a-citizen\/","og_locale":"pt_BR","og_type":"article","og_title":"[:en]Civilian and Military Educational Streams[:pt]Vira Cidad\u00e3o![:] - SMI Gouverna","og_description":"Em Nova Sarovia, \u00e9 legalmente obrigat\u00f3rio concluir um breve curso civil antes de se tornar cidad\u00e3o, o que lhe permite votar e usufruir dos direitos garantidos pela Constitui\u00e7\u00e3o e pelas leis do Imp\u00e9rio. Este curso foi estabelecido pelo Ato de Educa\u00e7\u00e3o P\u00fablico de 321 AS para, de acordo com o Ato, &#8220;estabelecer um sistema unificado [&hellip;]","og_url":"https:\/\/newsarovia.com\/pt\/become-a-citizen\/","og_site_name":"SMI Gouverna","article_modified_time":"2025-04-22T19:15:44+00:00","twitter_card":"summary_large_image","twitter_misc":{"Est. tempo de leitura":"2 minutos"},"schema":{"@context":"https:\/\/schema.org","@graph":[{"@type":"WebPage","@id":"https:\/\/newsarovia.com\/pt\/become-a-citizen\/","url":"https:\/\/newsarovia.com\/pt\/become-a-citizen\/","name":"Vira Cidad\u00e3o!","isPartOf":{"@id":"https:\/\/newsarovia.com\/#website"},"datePublished":"2025-04-10T17:59:18+00:00","dateModified":"2025-04-22T19:15:44+00:00","breadcrumb":{"@id":"https:\/\/newsarovia.com\/pt\/become-a-citizen\/#breadcrumb"},"inLanguage":"pt-BR","potentialAction":[{"@type":"ReadAction","target":["https:\/\/newsarovia.com\/pt\/become-a-citizen\/"]}]},{"@type":"BreadcrumbList","@id":"https:\/\/newsarovia.com\/pt\/become-a-citizen\/#breadcrumb","itemListElement":[{"@type":"ListItem","position":1,"name":"Home","item":"https:\/\/newsarovia.com\/"},{"@type":"ListItem","position":2,"name":"Vira Cidad\u00e3o!"}]},{"@type":"WebSite","@id":"https:\/\/newsarovia.com\/#website","url":"https:\/\/newsarovia.com\/","name":"SMI Gouverna","description":"","publisher":{"@id":"https:\/\/newsarovia.com\/#organization"},"potentialAction":[{"@type":"SearchAction","target":{"@type":"EntryPoint","urlTemplate":"https:\/\/newsarovia.com\/?s={search_term_string}"},"query-input":{"@type":"PropertyValueSpecification","valueRequired":true,"valueName":"search_term_string"}}],"inLanguage":"pt-BR"},{"@type":"Organization","@id":"https:\/\/newsarovia.com\/#organization","name":"Gouverna do Seito Majis Imperial","url":"https:\/\/newsarovia.com\/","logo":{"@type":"ImageObject","inLanguage":"pt-BR","@id":"https:\/\/newsarovia.com\/#\/schema\/logo\/image\/","url":"https:\/\/newsarovia.com\/wp-content\/uploads\/2025\/01\/Sarovia-Logo-Words.png","contentUrl":"https:\/\/newsarovia.com\/wp-content\/uploads\/2025\/01\/Sarovia-Logo-Words.png","width":9985,"height":2274,"caption":"Gouverna do Seito Majis Imperial"},"image":{"@id":"https:\/\/newsarovia.com\/#\/schema\/logo\/image\/"}}]}},"_links":{"self":[{"href":"https:\/\/newsarovia.com\/pt\/wp-json\/wp\/v2\/pages\/2761","targetHints":{"allow":["GET"]}}],"collection":[{"href":"https:\/\/newsarovia.com\/pt\/wp-json\/wp\/v2\/pages"}],"about":[{"href":"https:\/\/newsarovia.com\/pt\/wp-json\/wp\/v2\/types\/page"}],"author":[{"embeddable":true,"href":"https:\/\/newsarovia.com\/pt\/wp-json\/wp\/v2\/users\/1"}],"replies":[{"embeddable":true,"href":"https:\/\/newsarovia.com\/pt\/wp-json\/wp\/v2\/comments?post=2761"}],"version-history":[{"count":3,"href":"https:\/\/newsarovia.com\/pt\/wp-json\/wp\/v2\/pages\/2761\/revisions"}],"predecessor-version":[{"id":3019,"href":"https:\/\/newsarovia.com\/pt\/wp-json\/wp\/v2\/pages\/2761\/revisions\/3019"}],"wp:attachment":[{"href":"https:\/\/newsarovia.com\/pt\/wp-json\/wp\/v2\/media?parent=2761"}],"curies":[{"name":"wp","href":"https:\/\/api.w.org\/{rel}","templated":true}]}}