{"id":2762,"date":"2025-04-10T17:59:38","date_gmt":"2025-04-10T17:59:38","guid":{"rendered":"https:\/\/newsarovia.com\/?page_id=2762"},"modified":"2025-04-22T20:02:28","modified_gmt":"2025-04-22T20:02:28","slug":"sarovias-educational-institutions","status":"publish","type":"page","link":"https:\/\/newsarovia.com\/pt\/sarovias-educational-institutions\/","title":{"rendered":"Institui\u00e7\u00f5es Educacionais Sarovianas"},"content":{"rendered":"\n<p>Em Nova Sarovia, existem 8 grandes institui\u00e7\u00f5es educacionais. Todas fundadas por Consteynnos IX ou por seu sucessor, Carolus XIII, h\u00e1 uma cren\u00e7a fervorosa em Nova Sarovia, desde o advento da era moderna, de que a melhor defesa contra a barbaridade \u00e9 a educa\u00e7\u00e3o e o condicionamento adequados, para garantir que os Sarovianos aprendam os valores Sarovianos e conhecimentos importantes para que sejam contribuintes s\u00e1bios e produtivos para a sociedade Saroviana.<\/p>\n\n\n\n<p>O <em>Ministe eui Eduache<\/em> controla diretamente 3 das 4 institui\u00e7\u00f5es civis, sendo a quarta \u2013 a Universette eui Lorde Camrose \u2013 controlada pelo Governo do Dom\u00ednio de Carolusburg. Enquanto isso, as institui\u00e7\u00f5es militares s\u00e3o controladas de forma colaborativa pelo <em>Ministe eui Eduache<\/em> e pelo <em>Elsado Defenasaca Imperial<\/em> (Estado-Maior Imperial de Defesa), o principal conselho de generais e almirantes que administra as For\u00e7as Armadas Imperiais Sarovianas.<\/p>\n\n\n\n<p>Abaixo est\u00e1 uma lista das institui\u00e7\u00f5es civis e militares do Novo Imp\u00e9rio Saroviano e suas Col\u00f4nias e Dom\u00ednios, e os cursos em que oferecem diplomas.<\/p>\n\n\n\n<h2 class=\"wp-block-heading has-primary-color has-text-color has-link-color wp-elements-a4a5cd0c56faf824e2fe1b77a3c748e5\" style=\"font-size:clamp(22.041px, 1.378rem + ((1vw - 3.2px) * 1.586), 36px);\">Institui\u00e7\u00f5es Civis<\/h2>\n\n\n\n<div class=\"wp-block-columns is-layout-flex wp-container-core-columns-is-layout-28f84493 wp-block-columns-is-layout-flex\">\n<div class=\"wp-block-column is-layout-flow wp-block-column-is-layout-flow\">\n<figure class=\"wp-block-image aligncenter size-full is-resized\"><img loading=\"lazy\" decoding=\"async\" width=\"475\" height=\"512\" src=\"https:\/\/newsarovia.com\/wp-content\/uploads\/2025\/04\/Falkenholm.png\" alt=\"\" class=\"wp-image-3025\" style=\"width:238px;height:auto\" srcset=\"https:\/\/newsarovia.com\/wp-content\/uploads\/2025\/04\/Falkenholm.png 475w, https:\/\/newsarovia.com\/wp-content\/uploads\/2025\/04\/Falkenholm-278x300.png 278w\" sizes=\"auto, (max-width: 475px) 100vw, 475px\" \/><\/figure>\n\n\n\n<h2 class=\"wp-block-heading has-text-align-center has-mono-2-color has-text-color has-link-color wp-elements-3c28859321fe50e7bb122bfec0604249\" style=\"font-size:clamp(15.747px, 0.984rem + ((1vw - 3.2px) * 0.938), 24px);\">Universette eui Falkenholm<\/h2>\n\n\n\n<p class=\"has-text-align-center\">O <strong>Universette eui Falkenholm<\/strong>, ou Universidade de Falkenholm, \u00e9 a institui\u00e7\u00e3o de ensino superior mais ativa do Imp\u00e9rio e frequentemente vista como uma porta de entrada para carreiras de lideran\u00e7a. Oferece bacharelados em Administra\u00e7\u00e3o Civil, Cultura, Hist\u00f3ria, Finan\u00e7as, Lei, Pol\u00edtica, Estudos Imperiais e Saroviano Alto.<\/p>\n<\/div>\n\n\n\n<div class=\"wp-block-column is-layout-flow wp-block-column-is-layout-flow\">\n<figure class=\"wp-block-image aligncenter size-full is-resized\"><img loading=\"lazy\" decoding=\"async\" width=\"475\" height=\"512\" src=\"https:\/\/newsarovia.com\/wp-content\/uploads\/2025\/04\/Consteynnos.png\" alt=\"\" class=\"wp-image-3024\" style=\"width:238px;height:auto\" srcset=\"https:\/\/newsarovia.com\/wp-content\/uploads\/2025\/04\/Consteynnos.png 475w, https:\/\/newsarovia.com\/wp-content\/uploads\/2025\/04\/Consteynnos-278x300.png 278w\" sizes=\"auto, (max-width: 475px) 100vw, 475px\" \/><\/figure>\n\n\n\n<h2 class=\"wp-block-heading has-text-align-center has-mono-2-color has-text-color has-link-color wp-elements-a14f38ef4ffe5668c229c606ec71fd27\" style=\"font-size:clamp(15.747px, 0.984rem + ((1vw - 3.2px) * 0.938), 24px);\">Universette Consteynnos<\/h2>\n\n\n\n<p class=\"has-text-align-center\">O <strong>Universette Consteynnos<\/strong>, ou Universidade de Consteynnos, \u00e9 a principal institui\u00e7\u00e3o de ensino superior do Imp\u00e9rio. Graduar-se nela frequentemente leva a cargos de alto escal\u00e3o. Oferece mestrados em Hist\u00f3ria, Lei e Administra\u00e7\u00e3o P\u00fablica, este \u00faltimo recomendado para quem deseja ser Primeiro-Ministro um dia.<\/p>\n<\/div>\n<\/div>\n\n\n\n<div class=\"wp-block-columns is-layout-flex wp-container-core-columns-is-layout-28f84493 wp-block-columns-is-layout-flex\">\n<div class=\"wp-block-column is-layout-flow wp-block-column-is-layout-flow\">\n<figure class=\"wp-block-image aligncenter size-full is-resized\"><img loading=\"lazy\" decoding=\"async\" width=\"213\" height=\"300\" src=\"https:\/\/newsarovia.com\/wp-content\/uploads\/2025\/04\/Seminette.png\" alt=\"\" class=\"wp-image-3023\" style=\"width:181px;height:auto\"\/><\/figure>\n\n\n\n<h2 class=\"wp-block-heading has-text-align-center has-mono-2-color has-text-color has-link-color wp-elements-5b6d0a8414e85742975cd9cd1800d232\" style=\"font-size:clamp(15.747px, 0.984rem + ((1vw - 3.2px) * 0.938), 24px);\">Seminette eui Saintos Tristiame<\/h2>\n\n\n\n<p class=\"has-text-align-center\">O <strong>Seminette eui Saintos Tristame<\/strong>, ou Semin\u00e1rio de S\u00e3o Trist\u00e3o, \u00e9 a principal institui\u00e7\u00e3o de ensino religioso do Imp\u00e9rio. A gradua\u00e7\u00e3o \u00e9 necess\u00e1ria para ingressar no clero estef\u00e2nico. Oferece bacharelado e mestrado em Teologia, embora o nome possa enganar, pois abrange um curso completo sobre a Igreja.<\/p>\n<\/div>\n\n\n\n<div class=\"wp-block-column is-layout-flow wp-block-column-is-layout-flow\">\n<figure class=\"wp-block-image aligncenter size-full is-resized\"><img loading=\"lazy\" decoding=\"async\" width=\"1073\" height=\"1073\" src=\"https:\/\/newsarovia.com\/wp-content\/uploads\/2025\/04\/LCU.png\" alt=\"\" class=\"wp-image-3022\" style=\"width:256px;height:auto\" srcset=\"https:\/\/newsarovia.com\/wp-content\/uploads\/2025\/04\/LCU.png 1073w, https:\/\/newsarovia.com\/wp-content\/uploads\/2025\/04\/LCU-300x300.png 300w, https:\/\/newsarovia.com\/wp-content\/uploads\/2025\/04\/LCU-1024x1024.png 1024w, https:\/\/newsarovia.com\/wp-content\/uploads\/2025\/04\/LCU-150x150.png 150w, https:\/\/newsarovia.com\/wp-content\/uploads\/2025\/04\/LCU-768x768.png 768w\" sizes=\"auto, (max-width: 1073px) 100vw, 1073px\" \/><\/figure>\n\n\n\n<h2 class=\"wp-block-heading has-text-align-center has-mono-2-color has-text-color has-link-color wp-elements-683ff0906fe1e984eba5874eae239f7c\" style=\"font-size:clamp(15.747px, 0.984rem + ((1vw - 3.2px) * 0.938), 24px);\">Universette eui Lorde Camrose<\/h2>\n\n\n\n<p class=\"has-text-align-center\">O <strong>Universette eui Lorde Camrose<\/strong>, ou Universidade de Lorde Camrose, \u00e9 uma institui\u00e7\u00e3o educacional exclusiva do Dom\u00ednio de Carolusburg. Oferece bacharelado em Finan\u00e7as, Saroviano Alto, Cultura e Lei Carodiano, al\u00e9m de mestrado em Cultura. \u00c9 administrada pelo Governo Carodiano.<\/p>\n<\/div>\n<\/div>\n\n\n\n<h2 class=\"wp-block-heading has-primary-color has-text-color has-link-color wp-elements-bb4f6368f0ff392c959cbf70b2d4fcb9\" style=\"font-size:clamp(22.041px, 1.378rem + ((1vw - 3.2px) * 1.586), 36px);\">Institui\u00e7\u00f5es Militares<\/h2>\n\n\n\n<div class=\"wp-block-columns is-layout-flex wp-container-core-columns-is-layout-28f84493 wp-block-columns-is-layout-flex\">\n<div class=\"wp-block-column is-layout-flow wp-block-column-is-layout-flow\">\n<figure class=\"wp-block-image aligncenter size-full is-resized\"><img loading=\"lazy\" decoding=\"async\" width=\"512\" height=\"356\" src=\"https:\/\/newsarovia.com\/wp-content\/uploads\/2025\/04\/IMC.png\" alt=\"\" class=\"wp-image-3027\" style=\"width:370px;height:auto\" srcset=\"https:\/\/newsarovia.com\/wp-content\/uploads\/2025\/04\/IMC.png 512w, https:\/\/newsarovia.com\/wp-content\/uploads\/2025\/04\/IMC-300x209.png 300w\" sizes=\"auto, (max-width: 512px) 100vw, 512px\" \/><\/figure>\n\n\n\n<h2 class=\"wp-block-heading has-text-align-center has-mono-2-color has-text-color has-link-color wp-elements-90c6bccb6bbdecf8a9769bd61d6b0ca8\" style=\"font-size:clamp(15.747px, 0.984rem + ((1vw - 3.2px) * 0.938), 24px);\">Escola Militar Imperial<\/h2>\n\n\n\n<p class=\"has-text-align-center\">A <strong>Escola Militar<\/strong> Imperial \u00e9 a escola de oficiais das For\u00e7as Armadas Imperiais. Aqueles que s\u00e3o eleg\u00edveis para se tornarem oficiais, seja por pertencerem a uma fam\u00edlia de prest\u00edgio ou por serem aprovados no exame, v\u00eam ao IMC para estudar e serem comissionados, seja como Oficial do Ex\u00e9rcito ou Oficial da Mil\u00edcia.<\/p>\n<\/div>\n\n\n\n<div class=\"wp-block-column is-layout-flow wp-block-column-is-layout-flow\">\n<figure class=\"wp-block-image aligncenter size-full is-resized\"><img loading=\"lazy\" decoding=\"async\" width=\"512\" height=\"509\" src=\"https:\/\/newsarovia.com\/wp-content\/uploads\/2025\/04\/KCAS.png\" alt=\"\" class=\"wp-image-3028\" style=\"width:259px;height:auto\" srcset=\"https:\/\/newsarovia.com\/wp-content\/uploads\/2025\/04\/KCAS.png 512w, https:\/\/newsarovia.com\/wp-content\/uploads\/2025\/04\/KCAS-300x298.png 300w, https:\/\/newsarovia.com\/wp-content\/uploads\/2025\/04\/KCAS-150x150.png 150w\" sizes=\"auto, (max-width: 512px) 100vw, 512px\" \/><\/figure>\n\n\n\n<h2 class=\"wp-block-heading has-text-align-center has-mono-2-color has-text-color has-link-color wp-elements-927fd759316eba672883e4989c2cdbbe\" style=\"font-size:clamp(15.747px, 0.984rem + ((1vw - 3.2px) * 0.938), 24px);\">Escola de Armas de Combate de Karlstadt<\/h2>\n\n\n\n<p class=\"has-text-align-center\">A <strong>Escola de Armas de Combate de Karlstadt<\/strong> \u00e9 a escola de ONCs das For\u00e7as Armadas Imperiais. O KCAS oferece a <em>Escola de Infantaria<\/em>, um programa suplementar ao Treinamento B\u00e1sico, projetado para regimentos de infantaria, bem como a <em>Escola de Cavalaria<\/em>, sua contraparte, projetada para regimentos de cavalaria.<\/p>\n<\/div>\n<\/div>\n\n\n\n<div class=\"wp-block-columns is-layout-flex wp-container-core-columns-is-layout-28f84493 wp-block-columns-is-layout-flex\">\n<div class=\"wp-block-column is-layout-flow wp-block-column-is-layout-flow\">\n<figure class=\"wp-block-image aligncenter size-full is-resized\"><img loading=\"lazy\" decoding=\"async\" width=\"435\" height=\"512\" src=\"https:\/\/newsarovia.com\/wp-content\/uploads\/2025\/04\/Ironwood.png\" alt=\"\" class=\"wp-image-3029\" style=\"width:216px;height:auto\" srcset=\"https:\/\/newsarovia.com\/wp-content\/uploads\/2025\/04\/Ironwood.png 435w, https:\/\/newsarovia.com\/wp-content\/uploads\/2025\/04\/Ironwood-255x300.png 255w\" sizes=\"auto, (max-width: 435px) 100vw, 435px\" \/><\/figure>\n\n\n\n<h2 class=\"wp-block-heading has-text-align-center has-mono-2-color has-text-color has-link-color wp-elements-d4eac8407715fc80af416edab645b8b2\" style=\"font-size:clamp(15.747px, 0.984rem + ((1vw - 3.2px) * 0.938), 24px);\">Academia Militar de Ironwood<\/h2>\n\n\n\n<p class=\"has-text-align-center\">A <strong>Academia Militar de Ironwood<\/strong> \u00e9 a escola mais ativa, antiga e b\u00e1sica das For\u00e7as Armadas Imperiais. Ela ministra o famoso programa de <em>Treinamento B\u00e1sico<\/em>, destinado a apresentar novos soldados ao Imp\u00e9rio e ao Ex\u00e9rcito.<\/p>\n<\/div>\n\n\n\n<div class=\"wp-block-column is-layout-flow wp-block-column-is-layout-flow\">\n<figure class=\"wp-block-image aligncenter size-full is-resized\"><img loading=\"lazy\" decoding=\"async\" width=\"354\" height=\"512\" src=\"https:\/\/newsarovia.com\/wp-content\/uploads\/2025\/04\/Wolfwater.png\" alt=\"\" class=\"wp-image-3026\" style=\"width:176px;height:auto\" srcset=\"https:\/\/newsarovia.com\/wp-content\/uploads\/2025\/04\/Wolfwater.png 354w, https:\/\/newsarovia.com\/wp-content\/uploads\/2025\/04\/Wolfwater-207x300.png 207w\" sizes=\"auto, (max-width: 354px) 100vw, 354px\" \/><\/figure>\n\n\n\n<h2 class=\"wp-block-heading has-text-align-center has-mono-2-color has-text-color has-link-color wp-elements-ec47624e80c845edd32ac38c3f366a61\" style=\"font-size:clamp(15.747px, 0.984rem + ((1vw - 3.2px) * 0.938), 24px);\">Academia Naval de Wolfwater<\/h2>\n\n\n\n<p class=\"has-text-align-center\">A <strong>Academia Naval de Wolfwater<\/strong> \u00e9 a escola da Marinha Imperial. Ela concede comiss\u00f5es navais e ensina o equivalente naval ao Treinamento B\u00e1sico. \u00c9 a academia militar mais nova e atualmente ainda est\u00e1 criando novos cursos.<\/p>\n<\/div>\n<\/div>\n","protected":false},"excerpt":{"rendered":"<p>Em Nova Sarovia, existem 8 grandes institui\u00e7\u00f5es educacionais. Todas fundadas por Consteynnos IX ou por seu sucessor, Carolus XIII, h\u00e1 uma cren\u00e7a fervorosa em Nova Sarovia, desde o advento da era moderna, de que a melhor defesa contra a barbaridade \u00e9 a educa\u00e7\u00e3o e o condicionamento adequados, para garantir que os Sarovianos aprendam os valores [&hellip;]<\/p>\n","protected":false},"author":1,"featured_media":0,"parent":0,"menu_order":0,"comment_status":"closed","ping_status":"closed","template":"","meta":{"footnotes":""},"class_list":["post-2762","page","type-page","status-publish","hentry"],"yoast_head":"<!-- This site is optimized with the Yoast SEO plugin v27.3 - https:\/\/yoast.com\/product\/yoast-seo-wordpress\/ -->\n<title>Institui\u00e7\u00f5es Educacionais Sarovianas - SMI Gouverna<\/title>\n<meta name=\"robots\" content=\"index, follow, max-snippet:-1, max-image-preview:large, max-video-preview:-1\" \/>\n<link rel=\"canonical\" href=\"https:\/\/newsarovia.com\/pt\/sarovias-educational-institutions\/\" \/>\n<meta property=\"og:locale\" content=\"pt_BR\" \/>\n<meta property=\"og:locale:alternate\" content=\"en_US\" \/>\n<meta property=\"og:type\" content=\"article\" \/>\n<meta property=\"og:title\" content=\"Institui\u00e7\u00f5es Educacionais Sarovianas\" \/>\n<meta property=\"og:description\" content=\"Em Nova Sarovia, existem 8 grandes institui\u00e7\u00f5es educacionais. Todas fundadas por Consteynnos IX ou por seu sucessor, Carolus XIII, h\u00e1 uma cren\u00e7a fervorosa em Nova Sarovia, desde o advento da era moderna, de que a melhor defesa contra a barbaridade \u00e9 a educa\u00e7\u00e3o e o condicionamento adequados, para garantir que os Sarovianos aprendam os valores [&hellip;]\" \/>\n<meta property=\"og:url\" content=\"https:\/\/newsarovia.com\/pt\/sarovias-educational-institutions\/\" \/>\n<meta property=\"og:site_name\" content=\"SMI Gouverna\" \/>\n<meta property=\"article:modified_time\" content=\"2025-04-22T20:02:28+00:00\" \/>\n<meta property=\"og:image\" content=\"https:\/\/newsarovia.com\/wp-content\/uploads\/2025\/04\/Falkenholm.png\" \/>\n\t<meta property=\"og:image:width\" content=\"475\" \/>\n\t<meta property=\"og:image:height\" content=\"512\" \/>\n\t<meta property=\"og:image:type\" content=\"image\/png\" \/>\n<meta name=\"twitter:card\" content=\"summary_large_image\" \/>\n<meta name=\"twitter:label1\" content=\"Est. tempo de leitura\" \/>\n\t<meta name=\"twitter:data1\" content=\"4 minutos\" \/>\n<script type=\"application\/ld+json\" class=\"yoast-schema-graph\">{\"@context\":\"https:\\\/\\\/schema.org\",\"@graph\":[{\"@type\":\"WebPage\",\"@id\":\"https:\\\/\\\/newsarovia.com\\\/pt\\\/sarovias-educational-institutions\\\/\",\"url\":\"https:\\\/\\\/newsarovia.com\\\/pt\\\/sarovias-educational-institutions\\\/\",\"name\":\"Institui\u00e7\u00f5es Educacionais Sarovianas\",\"isPartOf\":{\"@id\":\"https:\\\/\\\/newsarovia.com\\\/#website\"},\"primaryImageOfPage\":{\"@id\":\"https:\\\/\\\/newsarovia.com\\\/pt\\\/sarovias-educational-institutions\\\/#primaryimage\"},\"image\":{\"@id\":\"https:\\\/\\\/newsarovia.com\\\/pt\\\/sarovias-educational-institutions\\\/#primaryimage\"},\"thumbnailUrl\":\"https:\\\/\\\/newsarovia.com\\\/wp-content\\\/uploads\\\/2025\\\/04\\\/Falkenholm.png\",\"datePublished\":\"2025-04-10T17:59:38+00:00\",\"dateModified\":\"2025-04-22T20:02:28+00:00\",\"breadcrumb\":{\"@id\":\"https:\\\/\\\/newsarovia.com\\\/pt\\\/sarovias-educational-institutions\\\/#breadcrumb\"},\"inLanguage\":\"pt-BR\",\"potentialAction\":[{\"@type\":\"ReadAction\",\"target\":[\"https:\\\/\\\/newsarovia.com\\\/pt\\\/sarovias-educational-institutions\\\/\"]}]},{\"@type\":\"ImageObject\",\"inLanguage\":\"pt-BR\",\"@id\":\"https:\\\/\\\/newsarovia.com\\\/pt\\\/sarovias-educational-institutions\\\/#primaryimage\",\"url\":\"https:\\\/\\\/newsarovia.com\\\/wp-content\\\/uploads\\\/2025\\\/04\\\/Falkenholm.png\",\"contentUrl\":\"https:\\\/\\\/newsarovia.com\\\/wp-content\\\/uploads\\\/2025\\\/04\\\/Falkenholm.png\"},{\"@type\":\"BreadcrumbList\",\"@id\":\"https:\\\/\\\/newsarovia.com\\\/pt\\\/sarovias-educational-institutions\\\/#breadcrumb\",\"itemListElement\":[{\"@type\":\"ListItem\",\"position\":1,\"name\":\"Home\",\"item\":\"https:\\\/\\\/newsarovia.com\\\/\"},{\"@type\":\"ListItem\",\"position\":2,\"name\":\"Institui\u00e7\u00f5es Educacionais Sarovianas\"}]},{\"@type\":\"WebSite\",\"@id\":\"https:\\\/\\\/newsarovia.com\\\/#website\",\"url\":\"https:\\\/\\\/newsarovia.com\\\/\",\"name\":\"SMI Gouverna\",\"description\":\"\",\"publisher\":{\"@id\":\"https:\\\/\\\/newsarovia.com\\\/#organization\"},\"potentialAction\":[{\"@type\":\"SearchAction\",\"target\":{\"@type\":\"EntryPoint\",\"urlTemplate\":\"https:\\\/\\\/newsarovia.com\\\/?s={search_term_string}\"},\"query-input\":{\"@type\":\"PropertyValueSpecification\",\"valueRequired\":true,\"valueName\":\"search_term_string\"}}],\"inLanguage\":\"pt-BR\"},{\"@type\":\"Organization\",\"@id\":\"https:\\\/\\\/newsarovia.com\\\/#organization\",\"name\":\"Gouverna do Seito Majis Imperial\",\"url\":\"https:\\\/\\\/newsarovia.com\\\/\",\"logo\":{\"@type\":\"ImageObject\",\"inLanguage\":\"pt-BR\",\"@id\":\"https:\\\/\\\/newsarovia.com\\\/#\\\/schema\\\/logo\\\/image\\\/\",\"url\":\"https:\\\/\\\/newsarovia.com\\\/wp-content\\\/uploads\\\/2025\\\/01\\\/Sarovia-Logo-Words.png\",\"contentUrl\":\"https:\\\/\\\/newsarovia.com\\\/wp-content\\\/uploads\\\/2025\\\/01\\\/Sarovia-Logo-Words.png\",\"width\":9985,\"height\":2274,\"caption\":\"Gouverna do Seito Majis Imperial\"},\"image\":{\"@id\":\"https:\\\/\\\/newsarovia.com\\\/#\\\/schema\\\/logo\\\/image\\\/\"}}]}<\/script>\n<!-- \/ Yoast SEO plugin. -->","yoast_head_json":{"title":"Institui\u00e7\u00f5es Educacionais Sarovianas - SMI Gouverna","robots":{"index":"index","follow":"follow","max-snippet":"max-snippet:-1","max-image-preview":"max-image-preview:large","max-video-preview":"max-video-preview:-1"},"canonical":"https:\/\/newsarovia.com\/pt\/sarovias-educational-institutions\/","og_locale":"pt_BR","og_type":"article","og_title":"[:en]Sarovia's Educational Institutions[:pt]Institui\u00e7\u00f5es Educacionais Sarovianas[:] - SMI Gouverna","og_description":"Em Nova Sarovia, existem 8 grandes institui\u00e7\u00f5es educacionais. Todas fundadas por Consteynnos IX ou por seu sucessor, Carolus XIII, h\u00e1 uma cren\u00e7a fervorosa em Nova Sarovia, desde o advento da era moderna, de que a melhor defesa contra a barbaridade \u00e9 a educa\u00e7\u00e3o e o condicionamento adequados, para garantir que os Sarovianos aprendam os valores [&hellip;]","og_url":"https:\/\/newsarovia.com\/pt\/sarovias-educational-institutions\/","og_site_name":"SMI Gouverna","article_modified_time":"2025-04-22T20:02:28+00:00","og_image":[{"width":475,"height":512,"url":"https:\/\/newsarovia.com\/wp-content\/uploads\/2025\/04\/Falkenholm.png","type":"image\/png"}],"twitter_card":"summary_large_image","twitter_misc":{"Est. tempo de leitura":"4 minutos"},"schema":{"@context":"https:\/\/schema.org","@graph":[{"@type":"WebPage","@id":"https:\/\/newsarovia.com\/pt\/sarovias-educational-institutions\/","url":"https:\/\/newsarovia.com\/pt\/sarovias-educational-institutions\/","name":"Institui\u00e7\u00f5es Educacionais Sarovianas","isPartOf":{"@id":"https:\/\/newsarovia.com\/#website"},"primaryImageOfPage":{"@id":"https:\/\/newsarovia.com\/pt\/sarovias-educational-institutions\/#primaryimage"},"image":{"@id":"https:\/\/newsarovia.com\/pt\/sarovias-educational-institutions\/#primaryimage"},"thumbnailUrl":"https:\/\/newsarovia.com\/wp-content\/uploads\/2025\/04\/Falkenholm.png","datePublished":"2025-04-10T17:59:38+00:00","dateModified":"2025-04-22T20:02:28+00:00","breadcrumb":{"@id":"https:\/\/newsarovia.com\/pt\/sarovias-educational-institutions\/#breadcrumb"},"inLanguage":"pt-BR","potentialAction":[{"@type":"ReadAction","target":["https:\/\/newsarovia.com\/pt\/sarovias-educational-institutions\/"]}]},{"@type":"ImageObject","inLanguage":"pt-BR","@id":"https:\/\/newsarovia.com\/pt\/sarovias-educational-institutions\/#primaryimage","url":"https:\/\/newsarovia.com\/wp-content\/uploads\/2025\/04\/Falkenholm.png","contentUrl":"https:\/\/newsarovia.com\/wp-content\/uploads\/2025\/04\/Falkenholm.png"},{"@type":"BreadcrumbList","@id":"https:\/\/newsarovia.com\/pt\/sarovias-educational-institutions\/#breadcrumb","itemListElement":[{"@type":"ListItem","position":1,"name":"Home","item":"https:\/\/newsarovia.com\/"},{"@type":"ListItem","position":2,"name":"Institui\u00e7\u00f5es Educacionais Sarovianas"}]},{"@type":"WebSite","@id":"https:\/\/newsarovia.com\/#website","url":"https:\/\/newsarovia.com\/","name":"SMI Gouverna","description":"","publisher":{"@id":"https:\/\/newsarovia.com\/#organization"},"potentialAction":[{"@type":"SearchAction","target":{"@type":"EntryPoint","urlTemplate":"https:\/\/newsarovia.com\/?s={search_term_string}"},"query-input":{"@type":"PropertyValueSpecification","valueRequired":true,"valueName":"search_term_string"}}],"inLanguage":"pt-BR"},{"@type":"Organization","@id":"https:\/\/newsarovia.com\/#organization","name":"Gouverna do Seito Majis Imperial","url":"https:\/\/newsarovia.com\/","logo":{"@type":"ImageObject","inLanguage":"pt-BR","@id":"https:\/\/newsarovia.com\/#\/schema\/logo\/image\/","url":"https:\/\/newsarovia.com\/wp-content\/uploads\/2025\/01\/Sarovia-Logo-Words.png","contentUrl":"https:\/\/newsarovia.com\/wp-content\/uploads\/2025\/01\/Sarovia-Logo-Words.png","width":9985,"height":2274,"caption":"Gouverna do Seito Majis Imperial"},"image":{"@id":"https:\/\/newsarovia.com\/#\/schema\/logo\/image\/"}}]}},"_links":{"self":[{"href":"https:\/\/newsarovia.com\/pt\/wp-json\/wp\/v2\/pages\/2762","targetHints":{"allow":["GET"]}}],"collection":[{"href":"https:\/\/newsarovia.com\/pt\/wp-json\/wp\/v2\/pages"}],"about":[{"href":"https:\/\/newsarovia.com\/pt\/wp-json\/wp\/v2\/types\/page"}],"author":[{"embeddable":true,"href":"https:\/\/newsarovia.com\/pt\/wp-json\/wp\/v2\/users\/1"}],"replies":[{"embeddable":true,"href":"https:\/\/newsarovia.com\/pt\/wp-json\/wp\/v2\/comments?post=2762"}],"version-history":[{"count":5,"href":"https:\/\/newsarovia.com\/pt\/wp-json\/wp\/v2\/pages\/2762\/revisions"}],"predecessor-version":[{"id":3034,"href":"https:\/\/newsarovia.com\/pt\/wp-json\/wp\/v2\/pages\/2762\/revisions\/3034"}],"wp:attachment":[{"href":"https:\/\/newsarovia.com\/pt\/wp-json\/wp\/v2\/media?parent=2762"}],"curies":[{"name":"wp","href":"https:\/\/api.w.org\/{rel}","templated":true}]}}