{"id":2763,"date":"2025-04-10T18:00:37","date_gmt":"2025-04-10T18:00:37","guid":{"rendered":"https:\/\/newsarovia.com\/?page_id=2763"},"modified":"2025-04-22T20:13:15","modified_gmt":"2025-04-22T20:13:15","slug":"public-educational-records","status":"publish","type":"page","link":"https:\/\/newsarovia.com\/pt\/public-educational-records\/","title":{"rendered":"Registros P\u00fablicos Educacionais"},"content":{"rendered":"\n<p>Bem-vindo ao <strong>Portal de Registros P\u00fablicos Educacionais<\/strong>. Este portal oferece uma lista completa de formandos, tanto de institui\u00e7\u00f5es civis quanto militares. Tamb\u00e9m s\u00e3o especificados, quando aplic\u00e1vel, qual era a \u00e1rea de estudo do formando e quando se formou. Os formandos s\u00e3o classificados por institui\u00e7\u00e3o e, no caso de institui\u00e7\u00f5es civis, entre vivos e falecidos.<\/p>\n\n\n\n<h2 class=\"wp-block-heading has-primary-color has-text-color has-link-color wp-elements-09c089d039de97e75be60113482b0abf\" style=\"font-size:clamp(22.041px, 1.378rem + ((1vw - 3.2px) * 1.586), 36px);\">Universette eui Falkenholm<\/h2>\n\n\n\n<p><strong><em>FORMADOS VIVOS<\/em><\/strong><\/p>\n\n\n\n<ul class=\"wp-block-list\">\n<li>A<\/li>\n\n\n\n<li>A<\/li>\n\n\n\n<li>A<\/li>\n<\/ul>\n\n\n\n<p><strong><em><strong><em><strong><em>FORMADOS FALECIDOS<\/em><\/strong><\/em><\/strong><\/em><\/strong><\/p>\n\n\n\n<ul class=\"wp-block-list\">\n<li>A<\/li>\n\n\n\n<li>A<\/li>\n\n\n\n<li>A<\/li>\n<\/ul>\n\n\n\n<h2 class=\"wp-block-heading has-primary-color has-text-color has-link-color wp-elements-5f2e2734a7a867324d648a2d9d51fc47\" style=\"font-size:clamp(22.041px, 1.378rem + ((1vw - 3.2px) * 1.586), 36px);\">Universette Consteynnos<\/h2>\n\n\n\n<p><strong><em><strong><em>FORMADOS VIVOS<\/em><\/strong><\/em><\/strong><\/p>\n\n\n\n<ul class=\"wp-block-list\">\n<li>A<\/li>\n\n\n\n<li>A<\/li>\n\n\n\n<li>A<\/li>\n<\/ul>\n\n\n\n<p><strong><em><strong><em><strong><em>FORMADOS FALECIDOS<\/em><\/strong><\/em><\/strong><\/em><\/strong><\/p>\n\n\n\n<ul class=\"wp-block-list\">\n<li>A<\/li>\n\n\n\n<li>A<\/li>\n\n\n\n<li>A<\/li>\n<\/ul>\n\n\n\n<h2 class=\"wp-block-heading has-primary-color has-text-color has-link-color wp-elements-a920cb630ed3080cb06b129680cb4768\" style=\"font-size:clamp(22.041px, 1.378rem + ((1vw - 3.2px) * 1.586), 36px);\">Seminette eui Saintos Tristiame<\/h2>\n\n\n\n<p><strong><em><strong><em>FORMADOS VIVOS<\/em><\/strong><\/em><\/strong><\/p>\n\n\n\n<ul class=\"wp-block-list\">\n<li>A<\/li>\n\n\n\n<li>A<\/li>\n\n\n\n<li>A<\/li>\n<\/ul>\n\n\n\n<p><strong><em><strong><em><strong><em>FORMADOS FALECIDOS<\/em><\/strong><\/em><\/strong><\/em><\/strong><\/p>\n\n\n\n<ul class=\"wp-block-list\">\n<li>A<\/li>\n\n\n\n<li>A<\/li>\n\n\n\n<li>A<\/li>\n<\/ul>\n\n\n\n<h2 class=\"wp-block-heading has-primary-color has-text-color has-link-color wp-elements-2631d4310af631e814180f7a4ed637ab\" style=\"font-size:clamp(22.041px, 1.378rem + ((1vw - 3.2px) * 1.586), 36px);\">Universette eui Lorde Camrose<\/h2>\n\n\n\n<p><strong><em><strong><em>FORMADOS VIVOS<\/em><\/strong><\/em><\/strong><\/p>\n\n\n\n<ul class=\"wp-block-list\">\n<li>A<\/li>\n\n\n\n<li>A<\/li>\n\n\n\n<li>A<\/li>\n<\/ul>\n\n\n\n<p><strong><em><strong><em>FORMADOS FALECIDOS<\/em><\/strong><\/em><\/strong><\/p>\n\n\n\n<ul class=\"wp-block-list\">\n<li>A<\/li>\n\n\n\n<li>A<\/li>\n\n\n\n<li>A<\/li>\n<\/ul>\n\n\n\n<h2 class=\"wp-block-heading has-primary-color has-text-color has-link-color wp-elements-cacab683272646ffa921d51804fe287f\" style=\"font-size:clamp(22.041px, 1.378rem + ((1vw - 3.2px) * 1.586), 36px);\">Escola Militar Imperial<\/h2>\n\n\n\n<p><strong><em><strong><em>FORMADOS VIVOS<\/em><\/strong><\/em><\/strong><\/p>\n\n\n\n<ul class=\"wp-block-list\">\n<li>A<\/li>\n\n\n\n<li>A<\/li>\n\n\n\n<li>A<\/li>\n<\/ul>\n\n\n\n<h2 class=\"wp-block-heading has-primary-color has-text-color has-link-color wp-elements-1dc60718cf8f92b8a724f56d6f001689\" style=\"font-size:clamp(22.041px, 1.378rem + ((1vw - 3.2px) * 1.586), 36px);\">Escola de Armas de Combate de Karlstadt<\/h2>\n\n\n\n<p><strong><em><strong><em>FORMADOS VIVOS<\/em><\/strong><\/em><\/strong><\/p>\n\n\n\n<ul class=\"wp-block-list\">\n<li>A<\/li>\n\n\n\n<li>A<\/li>\n\n\n\n<li>A<\/li>\n<\/ul>\n\n\n\n<h2 class=\"wp-block-heading has-primary-color has-text-color has-link-color wp-elements-2a73917e3c960d02c79e06689ac87270\" style=\"font-size:clamp(22.041px, 1.378rem + ((1vw - 3.2px) * 1.586), 36px);\">Academia Militar de Ironwood<\/h2>\n\n\n\n<p><strong><em>LIVING GRADUATES<\/em><\/strong><\/p>\n\n\n\n<ul class=\"wp-block-list\">\n<li>A<\/li>\n\n\n\n<li>A<\/li>\n\n\n\n<li>A<\/li>\n<\/ul>\n\n\n\n<h2 class=\"wp-block-heading has-primary-color has-text-color has-link-color wp-elements-9a6f76d15511c3810a21992c9813bf8b\" style=\"font-size:clamp(22.041px, 1.378rem + ((1vw - 3.2px) * 1.586), 36px);\">Academia Naval de Wolfwater<\/h2>\n\n\n\n<p><strong><em><strong><em>FORMADOS VIVOS<\/em><\/strong><\/em><\/strong><\/p>\n\n\n\n<ul class=\"wp-block-list\">\n<li>A<\/li>\n\n\n\n<li>A<\/li>\n\n\n\n<li>A<\/li>\n<\/ul>\n\n\n\n<p><\/p>\n","protected":false},"excerpt":{"rendered":"<p>Bem-vindo ao Portal de Registros P\u00fablicos Educacionais. Este portal oferece uma lista completa de formandos, tanto de institui\u00e7\u00f5es civis quanto militares. Tamb\u00e9m s\u00e3o especificados, quando aplic\u00e1vel, qual era a \u00e1rea de estudo do formando e quando se formou. Os formandos s\u00e3o classificados por institui\u00e7\u00e3o e, no caso de institui\u00e7\u00f5es civis, entre vivos e falecidos. Universette [&hellip;]<\/p>\n","protected":false},"author":1,"featured_media":0,"parent":0,"menu_order":0,"comment_status":"closed","ping_status":"closed","template":"","meta":{"footnotes":""},"class_list":["post-2763","page","type-page","status-publish","hentry"],"yoast_head":"<!-- This site is optimized with the Yoast SEO plugin v27.3 - https:\/\/yoast.com\/product\/yoast-seo-wordpress\/ -->\n<title>Registros P\u00fablicos Educacionais - SMI Gouverna<\/title>\n<meta name=\"robots\" content=\"index, follow, max-snippet:-1, max-image-preview:large, max-video-preview:-1\" \/>\n<link rel=\"canonical\" href=\"https:\/\/newsarovia.com\/pt\/public-educational-records\/\" \/>\n<meta property=\"og:locale\" content=\"pt_BR\" \/>\n<meta property=\"og:locale:alternate\" content=\"en_US\" \/>\n<meta property=\"og:type\" content=\"article\" \/>\n<meta property=\"og:title\" content=\"Registros P\u00fablicos Educacionais\" \/>\n<meta property=\"og:description\" content=\"Bem-vindo ao Portal de Registros P\u00fablicos Educacionais. Este portal oferece uma lista completa de formandos, tanto de institui\u00e7\u00f5es civis quanto militares. Tamb\u00e9m s\u00e3o especificados, quando aplic\u00e1vel, qual era a \u00e1rea de estudo do formando e quando se formou. Os formandos s\u00e3o classificados por institui\u00e7\u00e3o e, no caso de institui\u00e7\u00f5es civis, entre vivos e falecidos. Universette [&hellip;]\" \/>\n<meta property=\"og:url\" content=\"https:\/\/newsarovia.com\/pt\/public-educational-records\/\" \/>\n<meta property=\"og:site_name\" content=\"SMI Gouverna\" \/>\n<meta property=\"article:modified_time\" content=\"2025-04-22T20:13:15+00:00\" \/>\n<meta name=\"twitter:card\" content=\"summary_large_image\" \/>\n<meta name=\"twitter:label1\" content=\"Est. tempo de leitura\" \/>\n\t<meta name=\"twitter:data1\" content=\"1 minuto\" \/>\n<script type=\"application\/ld+json\" class=\"yoast-schema-graph\">{\"@context\":\"https:\\\/\\\/schema.org\",\"@graph\":[{\"@type\":\"WebPage\",\"@id\":\"https:\\\/\\\/newsarovia.com\\\/pt\\\/public-educational-records\\\/\",\"url\":\"https:\\\/\\\/newsarovia.com\\\/pt\\\/public-educational-records\\\/\",\"name\":\"Registros P\u00fablicos Educacionais\",\"isPartOf\":{\"@id\":\"https:\\\/\\\/newsarovia.com\\\/#website\"},\"datePublished\":\"2025-04-10T18:00:37+00:00\",\"dateModified\":\"2025-04-22T20:13:15+00:00\",\"breadcrumb\":{\"@id\":\"https:\\\/\\\/newsarovia.com\\\/pt\\\/public-educational-records\\\/#breadcrumb\"},\"inLanguage\":\"pt-BR\",\"potentialAction\":[{\"@type\":\"ReadAction\",\"target\":[\"https:\\\/\\\/newsarovia.com\\\/pt\\\/public-educational-records\\\/\"]}]},{\"@type\":\"BreadcrumbList\",\"@id\":\"https:\\\/\\\/newsarovia.com\\\/pt\\\/public-educational-records\\\/#breadcrumb\",\"itemListElement\":[{\"@type\":\"ListItem\",\"position\":1,\"name\":\"Home\",\"item\":\"https:\\\/\\\/newsarovia.com\\\/\"},{\"@type\":\"ListItem\",\"position\":2,\"name\":\"Registros P\u00fablicos Educacionais\"}]},{\"@type\":\"WebSite\",\"@id\":\"https:\\\/\\\/newsarovia.com\\\/#website\",\"url\":\"https:\\\/\\\/newsarovia.com\\\/\",\"name\":\"SMI Gouverna\",\"description\":\"\",\"publisher\":{\"@id\":\"https:\\\/\\\/newsarovia.com\\\/#organization\"},\"potentialAction\":[{\"@type\":\"SearchAction\",\"target\":{\"@type\":\"EntryPoint\",\"urlTemplate\":\"https:\\\/\\\/newsarovia.com\\\/?s={search_term_string}\"},\"query-input\":{\"@type\":\"PropertyValueSpecification\",\"valueRequired\":true,\"valueName\":\"search_term_string\"}}],\"inLanguage\":\"pt-BR\"},{\"@type\":\"Organization\",\"@id\":\"https:\\\/\\\/newsarovia.com\\\/#organization\",\"name\":\"Gouverna do Seito Majis Imperial\",\"url\":\"https:\\\/\\\/newsarovia.com\\\/\",\"logo\":{\"@type\":\"ImageObject\",\"inLanguage\":\"pt-BR\",\"@id\":\"https:\\\/\\\/newsarovia.com\\\/#\\\/schema\\\/logo\\\/image\\\/\",\"url\":\"https:\\\/\\\/newsarovia.com\\\/wp-content\\\/uploads\\\/2025\\\/01\\\/Sarovia-Logo-Words.png\",\"contentUrl\":\"https:\\\/\\\/newsarovia.com\\\/wp-content\\\/uploads\\\/2025\\\/01\\\/Sarovia-Logo-Words.png\",\"width\":9985,\"height\":2274,\"caption\":\"Gouverna do Seito Majis Imperial\"},\"image\":{\"@id\":\"https:\\\/\\\/newsarovia.com\\\/#\\\/schema\\\/logo\\\/image\\\/\"}}]}<\/script>\n<!-- \/ Yoast SEO plugin. -->","yoast_head_json":{"title":"Registros P\u00fablicos Educacionais - SMI Gouverna","robots":{"index":"index","follow":"follow","max-snippet":"max-snippet:-1","max-image-preview":"max-image-preview:large","max-video-preview":"max-video-preview:-1"},"canonical":"https:\/\/newsarovia.com\/pt\/public-educational-records\/","og_locale":"pt_BR","og_type":"article","og_title":"[:en]Public Educational Records[:pt]Registros P\u00fablicos Educacionais[:] - SMI Gouverna","og_description":"Bem-vindo ao Portal de Registros P\u00fablicos Educacionais. Este portal oferece uma lista completa de formandos, tanto de institui\u00e7\u00f5es civis quanto militares. Tamb\u00e9m s\u00e3o especificados, quando aplic\u00e1vel, qual era a \u00e1rea de estudo do formando e quando se formou. Os formandos s\u00e3o classificados por institui\u00e7\u00e3o e, no caso de institui\u00e7\u00f5es civis, entre vivos e falecidos. Universette [&hellip;]","og_url":"https:\/\/newsarovia.com\/pt\/public-educational-records\/","og_site_name":"SMI Gouverna","article_modified_time":"2025-04-22T20:13:15+00:00","twitter_card":"summary_large_image","twitter_misc":{"Est. tempo de leitura":"1 minuto"},"schema":{"@context":"https:\/\/schema.org","@graph":[{"@type":"WebPage","@id":"https:\/\/newsarovia.com\/pt\/public-educational-records\/","url":"https:\/\/newsarovia.com\/pt\/public-educational-records\/","name":"Registros P\u00fablicos Educacionais","isPartOf":{"@id":"https:\/\/newsarovia.com\/#website"},"datePublished":"2025-04-10T18:00:37+00:00","dateModified":"2025-04-22T20:13:15+00:00","breadcrumb":{"@id":"https:\/\/newsarovia.com\/pt\/public-educational-records\/#breadcrumb"},"inLanguage":"pt-BR","potentialAction":[{"@type":"ReadAction","target":["https:\/\/newsarovia.com\/pt\/public-educational-records\/"]}]},{"@type":"BreadcrumbList","@id":"https:\/\/newsarovia.com\/pt\/public-educational-records\/#breadcrumb","itemListElement":[{"@type":"ListItem","position":1,"name":"Home","item":"https:\/\/newsarovia.com\/"},{"@type":"ListItem","position":2,"name":"Registros P\u00fablicos Educacionais"}]},{"@type":"WebSite","@id":"https:\/\/newsarovia.com\/#website","url":"https:\/\/newsarovia.com\/","name":"SMI Gouverna","description":"","publisher":{"@id":"https:\/\/newsarovia.com\/#organization"},"potentialAction":[{"@type":"SearchAction","target":{"@type":"EntryPoint","urlTemplate":"https:\/\/newsarovia.com\/?s={search_term_string}"},"query-input":{"@type":"PropertyValueSpecification","valueRequired":true,"valueName":"search_term_string"}}],"inLanguage":"pt-BR"},{"@type":"Organization","@id":"https:\/\/newsarovia.com\/#organization","name":"Gouverna do Seito Majis Imperial","url":"https:\/\/newsarovia.com\/","logo":{"@type":"ImageObject","inLanguage":"pt-BR","@id":"https:\/\/newsarovia.com\/#\/schema\/logo\/image\/","url":"https:\/\/newsarovia.com\/wp-content\/uploads\/2025\/01\/Sarovia-Logo-Words.png","contentUrl":"https:\/\/newsarovia.com\/wp-content\/uploads\/2025\/01\/Sarovia-Logo-Words.png","width":9985,"height":2274,"caption":"Gouverna do Seito Majis Imperial"},"image":{"@id":"https:\/\/newsarovia.com\/#\/schema\/logo\/image\/"}}]}},"_links":{"self":[{"href":"https:\/\/newsarovia.com\/pt\/wp-json\/wp\/v2\/pages\/2763","targetHints":{"allow":["GET"]}}],"collection":[{"href":"https:\/\/newsarovia.com\/pt\/wp-json\/wp\/v2\/pages"}],"about":[{"href":"https:\/\/newsarovia.com\/pt\/wp-json\/wp\/v2\/types\/page"}],"author":[{"embeddable":true,"href":"https:\/\/newsarovia.com\/pt\/wp-json\/wp\/v2\/users\/1"}],"replies":[{"embeddable":true,"href":"https:\/\/newsarovia.com\/pt\/wp-json\/wp\/v2\/comments?post=2763"}],"version-history":[{"count":3,"href":"https:\/\/newsarovia.com\/pt\/wp-json\/wp\/v2\/pages\/2763\/revisions"}],"predecessor-version":[{"id":3039,"href":"https:\/\/newsarovia.com\/pt\/wp-json\/wp\/v2\/pages\/2763\/revisions\/3039"}],"wp:attachment":[{"href":"https:\/\/newsarovia.com\/pt\/wp-json\/wp\/v2\/media?parent=2763"}],"curies":[{"name":"wp","href":"https:\/\/api.w.org\/{rel}","templated":true}]}}