{"id":2764,"date":"2025-04-10T18:01:19","date_gmt":"2025-04-10T18:01:19","guid":{"rendered":"https:\/\/newsarovia.com\/?page_id=2764"},"modified":"2025-04-22T20:25:31","modified_gmt":"2025-04-22T20:25:31","slug":"guidelines-for-private-colleges-and-universities","status":"publish","type":"page","link":"https:\/\/newsarovia.com\/pt\/guidelines-for-private-colleges-and-universities\/","title":{"rendered":"Diretrizes para Universidades Privados"},"content":{"rendered":"\n<p>Nova Sarovia se orgulha de ser um centro de aprendizado e, como tal, n\u00e3o apenas incentiva o aprendizado, mas tamb\u00e9m a dissemina\u00e7\u00e3o do conhecimento de cima para baixo. Por esse motivo, o Parlamento Imperial aprovou o <em><a href=\"https:\/\/newsarovia.com\/wp-content\/uploads\/2025\/03\/College-and-University-Standards-Act-of-321-AS-LUS.pdf\">Ato de Padr\u00f5es das Universidades<\/a><\/em> de 321 AS, permitindo que os Sarovianos criassem suas pr\u00f3prias <strong>universidades privadas<\/strong>, desde que seguissem uma lista de crit\u00e9rios estabelecida no Ato.<\/p>\n\n\n\n<p>Se tem interesse em criar uma universidade privada, recomendamos que leia o Ato na \u00edntegra e converse com o <em>Ministoro eui Eduache<\/em> sobre suas aspira\u00e7\u00f5es. Os crit\u00e9rios tamb\u00e9m est\u00e3o resumidos abaixo:<\/p>\n\n\n\n<ul class=\"wp-block-list\">\n<li><em>\u00c9 preciso obter uma licen\u00e7a no Ministe eui Eduache e pagar uma taxa.<\/em><\/li>\n\n\n\n<li><em>O candidato deve apresentar ao Governo cursos destinados, no m\u00ednimo, ao bacharelado. Cursos destinados ao mestrado e doutorado tamb\u00e9m podem ser apresentados, mas n\u00e3o s\u00e3o obrigat\u00f3rios.<\/em><\/li>\n\n\n\n<li><em>O candidato deve apresentar ao Governo um plano referente aos valores a serem pagos pelos novos alunos a t\u00edtulo de mensalidade na universidade privada.<\/em><\/li>\n\n\n\n<li><em>O candidato dever\u00e1 apresentar ao Governo os exames finais de cada curso.<\/em><\/li>\n\n\n\n<li><em>O candidato deve apresentar ao Governo um nome e uma estrutura de governan\u00e7a para a universidade privada, al\u00e9m de um plano de como a universidade permanecer\u00e1 ativa.<\/em><\/li>\n<\/ul>\n","protected":false},"excerpt":{"rendered":"<p>Nova Sarovia se orgulha de ser um centro de aprendizado e, como tal, n\u00e3o apenas incentiva o aprendizado, mas tamb\u00e9m a dissemina\u00e7\u00e3o do conhecimento de cima para baixo. Por esse motivo, o Parlamento Imperial aprovou o Ato de Padr\u00f5es das Universidades de 321 AS, permitindo que os Sarovianos criassem suas pr\u00f3prias universidades privadas, desde que [&hellip;]<\/p>\n","protected":false},"author":1,"featured_media":0,"parent":0,"menu_order":0,"comment_status":"closed","ping_status":"closed","template":"","meta":{"footnotes":""},"class_list":["post-2764","page","type-page","status-publish","hentry"],"yoast_head":"<!-- This site is optimized with the Yoast SEO plugin v27.3 - https:\/\/yoast.com\/product\/yoast-seo-wordpress\/ -->\n<title>Diretrizes para Universidades Privados - SMI Gouverna<\/title>\n<meta name=\"robots\" content=\"index, follow, max-snippet:-1, max-image-preview:large, max-video-preview:-1\" \/>\n<link rel=\"canonical\" href=\"https:\/\/newsarovia.com\/pt\/guidelines-for-private-colleges-and-universities\/\" \/>\n<meta property=\"og:locale\" content=\"pt_BR\" \/>\n<meta property=\"og:locale:alternate\" content=\"en_US\" \/>\n<meta property=\"og:type\" content=\"article\" \/>\n<meta property=\"og:title\" content=\"Diretrizes para Universidades Privados\" \/>\n<meta property=\"og:description\" content=\"Nova Sarovia se orgulha de ser um centro de aprendizado e, como tal, n\u00e3o apenas incentiva o aprendizado, mas tamb\u00e9m a dissemina\u00e7\u00e3o do conhecimento de cima para baixo. Por esse motivo, o Parlamento Imperial aprovou o Ato de Padr\u00f5es das Universidades de 321 AS, permitindo que os Sarovianos criassem suas pr\u00f3prias universidades privadas, desde que [&hellip;]\" \/>\n<meta property=\"og:url\" content=\"https:\/\/newsarovia.com\/pt\/guidelines-for-private-colleges-and-universities\/\" \/>\n<meta property=\"og:site_name\" content=\"SMI Gouverna\" \/>\n<meta property=\"article:modified_time\" content=\"2025-04-22T20:25:31+00:00\" \/>\n<meta name=\"twitter:card\" content=\"summary_large_image\" \/>\n<meta name=\"twitter:label1\" content=\"Est. tempo de leitura\" \/>\n\t<meta name=\"twitter:data1\" content=\"1 minuto\" \/>\n<script type=\"application\/ld+json\" class=\"yoast-schema-graph\">{\"@context\":\"https:\\\/\\\/schema.org\",\"@graph\":[{\"@type\":\"WebPage\",\"@id\":\"https:\\\/\\\/newsarovia.com\\\/pt\\\/guidelines-for-private-colleges-and-universities\\\/\",\"url\":\"https:\\\/\\\/newsarovia.com\\\/pt\\\/guidelines-for-private-colleges-and-universities\\\/\",\"name\":\"Diretrizes para Universidades Privados\",\"isPartOf\":{\"@id\":\"https:\\\/\\\/newsarovia.com\\\/#website\"},\"datePublished\":\"2025-04-10T18:01:19+00:00\",\"dateModified\":\"2025-04-22T20:25:31+00:00\",\"breadcrumb\":{\"@id\":\"https:\\\/\\\/newsarovia.com\\\/pt\\\/guidelines-for-private-colleges-and-universities\\\/#breadcrumb\"},\"inLanguage\":\"pt-BR\",\"potentialAction\":[{\"@type\":\"ReadAction\",\"target\":[\"https:\\\/\\\/newsarovia.com\\\/pt\\\/guidelines-for-private-colleges-and-universities\\\/\"]}]},{\"@type\":\"BreadcrumbList\",\"@id\":\"https:\\\/\\\/newsarovia.com\\\/pt\\\/guidelines-for-private-colleges-and-universities\\\/#breadcrumb\",\"itemListElement\":[{\"@type\":\"ListItem\",\"position\":1,\"name\":\"Home\",\"item\":\"https:\\\/\\\/newsarovia.com\\\/\"},{\"@type\":\"ListItem\",\"position\":2,\"name\":\"Diretrizes para Universidades Privados\"}]},{\"@type\":\"WebSite\",\"@id\":\"https:\\\/\\\/newsarovia.com\\\/#website\",\"url\":\"https:\\\/\\\/newsarovia.com\\\/\",\"name\":\"SMI Gouverna\",\"description\":\"\",\"publisher\":{\"@id\":\"https:\\\/\\\/newsarovia.com\\\/#organization\"},\"potentialAction\":[{\"@type\":\"SearchAction\",\"target\":{\"@type\":\"EntryPoint\",\"urlTemplate\":\"https:\\\/\\\/newsarovia.com\\\/?s={search_term_string}\"},\"query-input\":{\"@type\":\"PropertyValueSpecification\",\"valueRequired\":true,\"valueName\":\"search_term_string\"}}],\"inLanguage\":\"pt-BR\"},{\"@type\":\"Organization\",\"@id\":\"https:\\\/\\\/newsarovia.com\\\/#organization\",\"name\":\"Gouverna do Seito Majis Imperial\",\"url\":\"https:\\\/\\\/newsarovia.com\\\/\",\"logo\":{\"@type\":\"ImageObject\",\"inLanguage\":\"pt-BR\",\"@id\":\"https:\\\/\\\/newsarovia.com\\\/#\\\/schema\\\/logo\\\/image\\\/\",\"url\":\"https:\\\/\\\/newsarovia.com\\\/wp-content\\\/uploads\\\/2025\\\/01\\\/Sarovia-Logo-Words.png\",\"contentUrl\":\"https:\\\/\\\/newsarovia.com\\\/wp-content\\\/uploads\\\/2025\\\/01\\\/Sarovia-Logo-Words.png\",\"width\":9985,\"height\":2274,\"caption\":\"Gouverna do Seito Majis Imperial\"},\"image\":{\"@id\":\"https:\\\/\\\/newsarovia.com\\\/#\\\/schema\\\/logo\\\/image\\\/\"}}]}<\/script>\n<!-- \/ Yoast SEO plugin. -->","yoast_head_json":{"title":"Diretrizes para Universidades Privados - SMI Gouverna","robots":{"index":"index","follow":"follow","max-snippet":"max-snippet:-1","max-image-preview":"max-image-preview:large","max-video-preview":"max-video-preview:-1"},"canonical":"https:\/\/newsarovia.com\/pt\/guidelines-for-private-colleges-and-universities\/","og_locale":"pt_BR","og_type":"article","og_title":"[:en]Guidelines for Private Colleges and Universities[:pt]Diretrizes para Universidades Privados[:] - SMI Gouverna","og_description":"Nova Sarovia se orgulha de ser um centro de aprendizado e, como tal, n\u00e3o apenas incentiva o aprendizado, mas tamb\u00e9m a dissemina\u00e7\u00e3o do conhecimento de cima para baixo. Por esse motivo, o Parlamento Imperial aprovou o Ato de Padr\u00f5es das Universidades de 321 AS, permitindo que os Sarovianos criassem suas pr\u00f3prias universidades privadas, desde que [&hellip;]","og_url":"https:\/\/newsarovia.com\/pt\/guidelines-for-private-colleges-and-universities\/","og_site_name":"SMI Gouverna","article_modified_time":"2025-04-22T20:25:31+00:00","twitter_card":"summary_large_image","twitter_misc":{"Est. tempo de leitura":"1 minuto"},"schema":{"@context":"https:\/\/schema.org","@graph":[{"@type":"WebPage","@id":"https:\/\/newsarovia.com\/pt\/guidelines-for-private-colleges-and-universities\/","url":"https:\/\/newsarovia.com\/pt\/guidelines-for-private-colleges-and-universities\/","name":"Diretrizes para Universidades Privados","isPartOf":{"@id":"https:\/\/newsarovia.com\/#website"},"datePublished":"2025-04-10T18:01:19+00:00","dateModified":"2025-04-22T20:25:31+00:00","breadcrumb":{"@id":"https:\/\/newsarovia.com\/pt\/guidelines-for-private-colleges-and-universities\/#breadcrumb"},"inLanguage":"pt-BR","potentialAction":[{"@type":"ReadAction","target":["https:\/\/newsarovia.com\/pt\/guidelines-for-private-colleges-and-universities\/"]}]},{"@type":"BreadcrumbList","@id":"https:\/\/newsarovia.com\/pt\/guidelines-for-private-colleges-and-universities\/#breadcrumb","itemListElement":[{"@type":"ListItem","position":1,"name":"Home","item":"https:\/\/newsarovia.com\/"},{"@type":"ListItem","position":2,"name":"Diretrizes para Universidades Privados"}]},{"@type":"WebSite","@id":"https:\/\/newsarovia.com\/#website","url":"https:\/\/newsarovia.com\/","name":"SMI Gouverna","description":"","publisher":{"@id":"https:\/\/newsarovia.com\/#organization"},"potentialAction":[{"@type":"SearchAction","target":{"@type":"EntryPoint","urlTemplate":"https:\/\/newsarovia.com\/?s={search_term_string}"},"query-input":{"@type":"PropertyValueSpecification","valueRequired":true,"valueName":"search_term_string"}}],"inLanguage":"pt-BR"},{"@type":"Organization","@id":"https:\/\/newsarovia.com\/#organization","name":"Gouverna do Seito Majis Imperial","url":"https:\/\/newsarovia.com\/","logo":{"@type":"ImageObject","inLanguage":"pt-BR","@id":"https:\/\/newsarovia.com\/#\/schema\/logo\/image\/","url":"https:\/\/newsarovia.com\/wp-content\/uploads\/2025\/01\/Sarovia-Logo-Words.png","contentUrl":"https:\/\/newsarovia.com\/wp-content\/uploads\/2025\/01\/Sarovia-Logo-Words.png","width":9985,"height":2274,"caption":"Gouverna do Seito Majis Imperial"},"image":{"@id":"https:\/\/newsarovia.com\/#\/schema\/logo\/image\/"}}]}},"_links":{"self":[{"href":"https:\/\/newsarovia.com\/pt\/wp-json\/wp\/v2\/pages\/2764","targetHints":{"allow":["GET"]}}],"collection":[{"href":"https:\/\/newsarovia.com\/pt\/wp-json\/wp\/v2\/pages"}],"about":[{"href":"https:\/\/newsarovia.com\/pt\/wp-json\/wp\/v2\/types\/page"}],"author":[{"embeddable":true,"href":"https:\/\/newsarovia.com\/pt\/wp-json\/wp\/v2\/users\/1"}],"replies":[{"embeddable":true,"href":"https:\/\/newsarovia.com\/pt\/wp-json\/wp\/v2\/comments?post=2764"}],"version-history":[{"count":4,"href":"https:\/\/newsarovia.com\/pt\/wp-json\/wp\/v2\/pages\/2764\/revisions"}],"predecessor-version":[{"id":3045,"href":"https:\/\/newsarovia.com\/pt\/wp-json\/wp\/v2\/pages\/2764\/revisions\/3045"}],"wp:attachment":[{"href":"https:\/\/newsarovia.com\/pt\/wp-json\/wp\/v2\/media?parent=2764"}],"curies":[{"name":"wp","href":"https:\/\/api.w.org\/{rel}","templated":true}]}}