{"id":2770,"date":"2025-04-10T18:02:35","date_gmt":"2025-04-10T18:02:35","guid":{"rendered":"https:\/\/newsarovia.com\/?page_id=2770"},"modified":"2025-04-10T19:09:14","modified_gmt":"2025-04-10T19:09:14","slug":"sarovias-four-provinces","status":"publish","type":"page","link":"https:\/\/newsarovia.com\/pt\/sarovias-four-provinces\/","title":{"rendered":"As Quatro Prov\u00edncias"},"content":{"rendered":"\n<p>Nova Sarovia \u00e9 um estado federal com quatro prov\u00edncias e uma capital nacional, a Cidade de Sarholm. O <em>Ministe eui tel Provencos<\/em> cuida das prov\u00edncias, enquanto a Cidade tem seu pr\u00f3prio governo aut\u00f4nomo que se reporta diretamente ao Parlamento. Cada uma das quatro prov\u00edncias &#8211; <strong>Vurgos, Cuive, Preuze e Preuze Tella<\/strong> &#8211; est\u00e1 localizada na terra natal Saroviana, no continente de Estos, e cada uma delas tem uma hist\u00f3ria \u00fanica e marcante.<\/p>\n\n\n\n<p>A <strong>Prov\u00edncia de Vurgos<\/strong> \u00e9 uma das prov\u00edncias mais populosas de Sarovia e abriga muitas \u00e1reas residenciais. A capital da prov\u00edncia, a Cidade de Vurgos, \u00e9 a maior cidade de Estos continental e est\u00e1 repleta de atividades. A prov\u00edncia tamb\u00e9m abriga a cidade de Sarvium &#8211; antiga capital nacional antes de Sarholm &#8211; e a Cidade de Onnet, que abriga a maior parte da popula\u00e7\u00e3o minorit\u00e1ria de Oxerianos do Imp\u00e9rio. Enquanto isso, a <strong>Prov\u00edncia de Cuive<\/strong> \u00e9 uma pequena prov\u00edncia insular a oeste de Vurgos, mais famosa pela ilha de Delta &#8211; onde fica a capital da prov\u00edncia de mesmo nome &#8211; e pelo Forte Nassau, a maior fortifica\u00e7\u00e3o militar em Estos continental.<\/p>\n\n\n\n<p>A <strong>Prov\u00edncia de Preuze <\/strong>est\u00e1 localizada ao norte de Vurgos e Cuive. Sua capital provincial, Modisa, foi o local de muitas batalhas hist\u00f3ricas na hist\u00f3ria Saroviana e abriga um pr\u00f3spero setor de carpintaria. A prov\u00edncia tamb\u00e9m abriga as ru\u00ednas da <em>Linha Frederickiana<\/em>, uma s\u00e9rie de fortifica\u00e7\u00f5es militares de 2018. Por fim, ao norte de Preuze, a <strong>Prov\u00edncia de Preuze Tella<\/strong> (Preuze Superior) \u00e9 uma prov\u00edncia rural no extremo norte de Estos continental. H\u00e1 muito tempo ela \u00e9 a menos desenvolvida das prov\u00edncias, mas desde que Carolus XIII subiu ao trono, come\u00e7ou a se desenvolver significativamente, sediando feiras e eventos nacionais. Tamb\u00e9m \u00e9 o lar da ilha de Civis Magnus, que abriga o \u00fanico vulc\u00e3o ativo conhecido no mundo.<\/p>\n\n\n\n<h2 class=\"wp-block-heading has-primary-color has-text-color has-link-color wp-elements-19171f357fa130bd7c42201326445606\" style=\"font-size:clamp(22.041px, 1.378rem + ((1vw - 3.2px) * 1.586), 36px);\">Prov\u00edncias na Mapa<\/h2>\n\n\n\n<div class=\"wp-block-columns is-layout-flex wp-container-core-columns-is-layout-28f84493 wp-block-columns-is-layout-flex\">\n<div class=\"wp-block-column is-layout-flow wp-block-column-is-layout-flow\">\n<figure class=\"wp-block-image aligncenter size-large\"><img loading=\"lazy\" decoding=\"async\" width=\"1024\" height=\"714\" src=\"https:\/\/newsarovia.com\/wp-content\/uploads\/2025\/04\/image-1-1024x714.png\" alt=\"\" class=\"wp-image-2838\" srcset=\"https:\/\/newsarovia.com\/wp-content\/uploads\/2025\/04\/image-1-1024x714.png 1024w, https:\/\/newsarovia.com\/wp-content\/uploads\/2025\/04\/image-1-300x209.png 300w, https:\/\/newsarovia.com\/wp-content\/uploads\/2025\/04\/image-1-768x536.png 768w, https:\/\/newsarovia.com\/wp-content\/uploads\/2025\/04\/image-1-1536x1071.png 1536w, https:\/\/newsarovia.com\/wp-content\/uploads\/2025\/04\/image-1.png 1600w\" sizes=\"auto, (max-width: 1024px) 100vw, 1024px\" \/><\/figure>\n<\/div>\n<\/div>\n","protected":false},"excerpt":{"rendered":"<p>Nova Sarovia \u00e9 um estado federal com quatro prov\u00edncias e uma capital nacional, a Cidade de Sarholm. O Ministe eui tel Provencos cuida das prov\u00edncias, enquanto a Cidade tem seu pr\u00f3prio governo aut\u00f4nomo que se reporta diretamente ao Parlamento. Cada uma das quatro prov\u00edncias &#8211; Vurgos, Cuive, Preuze e Preuze Tella &#8211; est\u00e1 localizada na [&hellip;]<\/p>\n","protected":false},"author":1,"featured_media":0,"parent":0,"menu_order":0,"comment_status":"closed","ping_status":"closed","template":"","meta":{"footnotes":""},"class_list":["post-2770","page","type-page","status-publish","hentry"],"yoast_head":"<!-- This site is optimized with the Yoast SEO plugin v27.3 - https:\/\/yoast.com\/product\/yoast-seo-wordpress\/ -->\n<title>As Quatro Prov\u00edncias - SMI Gouverna<\/title>\n<meta name=\"robots\" content=\"index, follow, max-snippet:-1, max-image-preview:large, max-video-preview:-1\" \/>\n<link rel=\"canonical\" href=\"https:\/\/newsarovia.com\/pt\/sarovias-four-provinces\/\" \/>\n<meta property=\"og:locale\" content=\"pt_BR\" \/>\n<meta property=\"og:locale:alternate\" content=\"en_US\" \/>\n<meta property=\"og:type\" content=\"article\" \/>\n<meta property=\"og:title\" content=\"As Quatro Prov\u00edncias\" \/>\n<meta property=\"og:description\" content=\"Nova Sarovia \u00e9 um estado federal com quatro prov\u00edncias e uma capital nacional, a Cidade de Sarholm. O Ministe eui tel Provencos cuida das prov\u00edncias, enquanto a Cidade tem seu pr\u00f3prio governo aut\u00f4nomo que se reporta diretamente ao Parlamento. Cada uma das quatro prov\u00edncias &#8211; Vurgos, Cuive, Preuze e Preuze Tella &#8211; est\u00e1 localizada na [&hellip;]\" \/>\n<meta property=\"og:url\" content=\"https:\/\/newsarovia.com\/pt\/sarovias-four-provinces\/\" \/>\n<meta property=\"og:site_name\" content=\"SMI Gouverna\" \/>\n<meta property=\"article:modified_time\" content=\"2025-04-10T19:09:14+00:00\" \/>\n<meta property=\"og:image\" content=\"https:\/\/newsarovia.com\/wp-content\/uploads\/2025\/04\/image-1.png\" \/>\n\t<meta property=\"og:image:width\" content=\"1600\" \/>\n\t<meta property=\"og:image:height\" content=\"1116\" \/>\n\t<meta property=\"og:image:type\" content=\"image\/png\" \/>\n<meta name=\"twitter:card\" content=\"summary_large_image\" \/>\n<meta name=\"twitter:label1\" content=\"Est. tempo de leitura\" \/>\n\t<meta name=\"twitter:data1\" content=\"2 minutos\" \/>\n<script type=\"application\/ld+json\" class=\"yoast-schema-graph\">{\"@context\":\"https:\\\/\\\/schema.org\",\"@graph\":[{\"@type\":\"WebPage\",\"@id\":\"https:\\\/\\\/newsarovia.com\\\/sarovias-four-provinces\\\/\",\"url\":\"https:\\\/\\\/newsarovia.com\\\/sarovias-four-provinces\\\/\",\"name\":\"As Quatro Prov\u00edncias\",\"isPartOf\":{\"@id\":\"https:\\\/\\\/newsarovia.com\\\/#website\"},\"primaryImageOfPage\":{\"@id\":\"https:\\\/\\\/newsarovia.com\\\/sarovias-four-provinces\\\/#primaryimage\"},\"image\":{\"@id\":\"https:\\\/\\\/newsarovia.com\\\/sarovias-four-provinces\\\/#primaryimage\"},\"thumbnailUrl\":\"https:\\\/\\\/newsarovia.com\\\/wp-content\\\/uploads\\\/2025\\\/04\\\/image-1-1024x714.png\",\"datePublished\":\"2025-04-10T18:02:35+00:00\",\"dateModified\":\"2025-04-10T19:09:14+00:00\",\"breadcrumb\":{\"@id\":\"https:\\\/\\\/newsarovia.com\\\/sarovias-four-provinces\\\/#breadcrumb\"},\"inLanguage\":\"pt-BR\",\"potentialAction\":[{\"@type\":\"ReadAction\",\"target\":[\"https:\\\/\\\/newsarovia.com\\\/sarovias-four-provinces\\\/\"]}]},{\"@type\":\"ImageObject\",\"inLanguage\":\"pt-BR\",\"@id\":\"https:\\\/\\\/newsarovia.com\\\/sarovias-four-provinces\\\/#primaryimage\",\"url\":\"https:\\\/\\\/newsarovia.com\\\/wp-content\\\/uploads\\\/2025\\\/04\\\/image-1-1024x714.png\",\"contentUrl\":\"https:\\\/\\\/newsarovia.com\\\/wp-content\\\/uploads\\\/2025\\\/04\\\/image-1-1024x714.png\"},{\"@type\":\"BreadcrumbList\",\"@id\":\"https:\\\/\\\/newsarovia.com\\\/sarovias-four-provinces\\\/#breadcrumb\",\"itemListElement\":[{\"@type\":\"ListItem\",\"position\":1,\"name\":\"Home\",\"item\":\"https:\\\/\\\/newsarovia.com\\\/\"},{\"@type\":\"ListItem\",\"position\":2,\"name\":\"Sarovia&#8217;s Four Provinces\"}]},{\"@type\":\"WebSite\",\"@id\":\"https:\\\/\\\/newsarovia.com\\\/#website\",\"url\":\"https:\\\/\\\/newsarovia.com\\\/\",\"name\":\"SMI Gouverna\",\"description\":\"\",\"publisher\":{\"@id\":\"https:\\\/\\\/newsarovia.com\\\/#organization\"},\"potentialAction\":[{\"@type\":\"SearchAction\",\"target\":{\"@type\":\"EntryPoint\",\"urlTemplate\":\"https:\\\/\\\/newsarovia.com\\\/?s={search_term_string}\"},\"query-input\":{\"@type\":\"PropertyValueSpecification\",\"valueRequired\":true,\"valueName\":\"search_term_string\"}}],\"inLanguage\":\"pt-BR\"},{\"@type\":\"Organization\",\"@id\":\"https:\\\/\\\/newsarovia.com\\\/#organization\",\"name\":\"Gouverna do Seito Majis Imperial\",\"url\":\"https:\\\/\\\/newsarovia.com\\\/\",\"logo\":{\"@type\":\"ImageObject\",\"inLanguage\":\"pt-BR\",\"@id\":\"https:\\\/\\\/newsarovia.com\\\/#\\\/schema\\\/logo\\\/image\\\/\",\"url\":\"https:\\\/\\\/newsarovia.com\\\/wp-content\\\/uploads\\\/2025\\\/01\\\/Sarovia-Logo-Words.png\",\"contentUrl\":\"https:\\\/\\\/newsarovia.com\\\/wp-content\\\/uploads\\\/2025\\\/01\\\/Sarovia-Logo-Words.png\",\"width\":9985,\"height\":2274,\"caption\":\"Gouverna do Seito Majis Imperial\"},\"image\":{\"@id\":\"https:\\\/\\\/newsarovia.com\\\/#\\\/schema\\\/logo\\\/image\\\/\"}}]}<\/script>\n<!-- \/ Yoast SEO plugin. -->","yoast_head_json":{"title":"As Quatro Prov\u00edncias - SMI Gouverna","robots":{"index":"index","follow":"follow","max-snippet":"max-snippet:-1","max-image-preview":"max-image-preview:large","max-video-preview":"max-video-preview:-1"},"canonical":"https:\/\/newsarovia.com\/pt\/sarovias-four-provinces\/","og_locale":"pt_BR","og_type":"article","og_title":"[:en]Sarovia's Four Provinces[:pt]As Quatro Prov\u00edncias[:] - SMI Gouverna","og_description":"Nova Sarovia \u00e9 um estado federal com quatro prov\u00edncias e uma capital nacional, a Cidade de Sarholm. O Ministe eui tel Provencos cuida das prov\u00edncias, enquanto a Cidade tem seu pr\u00f3prio governo aut\u00f4nomo que se reporta diretamente ao Parlamento. Cada uma das quatro prov\u00edncias &#8211; Vurgos, Cuive, Preuze e Preuze Tella &#8211; est\u00e1 localizada na [&hellip;]","og_url":"https:\/\/newsarovia.com\/pt\/sarovias-four-provinces\/","og_site_name":"SMI Gouverna","article_modified_time":"2025-04-10T19:09:14+00:00","og_image":[{"width":1600,"height":1116,"url":"https:\/\/newsarovia.com\/wp-content\/uploads\/2025\/04\/image-1.png","type":"image\/png"}],"twitter_card":"summary_large_image","twitter_misc":{"Est. tempo de leitura":"2 minutos"},"schema":{"@context":"https:\/\/schema.org","@graph":[{"@type":"WebPage","@id":"https:\/\/newsarovia.com\/sarovias-four-provinces\/","url":"https:\/\/newsarovia.com\/sarovias-four-provinces\/","name":"As Quatro Prov\u00edncias","isPartOf":{"@id":"https:\/\/newsarovia.com\/#website"},"primaryImageOfPage":{"@id":"https:\/\/newsarovia.com\/sarovias-four-provinces\/#primaryimage"},"image":{"@id":"https:\/\/newsarovia.com\/sarovias-four-provinces\/#primaryimage"},"thumbnailUrl":"https:\/\/newsarovia.com\/wp-content\/uploads\/2025\/04\/image-1-1024x714.png","datePublished":"2025-04-10T18:02:35+00:00","dateModified":"2025-04-10T19:09:14+00:00","breadcrumb":{"@id":"https:\/\/newsarovia.com\/sarovias-four-provinces\/#breadcrumb"},"inLanguage":"pt-BR","potentialAction":[{"@type":"ReadAction","target":["https:\/\/newsarovia.com\/sarovias-four-provinces\/"]}]},{"@type":"ImageObject","inLanguage":"pt-BR","@id":"https:\/\/newsarovia.com\/sarovias-four-provinces\/#primaryimage","url":"https:\/\/newsarovia.com\/wp-content\/uploads\/2025\/04\/image-1-1024x714.png","contentUrl":"https:\/\/newsarovia.com\/wp-content\/uploads\/2025\/04\/image-1-1024x714.png"},{"@type":"BreadcrumbList","@id":"https:\/\/newsarovia.com\/sarovias-four-provinces\/#breadcrumb","itemListElement":[{"@type":"ListItem","position":1,"name":"Home","item":"https:\/\/newsarovia.com\/"},{"@type":"ListItem","position":2,"name":"Sarovia&#8217;s Four Provinces"}]},{"@type":"WebSite","@id":"https:\/\/newsarovia.com\/#website","url":"https:\/\/newsarovia.com\/","name":"SMI Gouverna","description":"","publisher":{"@id":"https:\/\/newsarovia.com\/#organization"},"potentialAction":[{"@type":"SearchAction","target":{"@type":"EntryPoint","urlTemplate":"https:\/\/newsarovia.com\/?s={search_term_string}"},"query-input":{"@type":"PropertyValueSpecification","valueRequired":true,"valueName":"search_term_string"}}],"inLanguage":"pt-BR"},{"@type":"Organization","@id":"https:\/\/newsarovia.com\/#organization","name":"Gouverna do Seito Majis Imperial","url":"https:\/\/newsarovia.com\/","logo":{"@type":"ImageObject","inLanguage":"pt-BR","@id":"https:\/\/newsarovia.com\/#\/schema\/logo\/image\/","url":"https:\/\/newsarovia.com\/wp-content\/uploads\/2025\/01\/Sarovia-Logo-Words.png","contentUrl":"https:\/\/newsarovia.com\/wp-content\/uploads\/2025\/01\/Sarovia-Logo-Words.png","width":9985,"height":2274,"caption":"Gouverna do Seito Majis Imperial"},"image":{"@id":"https:\/\/newsarovia.com\/#\/schema\/logo\/image\/"}}]}},"_links":{"self":[{"href":"https:\/\/newsarovia.com\/pt\/wp-json\/wp\/v2\/pages\/2770","targetHints":{"allow":["GET"]}}],"collection":[{"href":"https:\/\/newsarovia.com\/pt\/wp-json\/wp\/v2\/pages"}],"about":[{"href":"https:\/\/newsarovia.com\/pt\/wp-json\/wp\/v2\/types\/page"}],"author":[{"embeddable":true,"href":"https:\/\/newsarovia.com\/pt\/wp-json\/wp\/v2\/users\/1"}],"replies":[{"embeddable":true,"href":"https:\/\/newsarovia.com\/pt\/wp-json\/wp\/v2\/comments?post=2770"}],"version-history":[{"count":5,"href":"https:\/\/newsarovia.com\/pt\/wp-json\/wp\/v2\/pages\/2770\/revisions"}],"predecessor-version":[{"id":2842,"href":"https:\/\/newsarovia.com\/pt\/wp-json\/wp\/v2\/pages\/2770\/revisions\/2842"}],"wp:attachment":[{"href":"https:\/\/newsarovia.com\/pt\/wp-json\/wp\/v2\/media?parent=2770"}],"curies":[{"name":"wp","href":"https:\/\/api.w.org\/{rel}","templated":true}]}}