{"id":2771,"date":"2025-04-10T18:03:33","date_gmt":"2025-04-10T18:03:33","guid":{"rendered":"https:\/\/newsarovia.com\/?page_id=2771"},"modified":"2025-04-10T19:27:58","modified_gmt":"2025-04-10T19:27:58","slug":"political-structure-of-the-provinces","status":"publish","type":"page","link":"https:\/\/newsarovia.com\/pt\/political-structure-of-the-provinces\/","title":{"rendered":"Estrutura Political das Prov\u00edncias"},"content":{"rendered":"\n<p>As quatro prov\u00edncias de Nova Sarovia &#8211; <strong>Vurgos, Cuive, Preuze e Preuze Tella<\/strong> &#8211; possuem, cada uma, uma estrutura pol\u00edtica desenvolvida, considerada, em linhas gerais, como uma forma mais limitada do governo federal da cidade de Sarholm. Cada governo provincial \u00e9 organizado de acordo com o <em>Ato da Carta das Prov\u00edncias<\/em> de 311 AS e gira em torno de tr\u00eas unidades: a <strong>Lorde-Doiamera<\/strong>, a <strong>Assembelle Legeielle<\/strong> e o Servi\u00e7o do <strong>Ministoro-Leddor<\/strong>. Cada uma dessas entidades interage entre si de maneiras diferentes e importantes para garantir a manuten\u00e7\u00e3o de um bom governo em cada prov\u00edncia.<\/p>\n\n\n\n<p>O <strong>Lorde-Doiamera<\/strong>, ou <em>Lorde-Tenente<\/em>, geralmente um nobre ou uma nobre com um t\u00edtulo associado \u00e0 sua prov\u00edncia de origem, \u00e9 o \u201cchefe de estado\u201d de uma prov\u00edncia, nomeado diretamente por Sua Majestade Imperial, o Imperador, e representando-o, agindo em rela\u00e7\u00e3o a cada governo provincial de forma semelhante ao Soberano em n\u00edvel federal. Suas principais responsabilidades s\u00e3o convocar elei\u00e7\u00f5es para a prov\u00edncia e dar parecer favor\u00e1vel aos projetos de lei aprovados pelas Assembleias Legislativas. Os Lordes-Tenentes tamb\u00e9m concedem honras e condecora\u00e7\u00f5es a civis na prov\u00edncia.<\/p>\n\n\n\n<p>A <strong>Assembelle Legeielle<\/strong>, ou <em>Assembleia Legislativa<\/em>, \u00e9, como o nome sugere, o \u00f3rg\u00e3o legislativo de uma prov\u00edncia. As assembleias criam, por meio de debate e vota\u00e7\u00e3o democr\u00e1ticos, as <em>Ordenan\u00e7as Provinciais<\/em>. Essas s\u00e3o leis que determinam como a prov\u00edncia \u00e9 governada. Um MLA (Membro da Assembleia Legislativa) representa 15 membros de uma prov\u00edncia, o que significa que, dependendo do tamanho, algumas prov\u00edncias podem ter mais do que o m\u00ednimo de tr\u00eas MLAs. Os MLAs s\u00e3o eleitos de duas maneiras: por meio de uma elei\u00e7\u00e3o geral, em que toda a Assembleia \u00e9 dissolvida e todos os assentos s\u00e3o eleitos de uma s\u00f3 vez, ou por meio de uma elei\u00e7\u00e3o parcial, uma pesquisa de menor escala realizada para preencher um \u00fanico assento vago.<\/p>\n\n\n\n<p>Por fim, a aplica\u00e7\u00e3o cotidiana das Ordenan\u00e7as Provinciais \u00e9 responsabilidade do Servi\u00e7o do <strong>Ministoro-Leddor<\/strong>, ou <em>Ministro-Chefe<\/em>. O Ministro-Chefe \u00e9 um MLA eleito entre os membros da Assembleia Legislativa; ap\u00f3s as elei\u00e7\u00f5es gerais provinciais, todos os MLAs devem se reunir para votar em qual deles ter\u00e1 a confian\u00e7a da Assembleia &#8211; ou, em termos leigos, servir\u00e1 como um \u201cl\u00edder de equipe\u201d &#8211; e, como tal, se tornar\u00e1 o ministro-chefe. O Ministro-Chefe, de forma semelhante ao Primeiro-Ministro em n\u00edvel federal, tem autoridade total para aplicar as leis provinciais da forma que considerar adequada, dentro dos limites das leis provinciais e federais. Os Ministros-Chefes tamb\u00e9m podem nomear membros de sua prov\u00edncia para servir como funcion\u00e1rios provinciais e auxiliar na governan\u00e7a da prov\u00edncia, desde que isso seja respaldado por uma portaria.<\/p>\n\n\n\n<h2 class=\"wp-block-heading has-primary-color has-text-color has-link-color wp-elements-a161346542165a665f970e26ef881da6\" style=\"font-size:clamp(22.041px, 1.378rem + ((1vw - 3.2px) * 1.586), 36px);\">Provincial Governments<\/h2>\n\n\n\n<div class=\"wp-block-columns is-layout-flex wp-container-core-columns-is-layout-28f84493 wp-block-columns-is-layout-flex\">\n<div class=\"wp-block-column is-layout-flow wp-block-column-is-layout-flow\">\n<figure class=\"wp-block-image aligncenter size-large is-resized\"><img loading=\"lazy\" decoding=\"async\" width=\"1024\" height=\"1024\" src=\"https:\/\/newsarovia.com\/wp-content\/uploads\/2025\/04\/image-2-1024x1024.png\" alt=\"\" class=\"wp-image-2844\" style=\"width:307px;height:auto\" srcset=\"https:\/\/newsarovia.com\/wp-content\/uploads\/2025\/04\/image-2-1024x1024.png 1024w, https:\/\/newsarovia.com\/wp-content\/uploads\/2025\/04\/image-2-300x300.png 300w, https:\/\/newsarovia.com\/wp-content\/uploads\/2025\/04\/image-2-150x150.png 150w, https:\/\/newsarovia.com\/wp-content\/uploads\/2025\/04\/image-2-768x768.png 768w, https:\/\/newsarovia.com\/wp-content\/uploads\/2025\/04\/image-2-1536x1536.png 1536w, https:\/\/newsarovia.com\/wp-content\/uploads\/2025\/04\/image-2-2048x2048.png 2048w\" sizes=\"auto, (max-width: 1024px) 100vw, 1024px\" \/><\/figure>\n\n\n\n<h2 class=\"wp-block-heading has-text-align-center has-mono-2-color has-text-color has-link-color wp-elements-1224a9f0dc686beb3faa6709b9b96c49\" style=\"font-size:clamp(15.747px, 0.984rem + ((1vw - 3.2px) * 0.938), 24px);\">Provence eui Cuive<\/h2>\n\n\n\n<p><strong>CAPITAL:<\/strong> Delta<br><strong>LORDE-DOIAMERA:<\/strong> D. Itteus Kaine<br><strong>MINISTORO-LEDDOR:<\/strong> Caela Lyon<br><strong>MLAs:<\/strong><br>&#8211; Caela Lyon<br>&#8211; Beatrisa Casdaros<br>&#8211; Rora Permars<\/p>\n<\/div>\n\n\n\n<div class=\"wp-block-column is-layout-flow wp-block-column-is-layout-flow\">\n<figure class=\"wp-block-image aligncenter size-large is-resized\"><img loading=\"lazy\" decoding=\"async\" width=\"1024\" height=\"1024\" src=\"https:\/\/newsarovia.com\/wp-content\/uploads\/2025\/04\/image-4-1024x1024.png\" alt=\"\" class=\"wp-image-2846\" style=\"width:308px;height:auto\" srcset=\"https:\/\/newsarovia.com\/wp-content\/uploads\/2025\/04\/image-4-1024x1024.png 1024w, https:\/\/newsarovia.com\/wp-content\/uploads\/2025\/04\/image-4-300x300.png 300w, https:\/\/newsarovia.com\/wp-content\/uploads\/2025\/04\/image-4-150x150.png 150w, https:\/\/newsarovia.com\/wp-content\/uploads\/2025\/04\/image-4-768x768.png 768w, https:\/\/newsarovia.com\/wp-content\/uploads\/2025\/04\/image-4-1536x1536.png 1536w, https:\/\/newsarovia.com\/wp-content\/uploads\/2025\/04\/image-4-2048x2048.png 2048w\" sizes=\"auto, (max-width: 1024px) 100vw, 1024px\" \/><\/figure>\n\n\n\n<h2 class=\"wp-block-heading has-text-align-center has-mono-2-color has-text-color has-link-color wp-elements-230baefcee3834007be27a424f42964a\" style=\"font-size:clamp(15.747px, 0.984rem + ((1vw - 3.2px) * 0.938), 24px);\">Provence eui Vurgos<\/h2>\n\n\n\n<p><strong>CAPITAL:<\/strong> Cidade de Vurgos<br><strong>LORDE-DOIAMERA:<\/strong> D. Iafaros tel-Assalle<br><strong>MINISTORO-LEDDOR:<\/strong> Iosefe Atlas<br><strong>MLAs:<\/strong><br>&#8211; Iosefe Atlas<br>&#8211; Micaile Permars<br>&#8211; <em>VAGO<\/em><\/p>\n<\/div>\n<\/div>\n\n\n\n<div class=\"wp-block-columns is-layout-flex wp-container-core-columns-is-layout-28f84493 wp-block-columns-is-layout-flex\">\n<div class=\"wp-block-column is-layout-flow wp-block-column-is-layout-flow\">\n<figure class=\"wp-block-image aligncenter size-large is-resized\"><img loading=\"lazy\" decoding=\"async\" width=\"1024\" height=\"1024\" src=\"https:\/\/newsarovia.com\/wp-content\/uploads\/2025\/04\/image-3-1024x1024.png\" alt=\"\" class=\"wp-image-2845\" style=\"width:304px;height:auto\" srcset=\"https:\/\/newsarovia.com\/wp-content\/uploads\/2025\/04\/image-3-1024x1024.png 1024w, https:\/\/newsarovia.com\/wp-content\/uploads\/2025\/04\/image-3-300x300.png 300w, https:\/\/newsarovia.com\/wp-content\/uploads\/2025\/04\/image-3-150x150.png 150w, https:\/\/newsarovia.com\/wp-content\/uploads\/2025\/04\/image-3-768x768.png 768w, https:\/\/newsarovia.com\/wp-content\/uploads\/2025\/04\/image-3-1536x1536.png 1536w, https:\/\/newsarovia.com\/wp-content\/uploads\/2025\/04\/image-3-2048x2048.png 2048w\" sizes=\"auto, (max-width: 1024px) 100vw, 1024px\" \/><\/figure>\n\n\n\n<h2 class=\"wp-block-heading has-text-align-center has-mono-2-color has-text-color has-link-color wp-elements-5651dbc4ba50764e05751130dbde3fb7\" style=\"font-size:clamp(15.747px, 0.984rem + ((1vw - 3.2px) * 0.938), 24px);\">Provence eui Preuze<\/h2>\n\n\n\n<p><strong>CAPITAL:<\/strong> Modisa<br><strong>LORDE-DOIAMERA:<\/strong> Opalia Manalo<br><strong>MINISTORO-LEDDOR:<\/strong> Agustos Lyon<br><strong>MLAs:<\/strong><br>&#8211; Agustos Lyon<br>&#8211; Casjo Avietos<br>&#8211; Emila tel-Assalle<\/p>\n<\/div>\n\n\n\n<div class=\"wp-block-column is-layout-flow wp-block-column-is-layout-flow\">\n<figure class=\"wp-block-image aligncenter size-large is-resized\"><img loading=\"lazy\" decoding=\"async\" width=\"1024\" height=\"1024\" src=\"https:\/\/newsarovia.com\/wp-content\/uploads\/2025\/04\/image-5-1024x1024.png\" alt=\"\" class=\"wp-image-2847\" style=\"width:304px;height:auto\" srcset=\"https:\/\/newsarovia.com\/wp-content\/uploads\/2025\/04\/image-5-1024x1024.png 1024w, https:\/\/newsarovia.com\/wp-content\/uploads\/2025\/04\/image-5-300x300.png 300w, https:\/\/newsarovia.com\/wp-content\/uploads\/2025\/04\/image-5-150x150.png 150w, https:\/\/newsarovia.com\/wp-content\/uploads\/2025\/04\/image-5-768x768.png 768w, https:\/\/newsarovia.com\/wp-content\/uploads\/2025\/04\/image-5-1536x1536.png 1536w, https:\/\/newsarovia.com\/wp-content\/uploads\/2025\/04\/image-5-2048x2048.png 2048w\" sizes=\"auto, (max-width: 1024px) 100vw, 1024px\" \/><\/figure>\n\n\n\n<h2 class=\"wp-block-heading has-text-align-center has-mono-2-color has-text-color has-link-color wp-elements-57d485065bc8fd1be5f952979c00fcfc\" style=\"font-size:clamp(15.747px, 0.984rem + ((1vw - 3.2px) * 0.938), 24px);\">Provence eui Preuze Tella<\/h2>\n\n\n\n<p><strong>CAPITAL:<\/strong> Civis Magnus<br><strong>LORDE-DOIAMERA:<\/strong> D. Eduarde Vasa<br><strong>MINISTORO-LEDDOR:<\/strong> Sagella tel-Assalle<br><strong>MLAs:<\/strong><br>&#8211; Sagella tel-Assalle<br>&#8211; Willaina Lyon<br>&#8211; <em><em>VAGO<\/em><\/em><\/p>\n<\/div>\n<\/div>\n","protected":false},"excerpt":{"rendered":"<p>As quatro prov\u00edncias de Nova Sarovia &#8211; Vurgos, Cuive, Preuze e Preuze Tella &#8211; possuem, cada uma, uma estrutura pol\u00edtica desenvolvida, considerada, em linhas gerais, como uma forma mais limitada do governo federal da cidade de Sarholm. Cada governo provincial \u00e9 organizado de acordo com o Ato da Carta das Prov\u00edncias de 311 AS e [&hellip;]<\/p>\n","protected":false},"author":1,"featured_media":0,"parent":0,"menu_order":0,"comment_status":"closed","ping_status":"closed","template":"","meta":{"footnotes":""},"class_list":["post-2771","page","type-page","status-publish","hentry"],"yoast_head":"<!-- This site is optimized with the Yoast SEO plugin v27.3 - https:\/\/yoast.com\/product\/yoast-seo-wordpress\/ -->\n<title>Estrutura Political das Prov\u00edncias - SMI Gouverna<\/title>\n<meta name=\"robots\" content=\"index, follow, max-snippet:-1, max-image-preview:large, max-video-preview:-1\" \/>\n<link rel=\"canonical\" href=\"https:\/\/newsarovia.com\/pt\/political-structure-of-the-provinces\/\" \/>\n<meta property=\"og:locale\" content=\"pt_BR\" \/>\n<meta property=\"og:locale:alternate\" content=\"en_US\" \/>\n<meta property=\"og:type\" content=\"article\" \/>\n<meta property=\"og:title\" content=\"Estrutura Political das Prov\u00edncias\" \/>\n<meta property=\"og:description\" content=\"As quatro prov\u00edncias de Nova Sarovia &#8211; Vurgos, Cuive, Preuze e Preuze Tella &#8211; possuem, cada uma, uma estrutura pol\u00edtica desenvolvida, considerada, em linhas gerais, como uma forma mais limitada do governo federal da cidade de Sarholm. Cada governo provincial \u00e9 organizado de acordo com o Ato da Carta das Prov\u00edncias de 311 AS e [&hellip;]\" \/>\n<meta property=\"og:url\" content=\"https:\/\/newsarovia.com\/pt\/political-structure-of-the-provinces\/\" \/>\n<meta property=\"og:site_name\" content=\"SMI Gouverna\" \/>\n<meta property=\"article:modified_time\" content=\"2025-04-10T19:27:58+00:00\" \/>\n<meta property=\"og:image\" content=\"https:\/\/newsarovia.com\/wp-content\/uploads\/2025\/04\/image-2.png\" \/>\n\t<meta property=\"og:image:width\" content=\"5000\" \/>\n\t<meta property=\"og:image:height\" content=\"5000\" \/>\n\t<meta property=\"og:image:type\" content=\"image\/png\" \/>\n<meta name=\"twitter:card\" content=\"summary_large_image\" \/>\n<meta name=\"twitter:label1\" content=\"Est. tempo de leitura\" \/>\n\t<meta name=\"twitter:data1\" content=\"3 minutos\" \/>\n<script type=\"application\/ld+json\" class=\"yoast-schema-graph\">{\"@context\":\"https:\\\/\\\/schema.org\",\"@graph\":[{\"@type\":\"WebPage\",\"@id\":\"https:\\\/\\\/newsarovia.com\\\/pt\\\/political-structure-of-the-provinces\\\/\",\"url\":\"https:\\\/\\\/newsarovia.com\\\/pt\\\/political-structure-of-the-provinces\\\/\",\"name\":\"Estrutura Political das Prov\u00edncias\",\"isPartOf\":{\"@id\":\"https:\\\/\\\/newsarovia.com\\\/#website\"},\"primaryImageOfPage\":{\"@id\":\"https:\\\/\\\/newsarovia.com\\\/pt\\\/political-structure-of-the-provinces\\\/#primaryimage\"},\"image\":{\"@id\":\"https:\\\/\\\/newsarovia.com\\\/pt\\\/political-structure-of-the-provinces\\\/#primaryimage\"},\"thumbnailUrl\":\"https:\\\/\\\/newsarovia.com\\\/wp-content\\\/uploads\\\/2025\\\/04\\\/image-2-1024x1024.png\",\"datePublished\":\"2025-04-10T18:03:33+00:00\",\"dateModified\":\"2025-04-10T19:27:58+00:00\",\"breadcrumb\":{\"@id\":\"https:\\\/\\\/newsarovia.com\\\/pt\\\/political-structure-of-the-provinces\\\/#breadcrumb\"},\"inLanguage\":\"pt-BR\",\"potentialAction\":[{\"@type\":\"ReadAction\",\"target\":[\"https:\\\/\\\/newsarovia.com\\\/pt\\\/political-structure-of-the-provinces\\\/\"]}]},{\"@type\":\"ImageObject\",\"inLanguage\":\"pt-BR\",\"@id\":\"https:\\\/\\\/newsarovia.com\\\/pt\\\/political-structure-of-the-provinces\\\/#primaryimage\",\"url\":\"https:\\\/\\\/newsarovia.com\\\/wp-content\\\/uploads\\\/2025\\\/04\\\/image-2-1024x1024.png\",\"contentUrl\":\"https:\\\/\\\/newsarovia.com\\\/wp-content\\\/uploads\\\/2025\\\/04\\\/image-2-1024x1024.png\"},{\"@type\":\"BreadcrumbList\",\"@id\":\"https:\\\/\\\/newsarovia.com\\\/pt\\\/political-structure-of-the-provinces\\\/#breadcrumb\",\"itemListElement\":[{\"@type\":\"ListItem\",\"position\":1,\"name\":\"Home\",\"item\":\"https:\\\/\\\/newsarovia.com\\\/\"},{\"@type\":\"ListItem\",\"position\":2,\"name\":\"Estrutura Political das Prov\u00edncias\"}]},{\"@type\":\"WebSite\",\"@id\":\"https:\\\/\\\/newsarovia.com\\\/#website\",\"url\":\"https:\\\/\\\/newsarovia.com\\\/\",\"name\":\"SMI Gouverna\",\"description\":\"\",\"publisher\":{\"@id\":\"https:\\\/\\\/newsarovia.com\\\/#organization\"},\"potentialAction\":[{\"@type\":\"SearchAction\",\"target\":{\"@type\":\"EntryPoint\",\"urlTemplate\":\"https:\\\/\\\/newsarovia.com\\\/?s={search_term_string}\"},\"query-input\":{\"@type\":\"PropertyValueSpecification\",\"valueRequired\":true,\"valueName\":\"search_term_string\"}}],\"inLanguage\":\"pt-BR\"},{\"@type\":\"Organization\",\"@id\":\"https:\\\/\\\/newsarovia.com\\\/#organization\",\"name\":\"Gouverna do Seito Majis Imperial\",\"url\":\"https:\\\/\\\/newsarovia.com\\\/\",\"logo\":{\"@type\":\"ImageObject\",\"inLanguage\":\"pt-BR\",\"@id\":\"https:\\\/\\\/newsarovia.com\\\/#\\\/schema\\\/logo\\\/image\\\/\",\"url\":\"https:\\\/\\\/newsarovia.com\\\/wp-content\\\/uploads\\\/2025\\\/01\\\/Sarovia-Logo-Words.png\",\"contentUrl\":\"https:\\\/\\\/newsarovia.com\\\/wp-content\\\/uploads\\\/2025\\\/01\\\/Sarovia-Logo-Words.png\",\"width\":9985,\"height\":2274,\"caption\":\"Gouverna do Seito Majis Imperial\"},\"image\":{\"@id\":\"https:\\\/\\\/newsarovia.com\\\/#\\\/schema\\\/logo\\\/image\\\/\"}}]}<\/script>\n<!-- \/ Yoast SEO plugin. -->","yoast_head_json":{"title":"Estrutura Political das Prov\u00edncias - SMI Gouverna","robots":{"index":"index","follow":"follow","max-snippet":"max-snippet:-1","max-image-preview":"max-image-preview:large","max-video-preview":"max-video-preview:-1"},"canonical":"https:\/\/newsarovia.com\/pt\/political-structure-of-the-provinces\/","og_locale":"pt_BR","og_type":"article","og_title":"[:en]Political Structure of the Provinces[:pt]Estrutura Political das Prov\u00edncias[:] - SMI Gouverna","og_description":"As quatro prov\u00edncias de Nova Sarovia &#8211; Vurgos, Cuive, Preuze e Preuze Tella &#8211; possuem, cada uma, uma estrutura pol\u00edtica desenvolvida, considerada, em linhas gerais, como uma forma mais limitada do governo federal da cidade de Sarholm. Cada governo provincial \u00e9 organizado de acordo com o Ato da Carta das Prov\u00edncias de 311 AS e [&hellip;]","og_url":"https:\/\/newsarovia.com\/pt\/political-structure-of-the-provinces\/","og_site_name":"SMI Gouverna","article_modified_time":"2025-04-10T19:27:58+00:00","og_image":[{"width":5000,"height":5000,"url":"https:\/\/newsarovia.com\/wp-content\/uploads\/2025\/04\/image-2.png","type":"image\/png"}],"twitter_card":"summary_large_image","twitter_misc":{"Est. tempo de leitura":"3 minutos"},"schema":{"@context":"https:\/\/schema.org","@graph":[{"@type":"WebPage","@id":"https:\/\/newsarovia.com\/pt\/political-structure-of-the-provinces\/","url":"https:\/\/newsarovia.com\/pt\/political-structure-of-the-provinces\/","name":"Estrutura Political das Prov\u00edncias","isPartOf":{"@id":"https:\/\/newsarovia.com\/#website"},"primaryImageOfPage":{"@id":"https:\/\/newsarovia.com\/pt\/political-structure-of-the-provinces\/#primaryimage"},"image":{"@id":"https:\/\/newsarovia.com\/pt\/political-structure-of-the-provinces\/#primaryimage"},"thumbnailUrl":"https:\/\/newsarovia.com\/wp-content\/uploads\/2025\/04\/image-2-1024x1024.png","datePublished":"2025-04-10T18:03:33+00:00","dateModified":"2025-04-10T19:27:58+00:00","breadcrumb":{"@id":"https:\/\/newsarovia.com\/pt\/political-structure-of-the-provinces\/#breadcrumb"},"inLanguage":"pt-BR","potentialAction":[{"@type":"ReadAction","target":["https:\/\/newsarovia.com\/pt\/political-structure-of-the-provinces\/"]}]},{"@type":"ImageObject","inLanguage":"pt-BR","@id":"https:\/\/newsarovia.com\/pt\/political-structure-of-the-provinces\/#primaryimage","url":"https:\/\/newsarovia.com\/wp-content\/uploads\/2025\/04\/image-2-1024x1024.png","contentUrl":"https:\/\/newsarovia.com\/wp-content\/uploads\/2025\/04\/image-2-1024x1024.png"},{"@type":"BreadcrumbList","@id":"https:\/\/newsarovia.com\/pt\/political-structure-of-the-provinces\/#breadcrumb","itemListElement":[{"@type":"ListItem","position":1,"name":"Home","item":"https:\/\/newsarovia.com\/"},{"@type":"ListItem","position":2,"name":"Estrutura Political das Prov\u00edncias"}]},{"@type":"WebSite","@id":"https:\/\/newsarovia.com\/#website","url":"https:\/\/newsarovia.com\/","name":"SMI Gouverna","description":"","publisher":{"@id":"https:\/\/newsarovia.com\/#organization"},"potentialAction":[{"@type":"SearchAction","target":{"@type":"EntryPoint","urlTemplate":"https:\/\/newsarovia.com\/?s={search_term_string}"},"query-input":{"@type":"PropertyValueSpecification","valueRequired":true,"valueName":"search_term_string"}}],"inLanguage":"pt-BR"},{"@type":"Organization","@id":"https:\/\/newsarovia.com\/#organization","name":"Gouverna do Seito Majis Imperial","url":"https:\/\/newsarovia.com\/","logo":{"@type":"ImageObject","inLanguage":"pt-BR","@id":"https:\/\/newsarovia.com\/#\/schema\/logo\/image\/","url":"https:\/\/newsarovia.com\/wp-content\/uploads\/2025\/01\/Sarovia-Logo-Words.png","contentUrl":"https:\/\/newsarovia.com\/wp-content\/uploads\/2025\/01\/Sarovia-Logo-Words.png","width":9985,"height":2274,"caption":"Gouverna do Seito Majis Imperial"},"image":{"@id":"https:\/\/newsarovia.com\/#\/schema\/logo\/image\/"}}]}},"_links":{"self":[{"href":"https:\/\/newsarovia.com\/pt\/wp-json\/wp\/v2\/pages\/2771","targetHints":{"allow":["GET"]}}],"collection":[{"href":"https:\/\/newsarovia.com\/pt\/wp-json\/wp\/v2\/pages"}],"about":[{"href":"https:\/\/newsarovia.com\/pt\/wp-json\/wp\/v2\/types\/page"}],"author":[{"embeddable":true,"href":"https:\/\/newsarovia.com\/pt\/wp-json\/wp\/v2\/users\/1"}],"replies":[{"embeddable":true,"href":"https:\/\/newsarovia.com\/pt\/wp-json\/wp\/v2\/comments?post=2771"}],"version-history":[{"count":4,"href":"https:\/\/newsarovia.com\/pt\/wp-json\/wp\/v2\/pages\/2771\/revisions"}],"predecessor-version":[{"id":2852,"href":"https:\/\/newsarovia.com\/pt\/wp-json\/wp\/v2\/pages\/2771\/revisions\/2852"}],"wp:attachment":[{"href":"https:\/\/newsarovia.com\/pt\/wp-json\/wp\/v2\/media?parent=2771"}],"curies":[{"name":"wp","href":"https:\/\/api.w.org\/{rel}","templated":true}]}}