{"id":2772,"date":"2025-04-10T18:03:52","date_gmt":"2025-04-10T18:03:52","guid":{"rendered":"https:\/\/newsarovia.com\/?page_id=2772"},"modified":"2025-04-11T03:45:48","modified_gmt":"2025-04-11T03:45:48","slug":"federal-and-provincial-responsibilities","status":"publish","type":"page","link":"https:\/\/newsarovia.com\/pt\/federal-and-provincial-responsibilities\/","title":{"rendered":"Responsabilidades Federais e Provinciais"},"content":{"rendered":"\n<p>De acordo com o <em>Ato da Carta das Prov\u00edncias<\/em> de 311 AS, que estabeleceu o sistema provincial saroviano moderno, as prov\u00edncias possuem poderes espec\u00edficos enumerados. \u00c9 responsabilidade dos governos provinciais aprovar e fazer cumprir as Ordenan\u00e7as Provinciais que abrangem esses assuntos. S\u00e3o elas:<\/p>\n\n\n\n<ol class=\"wp-block-list\">\n<li>Formula\u00e7\u00e3o e aplica\u00e7\u00e3o de leis eleitorais provinciais, garantindo processos eleitorais justos, transparentes e democr\u00e1ticos dentro dos limites da lei.<\/li>\n\n\n\n<li>Defender e proteger os direitos humanos de todos os indiv\u00edduos em cada prov\u00edncia, garantindo igualdade, dignidade e aus\u00eancia de discrimina\u00e7\u00e3o.<\/li>\n\n\n\n<li>Estabelecer, se for considerado necess\u00e1rio, um guild tag provincial no jogo, supervisionada e mantida pelo ministro-chefe e anfitri\u00e3 de atividades sociais provinciais planejadas e organizadas pelo governo provincial.<\/li>\n\n\n\n<li>Organizar e gerenciar eventos e festivais para feriados provinciais e federais, bem como criar e celebrar tradi\u00e7\u00f5es e patrim\u00f4nios locais.<\/li>\n\n\n\n<li>Instituir e cobrar impostos provinciais e administrar or\u00e7amentos provinciais para promover o desenvolvimento socioecon\u00f4mico e o bem-estar.<\/li>\n\n\n\n<li>Exercer jurisdi\u00e7\u00e3o parcial sobre assuntos educacionais em conjunto com o <em>Ministe eui Eduache<\/em> federal, incluindo, entre outros, a colabora\u00e7\u00e3o no estabelecimento e na aplica\u00e7\u00e3o de curr\u00edculos educacionais provinciais.<\/li>\n\n\n\n<li>Estabelecer, regulamentar e supervisionar as for\u00e7as policiais respons\u00e1veis pela manuten\u00e7\u00e3o da lei e da ordem, operando de acordo com as leis provinciais e federais e de acordo com o consentimento do Constabul\u00e1rio Imperial Saroviano.<\/li>\n\n\n\n<li>Reconhecer e proteger os direitos de propriedade nas prov\u00edncias, salvaguardando os direitos dos indiv\u00edduos de possuir e utilizar a propriedade legalmente.<\/li>\n\n\n\n<li>Gerenciar e regulamentar a utiliza\u00e7\u00e3o de recursos naturais nas prov\u00edncias de acordo com a <em>Declara\u00e7\u00e3o de Leda<\/em>, o pacto sobre a natureza e o valor dos recursos naturais aceito em toda a Comunidade Saroviana.<\/li>\n\n\n\n<li>Estabelecer e\/ou reconhecer corpora\u00e7\u00f5es e promover a atividade econ\u00f4mica nas prov\u00edncias.<\/li>\n<\/ol>\n\n\n\n<p>\u00c9 dentro dessa esfera que o <em>Ministe eui tel Provencos<\/em> desempenha a maior parte de suas fun\u00e7\u00f5es, atuando como um elo entre o governo federal e os governos provinciais. Ele garante que os governos provinciais estejam ativamente aplicando e criando ordenan\u00e7as, fornece orienta\u00e7\u00e3o federal e atua como um c\u00e3o de guarda para garantir que nenhuma portaria provincial seja contr\u00e1ria \u00e0 lei federal. No caso de haver um conflito entre a lei provincial e a federal, o <em>Ato da Carta das Prov\u00edncias<\/em> autoriza o <em>Ministoro eui tel Provencos<\/em> a vetar qualquer decreto a qualquer momento e por qualquer motivo, desde que o veto seja promulgado por <em>Rozirre-da-Conseili.<\/em><\/p>\n","protected":false},"excerpt":{"rendered":"<p>De acordo com o Ato da Carta das Prov\u00edncias de 311 AS, que estabeleceu o sistema provincial saroviano moderno, as prov\u00edncias possuem poderes espec\u00edficos enumerados. \u00c9 responsabilidade dos governos provinciais aprovar e fazer cumprir as Ordenan\u00e7as Provinciais que abrangem esses assuntos. S\u00e3o elas: \u00c9 dentro dessa esfera que o Ministe eui tel Provencos desempenha a [&hellip;]<\/p>\n","protected":false},"author":1,"featured_media":0,"parent":0,"menu_order":0,"comment_status":"closed","ping_status":"closed","template":"","meta":{"footnotes":""},"class_list":["post-2772","page","type-page","status-publish","hentry"],"yoast_head":"<!-- This site is optimized with the Yoast SEO plugin v27.3 - https:\/\/yoast.com\/product\/yoast-seo-wordpress\/ -->\n<title>Responsabilidades Federais e Provinciais - SMI Gouverna<\/title>\n<meta name=\"robots\" content=\"index, follow, max-snippet:-1, max-image-preview:large, max-video-preview:-1\" \/>\n<link rel=\"canonical\" href=\"https:\/\/newsarovia.com\/pt\/federal-and-provincial-responsibilities\/\" \/>\n<meta property=\"og:locale\" content=\"pt_BR\" \/>\n<meta property=\"og:locale:alternate\" content=\"en_US\" \/>\n<meta property=\"og:type\" content=\"article\" \/>\n<meta property=\"og:title\" content=\"Responsabilidades Federais e Provinciais\" \/>\n<meta property=\"og:description\" content=\"De acordo com o Ato da Carta das Prov\u00edncias de 311 AS, que estabeleceu o sistema provincial saroviano moderno, as prov\u00edncias possuem poderes espec\u00edficos enumerados. \u00c9 responsabilidade dos governos provinciais aprovar e fazer cumprir as Ordenan\u00e7as Provinciais que abrangem esses assuntos. S\u00e3o elas: \u00c9 dentro dessa esfera que o Ministe eui tel Provencos desempenha a [&hellip;]\" \/>\n<meta property=\"og:url\" content=\"https:\/\/newsarovia.com\/pt\/federal-and-provincial-responsibilities\/\" \/>\n<meta property=\"og:site_name\" content=\"SMI Gouverna\" \/>\n<meta property=\"article:modified_time\" content=\"2025-04-11T03:45:48+00:00\" \/>\n<meta name=\"twitter:card\" content=\"summary_large_image\" \/>\n<meta name=\"twitter:label1\" content=\"Est. tempo de leitura\" \/>\n\t<meta name=\"twitter:data1\" content=\"2 minutos\" \/>\n<script type=\"application\/ld+json\" class=\"yoast-schema-graph\">{\"@context\":\"https:\\\/\\\/schema.org\",\"@graph\":[{\"@type\":\"WebPage\",\"@id\":\"https:\\\/\\\/newsarovia.com\\\/pt\\\/federal-and-provincial-responsibilities\\\/\",\"url\":\"https:\\\/\\\/newsarovia.com\\\/pt\\\/federal-and-provincial-responsibilities\\\/\",\"name\":\"Responsabilidades Federais e Provinciais\",\"isPartOf\":{\"@id\":\"https:\\\/\\\/newsarovia.com\\\/#website\"},\"datePublished\":\"2025-04-10T18:03:52+00:00\",\"dateModified\":\"2025-04-11T03:45:48+00:00\",\"breadcrumb\":{\"@id\":\"https:\\\/\\\/newsarovia.com\\\/pt\\\/federal-and-provincial-responsibilities\\\/#breadcrumb\"},\"inLanguage\":\"pt-BR\",\"potentialAction\":[{\"@type\":\"ReadAction\",\"target\":[\"https:\\\/\\\/newsarovia.com\\\/pt\\\/federal-and-provincial-responsibilities\\\/\"]}]},{\"@type\":\"BreadcrumbList\",\"@id\":\"https:\\\/\\\/newsarovia.com\\\/pt\\\/federal-and-provincial-responsibilities\\\/#breadcrumb\",\"itemListElement\":[{\"@type\":\"ListItem\",\"position\":1,\"name\":\"Home\",\"item\":\"https:\\\/\\\/newsarovia.com\\\/\"},{\"@type\":\"ListItem\",\"position\":2,\"name\":\"Responsabilidades Federais e Provinciais\"}]},{\"@type\":\"WebSite\",\"@id\":\"https:\\\/\\\/newsarovia.com\\\/#website\",\"url\":\"https:\\\/\\\/newsarovia.com\\\/\",\"name\":\"SMI Gouverna\",\"description\":\"\",\"publisher\":{\"@id\":\"https:\\\/\\\/newsarovia.com\\\/#organization\"},\"potentialAction\":[{\"@type\":\"SearchAction\",\"target\":{\"@type\":\"EntryPoint\",\"urlTemplate\":\"https:\\\/\\\/newsarovia.com\\\/?s={search_term_string}\"},\"query-input\":{\"@type\":\"PropertyValueSpecification\",\"valueRequired\":true,\"valueName\":\"search_term_string\"}}],\"inLanguage\":\"pt-BR\"},{\"@type\":\"Organization\",\"@id\":\"https:\\\/\\\/newsarovia.com\\\/#organization\",\"name\":\"Gouverna do Seito Majis Imperial\",\"url\":\"https:\\\/\\\/newsarovia.com\\\/\",\"logo\":{\"@type\":\"ImageObject\",\"inLanguage\":\"pt-BR\",\"@id\":\"https:\\\/\\\/newsarovia.com\\\/#\\\/schema\\\/logo\\\/image\\\/\",\"url\":\"https:\\\/\\\/newsarovia.com\\\/wp-content\\\/uploads\\\/2025\\\/01\\\/Sarovia-Logo-Words.png\",\"contentUrl\":\"https:\\\/\\\/newsarovia.com\\\/wp-content\\\/uploads\\\/2025\\\/01\\\/Sarovia-Logo-Words.png\",\"width\":9985,\"height\":2274,\"caption\":\"Gouverna do Seito Majis Imperial\"},\"image\":{\"@id\":\"https:\\\/\\\/newsarovia.com\\\/#\\\/schema\\\/logo\\\/image\\\/\"}}]}<\/script>\n<!-- \/ Yoast SEO plugin. -->","yoast_head_json":{"title":"Responsabilidades Federais e Provinciais - SMI Gouverna","robots":{"index":"index","follow":"follow","max-snippet":"max-snippet:-1","max-image-preview":"max-image-preview:large","max-video-preview":"max-video-preview:-1"},"canonical":"https:\/\/newsarovia.com\/pt\/federal-and-provincial-responsibilities\/","og_locale":"pt_BR","og_type":"article","og_title":"[:en]Federal and Provincial Responsibilities[:pt]Responsabilidades Federais e Provinciais[:] - SMI Gouverna","og_description":"De acordo com o Ato da Carta das Prov\u00edncias de 311 AS, que estabeleceu o sistema provincial saroviano moderno, as prov\u00edncias possuem poderes espec\u00edficos enumerados. \u00c9 responsabilidade dos governos provinciais aprovar e fazer cumprir as Ordenan\u00e7as Provinciais que abrangem esses assuntos. S\u00e3o elas: \u00c9 dentro dessa esfera que o Ministe eui tel Provencos desempenha a [&hellip;]","og_url":"https:\/\/newsarovia.com\/pt\/federal-and-provincial-responsibilities\/","og_site_name":"SMI Gouverna","article_modified_time":"2025-04-11T03:45:48+00:00","twitter_card":"summary_large_image","twitter_misc":{"Est. tempo de leitura":"2 minutos"},"schema":{"@context":"https:\/\/schema.org","@graph":[{"@type":"WebPage","@id":"https:\/\/newsarovia.com\/pt\/federal-and-provincial-responsibilities\/","url":"https:\/\/newsarovia.com\/pt\/federal-and-provincial-responsibilities\/","name":"Responsabilidades Federais e Provinciais","isPartOf":{"@id":"https:\/\/newsarovia.com\/#website"},"datePublished":"2025-04-10T18:03:52+00:00","dateModified":"2025-04-11T03:45:48+00:00","breadcrumb":{"@id":"https:\/\/newsarovia.com\/pt\/federal-and-provincial-responsibilities\/#breadcrumb"},"inLanguage":"pt-BR","potentialAction":[{"@type":"ReadAction","target":["https:\/\/newsarovia.com\/pt\/federal-and-provincial-responsibilities\/"]}]},{"@type":"BreadcrumbList","@id":"https:\/\/newsarovia.com\/pt\/federal-and-provincial-responsibilities\/#breadcrumb","itemListElement":[{"@type":"ListItem","position":1,"name":"Home","item":"https:\/\/newsarovia.com\/"},{"@type":"ListItem","position":2,"name":"Responsabilidades Federais e Provinciais"}]},{"@type":"WebSite","@id":"https:\/\/newsarovia.com\/#website","url":"https:\/\/newsarovia.com\/","name":"SMI Gouverna","description":"","publisher":{"@id":"https:\/\/newsarovia.com\/#organization"},"potentialAction":[{"@type":"SearchAction","target":{"@type":"EntryPoint","urlTemplate":"https:\/\/newsarovia.com\/?s={search_term_string}"},"query-input":{"@type":"PropertyValueSpecification","valueRequired":true,"valueName":"search_term_string"}}],"inLanguage":"pt-BR"},{"@type":"Organization","@id":"https:\/\/newsarovia.com\/#organization","name":"Gouverna do Seito Majis Imperial","url":"https:\/\/newsarovia.com\/","logo":{"@type":"ImageObject","inLanguage":"pt-BR","@id":"https:\/\/newsarovia.com\/#\/schema\/logo\/image\/","url":"https:\/\/newsarovia.com\/wp-content\/uploads\/2025\/01\/Sarovia-Logo-Words.png","contentUrl":"https:\/\/newsarovia.com\/wp-content\/uploads\/2025\/01\/Sarovia-Logo-Words.png","width":9985,"height":2274,"caption":"Gouverna do Seito Majis Imperial"},"image":{"@id":"https:\/\/newsarovia.com\/#\/schema\/logo\/image\/"}}]}},"_links":{"self":[{"href":"https:\/\/newsarovia.com\/pt\/wp-json\/wp\/v2\/pages\/2772","targetHints":{"allow":["GET"]}}],"collection":[{"href":"https:\/\/newsarovia.com\/pt\/wp-json\/wp\/v2\/pages"}],"about":[{"href":"https:\/\/newsarovia.com\/pt\/wp-json\/wp\/v2\/types\/page"}],"author":[{"embeddable":true,"href":"https:\/\/newsarovia.com\/pt\/wp-json\/wp\/v2\/users\/1"}],"replies":[{"embeddable":true,"href":"https:\/\/newsarovia.com\/pt\/wp-json\/wp\/v2\/comments?post=2772"}],"version-history":[{"count":5,"href":"https:\/\/newsarovia.com\/pt\/wp-json\/wp\/v2\/pages\/2772\/revisions"}],"predecessor-version":[{"id":2856,"href":"https:\/\/newsarovia.com\/pt\/wp-json\/wp\/v2\/pages\/2772\/revisions\/2856"}],"wp:attachment":[{"href":"https:\/\/newsarovia.com\/pt\/wp-json\/wp\/v2\/media?parent=2772"}],"curies":[{"name":"wp","href":"https:\/\/api.w.org\/{rel}","templated":true}]}}