{"id":2773,"date":"2025-04-10T18:04:16","date_gmt":"2025-04-10T18:04:16","guid":{"rendered":"https:\/\/newsarovia.com\/?page_id=2773"},"modified":"2025-04-15T17:45:01","modified_gmt":"2025-04-15T17:45:01","slug":"provincial-holidays-honours-and-culture","status":"publish","type":"page","link":"https:\/\/newsarovia.com\/pt\/provincial-holidays-honours-and-culture\/","title":{"rendered":"Feriados, Honras, e Cultura Provinciais"},"content":{"rendered":"\n<p>De acordo com o <em>Ato da Carta das Prov\u00edncias<\/em> de 311 AS, que estabeleceu o moderno sistema provincial Saroviano, as prov\u00edncias <em>\u201cter\u00e3o a prerrogativa de organizar e administrar eventos, festivais e feriados provinciais e federais, celebrando as tradi\u00e7\u00f5es locais, o patrim\u00f4nio e a import\u00e2ncia hist\u00f3rica, enriquecendo a tape\u00e7aria cultural da prov\u00edncia\u201d<\/em>. Em particular, a lei afirma que \u201c<em>\u00e9 a responsabilidade das prov\u00edncias manter e defender suas respectivas culturas provinciais, incluindo o estabelecimento de feriados e eventos provinciais e a implementa\u00e7\u00e3o desses eventos<\/em>\u201d. Dessa forma, as prov\u00edncias estabeleceram &#8211; e comemoram &#8211; v\u00e1rios feriados por meio de uma variedade de m\u00e9todos festivos, incluindo, entre outros, eventos, concursos e outras atividades. Abaixo, voc\u00ea encontrar\u00e1 listas abrangentes de cada feriado provincial.<\/p>\n\n\n\n<h2 class=\"wp-block-heading has-primary-color has-text-color has-link-color wp-elements-a021db859f7f071875dfc9c38cc44a53\" style=\"font-size:clamp(22.041px, 1.378rem + ((1vw - 3.2px) * 1.586), 36px);\">Feriados Provinciais, Listados<\/h2>\n\n\n\n<div class=\"wp-block-columns is-layout-flex wp-container-core-columns-is-layout-28f84493 wp-block-columns-is-layout-flex\">\n<div class=\"wp-block-column is-layout-flow wp-block-column-is-layout-flow\">\n<h2 class=\"wp-block-heading has-mono-2-color has-text-color has-link-color wp-elements-70b5d18e12d08d4def830f06373e8e25\" style=\"font-size:clamp(15.747px, 0.984rem + ((1vw - 3.2px) * 0.938), 24px);\">Vurgos<\/h2>\n\n\n\n<ul class=\"wp-block-list\">\n<li><strong>Dia de Vurgos &#8211; 28 de Mar\u00e7o:<\/strong> Feriado em que os residentes da prov\u00edncia de Vurgos celebram sua prov\u00edncia e demonstram orgulho local. Historicamente, isso ocorre na forma de um concurso ou jogos p\u00fablicos.<\/li>\n<\/ul>\n\n\n\n<h2 class=\"wp-block-heading has-mono-2-color has-text-color has-link-color wp-elements-b650d000e4214187f752e9e89c24713f\" style=\"font-size:clamp(15.747px, 0.984rem + ((1vw - 3.2px) * 0.938), 24px);\">Cuive<\/h2>\n\n\n\n<ul class=\"wp-block-list\">\n<li><strong>Anivers\u00e1rio de Cuive&#8217;s Drift (tamb\u00e9m conhecido como Dia de Cuive) &#8211; 23 de Agosto:<\/strong> Um feriado que comemora a Batalha de Cuive&#8217;s Drift em 2017. Atualmente, tornou-se um feriado em que os residentes da Prov\u00edncia de Cuive celebram sua prov\u00edncia e demonstram orgulho local. Historicamente, isso tem assumido a forma de um servi\u00e7o memorial.<\/li>\n<\/ul>\n\n\n\n<h2 class=\"wp-block-heading has-mono-2-color has-text-color has-link-color wp-elements-05b77418f4c3ba27c437d5c3f5e88ddd\" style=\"font-size:clamp(15.747px, 0.984rem + ((1vw - 3.2px) * 0.938), 24px);\">Preuze<\/h2>\n\n\n\n<ul class=\"wp-block-list\">\n<li><strong>Dia de Preuze &#8211; 16 de Julho:<\/strong> Feriado em que os residentes da prov\u00edncia de Preuze celebram sua prov\u00edncia e demonstram orgulho local. Historicamente, isso ocorre na forma de um concurso ou jogos p\u00fablicos.<\/li>\n<\/ul>\n\n\n\n<h2 class=\"wp-block-heading has-mono-2-color has-text-color has-link-color wp-elements-f6f3873b34b09442caf64f30e85cbec0\" style=\"font-size:clamp(15.747px, 0.984rem + ((1vw - 3.2px) * 0.938), 24px);\">Preuze Tella<\/h2>\n\n\n\n<ul class=\"wp-block-list\">\n<li><strong>Dia de Preuze Tella &#8211; 21 de Setembro:<\/strong> Feriado em que os residentes da prov\u00edncia de Preuze Tella celebram sua prov\u00edncia e demonstram orgulho local. Historicamente, isso ocorre na forma de um concurso ou jogos p\u00fablicos.<\/li>\n<\/ul>\n<\/div>\n<\/div>\n","protected":false},"excerpt":{"rendered":"<p>De acordo com o Ato da Carta das Prov\u00edncias de 311 AS, que estabeleceu o moderno sistema provincial Saroviano, as prov\u00edncias \u201cter\u00e3o a prerrogativa de organizar e administrar eventos, festivais e feriados provinciais e federais, celebrando as tradi\u00e7\u00f5es locais, o patrim\u00f4nio e a import\u00e2ncia hist\u00f3rica, enriquecendo a tape\u00e7aria cultural da prov\u00edncia\u201d. Em particular, a lei [&hellip;]<\/p>\n","protected":false},"author":1,"featured_media":0,"parent":0,"menu_order":0,"comment_status":"closed","ping_status":"closed","template":"","meta":{"footnotes":""},"class_list":["post-2773","page","type-page","status-publish","hentry"],"yoast_head":"<!-- This site is optimized with the Yoast SEO plugin v27.3 - https:\/\/yoast.com\/product\/yoast-seo-wordpress\/ -->\n<title>Feriados, Honras, e Cultura Provinciais - SMI Gouverna<\/title>\n<meta name=\"robots\" content=\"index, follow, max-snippet:-1, max-image-preview:large, max-video-preview:-1\" \/>\n<link rel=\"canonical\" href=\"https:\/\/newsarovia.com\/pt\/provincial-holidays-honours-and-culture\/\" \/>\n<meta property=\"og:locale\" content=\"pt_BR\" \/>\n<meta property=\"og:locale:alternate\" content=\"en_US\" \/>\n<meta property=\"og:type\" content=\"article\" \/>\n<meta property=\"og:title\" content=\"Feriados, Honras, e Cultura Provinciais\" \/>\n<meta property=\"og:description\" content=\"De acordo com o Ato da Carta das Prov\u00edncias de 311 AS, que estabeleceu o moderno sistema provincial Saroviano, as prov\u00edncias \u201cter\u00e3o a prerrogativa de organizar e administrar eventos, festivais e feriados provinciais e federais, celebrando as tradi\u00e7\u00f5es locais, o patrim\u00f4nio e a import\u00e2ncia hist\u00f3rica, enriquecendo a tape\u00e7aria cultural da prov\u00edncia\u201d. Em particular, a lei [&hellip;]\" \/>\n<meta property=\"og:url\" content=\"https:\/\/newsarovia.com\/pt\/provincial-holidays-honours-and-culture\/\" \/>\n<meta property=\"og:site_name\" content=\"SMI Gouverna\" \/>\n<meta property=\"article:modified_time\" content=\"2025-04-15T17:45:01+00:00\" \/>\n<meta name=\"twitter:card\" content=\"summary_large_image\" \/>\n<meta name=\"twitter:label1\" content=\"Est. tempo de leitura\" \/>\n\t<meta name=\"twitter:data1\" content=\"2 minutos\" \/>\n<script type=\"application\/ld+json\" class=\"yoast-schema-graph\">{\"@context\":\"https:\\\/\\\/schema.org\",\"@graph\":[{\"@type\":\"WebPage\",\"@id\":\"https:\\\/\\\/newsarovia.com\\\/pt\\\/provincial-holidays-honours-and-culture\\\/\",\"url\":\"https:\\\/\\\/newsarovia.com\\\/pt\\\/provincial-holidays-honours-and-culture\\\/\",\"name\":\"Feriados, Honras, e Cultura Provinciais\",\"isPartOf\":{\"@id\":\"https:\\\/\\\/newsarovia.com\\\/#website\"},\"datePublished\":\"2025-04-10T18:04:16+00:00\",\"dateModified\":\"2025-04-15T17:45:01+00:00\",\"breadcrumb\":{\"@id\":\"https:\\\/\\\/newsarovia.com\\\/pt\\\/provincial-holidays-honours-and-culture\\\/#breadcrumb\"},\"inLanguage\":\"pt-BR\",\"potentialAction\":[{\"@type\":\"ReadAction\",\"target\":[\"https:\\\/\\\/newsarovia.com\\\/pt\\\/provincial-holidays-honours-and-culture\\\/\"]}]},{\"@type\":\"BreadcrumbList\",\"@id\":\"https:\\\/\\\/newsarovia.com\\\/pt\\\/provincial-holidays-honours-and-culture\\\/#breadcrumb\",\"itemListElement\":[{\"@type\":\"ListItem\",\"position\":1,\"name\":\"Home\",\"item\":\"https:\\\/\\\/newsarovia.com\\\/\"},{\"@type\":\"ListItem\",\"position\":2,\"name\":\"Feriados, Honras, e Cultura Provinciais\"}]},{\"@type\":\"WebSite\",\"@id\":\"https:\\\/\\\/newsarovia.com\\\/#website\",\"url\":\"https:\\\/\\\/newsarovia.com\\\/\",\"name\":\"SMI Gouverna\",\"description\":\"\",\"publisher\":{\"@id\":\"https:\\\/\\\/newsarovia.com\\\/#organization\"},\"potentialAction\":[{\"@type\":\"SearchAction\",\"target\":{\"@type\":\"EntryPoint\",\"urlTemplate\":\"https:\\\/\\\/newsarovia.com\\\/?s={search_term_string}\"},\"query-input\":{\"@type\":\"PropertyValueSpecification\",\"valueRequired\":true,\"valueName\":\"search_term_string\"}}],\"inLanguage\":\"pt-BR\"},{\"@type\":\"Organization\",\"@id\":\"https:\\\/\\\/newsarovia.com\\\/#organization\",\"name\":\"Gouverna do Seito Majis Imperial\",\"url\":\"https:\\\/\\\/newsarovia.com\\\/\",\"logo\":{\"@type\":\"ImageObject\",\"inLanguage\":\"pt-BR\",\"@id\":\"https:\\\/\\\/newsarovia.com\\\/#\\\/schema\\\/logo\\\/image\\\/\",\"url\":\"https:\\\/\\\/newsarovia.com\\\/wp-content\\\/uploads\\\/2025\\\/01\\\/Sarovia-Logo-Words.png\",\"contentUrl\":\"https:\\\/\\\/newsarovia.com\\\/wp-content\\\/uploads\\\/2025\\\/01\\\/Sarovia-Logo-Words.png\",\"width\":9985,\"height\":2274,\"caption\":\"Gouverna do Seito Majis Imperial\"},\"image\":{\"@id\":\"https:\\\/\\\/newsarovia.com\\\/#\\\/schema\\\/logo\\\/image\\\/\"}}]}<\/script>\n<!-- \/ Yoast SEO plugin. -->","yoast_head_json":{"title":"Feriados, Honras, e Cultura Provinciais - SMI Gouverna","robots":{"index":"index","follow":"follow","max-snippet":"max-snippet:-1","max-image-preview":"max-image-preview:large","max-video-preview":"max-video-preview:-1"},"canonical":"https:\/\/newsarovia.com\/pt\/provincial-holidays-honours-and-culture\/","og_locale":"pt_BR","og_type":"article","og_title":"[:en]Provincial Holidays, Honours, and Culture[:pt]Feriados, Honras, e Cultura Provinciais[:] - SMI Gouverna","og_description":"De acordo com o Ato da Carta das Prov\u00edncias de 311 AS, que estabeleceu o moderno sistema provincial Saroviano, as prov\u00edncias \u201cter\u00e3o a prerrogativa de organizar e administrar eventos, festivais e feriados provinciais e federais, celebrando as tradi\u00e7\u00f5es locais, o patrim\u00f4nio e a import\u00e2ncia hist\u00f3rica, enriquecendo a tape\u00e7aria cultural da prov\u00edncia\u201d. Em particular, a lei [&hellip;]","og_url":"https:\/\/newsarovia.com\/pt\/provincial-holidays-honours-and-culture\/","og_site_name":"SMI Gouverna","article_modified_time":"2025-04-15T17:45:01+00:00","twitter_card":"summary_large_image","twitter_misc":{"Est. tempo de leitura":"2 minutos"},"schema":{"@context":"https:\/\/schema.org","@graph":[{"@type":"WebPage","@id":"https:\/\/newsarovia.com\/pt\/provincial-holidays-honours-and-culture\/","url":"https:\/\/newsarovia.com\/pt\/provincial-holidays-honours-and-culture\/","name":"Feriados, Honras, e Cultura Provinciais","isPartOf":{"@id":"https:\/\/newsarovia.com\/#website"},"datePublished":"2025-04-10T18:04:16+00:00","dateModified":"2025-04-15T17:45:01+00:00","breadcrumb":{"@id":"https:\/\/newsarovia.com\/pt\/provincial-holidays-honours-and-culture\/#breadcrumb"},"inLanguage":"pt-BR","potentialAction":[{"@type":"ReadAction","target":["https:\/\/newsarovia.com\/pt\/provincial-holidays-honours-and-culture\/"]}]},{"@type":"BreadcrumbList","@id":"https:\/\/newsarovia.com\/pt\/provincial-holidays-honours-and-culture\/#breadcrumb","itemListElement":[{"@type":"ListItem","position":1,"name":"Home","item":"https:\/\/newsarovia.com\/"},{"@type":"ListItem","position":2,"name":"Feriados, Honras, e Cultura Provinciais"}]},{"@type":"WebSite","@id":"https:\/\/newsarovia.com\/#website","url":"https:\/\/newsarovia.com\/","name":"SMI Gouverna","description":"","publisher":{"@id":"https:\/\/newsarovia.com\/#organization"},"potentialAction":[{"@type":"SearchAction","target":{"@type":"EntryPoint","urlTemplate":"https:\/\/newsarovia.com\/?s={search_term_string}"},"query-input":{"@type":"PropertyValueSpecification","valueRequired":true,"valueName":"search_term_string"}}],"inLanguage":"pt-BR"},{"@type":"Organization","@id":"https:\/\/newsarovia.com\/#organization","name":"Gouverna do Seito Majis Imperial","url":"https:\/\/newsarovia.com\/","logo":{"@type":"ImageObject","inLanguage":"pt-BR","@id":"https:\/\/newsarovia.com\/#\/schema\/logo\/image\/","url":"https:\/\/newsarovia.com\/wp-content\/uploads\/2025\/01\/Sarovia-Logo-Words.png","contentUrl":"https:\/\/newsarovia.com\/wp-content\/uploads\/2025\/01\/Sarovia-Logo-Words.png","width":9985,"height":2274,"caption":"Gouverna do Seito Majis Imperial"},"image":{"@id":"https:\/\/newsarovia.com\/#\/schema\/logo\/image\/"}}]}},"_links":{"self":[{"href":"https:\/\/newsarovia.com\/pt\/wp-json\/wp\/v2\/pages\/2773","targetHints":{"allow":["GET"]}}],"collection":[{"href":"https:\/\/newsarovia.com\/pt\/wp-json\/wp\/v2\/pages"}],"about":[{"href":"https:\/\/newsarovia.com\/pt\/wp-json\/wp\/v2\/types\/page"}],"author":[{"embeddable":true,"href":"https:\/\/newsarovia.com\/pt\/wp-json\/wp\/v2\/users\/1"}],"replies":[{"embeddable":true,"href":"https:\/\/newsarovia.com\/pt\/wp-json\/wp\/v2\/comments?post=2773"}],"version-history":[{"count":3,"href":"https:\/\/newsarovia.com\/pt\/wp-json\/wp\/v2\/pages\/2773\/revisions"}],"predecessor-version":[{"id":2862,"href":"https:\/\/newsarovia.com\/pt\/wp-json\/wp\/v2\/pages\/2773\/revisions\/2862"}],"wp:attachment":[{"href":"https:\/\/newsarovia.com\/pt\/wp-json\/wp\/v2\/media?parent=2773"}],"curies":[{"name":"wp","href":"https:\/\/api.w.org\/{rel}","templated":true}]}}