{"id":2779,"date":"2025-04-10T18:06:13","date_gmt":"2025-04-10T18:06:13","guid":{"rendered":"https:\/\/newsarovia.com\/?page_id=2779"},"modified":"2025-04-22T20:14:50","modified_gmt":"2025-04-22T20:14:50","slug":"the-3-courts-and-how-they-work","status":"publish","type":"page","link":"https:\/\/newsarovia.com\/pt\/the-3-courts-and-how-they-work\/","title":{"rendered":"As 3 Cortes e Como Funcionam"},"content":{"rendered":"\n<p>Nova Sarovia tem uma rica hist\u00f3ria de jurisprud\u00eancia jur\u00eddica. Afinal, algu\u00e9m precisa interpretar as muitas leis escritas pelo Parlamento Imperial, bem como resolver disputas legais. Duas leis servem como as resolu\u00e7\u00f5es mais recentes para essa quest\u00e3o: o <em>Ato da Carta das Cortes<\/em> de 322 AS e a pr\u00f3pria Constitui\u00e7\u00e3o. A primeira, aprovada pela Administra\u00e7\u00e3o Lorvalle, estabeleceu o sistema judicial moderno como o conhecemos hoje. A segunda, embora tenha sido aprovada originalmente muito, muito antes, acrescenta restri\u00e7\u00f5es ao <em>Ato da Carta das Cortes<\/em> em sua mais recente emenda, aprovada em 325 AS. O sistema judicial Saroviano estabelecido por essas leis consiste em tr\u00eas n\u00edveis: o mais baixo, a <strong>Primeira Corte<\/strong>, um tribunal de apela\u00e7\u00e3o conhecido como <strong>Alta Corte<\/strong> e, finalmente, a <strong>Suprema Corte<\/strong> no topo. Cada um deles trabalha de uma forma \u00fanica e tem seus pr\u00f3prios objetivos.<\/p>\n\n\n\n<p>A <strong>Primeira Corte<\/strong> \u00e9 o tribunal mais comum, projetado para lidar com quest\u00f5es cotidianas. A grande maioria das decis\u00f5es judiciais ocorre nesse tribunal. A responsabilidade pelas nomea\u00e7\u00f5es judiciais para a Primeira Corte \u00e9 do <em>Legeiellizo-Generalle<\/em>, que pode nomear qualquer pessoa por meio do <em>Rozirre-da-Conseili<\/em>, desde que seja um cidad\u00e3o Saroviano, possua um diploma de bacharel em lei Saroviano e n\u00e3o seja um membro ativo das For\u00e7as Armadas. O <em>Legeiellizo-Generalle<\/em> tamb\u00e9m pode demitir os ju\u00edzes da Primeira Corte a qualquer momento, por qualquer motivo, desde que o juiz n\u00e3o seja um juiz da Suprema Corte e que essa decis\u00e3o seja aprovada pelo Primeiro-Ministro.<\/p>\n\n\n\n<p>A <strong>Alta Corte<\/strong> \u00e9 o \u00fanico estranho, pois n\u00e3o \u00e9 mencionado no <em>Ato da Carta das Cortes<\/em>, mas foi criado explicitamente pela mais recente emenda \u00e0 Constitui\u00e7\u00e3o. Ele funciona como um tribunal de apela\u00e7\u00e3o para a Primeira Corte e n\u00e3o \u00e9 um \u00f3rg\u00e3o permanente. Quando uma apela\u00e7\u00e3o deve ser ouvida e decidida, o <em>Legeiellizo-Generalle<\/em> convoca tr\u00eas ju\u00edzes da Primeira Corte para atuarem como a Alta Corte. Tanto a Primeira Corte quanto a Alta Corte conduzem seus neg\u00f3cios no Discord, no servidor do Discord de Nova Sarovia.<\/p>\n\n\n\n<p>A <strong>Suprema Corte<\/strong>, no entanto, conduz seus neg\u00f3cios inteiramente no jogo. Servindo como a decis\u00e3o final em disputas legais, ela s\u00f3 v\u00ea casos que ganharam recursos na Suprema Corte ou casos de import\u00e2ncia nacional, que podem ser \u201cretirados\u201d da Primeira Corte ou da Suprema Corte \u00e0 vontade. A responsabilidade pelas nomea\u00e7\u00f5es judiciais para a Suprema Corte \u00e9 do Parlamento. H\u00e1 dois ju\u00edzes da Suprema Corte, sendo que um \u00e9 indicado pela C\u00e2mara dos Comuns e o outro pela Assembleia dos Pares. Um juiz da Suprema Corte deve atender a todos os crit\u00e9rios para se tornar um juiz da Primeira Corte para ser nomeado, com o requisito adicional de ter um mestrado em direito saroviano. Com poucas exce\u00e7\u00f5es, as audi\u00eancias da Suprema Corte t\u00eam um j\u00fari presente, selecionado pelos ju\u00edzes. Ambos os ju\u00edzes ouvir\u00e3o um caso ao mesmo tempo e devem chegar a uma conclus\u00e3o un\u00e2nime, embora seja poss\u00edvel que apenas um juiz ou\u00e7a um caso, caso o outro d\u00ea um aviso formal de que n\u00e3o poder\u00e1 comparecer.<\/p>\n","protected":false},"excerpt":{"rendered":"<p>Nova Sarovia tem uma rica hist\u00f3ria de jurisprud\u00eancia jur\u00eddica. Afinal, algu\u00e9m precisa interpretar as muitas leis escritas pelo Parlamento Imperial, bem como resolver disputas legais. Duas leis servem como as resolu\u00e7\u00f5es mais recentes para essa quest\u00e3o: o Ato da Carta das Cortes de 322 AS e a pr\u00f3pria Constitui\u00e7\u00e3o. A primeira, aprovada pela Administra\u00e7\u00e3o Lorvalle, [&hellip;]<\/p>\n","protected":false},"author":1,"featured_media":0,"parent":0,"menu_order":0,"comment_status":"closed","ping_status":"closed","template":"","meta":{"footnotes":""},"class_list":["post-2779","page","type-page","status-publish","hentry"],"yoast_head":"<!-- This site is optimized with the Yoast SEO plugin v27.3 - https:\/\/yoast.com\/product\/yoast-seo-wordpress\/ -->\n<title>As 3 Cortes e Como Funcionam - SMI Gouverna<\/title>\n<meta name=\"robots\" content=\"index, follow, max-snippet:-1, max-image-preview:large, max-video-preview:-1\" \/>\n<link rel=\"canonical\" href=\"https:\/\/newsarovia.com\/pt\/the-3-courts-and-how-they-work\/\" \/>\n<meta property=\"og:locale\" content=\"pt_BR\" \/>\n<meta property=\"og:locale:alternate\" content=\"en_US\" \/>\n<meta property=\"og:type\" content=\"article\" \/>\n<meta property=\"og:title\" content=\"As 3 Cortes e Como Funcionam\" \/>\n<meta property=\"og:description\" content=\"Nova Sarovia tem uma rica hist\u00f3ria de jurisprud\u00eancia jur\u00eddica. Afinal, algu\u00e9m precisa interpretar as muitas leis escritas pelo Parlamento Imperial, bem como resolver disputas legais. Duas leis servem como as resolu\u00e7\u00f5es mais recentes para essa quest\u00e3o: o Ato da Carta das Cortes de 322 AS e a pr\u00f3pria Constitui\u00e7\u00e3o. A primeira, aprovada pela Administra\u00e7\u00e3o Lorvalle, [&hellip;]\" \/>\n<meta property=\"og:url\" content=\"https:\/\/newsarovia.com\/pt\/the-3-courts-and-how-they-work\/\" \/>\n<meta property=\"og:site_name\" content=\"SMI Gouverna\" \/>\n<meta property=\"article:modified_time\" content=\"2025-04-22T20:14:50+00:00\" \/>\n<meta name=\"twitter:card\" content=\"summary_large_image\" \/>\n<script type=\"application\/ld+json\" class=\"yoast-schema-graph\">{\"@context\":\"https:\\\/\\\/schema.org\",\"@graph\":[{\"@type\":\"WebPage\",\"@id\":\"https:\\\/\\\/newsarovia.com\\\/the-3-courts-and-how-they-work\\\/\",\"url\":\"https:\\\/\\\/newsarovia.com\\\/the-3-courts-and-how-they-work\\\/\",\"name\":\"As 3 Cortes e Como Funcionam\",\"isPartOf\":{\"@id\":\"https:\\\/\\\/newsarovia.com\\\/#website\"},\"datePublished\":\"2025-04-10T18:06:13+00:00\",\"dateModified\":\"2025-04-22T20:14:50+00:00\",\"breadcrumb\":{\"@id\":\"https:\\\/\\\/newsarovia.com\\\/the-3-courts-and-how-they-work\\\/#breadcrumb\"},\"inLanguage\":\"pt-BR\",\"potentialAction\":[{\"@type\":\"ReadAction\",\"target\":[\"https:\\\/\\\/newsarovia.com\\\/the-3-courts-and-how-they-work\\\/\"]}]},{\"@type\":\"BreadcrumbList\",\"@id\":\"https:\\\/\\\/newsarovia.com\\\/the-3-courts-and-how-they-work\\\/#breadcrumb\",\"itemListElement\":[{\"@type\":\"ListItem\",\"position\":1,\"name\":\"Home\",\"item\":\"https:\\\/\\\/newsarovia.com\\\/\"},{\"@type\":\"ListItem\",\"position\":2,\"name\":\"The 3 Courts and How They Work\"}]},{\"@type\":\"WebSite\",\"@id\":\"https:\\\/\\\/newsarovia.com\\\/#website\",\"url\":\"https:\\\/\\\/newsarovia.com\\\/\",\"name\":\"SMI Gouverna\",\"description\":\"\",\"publisher\":{\"@id\":\"https:\\\/\\\/newsarovia.com\\\/#organization\"},\"potentialAction\":[{\"@type\":\"SearchAction\",\"target\":{\"@type\":\"EntryPoint\",\"urlTemplate\":\"https:\\\/\\\/newsarovia.com\\\/?s={search_term_string}\"},\"query-input\":{\"@type\":\"PropertyValueSpecification\",\"valueRequired\":true,\"valueName\":\"search_term_string\"}}],\"inLanguage\":\"pt-BR\"},{\"@type\":\"Organization\",\"@id\":\"https:\\\/\\\/newsarovia.com\\\/#organization\",\"name\":\"Gouverna do Seito Majis Imperial\",\"url\":\"https:\\\/\\\/newsarovia.com\\\/\",\"logo\":{\"@type\":\"ImageObject\",\"inLanguage\":\"pt-BR\",\"@id\":\"https:\\\/\\\/newsarovia.com\\\/#\\\/schema\\\/logo\\\/image\\\/\",\"url\":\"https:\\\/\\\/newsarovia.com\\\/wp-content\\\/uploads\\\/2025\\\/01\\\/Sarovia-Logo-Words.png\",\"contentUrl\":\"https:\\\/\\\/newsarovia.com\\\/wp-content\\\/uploads\\\/2025\\\/01\\\/Sarovia-Logo-Words.png\",\"width\":9985,\"height\":2274,\"caption\":\"Gouverna do Seito Majis Imperial\"},\"image\":{\"@id\":\"https:\\\/\\\/newsarovia.com\\\/#\\\/schema\\\/logo\\\/image\\\/\"}}]}<\/script>\n<!-- \/ Yoast SEO plugin. -->","yoast_head_json":{"title":"As 3 Cortes e Como Funcionam - SMI Gouverna","robots":{"index":"index","follow":"follow","max-snippet":"max-snippet:-1","max-image-preview":"max-image-preview:large","max-video-preview":"max-video-preview:-1"},"canonical":"https:\/\/newsarovia.com\/pt\/the-3-courts-and-how-they-work\/","og_locale":"pt_BR","og_type":"article","og_title":"[:en]The 3 Courts and How They Work[:pt]As 3 Cortes e Como Funcionam[:] - SMI Gouverna","og_description":"Nova Sarovia tem uma rica hist\u00f3ria de jurisprud\u00eancia jur\u00eddica. Afinal, algu\u00e9m precisa interpretar as muitas leis escritas pelo Parlamento Imperial, bem como resolver disputas legais. Duas leis servem como as resolu\u00e7\u00f5es mais recentes para essa quest\u00e3o: o Ato da Carta das Cortes de 322 AS e a pr\u00f3pria Constitui\u00e7\u00e3o. A primeira, aprovada pela Administra\u00e7\u00e3o Lorvalle, [&hellip;]","og_url":"https:\/\/newsarovia.com\/pt\/the-3-courts-and-how-they-work\/","og_site_name":"SMI Gouverna","article_modified_time":"2025-04-22T20:14:50+00:00","twitter_card":"summary_large_image","schema":{"@context":"https:\/\/schema.org","@graph":[{"@type":"WebPage","@id":"https:\/\/newsarovia.com\/the-3-courts-and-how-they-work\/","url":"https:\/\/newsarovia.com\/the-3-courts-and-how-they-work\/","name":"As 3 Cortes e Como Funcionam","isPartOf":{"@id":"https:\/\/newsarovia.com\/#website"},"datePublished":"2025-04-10T18:06:13+00:00","dateModified":"2025-04-22T20:14:50+00:00","breadcrumb":{"@id":"https:\/\/newsarovia.com\/the-3-courts-and-how-they-work\/#breadcrumb"},"inLanguage":"pt-BR","potentialAction":[{"@type":"ReadAction","target":["https:\/\/newsarovia.com\/the-3-courts-and-how-they-work\/"]}]},{"@type":"BreadcrumbList","@id":"https:\/\/newsarovia.com\/the-3-courts-and-how-they-work\/#breadcrumb","itemListElement":[{"@type":"ListItem","position":1,"name":"Home","item":"https:\/\/newsarovia.com\/"},{"@type":"ListItem","position":2,"name":"The 3 Courts and How They Work"}]},{"@type":"WebSite","@id":"https:\/\/newsarovia.com\/#website","url":"https:\/\/newsarovia.com\/","name":"SMI Gouverna","description":"","publisher":{"@id":"https:\/\/newsarovia.com\/#organization"},"potentialAction":[{"@type":"SearchAction","target":{"@type":"EntryPoint","urlTemplate":"https:\/\/newsarovia.com\/?s={search_term_string}"},"query-input":{"@type":"PropertyValueSpecification","valueRequired":true,"valueName":"search_term_string"}}],"inLanguage":"pt-BR"},{"@type":"Organization","@id":"https:\/\/newsarovia.com\/#organization","name":"Gouverna do Seito Majis Imperial","url":"https:\/\/newsarovia.com\/","logo":{"@type":"ImageObject","inLanguage":"pt-BR","@id":"https:\/\/newsarovia.com\/#\/schema\/logo\/image\/","url":"https:\/\/newsarovia.com\/wp-content\/uploads\/2025\/01\/Sarovia-Logo-Words.png","contentUrl":"https:\/\/newsarovia.com\/wp-content\/uploads\/2025\/01\/Sarovia-Logo-Words.png","width":9985,"height":2274,"caption":"Gouverna do Seito Majis Imperial"},"image":{"@id":"https:\/\/newsarovia.com\/#\/schema\/logo\/image\/"}}]}},"_links":{"self":[{"href":"https:\/\/newsarovia.com\/pt\/wp-json\/wp\/v2\/pages\/2779","targetHints":{"allow":["GET"]}}],"collection":[{"href":"https:\/\/newsarovia.com\/pt\/wp-json\/wp\/v2\/pages"}],"about":[{"href":"https:\/\/newsarovia.com\/pt\/wp-json\/wp\/v2\/types\/page"}],"author":[{"embeddable":true,"href":"https:\/\/newsarovia.com\/pt\/wp-json\/wp\/v2\/users\/1"}],"replies":[{"embeddable":true,"href":"https:\/\/newsarovia.com\/pt\/wp-json\/wp\/v2\/comments?post=2779"}],"version-history":[{"count":5,"href":"https:\/\/newsarovia.com\/pt\/wp-json\/wp\/v2\/pages\/2779\/revisions"}],"predecessor-version":[{"id":3041,"href":"https:\/\/newsarovia.com\/pt\/wp-json\/wp\/v2\/pages\/2779\/revisions\/3041"}],"wp:attachment":[{"href":"https:\/\/newsarovia.com\/pt\/wp-json\/wp\/v2\/media?parent=2779"}],"curies":[{"name":"wp","href":"https:\/\/api.w.org\/{rel}","templated":true}]}}