{"id":2780,"date":"2025-04-10T18:06:32","date_gmt":"2025-04-10T18:06:32","guid":{"rendered":"https:\/\/newsarovia.com\/?page_id=2780"},"modified":"2025-04-15T18:12:57","modified_gmt":"2025-04-15T18:12:57","slug":"become-a-judge-or-lawyer","status":"publish","type":"page","link":"https:\/\/newsarovia.com\/pt\/become-a-judge-or-lawyer\/","title":{"rendered":"Become a Judge or Lawyer"},"content":{"rendered":"\n<p>Quer se tornar juiz ou advogado? De acordo com a Constitui\u00e7\u00e3o e o <em>Ato da Carta das Cortes<\/em> de 322 AS, o primeiro passo na carreira jur\u00eddica de qualquer Saroviano \u00e9 adquirir um diploma credenciado em lei Saroviano. Para saber mais sobre os ju\u00edzes em todos os tr\u00eas n\u00edveis do sistema judici\u00e1rio Saroviano, visite a p\u00e1gina <strong><em>Os 3 Cortes e Como Funcionam<\/em><\/strong> para saber mais sobre eles. Entretanto, ser juiz n\u00e3o \u00e9 a \u00fanica maneira de participar do sistema judici\u00e1rio. Tamb\u00e9m pode ser um <strong>advogado<\/strong>!<\/p>\n\n\n\n<p>Um advogado \u00e9, simplesmente, uma pessoa qualificada para oferecer consultoria sobre a legisla\u00e7\u00e3o de Sarovia, redigir resumos jur\u00eddicos para um cliente ou um tribunal ou representar clientes em quest\u00f5es jur\u00eddicas. Qualquer pessoa pode ser um advogado, desde que possua um diploma de bacharel em lei Saroviano e abra uma pr\u00e1tica jur\u00eddica formal. Isso pode ser feito na forma de um <em>escrit\u00f3rio de advocacia<\/em> &#8211; um grupo de v\u00e1rios advogados &#8211; ou de uma <em>pr\u00e1tica solo<\/em>, que \u00e9 quando um advogado trabalha sozinho, sem parceiros. Em Nova Sarovia, qualquer pessoa que esteja formalmente registrada como advogado pode aceitar como cliente algu\u00e9m que esteja envolvido em uma quest\u00e3o ou disputa legal e ajud\u00e1-lo ou represent\u00e1-lo em seu caso. Os advogados tamb\u00e9m t\u00eam o direito de escrever um amie eui cortenne brief, que \u00e9 um tipo de documento no qual o advogado discute os fatos de um caso e recomenda uma decis\u00e3o ao juiz presidente.<\/p>\n\n\n\n<p>Quer come\u00e7ar? Clique <em><strong>AQUI<\/strong><\/em> para entrar no servidor da <strong>Universidade de Falkenholm<\/strong>, a principal institui\u00e7\u00e3o educacional civil da Sarovia, onde pode obter bacharelados e mestrados em lei Saroviano e come\u00e7ar sua jornada!<\/p>\n","protected":false},"excerpt":{"rendered":"<p>Quer se tornar juiz ou advogado? De acordo com a Constitui\u00e7\u00e3o e o Ato da Carta das Cortes de 322 AS, o primeiro passo na carreira jur\u00eddica de qualquer Saroviano \u00e9 adquirir um diploma credenciado em lei Saroviano. Para saber mais sobre os ju\u00edzes em todos os tr\u00eas n\u00edveis do sistema judici\u00e1rio Saroviano, visite a [&hellip;]<\/p>\n","protected":false},"author":1,"featured_media":0,"parent":0,"menu_order":0,"comment_status":"closed","ping_status":"closed","template":"","meta":{"footnotes":""},"class_list":["post-2780","page","type-page","status-publish","hentry"],"yoast_head":"<!-- This site is optimized with the Yoast SEO plugin v27.3 - https:\/\/yoast.com\/product\/yoast-seo-wordpress\/ -->\n<title>Become a Judge or Lawyer - SMI Gouverna<\/title>\n<meta name=\"robots\" content=\"index, follow, max-snippet:-1, max-image-preview:large, max-video-preview:-1\" \/>\n<link rel=\"canonical\" href=\"https:\/\/newsarovia.com\/pt\/become-a-judge-or-lawyer\/\" \/>\n<meta property=\"og:locale\" content=\"pt_BR\" \/>\n<meta property=\"og:locale:alternate\" content=\"en_US\" \/>\n<meta property=\"og:type\" content=\"article\" \/>\n<meta property=\"og:title\" content=\"Become a Judge or Lawyer\" \/>\n<meta property=\"og:description\" content=\"Quer se tornar juiz ou advogado? De acordo com a Constitui\u00e7\u00e3o e o Ato da Carta das Cortes de 322 AS, o primeiro passo na carreira jur\u00eddica de qualquer Saroviano \u00e9 adquirir um diploma credenciado em lei Saroviano. Para saber mais sobre os ju\u00edzes em todos os tr\u00eas n\u00edveis do sistema judici\u00e1rio Saroviano, visite a [&hellip;]\" \/>\n<meta property=\"og:url\" content=\"https:\/\/newsarovia.com\/pt\/become-a-judge-or-lawyer\/\" \/>\n<meta property=\"og:site_name\" content=\"SMI Gouverna\" \/>\n<meta property=\"article:modified_time\" content=\"2025-04-15T18:12:57+00:00\" \/>\n<meta name=\"twitter:card\" content=\"summary_large_image\" \/>\n<meta name=\"twitter:label1\" content=\"Est. tempo de leitura\" \/>\n\t<meta name=\"twitter:data1\" content=\"2 minutos\" \/>\n<script type=\"application\/ld+json\" class=\"yoast-schema-graph\">{\"@context\":\"https:\\\/\\\/schema.org\",\"@graph\":[{\"@type\":\"WebPage\",\"@id\":\"https:\\\/\\\/newsarovia.com\\\/pt\\\/become-a-judge-or-lawyer\\\/\",\"url\":\"https:\\\/\\\/newsarovia.com\\\/pt\\\/become-a-judge-or-lawyer\\\/\",\"name\":\"Become a Judge or Lawyer\",\"isPartOf\":{\"@id\":\"https:\\\/\\\/newsarovia.com\\\/#website\"},\"datePublished\":\"2025-04-10T18:06:32+00:00\",\"dateModified\":\"2025-04-15T18:12:57+00:00\",\"breadcrumb\":{\"@id\":\"https:\\\/\\\/newsarovia.com\\\/pt\\\/become-a-judge-or-lawyer\\\/#breadcrumb\"},\"inLanguage\":\"pt-BR\",\"potentialAction\":[{\"@type\":\"ReadAction\",\"target\":[\"https:\\\/\\\/newsarovia.com\\\/pt\\\/become-a-judge-or-lawyer\\\/\"]}]},{\"@type\":\"BreadcrumbList\",\"@id\":\"https:\\\/\\\/newsarovia.com\\\/pt\\\/become-a-judge-or-lawyer\\\/#breadcrumb\",\"itemListElement\":[{\"@type\":\"ListItem\",\"position\":1,\"name\":\"Home\",\"item\":\"https:\\\/\\\/newsarovia.com\\\/\"},{\"@type\":\"ListItem\",\"position\":2,\"name\":\"Become a Judge or Lawyer\"}]},{\"@type\":\"WebSite\",\"@id\":\"https:\\\/\\\/newsarovia.com\\\/#website\",\"url\":\"https:\\\/\\\/newsarovia.com\\\/\",\"name\":\"SMI Gouverna\",\"description\":\"\",\"publisher\":{\"@id\":\"https:\\\/\\\/newsarovia.com\\\/#organization\"},\"potentialAction\":[{\"@type\":\"SearchAction\",\"target\":{\"@type\":\"EntryPoint\",\"urlTemplate\":\"https:\\\/\\\/newsarovia.com\\\/?s={search_term_string}\"},\"query-input\":{\"@type\":\"PropertyValueSpecification\",\"valueRequired\":true,\"valueName\":\"search_term_string\"}}],\"inLanguage\":\"pt-BR\"},{\"@type\":\"Organization\",\"@id\":\"https:\\\/\\\/newsarovia.com\\\/#organization\",\"name\":\"Gouverna do Seito Majis Imperial\",\"url\":\"https:\\\/\\\/newsarovia.com\\\/\",\"logo\":{\"@type\":\"ImageObject\",\"inLanguage\":\"pt-BR\",\"@id\":\"https:\\\/\\\/newsarovia.com\\\/#\\\/schema\\\/logo\\\/image\\\/\",\"url\":\"https:\\\/\\\/newsarovia.com\\\/wp-content\\\/uploads\\\/2025\\\/01\\\/Sarovia-Logo-Words.png\",\"contentUrl\":\"https:\\\/\\\/newsarovia.com\\\/wp-content\\\/uploads\\\/2025\\\/01\\\/Sarovia-Logo-Words.png\",\"width\":9985,\"height\":2274,\"caption\":\"Gouverna do Seito Majis Imperial\"},\"image\":{\"@id\":\"https:\\\/\\\/newsarovia.com\\\/#\\\/schema\\\/logo\\\/image\\\/\"}}]}<\/script>\n<!-- \/ Yoast SEO plugin. -->","yoast_head_json":{"title":"Become a Judge or Lawyer - SMI Gouverna","robots":{"index":"index","follow":"follow","max-snippet":"max-snippet:-1","max-image-preview":"max-image-preview:large","max-video-preview":"max-video-preview:-1"},"canonical":"https:\/\/newsarovia.com\/pt\/become-a-judge-or-lawyer\/","og_locale":"pt_BR","og_type":"article","og_title":"[:en]Become a Judge or Lawyer[:] - SMI Gouverna","og_description":"Quer se tornar juiz ou advogado? De acordo com a Constitui\u00e7\u00e3o e o Ato da Carta das Cortes de 322 AS, o primeiro passo na carreira jur\u00eddica de qualquer Saroviano \u00e9 adquirir um diploma credenciado em lei Saroviano. Para saber mais sobre os ju\u00edzes em todos os tr\u00eas n\u00edveis do sistema judici\u00e1rio Saroviano, visite a [&hellip;]","og_url":"https:\/\/newsarovia.com\/pt\/become-a-judge-or-lawyer\/","og_site_name":"SMI Gouverna","article_modified_time":"2025-04-15T18:12:57+00:00","twitter_card":"summary_large_image","twitter_misc":{"Est. tempo de leitura":"2 minutos"},"schema":{"@context":"https:\/\/schema.org","@graph":[{"@type":"WebPage","@id":"https:\/\/newsarovia.com\/pt\/become-a-judge-or-lawyer\/","url":"https:\/\/newsarovia.com\/pt\/become-a-judge-or-lawyer\/","name":"Become a Judge or Lawyer","isPartOf":{"@id":"https:\/\/newsarovia.com\/#website"},"datePublished":"2025-04-10T18:06:32+00:00","dateModified":"2025-04-15T18:12:57+00:00","breadcrumb":{"@id":"https:\/\/newsarovia.com\/pt\/become-a-judge-or-lawyer\/#breadcrumb"},"inLanguage":"pt-BR","potentialAction":[{"@type":"ReadAction","target":["https:\/\/newsarovia.com\/pt\/become-a-judge-or-lawyer\/"]}]},{"@type":"BreadcrumbList","@id":"https:\/\/newsarovia.com\/pt\/become-a-judge-or-lawyer\/#breadcrumb","itemListElement":[{"@type":"ListItem","position":1,"name":"Home","item":"https:\/\/newsarovia.com\/"},{"@type":"ListItem","position":2,"name":"Become a Judge or Lawyer"}]},{"@type":"WebSite","@id":"https:\/\/newsarovia.com\/#website","url":"https:\/\/newsarovia.com\/","name":"SMI Gouverna","description":"","publisher":{"@id":"https:\/\/newsarovia.com\/#organization"},"potentialAction":[{"@type":"SearchAction","target":{"@type":"EntryPoint","urlTemplate":"https:\/\/newsarovia.com\/?s={search_term_string}"},"query-input":{"@type":"PropertyValueSpecification","valueRequired":true,"valueName":"search_term_string"}}],"inLanguage":"pt-BR"},{"@type":"Organization","@id":"https:\/\/newsarovia.com\/#organization","name":"Gouverna do Seito Majis Imperial","url":"https:\/\/newsarovia.com\/","logo":{"@type":"ImageObject","inLanguage":"pt-BR","@id":"https:\/\/newsarovia.com\/#\/schema\/logo\/image\/","url":"https:\/\/newsarovia.com\/wp-content\/uploads\/2025\/01\/Sarovia-Logo-Words.png","contentUrl":"https:\/\/newsarovia.com\/wp-content\/uploads\/2025\/01\/Sarovia-Logo-Words.png","width":9985,"height":2274,"caption":"Gouverna do Seito Majis Imperial"},"image":{"@id":"https:\/\/newsarovia.com\/#\/schema\/logo\/image\/"}}]}},"_links":{"self":[{"href":"https:\/\/newsarovia.com\/pt\/wp-json\/wp\/v2\/pages\/2780","targetHints":{"allow":["GET"]}}],"collection":[{"href":"https:\/\/newsarovia.com\/pt\/wp-json\/wp\/v2\/pages"}],"about":[{"href":"https:\/\/newsarovia.com\/pt\/wp-json\/wp\/v2\/types\/page"}],"author":[{"embeddable":true,"href":"https:\/\/newsarovia.com\/pt\/wp-json\/wp\/v2\/users\/1"}],"replies":[{"embeddable":true,"href":"https:\/\/newsarovia.com\/pt\/wp-json\/wp\/v2\/comments?post=2780"}],"version-history":[{"count":3,"href":"https:\/\/newsarovia.com\/pt\/wp-json\/wp\/v2\/pages\/2780\/revisions"}],"predecessor-version":[{"id":2869,"href":"https:\/\/newsarovia.com\/pt\/wp-json\/wp\/v2\/pages\/2780\/revisions\/2869"}],"wp:attachment":[{"href":"https:\/\/newsarovia.com\/pt\/wp-json\/wp\/v2\/media?parent=2780"}],"curies":[{"name":"wp","href":"https:\/\/api.w.org\/{rel}","templated":true}]}}