{"id":2781,"date":"2025-04-10T18:06:48","date_gmt":"2025-04-10T18:06:48","guid":{"rendered":"https:\/\/newsarovia.com\/?page_id=2781"},"modified":"2025-04-15T21:01:32","modified_gmt":"2025-04-15T21:01:32","slug":"join-the-imperial-constabulary","status":"publish","type":"page","link":"https:\/\/newsarovia.com\/pt\/join-the-imperial-constabulary\/","title":{"rendered":"Juntar no Constabul\u00e1rio Imperial"},"content":{"rendered":"\n<p>O <strong>Constabenne Imperial Saroviano, <\/strong>ou <em>Constabul\u00e1rio Imperial Saroviano,<\/em> \u00e9 a pol\u00edcia federal de Nova Sar\u00f3via, bem como de suas Col\u00f4nias e Dom\u00ednios, com exce\u00e7\u00e3o do Dom\u00ednio de Philippia, que mant\u00e9m uma for\u00e7a policial independente. O Constabul\u00e1rio tem tr\u00eas responsabilidades principais, refletidas em suas duas Divis\u00f5es. Inicialmente estabelecida pelo <em>Ato dos Oficiais de Paz<\/em> de 282 AS com seis divis\u00f5es, anos de reforma e simplifica\u00e7\u00e3o as condensaram em duas, cada uma supervisionada por um Vice-Comiss\u00e1rio. O Constabul\u00e1rio \u00e9 liderado por um Comiss\u00e1rio nomeado pelo <em>Legeiellizo-Generalle<\/em> com a permiss\u00e3o do Primeiro-Ministro.<\/p>\n\n\n\n<p>A <strong>Divis\u00e3o Investigativa<\/strong>, focada principalmente no Discord, \u00e9 respons\u00e1vel por duas das principais responsabilidades do Constabul\u00e1rio: a investiga\u00e7\u00e3o e o julgamento de crimes e a modera\u00e7\u00e3o de todos os servidores Sarovianos do Discord n\u00e3o-militares. Caso conte\u00fado ofensivo e\/ou spam sejam publicados em local p\u00fablico, o Constabul\u00e1rio tem o poder de agir contra eles. Para tanto, os membros da Divis\u00e3o Investigativa possuem certos poderes de modera\u00e7\u00e3o na maioria dos servidores Sarovianos do Discord. Enquanto isso, caso algu\u00e9m seja suspeito de um crime, os membros da Divis\u00e3o Investigativa coletam evid\u00eancias e preparam um caso para submiss\u00e3o a Primeira Corte.<\/p>\n\n\n\n<p>A outra divis\u00e3o do Constabul\u00e1rio \u00e9 a <strong>Divis\u00e3o do Gabinete do Primeiro-Ministro<\/strong>, ou <em>PMO<\/em>, que tem uma fun\u00e7\u00e3o muito mais simples: semelhante \u00e0 famosa <em>Corsso eui Gardos Aluzos,<\/em> uma unidade das For\u00e7as Armadas Imperiais Sarovianas, encarregada da prote\u00e7\u00e3o de Sua Majestade Imperial, o Imperador, e de membros selecionados da Fam\u00edlia Imperial, a Divis\u00e3o PMO \u00e9 encarregada da prote\u00e7\u00e3o de membros seniores do Governo Imperial, bem como de Membros do Parlamento. Se voc\u00ea \u00e9 um Membro do Parlamento ou j\u00e1 se sentou na galeria p\u00fablica durante uma reuni\u00e3o da C\u00e2mara dos Comuns, voc\u00ea deve ter notado o <em>Sargento-de-Armas<\/em> &#8211; este \u00e9 um membro da Divis\u00e3o PMO especificamente encarregado pela C\u00e2mara dos Comuns de fornecer seguran\u00e7a para os parlamentares e garantir que a Ma\u00e7a Parlamentar n\u00e3o seja danificada.<\/p>\n\n\n\n<p>Tem interesse em participar? Clique <strong><em>AQUI<\/em><\/strong> para entrar no servidor do Discord do Constabul\u00e1rio, onde pode entrar em uma das duas Divis\u00f5es e come\u00e7ar sua jornada!<\/p>\n","protected":false},"excerpt":{"rendered":"<p>O Constabenne Imperial Saroviano, ou Constabul\u00e1rio Imperial Saroviano, \u00e9 a pol\u00edcia federal de Nova Sar\u00f3via, bem como de suas Col\u00f4nias e Dom\u00ednios, com exce\u00e7\u00e3o do Dom\u00ednio de Philippia, que mant\u00e9m uma for\u00e7a policial independente. O Constabul\u00e1rio tem tr\u00eas responsabilidades principais, refletidas em suas duas Divis\u00f5es. Inicialmente estabelecida pelo Ato dos Oficiais de Paz de 282 [&hellip;]<\/p>\n","protected":false},"author":1,"featured_media":0,"parent":0,"menu_order":0,"comment_status":"closed","ping_status":"closed","template":"","meta":{"footnotes":""},"class_list":["post-2781","page","type-page","status-publish","hentry"],"yoast_head":"<!-- This site is optimized with the Yoast SEO plugin v27.3 - https:\/\/yoast.com\/product\/yoast-seo-wordpress\/ -->\n<title>Juntar no Constabul\u00e1rio Imperial - SMI Gouverna<\/title>\n<meta name=\"robots\" content=\"index, follow, max-snippet:-1, max-image-preview:large, max-video-preview:-1\" \/>\n<link rel=\"canonical\" href=\"https:\/\/newsarovia.com\/pt\/join-the-imperial-constabulary\/\" \/>\n<meta property=\"og:locale\" content=\"pt_BR\" \/>\n<meta property=\"og:locale:alternate\" content=\"en_US\" \/>\n<meta property=\"og:type\" content=\"article\" \/>\n<meta property=\"og:title\" content=\"Juntar no Constabul\u00e1rio Imperial\" \/>\n<meta property=\"og:description\" content=\"O Constabenne Imperial Saroviano, ou Constabul\u00e1rio Imperial Saroviano, \u00e9 a pol\u00edcia federal de Nova Sar\u00f3via, bem como de suas Col\u00f4nias e Dom\u00ednios, com exce\u00e7\u00e3o do Dom\u00ednio de Philippia, que mant\u00e9m uma for\u00e7a policial independente. O Constabul\u00e1rio tem tr\u00eas responsabilidades principais, refletidas em suas duas Divis\u00f5es. Inicialmente estabelecida pelo Ato dos Oficiais de Paz de 282 [&hellip;]\" \/>\n<meta property=\"og:url\" content=\"https:\/\/newsarovia.com\/pt\/join-the-imperial-constabulary\/\" \/>\n<meta property=\"og:site_name\" content=\"SMI Gouverna\" \/>\n<meta property=\"article:modified_time\" content=\"2025-04-15T21:01:32+00:00\" \/>\n<meta name=\"twitter:card\" content=\"summary_large_image\" \/>\n<meta name=\"twitter:label1\" content=\"Est. tempo de leitura\" \/>\n\t<meta name=\"twitter:data1\" content=\"2 minutos\" \/>\n<script type=\"application\/ld+json\" class=\"yoast-schema-graph\">{\"@context\":\"https:\\\/\\\/schema.org\",\"@graph\":[{\"@type\":\"WebPage\",\"@id\":\"https:\\\/\\\/newsarovia.com\\\/pt\\\/join-the-imperial-constabulary\\\/\",\"url\":\"https:\\\/\\\/newsarovia.com\\\/pt\\\/join-the-imperial-constabulary\\\/\",\"name\":\"Juntar no Constabul\u00e1rio Imperial\",\"isPartOf\":{\"@id\":\"https:\\\/\\\/newsarovia.com\\\/#website\"},\"datePublished\":\"2025-04-10T18:06:48+00:00\",\"dateModified\":\"2025-04-15T21:01:32+00:00\",\"breadcrumb\":{\"@id\":\"https:\\\/\\\/newsarovia.com\\\/pt\\\/join-the-imperial-constabulary\\\/#breadcrumb\"},\"inLanguage\":\"pt-BR\",\"potentialAction\":[{\"@type\":\"ReadAction\",\"target\":[\"https:\\\/\\\/newsarovia.com\\\/pt\\\/join-the-imperial-constabulary\\\/\"]}]},{\"@type\":\"BreadcrumbList\",\"@id\":\"https:\\\/\\\/newsarovia.com\\\/pt\\\/join-the-imperial-constabulary\\\/#breadcrumb\",\"itemListElement\":[{\"@type\":\"ListItem\",\"position\":1,\"name\":\"Home\",\"item\":\"https:\\\/\\\/newsarovia.com\\\/\"},{\"@type\":\"ListItem\",\"position\":2,\"name\":\"Juntar no Constabul\u00e1rio Imperial\"}]},{\"@type\":\"WebSite\",\"@id\":\"https:\\\/\\\/newsarovia.com\\\/#website\",\"url\":\"https:\\\/\\\/newsarovia.com\\\/\",\"name\":\"SMI Gouverna\",\"description\":\"\",\"publisher\":{\"@id\":\"https:\\\/\\\/newsarovia.com\\\/#organization\"},\"potentialAction\":[{\"@type\":\"SearchAction\",\"target\":{\"@type\":\"EntryPoint\",\"urlTemplate\":\"https:\\\/\\\/newsarovia.com\\\/?s={search_term_string}\"},\"query-input\":{\"@type\":\"PropertyValueSpecification\",\"valueRequired\":true,\"valueName\":\"search_term_string\"}}],\"inLanguage\":\"pt-BR\"},{\"@type\":\"Organization\",\"@id\":\"https:\\\/\\\/newsarovia.com\\\/#organization\",\"name\":\"Gouverna do Seito Majis Imperial\",\"url\":\"https:\\\/\\\/newsarovia.com\\\/\",\"logo\":{\"@type\":\"ImageObject\",\"inLanguage\":\"pt-BR\",\"@id\":\"https:\\\/\\\/newsarovia.com\\\/#\\\/schema\\\/logo\\\/image\\\/\",\"url\":\"https:\\\/\\\/newsarovia.com\\\/wp-content\\\/uploads\\\/2025\\\/01\\\/Sarovia-Logo-Words.png\",\"contentUrl\":\"https:\\\/\\\/newsarovia.com\\\/wp-content\\\/uploads\\\/2025\\\/01\\\/Sarovia-Logo-Words.png\",\"width\":9985,\"height\":2274,\"caption\":\"Gouverna do Seito Majis Imperial\"},\"image\":{\"@id\":\"https:\\\/\\\/newsarovia.com\\\/#\\\/schema\\\/logo\\\/image\\\/\"}}]}<\/script>\n<!-- \/ Yoast SEO plugin. -->","yoast_head_json":{"title":"Juntar no Constabul\u00e1rio Imperial - SMI Gouverna","robots":{"index":"index","follow":"follow","max-snippet":"max-snippet:-1","max-image-preview":"max-image-preview:large","max-video-preview":"max-video-preview:-1"},"canonical":"https:\/\/newsarovia.com\/pt\/join-the-imperial-constabulary\/","og_locale":"pt_BR","og_type":"article","og_title":"[:en]Join the Imperial Constabulary[:pt]Juntar no Constabul\u00e1rio Imperial[:] - SMI Gouverna","og_description":"O Constabenne Imperial Saroviano, ou Constabul\u00e1rio Imperial Saroviano, \u00e9 a pol\u00edcia federal de Nova Sar\u00f3via, bem como de suas Col\u00f4nias e Dom\u00ednios, com exce\u00e7\u00e3o do Dom\u00ednio de Philippia, que mant\u00e9m uma for\u00e7a policial independente. O Constabul\u00e1rio tem tr\u00eas responsabilidades principais, refletidas em suas duas Divis\u00f5es. Inicialmente estabelecida pelo Ato dos Oficiais de Paz de 282 [&hellip;]","og_url":"https:\/\/newsarovia.com\/pt\/join-the-imperial-constabulary\/","og_site_name":"SMI Gouverna","article_modified_time":"2025-04-15T21:01:32+00:00","twitter_card":"summary_large_image","twitter_misc":{"Est. tempo de leitura":"2 minutos"},"schema":{"@context":"https:\/\/schema.org","@graph":[{"@type":"WebPage","@id":"https:\/\/newsarovia.com\/pt\/join-the-imperial-constabulary\/","url":"https:\/\/newsarovia.com\/pt\/join-the-imperial-constabulary\/","name":"Juntar no Constabul\u00e1rio Imperial","isPartOf":{"@id":"https:\/\/newsarovia.com\/#website"},"datePublished":"2025-04-10T18:06:48+00:00","dateModified":"2025-04-15T21:01:32+00:00","breadcrumb":{"@id":"https:\/\/newsarovia.com\/pt\/join-the-imperial-constabulary\/#breadcrumb"},"inLanguage":"pt-BR","potentialAction":[{"@type":"ReadAction","target":["https:\/\/newsarovia.com\/pt\/join-the-imperial-constabulary\/"]}]},{"@type":"BreadcrumbList","@id":"https:\/\/newsarovia.com\/pt\/join-the-imperial-constabulary\/#breadcrumb","itemListElement":[{"@type":"ListItem","position":1,"name":"Home","item":"https:\/\/newsarovia.com\/"},{"@type":"ListItem","position":2,"name":"Juntar no Constabul\u00e1rio Imperial"}]},{"@type":"WebSite","@id":"https:\/\/newsarovia.com\/#website","url":"https:\/\/newsarovia.com\/","name":"SMI Gouverna","description":"","publisher":{"@id":"https:\/\/newsarovia.com\/#organization"},"potentialAction":[{"@type":"SearchAction","target":{"@type":"EntryPoint","urlTemplate":"https:\/\/newsarovia.com\/?s={search_term_string}"},"query-input":{"@type":"PropertyValueSpecification","valueRequired":true,"valueName":"search_term_string"}}],"inLanguage":"pt-BR"},{"@type":"Organization","@id":"https:\/\/newsarovia.com\/#organization","name":"Gouverna do Seito Majis Imperial","url":"https:\/\/newsarovia.com\/","logo":{"@type":"ImageObject","inLanguage":"pt-BR","@id":"https:\/\/newsarovia.com\/#\/schema\/logo\/image\/","url":"https:\/\/newsarovia.com\/wp-content\/uploads\/2025\/01\/Sarovia-Logo-Words.png","contentUrl":"https:\/\/newsarovia.com\/wp-content\/uploads\/2025\/01\/Sarovia-Logo-Words.png","width":9985,"height":2274,"caption":"Gouverna do Seito Majis Imperial"},"image":{"@id":"https:\/\/newsarovia.com\/#\/schema\/logo\/image\/"}}]}},"_links":{"self":[{"href":"https:\/\/newsarovia.com\/pt\/wp-json\/wp\/v2\/pages\/2781","targetHints":{"allow":["GET"]}}],"collection":[{"href":"https:\/\/newsarovia.com\/pt\/wp-json\/wp\/v2\/pages"}],"about":[{"href":"https:\/\/newsarovia.com\/pt\/wp-json\/wp\/v2\/types\/page"}],"author":[{"embeddable":true,"href":"https:\/\/newsarovia.com\/pt\/wp-json\/wp\/v2\/users\/1"}],"replies":[{"embeddable":true,"href":"https:\/\/newsarovia.com\/pt\/wp-json\/wp\/v2\/comments?post=2781"}],"version-history":[{"count":3,"href":"https:\/\/newsarovia.com\/pt\/wp-json\/wp\/v2\/pages\/2781\/revisions"}],"predecessor-version":[{"id":2872,"href":"https:\/\/newsarovia.com\/pt\/wp-json\/wp\/v2\/pages\/2781\/revisions\/2872"}],"wp:attachment":[{"href":"https:\/\/newsarovia.com\/pt\/wp-json\/wp\/v2\/media?parent=2781"}],"curies":[{"name":"wp","href":"https:\/\/api.w.org\/{rel}","templated":true}]}}