{"id":2782,"date":"2025-04-10T18:07:06","date_gmt":"2025-04-10T18:07:06","guid":{"rendered":"https:\/\/newsarovia.com\/?page_id=2782"},"modified":"2025-04-15T21:11:06","modified_gmt":"2025-04-15T21:11:06","slug":"know-your-rights-as-a-sarovian","status":"publish","type":"page","link":"https:\/\/newsarovia.com\/pt\/know-your-rights-as-a-sarovian\/","title":{"rendered":"Aprende Seus Direitos Como Saroviano"},"content":{"rendered":"\n<p>Nova Sarovia orgulha-se de seu status como uma democracia parlamentar gerida por seus membros. Consequentemente, se voc\u00ea \u00e9 um cidad\u00e3o Saroviano, possui uma ladainha de direitos legais e constitucionais. A Constitui\u00e7\u00e3o, aprovada pela primeira vez em AS 275, bem como o <em>C\u00f3digo de Lei de Mathiveas<\/em>, o c\u00f3digo penal formal de Nova Sarovia, aprovado pela primeira vez em AS 276, mencionam a grande maioria desses direitos e os discutem detalhadamente. No entanto, mesmo assim, outros Atos do Parlamento concedem direitos adicionais aos Sarovianos. Isso pode muitas vezes ser confuso para algumas pessoas que podem n\u00e3o saber exatamente quais direitos t\u00eam e quais n\u00e3o t\u00eam. Se voc\u00ea \u00e9 uma dessas pessoas se perguntando exatamente isso, esta p\u00e1gina \u00e9 para voc\u00ea.<\/p>\n\n\n\n<p>O Artigo 51 da Constitui\u00e7\u00e3o, conhecido como <em>Carta dos Direitos<\/em>, serve como um resumo dos direitos garantidos aos cidad\u00e3os Sarovianos, bem como uma base para leis adicionais que adicionem novos direitos ou retirem certos direitos. Esta Carta estabelece o seguinte:<\/p>\n\n\n\n<ul class=\"wp-block-list\">\n<li><em>Todos os Sarovianos s\u00e3o considerados<strong> iguais perante a lei.<\/strong><\/em><\/li>\n\n\n\n<li><em>Todos os Sarovianos \u00e9 garantida a <strong>liberdade de express\u00e3o, cren\u00e7a e opini\u00e3o<\/strong>, bem como a liberdade de express\u00e3o p\u00fablica na m\u00eddia ou na imprensa, exceto dentro dos limites razo\u00e1veis \u200b\u200bditados pelo Parlamento.<\/em><\/li>\n\n\n\n<li><em>Todos os Sarovianos t\u00eam a <strong>liberdade de falar na l\u00edngua oficial do Saroviano Alto<\/strong>, a l\u00edngua oficial e nacional do estado Saroviano.<\/em><\/li>\n\n\n\n<li><em>Todos os Sarovianos \u00e9 garantido o <strong>direito de reuni\u00e3o pac\u00edfica<\/strong>, sem interven\u00e7\u00e3o ou impedimento de representantes do governo do Soberano, exceto quando autorizado pela san\u00e7\u00e3o do Soberano.<\/em><\/li>\n\n\n\n<li><em>Todos os Sarovianos \u00e9 garantido o <strong>direito \u00e0 liberdade de movimento<\/strong> dentro e fora do estado Saroviano.<\/em><\/li>\n\n\n\n<li><em>Todos os Sarovianos \u00e9 garantido o <strong>direito \u00e0 vida, \u00e0 liberdade e \u00e0 seguran\u00e7a da pessoa e de suas informa\u00e7\u00f5es<\/strong>, exceto em conformidade com os princ\u00edpios fundamentais da justi\u00e7a.<\/em><\/li>\n\n\n\n<li><em>Todos os Sarovianos t\u00eam a garantia de igualdade perante e sob a lei e t\u00eam o direito \u00e0 prote\u00e7\u00e3o e ao benef\u00edcio da lei, <strong>sem discrimina\u00e7\u00e3o, incluindo discrimina\u00e7\u00e3o com base em ra\u00e7a, origem nacional ou \u00e9tnica, cor, sexo, idade ou defici\u00eancia mental ou f\u00edsica.<\/strong><\/em><\/li>\n\n\n\n<li><em>Todos os Sarovianos t\u00eam o direito, exceto quando limites razo\u00e1veis \u200b\u200bforem impostos pelos Atos do Parlamento, de <strong>servir em qualquer c\u00e2mara ou assembleia legislativa<\/strong> mencionada neste Ato Constitucional ou proibida por lei posteriormente, bem como o direito de votar em qualquer elei\u00e7\u00e3o para a qual estejam qualificados a participar.<\/em><\/li>\n\n\n\n<li><em>Todos os Sarovianos t\u00eam o <strong>direito de ser julgados por um tribunal independente e imparcial<\/strong> dentro de um prazo razo\u00e1vel, exceto em situa\u00e7\u00f5es em que o acusado se oponha repetidamente \u00e0s ordens do judici\u00e1rio.<\/em><\/li>\n\n\n\n<li><em>Todos os Sarovianos t\u00eam o <strong>direito de ser presumidos inocentes at\u00e9 que se prove a culpa <\/strong>de acordo com a lei.<\/em><\/li>\n\n\n\n<li><em>Todos os Sarovianos t\u00eam o <strong>direito de possuir propriedade<\/strong>, e nenhuma pessoa ser\u00e1 obrigada a ceder sua propriedade, exceto quando exigido por ordem do Soberano ou por ordem dos tribunais.<\/em><\/li>\n\n\n\n<li><em>Todos os Sarovianos <strong>possuem inerentemente esses direitos<\/strong> e n\u00e3o podem ser destitu\u00eddos deles, exceto com a remo\u00e7\u00e3o de sua cidadania na forma da lei e do costume, ou a ren\u00fancia volunt\u00e1ria da prote\u00e7\u00e3o desses direitos de qualquer saroviano que fa\u00e7a um juramento de investidura de qualquer tipo.<\/em><\/li>\n<\/ul>\n","protected":false},"excerpt":{"rendered":"<p>Nova Sarovia orgulha-se de seu status como uma democracia parlamentar gerida por seus membros. Consequentemente, se voc\u00ea \u00e9 um cidad\u00e3o Saroviano, possui uma ladainha de direitos legais e constitucionais. A Constitui\u00e7\u00e3o, aprovada pela primeira vez em AS 275, bem como o C\u00f3digo de Lei de Mathiveas, o c\u00f3digo penal formal de Nova Sarovia, aprovado pela [&hellip;]<\/p>\n","protected":false},"author":1,"featured_media":0,"parent":0,"menu_order":0,"comment_status":"closed","ping_status":"closed","template":"","meta":{"footnotes":""},"class_list":["post-2782","page","type-page","status-publish","hentry"],"yoast_head":"<!-- This site is optimized with the Yoast SEO plugin v27.3 - https:\/\/yoast.com\/product\/yoast-seo-wordpress\/ -->\n<title>Aprende Seus Direitos Como Saroviano - SMI Gouverna<\/title>\n<meta name=\"robots\" content=\"index, follow, max-snippet:-1, max-image-preview:large, max-video-preview:-1\" \/>\n<link rel=\"canonical\" href=\"https:\/\/newsarovia.com\/pt\/know-your-rights-as-a-sarovian\/\" \/>\n<meta property=\"og:locale\" content=\"pt_BR\" \/>\n<meta property=\"og:locale:alternate\" content=\"en_US\" \/>\n<meta property=\"og:type\" content=\"article\" \/>\n<meta property=\"og:title\" content=\"Aprende Seus Direitos Como Saroviano\" \/>\n<meta property=\"og:description\" content=\"Nova Sarovia orgulha-se de seu status como uma democracia parlamentar gerida por seus membros. Consequentemente, se voc\u00ea \u00e9 um cidad\u00e3o Saroviano, possui uma ladainha de direitos legais e constitucionais. A Constitui\u00e7\u00e3o, aprovada pela primeira vez em AS 275, bem como o C\u00f3digo de Lei de Mathiveas, o c\u00f3digo penal formal de Nova Sarovia, aprovado pela [&hellip;]\" \/>\n<meta property=\"og:url\" content=\"https:\/\/newsarovia.com\/pt\/know-your-rights-as-a-sarovian\/\" \/>\n<meta property=\"og:site_name\" content=\"SMI Gouverna\" \/>\n<meta property=\"article:modified_time\" content=\"2025-04-15T21:11:06+00:00\" \/>\n<meta name=\"twitter:card\" content=\"summary_large_image\" \/>\n<meta name=\"twitter:label1\" content=\"Est. tempo de leitura\" \/>\n\t<meta name=\"twitter:data1\" content=\"3 minutos\" \/>\n<script type=\"application\/ld+json\" class=\"yoast-schema-graph\">{\"@context\":\"https:\\\/\\\/schema.org\",\"@graph\":[{\"@type\":\"WebPage\",\"@id\":\"https:\\\/\\\/newsarovia.com\\\/pt\\\/know-your-rights-as-a-sarovian\\\/\",\"url\":\"https:\\\/\\\/newsarovia.com\\\/pt\\\/know-your-rights-as-a-sarovian\\\/\",\"name\":\"Aprende Seus Direitos Como Saroviano\",\"isPartOf\":{\"@id\":\"https:\\\/\\\/newsarovia.com\\\/#website\"},\"datePublished\":\"2025-04-10T18:07:06+00:00\",\"dateModified\":\"2025-04-15T21:11:06+00:00\",\"breadcrumb\":{\"@id\":\"https:\\\/\\\/newsarovia.com\\\/pt\\\/know-your-rights-as-a-sarovian\\\/#breadcrumb\"},\"inLanguage\":\"pt-BR\",\"potentialAction\":[{\"@type\":\"ReadAction\",\"target\":[\"https:\\\/\\\/newsarovia.com\\\/pt\\\/know-your-rights-as-a-sarovian\\\/\"]}]},{\"@type\":\"BreadcrumbList\",\"@id\":\"https:\\\/\\\/newsarovia.com\\\/pt\\\/know-your-rights-as-a-sarovian\\\/#breadcrumb\",\"itemListElement\":[{\"@type\":\"ListItem\",\"position\":1,\"name\":\"Home\",\"item\":\"https:\\\/\\\/newsarovia.com\\\/\"},{\"@type\":\"ListItem\",\"position\":2,\"name\":\"Aprende Seus Direitos Como Saroviano\"}]},{\"@type\":\"WebSite\",\"@id\":\"https:\\\/\\\/newsarovia.com\\\/#website\",\"url\":\"https:\\\/\\\/newsarovia.com\\\/\",\"name\":\"SMI Gouverna\",\"description\":\"\",\"publisher\":{\"@id\":\"https:\\\/\\\/newsarovia.com\\\/#organization\"},\"potentialAction\":[{\"@type\":\"SearchAction\",\"target\":{\"@type\":\"EntryPoint\",\"urlTemplate\":\"https:\\\/\\\/newsarovia.com\\\/?s={search_term_string}\"},\"query-input\":{\"@type\":\"PropertyValueSpecification\",\"valueRequired\":true,\"valueName\":\"search_term_string\"}}],\"inLanguage\":\"pt-BR\"},{\"@type\":\"Organization\",\"@id\":\"https:\\\/\\\/newsarovia.com\\\/#organization\",\"name\":\"Gouverna do Seito Majis Imperial\",\"url\":\"https:\\\/\\\/newsarovia.com\\\/\",\"logo\":{\"@type\":\"ImageObject\",\"inLanguage\":\"pt-BR\",\"@id\":\"https:\\\/\\\/newsarovia.com\\\/#\\\/schema\\\/logo\\\/image\\\/\",\"url\":\"https:\\\/\\\/newsarovia.com\\\/wp-content\\\/uploads\\\/2025\\\/01\\\/Sarovia-Logo-Words.png\",\"contentUrl\":\"https:\\\/\\\/newsarovia.com\\\/wp-content\\\/uploads\\\/2025\\\/01\\\/Sarovia-Logo-Words.png\",\"width\":9985,\"height\":2274,\"caption\":\"Gouverna do Seito Majis Imperial\"},\"image\":{\"@id\":\"https:\\\/\\\/newsarovia.com\\\/#\\\/schema\\\/logo\\\/image\\\/\"}}]}<\/script>\n<!-- \/ Yoast SEO plugin. -->","yoast_head_json":{"title":"Aprende Seus Direitos Como Saroviano - SMI Gouverna","robots":{"index":"index","follow":"follow","max-snippet":"max-snippet:-1","max-image-preview":"max-image-preview:large","max-video-preview":"max-video-preview:-1"},"canonical":"https:\/\/newsarovia.com\/pt\/know-your-rights-as-a-sarovian\/","og_locale":"pt_BR","og_type":"article","og_title":"[:en]Know Your Rights as a Sarovian[:pt]Aprende Seus Direitos Como Saroviano[:] - SMI Gouverna","og_description":"Nova Sarovia orgulha-se de seu status como uma democracia parlamentar gerida por seus membros. Consequentemente, se voc\u00ea \u00e9 um cidad\u00e3o Saroviano, possui uma ladainha de direitos legais e constitucionais. A Constitui\u00e7\u00e3o, aprovada pela primeira vez em AS 275, bem como o C\u00f3digo de Lei de Mathiveas, o c\u00f3digo penal formal de Nova Sarovia, aprovado pela [&hellip;]","og_url":"https:\/\/newsarovia.com\/pt\/know-your-rights-as-a-sarovian\/","og_site_name":"SMI Gouverna","article_modified_time":"2025-04-15T21:11:06+00:00","twitter_card":"summary_large_image","twitter_misc":{"Est. tempo de leitura":"3 minutos"},"schema":{"@context":"https:\/\/schema.org","@graph":[{"@type":"WebPage","@id":"https:\/\/newsarovia.com\/pt\/know-your-rights-as-a-sarovian\/","url":"https:\/\/newsarovia.com\/pt\/know-your-rights-as-a-sarovian\/","name":"Aprende Seus Direitos Como Saroviano","isPartOf":{"@id":"https:\/\/newsarovia.com\/#website"},"datePublished":"2025-04-10T18:07:06+00:00","dateModified":"2025-04-15T21:11:06+00:00","breadcrumb":{"@id":"https:\/\/newsarovia.com\/pt\/know-your-rights-as-a-sarovian\/#breadcrumb"},"inLanguage":"pt-BR","potentialAction":[{"@type":"ReadAction","target":["https:\/\/newsarovia.com\/pt\/know-your-rights-as-a-sarovian\/"]}]},{"@type":"BreadcrumbList","@id":"https:\/\/newsarovia.com\/pt\/know-your-rights-as-a-sarovian\/#breadcrumb","itemListElement":[{"@type":"ListItem","position":1,"name":"Home","item":"https:\/\/newsarovia.com\/"},{"@type":"ListItem","position":2,"name":"Aprende Seus Direitos Como Saroviano"}]},{"@type":"WebSite","@id":"https:\/\/newsarovia.com\/#website","url":"https:\/\/newsarovia.com\/","name":"SMI Gouverna","description":"","publisher":{"@id":"https:\/\/newsarovia.com\/#organization"},"potentialAction":[{"@type":"SearchAction","target":{"@type":"EntryPoint","urlTemplate":"https:\/\/newsarovia.com\/?s={search_term_string}"},"query-input":{"@type":"PropertyValueSpecification","valueRequired":true,"valueName":"search_term_string"}}],"inLanguage":"pt-BR"},{"@type":"Organization","@id":"https:\/\/newsarovia.com\/#organization","name":"Gouverna do Seito Majis Imperial","url":"https:\/\/newsarovia.com\/","logo":{"@type":"ImageObject","inLanguage":"pt-BR","@id":"https:\/\/newsarovia.com\/#\/schema\/logo\/image\/","url":"https:\/\/newsarovia.com\/wp-content\/uploads\/2025\/01\/Sarovia-Logo-Words.png","contentUrl":"https:\/\/newsarovia.com\/wp-content\/uploads\/2025\/01\/Sarovia-Logo-Words.png","width":9985,"height":2274,"caption":"Gouverna do Seito Majis Imperial"},"image":{"@id":"https:\/\/newsarovia.com\/#\/schema\/logo\/image\/"}}]}},"_links":{"self":[{"href":"https:\/\/newsarovia.com\/pt\/wp-json\/wp\/v2\/pages\/2782","targetHints":{"allow":["GET"]}}],"collection":[{"href":"https:\/\/newsarovia.com\/pt\/wp-json\/wp\/v2\/pages"}],"about":[{"href":"https:\/\/newsarovia.com\/pt\/wp-json\/wp\/v2\/types\/page"}],"author":[{"embeddable":true,"href":"https:\/\/newsarovia.com\/pt\/wp-json\/wp\/v2\/users\/1"}],"replies":[{"embeddable":true,"href":"https:\/\/newsarovia.com\/pt\/wp-json\/wp\/v2\/comments?post=2782"}],"version-history":[{"count":3,"href":"https:\/\/newsarovia.com\/pt\/wp-json\/wp\/v2\/pages\/2782\/revisions"}],"predecessor-version":[{"id":2875,"href":"https:\/\/newsarovia.com\/pt\/wp-json\/wp\/v2\/pages\/2782\/revisions\/2875"}],"wp:attachment":[{"href":"https:\/\/newsarovia.com\/pt\/wp-json\/wp\/v2\/media?parent=2782"}],"curies":[{"name":"wp","href":"https:\/\/api.w.org\/{rel}","templated":true}]}}