{"id":2789,"date":"2025-04-10T18:10:43","date_gmt":"2025-04-10T18:10:43","guid":{"rendered":"https:\/\/newsarovia.com\/?page_id=2789"},"modified":"2025-04-22T04:10:41","modified_gmt":"2025-04-22T04:10:41","slug":"foreign-affairs-log","status":"publish","type":"page","link":"https:\/\/newsarovia.com\/pt\/foreign-affairs-log\/","title":{"rendered":"Registro de Rela\u00e7\u00f5es Exteriores"},"content":{"rendered":"\n<p>O <strong>Registro de Rela\u00e7\u00f5es Exteriores<\/strong> \u00e9 mantido pelo <em>Sacretelle Etasora<\/em> como o local onde tudo e qualquer coisa sobre as rela\u00e7\u00f5es diplom\u00e1ticas de Sarovia \u00e9 armazenado. Onde antes Sarovia era uma das muitas na\u00e7\u00f5es orgulhosas em um continente pr\u00f3spero, Sarovia, embora prospere agora mais do que nunca, tamb\u00e9m est\u00e1 sozinha como a \u00fanica superpot\u00eancia do Graal. Como resultado, muitos cl\u00e3s b\u00e1rbaros entram e saem das fronteiras de Sarovia, enquanto que, al\u00e9m dos mares, um novo horizonte est\u00e1 se abrindo para Sarovia \u00e0 medida que come\u00e7amos a expandir nossas rela\u00e7\u00f5es com aqueles que est\u00e3o fora de Graal. Esses esfor\u00e7os tamb\u00e9m est\u00e3o inclu\u00eddos no registro para mant\u00ea-lo atualizado e preciso.<\/p>\n\n\n\n<p>O Registro \u00e9 atualizado semanalmente e est\u00e1 dividido em tr\u00eas se\u00e7\u00f5es. A primeira se refere \u00e0 <strong>Comunidade Saroviana<\/strong> e inclui os v\u00e1rios Dom\u00ednios e outros grupos diretamente em fidelidade \u00e0 Coroa. Enquanto isso, a segunda se refere a <strong>cl\u00e3s e grupos b\u00e1rbaros<\/strong> dentro do Graal e a terceira se refere a <strong>grupos fora do Graal<\/strong>. Todas as se\u00e7\u00f5es incluem o m\u00e1ximo de informa\u00e7\u00f5es que o Minist\u00e9rio tem dispon\u00edvel no momento da reda\u00e7\u00e3o &#8211; se tiver quaisquer informa\u00e7\u00f5es adicionais que considere pertinente para o Minist\u00e9rio saber, fale com o <em>Sacretelle Etasora<\/em>!<\/p>\n\n\n\n<h2 class=\"wp-block-heading has-text-align-center has-primary-color has-text-color has-link-color wp-elements-274c586b0e382a1ca01de4ecd4173cf3\" style=\"font-size:clamp(22.041px, 1.378rem + ((1vw - 3.2px) * 1.586), 36px);\">Leia o Registro <em>AQUI!<\/em><\/h2>\n","protected":false},"excerpt":{"rendered":"<p>O Registro de Rela\u00e7\u00f5es Exteriores \u00e9 mantido pelo Sacretelle Etasora como o local onde tudo e qualquer coisa sobre as rela\u00e7\u00f5es diplom\u00e1ticas de Sarovia \u00e9 armazenado. Onde antes Sarovia era uma das muitas na\u00e7\u00f5es orgulhosas em um continente pr\u00f3spero, Sarovia, embora prospere agora mais do que nunca, tamb\u00e9m est\u00e1 sozinha como a \u00fanica superpot\u00eancia do [&hellip;]<\/p>\n","protected":false},"author":1,"featured_media":0,"parent":0,"menu_order":0,"comment_status":"closed","ping_status":"closed","template":"","meta":{"footnotes":""},"class_list":["post-2789","page","type-page","status-publish","hentry"],"yoast_head":"<!-- This site is optimized with the Yoast SEO plugin v27.3 - https:\/\/yoast.com\/product\/yoast-seo-wordpress\/ -->\n<title>Registro de Rela\u00e7\u00f5es Exteriores - SMI Gouverna<\/title>\n<meta name=\"robots\" content=\"index, follow, max-snippet:-1, max-image-preview:large, max-video-preview:-1\" \/>\n<link rel=\"canonical\" href=\"https:\/\/newsarovia.com\/pt\/foreign-affairs-log\/\" \/>\n<meta property=\"og:locale\" content=\"pt_BR\" \/>\n<meta property=\"og:locale:alternate\" content=\"en_US\" \/>\n<meta property=\"og:type\" content=\"article\" \/>\n<meta property=\"og:title\" content=\"Registro de Rela\u00e7\u00f5es Exteriores\" \/>\n<meta property=\"og:description\" content=\"O Registro de Rela\u00e7\u00f5es Exteriores \u00e9 mantido pelo Sacretelle Etasora como o local onde tudo e qualquer coisa sobre as rela\u00e7\u00f5es diplom\u00e1ticas de Sarovia \u00e9 armazenado. Onde antes Sarovia era uma das muitas na\u00e7\u00f5es orgulhosas em um continente pr\u00f3spero, Sarovia, embora prospere agora mais do que nunca, tamb\u00e9m est\u00e1 sozinha como a \u00fanica superpot\u00eancia do [&hellip;]\" \/>\n<meta property=\"og:url\" content=\"https:\/\/newsarovia.com\/pt\/foreign-affairs-log\/\" \/>\n<meta property=\"og:site_name\" content=\"SMI Gouverna\" \/>\n<meta property=\"article:modified_time\" content=\"2025-04-22T04:10:41+00:00\" \/>\n<meta name=\"twitter:card\" content=\"summary_large_image\" \/>\n<meta name=\"twitter:label1\" content=\"Est. tempo de leitura\" \/>\n\t<meta name=\"twitter:data1\" content=\"1 minuto\" \/>\n<script type=\"application\/ld+json\" class=\"yoast-schema-graph\">{\"@context\":\"https:\\\/\\\/schema.org\",\"@graph\":[{\"@type\":\"WebPage\",\"@id\":\"https:\\\/\\\/newsarovia.com\\\/pt\\\/foreign-affairs-log\\\/\",\"url\":\"https:\\\/\\\/newsarovia.com\\\/pt\\\/foreign-affairs-log\\\/\",\"name\":\"Registro de Rela\u00e7\u00f5es Exteriores\",\"isPartOf\":{\"@id\":\"https:\\\/\\\/newsarovia.com\\\/#website\"},\"datePublished\":\"2025-04-10T18:10:43+00:00\",\"dateModified\":\"2025-04-22T04:10:41+00:00\",\"breadcrumb\":{\"@id\":\"https:\\\/\\\/newsarovia.com\\\/pt\\\/foreign-affairs-log\\\/#breadcrumb\"},\"inLanguage\":\"pt-BR\",\"potentialAction\":[{\"@type\":\"ReadAction\",\"target\":[\"https:\\\/\\\/newsarovia.com\\\/pt\\\/foreign-affairs-log\\\/\"]}]},{\"@type\":\"BreadcrumbList\",\"@id\":\"https:\\\/\\\/newsarovia.com\\\/pt\\\/foreign-affairs-log\\\/#breadcrumb\",\"itemListElement\":[{\"@type\":\"ListItem\",\"position\":1,\"name\":\"Home\",\"item\":\"https:\\\/\\\/newsarovia.com\\\/\"},{\"@type\":\"ListItem\",\"position\":2,\"name\":\"Registro de Rela\u00e7\u00f5es Exteriores\"}]},{\"@type\":\"WebSite\",\"@id\":\"https:\\\/\\\/newsarovia.com\\\/#website\",\"url\":\"https:\\\/\\\/newsarovia.com\\\/\",\"name\":\"SMI Gouverna\",\"description\":\"\",\"publisher\":{\"@id\":\"https:\\\/\\\/newsarovia.com\\\/#organization\"},\"potentialAction\":[{\"@type\":\"SearchAction\",\"target\":{\"@type\":\"EntryPoint\",\"urlTemplate\":\"https:\\\/\\\/newsarovia.com\\\/?s={search_term_string}\"},\"query-input\":{\"@type\":\"PropertyValueSpecification\",\"valueRequired\":true,\"valueName\":\"search_term_string\"}}],\"inLanguage\":\"pt-BR\"},{\"@type\":\"Organization\",\"@id\":\"https:\\\/\\\/newsarovia.com\\\/#organization\",\"name\":\"Gouverna do Seito Majis Imperial\",\"url\":\"https:\\\/\\\/newsarovia.com\\\/\",\"logo\":{\"@type\":\"ImageObject\",\"inLanguage\":\"pt-BR\",\"@id\":\"https:\\\/\\\/newsarovia.com\\\/#\\\/schema\\\/logo\\\/image\\\/\",\"url\":\"https:\\\/\\\/newsarovia.com\\\/wp-content\\\/uploads\\\/2025\\\/01\\\/Sarovia-Logo-Words.png\",\"contentUrl\":\"https:\\\/\\\/newsarovia.com\\\/wp-content\\\/uploads\\\/2025\\\/01\\\/Sarovia-Logo-Words.png\",\"width\":9985,\"height\":2274,\"caption\":\"Gouverna do Seito Majis Imperial\"},\"image\":{\"@id\":\"https:\\\/\\\/newsarovia.com\\\/#\\\/schema\\\/logo\\\/image\\\/\"}}]}<\/script>\n<!-- \/ Yoast SEO plugin. -->","yoast_head_json":{"title":"Registro de Rela\u00e7\u00f5es Exteriores - SMI Gouverna","robots":{"index":"index","follow":"follow","max-snippet":"max-snippet:-1","max-image-preview":"max-image-preview:large","max-video-preview":"max-video-preview:-1"},"canonical":"https:\/\/newsarovia.com\/pt\/foreign-affairs-log\/","og_locale":"pt_BR","og_type":"article","og_title":"[:en]Foreign Affairs Log[:pt]Registro de Rela\u00e7\u00f5es Exteriores[:] - SMI Gouverna","og_description":"O Registro de Rela\u00e7\u00f5es Exteriores \u00e9 mantido pelo Sacretelle Etasora como o local onde tudo e qualquer coisa sobre as rela\u00e7\u00f5es diplom\u00e1ticas de Sarovia \u00e9 armazenado. Onde antes Sarovia era uma das muitas na\u00e7\u00f5es orgulhosas em um continente pr\u00f3spero, Sarovia, embora prospere agora mais do que nunca, tamb\u00e9m est\u00e1 sozinha como a \u00fanica superpot\u00eancia do [&hellip;]","og_url":"https:\/\/newsarovia.com\/pt\/foreign-affairs-log\/","og_site_name":"SMI Gouverna","article_modified_time":"2025-04-22T04:10:41+00:00","twitter_card":"summary_large_image","twitter_misc":{"Est. tempo de leitura":"1 minuto"},"schema":{"@context":"https:\/\/schema.org","@graph":[{"@type":"WebPage","@id":"https:\/\/newsarovia.com\/pt\/foreign-affairs-log\/","url":"https:\/\/newsarovia.com\/pt\/foreign-affairs-log\/","name":"Registro de Rela\u00e7\u00f5es Exteriores","isPartOf":{"@id":"https:\/\/newsarovia.com\/#website"},"datePublished":"2025-04-10T18:10:43+00:00","dateModified":"2025-04-22T04:10:41+00:00","breadcrumb":{"@id":"https:\/\/newsarovia.com\/pt\/foreign-affairs-log\/#breadcrumb"},"inLanguage":"pt-BR","potentialAction":[{"@type":"ReadAction","target":["https:\/\/newsarovia.com\/pt\/foreign-affairs-log\/"]}]},{"@type":"BreadcrumbList","@id":"https:\/\/newsarovia.com\/pt\/foreign-affairs-log\/#breadcrumb","itemListElement":[{"@type":"ListItem","position":1,"name":"Home","item":"https:\/\/newsarovia.com\/"},{"@type":"ListItem","position":2,"name":"Registro de Rela\u00e7\u00f5es Exteriores"}]},{"@type":"WebSite","@id":"https:\/\/newsarovia.com\/#website","url":"https:\/\/newsarovia.com\/","name":"SMI Gouverna","description":"","publisher":{"@id":"https:\/\/newsarovia.com\/#organization"},"potentialAction":[{"@type":"SearchAction","target":{"@type":"EntryPoint","urlTemplate":"https:\/\/newsarovia.com\/?s={search_term_string}"},"query-input":{"@type":"PropertyValueSpecification","valueRequired":true,"valueName":"search_term_string"}}],"inLanguage":"pt-BR"},{"@type":"Organization","@id":"https:\/\/newsarovia.com\/#organization","name":"Gouverna do Seito Majis Imperial","url":"https:\/\/newsarovia.com\/","logo":{"@type":"ImageObject","inLanguage":"pt-BR","@id":"https:\/\/newsarovia.com\/#\/schema\/logo\/image\/","url":"https:\/\/newsarovia.com\/wp-content\/uploads\/2025\/01\/Sarovia-Logo-Words.png","contentUrl":"https:\/\/newsarovia.com\/wp-content\/uploads\/2025\/01\/Sarovia-Logo-Words.png","width":9985,"height":2274,"caption":"Gouverna do Seito Majis Imperial"},"image":{"@id":"https:\/\/newsarovia.com\/#\/schema\/logo\/image\/"}}]}},"_links":{"self":[{"href":"https:\/\/newsarovia.com\/pt\/wp-json\/wp\/v2\/pages\/2789","targetHints":{"allow":["GET"]}}],"collection":[{"href":"https:\/\/newsarovia.com\/pt\/wp-json\/wp\/v2\/pages"}],"about":[{"href":"https:\/\/newsarovia.com\/pt\/wp-json\/wp\/v2\/types\/page"}],"author":[{"embeddable":true,"href":"https:\/\/newsarovia.com\/pt\/wp-json\/wp\/v2\/users\/1"}],"replies":[{"embeddable":true,"href":"https:\/\/newsarovia.com\/pt\/wp-json\/wp\/v2\/comments?post=2789"}],"version-history":[{"count":5,"href":"https:\/\/newsarovia.com\/pt\/wp-json\/wp\/v2\/pages\/2789\/revisions"}],"predecessor-version":[{"id":2957,"href":"https:\/\/newsarovia.com\/pt\/wp-json\/wp\/v2\/pages\/2789\/revisions\/2957"}],"wp:attachment":[{"href":"https:\/\/newsarovia.com\/pt\/wp-json\/wp\/v2\/media?parent=2789"}],"curies":[{"name":"wp","href":"https:\/\/api.w.org\/{rel}","templated":true}]}}