{"id":2790,"date":"2025-04-10T18:11:01","date_gmt":"2025-04-10T18:11:01","guid":{"rendered":"https:\/\/newsarovia.com\/?page_id=2790"},"modified":"2025-04-22T04:25:30","modified_gmt":"2025-04-22T04:25:30","slug":"treaties-and-international-agreements","status":"publish","type":"page","link":"https:\/\/newsarovia.com\/pt\/treaties-and-international-agreements\/","title":{"rendered":"Tratados e Acordos Internacionais"},"content":{"rendered":"\n<p>Nova Sarovia mant\u00e9m v\u00e1rios <strong>tratados e acordos internacionais<\/strong>, alguns dentro da Comunidade Saroviana ou com grupos dentro dela, e outros com grupos totalmente fora dela. Esta p\u00e1gina serve como um registro abrangente de todos os acordos estrangeiros atualmente ativos que Sarovia fez ou assinou. Uma grande parte das rela\u00e7\u00f5es formais com outros grupos sempre foi a cria\u00e7\u00e3o de tratados, e o trabalho \u00e1rduo e cont\u00ednuo de nossos Membros do Parlamento e diplomatas do Servi\u00e7o Civil ajuda a tornar isso uma possibilidade.<\/p>\n\n\n\n<h2 class=\"wp-block-heading has-primary-color has-text-color has-link-color wp-elements-c601f5a499262ef64d05d50b5b451b74\" style=\"font-size:clamp(22.041px, 1.378rem + ((1vw - 3.2px) * 1.586), 36px);\">Lista de Acordos Ativos<\/h2>\n\n\n\n<ul class=\"wp-block-list\">\n<li><strong><em><a href=\"https:\/\/newsarovia.com\/wp-content\/uploads\/2025\/02\/Commonwealth-Act-of-295-AS-LUS.pdf\">Ato para o Estabelecimento da Comunidade Saroviana<\/a><\/em><\/strong><\/li>\n\n\n\n<li><strong><em><a href=\"https:\/\/newsarovia.com\/wp-content\/uploads\/2025\/02\/Carolusburg-Trade-Act-of-310-AS-LUS.pdf\">Tratado de Carolusburg<\/a><\/em><\/strong><\/li>\n\n\n\n<li><strong><em><a href=\"https:\/\/newsarovia.com\/wp-content\/uploads\/2025\/02\/Treaty-of-Tristopoli-of-314-AS-LUS.pdf\">Tratado de Tristopoli<\/a><\/em><\/strong><\/li>\n\n\n\n<li><strong><em><a href=\"https:\/\/newsarovia.com\/wp-content\/uploads\/2025\/03\/Clergy-Act-of-321-AS-LUS.pdf\">Ato para a Promo\u00e7\u00e3o do Clero Stef\u00e2nico no Imp\u00e9rio<\/a><\/em><\/strong><\/li>\n\n\n\n<li><strong><em><a href=\"https:\/\/newsarovia.com\/wp-content\/uploads\/2025\/03\/Treaty-of-Bellwood-Act-of-323-AS-LUS.pdf\">Tratado de Bellwood<\/a><\/em><\/strong><\/li>\n\n\n\n<li><strong><em><a href=\"https:\/\/newsarovia.com\/wp-content\/uploads\/2025\/03\/Treaty-of-Escora-Act-of-323-AS-LUS.pdf\">Tratado de Escora<\/a><\/em><\/strong><\/li>\n<\/ul>\n","protected":false},"excerpt":{"rendered":"<p>Nova Sarovia mant\u00e9m v\u00e1rios tratados e acordos internacionais, alguns dentro da Comunidade Saroviana ou com grupos dentro dela, e outros com grupos totalmente fora dela. Esta p\u00e1gina serve como um registro abrangente de todos os acordos estrangeiros atualmente ativos que Sarovia fez ou assinou. Uma grande parte das rela\u00e7\u00f5es formais com outros grupos sempre foi [&hellip;]<\/p>\n","protected":false},"author":1,"featured_media":0,"parent":0,"menu_order":0,"comment_status":"closed","ping_status":"closed","template":"","meta":{"footnotes":""},"class_list":["post-2790","page","type-page","status-publish","hentry"],"yoast_head":"<!-- This site is optimized with the Yoast SEO plugin v27.3 - https:\/\/yoast.com\/product\/yoast-seo-wordpress\/ -->\n<title>Tratados e Acordos Internacionais - SMI Gouverna<\/title>\n<meta name=\"robots\" content=\"index, follow, max-snippet:-1, max-image-preview:large, max-video-preview:-1\" \/>\n<link rel=\"canonical\" href=\"https:\/\/newsarovia.com\/pt\/treaties-and-international-agreements\/\" \/>\n<meta property=\"og:locale\" content=\"pt_BR\" \/>\n<meta property=\"og:locale:alternate\" content=\"en_US\" \/>\n<meta property=\"og:type\" content=\"article\" \/>\n<meta property=\"og:title\" content=\"Tratados e Acordos Internacionais\" \/>\n<meta property=\"og:description\" content=\"Nova Sarovia mant\u00e9m v\u00e1rios tratados e acordos internacionais, alguns dentro da Comunidade Saroviana ou com grupos dentro dela, e outros com grupos totalmente fora dela. Esta p\u00e1gina serve como um registro abrangente de todos os acordos estrangeiros atualmente ativos que Sarovia fez ou assinou. Uma grande parte das rela\u00e7\u00f5es formais com outros grupos sempre foi [&hellip;]\" \/>\n<meta property=\"og:url\" content=\"https:\/\/newsarovia.com\/pt\/treaties-and-international-agreements\/\" \/>\n<meta property=\"og:site_name\" content=\"SMI Gouverna\" \/>\n<meta property=\"article:modified_time\" content=\"2025-04-22T04:25:30+00:00\" \/>\n<meta name=\"twitter:card\" content=\"summary_large_image\" \/>\n<meta name=\"twitter:label1\" content=\"Est. tempo de leitura\" \/>\n\t<meta name=\"twitter:data1\" content=\"1 minuto\" \/>\n<script type=\"application\/ld+json\" class=\"yoast-schema-graph\">{\"@context\":\"https:\\\/\\\/schema.org\",\"@graph\":[{\"@type\":\"WebPage\",\"@id\":\"https:\\\/\\\/newsarovia.com\\\/pt\\\/treaties-and-international-agreements\\\/\",\"url\":\"https:\\\/\\\/newsarovia.com\\\/pt\\\/treaties-and-international-agreements\\\/\",\"name\":\"Tratados e Acordos Internacionais\",\"isPartOf\":{\"@id\":\"https:\\\/\\\/newsarovia.com\\\/#website\"},\"datePublished\":\"2025-04-10T18:11:01+00:00\",\"dateModified\":\"2025-04-22T04:25:30+00:00\",\"breadcrumb\":{\"@id\":\"https:\\\/\\\/newsarovia.com\\\/pt\\\/treaties-and-international-agreements\\\/#breadcrumb\"},\"inLanguage\":\"pt-BR\",\"potentialAction\":[{\"@type\":\"ReadAction\",\"target\":[\"https:\\\/\\\/newsarovia.com\\\/pt\\\/treaties-and-international-agreements\\\/\"]}]},{\"@type\":\"BreadcrumbList\",\"@id\":\"https:\\\/\\\/newsarovia.com\\\/pt\\\/treaties-and-international-agreements\\\/#breadcrumb\",\"itemListElement\":[{\"@type\":\"ListItem\",\"position\":1,\"name\":\"Home\",\"item\":\"https:\\\/\\\/newsarovia.com\\\/\"},{\"@type\":\"ListItem\",\"position\":2,\"name\":\"Tratados e Acordos Internacionais\"}]},{\"@type\":\"WebSite\",\"@id\":\"https:\\\/\\\/newsarovia.com\\\/#website\",\"url\":\"https:\\\/\\\/newsarovia.com\\\/\",\"name\":\"SMI Gouverna\",\"description\":\"\",\"publisher\":{\"@id\":\"https:\\\/\\\/newsarovia.com\\\/#organization\"},\"potentialAction\":[{\"@type\":\"SearchAction\",\"target\":{\"@type\":\"EntryPoint\",\"urlTemplate\":\"https:\\\/\\\/newsarovia.com\\\/?s={search_term_string}\"},\"query-input\":{\"@type\":\"PropertyValueSpecification\",\"valueRequired\":true,\"valueName\":\"search_term_string\"}}],\"inLanguage\":\"pt-BR\"},{\"@type\":\"Organization\",\"@id\":\"https:\\\/\\\/newsarovia.com\\\/#organization\",\"name\":\"Gouverna do Seito Majis Imperial\",\"url\":\"https:\\\/\\\/newsarovia.com\\\/\",\"logo\":{\"@type\":\"ImageObject\",\"inLanguage\":\"pt-BR\",\"@id\":\"https:\\\/\\\/newsarovia.com\\\/#\\\/schema\\\/logo\\\/image\\\/\",\"url\":\"https:\\\/\\\/newsarovia.com\\\/wp-content\\\/uploads\\\/2025\\\/01\\\/Sarovia-Logo-Words.png\",\"contentUrl\":\"https:\\\/\\\/newsarovia.com\\\/wp-content\\\/uploads\\\/2025\\\/01\\\/Sarovia-Logo-Words.png\",\"width\":9985,\"height\":2274,\"caption\":\"Gouverna do Seito Majis Imperial\"},\"image\":{\"@id\":\"https:\\\/\\\/newsarovia.com\\\/#\\\/schema\\\/logo\\\/image\\\/\"}}]}<\/script>\n<!-- \/ Yoast SEO plugin. -->","yoast_head_json":{"title":"Tratados e Acordos Internacionais - SMI Gouverna","robots":{"index":"index","follow":"follow","max-snippet":"max-snippet:-1","max-image-preview":"max-image-preview:large","max-video-preview":"max-video-preview:-1"},"canonical":"https:\/\/newsarovia.com\/pt\/treaties-and-international-agreements\/","og_locale":"pt_BR","og_type":"article","og_title":"[:en]Treaties and International Agreements[:pt]Tratados e Acordos Internacionais[:] - SMI Gouverna","og_description":"Nova Sarovia mant\u00e9m v\u00e1rios tratados e acordos internacionais, alguns dentro da Comunidade Saroviana ou com grupos dentro dela, e outros com grupos totalmente fora dela. Esta p\u00e1gina serve como um registro abrangente de todos os acordos estrangeiros atualmente ativos que Sarovia fez ou assinou. Uma grande parte das rela\u00e7\u00f5es formais com outros grupos sempre foi [&hellip;]","og_url":"https:\/\/newsarovia.com\/pt\/treaties-and-international-agreements\/","og_site_name":"SMI Gouverna","article_modified_time":"2025-04-22T04:25:30+00:00","twitter_card":"summary_large_image","twitter_misc":{"Est. tempo de leitura":"1 minuto"},"schema":{"@context":"https:\/\/schema.org","@graph":[{"@type":"WebPage","@id":"https:\/\/newsarovia.com\/pt\/treaties-and-international-agreements\/","url":"https:\/\/newsarovia.com\/pt\/treaties-and-international-agreements\/","name":"Tratados e Acordos Internacionais","isPartOf":{"@id":"https:\/\/newsarovia.com\/#website"},"datePublished":"2025-04-10T18:11:01+00:00","dateModified":"2025-04-22T04:25:30+00:00","breadcrumb":{"@id":"https:\/\/newsarovia.com\/pt\/treaties-and-international-agreements\/#breadcrumb"},"inLanguage":"pt-BR","potentialAction":[{"@type":"ReadAction","target":["https:\/\/newsarovia.com\/pt\/treaties-and-international-agreements\/"]}]},{"@type":"BreadcrumbList","@id":"https:\/\/newsarovia.com\/pt\/treaties-and-international-agreements\/#breadcrumb","itemListElement":[{"@type":"ListItem","position":1,"name":"Home","item":"https:\/\/newsarovia.com\/"},{"@type":"ListItem","position":2,"name":"Tratados e Acordos Internacionais"}]},{"@type":"WebSite","@id":"https:\/\/newsarovia.com\/#website","url":"https:\/\/newsarovia.com\/","name":"SMI Gouverna","description":"","publisher":{"@id":"https:\/\/newsarovia.com\/#organization"},"potentialAction":[{"@type":"SearchAction","target":{"@type":"EntryPoint","urlTemplate":"https:\/\/newsarovia.com\/?s={search_term_string}"},"query-input":{"@type":"PropertyValueSpecification","valueRequired":true,"valueName":"search_term_string"}}],"inLanguage":"pt-BR"},{"@type":"Organization","@id":"https:\/\/newsarovia.com\/#organization","name":"Gouverna do Seito Majis Imperial","url":"https:\/\/newsarovia.com\/","logo":{"@type":"ImageObject","inLanguage":"pt-BR","@id":"https:\/\/newsarovia.com\/#\/schema\/logo\/image\/","url":"https:\/\/newsarovia.com\/wp-content\/uploads\/2025\/01\/Sarovia-Logo-Words.png","contentUrl":"https:\/\/newsarovia.com\/wp-content\/uploads\/2025\/01\/Sarovia-Logo-Words.png","width":9985,"height":2274,"caption":"Gouverna do Seito Majis Imperial"},"image":{"@id":"https:\/\/newsarovia.com\/#\/schema\/logo\/image\/"}}]}},"_links":{"self":[{"href":"https:\/\/newsarovia.com\/pt\/wp-json\/wp\/v2\/pages\/2790","targetHints":{"allow":["GET"]}}],"collection":[{"href":"https:\/\/newsarovia.com\/pt\/wp-json\/wp\/v2\/pages"}],"about":[{"href":"https:\/\/newsarovia.com\/pt\/wp-json\/wp\/v2\/types\/page"}],"author":[{"embeddable":true,"href":"https:\/\/newsarovia.com\/pt\/wp-json\/wp\/v2\/users\/1"}],"replies":[{"embeddable":true,"href":"https:\/\/newsarovia.com\/pt\/wp-json\/wp\/v2\/comments?post=2790"}],"version-history":[{"count":3,"href":"https:\/\/newsarovia.com\/pt\/wp-json\/wp\/v2\/pages\/2790\/revisions"}],"predecessor-version":[{"id":2960,"href":"https:\/\/newsarovia.com\/pt\/wp-json\/wp\/v2\/pages\/2790\/revisions\/2960"}],"wp:attachment":[{"href":"https:\/\/newsarovia.com\/pt\/wp-json\/wp\/v2\/media?parent=2790"}],"curies":[{"name":"wp","href":"https:\/\/api.w.org\/{rel}","templated":true}]}}