{"id":2791,"date":"2025-04-10T18:11:20","date_gmt":"2025-04-10T18:11:20","guid":{"rendered":"https:\/\/newsarovia.com\/?page_id=2791"},"modified":"2025-04-22T05:51:16","modified_gmt":"2025-04-22T05:51:16","slug":"exchange-of-diplomats","status":"publish","type":"page","link":"https:\/\/newsarovia.com\/pt\/exchange-of-diplomats\/","title":{"rendered":"Interc\u00e2mbio de Diplomatas"},"content":{"rendered":"\n<p>Em Nova Sarovia, o interc\u00e2mbio de diplomatas \u00e9 uma tradi\u00e7\u00e3o consagrada pelo tempo que remonta aos primeiros dias da diplomacia no Graal. As na\u00e7\u00f5es geralmente nomeavam membros seniores para servir como embaixadores em outras na\u00e7\u00f5es &#8211; alguns se reportavam diretamente \u00e0 lideran\u00e7a nacional, enquanto outros se reportavam a um ministro de rela\u00e7\u00f5es exteriores. Hoje, em Nova Sarovia, h\u00e1 dois tipos de diplomatas: embaixadores e Altos Comiss\u00e1rios. Os primeiros, que se reportam ao <em>Sacretelle Etasora,<\/em> atuam fora da Commonwealth, bem como dentro da Commonwealth para quaisquer membros que n\u00e3o reconhe\u00e7am o Soberano Saroviano como chefe de estado.<\/p>\n\n\n\n<p>Tradicionalmente, ao representar Sarovia para uma na\u00e7\u00e3o ou grupo estrangeiro, um embaixador apresentar\u00e1 uma <em>Carta Credencial<\/em>, um documento formal que cont\u00e9m uma mensagem do embaixador aprovada pelo <em>Sacretelle Etasora<\/em>, na qual o embaixador se apresenta ao grupo com o qual est\u00e1 trabalhando e expressa os desejos e sentimentos do Governo Saroviano.<\/p>\n\n\n\n<p>Por outro lado, quando Sarovia recebe diplomatas estrangeiros, ocorre um ritual elaborado na <em>Cortenne eui Leda<\/em>, na Cidade de Sarholm, no qual a <em>Sacretelle Etasora<\/em> colabora com os cerimoniais <em>Bennenoficieros eui tel Etaso<\/em> (Grandes Oficiais de Estado) para dar as boas-vindas aos representantes estrangeiros, ao final do qual h\u00e1 uma breve audi\u00eancia com o Soberano. Se um grupo estrangeiro tiver um conceito de cartas credenciais, \u00e9 nesse momento que elas s\u00e3o apresentadas.<\/p>\n\n\n\n<p>Se voc\u00ea \u00e9 representante de uma entidade ou grupo estrangeiro, est\u00e1 procurando iniciar um relacionamento com Nova Sarovia e est\u00e1 se perguntando qual a melhor maneira de faz\u00ea-lo, sinta-se \u00e0 vontade para entrar em contato com a <em>Sacretelle Etasora<\/em> para organizar uma reuni\u00e3o!<\/p>\n","protected":false},"excerpt":{"rendered":"<p>Em Nova Sarovia, o interc\u00e2mbio de diplomatas \u00e9 uma tradi\u00e7\u00e3o consagrada pelo tempo que remonta aos primeiros dias da diplomacia no Graal. As na\u00e7\u00f5es geralmente nomeavam membros seniores para servir como embaixadores em outras na\u00e7\u00f5es &#8211; alguns se reportavam diretamente \u00e0 lideran\u00e7a nacional, enquanto outros se reportavam a um ministro de rela\u00e7\u00f5es exteriores. Hoje, em [&hellip;]<\/p>\n","protected":false},"author":1,"featured_media":0,"parent":0,"menu_order":0,"comment_status":"closed","ping_status":"closed","template":"","meta":{"footnotes":""},"class_list":["post-2791","page","type-page","status-publish","hentry"],"yoast_head":"<!-- This site is optimized with the Yoast SEO plugin v27.3 - https:\/\/yoast.com\/product\/yoast-seo-wordpress\/ -->\n<title>Interc\u00e2mbio de Diplomatas - SMI Gouverna<\/title>\n<meta name=\"robots\" content=\"index, follow, max-snippet:-1, max-image-preview:large, max-video-preview:-1\" \/>\n<link rel=\"canonical\" href=\"https:\/\/newsarovia.com\/pt\/exchange-of-diplomats\/\" \/>\n<meta property=\"og:locale\" content=\"pt_BR\" \/>\n<meta property=\"og:locale:alternate\" content=\"en_US\" \/>\n<meta property=\"og:type\" content=\"article\" \/>\n<meta property=\"og:title\" content=\"Interc\u00e2mbio de Diplomatas\" \/>\n<meta property=\"og:description\" content=\"Em Nova Sarovia, o interc\u00e2mbio de diplomatas \u00e9 uma tradi\u00e7\u00e3o consagrada pelo tempo que remonta aos primeiros dias da diplomacia no Graal. As na\u00e7\u00f5es geralmente nomeavam membros seniores para servir como embaixadores em outras na\u00e7\u00f5es &#8211; alguns se reportavam diretamente \u00e0 lideran\u00e7a nacional, enquanto outros se reportavam a um ministro de rela\u00e7\u00f5es exteriores. Hoje, em [&hellip;]\" \/>\n<meta property=\"og:url\" content=\"https:\/\/newsarovia.com\/pt\/exchange-of-diplomats\/\" \/>\n<meta property=\"og:site_name\" content=\"SMI Gouverna\" \/>\n<meta property=\"article:modified_time\" content=\"2025-04-22T05:51:16+00:00\" \/>\n<meta name=\"twitter:card\" content=\"summary_large_image\" \/>\n<meta name=\"twitter:label1\" content=\"Est. tempo de leitura\" \/>\n\t<meta name=\"twitter:data1\" content=\"2 minutos\" \/>\n<script type=\"application\/ld+json\" class=\"yoast-schema-graph\">{\"@context\":\"https:\\\/\\\/schema.org\",\"@graph\":[{\"@type\":\"WebPage\",\"@id\":\"https:\\\/\\\/newsarovia.com\\\/pt\\\/exchange-of-diplomats\\\/\",\"url\":\"https:\\\/\\\/newsarovia.com\\\/pt\\\/exchange-of-diplomats\\\/\",\"name\":\"Interc\u00e2mbio de Diplomatas\",\"isPartOf\":{\"@id\":\"https:\\\/\\\/newsarovia.com\\\/#website\"},\"datePublished\":\"2025-04-10T18:11:20+00:00\",\"dateModified\":\"2025-04-22T05:51:16+00:00\",\"breadcrumb\":{\"@id\":\"https:\\\/\\\/newsarovia.com\\\/pt\\\/exchange-of-diplomats\\\/#breadcrumb\"},\"inLanguage\":\"pt-BR\",\"potentialAction\":[{\"@type\":\"ReadAction\",\"target\":[\"https:\\\/\\\/newsarovia.com\\\/pt\\\/exchange-of-diplomats\\\/\"]}]},{\"@type\":\"BreadcrumbList\",\"@id\":\"https:\\\/\\\/newsarovia.com\\\/pt\\\/exchange-of-diplomats\\\/#breadcrumb\",\"itemListElement\":[{\"@type\":\"ListItem\",\"position\":1,\"name\":\"Home\",\"item\":\"https:\\\/\\\/newsarovia.com\\\/\"},{\"@type\":\"ListItem\",\"position\":2,\"name\":\"Interc\u00e2mbio de Diplomatas\"}]},{\"@type\":\"WebSite\",\"@id\":\"https:\\\/\\\/newsarovia.com\\\/#website\",\"url\":\"https:\\\/\\\/newsarovia.com\\\/\",\"name\":\"SMI Gouverna\",\"description\":\"\",\"publisher\":{\"@id\":\"https:\\\/\\\/newsarovia.com\\\/#organization\"},\"potentialAction\":[{\"@type\":\"SearchAction\",\"target\":{\"@type\":\"EntryPoint\",\"urlTemplate\":\"https:\\\/\\\/newsarovia.com\\\/?s={search_term_string}\"},\"query-input\":{\"@type\":\"PropertyValueSpecification\",\"valueRequired\":true,\"valueName\":\"search_term_string\"}}],\"inLanguage\":\"pt-BR\"},{\"@type\":\"Organization\",\"@id\":\"https:\\\/\\\/newsarovia.com\\\/#organization\",\"name\":\"Gouverna do Seito Majis Imperial\",\"url\":\"https:\\\/\\\/newsarovia.com\\\/\",\"logo\":{\"@type\":\"ImageObject\",\"inLanguage\":\"pt-BR\",\"@id\":\"https:\\\/\\\/newsarovia.com\\\/#\\\/schema\\\/logo\\\/image\\\/\",\"url\":\"https:\\\/\\\/newsarovia.com\\\/wp-content\\\/uploads\\\/2025\\\/01\\\/Sarovia-Logo-Words.png\",\"contentUrl\":\"https:\\\/\\\/newsarovia.com\\\/wp-content\\\/uploads\\\/2025\\\/01\\\/Sarovia-Logo-Words.png\",\"width\":9985,\"height\":2274,\"caption\":\"Gouverna do Seito Majis Imperial\"},\"image\":{\"@id\":\"https:\\\/\\\/newsarovia.com\\\/#\\\/schema\\\/logo\\\/image\\\/\"}}]}<\/script>\n<!-- \/ Yoast SEO plugin. -->","yoast_head_json":{"title":"Interc\u00e2mbio de Diplomatas - SMI Gouverna","robots":{"index":"index","follow":"follow","max-snippet":"max-snippet:-1","max-image-preview":"max-image-preview:large","max-video-preview":"max-video-preview:-1"},"canonical":"https:\/\/newsarovia.com\/pt\/exchange-of-diplomats\/","og_locale":"pt_BR","og_type":"article","og_title":"[:en]Exchange of Diplomats[:pt]Interc\u00e2mbio de Diplomatas[:] - SMI Gouverna","og_description":"Em Nova Sarovia, o interc\u00e2mbio de diplomatas \u00e9 uma tradi\u00e7\u00e3o consagrada pelo tempo que remonta aos primeiros dias da diplomacia no Graal. As na\u00e7\u00f5es geralmente nomeavam membros seniores para servir como embaixadores em outras na\u00e7\u00f5es &#8211; alguns se reportavam diretamente \u00e0 lideran\u00e7a nacional, enquanto outros se reportavam a um ministro de rela\u00e7\u00f5es exteriores. Hoje, em [&hellip;]","og_url":"https:\/\/newsarovia.com\/pt\/exchange-of-diplomats\/","og_site_name":"SMI Gouverna","article_modified_time":"2025-04-22T05:51:16+00:00","twitter_card":"summary_large_image","twitter_misc":{"Est. tempo de leitura":"2 minutos"},"schema":{"@context":"https:\/\/schema.org","@graph":[{"@type":"WebPage","@id":"https:\/\/newsarovia.com\/pt\/exchange-of-diplomats\/","url":"https:\/\/newsarovia.com\/pt\/exchange-of-diplomats\/","name":"Interc\u00e2mbio de Diplomatas","isPartOf":{"@id":"https:\/\/newsarovia.com\/#website"},"datePublished":"2025-04-10T18:11:20+00:00","dateModified":"2025-04-22T05:51:16+00:00","breadcrumb":{"@id":"https:\/\/newsarovia.com\/pt\/exchange-of-diplomats\/#breadcrumb"},"inLanguage":"pt-BR","potentialAction":[{"@type":"ReadAction","target":["https:\/\/newsarovia.com\/pt\/exchange-of-diplomats\/"]}]},{"@type":"BreadcrumbList","@id":"https:\/\/newsarovia.com\/pt\/exchange-of-diplomats\/#breadcrumb","itemListElement":[{"@type":"ListItem","position":1,"name":"Home","item":"https:\/\/newsarovia.com\/"},{"@type":"ListItem","position":2,"name":"Interc\u00e2mbio de Diplomatas"}]},{"@type":"WebSite","@id":"https:\/\/newsarovia.com\/#website","url":"https:\/\/newsarovia.com\/","name":"SMI Gouverna","description":"","publisher":{"@id":"https:\/\/newsarovia.com\/#organization"},"potentialAction":[{"@type":"SearchAction","target":{"@type":"EntryPoint","urlTemplate":"https:\/\/newsarovia.com\/?s={search_term_string}"},"query-input":{"@type":"PropertyValueSpecification","valueRequired":true,"valueName":"search_term_string"}}],"inLanguage":"pt-BR"},{"@type":"Organization","@id":"https:\/\/newsarovia.com\/#organization","name":"Gouverna do Seito Majis Imperial","url":"https:\/\/newsarovia.com\/","logo":{"@type":"ImageObject","inLanguage":"pt-BR","@id":"https:\/\/newsarovia.com\/#\/schema\/logo\/image\/","url":"https:\/\/newsarovia.com\/wp-content\/uploads\/2025\/01\/Sarovia-Logo-Words.png","contentUrl":"https:\/\/newsarovia.com\/wp-content\/uploads\/2025\/01\/Sarovia-Logo-Words.png","width":9985,"height":2274,"caption":"Gouverna do Seito Majis Imperial"},"image":{"@id":"https:\/\/newsarovia.com\/#\/schema\/logo\/image\/"}}]}},"_links":{"self":[{"href":"https:\/\/newsarovia.com\/pt\/wp-json\/wp\/v2\/pages\/2791","targetHints":{"allow":["GET"]}}],"collection":[{"href":"https:\/\/newsarovia.com\/pt\/wp-json\/wp\/v2\/pages"}],"about":[{"href":"https:\/\/newsarovia.com\/pt\/wp-json\/wp\/v2\/types\/page"}],"author":[{"embeddable":true,"href":"https:\/\/newsarovia.com\/pt\/wp-json\/wp\/v2\/users\/1"}],"replies":[{"embeddable":true,"href":"https:\/\/newsarovia.com\/pt\/wp-json\/wp\/v2\/comments?post=2791"}],"version-history":[{"count":3,"href":"https:\/\/newsarovia.com\/pt\/wp-json\/wp\/v2\/pages\/2791\/revisions"}],"predecessor-version":[{"id":2963,"href":"https:\/\/newsarovia.com\/pt\/wp-json\/wp\/v2\/pages\/2791\/revisions\/2963"}],"wp:attachment":[{"href":"https:\/\/newsarovia.com\/pt\/wp-json\/wp\/v2\/media?parent=2791"}],"curies":[{"name":"wp","href":"https:\/\/api.w.org\/{rel}","templated":true}]}}