{"id":2792,"date":"2025-04-10T18:11:45","date_gmt":"2025-04-10T18:11:45","guid":{"rendered":"https:\/\/newsarovia.com\/?page_id=2792"},"modified":"2025-04-22T05:56:41","modified_gmt":"2025-04-22T05:56:41","slug":"sarovia-2026-global-affairs-plan","status":"publish","type":"page","link":"https:\/\/newsarovia.com\/pt\/sarovia-2026-global-affairs-plan\/","title":{"rendered":"Sarovia 2026: Plano dos Assuntos Globais"},"content":{"rendered":"\n<p>Talvez o objetivo mais importante das rela\u00e7\u00f5es Sarovianas seja permitir que Sarovia ganhe uma posi\u00e7\u00e3o mais s\u00f3lida no cen\u00e1rio global. Na situa\u00e7\u00e3o atual, isso exige o aumento de nossos esfor\u00e7os diplom\u00e1ticos com outros grupos civilizados da internet fora do Graal. Isso representa uma nova fronteira em nossos esfor\u00e7os e no futuro das rela\u00e7\u00f5es Sarovianas. Para continuar a prosperar, estamos aumentando as rela\u00e7\u00f5es com na\u00e7\u00f5es de outros jogos, microna\u00e7\u00f5es e at\u00e9 mesmo na\u00e7\u00f5es totalmente digitais. Estamos trabalhando para encontrar congressos e outros \u00f3rg\u00e3os globais aos quais possamos nos unir para ajudar nesse esfor\u00e7o. Se quisermos que esses esfor\u00e7os continuem no futuro, precisamos come\u00e7ar com for\u00e7a para que os futuros diplomatas possam trabalhar a partir das bases s\u00f3lidas estabelecidas por nossos esfor\u00e7os diplom\u00e1ticos atuais.<\/p>\n\n\n\n<p>Essa vis\u00e3o, articulada pela primeira vez pelos estudiosos Sarovianos em 2022, agora se concretizou em <em><strong>Sarovia 2026<\/strong><\/em>, o projeto abrangente do <em>Ministe eui Fasitios Etasora<\/em> para consumo p\u00fablico sobre como Nova Sarovia se esfor\u00e7ar\u00e1 para se estabelecer de maneira duradoura e significativa al\u00e9m do Graal at\u00e9 2026.<\/p>\n\n\n\n<h2 class=\"wp-block-heading has-text-align-center has-primary-color has-text-color has-link-color wp-elements-f74464dc3d9b3289c4a3b32be2c7f803\" style=\"font-size:clamp(22.041px, 1.378rem + ((1vw - 3.2px) * 1.586), 36px);\">Leia o plano <em>AQUI!<\/em><\/h2>\n","protected":false},"excerpt":{"rendered":"<p>Talvez o objetivo mais importante das rela\u00e7\u00f5es Sarovianas seja permitir que Sarovia ganhe uma posi\u00e7\u00e3o mais s\u00f3lida no cen\u00e1rio global. Na situa\u00e7\u00e3o atual, isso exige o aumento de nossos esfor\u00e7os diplom\u00e1ticos com outros grupos civilizados da internet fora do Graal. Isso representa uma nova fronteira em nossos esfor\u00e7os e no futuro das rela\u00e7\u00f5es Sarovianas. Para [&hellip;]<\/p>\n","protected":false},"author":1,"featured_media":0,"parent":0,"menu_order":0,"comment_status":"closed","ping_status":"closed","template":"","meta":{"footnotes":""},"class_list":["post-2792","page","type-page","status-publish","hentry"],"yoast_head":"<!-- This site is optimized with the Yoast SEO plugin v27.3 - https:\/\/yoast.com\/product\/yoast-seo-wordpress\/ -->\n<title>Sarovia 2026: Plano dos Assuntos Globais - SMI Gouverna<\/title>\n<meta name=\"robots\" content=\"index, follow, max-snippet:-1, max-image-preview:large, max-video-preview:-1\" \/>\n<link rel=\"canonical\" href=\"https:\/\/newsarovia.com\/pt\/sarovia-2026-global-affairs-plan\/\" \/>\n<meta property=\"og:locale\" content=\"pt_BR\" \/>\n<meta property=\"og:locale:alternate\" content=\"en_US\" \/>\n<meta property=\"og:type\" content=\"article\" \/>\n<meta property=\"og:title\" content=\"Sarovia 2026: Plano dos Assuntos Globais\" \/>\n<meta property=\"og:description\" content=\"Talvez o objetivo mais importante das rela\u00e7\u00f5es Sarovianas seja permitir que Sarovia ganhe uma posi\u00e7\u00e3o mais s\u00f3lida no cen\u00e1rio global. Na situa\u00e7\u00e3o atual, isso exige o aumento de nossos esfor\u00e7os diplom\u00e1ticos com outros grupos civilizados da internet fora do Graal. Isso representa uma nova fronteira em nossos esfor\u00e7os e no futuro das rela\u00e7\u00f5es Sarovianas. Para [&hellip;]\" \/>\n<meta property=\"og:url\" content=\"https:\/\/newsarovia.com\/pt\/sarovia-2026-global-affairs-plan\/\" \/>\n<meta property=\"og:site_name\" content=\"SMI Gouverna\" \/>\n<meta property=\"article:modified_time\" content=\"2025-04-22T05:56:41+00:00\" \/>\n<meta name=\"twitter:card\" content=\"summary_large_image\" \/>\n<meta name=\"twitter:label1\" content=\"Est. tempo de leitura\" \/>\n\t<meta name=\"twitter:data1\" content=\"1 minuto\" \/>\n<script type=\"application\/ld+json\" class=\"yoast-schema-graph\">{\"@context\":\"https:\\\/\\\/schema.org\",\"@graph\":[{\"@type\":\"WebPage\",\"@id\":\"https:\\\/\\\/newsarovia.com\\\/sarovia-2026-global-affairs-plan\\\/\",\"url\":\"https:\\\/\\\/newsarovia.com\\\/sarovia-2026-global-affairs-plan\\\/\",\"name\":\"Sarovia 2026: Plano dos Assuntos Globais\",\"isPartOf\":{\"@id\":\"https:\\\/\\\/newsarovia.com\\\/#website\"},\"datePublished\":\"2025-04-10T18:11:45+00:00\",\"dateModified\":\"2025-04-22T05:56:41+00:00\",\"breadcrumb\":{\"@id\":\"https:\\\/\\\/newsarovia.com\\\/sarovia-2026-global-affairs-plan\\\/#breadcrumb\"},\"inLanguage\":\"pt-BR\",\"potentialAction\":[{\"@type\":\"ReadAction\",\"target\":[\"https:\\\/\\\/newsarovia.com\\\/sarovia-2026-global-affairs-plan\\\/\"]}]},{\"@type\":\"BreadcrumbList\",\"@id\":\"https:\\\/\\\/newsarovia.com\\\/sarovia-2026-global-affairs-plan\\\/#breadcrumb\",\"itemListElement\":[{\"@type\":\"ListItem\",\"position\":1,\"name\":\"Home\",\"item\":\"https:\\\/\\\/newsarovia.com\\\/\"},{\"@type\":\"ListItem\",\"position\":2,\"name\":\"Sarovia 2026: Global Affairs Plan\"}]},{\"@type\":\"WebSite\",\"@id\":\"https:\\\/\\\/newsarovia.com\\\/#website\",\"url\":\"https:\\\/\\\/newsarovia.com\\\/\",\"name\":\"SMI Gouverna\",\"description\":\"\",\"publisher\":{\"@id\":\"https:\\\/\\\/newsarovia.com\\\/#organization\"},\"potentialAction\":[{\"@type\":\"SearchAction\",\"target\":{\"@type\":\"EntryPoint\",\"urlTemplate\":\"https:\\\/\\\/newsarovia.com\\\/?s={search_term_string}\"},\"query-input\":{\"@type\":\"PropertyValueSpecification\",\"valueRequired\":true,\"valueName\":\"search_term_string\"}}],\"inLanguage\":\"pt-BR\"},{\"@type\":\"Organization\",\"@id\":\"https:\\\/\\\/newsarovia.com\\\/#organization\",\"name\":\"Gouverna do Seito Majis Imperial\",\"url\":\"https:\\\/\\\/newsarovia.com\\\/\",\"logo\":{\"@type\":\"ImageObject\",\"inLanguage\":\"pt-BR\",\"@id\":\"https:\\\/\\\/newsarovia.com\\\/#\\\/schema\\\/logo\\\/image\\\/\",\"url\":\"https:\\\/\\\/newsarovia.com\\\/wp-content\\\/uploads\\\/2025\\\/01\\\/Sarovia-Logo-Words.png\",\"contentUrl\":\"https:\\\/\\\/newsarovia.com\\\/wp-content\\\/uploads\\\/2025\\\/01\\\/Sarovia-Logo-Words.png\",\"width\":9985,\"height\":2274,\"caption\":\"Gouverna do Seito Majis Imperial\"},\"image\":{\"@id\":\"https:\\\/\\\/newsarovia.com\\\/#\\\/schema\\\/logo\\\/image\\\/\"}}]}<\/script>\n<!-- \/ Yoast SEO plugin. -->","yoast_head_json":{"title":"Sarovia 2026: Plano dos Assuntos Globais - SMI Gouverna","robots":{"index":"index","follow":"follow","max-snippet":"max-snippet:-1","max-image-preview":"max-image-preview:large","max-video-preview":"max-video-preview:-1"},"canonical":"https:\/\/newsarovia.com\/pt\/sarovia-2026-global-affairs-plan\/","og_locale":"pt_BR","og_type":"article","og_title":"[:en]Sarovia 2026: Global Affairs Plan[:pt]Sarovia 2026: Plano dos Assuntos Globais[:] - SMI Gouverna","og_description":"Talvez o objetivo mais importante das rela\u00e7\u00f5es Sarovianas seja permitir que Sarovia ganhe uma posi\u00e7\u00e3o mais s\u00f3lida no cen\u00e1rio global. Na situa\u00e7\u00e3o atual, isso exige o aumento de nossos esfor\u00e7os diplom\u00e1ticos com outros grupos civilizados da internet fora do Graal. Isso representa uma nova fronteira em nossos esfor\u00e7os e no futuro das rela\u00e7\u00f5es Sarovianas. Para [&hellip;]","og_url":"https:\/\/newsarovia.com\/pt\/sarovia-2026-global-affairs-plan\/","og_site_name":"SMI Gouverna","article_modified_time":"2025-04-22T05:56:41+00:00","twitter_card":"summary_large_image","twitter_misc":{"Est. tempo de leitura":"1 minuto"},"schema":{"@context":"https:\/\/schema.org","@graph":[{"@type":"WebPage","@id":"https:\/\/newsarovia.com\/sarovia-2026-global-affairs-plan\/","url":"https:\/\/newsarovia.com\/sarovia-2026-global-affairs-plan\/","name":"Sarovia 2026: Plano dos Assuntos Globais","isPartOf":{"@id":"https:\/\/newsarovia.com\/#website"},"datePublished":"2025-04-10T18:11:45+00:00","dateModified":"2025-04-22T05:56:41+00:00","breadcrumb":{"@id":"https:\/\/newsarovia.com\/sarovia-2026-global-affairs-plan\/#breadcrumb"},"inLanguage":"pt-BR","potentialAction":[{"@type":"ReadAction","target":["https:\/\/newsarovia.com\/sarovia-2026-global-affairs-plan\/"]}]},{"@type":"BreadcrumbList","@id":"https:\/\/newsarovia.com\/sarovia-2026-global-affairs-plan\/#breadcrumb","itemListElement":[{"@type":"ListItem","position":1,"name":"Home","item":"https:\/\/newsarovia.com\/"},{"@type":"ListItem","position":2,"name":"Sarovia 2026: Global Affairs Plan"}]},{"@type":"WebSite","@id":"https:\/\/newsarovia.com\/#website","url":"https:\/\/newsarovia.com\/","name":"SMI Gouverna","description":"","publisher":{"@id":"https:\/\/newsarovia.com\/#organization"},"potentialAction":[{"@type":"SearchAction","target":{"@type":"EntryPoint","urlTemplate":"https:\/\/newsarovia.com\/?s={search_term_string}"},"query-input":{"@type":"PropertyValueSpecification","valueRequired":true,"valueName":"search_term_string"}}],"inLanguage":"pt-BR"},{"@type":"Organization","@id":"https:\/\/newsarovia.com\/#organization","name":"Gouverna do Seito Majis Imperial","url":"https:\/\/newsarovia.com\/","logo":{"@type":"ImageObject","inLanguage":"pt-BR","@id":"https:\/\/newsarovia.com\/#\/schema\/logo\/image\/","url":"https:\/\/newsarovia.com\/wp-content\/uploads\/2025\/01\/Sarovia-Logo-Words.png","contentUrl":"https:\/\/newsarovia.com\/wp-content\/uploads\/2025\/01\/Sarovia-Logo-Words.png","width":9985,"height":2274,"caption":"Gouverna do Seito Majis Imperial"},"image":{"@id":"https:\/\/newsarovia.com\/#\/schema\/logo\/image\/"}}]}},"_links":{"self":[{"href":"https:\/\/newsarovia.com\/pt\/wp-json\/wp\/v2\/pages\/2792","targetHints":{"allow":["GET"]}}],"collection":[{"href":"https:\/\/newsarovia.com\/pt\/wp-json\/wp\/v2\/pages"}],"about":[{"href":"https:\/\/newsarovia.com\/pt\/wp-json\/wp\/v2\/types\/page"}],"author":[{"embeddable":true,"href":"https:\/\/newsarovia.com\/pt\/wp-json\/wp\/v2\/users\/1"}],"replies":[{"embeddable":true,"href":"https:\/\/newsarovia.com\/pt\/wp-json\/wp\/v2\/comments?post=2792"}],"version-history":[{"count":4,"href":"https:\/\/newsarovia.com\/pt\/wp-json\/wp\/v2\/pages\/2792\/revisions"}],"predecessor-version":[{"id":2967,"href":"https:\/\/newsarovia.com\/pt\/wp-json\/wp\/v2\/pages\/2792\/revisions\/2967"}],"wp:attachment":[{"href":"https:\/\/newsarovia.com\/pt\/wp-json\/wp\/v2\/media?parent=2792"}],"curies":[{"name":"wp","href":"https:\/\/api.w.org\/{rel}","templated":true}]}}