{"id":2799,"date":"2025-04-10T18:13:33","date_gmt":"2025-04-10T18:13:33","guid":{"rendered":"https:\/\/newsarovia.com\/?page_id=2799"},"modified":"2025-04-15T22:05:42","modified_gmt":"2025-04-15T22:05:42","slug":"taxes-and-government-salaries","status":"publish","type":"page","link":"https:\/\/newsarovia.com\/pt\/taxes-and-government-salaries\/","title":{"rendered":"Impostos e Sal\u00e1rios Governamentais"},"content":{"rendered":"\n<h2 class=\"wp-block-heading has-primary-color has-text-color has-link-color wp-elements-3a2a816a6fee3948980a4b3d915b6769\" style=\"font-size:clamp(22.041px, 1.378rem + ((1vw - 3.2px) * 1.586), 36px);\">Impostos<\/h2>\n\n\n\n<p>O Or\u00e7amento Saroviano \u00e9 a espinha dorsal financeira do Novo Imp\u00e9rio Saroviano, garantindo a estabilidade, a seguran\u00e7a e a prosperidade do Imp\u00e9rio e seu povo. No entanto, esse or\u00e7amento n\u00e3o pode existir sem impostos para gerar receita para o governo financi\u00e1-lo. Proposto pelo Ministro das Finan\u00e7as, com o aux\u00edlio do Presidente do Conselho do Tesouro, pelo menos a cada tr\u00eas meses, o Or\u00e7amento \u00e9 cuidadosamente estruturado, e essa estrutura inclui impostos. O <em>Ato de Impostos<\/em> de 277 AS discute os tipos de impostos cobrados, que s\u00e3o:<\/p>\n\n\n\n<ul class=\"wp-block-list\">\n<li>Imposto de Renda, impostos sobre quanto dinheiro as pessoas ganham de acordo com o or\u00e7amento<\/li>\n\n\n\n<li>Imposto Corporativo, impostos sobre empresas registradas cobrados mensalmente em troca de serem consideradas registradas e autorizadas a operar<\/li>\n\n\n\n<li>Imposto Predial, impostos sobre propriet\u00e1rios de im\u00f3veis com base na quantidade de terra que possuem<\/li>\n\n\n\n<li>Imposto AFK, impostos sobre membros que est\u00e3o AFK no jogo, o que \u00e9 ilegal<\/li>\n\n\n\n<li>Imposto Social, impostos sobre membros que fazem algo socialmente inaceit\u00e1vel de acordo com os valores Sarovianos<\/li>\n<\/ul>\n\n\n\n<h2 class=\"wp-block-heading has-primary-color has-text-color has-link-color wp-elements-eaa6ba903e65ca7a6a36b64a0b5f3869\" style=\"font-size:clamp(22.041px, 1.378rem + ((1vw - 3.2px) * 1.586), 36px);\">Sal\u00e1rios Governamentais<\/h2>\n\n\n\n<p>Gra\u00e7as a esses impostos, o or\u00e7amento pode fazer o que precisa. Um dos aspectos mais importantes, por\u00e9m, s\u00e3o os sal\u00e1rios que os membros do governo recebem. Eles variam de acordo com quem os recebe, bem como com seus tipos. Esses valores est\u00e3o relacionados principalmente aos n\u00edveis do funcionalismo p\u00fablico, como o N\u00edvel Comum, o N\u00edvel Intermedi\u00e1rio e o N\u00edvel Executivo, al\u00e9m de cargos importantes como membros do Gabinete, Membros do Parlamento e Pares, o Primeiro-Ministro e membros importantes da fam\u00edlia imperial.<\/p>\n\n\n\n<p>Tamb\u00e9m h\u00e1 pagamentos para membros do Ex\u00e9rcito Saroviano. Estes incluem:<\/p>\n\n\n\n<ul class=\"wp-block-list\">\n<li>Alistados da Reserva<\/li>\n\n\n\n<li>Oficiais da Reserva<\/li>\n\n\n\n<li>Alistados<\/li>\n\n\n\n<li>Oficiais Comissionados<\/li>\n\n\n\n<li>Membros do Estado-Maior Imperial de Defesa<\/li>\n<\/ul>\n\n\n\n<h2 class=\"wp-block-heading has-primary-color has-text-color has-link-color wp-elements-d01cd59413631ed2b00d0c25d6d5dc06\" style=\"font-size:clamp(22.041px, 1.378rem + ((1vw - 3.2px) * 1.586), 36px);\">Taxas e Receitas de Impostos Atuais<\/h2>\n","protected":false},"excerpt":{"rendered":"<p>Impostos O Or\u00e7amento Saroviano \u00e9 a espinha dorsal financeira do Novo Imp\u00e9rio Saroviano, garantindo a estabilidade, a seguran\u00e7a e a prosperidade do Imp\u00e9rio e seu povo. No entanto, esse or\u00e7amento n\u00e3o pode existir sem impostos para gerar receita para o governo financi\u00e1-lo. Proposto pelo Ministro das Finan\u00e7as, com o aux\u00edlio do Presidente do Conselho do [&hellip;]<\/p>\n","protected":false},"author":1,"featured_media":0,"parent":0,"menu_order":0,"comment_status":"closed","ping_status":"closed","template":"","meta":{"footnotes":""},"class_list":["post-2799","page","type-page","status-publish","hentry"],"yoast_head":"<!-- This site is optimized with the Yoast SEO plugin v27.5 - https:\/\/yoast.com\/product\/yoast-seo-wordpress\/ -->\n<title>Impostos e Sal\u00e1rios Governamentais - SMI Gouverna<\/title>\n<meta name=\"robots\" content=\"index, follow, max-snippet:-1, max-image-preview:large, max-video-preview:-1\" \/>\n<link rel=\"canonical\" href=\"https:\/\/newsarovia.com\/pt\/taxes-and-government-salaries\/\" \/>\n<meta property=\"og:locale\" content=\"pt_BR\" \/>\n<meta property=\"og:locale:alternate\" content=\"en_US\" \/>\n<meta property=\"og:type\" content=\"article\" \/>\n<meta property=\"og:title\" content=\"Impostos e Sal\u00e1rios Governamentais\" \/>\n<meta property=\"og:description\" content=\"Impostos O Or\u00e7amento Saroviano \u00e9 a espinha dorsal financeira do Novo Imp\u00e9rio Saroviano, garantindo a estabilidade, a seguran\u00e7a e a prosperidade do Imp\u00e9rio e seu povo. No entanto, esse or\u00e7amento n\u00e3o pode existir sem impostos para gerar receita para o governo financi\u00e1-lo. Proposto pelo Ministro das Finan\u00e7as, com o aux\u00edlio do Presidente do Conselho do [&hellip;]\" \/>\n<meta property=\"og:url\" content=\"https:\/\/newsarovia.com\/pt\/taxes-and-government-salaries\/\" \/>\n<meta property=\"og:site_name\" content=\"SMI Gouverna\" \/>\n<meta property=\"article:modified_time\" content=\"2025-04-15T22:05:42+00:00\" \/>\n<meta name=\"twitter:card\" content=\"summary_large_image\" \/>\n<meta name=\"twitter:label1\" content=\"Est. tempo de leitura\" \/>\n\t<meta name=\"twitter:data1\" content=\"2 minutos\" \/>\n<script type=\"application\/ld+json\" class=\"yoast-schema-graph\">{\"@context\":\"https:\\\/\\\/schema.org\",\"@graph\":[{\"@type\":\"WebPage\",\"@id\":\"https:\\\/\\\/newsarovia.com\\\/pt\\\/taxes-and-government-salaries\\\/\",\"url\":\"https:\\\/\\\/newsarovia.com\\\/pt\\\/taxes-and-government-salaries\\\/\",\"name\":\"Impostos e Sal\u00e1rios Governamentais\",\"isPartOf\":{\"@id\":\"https:\\\/\\\/newsarovia.com\\\/#website\"},\"datePublished\":\"2025-04-10T18:13:33+00:00\",\"dateModified\":\"2025-04-15T22:05:42+00:00\",\"breadcrumb\":{\"@id\":\"https:\\\/\\\/newsarovia.com\\\/pt\\\/taxes-and-government-salaries\\\/#breadcrumb\"},\"inLanguage\":\"pt-BR\",\"potentialAction\":[{\"@type\":\"ReadAction\",\"target\":[\"https:\\\/\\\/newsarovia.com\\\/pt\\\/taxes-and-government-salaries\\\/\"]}]},{\"@type\":\"BreadcrumbList\",\"@id\":\"https:\\\/\\\/newsarovia.com\\\/pt\\\/taxes-and-government-salaries\\\/#breadcrumb\",\"itemListElement\":[{\"@type\":\"ListItem\",\"position\":1,\"name\":\"Home\",\"item\":\"https:\\\/\\\/newsarovia.com\\\/\"},{\"@type\":\"ListItem\",\"position\":2,\"name\":\"Impostos e Sal\u00e1rios Governamentais\"}]},{\"@type\":\"WebSite\",\"@id\":\"https:\\\/\\\/newsarovia.com\\\/#website\",\"url\":\"https:\\\/\\\/newsarovia.com\\\/\",\"name\":\"SMI Gouverna\",\"description\":\"\",\"publisher\":{\"@id\":\"https:\\\/\\\/newsarovia.com\\\/#organization\"},\"potentialAction\":[{\"@type\":\"SearchAction\",\"target\":{\"@type\":\"EntryPoint\",\"urlTemplate\":\"https:\\\/\\\/newsarovia.com\\\/?s={search_term_string}\"},\"query-input\":{\"@type\":\"PropertyValueSpecification\",\"valueRequired\":true,\"valueName\":\"search_term_string\"}}],\"inLanguage\":\"pt-BR\"},{\"@type\":\"Organization\",\"@id\":\"https:\\\/\\\/newsarovia.com\\\/#organization\",\"name\":\"Gouverna do Seito Majis Imperial\",\"url\":\"https:\\\/\\\/newsarovia.com\\\/\",\"logo\":{\"@type\":\"ImageObject\",\"inLanguage\":\"pt-BR\",\"@id\":\"https:\\\/\\\/newsarovia.com\\\/#\\\/schema\\\/logo\\\/image\\\/\",\"url\":\"https:\\\/\\\/newsarovia.com\\\/wp-content\\\/uploads\\\/2025\\\/01\\\/Sarovia-Logo-Words.png\",\"contentUrl\":\"https:\\\/\\\/newsarovia.com\\\/wp-content\\\/uploads\\\/2025\\\/01\\\/Sarovia-Logo-Words.png\",\"width\":9985,\"height\":2274,\"caption\":\"Gouverna do Seito Majis Imperial\"},\"image\":{\"@id\":\"https:\\\/\\\/newsarovia.com\\\/#\\\/schema\\\/logo\\\/image\\\/\"}}]}<\/script>\n<!-- \/ Yoast SEO plugin. -->","yoast_head_json":{"title":"Impostos e Sal\u00e1rios Governamentais - SMI Gouverna","robots":{"index":"index","follow":"follow","max-snippet":"max-snippet:-1","max-image-preview":"max-image-preview:large","max-video-preview":"max-video-preview:-1"},"canonical":"https:\/\/newsarovia.com\/pt\/taxes-and-government-salaries\/","og_locale":"pt_BR","og_type":"article","og_title":"[:en]Taxes and Government Salaries[:pt]Impostos e Sal\u00e1rios Governamentais[:] - SMI Gouverna","og_description":"Impostos O Or\u00e7amento Saroviano \u00e9 a espinha dorsal financeira do Novo Imp\u00e9rio Saroviano, garantindo a estabilidade, a seguran\u00e7a e a prosperidade do Imp\u00e9rio e seu povo. No entanto, esse or\u00e7amento n\u00e3o pode existir sem impostos para gerar receita para o governo financi\u00e1-lo. Proposto pelo Ministro das Finan\u00e7as, com o aux\u00edlio do Presidente do Conselho do [&hellip;]","og_url":"https:\/\/newsarovia.com\/pt\/taxes-and-government-salaries\/","og_site_name":"SMI Gouverna","article_modified_time":"2025-04-15T22:05:42+00:00","twitter_card":"summary_large_image","twitter_misc":{"Est. tempo de leitura":"2 minutos"},"schema":{"@context":"https:\/\/schema.org","@graph":[{"@type":"WebPage","@id":"https:\/\/newsarovia.com\/pt\/taxes-and-government-salaries\/","url":"https:\/\/newsarovia.com\/pt\/taxes-and-government-salaries\/","name":"Impostos e Sal\u00e1rios Governamentais","isPartOf":{"@id":"https:\/\/newsarovia.com\/#website"},"datePublished":"2025-04-10T18:13:33+00:00","dateModified":"2025-04-15T22:05:42+00:00","breadcrumb":{"@id":"https:\/\/newsarovia.com\/pt\/taxes-and-government-salaries\/#breadcrumb"},"inLanguage":"pt-BR","potentialAction":[{"@type":"ReadAction","target":["https:\/\/newsarovia.com\/pt\/taxes-and-government-salaries\/"]}]},{"@type":"BreadcrumbList","@id":"https:\/\/newsarovia.com\/pt\/taxes-and-government-salaries\/#breadcrumb","itemListElement":[{"@type":"ListItem","position":1,"name":"Home","item":"https:\/\/newsarovia.com\/"},{"@type":"ListItem","position":2,"name":"Impostos e Sal\u00e1rios Governamentais"}]},{"@type":"WebSite","@id":"https:\/\/newsarovia.com\/#website","url":"https:\/\/newsarovia.com\/","name":"SMI Gouverna","description":"","publisher":{"@id":"https:\/\/newsarovia.com\/#organization"},"potentialAction":[{"@type":"SearchAction","target":{"@type":"EntryPoint","urlTemplate":"https:\/\/newsarovia.com\/?s={search_term_string}"},"query-input":{"@type":"PropertyValueSpecification","valueRequired":true,"valueName":"search_term_string"}}],"inLanguage":"pt-BR"},{"@type":"Organization","@id":"https:\/\/newsarovia.com\/#organization","name":"Gouverna do Seito Majis Imperial","url":"https:\/\/newsarovia.com\/","logo":{"@type":"ImageObject","inLanguage":"pt-BR","@id":"https:\/\/newsarovia.com\/#\/schema\/logo\/image\/","url":"https:\/\/newsarovia.com\/wp-content\/uploads\/2025\/01\/Sarovia-Logo-Words.png","contentUrl":"https:\/\/newsarovia.com\/wp-content\/uploads\/2025\/01\/Sarovia-Logo-Words.png","width":9985,"height":2274,"caption":"Gouverna do Seito Majis Imperial"},"image":{"@id":"https:\/\/newsarovia.com\/#\/schema\/logo\/image\/"}}]}},"_links":{"self":[{"href":"https:\/\/newsarovia.com\/pt\/wp-json\/wp\/v2\/pages\/2799","targetHints":{"allow":["GET"]}}],"collection":[{"href":"https:\/\/newsarovia.com\/pt\/wp-json\/wp\/v2\/pages"}],"about":[{"href":"https:\/\/newsarovia.com\/pt\/wp-json\/wp\/v2\/types\/page"}],"author":[{"embeddable":true,"href":"https:\/\/newsarovia.com\/pt\/wp-json\/wp\/v2\/users\/1"}],"replies":[{"embeddable":true,"href":"https:\/\/newsarovia.com\/pt\/wp-json\/wp\/v2\/comments?post=2799"}],"version-history":[{"count":3,"href":"https:\/\/newsarovia.com\/pt\/wp-json\/wp\/v2\/pages\/2799\/revisions"}],"predecessor-version":[{"id":2878,"href":"https:\/\/newsarovia.com\/pt\/wp-json\/wp\/v2\/pages\/2799\/revisions\/2878"}],"wp:attachment":[{"href":"https:\/\/newsarovia.com\/pt\/wp-json\/wp\/v2\/media?parent=2799"}],"curies":[{"name":"wp","href":"https:\/\/api.w.org\/{rel}","templated":true}]}}