{"id":2800,"date":"2025-04-10T18:13:49","date_gmt":"2025-04-10T18:13:49","guid":{"rendered":"https:\/\/newsarovia.com\/?page_id=2800"},"modified":"2025-04-22T01:26:59","modified_gmt":"2025-04-22T01:26:59","slug":"the-saro-gralat-exchange","status":"publish","type":"page","link":"https:\/\/newsarovia.com\/pt\/the-saro-gralat-exchange\/","title":{"rendered":"A Troca Saro-Gralat"},"content":{"rendered":"\n<p>Voc\u00ea quer ser pago em <strong>moeda real do jogo<\/strong> por seus servi\u00e7os prestados a Sarovia? Felizmente, pode! Sarovia foi, na verdade, a primeira organiza\u00e7\u00e3o em sua comunidade nativa e no jogo a pagar seus cidad\u00e3os regularmente. Isso come\u00e7ou durante o reinado do Imperador Constantine VI, quando os membros do Ex\u00e9rcito Imperial acima do posto de cabo recebiam um gralat de ouro por semana. Na \u00e9poca, Saros n\u00e3o existia e, portanto, o pagamento era feito diretamente com a moeda do jogo. Esse sistema continuou por tr\u00eas meses at\u00e9 que a morte do imperador levou ao fim do programa. No entanto, sob o comando do Imperador Constantine IX, o <em>Ato da Moeda <\/em>de 276 AS foi aprovada, criando a moeda nacional Saroviana, o Saro no Discord. Essa moeda permite a transfer\u00eancia f\u00e1cil e precisa de dinheiro para bens e servi\u00e7os e tamb\u00e9m serve como meio de troca entre as moedas do jogo.<\/p>\n\n\n\n<p>Em anos mais recentes, o <em>Ato da Moeda<\/em> de 276 AS foi alterada para permitir que isso ocorresse diretamente. O resultado foi o que hoje \u00e9 conhecido como a Troca Saro-Gralat. Toda segunda-feira, a Troca Saro-Gralat \u00e9 organizado pela <em>Ministora eui Fisnace<\/em>. A troca \u00e9 uma oportunidade para o nosso povo trocar seus Saros por gralats no jogo, usando uma propor\u00e7\u00e3o de 1:2 (1 Saro equivale a 2 gralats). Toda semana, uma equipe de fazendeiros esfor\u00e7ados, liderada pela nossa <em>Ministora eui Fisnace<\/em>, acumula uma grande soma de gralats para ser usada na Troca Saro-Gralat e permitir que os habitantes do nosso Imp\u00e9rio troquem seus Saros por gralats. Se voc\u00ea quiser saber mais, pergunte a um membro do Minist\u00e9rio das Finan\u00e7as ou assista ao v\u00eddeo abaixo!<\/p>\n\n\n\n<h2 class=\"wp-block-heading has-primary-color has-text-color has-link-color wp-elements-158e15bd19b400561a606e99f9040fc9\" style=\"font-size:clamp(22.041px, 1.378rem + ((1vw - 3.2px) * 1.586), 36px);\">Aprende Mais!<\/h2>\n\n\n\n<div class=\"wp-block-columns is-layout-flex wp-container-core-columns-is-layout-28f84493 wp-block-columns-is-layout-flex\">\n<div class=\"wp-block-column is-layout-flow wp-block-column-is-layout-flow\">\n<figure class=\"wp-block-embed is-type-video is-provider-youtube wp-block-embed-youtube wp-embed-aspect-16-9 wp-has-aspect-ratio\"><div class=\"wp-block-embed__wrapper\">\n<iframe loading=\"lazy\" title=\"A Troca Saro-Gralat\" width=\"500\" height=\"281\" src=\"https:\/\/www.youtube.com\/embed\/SYL-1pYreAc?feature=oembed\" frameborder=\"0\" allow=\"accelerometer; autoplay; clipboard-write; encrypted-media; gyroscope; picture-in-picture; web-share\" referrerpolicy=\"strict-origin-when-cross-origin\" allowfullscreen><\/iframe>\n<\/div><\/figure>\n<\/div>\n<\/div>\n","protected":false},"excerpt":{"rendered":"<p>Voc\u00ea quer ser pago em moeda real do jogo por seus servi\u00e7os prestados a Sarovia? Felizmente, pode! Sarovia foi, na verdade, a primeira organiza\u00e7\u00e3o em sua comunidade nativa e no jogo a pagar seus cidad\u00e3os regularmente. Isso come\u00e7ou durante o reinado do Imperador Constantine VI, quando os membros do Ex\u00e9rcito Imperial acima do posto de [&hellip;]<\/p>\n","protected":false},"author":1,"featured_media":0,"parent":0,"menu_order":0,"comment_status":"closed","ping_status":"closed","template":"","meta":{"footnotes":""},"class_list":["post-2800","page","type-page","status-publish","hentry"],"yoast_head":"<!-- This site is optimized with the Yoast SEO plugin v27.5 - https:\/\/yoast.com\/product\/yoast-seo-wordpress\/ -->\n<title>A Troca Saro-Gralat - SMI Gouverna<\/title>\n<meta name=\"robots\" content=\"index, follow, max-snippet:-1, max-image-preview:large, max-video-preview:-1\" \/>\n<link rel=\"canonical\" href=\"https:\/\/newsarovia.com\/pt\/the-saro-gralat-exchange\/\" \/>\n<meta property=\"og:locale\" content=\"pt_BR\" \/>\n<meta property=\"og:locale:alternate\" content=\"en_US\" \/>\n<meta property=\"og:type\" content=\"article\" \/>\n<meta property=\"og:title\" content=\"A Troca Saro-Gralat\" \/>\n<meta property=\"og:description\" content=\"Voc\u00ea quer ser pago em moeda real do jogo por seus servi\u00e7os prestados a Sarovia? Felizmente, pode! Sarovia foi, na verdade, a primeira organiza\u00e7\u00e3o em sua comunidade nativa e no jogo a pagar seus cidad\u00e3os regularmente. Isso come\u00e7ou durante o reinado do Imperador Constantine VI, quando os membros do Ex\u00e9rcito Imperial acima do posto de [&hellip;]\" \/>\n<meta property=\"og:url\" content=\"https:\/\/newsarovia.com\/pt\/the-saro-gralat-exchange\/\" \/>\n<meta property=\"og:site_name\" content=\"SMI Gouverna\" \/>\n<meta property=\"article:modified_time\" content=\"2025-04-22T01:26:59+00:00\" \/>\n<meta name=\"twitter:card\" content=\"summary_large_image\" \/>\n<meta name=\"twitter:label1\" content=\"Est. tempo de leitura\" \/>\n\t<meta name=\"twitter:data1\" content=\"2 minutos\" \/>\n<script type=\"application\/ld+json\" class=\"yoast-schema-graph\">{\"@context\":\"https:\\\/\\\/schema.org\",\"@graph\":[{\"@type\":\"WebPage\",\"@id\":\"https:\\\/\\\/newsarovia.com\\\/the-saro-gralat-exchange\\\/\",\"url\":\"https:\\\/\\\/newsarovia.com\\\/the-saro-gralat-exchange\\\/\",\"name\":\"A Troca Saro-Gralat\",\"isPartOf\":{\"@id\":\"https:\\\/\\\/newsarovia.com\\\/#website\"},\"datePublished\":\"2025-04-10T18:13:49+00:00\",\"dateModified\":\"2025-04-22T01:26:59+00:00\",\"breadcrumb\":{\"@id\":\"https:\\\/\\\/newsarovia.com\\\/the-saro-gralat-exchange\\\/#breadcrumb\"},\"inLanguage\":\"pt-BR\",\"potentialAction\":[{\"@type\":\"ReadAction\",\"target\":[\"https:\\\/\\\/newsarovia.com\\\/the-saro-gralat-exchange\\\/\"]}]},{\"@type\":\"BreadcrumbList\",\"@id\":\"https:\\\/\\\/newsarovia.com\\\/the-saro-gralat-exchange\\\/#breadcrumb\",\"itemListElement\":[{\"@type\":\"ListItem\",\"position\":1,\"name\":\"Home\",\"item\":\"https:\\\/\\\/newsarovia.com\\\/\"},{\"@type\":\"ListItem\",\"position\":2,\"name\":\"The Saro-Gralat Exchange\"}]},{\"@type\":\"WebSite\",\"@id\":\"https:\\\/\\\/newsarovia.com\\\/#website\",\"url\":\"https:\\\/\\\/newsarovia.com\\\/\",\"name\":\"SMI Gouverna\",\"description\":\"\",\"publisher\":{\"@id\":\"https:\\\/\\\/newsarovia.com\\\/#organization\"},\"potentialAction\":[{\"@type\":\"SearchAction\",\"target\":{\"@type\":\"EntryPoint\",\"urlTemplate\":\"https:\\\/\\\/newsarovia.com\\\/?s={search_term_string}\"},\"query-input\":{\"@type\":\"PropertyValueSpecification\",\"valueRequired\":true,\"valueName\":\"search_term_string\"}}],\"inLanguage\":\"pt-BR\"},{\"@type\":\"Organization\",\"@id\":\"https:\\\/\\\/newsarovia.com\\\/#organization\",\"name\":\"Gouverna do Seito Majis Imperial\",\"url\":\"https:\\\/\\\/newsarovia.com\\\/\",\"logo\":{\"@type\":\"ImageObject\",\"inLanguage\":\"pt-BR\",\"@id\":\"https:\\\/\\\/newsarovia.com\\\/#\\\/schema\\\/logo\\\/image\\\/\",\"url\":\"https:\\\/\\\/newsarovia.com\\\/wp-content\\\/uploads\\\/2025\\\/01\\\/Sarovia-Logo-Words.png\",\"contentUrl\":\"https:\\\/\\\/newsarovia.com\\\/wp-content\\\/uploads\\\/2025\\\/01\\\/Sarovia-Logo-Words.png\",\"width\":9985,\"height\":2274,\"caption\":\"Gouverna do Seito Majis Imperial\"},\"image\":{\"@id\":\"https:\\\/\\\/newsarovia.com\\\/#\\\/schema\\\/logo\\\/image\\\/\"}}]}<\/script>\n<!-- \/ Yoast SEO plugin. -->","yoast_head_json":{"title":"A Troca Saro-Gralat - SMI Gouverna","robots":{"index":"index","follow":"follow","max-snippet":"max-snippet:-1","max-image-preview":"max-image-preview:large","max-video-preview":"max-video-preview:-1"},"canonical":"https:\/\/newsarovia.com\/pt\/the-saro-gralat-exchange\/","og_locale":"pt_BR","og_type":"article","og_title":"[:en]The Saro-Gralat Exchange[:pt]A Troca Saro-Gralat[:] - SMI Gouverna","og_description":"Voc\u00ea quer ser pago em moeda real do jogo por seus servi\u00e7os prestados a Sarovia? Felizmente, pode! Sarovia foi, na verdade, a primeira organiza\u00e7\u00e3o em sua comunidade nativa e no jogo a pagar seus cidad\u00e3os regularmente. Isso come\u00e7ou durante o reinado do Imperador Constantine VI, quando os membros do Ex\u00e9rcito Imperial acima do posto de [&hellip;]","og_url":"https:\/\/newsarovia.com\/pt\/the-saro-gralat-exchange\/","og_site_name":"SMI Gouverna","article_modified_time":"2025-04-22T01:26:59+00:00","twitter_card":"summary_large_image","twitter_misc":{"Est. tempo de leitura":"2 minutos"},"schema":{"@context":"https:\/\/schema.org","@graph":[{"@type":"WebPage","@id":"https:\/\/newsarovia.com\/the-saro-gralat-exchange\/","url":"https:\/\/newsarovia.com\/the-saro-gralat-exchange\/","name":"A Troca Saro-Gralat","isPartOf":{"@id":"https:\/\/newsarovia.com\/#website"},"datePublished":"2025-04-10T18:13:49+00:00","dateModified":"2025-04-22T01:26:59+00:00","breadcrumb":{"@id":"https:\/\/newsarovia.com\/the-saro-gralat-exchange\/#breadcrumb"},"inLanguage":"pt-BR","potentialAction":[{"@type":"ReadAction","target":["https:\/\/newsarovia.com\/the-saro-gralat-exchange\/"]}]},{"@type":"BreadcrumbList","@id":"https:\/\/newsarovia.com\/the-saro-gralat-exchange\/#breadcrumb","itemListElement":[{"@type":"ListItem","position":1,"name":"Home","item":"https:\/\/newsarovia.com\/"},{"@type":"ListItem","position":2,"name":"The Saro-Gralat Exchange"}]},{"@type":"WebSite","@id":"https:\/\/newsarovia.com\/#website","url":"https:\/\/newsarovia.com\/","name":"SMI Gouverna","description":"","publisher":{"@id":"https:\/\/newsarovia.com\/#organization"},"potentialAction":[{"@type":"SearchAction","target":{"@type":"EntryPoint","urlTemplate":"https:\/\/newsarovia.com\/?s={search_term_string}"},"query-input":{"@type":"PropertyValueSpecification","valueRequired":true,"valueName":"search_term_string"}}],"inLanguage":"pt-BR"},{"@type":"Organization","@id":"https:\/\/newsarovia.com\/#organization","name":"Gouverna do Seito Majis Imperial","url":"https:\/\/newsarovia.com\/","logo":{"@type":"ImageObject","inLanguage":"pt-BR","@id":"https:\/\/newsarovia.com\/#\/schema\/logo\/image\/","url":"https:\/\/newsarovia.com\/wp-content\/uploads\/2025\/01\/Sarovia-Logo-Words.png","contentUrl":"https:\/\/newsarovia.com\/wp-content\/uploads\/2025\/01\/Sarovia-Logo-Words.png","width":9985,"height":2274,"caption":"Gouverna do Seito Majis Imperial"},"image":{"@id":"https:\/\/newsarovia.com\/#\/schema\/logo\/image\/"}}]}},"_links":{"self":[{"href":"https:\/\/newsarovia.com\/pt\/wp-json\/wp\/v2\/pages\/2800","targetHints":{"allow":["GET"]}}],"collection":[{"href":"https:\/\/newsarovia.com\/pt\/wp-json\/wp\/v2\/pages"}],"about":[{"href":"https:\/\/newsarovia.com\/pt\/wp-json\/wp\/v2\/types\/page"}],"author":[{"embeddable":true,"href":"https:\/\/newsarovia.com\/pt\/wp-json\/wp\/v2\/users\/1"}],"replies":[{"embeddable":true,"href":"https:\/\/newsarovia.com\/pt\/wp-json\/wp\/v2\/comments?post=2800"}],"version-history":[{"count":3,"href":"https:\/\/newsarovia.com\/pt\/wp-json\/wp\/v2\/pages\/2800\/revisions"}],"predecessor-version":[{"id":2900,"href":"https:\/\/newsarovia.com\/pt\/wp-json\/wp\/v2\/pages\/2800\/revisions\/2900"}],"wp:attachment":[{"href":"https:\/\/newsarovia.com\/pt\/wp-json\/wp\/v2\/media?parent=2800"}],"curies":[{"name":"wp","href":"https:\/\/api.w.org\/{rel}","templated":true}]}}