{"id":2801,"date":"2025-04-10T18:14:06","date_gmt":"2025-04-10T18:14:06","guid":{"rendered":"https:\/\/newsarovia.com\/?page_id=2801"},"modified":"2025-04-22T06:21:45","modified_gmt":"2025-04-22T06:21:45","slug":"sarovian-businesses","status":"publish","type":"page","link":"https:\/\/newsarovia.com\/pt\/sarovian-businesses\/","title":{"rendered":"Empresas Sarovianas"},"content":{"rendered":"\n<p>O Novo Imp\u00e9rio Saroviano tem uma economia de livre mercado, uma das maiores e mais desenvolvidas de qualquer na\u00e7\u00e3o e, certamente, a maior e mais desenvolvida nos continentes em que est\u00e1 presente. Qualquer pessoa pode abrir uma empresa em Sarovia, desde que siga as regras do <em><a href=\"https:\/\/newsarovia.com\/wp-content\/uploads\/2025\/02\/Business-Act-of-280-AS-LUS.pdf\">Ato de Neg\u00f3cios<\/a><\/em> de 280 AS. Essas regras t\u00eam a ver principalmente com a lei de contratos, ou seja, os tipos de acordos que as entidades podem fazer, como pessoas ou empresas. Para registrar uma empresa, basta falar com o <em>Ministoro eui Fisnace<\/em> e enviar uma proposta explicando o nome da empresa, qual \u00e9 o objetivo da empresa e fornecer um logotipo, se for poss\u00edvel criar um.<\/p>\n\n\n\n<p>Abaixo est\u00e1 uma lista das empresas atualmente registradas em Sarovia, bem como nas Col\u00f4nias e Dom\u00ednios.<\/p>\n\n\n\n<h2 class=\"wp-block-heading has-primary-color has-text-color has-link-color wp-elements-285b170e5c5f416da8e2ef63936c2b10\" style=\"font-size:clamp(22.041px, 1.378rem + ((1vw - 3.2px) * 1.586), 36px);\">Empresas Ativas<\/h2>\n\n\n\n<div class=\"wp-block-columns is-layout-flex wp-container-core-columns-is-layout-28f84493 wp-block-columns-is-layout-flex\">\n<div class=\"wp-block-column is-layout-flow wp-block-column-is-layout-flow\">\n<figure class=\"wp-block-image aligncenter size-full is-resized\"><img loading=\"lazy\" decoding=\"async\" width=\"1000\" height=\"1000\" src=\"https:\/\/newsarovia.com\/wp-content\/uploads\/2025\/04\/Braganza.png\" alt=\"\" class=\"wp-image-2970\" style=\"width:307px;height:auto\" srcset=\"https:\/\/newsarovia.com\/wp-content\/uploads\/2025\/04\/Braganza.png 1000w, https:\/\/newsarovia.com\/wp-content\/uploads\/2025\/04\/Braganza-300x300.png 300w, https:\/\/newsarovia.com\/wp-content\/uploads\/2025\/04\/Braganza-150x150.png 150w, https:\/\/newsarovia.com\/wp-content\/uploads\/2025\/04\/Braganza-768x768.png 768w\" sizes=\"auto, (max-width: 1000px) 100vw, 1000px\" \/><\/figure>\n\n\n\n<h2 class=\"wp-block-heading has-text-align-center has-mono-2-color has-text-color has-link-color wp-elements-7ddfe69700eb45e4d90957381ee260fc\" style=\"font-size:clamp(15.747px, 0.984rem + ((1vw - 3.2px) * 0.938), 24px);\">Corpora\u00e7\u00e3o Braganza<\/h2>\n\n\n\n<p><strong>PRESIDENTE:<\/strong> Chostofe Braganza<br><strong>RESUMO:<\/strong> A <strong>Corpora\u00e7\u00e3o Braganza<\/strong> \u00e9 uma das maiores empresas n\u00e3o apenas em Sarovia, mas em toda a Commonwealth. De propriedade e operada pela <em>Fami eui Braganza<\/em>, a Corpora\u00e7\u00e3o atua principalmente nos setores de m\u00eddia e jogos de azar. Atualmente, eles operam o <strong>Braganza Tribune<\/strong>, o maior e mais lido jornal privado da Commonwealth. Eles tamb\u00e9m operam o <strong>Diamond Casino<\/strong>, um dos principais locais de jogos de azar da Commonwealth. Tendo operado de forma intermitente na Commonwealth ao longo dos anos, eles sempre tiveram uma rivalidade com o Grupo Dream.<\/p>\n<\/div>\n\n\n\n<div class=\"wp-block-column is-layout-flow wp-block-column-is-layout-flow\">\n<figure class=\"wp-block-image aligncenter size-full is-resized\"><img loading=\"lazy\" decoding=\"async\" width=\"1000\" height=\"1000\" src=\"https:\/\/newsarovia.com\/wp-content\/uploads\/2025\/04\/Royobek.png\" alt=\"\" class=\"wp-image-2972\" style=\"width:308px;height:auto\" srcset=\"https:\/\/newsarovia.com\/wp-content\/uploads\/2025\/04\/Royobek.png 1000w, https:\/\/newsarovia.com\/wp-content\/uploads\/2025\/04\/Royobek-300x300.png 300w, https:\/\/newsarovia.com\/wp-content\/uploads\/2025\/04\/Royobek-150x150.png 150w, https:\/\/newsarovia.com\/wp-content\/uploads\/2025\/04\/Royobek-768x768.png 768w\" sizes=\"auto, (max-width: 1000px) 100vw, 1000px\" \/><\/figure>\n\n\n\n<h2 class=\"wp-block-heading has-text-align-center has-mono-2-color has-text-color has-link-color wp-elements-84c44651515b94879faa60b7223b7c8e\" style=\"font-size:clamp(15.747px, 0.984rem + ((1vw - 3.2px) * 0.938), 24px);\">Corpora\u00e7\u00e3o Royobek<\/h2>\n\n\n\n<p><strong><strong>PRESIDENTE<\/strong>:<\/strong> D. Fridaros Casdaros<br><strong><strong>RESUMO<\/strong>:<\/strong> A <strong>Corpora\u00e7\u00e3o<\/strong> <strong>Royobek<\/strong> \u00e9 a principal varejista de roupas de Sarovia. Fundada em 2024 por D. Fridaros, <em>Duc eui Vurgos<\/em> e patriarca da <em>Fami eui Casdaros<\/em>, em colabora\u00e7\u00e3o com o Governo Sarovia como sucessora da antiga Companhia de Regency Bay &#8211; uma vendedora estatal de roupas &#8211; a Corpora\u00e7\u00e3o vende uma variedade de roupas para todos os tipos de pessoas, feitas sob medida por D. Fridaros e sua equipe de alfaiates.<\/p>\n<\/div>\n<\/div>\n\n\n\n<div class=\"wp-block-columns is-layout-flex wp-container-core-columns-is-layout-28f84493 wp-block-columns-is-layout-flex\">\n<div class=\"wp-block-column is-layout-flow wp-block-column-is-layout-flow\">\n<figure class=\"wp-block-image aligncenter size-full is-resized\"><img loading=\"lazy\" decoding=\"async\" width=\"1000\" height=\"1000\" src=\"https:\/\/newsarovia.com\/wp-content\/uploads\/2025\/04\/Copanna_Sarovi_2.png\" alt=\"\" class=\"wp-image-2977\" style=\"width:304px;height:auto\" srcset=\"https:\/\/newsarovia.com\/wp-content\/uploads\/2025\/04\/Copanna_Sarovi_2.png 1000w, https:\/\/newsarovia.com\/wp-content\/uploads\/2025\/04\/Copanna_Sarovi_2-300x300.png 300w, https:\/\/newsarovia.com\/wp-content\/uploads\/2025\/04\/Copanna_Sarovi_2-150x150.png 150w, https:\/\/newsarovia.com\/wp-content\/uploads\/2025\/04\/Copanna_Sarovi_2-768x768.png 768w\" sizes=\"auto, (max-width: 1000px) 100vw, 1000px\" \/><\/figure>\n\n\n\n<h2 class=\"wp-block-heading has-text-align-center has-mono-2-color has-text-color has-link-color wp-elements-74699c517b19ee462ee6a75f4aac7118\" style=\"font-size:clamp(15.747px, 0.984rem + ((1vw - 3.2px) * 0.938), 24px);\">Copanna Sarovi<\/h2>\n\n\n\n<p><strong><strong>PRESIDENTE<\/strong>:<\/strong> Terros tel-Assalle<br><strong>RESUMO:<\/strong> A <strong>Copanna Sarovi<\/strong>, ou <em>Companhia Saroviana<\/em>, \u00e9 a primeira grande empresa militar privada de Sarovia. Fundada em 2025 por Terros tel-Assalle em colabora\u00e7\u00e3o com o Governo Saroviano, a Copanna \u00e9 o centro de Sarovia para ataques casuais de torre. Enquanto a maioria das outras organiza\u00e7\u00f5es militares em Sarovia apenas ocasionalmente faz torres, o Copanna est\u00e1 ativamente fazendo incurs\u00f5es na comunidade de torres, ensinando aos Sarovianos habilidades novas e importantes e revolucionando o que significa pegar e manter uma torre na era moderna.<\/p>\n<\/div>\n\n\n\n<div class=\"wp-block-column is-layout-flow wp-block-column-is-layout-flow\">\n<figure class=\"wp-block-image aligncenter size-full is-resized\"><img loading=\"lazy\" decoding=\"async\" width=\"500\" height=\"500\" src=\"https:\/\/newsarovia.com\/wp-content\/uploads\/2025\/04\/dreamgroup.png\" alt=\"\" class=\"wp-image-2969\" style=\"width:304px;height:auto\" srcset=\"https:\/\/newsarovia.com\/wp-content\/uploads\/2025\/04\/dreamgroup.png 500w, https:\/\/newsarovia.com\/wp-content\/uploads\/2025\/04\/dreamgroup-300x300.png 300w, https:\/\/newsarovia.com\/wp-content\/uploads\/2025\/04\/dreamgroup-150x150.png 150w\" sizes=\"auto, (max-width: 500px) 100vw, 500px\" \/><\/figure>\n\n\n\n<h2 class=\"wp-block-heading has-text-align-center has-mono-2-color has-text-color has-link-color wp-elements-fb40e5d8b32ec438f1b9642a91e2d562\" style=\"font-size:clamp(15.747px, 0.984rem + ((1vw - 3.2px) * 0.938), 24px);\">Grupo Dream<\/h2>\n\n\n\n<p><strong><strong>PRESIDENTE<\/strong>:<\/strong> Dream Wallon<br><strong><strong>RESUMO<\/strong>:<\/strong> O <strong>Grupo Dream<\/strong> \u00e9 uma das empresas que mais crescem na Commonwealth. A empresa gerencia v\u00e1rios neg\u00f3cios subsidi\u00e1rios que operam principalmente em Nova Sarovia, Hanor e Carolusburg, incluindo, entre outros, a empresa de minera\u00e7\u00e3o <strong>Dream Mining<\/strong>, o jornal privado <strong>The Daily Dream<\/strong> e o local de jogos de azar <strong>Dream Casino<\/strong>. Tendo operado de forma intermitente na Commonwealth ao longo dos anos, a empresa sempre teve uma rivalidade com a Corpora\u00e7\u00e3o Braganza.<\/p>\n<\/div>\n<\/div>\n","protected":false},"excerpt":{"rendered":"<p>O Novo Imp\u00e9rio Saroviano tem uma economia de livre mercado, uma das maiores e mais desenvolvidas de qualquer na\u00e7\u00e3o e, certamente, a maior e mais desenvolvida nos continentes em que est\u00e1 presente. Qualquer pessoa pode abrir uma empresa em Sarovia, desde que siga as regras do Ato de Neg\u00f3cios de 280 AS. Essas regras t\u00eam [&hellip;]<\/p>\n","protected":false},"author":1,"featured_media":0,"parent":0,"menu_order":0,"comment_status":"closed","ping_status":"closed","template":"","meta":{"footnotes":""},"class_list":["post-2801","page","type-page","status-publish","hentry"],"yoast_head":"<!-- This site is optimized with the Yoast SEO plugin v27.5 - https:\/\/yoast.com\/product\/yoast-seo-wordpress\/ -->\n<title>Empresas Sarovianas - SMI Gouverna<\/title>\n<meta name=\"robots\" content=\"index, follow, max-snippet:-1, max-image-preview:large, max-video-preview:-1\" \/>\n<link rel=\"canonical\" href=\"https:\/\/newsarovia.com\/pt\/sarovian-businesses\/\" \/>\n<meta property=\"og:locale\" content=\"pt_BR\" \/>\n<meta property=\"og:locale:alternate\" content=\"en_US\" \/>\n<meta property=\"og:type\" content=\"article\" \/>\n<meta property=\"og:title\" content=\"Empresas Sarovianas\" \/>\n<meta property=\"og:description\" content=\"O Novo Imp\u00e9rio Saroviano tem uma economia de livre mercado, uma das maiores e mais desenvolvidas de qualquer na\u00e7\u00e3o e, certamente, a maior e mais desenvolvida nos continentes em que est\u00e1 presente. Qualquer pessoa pode abrir uma empresa em Sarovia, desde que siga as regras do Ato de Neg\u00f3cios de 280 AS. Essas regras t\u00eam [&hellip;]\" \/>\n<meta property=\"og:url\" content=\"https:\/\/newsarovia.com\/pt\/sarovian-businesses\/\" \/>\n<meta property=\"og:site_name\" content=\"SMI Gouverna\" \/>\n<meta property=\"article:modified_time\" content=\"2025-04-22T06:21:45+00:00\" \/>\n<meta property=\"og:image\" content=\"https:\/\/newsarovia.com\/wp-content\/uploads\/2025\/04\/Braganza.png\" \/>\n\t<meta property=\"og:image:width\" content=\"1000\" \/>\n\t<meta property=\"og:image:height\" content=\"1000\" \/>\n\t<meta property=\"og:image:type\" content=\"image\/png\" \/>\n<meta name=\"twitter:card\" content=\"summary_large_image\" \/>\n<meta name=\"twitter:label1\" content=\"Est. tempo de leitura\" \/>\n\t<meta name=\"twitter:data1\" content=\"3 minutos\" \/>\n<script type=\"application\/ld+json\" class=\"yoast-schema-graph\">{\"@context\":\"https:\\\/\\\/schema.org\",\"@graph\":[{\"@type\":\"WebPage\",\"@id\":\"https:\\\/\\\/newsarovia.com\\\/pt\\\/sarovian-businesses\\\/\",\"url\":\"https:\\\/\\\/newsarovia.com\\\/pt\\\/sarovian-businesses\\\/\",\"name\":\"Empresas Sarovianas\",\"isPartOf\":{\"@id\":\"https:\\\/\\\/newsarovia.com\\\/#website\"},\"primaryImageOfPage\":{\"@id\":\"https:\\\/\\\/newsarovia.com\\\/pt\\\/sarovian-businesses\\\/#primaryimage\"},\"image\":{\"@id\":\"https:\\\/\\\/newsarovia.com\\\/pt\\\/sarovian-businesses\\\/#primaryimage\"},\"thumbnailUrl\":\"https:\\\/\\\/newsarovia.com\\\/wp-content\\\/uploads\\\/2025\\\/04\\\/Braganza.png\",\"datePublished\":\"2025-04-10T18:14:06+00:00\",\"dateModified\":\"2025-04-22T06:21:45+00:00\",\"breadcrumb\":{\"@id\":\"https:\\\/\\\/newsarovia.com\\\/pt\\\/sarovian-businesses\\\/#breadcrumb\"},\"inLanguage\":\"pt-BR\",\"potentialAction\":[{\"@type\":\"ReadAction\",\"target\":[\"https:\\\/\\\/newsarovia.com\\\/pt\\\/sarovian-businesses\\\/\"]}]},{\"@type\":\"ImageObject\",\"inLanguage\":\"pt-BR\",\"@id\":\"https:\\\/\\\/newsarovia.com\\\/pt\\\/sarovian-businesses\\\/#primaryimage\",\"url\":\"https:\\\/\\\/newsarovia.com\\\/wp-content\\\/uploads\\\/2025\\\/04\\\/Braganza.png\",\"contentUrl\":\"https:\\\/\\\/newsarovia.com\\\/wp-content\\\/uploads\\\/2025\\\/04\\\/Braganza.png\"},{\"@type\":\"BreadcrumbList\",\"@id\":\"https:\\\/\\\/newsarovia.com\\\/pt\\\/sarovian-businesses\\\/#breadcrumb\",\"itemListElement\":[{\"@type\":\"ListItem\",\"position\":1,\"name\":\"Home\",\"item\":\"https:\\\/\\\/newsarovia.com\\\/\"},{\"@type\":\"ListItem\",\"position\":2,\"name\":\"Empresas Sarovianas\"}]},{\"@type\":\"WebSite\",\"@id\":\"https:\\\/\\\/newsarovia.com\\\/#website\",\"url\":\"https:\\\/\\\/newsarovia.com\\\/\",\"name\":\"SMI Gouverna\",\"description\":\"\",\"publisher\":{\"@id\":\"https:\\\/\\\/newsarovia.com\\\/#organization\"},\"potentialAction\":[{\"@type\":\"SearchAction\",\"target\":{\"@type\":\"EntryPoint\",\"urlTemplate\":\"https:\\\/\\\/newsarovia.com\\\/?s={search_term_string}\"},\"query-input\":{\"@type\":\"PropertyValueSpecification\",\"valueRequired\":true,\"valueName\":\"search_term_string\"}}],\"inLanguage\":\"pt-BR\"},{\"@type\":\"Organization\",\"@id\":\"https:\\\/\\\/newsarovia.com\\\/#organization\",\"name\":\"Gouverna do Seito Majis Imperial\",\"url\":\"https:\\\/\\\/newsarovia.com\\\/\",\"logo\":{\"@type\":\"ImageObject\",\"inLanguage\":\"pt-BR\",\"@id\":\"https:\\\/\\\/newsarovia.com\\\/#\\\/schema\\\/logo\\\/image\\\/\",\"url\":\"https:\\\/\\\/newsarovia.com\\\/wp-content\\\/uploads\\\/2025\\\/01\\\/Sarovia-Logo-Words.png\",\"contentUrl\":\"https:\\\/\\\/newsarovia.com\\\/wp-content\\\/uploads\\\/2025\\\/01\\\/Sarovia-Logo-Words.png\",\"width\":9985,\"height\":2274,\"caption\":\"Gouverna do Seito Majis Imperial\"},\"image\":{\"@id\":\"https:\\\/\\\/newsarovia.com\\\/#\\\/schema\\\/logo\\\/image\\\/\"}}]}<\/script>\n<!-- \/ Yoast SEO plugin. -->","yoast_head_json":{"title":"Empresas Sarovianas - SMI Gouverna","robots":{"index":"index","follow":"follow","max-snippet":"max-snippet:-1","max-image-preview":"max-image-preview:large","max-video-preview":"max-video-preview:-1"},"canonical":"https:\/\/newsarovia.com\/pt\/sarovian-businesses\/","og_locale":"pt_BR","og_type":"article","og_title":"[:en]Sarovian Businesses[:pt]Empresas Sarovianas[:] - SMI Gouverna","og_description":"O Novo Imp\u00e9rio Saroviano tem uma economia de livre mercado, uma das maiores e mais desenvolvidas de qualquer na\u00e7\u00e3o e, certamente, a maior e mais desenvolvida nos continentes em que est\u00e1 presente. Qualquer pessoa pode abrir uma empresa em Sarovia, desde que siga as regras do Ato de Neg\u00f3cios de 280 AS. Essas regras t\u00eam [&hellip;]","og_url":"https:\/\/newsarovia.com\/pt\/sarovian-businesses\/","og_site_name":"SMI Gouverna","article_modified_time":"2025-04-22T06:21:45+00:00","og_image":[{"width":1000,"height":1000,"url":"https:\/\/newsarovia.com\/wp-content\/uploads\/2025\/04\/Braganza.png","type":"image\/png"}],"twitter_card":"summary_large_image","twitter_misc":{"Est. tempo de leitura":"3 minutos"},"schema":{"@context":"https:\/\/schema.org","@graph":[{"@type":"WebPage","@id":"https:\/\/newsarovia.com\/pt\/sarovian-businesses\/","url":"https:\/\/newsarovia.com\/pt\/sarovian-businesses\/","name":"Empresas Sarovianas","isPartOf":{"@id":"https:\/\/newsarovia.com\/#website"},"primaryImageOfPage":{"@id":"https:\/\/newsarovia.com\/pt\/sarovian-businesses\/#primaryimage"},"image":{"@id":"https:\/\/newsarovia.com\/pt\/sarovian-businesses\/#primaryimage"},"thumbnailUrl":"https:\/\/newsarovia.com\/wp-content\/uploads\/2025\/04\/Braganza.png","datePublished":"2025-04-10T18:14:06+00:00","dateModified":"2025-04-22T06:21:45+00:00","breadcrumb":{"@id":"https:\/\/newsarovia.com\/pt\/sarovian-businesses\/#breadcrumb"},"inLanguage":"pt-BR","potentialAction":[{"@type":"ReadAction","target":["https:\/\/newsarovia.com\/pt\/sarovian-businesses\/"]}]},{"@type":"ImageObject","inLanguage":"pt-BR","@id":"https:\/\/newsarovia.com\/pt\/sarovian-businesses\/#primaryimage","url":"https:\/\/newsarovia.com\/wp-content\/uploads\/2025\/04\/Braganza.png","contentUrl":"https:\/\/newsarovia.com\/wp-content\/uploads\/2025\/04\/Braganza.png"},{"@type":"BreadcrumbList","@id":"https:\/\/newsarovia.com\/pt\/sarovian-businesses\/#breadcrumb","itemListElement":[{"@type":"ListItem","position":1,"name":"Home","item":"https:\/\/newsarovia.com\/"},{"@type":"ListItem","position":2,"name":"Empresas Sarovianas"}]},{"@type":"WebSite","@id":"https:\/\/newsarovia.com\/#website","url":"https:\/\/newsarovia.com\/","name":"SMI Gouverna","description":"","publisher":{"@id":"https:\/\/newsarovia.com\/#organization"},"potentialAction":[{"@type":"SearchAction","target":{"@type":"EntryPoint","urlTemplate":"https:\/\/newsarovia.com\/?s={search_term_string}"},"query-input":{"@type":"PropertyValueSpecification","valueRequired":true,"valueName":"search_term_string"}}],"inLanguage":"pt-BR"},{"@type":"Organization","@id":"https:\/\/newsarovia.com\/#organization","name":"Gouverna do Seito Majis Imperial","url":"https:\/\/newsarovia.com\/","logo":{"@type":"ImageObject","inLanguage":"pt-BR","@id":"https:\/\/newsarovia.com\/#\/schema\/logo\/image\/","url":"https:\/\/newsarovia.com\/wp-content\/uploads\/2025\/01\/Sarovia-Logo-Words.png","contentUrl":"https:\/\/newsarovia.com\/wp-content\/uploads\/2025\/01\/Sarovia-Logo-Words.png","width":9985,"height":2274,"caption":"Gouverna do Seito Majis Imperial"},"image":{"@id":"https:\/\/newsarovia.com\/#\/schema\/logo\/image\/"}}]}},"_links":{"self":[{"href":"https:\/\/newsarovia.com\/pt\/wp-json\/wp\/v2\/pages\/2801","targetHints":{"allow":["GET"]}}],"collection":[{"href":"https:\/\/newsarovia.com\/pt\/wp-json\/wp\/v2\/pages"}],"about":[{"href":"https:\/\/newsarovia.com\/pt\/wp-json\/wp\/v2\/types\/page"}],"author":[{"embeddable":true,"href":"https:\/\/newsarovia.com\/pt\/wp-json\/wp\/v2\/users\/1"}],"replies":[{"embeddable":true,"href":"https:\/\/newsarovia.com\/pt\/wp-json\/wp\/v2\/comments?post=2801"}],"version-history":[{"count":5,"href":"https:\/\/newsarovia.com\/pt\/wp-json\/wp\/v2\/pages\/2801\/revisions"}],"predecessor-version":[{"id":2979,"href":"https:\/\/newsarovia.com\/pt\/wp-json\/wp\/v2\/pages\/2801\/revisions\/2979"}],"wp:attachment":[{"href":"https:\/\/newsarovia.com\/pt\/wp-json\/wp\/v2\/media?parent=2801"}],"curies":[{"name":"wp","href":"https:\/\/api.w.org\/{rel}","templated":true}]}}