{"id":441,"date":"2024-07-04T19:31:10","date_gmt":"2024-07-04T19:31:10","guid":{"rendered":"https:\/\/newsarovia.com\/?page_id=441"},"modified":"2025-05-15T05:13:02","modified_gmt":"2025-05-15T05:13:02","slug":"public-records-and-information","status":"publish","type":"page","link":"https:\/\/newsarovia.com\/pt\/public-records-and-information\/","title":{"rendered":"Public Records and Information"},"content":{"rendered":"\n<p>Bem-vindo ao <strong>Portal de Informa\u00e7\u00f5es e Registros P\u00fablicos<\/strong>, o centro de recursos abrangente criado para os Sarovianos, por Sarovianos. O Portal de Informa\u00e7\u00f5es e Registros P\u00fablicos \u00e9 uma riqueza de materiais que v\u00e3o desde registros hist\u00f3ricos, c\u00f3dices de tradi\u00e7\u00f5es, documentos operacionais e muito mais. Seja para seguir uma p\u00e1gina de m\u00eddia social Saroviana ou para verificar o <strong>Manual de Etiqueta<\/strong> antes de um evento importante, este portal \u00e9 a sua porta de entrada para se manter informado e preparado para a vida em Sarovia.<\/p>\n\n\n\n<ul class=\"wp-block-list\">\n<li><a href=\"https:\/\/www.instagram.com\/new_sarovia\/\">P\u00e1gina da Instagram da Sarovia Rechae<\/a><\/li>\n\n\n\n<li><a href=\"https:\/\/newsarovia.com\/wp-content\/uploads\/2025\/04\/Uma-guia-para-MPs.pdf\">Guia para Membros do Parlamento<\/a><\/li>\n\n\n\n<li><a href=\"https:\/\/newsarovia.com\/wp-content\/uploads\/2025\/04\/Uma-Guia-para-MLAs.pdf\">Guia para Membros das Assembleias Legislativas<\/a><\/li>\n\n\n\n<li><a href=\"https:\/\/newsarovia.com\/wp-content\/uploads\/2024\/07\/LUS-Etiquette-in-the-New-Sarovian-Empire.pdf\">Manual Imperial de Etiqueta<\/a><\/li>\n\n\n\n<li><a href=\"https:\/\/docs.google.com\/presentation\/d\/1D1JSBWMFg1gmNtG78F_aBr-dqLfAZayoqrFMkaAyCBU\/edit?usp=sharing\">Registro Imperial de Bras\u00f5es<\/a><\/li>\n\n\n\n<li><a href=\"https:\/\/newsarovia.com\/wp-content\/uploads\/2024\/08\/Civil-Service-Almanac.pdf\">Almanaque do Servi\u00e7o Civil<\/a><\/li>\n\n\n\n<li><a href=\"https:\/\/docs.google.com\/document\/d\/1k98P9U3Pi5cPO5VdUJK0J-0jwANjInG-aXryLI5W4-k\/edit?usp=sharing\">Dicion\u00e1rio do Saroviano Alto (Vol. 1)<\/a><\/li>\n\n\n\n<li><a href=\"https:\/\/newsarovia.com\/wp-content\/uploads\/2024\/08\/Honours-and-Decorations-Civilian.pdf\">Lista de Honras e Condecora\u00e7\u00f5es Civis<\/a><\/li>\n\n\n\n<li><a href=\"https:\/\/saroviawiki.miraheze.org\/wiki\/Main_Page\">Wiki Saroviano<\/a><\/li>\n\n\n\n<li><a href=\"https:\/\/stefanicsee.wordpress.com\">Site da Igreja Stef\u00e2nica<\/a><\/li>\n\n\n\n<li><a href=\"https:\/\/newsarovia.com\/wp-content\/uploads\/2024\/10\/code-duello-eng.pdf\">Code Duello<\/a><\/li>\n<\/ul>\n","protected":false},"excerpt":{"rendered":"<p>Bem-vindo ao Portal de Informa\u00e7\u00f5es e Registros P\u00fablicos, o centro de recursos abrangente criado para os Sarovianos, por Sarovianos. O Portal de Informa\u00e7\u00f5es e Registros P\u00fablicos \u00e9 uma riqueza de materiais que v\u00e3o desde registros hist\u00f3ricos, c\u00f3dices de tradi\u00e7\u00f5es, documentos operacionais e muito mais. Seja para seguir uma p\u00e1gina de m\u00eddia social Saroviana ou para [&hellip;]<\/p>\n","protected":false},"author":1,"featured_media":0,"parent":0,"menu_order":0,"comment_status":"closed","ping_status":"closed","template":"","meta":{"footnotes":""},"class_list":["post-441","page","type-page","status-publish","hentry"],"yoast_head":"<!-- This site is optimized with the Yoast SEO plugin v27.3 - https:\/\/yoast.com\/product\/yoast-seo-wordpress\/ -->\n<title>Public Records and Information - SMI Gouverna<\/title>\n<meta name=\"robots\" content=\"index, follow, max-snippet:-1, max-image-preview:large, max-video-preview:-1\" \/>\n<link rel=\"canonical\" href=\"https:\/\/newsarovia.com\/pt\/public-records-and-information\/\" \/>\n<meta property=\"og:locale\" content=\"pt_BR\" \/>\n<meta property=\"og:locale:alternate\" content=\"en_US\" \/>\n<meta property=\"og:type\" content=\"article\" \/>\n<meta property=\"og:title\" content=\"Public Records and Information\" \/>\n<meta property=\"og:description\" content=\"Bem-vindo ao Portal de Informa\u00e7\u00f5es e Registros P\u00fablicos, o centro de recursos abrangente criado para os Sarovianos, por Sarovianos. O Portal de Informa\u00e7\u00f5es e Registros P\u00fablicos \u00e9 uma riqueza de materiais que v\u00e3o desde registros hist\u00f3ricos, c\u00f3dices de tradi\u00e7\u00f5es, documentos operacionais e muito mais. Seja para seguir uma p\u00e1gina de m\u00eddia social Saroviana ou para [&hellip;]\" \/>\n<meta property=\"og:url\" content=\"https:\/\/newsarovia.com\/pt\/public-records-and-information\/\" \/>\n<meta property=\"og:site_name\" content=\"SMI Gouverna\" \/>\n<meta property=\"article:modified_time\" content=\"2025-05-15T05:13:02+00:00\" \/>\n<meta name=\"twitter:card\" content=\"summary_large_image\" \/>\n<meta name=\"twitter:label1\" content=\"Est. tempo de leitura\" \/>\n\t<meta name=\"twitter:data1\" content=\"1 minuto\" \/>\n<script type=\"application\/ld+json\" class=\"yoast-schema-graph\">{\"@context\":\"https:\\\/\\\/schema.org\",\"@graph\":[{\"@type\":\"WebPage\",\"@id\":\"https:\\\/\\\/newsarovia.com\\\/public-records-and-information\\\/\",\"url\":\"https:\\\/\\\/newsarovia.com\\\/public-records-and-information\\\/\",\"name\":\"Public Records and Information\",\"isPartOf\":{\"@id\":\"https:\\\/\\\/newsarovia.com\\\/#website\"},\"datePublished\":\"2024-07-04T19:31:10+00:00\",\"dateModified\":\"2025-05-15T05:13:02+00:00\",\"breadcrumb\":{\"@id\":\"https:\\\/\\\/newsarovia.com\\\/public-records-and-information\\\/#breadcrumb\"},\"inLanguage\":\"pt-BR\",\"potentialAction\":[{\"@type\":\"ReadAction\",\"target\":[\"https:\\\/\\\/newsarovia.com\\\/public-records-and-information\\\/\"]}]},{\"@type\":\"BreadcrumbList\",\"@id\":\"https:\\\/\\\/newsarovia.com\\\/public-records-and-information\\\/#breadcrumb\",\"itemListElement\":[{\"@type\":\"ListItem\",\"position\":1,\"name\":\"Home\",\"item\":\"https:\\\/\\\/newsarovia.com\\\/\"},{\"@type\":\"ListItem\",\"position\":2,\"name\":\"Public Records and Information\"}]},{\"@type\":\"WebSite\",\"@id\":\"https:\\\/\\\/newsarovia.com\\\/#website\",\"url\":\"https:\\\/\\\/newsarovia.com\\\/\",\"name\":\"SMI Gouverna\",\"description\":\"\",\"publisher\":{\"@id\":\"https:\\\/\\\/newsarovia.com\\\/#organization\"},\"potentialAction\":[{\"@type\":\"SearchAction\",\"target\":{\"@type\":\"EntryPoint\",\"urlTemplate\":\"https:\\\/\\\/newsarovia.com\\\/?s={search_term_string}\"},\"query-input\":{\"@type\":\"PropertyValueSpecification\",\"valueRequired\":true,\"valueName\":\"search_term_string\"}}],\"inLanguage\":\"pt-BR\"},{\"@type\":\"Organization\",\"@id\":\"https:\\\/\\\/newsarovia.com\\\/#organization\",\"name\":\"Gouverna do Seito Majis Imperial\",\"url\":\"https:\\\/\\\/newsarovia.com\\\/\",\"logo\":{\"@type\":\"ImageObject\",\"inLanguage\":\"pt-BR\",\"@id\":\"https:\\\/\\\/newsarovia.com\\\/#\\\/schema\\\/logo\\\/image\\\/\",\"url\":\"https:\\\/\\\/newsarovia.com\\\/wp-content\\\/uploads\\\/2025\\\/01\\\/Sarovia-Logo-Words.png\",\"contentUrl\":\"https:\\\/\\\/newsarovia.com\\\/wp-content\\\/uploads\\\/2025\\\/01\\\/Sarovia-Logo-Words.png\",\"width\":9985,\"height\":2274,\"caption\":\"Gouverna do Seito Majis Imperial\"},\"image\":{\"@id\":\"https:\\\/\\\/newsarovia.com\\\/#\\\/schema\\\/logo\\\/image\\\/\"}}]}<\/script>\n<!-- \/ Yoast SEO plugin. -->","yoast_head_json":{"title":"Public Records and Information - SMI Gouverna","robots":{"index":"index","follow":"follow","max-snippet":"max-snippet:-1","max-image-preview":"max-image-preview:large","max-video-preview":"max-video-preview:-1"},"canonical":"https:\/\/newsarovia.com\/pt\/public-records-and-information\/","og_locale":"pt_BR","og_type":"article","og_title":"[:en]Public Records and Information[:] - SMI Gouverna","og_description":"Bem-vindo ao Portal de Informa\u00e7\u00f5es e Registros P\u00fablicos, o centro de recursos abrangente criado para os Sarovianos, por Sarovianos. O Portal de Informa\u00e7\u00f5es e Registros P\u00fablicos \u00e9 uma riqueza de materiais que v\u00e3o desde registros hist\u00f3ricos, c\u00f3dices de tradi\u00e7\u00f5es, documentos operacionais e muito mais. Seja para seguir uma p\u00e1gina de m\u00eddia social Saroviana ou para [&hellip;]","og_url":"https:\/\/newsarovia.com\/pt\/public-records-and-information\/","og_site_name":"SMI Gouverna","article_modified_time":"2025-05-15T05:13:02+00:00","twitter_card":"summary_large_image","twitter_misc":{"Est. tempo de leitura":"1 minuto"},"schema":{"@context":"https:\/\/schema.org","@graph":[{"@type":"WebPage","@id":"https:\/\/newsarovia.com\/public-records-and-information\/","url":"https:\/\/newsarovia.com\/public-records-and-information\/","name":"Public Records and Information","isPartOf":{"@id":"https:\/\/newsarovia.com\/#website"},"datePublished":"2024-07-04T19:31:10+00:00","dateModified":"2025-05-15T05:13:02+00:00","breadcrumb":{"@id":"https:\/\/newsarovia.com\/public-records-and-information\/#breadcrumb"},"inLanguage":"pt-BR","potentialAction":[{"@type":"ReadAction","target":["https:\/\/newsarovia.com\/public-records-and-information\/"]}]},{"@type":"BreadcrumbList","@id":"https:\/\/newsarovia.com\/public-records-and-information\/#breadcrumb","itemListElement":[{"@type":"ListItem","position":1,"name":"Home","item":"https:\/\/newsarovia.com\/"},{"@type":"ListItem","position":2,"name":"Public Records and Information"}]},{"@type":"WebSite","@id":"https:\/\/newsarovia.com\/#website","url":"https:\/\/newsarovia.com\/","name":"SMI Gouverna","description":"","publisher":{"@id":"https:\/\/newsarovia.com\/#organization"},"potentialAction":[{"@type":"SearchAction","target":{"@type":"EntryPoint","urlTemplate":"https:\/\/newsarovia.com\/?s={search_term_string}"},"query-input":{"@type":"PropertyValueSpecification","valueRequired":true,"valueName":"search_term_string"}}],"inLanguage":"pt-BR"},{"@type":"Organization","@id":"https:\/\/newsarovia.com\/#organization","name":"Gouverna do Seito Majis Imperial","url":"https:\/\/newsarovia.com\/","logo":{"@type":"ImageObject","inLanguage":"pt-BR","@id":"https:\/\/newsarovia.com\/#\/schema\/logo\/image\/","url":"https:\/\/newsarovia.com\/wp-content\/uploads\/2025\/01\/Sarovia-Logo-Words.png","contentUrl":"https:\/\/newsarovia.com\/wp-content\/uploads\/2025\/01\/Sarovia-Logo-Words.png","width":9985,"height":2274,"caption":"Gouverna do Seito Majis Imperial"},"image":{"@id":"https:\/\/newsarovia.com\/#\/schema\/logo\/image\/"}}]}},"_links":{"self":[{"href":"https:\/\/newsarovia.com\/pt\/wp-json\/wp\/v2\/pages\/441","targetHints":{"allow":["GET"]}}],"collection":[{"href":"https:\/\/newsarovia.com\/pt\/wp-json\/wp\/v2\/pages"}],"about":[{"href":"https:\/\/newsarovia.com\/pt\/wp-json\/wp\/v2\/types\/page"}],"author":[{"embeddable":true,"href":"https:\/\/newsarovia.com\/pt\/wp-json\/wp\/v2\/users\/1"}],"replies":[{"embeddable":true,"href":"https:\/\/newsarovia.com\/pt\/wp-json\/wp\/v2\/comments?post=441"}],"version-history":[{"count":5,"href":"https:\/\/newsarovia.com\/pt\/wp-json\/wp\/v2\/pages\/441\/revisions"}],"predecessor-version":[{"id":3111,"href":"https:\/\/newsarovia.com\/pt\/wp-json\/wp\/v2\/pages\/441\/revisions\/3111"}],"wp:attachment":[{"href":"https:\/\/newsarovia.com\/pt\/wp-json\/wp\/v2\/media?parent=441"}],"curies":[{"name":"wp","href":"https:\/\/api.w.org\/{rel}","templated":true}]}}