{"id":452,"date":"2024-07-06T23:30:34","date_gmt":"2024-07-06T23:30:34","guid":{"rendered":"https:\/\/newsarovia.com\/?page_id=452"},"modified":"2025-06-27T19:58:56","modified_gmt":"2025-06-27T19:58:56","slug":"privy-council","status":"publish","type":"page","link":"https:\/\/newsarovia.com\/pt\/privy-council\/","title":{"rendered":"Conseili Prevato"},"content":{"rendered":"\n<p>O Conselho Privado de Sua Majestade Imperial, ou <em>Conseili Prevato do Seito Majis Imperial<\/em>, \u00e9 a organiza\u00e7\u00e3o em que o Soberano \u00e9 aconselhado em todos os assuntos de estado para administrar o pa\u00eds. Composto por seis comit\u00eas com fun\u00e7\u00f5es, prop\u00f3sitos e composi\u00e7\u00f5es diferentes, o Conselho Privado \u00e9, em \u00faltima an\u00e1lise, formado pelos estadistas e estadistas mais confi\u00e1veis de Nova Sarovia, que s\u00e3o legalmente obrigados a fornecer conselhos s\u00f3lidos ao Soberano.<\/p>\n\n\n\n<p>Supervisionado pelo Lorde-Presidente do Conselho Privado, ou <em>Lorde-Lita<\/em>, o Conselho Privado tamb\u00e9m inclui o Comit\u00ea Executivo ou <em>Clemmeno Escuvo<\/em>, <strong><a href=\"https:\/\/newsarovia.com\/pt\/cabinet\/\">que \u00e9 informalmente conhecido como Gabinete<\/a><\/strong>. Al\u00e9m disso, o Conselho Privado tamb\u00e9m inclui o Comit\u00ea Consultivo, o Comit\u00ea Dom\u00e9stico, o Comit\u00ea de Heran\u00e7a, o Comit\u00ea de Intelig\u00eancia e o Comit\u00ea Judicial. O Lorde-Presidente, nomeado diretamente por Sua Majestade Imperial para servir a Seu bel-prazer, \u00e9 atualmente o <strong><strong>Visarle Lorvalle, D. Albaros Vasa<\/strong><\/strong>.<\/p>\n\n\n\n<h1 class=\"wp-block-heading has-text-align-center has-primary-color has-text-color has-link-color wp-elements-ebe6f22ae5c30f6aed37f3fa5bade8f1\"><strong>CONSEILI PREVATO<\/strong><\/h1>\n\n\n\n<div class=\"wp-block-columns is-layout-flex wp-container-core-columns-is-layout-28f84493 wp-block-columns-is-layout-flex\">\n<div class=\"wp-block-column is-layout-flow wp-block-column-is-layout-flow\">\n<figure class=\"wp-block-image aligncenter size-large is-resized\"><img loading=\"lazy\" decoding=\"async\" width=\"1024\" height=\"1024\" src=\"https:\/\/newsarovia.com\/wp-content\/uploads\/2025\/03\/Albaros_PC-1024x1024.png\" alt=\"\" class=\"wp-image-2645\" style=\"width:314px;height:auto\" srcset=\"https:\/\/newsarovia.com\/wp-content\/uploads\/2025\/03\/Albaros_PC-1024x1024.png 1024w, https:\/\/newsarovia.com\/wp-content\/uploads\/2025\/03\/Albaros_PC-300x300.png 300w, https:\/\/newsarovia.com\/wp-content\/uploads\/2025\/03\/Albaros_PC-150x150.png 150w, https:\/\/newsarovia.com\/wp-content\/uploads\/2025\/03\/Albaros_PC-768x768.png 768w, https:\/\/newsarovia.com\/wp-content\/uploads\/2025\/03\/Albaros_PC-1536x1536.png 1536w, https:\/\/newsarovia.com\/wp-content\/uploads\/2025\/03\/Albaros_PC.png 2048w\" sizes=\"auto, (max-width: 1024px) 100vw, 1024px\" \/><\/figure>\n\n\n\n<h4 class=\"wp-block-heading has-text-align-center has-primary-color has-text-color has-link-color wp-elements-f7b0c1064a73c914ba9a88f522fe3fab\"><strong><strong><strong><strong><strong><strong><strong>T. ONN. D. ALBAROS VASA<\/strong><\/strong><\/strong><\/strong><\/strong><\/strong><\/strong><\/h4>\n\n\n\n<p class=\"has-text-align-center\">Lorde-Lita eui tel Conseili Prevato <strong>(Int.)<\/strong><\/p>\n<\/div>\n<\/div>\n\n\n\n<div class=\"wp-block-columns is-layout-flex wp-container-core-columns-is-layout-28f84493 wp-block-columns-is-layout-flex\">\n<div class=\"wp-block-column is-layout-flow wp-block-column-is-layout-flow\">\n<figure class=\"wp-block-image size-large\"><img decoding=\"async\" src=\"https:\/\/newsarovia.com\/wp-content\/uploads\/2024\/07\/Itte_Privy-1024x1024.png\" alt=\"\"\/><\/figure>\n\n\n\n<h4 class=\"wp-block-heading has-text-align-center has-primary-color has-text-color has-link-color wp-elements-83d4a204061ed2cd35ed1e3efbcbd01c\"><strong><strong>ONN. D. ITTEUS KAINE<\/strong><\/strong><\/h4>\n\n\n\n<p class=\"has-text-align-center\">Conseiloro<\/p>\n<\/div>\n\n\n\n<div class=\"wp-block-column is-layout-flow wp-block-column-is-layout-flow\">\n<figure class=\"wp-block-image size-large\"><img decoding=\"async\" src=\"https:\/\/newsarovia.com\/wp-content\/uploads\/2024\/07\/Edward_NSE_PC-1024x1024.png\" alt=\"\"\/><\/figure>\n\n\n\n<h4 class=\"wp-block-heading has-text-align-center has-primary-color has-text-color has-link-color wp-elements-b3ce4e461a765f3639e0adb17f7ecac1\"><strong><strong><strong><strong><strong>S. ESC. D. EDUARDE VASA<\/strong><\/strong><\/strong><\/strong><\/strong><\/h4>\n\n\n\n<p class=\"has-text-align-center\">Conseiloro<\/p>\n<\/div>\n\n\n\n<div class=\"wp-block-column is-layout-flow wp-block-column-is-layout-flow\">\n<figure class=\"wp-block-image size-large\"><img decoding=\"async\" src=\"https:\/\/newsarovia.com\/wp-content\/uploads\/2024\/07\/Jafar_NSE_privy-1024x1024.png\" alt=\"HON. LORD SUNSTEAD Minister of Culture\"\/><\/figure>\n\n\n\n<h4 class=\"wp-block-heading has-text-align-center has-primary-color has-text-color has-link-color wp-elements-66e72e97fa36f7ee04845d4f5c02219d\"><strong><strong><strong>ONN. D. IAFAROS TEL-ASSALLE<\/strong><\/strong><\/strong><\/h4>\n\n\n\n<p class=\"has-text-align-center\">Conseiloro<\/p>\n<\/div>\n\n\n\n<div class=\"wp-block-column is-layout-flow wp-block-column-is-layout-flow\">\n<figure class=\"wp-block-image size-large\"><img decoding=\"async\" src=\"https:\/\/newsarovia.com\/wp-content\/uploads\/2024\/07\/Marty_Privy-1024x1024.png\" alt=\"\"\/><\/figure>\n\n\n\n<h4 class=\"wp-block-heading has-text-align-center has-primary-color has-text-color has-link-color wp-elements-5bc77ba960c1f3ba7f72b91c3e593684\"><strong><strong><strong><strong>ONN<\/strong>. D. HENRIE VASA<\/strong><\/strong><\/strong><\/h4>\n\n\n\n<p class=\"has-text-align-center\">Conseiloro<\/p>\n<\/div>\n<\/div>\n\n\n\n<div class=\"wp-block-columns is-layout-flex wp-container-core-columns-is-layout-28f84493 wp-block-columns-is-layout-flex\">\n<div class=\"wp-block-column is-layout-flow wp-block-column-is-layout-flow\">\n<figure class=\"wp-block-image size-large\"><img loading=\"lazy\" decoding=\"async\" width=\"1024\" height=\"1024\" src=\"https:\/\/newsarovia.com\/wp-content\/uploads\/2025\/02\/Richard-Privy-1024x1024.png\" alt=\"\" class=\"wp-image-2456\" srcset=\"https:\/\/newsarovia.com\/wp-content\/uploads\/2025\/02\/Richard-Privy-1024x1024.png 1024w, https:\/\/newsarovia.com\/wp-content\/uploads\/2025\/02\/Richard-Privy-300x300.png 300w, https:\/\/newsarovia.com\/wp-content\/uploads\/2025\/02\/Richard-Privy-150x150.png 150w, https:\/\/newsarovia.com\/wp-content\/uploads\/2025\/02\/Richard-Privy-768x768.png 768w, https:\/\/newsarovia.com\/wp-content\/uploads\/2025\/02\/Richard-Privy-1536x1536.png 1536w, https:\/\/newsarovia.com\/wp-content\/uploads\/2025\/02\/Richard-Privy.png 2048w\" sizes=\"auto, (max-width: 1024px) 100vw, 1024px\" \/><\/figure>\n\n\n\n<h4 class=\"wp-block-heading has-text-align-center has-primary-color has-text-color has-link-color wp-elements-fa50223b0ff1aabb4bb9e250861b3368\"><strong><strong><strong><strong><strong><strong><strong><strong><strong><strong><strong><strong>S. ESC.<\/strong><\/strong><\/strong><\/strong><\/strong><\/strong> RICAROS AVIETOS<\/strong><\/strong><\/strong><\/strong><\/strong><\/strong><\/h4>\n\n\n\n<p class=\"has-text-align-center\">Conseiloro<\/p>\n<\/div>\n\n\n\n<div class=\"wp-block-column is-layout-flow wp-block-column-is-layout-flow\">\n<figure class=\"wp-block-image size-large\"><img loading=\"lazy\" decoding=\"async\" width=\"1024\" height=\"1024\" src=\"https:\/\/newsarovia.com\/wp-content\/uploads\/2025\/03\/Cassio_PC-1024x1024.png\" alt=\"\" class=\"wp-image-2648\" srcset=\"https:\/\/newsarovia.com\/wp-content\/uploads\/2025\/03\/Cassio_PC-1024x1024.png 1024w, https:\/\/newsarovia.com\/wp-content\/uploads\/2025\/03\/Cassio_PC-300x300.png 300w, https:\/\/newsarovia.com\/wp-content\/uploads\/2025\/03\/Cassio_PC-150x150.png 150w, https:\/\/newsarovia.com\/wp-content\/uploads\/2025\/03\/Cassio_PC-768x768.png 768w, https:\/\/newsarovia.com\/wp-content\/uploads\/2025\/03\/Cassio_PC-1536x1536.png 1536w, https:\/\/newsarovia.com\/wp-content\/uploads\/2025\/03\/Cassio_PC.png 2048w\" sizes=\"auto, (max-width: 1024px) 100vw, 1024px\" \/><\/figure>\n\n\n\n<h4 class=\"wp-block-heading has-text-align-center has-primary-color has-text-color has-link-color wp-elements-22315b8248a70c01c20ddca23fb19799\"><strong><strong><strong><strong><strong>ONN. CASJO AVIETOS<\/strong><\/strong><\/strong><\/strong><\/strong><\/h4>\n\n\n\n<p class=\"has-text-align-center\">Conseiloro<\/p>\n<\/div>\n\n\n\n<div class=\"wp-block-column is-layout-flow wp-block-column-is-layout-flow\">\n<figure class=\"wp-block-image aligncenter size-large is-resized\"><img loading=\"lazy\" decoding=\"async\" width=\"1024\" height=\"1024\" src=\"https:\/\/newsarovia.com\/wp-content\/uploads\/2025\/02\/Placeholder2-1024x1024.png\" alt=\"\" class=\"wp-image-1947\" style=\"width:314px;height:auto\" srcset=\"https:\/\/newsarovia.com\/wp-content\/uploads\/2025\/02\/Placeholder2-1024x1024.png 1024w, https:\/\/newsarovia.com\/wp-content\/uploads\/2025\/02\/Placeholder2-300x300.png 300w, https:\/\/newsarovia.com\/wp-content\/uploads\/2025\/02\/Placeholder2-150x150.png 150w, https:\/\/newsarovia.com\/wp-content\/uploads\/2025\/02\/Placeholder2-768x768.png 768w, https:\/\/newsarovia.com\/wp-content\/uploads\/2025\/02\/Placeholder2-1536x1536.png 1536w, https:\/\/newsarovia.com\/wp-content\/uploads\/2025\/02\/Placeholder2.png 2048w\" sizes=\"auto, (max-width: 1024px) 100vw, 1024px\" \/><\/figure>\n\n\n\n<h4 class=\"wp-block-heading has-text-align-center has-primary-color has-text-color has-link-color wp-elements-650232cbd5c196ea501d3f3ddf23cb6e\"><strong><strong><strong><strong><strong><strong>S.T.I<\/strong>. D. IOAN VASA<\/strong><\/strong><\/strong><\/strong><\/strong><\/h4>\n\n\n\n<p class=\"has-text-align-center\">Ministoro y Conseiloro<\/p>\n<\/div>\n\n\n\n<div class=\"wp-block-column is-layout-flow wp-block-column-is-layout-flow\">\n<figure class=\"wp-block-image size-large\"><img decoding=\"async\" src=\"https:\/\/newsarovia.com\/wp-content\/uploads\/2024\/08\/Margaret_privy.png\" alt=\"\"\/><\/figure>\n\n\n\n<h4 class=\"wp-block-heading has-text-align-center has-primary-color has-text-color has-link-color wp-elements-e2b37c0e9d6a68b94cb8bd1699fcf48f\"><strong><strong><strong><strong><strong><strong><strong><strong><strong><strong>S.T.I. D. MARGEA VASA<\/strong><\/strong><\/strong><\/strong><\/strong><\/strong><\/strong><\/strong><\/strong><\/strong><\/h4>\n\n\n\n<p class=\"has-text-align-center\">Ministora y Conseilora<\/p>\n<\/div>\n<\/div>\n\n\n\n<div class=\"wp-block-columns is-layout-flex wp-container-core-columns-is-layout-28f84493 wp-block-columns-is-layout-flex\">\n<div class=\"wp-block-column is-layout-flow wp-block-column-is-layout-flow\">\n<figure class=\"wp-block-image size-large\"><img loading=\"lazy\" decoding=\"async\" width=\"1024\" height=\"1024\" src=\"https:\/\/newsarovia.com\/wp-content\/uploads\/2025\/05\/Untitled57_20250511000338-1024x1024.png\" alt=\"\" class=\"wp-image-3107\" srcset=\"https:\/\/newsarovia.com\/wp-content\/uploads\/2025\/05\/Untitled57_20250511000338-1024x1024.png 1024w, https:\/\/newsarovia.com\/wp-content\/uploads\/2025\/05\/Untitled57_20250511000338-300x300.png 300w, https:\/\/newsarovia.com\/wp-content\/uploads\/2025\/05\/Untitled57_20250511000338-150x150.png 150w, https:\/\/newsarovia.com\/wp-content\/uploads\/2025\/05\/Untitled57_20250511000338-768x768.png 768w, https:\/\/newsarovia.com\/wp-content\/uploads\/2025\/05\/Untitled57_20250511000338-1536x1536.png 1536w, https:\/\/newsarovia.com\/wp-content\/uploads\/2025\/05\/Untitled57_20250511000338.png 2048w\" sizes=\"auto, (max-width: 1024px) 100vw, 1024px\" \/><\/figure>\n\n\n\n<h4 class=\"wp-block-heading has-text-align-center has-primary-color has-text-color has-link-color wp-elements-2a3c1f607e5401b24cdf27e58dda0558\"><strong><strong><strong><strong><strong><strong><strong><strong><strong>ONN. BAIDERA LYON<\/strong><\/strong><\/strong><\/strong><\/strong><\/strong><\/strong><\/strong><\/strong><\/h4>\n\n\n\n<p class=\"has-text-align-center\">Ministora y Conseilora<\/p>\n<\/div>\n\n\n\n<div class=\"wp-block-column is-layout-flow wp-block-column-is-layout-flow\">\n<h4 class=\"wp-block-heading has-text-align-center has-primary-color has-text-color has-link-color wp-elements-0b29373b620aac1be0f2015f73370662\"><\/h4>\n\n\n\n<p class=\"has-text-align-center\"><\/p>\n<\/div>\n\n\n\n<div class=\"wp-block-column is-layout-flow wp-block-column-is-layout-flow\">\n<h4 class=\"wp-block-heading has-text-align-center has-primary-color has-text-color has-link-color wp-elements-0b29373b620aac1be0f2015f73370662\"><\/h4>\n\n\n\n<p class=\"has-text-align-center\"><\/p>\n<\/div>\n\n\n\n<div class=\"wp-block-column is-layout-flow wp-block-column-is-layout-flow\">\n<h4 class=\"wp-block-heading has-text-align-center has-primary-color has-text-color has-link-color wp-elements-0b29373b620aac1be0f2015f73370662\"><\/h4>\n<\/div>\n<\/div>\n\n\n<p><!-- \/wp:post-content --><\/p>\n<p><!-- wp:paragraph --><\/p>\n<p><!-- \/wp:paragraph --><\/p>","protected":false},"excerpt":{"rendered":"<p>O Conselho Privado de Sua Majestade Imperial, ou Conseili Prevato do Seito Majis Imperial, \u00e9 a organiza\u00e7\u00e3o em que o Soberano \u00e9 aconselhado em todos os assuntos de estado para administrar o pa\u00eds. Composto por seis comit\u00eas com fun\u00e7\u00f5es, prop\u00f3sitos e composi\u00e7\u00f5es diferentes, o Conselho Privado \u00e9, em \u00faltima an\u00e1lise, formado pelos estadistas e estadistas [&hellip;]<\/p>\n","protected":false},"author":1,"featured_media":0,"parent":0,"menu_order":0,"comment_status":"closed","ping_status":"closed","template":"","meta":{"footnotes":""},"class_list":["post-452","page","type-page","status-publish","hentry"],"yoast_head":"<!-- This site is optimized with the Yoast SEO plugin v27.4 - https:\/\/yoast.com\/product\/yoast-seo-wordpress\/ -->\n<title>Conseili Prevato - SMI Gouverna<\/title>\n<meta name=\"robots\" content=\"index, follow, max-snippet:-1, max-image-preview:large, max-video-preview:-1\" \/>\n<link rel=\"canonical\" href=\"https:\/\/newsarovia.com\/pt\/privy-council\/\" \/>\n<meta property=\"og:locale\" content=\"pt_BR\" \/>\n<meta property=\"og:locale:alternate\" content=\"en_US\" \/>\n<meta property=\"og:type\" content=\"article\" \/>\n<meta property=\"og:title\" content=\"Conseili Prevato\" \/>\n<meta property=\"og:description\" content=\"O Conselho Privado de Sua Majestade Imperial, ou Conseili Prevato do Seito Majis Imperial, \u00e9 a organiza\u00e7\u00e3o em que o Soberano \u00e9 aconselhado em todos os assuntos de estado para administrar o pa\u00eds. Composto por seis comit\u00eas com fun\u00e7\u00f5es, prop\u00f3sitos e composi\u00e7\u00f5es diferentes, o Conselho Privado \u00e9, em \u00faltima an\u00e1lise, formado pelos estadistas e estadistas [&hellip;]\" \/>\n<meta property=\"og:url\" content=\"https:\/\/newsarovia.com\/pt\/privy-council\/\" \/>\n<meta property=\"og:site_name\" content=\"SMI Gouverna\" \/>\n<meta property=\"article:modified_time\" content=\"2025-06-27T19:58:56+00:00\" \/>\n<meta property=\"og:image\" content=\"https:\/\/newsarovia.com\/wp-content\/uploads\/2025\/03\/Albaros_PC.png\" \/>\n\t<meta property=\"og:image:width\" content=\"2048\" \/>\n\t<meta property=\"og:image:height\" content=\"2048\" \/>\n\t<meta property=\"og:image:type\" content=\"image\/png\" \/>\n<meta name=\"twitter:card\" content=\"summary_large_image\" \/>\n<meta name=\"twitter:label1\" content=\"Est. tempo de leitura\" \/>\n\t<meta name=\"twitter:data1\" content=\"3 minutos\" \/>\n<script type=\"application\/ld+json\" class=\"yoast-schema-graph\">{\"@context\":\"https:\\\/\\\/schema.org\",\"@graph\":[{\"@type\":\"WebPage\",\"@id\":\"https:\\\/\\\/newsarovia.com\\\/pt\\\/privy-council\\\/\",\"url\":\"https:\\\/\\\/newsarovia.com\\\/pt\\\/privy-council\\\/\",\"name\":\"Conseili Prevato\",\"isPartOf\":{\"@id\":\"https:\\\/\\\/newsarovia.com\\\/#website\"},\"primaryImageOfPage\":{\"@id\":\"https:\\\/\\\/newsarovia.com\\\/pt\\\/privy-council\\\/#primaryimage\"},\"image\":{\"@id\":\"https:\\\/\\\/newsarovia.com\\\/pt\\\/privy-council\\\/#primaryimage\"},\"thumbnailUrl\":\"https:\\\/\\\/newsarovia.com\\\/wp-content\\\/uploads\\\/2025\\\/03\\\/Albaros_PC-1024x1024.png\",\"datePublished\":\"2024-07-06T23:30:34+00:00\",\"dateModified\":\"2025-06-27T19:58:56+00:00\",\"breadcrumb\":{\"@id\":\"https:\\\/\\\/newsarovia.com\\\/pt\\\/privy-council\\\/#breadcrumb\"},\"inLanguage\":\"pt-BR\",\"potentialAction\":[{\"@type\":\"ReadAction\",\"target\":[\"https:\\\/\\\/newsarovia.com\\\/pt\\\/privy-council\\\/\"]}]},{\"@type\":\"ImageObject\",\"inLanguage\":\"pt-BR\",\"@id\":\"https:\\\/\\\/newsarovia.com\\\/pt\\\/privy-council\\\/#primaryimage\",\"url\":\"https:\\\/\\\/newsarovia.com\\\/wp-content\\\/uploads\\\/2025\\\/03\\\/Albaros_PC-1024x1024.png\",\"contentUrl\":\"https:\\\/\\\/newsarovia.com\\\/wp-content\\\/uploads\\\/2025\\\/03\\\/Albaros_PC-1024x1024.png\"},{\"@type\":\"BreadcrumbList\",\"@id\":\"https:\\\/\\\/newsarovia.com\\\/pt\\\/privy-council\\\/#breadcrumb\",\"itemListElement\":[{\"@type\":\"ListItem\",\"position\":1,\"name\":\"Home\",\"item\":\"https:\\\/\\\/newsarovia.com\\\/\"},{\"@type\":\"ListItem\",\"position\":2,\"name\":\"Conseili Prevato\"}]},{\"@type\":\"WebSite\",\"@id\":\"https:\\\/\\\/newsarovia.com\\\/#website\",\"url\":\"https:\\\/\\\/newsarovia.com\\\/\",\"name\":\"SMI Gouverna\",\"description\":\"\",\"publisher\":{\"@id\":\"https:\\\/\\\/newsarovia.com\\\/#organization\"},\"potentialAction\":[{\"@type\":\"SearchAction\",\"target\":{\"@type\":\"EntryPoint\",\"urlTemplate\":\"https:\\\/\\\/newsarovia.com\\\/?s={search_term_string}\"},\"query-input\":{\"@type\":\"PropertyValueSpecification\",\"valueRequired\":true,\"valueName\":\"search_term_string\"}}],\"inLanguage\":\"pt-BR\"},{\"@type\":\"Organization\",\"@id\":\"https:\\\/\\\/newsarovia.com\\\/#organization\",\"name\":\"Gouverna do Seito Majis Imperial\",\"url\":\"https:\\\/\\\/newsarovia.com\\\/\",\"logo\":{\"@type\":\"ImageObject\",\"inLanguage\":\"pt-BR\",\"@id\":\"https:\\\/\\\/newsarovia.com\\\/#\\\/schema\\\/logo\\\/image\\\/\",\"url\":\"https:\\\/\\\/newsarovia.com\\\/wp-content\\\/uploads\\\/2025\\\/01\\\/Sarovia-Logo-Words.png\",\"contentUrl\":\"https:\\\/\\\/newsarovia.com\\\/wp-content\\\/uploads\\\/2025\\\/01\\\/Sarovia-Logo-Words.png\",\"width\":9985,\"height\":2274,\"caption\":\"Gouverna do Seito Majis Imperial\"},\"image\":{\"@id\":\"https:\\\/\\\/newsarovia.com\\\/#\\\/schema\\\/logo\\\/image\\\/\"}}]}<\/script>\n<!-- \/ Yoast SEO plugin. -->","yoast_head_json":{"title":"Conseili Prevato - SMI Gouverna","robots":{"index":"index","follow":"follow","max-snippet":"max-snippet:-1","max-image-preview":"max-image-preview:large","max-video-preview":"max-video-preview:-1"},"canonical":"https:\/\/newsarovia.com\/pt\/privy-council\/","og_locale":"pt_BR","og_type":"article","og_title":"[:en]Conseili Prevato[:] - SMI Gouverna","og_description":"O Conselho Privado de Sua Majestade Imperial, ou Conseili Prevato do Seito Majis Imperial, \u00e9 a organiza\u00e7\u00e3o em que o Soberano \u00e9 aconselhado em todos os assuntos de estado para administrar o pa\u00eds. Composto por seis comit\u00eas com fun\u00e7\u00f5es, prop\u00f3sitos e composi\u00e7\u00f5es diferentes, o Conselho Privado \u00e9, em \u00faltima an\u00e1lise, formado pelos estadistas e estadistas [&hellip;]","og_url":"https:\/\/newsarovia.com\/pt\/privy-council\/","og_site_name":"SMI Gouverna","article_modified_time":"2025-06-27T19:58:56+00:00","og_image":[{"width":2048,"height":2048,"url":"https:\/\/newsarovia.com\/wp-content\/uploads\/2025\/03\/Albaros_PC.png","type":"image\/png"}],"twitter_card":"summary_large_image","twitter_misc":{"Est. tempo de leitura":"3 minutos"},"schema":{"@context":"https:\/\/schema.org","@graph":[{"@type":"WebPage","@id":"https:\/\/newsarovia.com\/pt\/privy-council\/","url":"https:\/\/newsarovia.com\/pt\/privy-council\/","name":"Conseili Prevato","isPartOf":{"@id":"https:\/\/newsarovia.com\/#website"},"primaryImageOfPage":{"@id":"https:\/\/newsarovia.com\/pt\/privy-council\/#primaryimage"},"image":{"@id":"https:\/\/newsarovia.com\/pt\/privy-council\/#primaryimage"},"thumbnailUrl":"https:\/\/newsarovia.com\/wp-content\/uploads\/2025\/03\/Albaros_PC-1024x1024.png","datePublished":"2024-07-06T23:30:34+00:00","dateModified":"2025-06-27T19:58:56+00:00","breadcrumb":{"@id":"https:\/\/newsarovia.com\/pt\/privy-council\/#breadcrumb"},"inLanguage":"pt-BR","potentialAction":[{"@type":"ReadAction","target":["https:\/\/newsarovia.com\/pt\/privy-council\/"]}]},{"@type":"ImageObject","inLanguage":"pt-BR","@id":"https:\/\/newsarovia.com\/pt\/privy-council\/#primaryimage","url":"https:\/\/newsarovia.com\/wp-content\/uploads\/2025\/03\/Albaros_PC-1024x1024.png","contentUrl":"https:\/\/newsarovia.com\/wp-content\/uploads\/2025\/03\/Albaros_PC-1024x1024.png"},{"@type":"BreadcrumbList","@id":"https:\/\/newsarovia.com\/pt\/privy-council\/#breadcrumb","itemListElement":[{"@type":"ListItem","position":1,"name":"Home","item":"https:\/\/newsarovia.com\/"},{"@type":"ListItem","position":2,"name":"Conseili Prevato"}]},{"@type":"WebSite","@id":"https:\/\/newsarovia.com\/#website","url":"https:\/\/newsarovia.com\/","name":"SMI Gouverna","description":"","publisher":{"@id":"https:\/\/newsarovia.com\/#organization"},"potentialAction":[{"@type":"SearchAction","target":{"@type":"EntryPoint","urlTemplate":"https:\/\/newsarovia.com\/?s={search_term_string}"},"query-input":{"@type":"PropertyValueSpecification","valueRequired":true,"valueName":"search_term_string"}}],"inLanguage":"pt-BR"},{"@type":"Organization","@id":"https:\/\/newsarovia.com\/#organization","name":"Gouverna do Seito Majis Imperial","url":"https:\/\/newsarovia.com\/","logo":{"@type":"ImageObject","inLanguage":"pt-BR","@id":"https:\/\/newsarovia.com\/#\/schema\/logo\/image\/","url":"https:\/\/newsarovia.com\/wp-content\/uploads\/2025\/01\/Sarovia-Logo-Words.png","contentUrl":"https:\/\/newsarovia.com\/wp-content\/uploads\/2025\/01\/Sarovia-Logo-Words.png","width":9985,"height":2274,"caption":"Gouverna do Seito Majis Imperial"},"image":{"@id":"https:\/\/newsarovia.com\/#\/schema\/logo\/image\/"}}]}},"_links":{"self":[{"href":"https:\/\/newsarovia.com\/pt\/wp-json\/wp\/v2\/pages\/452","targetHints":{"allow":["GET"]}}],"collection":[{"href":"https:\/\/newsarovia.com\/pt\/wp-json\/wp\/v2\/pages"}],"about":[{"href":"https:\/\/newsarovia.com\/pt\/wp-json\/wp\/v2\/types\/page"}],"author":[{"embeddable":true,"href":"https:\/\/newsarovia.com\/pt\/wp-json\/wp\/v2\/users\/1"}],"replies":[{"embeddable":true,"href":"https:\/\/newsarovia.com\/pt\/wp-json\/wp\/v2\/comments?post=452"}],"version-history":[{"count":5,"href":"https:\/\/newsarovia.com\/pt\/wp-json\/wp\/v2\/pages\/452\/revisions"}],"predecessor-version":[{"id":3151,"href":"https:\/\/newsarovia.com\/pt\/wp-json\/wp\/v2\/pages\/452\/revisions\/3151"}],"wp:attachment":[{"href":"https:\/\/newsarovia.com\/pt\/wp-json\/wp\/v2\/media?parent=452"}],"curies":[{"name":"wp","href":"https:\/\/api.w.org\/{rel}","templated":true}]}}