{"id":456,"date":"2024-07-06T23:31:12","date_gmt":"2024-07-06T23:31:12","guid":{"rendered":"https:\/\/newsarovia.com\/?page_id=456"},"modified":"2025-03-14T23:03:40","modified_gmt":"2025-03-14T23:03:40","slug":"about-the-sovereign","status":"publish","type":"page","link":"https:\/\/newsarovia.com\/pt\/about-the-sovereign\/","title":{"rendered":"Sobre Carolus XIII"},"content":{"rendered":"\n<div class=\"wp-block-columns alignfull is-layout-flex wp-container-core-columns-is-layout-28f84493 wp-block-columns-is-layout-flex\">\n<div class=\"wp-block-column is-layout-flow wp-block-column-is-layout-flow\">\n<figure class=\"wp-block-image alignright size-large is-resized\"><img loading=\"lazy\" decoding=\"async\" width=\"751\" height=\"1024\" src=\"https:\/\/newsarovia.com\/wp-content\/uploads\/2025\/03\/Small-751x1024.png\" alt=\"\" class=\"wp-image-2485\" style=\"width:575px;height:auto\" srcset=\"https:\/\/newsarovia.com\/wp-content\/uploads\/2025\/03\/Small-751x1024.png 751w, https:\/\/newsarovia.com\/wp-content\/uploads\/2025\/03\/Small-220x300.png 220w, https:\/\/newsarovia.com\/wp-content\/uploads\/2025\/03\/Small-768x1047.png 768w, https:\/\/newsarovia.com\/wp-content\/uploads\/2025\/03\/Small-1126x1536.png 1126w, https:\/\/newsarovia.com\/wp-content\/uploads\/2025\/03\/Small-1502x2048.png 1502w\" sizes=\"auto, (max-width: 751px) 100vw, 751px\" \/><figcaption class=\"wp-element-caption\">Retrato Oficial de Carolus XIII &#8211; Mar\u00e7o de 2025<\/figcaption><\/figure>\n<\/div>\n\n\n\n<div class=\"wp-block-column is-layout-flow wp-block-column-is-layout-flow\">\n<p class=\"has-superbfont-medium-font-size\"><strong>Imperador Carolus XIII<\/strong> (nascido <em>Carolus Ioan Fridaros Alffo Albaros Consteynnos eui Zor-Mako-Vasa-Noesa<\/em>), \u00e9 o atual soberano do Novo Imp\u00e9rio Saroviano, atuando como <em>Royo do tel Sarovi y Imperad eui tel Comune Sarovi, <\/em>ou <strong>Rei dos Sarovianos e Imperador da Comunidade Saroviana<\/strong>.<\/p>\n\n\n\n<p class=\"has-superbfont-medium-font-size\">O Soberano, anteriormente conhecido como <em>Duc eui Sorrel<\/em>, tornou-se Rei dos Sarovianos e Imperador da Comunidade Saroviana ap\u00f3s o falecimento de seu av\u00f4, <a href=\"https:\/\/sarovia.graalmilitary.com\/wiki\/Constantine_IX_Vasa\">Constantine IX<\/a>, no dia 28 de novembro, 311 AS no Pal\u00e1cio de Stenhammer.&nbsp;<\/p>\n\n\n\n<p class=\"has-superbfont-medium-font-size\">Al\u00e9m de reinar como Rei dos Sarovianos, Sua Majestade Imperial tamb\u00e9m serve como Chefe-de-Estado de v\u00e1rias na\u00e7\u00f5es em todo o mundo, incluindo o Dom\u00ednio da Philippia, o Dom\u00ednio de Carolusburg, o Grande Reino do State e muitos outros, desempenhando uma variedade de fun\u00e7\u00f5es oficiais e cerimoniais para cada um deles.<\/p>\n\n\n\n<p class=\"has-superbfont-medium-font-size\">O estilo oficial dele \u00e9 a seguinte:<\/p>\n\n\n\n<p class=\"has-text-align-center has-superbfont-medium-font-size\"><em>Seito Majis Imperial y Stefanica, <\/em><strong>CAROLUS XII<\/strong><em>, pur tel graza eui Stefan, Rozirresaintos eui Lauterra, Royo do tel Sarovi y Imperad eui tel Comune Sarovi, Bennenroyo eui tel Etaso, Royo eui Roisa, eui Noesa, eui Philippia, eui Metternau, eui Carolusburg y do tel Oxerianos, Pazietella do tel Vasas, Noesas, Makos y Zors y Protegesse eun Fe<\/em>.<em><br><\/em><\/p>\n<\/div>\n<\/div>\n\n\n\n<p class=\"has-text-align-left has-superbfont-xsmall-font-size\"><\/p>\n","protected":false},"excerpt":{"rendered":"<p>Imperador Carolus XIII (nascido Carolus Ioan Fridaros Alffo Albaros Consteynnos eui Zor-Mako-Vasa-Noesa), \u00e9 o atual soberano do Novo Imp\u00e9rio Saroviano, atuando como Royo do tel Sarovi y Imperad eui tel Comune Sarovi, ou Rei dos Sarovianos e Imperador da Comunidade Saroviana. O Soberano, anteriormente conhecido como Duc eui Sorrel, tornou-se Rei dos Sarovianos e Imperador [&hellip;]<\/p>\n","protected":false},"author":1,"featured_media":0,"parent":0,"menu_order":0,"comment_status":"closed","ping_status":"closed","template":"","meta":{"footnotes":""},"class_list":["post-456","page","type-page","status-publish","hentry"],"yoast_head":"<!-- This site is optimized with the Yoast SEO plugin v27.4 - https:\/\/yoast.com\/product\/yoast-seo-wordpress\/ -->\n<title>Sobre Carolus XIII - SMI Gouverna<\/title>\n<meta name=\"robots\" content=\"index, follow, max-snippet:-1, max-image-preview:large, max-video-preview:-1\" \/>\n<link rel=\"canonical\" href=\"https:\/\/newsarovia.com\/pt\/about-the-sovereign\/\" \/>\n<meta property=\"og:locale\" content=\"pt_BR\" \/>\n<meta property=\"og:locale:alternate\" content=\"en_US\" \/>\n<meta property=\"og:type\" content=\"article\" \/>\n<meta property=\"og:title\" content=\"Sobre Carolus XIII\" \/>\n<meta property=\"og:description\" content=\"Imperador Carolus XIII (nascido Carolus Ioan Fridaros Alffo Albaros Consteynnos eui Zor-Mako-Vasa-Noesa), \u00e9 o atual soberano do Novo Imp\u00e9rio Saroviano, atuando como Royo do tel Sarovi y Imperad eui tel Comune Sarovi, ou Rei dos Sarovianos e Imperador da Comunidade Saroviana. O Soberano, anteriormente conhecido como Duc eui Sorrel, tornou-se Rei dos Sarovianos e Imperador [&hellip;]\" \/>\n<meta property=\"og:url\" content=\"https:\/\/newsarovia.com\/pt\/about-the-sovereign\/\" \/>\n<meta property=\"og:site_name\" content=\"SMI Gouverna\" \/>\n<meta property=\"article:modified_time\" content=\"2025-03-14T23:03:40+00:00\" \/>\n<meta property=\"og:image\" content=\"https:\/\/newsarovia.com\/wp-content\/uploads\/2025\/03\/Small-751x1024.png\" \/>\n\t<meta property=\"og:image:width\" content=\"751\" \/>\n\t<meta property=\"og:image:height\" content=\"1024\" \/>\n\t<meta property=\"og:image:type\" content=\"image\/png\" \/>\n<meta name=\"twitter:card\" content=\"summary_large_image\" \/>\n<meta name=\"twitter:label1\" content=\"Est. tempo de leitura\" \/>\n\t<meta name=\"twitter:data1\" content=\"2 minutos\" \/>\n<script type=\"application\/ld+json\" class=\"yoast-schema-graph\">{\"@context\":\"https:\\\/\\\/schema.org\",\"@graph\":[{\"@type\":\"WebPage\",\"@id\":\"https:\\\/\\\/newsarovia.com\\\/pt\\\/about-the-sovereign\\\/\",\"url\":\"https:\\\/\\\/newsarovia.com\\\/pt\\\/about-the-sovereign\\\/\",\"name\":\"Sobre Carolus XIII\",\"isPartOf\":{\"@id\":\"https:\\\/\\\/newsarovia.com\\\/#website\"},\"primaryImageOfPage\":{\"@id\":\"https:\\\/\\\/newsarovia.com\\\/pt\\\/about-the-sovereign\\\/#primaryimage\"},\"image\":{\"@id\":\"https:\\\/\\\/newsarovia.com\\\/pt\\\/about-the-sovereign\\\/#primaryimage\"},\"thumbnailUrl\":\"https:\\\/\\\/newsarovia.com\\\/wp-content\\\/uploads\\\/2025\\\/03\\\/Small-751x1024.png\",\"datePublished\":\"2024-07-06T23:31:12+00:00\",\"dateModified\":\"2025-03-14T23:03:40+00:00\",\"breadcrumb\":{\"@id\":\"https:\\\/\\\/newsarovia.com\\\/pt\\\/about-the-sovereign\\\/#breadcrumb\"},\"inLanguage\":\"pt-BR\",\"potentialAction\":[{\"@type\":\"ReadAction\",\"target\":[\"https:\\\/\\\/newsarovia.com\\\/pt\\\/about-the-sovereign\\\/\"]}]},{\"@type\":\"ImageObject\",\"inLanguage\":\"pt-BR\",\"@id\":\"https:\\\/\\\/newsarovia.com\\\/pt\\\/about-the-sovereign\\\/#primaryimage\",\"url\":\"https:\\\/\\\/newsarovia.com\\\/wp-content\\\/uploads\\\/2025\\\/03\\\/Small-751x1024.png\",\"contentUrl\":\"https:\\\/\\\/newsarovia.com\\\/wp-content\\\/uploads\\\/2025\\\/03\\\/Small-751x1024.png\"},{\"@type\":\"BreadcrumbList\",\"@id\":\"https:\\\/\\\/newsarovia.com\\\/pt\\\/about-the-sovereign\\\/#breadcrumb\",\"itemListElement\":[{\"@type\":\"ListItem\",\"position\":1,\"name\":\"Home\",\"item\":\"https:\\\/\\\/newsarovia.com\\\/\"},{\"@type\":\"ListItem\",\"position\":2,\"name\":\"Sobre Carolus XIII\"}]},{\"@type\":\"WebSite\",\"@id\":\"https:\\\/\\\/newsarovia.com\\\/#website\",\"url\":\"https:\\\/\\\/newsarovia.com\\\/\",\"name\":\"SMI Gouverna\",\"description\":\"\",\"publisher\":{\"@id\":\"https:\\\/\\\/newsarovia.com\\\/#organization\"},\"potentialAction\":[{\"@type\":\"SearchAction\",\"target\":{\"@type\":\"EntryPoint\",\"urlTemplate\":\"https:\\\/\\\/newsarovia.com\\\/?s={search_term_string}\"},\"query-input\":{\"@type\":\"PropertyValueSpecification\",\"valueRequired\":true,\"valueName\":\"search_term_string\"}}],\"inLanguage\":\"pt-BR\"},{\"@type\":\"Organization\",\"@id\":\"https:\\\/\\\/newsarovia.com\\\/#organization\",\"name\":\"Gouverna do Seito Majis Imperial\",\"url\":\"https:\\\/\\\/newsarovia.com\\\/\",\"logo\":{\"@type\":\"ImageObject\",\"inLanguage\":\"pt-BR\",\"@id\":\"https:\\\/\\\/newsarovia.com\\\/#\\\/schema\\\/logo\\\/image\\\/\",\"url\":\"https:\\\/\\\/newsarovia.com\\\/wp-content\\\/uploads\\\/2025\\\/01\\\/Sarovia-Logo-Words.png\",\"contentUrl\":\"https:\\\/\\\/newsarovia.com\\\/wp-content\\\/uploads\\\/2025\\\/01\\\/Sarovia-Logo-Words.png\",\"width\":9985,\"height\":2274,\"caption\":\"Gouverna do Seito Majis Imperial\"},\"image\":{\"@id\":\"https:\\\/\\\/newsarovia.com\\\/#\\\/schema\\\/logo\\\/image\\\/\"}}]}<\/script>\n<!-- \/ Yoast SEO plugin. -->","yoast_head_json":{"title":"Sobre Carolus XIII - SMI Gouverna","robots":{"index":"index","follow":"follow","max-snippet":"max-snippet:-1","max-image-preview":"max-image-preview:large","max-video-preview":"max-video-preview:-1"},"canonical":"https:\/\/newsarovia.com\/pt\/about-the-sovereign\/","og_locale":"pt_BR","og_type":"article","og_title":"[:en]About Carolus XIII[:pt]Sobre Carolus XIII[:] - SMI Gouverna","og_description":"Imperador Carolus XIII (nascido Carolus Ioan Fridaros Alffo Albaros Consteynnos eui Zor-Mako-Vasa-Noesa), \u00e9 o atual soberano do Novo Imp\u00e9rio Saroviano, atuando como Royo do tel Sarovi y Imperad eui tel Comune Sarovi, ou Rei dos Sarovianos e Imperador da Comunidade Saroviana. O Soberano, anteriormente conhecido como Duc eui Sorrel, tornou-se Rei dos Sarovianos e Imperador [&hellip;]","og_url":"https:\/\/newsarovia.com\/pt\/about-the-sovereign\/","og_site_name":"SMI Gouverna","article_modified_time":"2025-03-14T23:03:40+00:00","og_image":[{"width":751,"height":1024,"url":"https:\/\/newsarovia.com\/wp-content\/uploads\/2025\/03\/Small-751x1024.png","type":"image\/png"}],"twitter_card":"summary_large_image","twitter_misc":{"Est. tempo de leitura":"2 minutos"},"schema":{"@context":"https:\/\/schema.org","@graph":[{"@type":"WebPage","@id":"https:\/\/newsarovia.com\/pt\/about-the-sovereign\/","url":"https:\/\/newsarovia.com\/pt\/about-the-sovereign\/","name":"Sobre Carolus XIII","isPartOf":{"@id":"https:\/\/newsarovia.com\/#website"},"primaryImageOfPage":{"@id":"https:\/\/newsarovia.com\/pt\/about-the-sovereign\/#primaryimage"},"image":{"@id":"https:\/\/newsarovia.com\/pt\/about-the-sovereign\/#primaryimage"},"thumbnailUrl":"https:\/\/newsarovia.com\/wp-content\/uploads\/2025\/03\/Small-751x1024.png","datePublished":"2024-07-06T23:31:12+00:00","dateModified":"2025-03-14T23:03:40+00:00","breadcrumb":{"@id":"https:\/\/newsarovia.com\/pt\/about-the-sovereign\/#breadcrumb"},"inLanguage":"pt-BR","potentialAction":[{"@type":"ReadAction","target":["https:\/\/newsarovia.com\/pt\/about-the-sovereign\/"]}]},{"@type":"ImageObject","inLanguage":"pt-BR","@id":"https:\/\/newsarovia.com\/pt\/about-the-sovereign\/#primaryimage","url":"https:\/\/newsarovia.com\/wp-content\/uploads\/2025\/03\/Small-751x1024.png","contentUrl":"https:\/\/newsarovia.com\/wp-content\/uploads\/2025\/03\/Small-751x1024.png"},{"@type":"BreadcrumbList","@id":"https:\/\/newsarovia.com\/pt\/about-the-sovereign\/#breadcrumb","itemListElement":[{"@type":"ListItem","position":1,"name":"Home","item":"https:\/\/newsarovia.com\/"},{"@type":"ListItem","position":2,"name":"Sobre Carolus XIII"}]},{"@type":"WebSite","@id":"https:\/\/newsarovia.com\/#website","url":"https:\/\/newsarovia.com\/","name":"SMI Gouverna","description":"","publisher":{"@id":"https:\/\/newsarovia.com\/#organization"},"potentialAction":[{"@type":"SearchAction","target":{"@type":"EntryPoint","urlTemplate":"https:\/\/newsarovia.com\/?s={search_term_string}"},"query-input":{"@type":"PropertyValueSpecification","valueRequired":true,"valueName":"search_term_string"}}],"inLanguage":"pt-BR"},{"@type":"Organization","@id":"https:\/\/newsarovia.com\/#organization","name":"Gouverna do Seito Majis Imperial","url":"https:\/\/newsarovia.com\/","logo":{"@type":"ImageObject","inLanguage":"pt-BR","@id":"https:\/\/newsarovia.com\/#\/schema\/logo\/image\/","url":"https:\/\/newsarovia.com\/wp-content\/uploads\/2025\/01\/Sarovia-Logo-Words.png","contentUrl":"https:\/\/newsarovia.com\/wp-content\/uploads\/2025\/01\/Sarovia-Logo-Words.png","width":9985,"height":2274,"caption":"Gouverna do Seito Majis Imperial"},"image":{"@id":"https:\/\/newsarovia.com\/#\/schema\/logo\/image\/"}}]}},"_links":{"self":[{"href":"https:\/\/newsarovia.com\/pt\/wp-json\/wp\/v2\/pages\/456","targetHints":{"allow":["GET"]}}],"collection":[{"href":"https:\/\/newsarovia.com\/pt\/wp-json\/wp\/v2\/pages"}],"about":[{"href":"https:\/\/newsarovia.com\/pt\/wp-json\/wp\/v2\/types\/page"}],"author":[{"embeddable":true,"href":"https:\/\/newsarovia.com\/pt\/wp-json\/wp\/v2\/users\/1"}],"replies":[{"embeddable":true,"href":"https:\/\/newsarovia.com\/pt\/wp-json\/wp\/v2\/comments?post=456"}],"version-history":[{"count":5,"href":"https:\/\/newsarovia.com\/pt\/wp-json\/wp\/v2\/pages\/456\/revisions"}],"predecessor-version":[{"id":2487,"href":"https:\/\/newsarovia.com\/pt\/wp-json\/wp\/v2\/pages\/456\/revisions\/2487"}],"wp:attachment":[{"href":"https:\/\/newsarovia.com\/pt\/wp-json\/wp\/v2\/media?parent=456"}],"curies":[{"name":"wp","href":"https:\/\/api.w.org\/{rel}","templated":true}]}}