{"id":483,"date":"2024-07-06T23:41:20","date_gmt":"2024-07-06T23:41:20","guid":{"rendered":"https:\/\/newsarovia.com\/?page_id=483"},"modified":"2025-01-10T06:00:06","modified_gmt":"2025-01-10T06:00:06","slug":"parlamento-carodiano","status":"publish","type":"page","link":"https:\/\/newsarovia.com\/pt\/parlamento-carodiano\/","title":{"rendered":"Parlamento Carodiano"},"content":{"rendered":"\n<figure class=\"wp-block-image aligncenter size-large is-resized\"><img loading=\"lazy\" decoding=\"async\" width=\"890\" height=\"1024\" src=\"https:\/\/newsarovia.com\/wp-content\/uploads\/2024\/07\/Carolusburg-greater-arms-890x1024.png\" alt=\"\" class=\"wp-image-656\" style=\"width:270px;height:auto\" srcset=\"https:\/\/newsarovia.com\/wp-content\/uploads\/2024\/07\/Carolusburg-greater-arms-890x1024.png 890w, https:\/\/newsarovia.com\/wp-content\/uploads\/2024\/07\/Carolusburg-greater-arms-261x300.png 261w, https:\/\/newsarovia.com\/wp-content\/uploads\/2024\/07\/Carolusburg-greater-arms-768x884.png 768w, https:\/\/newsarovia.com\/wp-content\/uploads\/2024\/07\/Carolusburg-greater-arms-1334x1536.png 1334w, https:\/\/newsarovia.com\/wp-content\/uploads\/2024\/07\/Carolusburg-greater-arms-1779x2048.png 1779w\" sizes=\"auto, (max-width: 890px) 100vw, 890px\" \/><\/figure>\n\n\n<p><strong>O Parlamento do Dom\u00ednio de Carolusburg e Aurea<\/strong> \u00e9 o \u00f3rg\u00e3o legislativo do Dom\u00ednio de Carolusburg. Ele se re\u00fane na Cidade de Carolusburg, onde o Parlamento foi constru\u00eddo na antiga mans\u00e3o de seu primeiro Primeiro-Ministro, D. Henrique Vasa.<\/p>\n<p>O Parlamento Carodiano possui supremacia legislativa e, portanto, det\u00e9m o poder supremo sobre todos os outros \u00f3rg\u00e3os pol\u00edticos de Carolusburg, com exce\u00e7\u00e3o da Coroa. O Parlamento tamb\u00e9m \u00e9 bicameral, o que significa que ele tem duas partes: <strong>a Assembleia de Pares<\/strong> e <strong>a C\u00e2mara dos Comuns.<\/strong><\/p>\n<figure class=\"mw-halign-left\"><\/figure>\n\n\n<p><\/p>\n\n\n\n<h2 class=\"wp-block-heading has-text-align-center\">O PARLAMENTO CARODIANO<\/h2>\n\n\n\n<p><\/p>\n\n\n<p><strong>PRIMEIRO-MINISTRO<\/strong>: <i>N\/A, LEI MARCIAL<\/i><br \/><strong>PARTIDO MAIOR NOS COMUNS<\/strong>: <em>N\/A<\/em><br \/><strong>ORADOR DA C\u00c2MARA DOS COMUNS: <\/strong><i>N\/A<\/i><\/p>\n\n\n<figure class=\"wp-block-image aligncenter size-full is-resized\"><img loading=\"lazy\" decoding=\"async\" width=\"484\" height=\"480\" src=\"https:\/\/newsarovia.com\/wp-content\/uploads\/2025\/01\/carodiadiagram.png\" alt=\"\" class=\"wp-image-1713\" style=\"width:405px;height:auto\" srcset=\"https:\/\/newsarovia.com\/wp-content\/uploads\/2025\/01\/carodiadiagram.png 484w, https:\/\/newsarovia.com\/wp-content\/uploads\/2025\/01\/carodiadiagram-300x298.png 300w, https:\/\/newsarovia.com\/wp-content\/uploads\/2025\/01\/carodiadiagram-150x150.png 150w\" sizes=\"auto, (max-width: 484px) 100vw, 484px\" \/><figcaption class=\"wp-element-caption\">A C\u00e2mara dos Comuns do Dom\u00ednio de Carolusburg<\/figcaption><\/figure>\n\n\n\n<figure class=\"wp-block-image aligncenter size-large is-resized\"><img loading=\"lazy\" decoding=\"async\" width=\"1024\" height=\"548\" src=\"https:\/\/newsarovia.com\/wp-content\/uploads\/2024\/07\/Peers-Diagram-1024x548.png\" alt=\"\" class=\"wp-image-630\" style=\"width:609px;height:auto\" srcset=\"https:\/\/newsarovia.com\/wp-content\/uploads\/2024\/07\/Peers-Diagram-1024x548.png 1024w, https:\/\/newsarovia.com\/wp-content\/uploads\/2024\/07\/Peers-Diagram-300x160.png 300w, https:\/\/newsarovia.com\/wp-content\/uploads\/2024\/07\/Peers-Diagram-768x411.png 768w, https:\/\/newsarovia.com\/wp-content\/uploads\/2024\/07\/Peers-Diagram-1536x822.png 1536w, https:\/\/newsarovia.com\/wp-content\/uploads\/2024\/07\/Peers-Diagram.png 1621w\" sizes=\"auto, (max-width: 1024px) 100vw, 1024px\" \/><figcaption class=\"wp-element-caption\">A Assembleia de Pares do Dom\u00ednio de Carolusburg<\/figcaption><\/figure>\n\n\n<\/p>\n\n\n<h2 class=\"wp-block-heading has-text-align-center\">O GOVERNO DA SUA MAJESTADE<\/h2>\n\n\n\n<figure class=\"wp-block-image aligncenter size-large is-resized\"><img loading=\"lazy\" decoding=\"async\" width=\"850\" height=\"1024\" src=\"https:\/\/newsarovia.com\/wp-content\/uploads\/2024\/07\/Website-idk-850x1024.png\" alt=\"\" class=\"wp-image-677\" style=\"width:274px;height:auto\" srcset=\"https:\/\/newsarovia.com\/wp-content\/uploads\/2024\/07\/Website-idk-850x1024.png 850w, https:\/\/newsarovia.com\/wp-content\/uploads\/2024\/07\/Website-idk-249x300.png 249w, https:\/\/newsarovia.com\/wp-content\/uploads\/2024\/07\/Website-idk-768x925.png 768w, https:\/\/newsarovia.com\/wp-content\/uploads\/2024\/07\/Website-idk-1275x1536.png 1275w, https:\/\/newsarovia.com\/wp-content\/uploads\/2024\/07\/Website-idk.png 1700w\" sizes=\"auto, (max-width: 850px) 100vw, 850px\" \/><figcaption class=\"wp-element-caption\"><strong>TEL BENNENPONO, TEL GOUVERNAD-GENERALLE<br><\/strong>Ricaros Avietos OCP OB<\/figcaption><\/figure>\n\n\n<h2 style=\"text-align: center;\">ATOS DO PARLAMENTO CARODIANO<\/h2>\n<ul>\n<li><a href=\"https:\/\/newsarovia.com\/wp-content\/uploads\/2024\/07\/Charter_of_Sovereignty_Carolusburg.png\">Carta de Soberania, 2022<\/a><\/li>\n<li><a href=\"https:\/\/newsarovia.com\/wp-content\/uploads\/2024\/07\/The-Constitution-of-the-Dominion-of-Carolusburg.pdf\">Ato da Constitui\u00e7\u00e3o, 2022<\/a><\/li>\n<li><a href=\"https:\/\/newsarovia.com\/wp-content\/uploads\/2024\/07\/The_New_Flag_and_Coat_of_Arms_Act-1.pdf\">Ato da Nova Bandeira e Bras\u00e3o, 2022<\/a><\/li>\n<li><a href=\"https:\/\/newsarovia.com\/wp-content\/uploads\/2024\/10\/Currency-Act.pdf\">Ato de Moedas, 2022\u00a0<em>(Emendado 2024)<\/em><\/a><\/li>\n<li><a href=\"https:\/\/newsarovia.com\/wp-content\/uploads\/2024\/10\/Holidays-Act.pdf\">Ato de F\u00e9rias, 2022 <em>(Emendado 2024)<\/em><\/a><\/li>\n<li><a href=\"https:\/\/newsarovia.com\/wp-content\/uploads\/2024\/10\/Territorial-and-Electoral-Reform-Act.pdf\">Ato de Reforma Territorial e Eleitoral, 2022 <em>(Emendado 2024)<\/em><\/a><\/li>\n<li><a href=\"https:\/\/newsarovia.com\/wp-content\/uploads\/2024\/07\/Order-of-the-Bull.pdf\">Carta da Ordem do Touro, 2023<\/a><\/li>\n<li><a href=\"https:\/\/newsarovia.com\/wp-content\/uploads\/2024\/07\/National_Anthem_Act.pdf\">Ato do Hino Nacional, 2024<\/a><\/li>\n<li><a href=\"https:\/\/newsarovia.com\/wp-content\/uploads\/2024\/07\/Peerage_Patriation_Act.pdf\">Ato de Patria\u00e7\u00e3o de Pariato, 2024<\/a><\/li>\n<li><a href=\"https:\/\/newsarovia.com\/wp-content\/uploads\/2024\/07\/The-Lottery-and-Gambling-Regulation-Act-Carolusburg-1.pdf\">Ato de Regulamenta\u00e7\u00e3o de Loterias e Jogos de Azar, 2024<\/a><\/li>\n<li><a href=\"https:\/\/newsarovia.com\/wp-content\/uploads\/2024\/07\/The-Treasury-Welfare-Exchanges-Act-Carolusburg-1.pdf\">Ato do Tesouro, Previd\u00eancia e Interc\u00e2mbios, 2024<\/a><\/li>\n<li><a href=\"https:\/\/newsarovia.com\/wp-content\/uploads\/2024\/07\/The-New-Immigration-Incentives-Act-Carolusburg-2.pdf\">Ato dos Novos Incentivos \u00e0 Imigra\u00e7\u00e3o, 2024<\/a><\/li>\n<li><a href=\"https:\/\/newsarovia.com\/wp-content\/uploads\/2024\/08\/Defense-of-the-Dominion-Act.pdf\">Ato da Defesa do Dom\u00ednio, 2024<\/a><\/li>\n<li><a href=\"https:\/\/newsarovia.com\/wp-content\/uploads\/2024\/08\/Militia-Equipment-Act.pdf\">Ato do Equipamento da Mil\u00edcia, 2024<\/a><\/li>\n<li><a href=\"https:\/\/newsarovia.com\/wp-content\/uploads\/2024\/08\/Charter-of-His-Majestys-Privy-Council.pdf\">Carta do Conselho Privado da Sua Majestade, 2024<\/a><\/li>\n<li><a href=\"https:\/\/newsarovia.com\/wp-content\/uploads\/2024\/08\/Properties-Act.pdf\">Ato dos Propriedades, 2024<\/a><\/li>\n<li><a href=\"https:\/\/newsarovia.com\/wp-content\/uploads\/2024\/08\/Stefanic-Faith-Act.pdf\">Ato da F\u00e9 Stef\u00e2nica, 2024<\/a><\/li>\n<li><a href=\"https:\/\/newsarovia.com\/wp-content\/uploads\/2024\/08\/Peerage-Act.pdf\">Ato do Pariato, 2024<\/a><\/li>\n<li><a href=\"https:\/\/newsarovia.com\/wp-content\/uploads\/2024\/08\/Capital-Act-1.pdf\">Ato da Capital, 2024<\/a><\/li>\n<li><a href=\"https:\/\/newsarovia.com\/wp-content\/uploads\/2024\/10\/Elections-Act.pdf\">Ato das Elei\u00e7\u00f5es, 2024<\/a><\/li>\n<li><a href=\"https:\/\/newsarovia.com\/wp-content\/uploads\/2024\/10\/Judicial-Act.pdf\">Ato Jur\u00eddico, 2024<\/a><\/li>\n<li><a href=\"https:\/\/newsarovia.com\/wp-content\/uploads\/2024\/10\/Charter-of-the-Carodian-Equestrian-Federation.pdf\">Carta da Federa\u00e7\u00e3o Equestre Carodiano, 2024<\/a><\/li>\n<\/ul>","protected":false},"excerpt":{"rendered":"<p>O Parlamento do Dom\u00ednio de Carolusburg e Aurea \u00e9 o \u00f3rg\u00e3o legislativo do Dom\u00ednio de Carolusburg. Ele se re\u00fane na Cidade de Carolusburg, onde o Parlamento foi constru\u00eddo na antiga mans\u00e3o de seu primeiro Primeiro-Ministro, D. Henrique Vasa. O Parlamento Carodiano possui supremacia legislativa e, portanto, det\u00e9m o poder supremo sobre todos os outros \u00f3rg\u00e3os [&hellip;]<\/p>\n","protected":false},"author":1,"featured_media":0,"parent":0,"menu_order":0,"comment_status":"closed","ping_status":"closed","template":"","meta":{"footnotes":""},"class_list":["post-483","page","type-page","status-publish","hentry"],"yoast_head":"<!-- This site is optimized with the Yoast SEO plugin v27.5 - https:\/\/yoast.com\/product\/yoast-seo-wordpress\/ -->\n<title>Parlamento Carodiano - SMI Gouverna<\/title>\n<meta name=\"robots\" content=\"index, follow, max-snippet:-1, max-image-preview:large, max-video-preview:-1\" \/>\n<link rel=\"canonical\" href=\"https:\/\/newsarovia.com\/pt\/parlamento-carodiano\/\" \/>\n<meta property=\"og:locale\" content=\"pt_BR\" \/>\n<meta property=\"og:locale:alternate\" content=\"en_US\" \/>\n<meta property=\"og:type\" content=\"article\" \/>\n<meta property=\"og:title\" content=\"Parlamento Carodiano - SMI Gouverna\" \/>\n<meta property=\"og:description\" content=\"O Parlamento do Dom\u00ednio de Carolusburg e Aurea \u00e9 o \u00f3rg\u00e3o legislativo do Dom\u00ednio de Carolusburg. Ele se re\u00fane na Cidade de Carolusburg, onde o Parlamento foi constru\u00eddo na antiga mans\u00e3o de seu primeiro Primeiro-Ministro, D. Henrique Vasa. O Parlamento Carodiano possui supremacia legislativa e, portanto, det\u00e9m o poder supremo sobre todos os outros \u00f3rg\u00e3os [&hellip;]\" \/>\n<meta property=\"og:url\" content=\"https:\/\/newsarovia.com\/pt\/parlamento-carodiano\/\" \/>\n<meta property=\"og:site_name\" content=\"SMI Gouverna\" \/>\n<meta property=\"article:modified_time\" content=\"2025-01-10T06:00:06+00:00\" \/>\n<meta property=\"og:image\" content=\"https:\/\/newsarovia.com\/wp-content\/uploads\/2024\/07\/Carolusburg-greater-arms-890x1024.png\" \/>\n<meta name=\"twitter:card\" content=\"summary_large_image\" \/>\n<meta name=\"twitter:label1\" content=\"Est. tempo de leitura\" \/>\n\t<meta name=\"twitter:data1\" content=\"4 minutos\" \/>\n<script type=\"application\/ld+json\" class=\"yoast-schema-graph\">{\"@context\":\"https:\\\/\\\/schema.org\",\"@graph\":[{\"@type\":\"WebPage\",\"@id\":\"https:\\\/\\\/newsarovia.com\\\/pt\\\/parlamento-carodiano\\\/\",\"url\":\"https:\\\/\\\/newsarovia.com\\\/pt\\\/parlamento-carodiano\\\/\",\"name\":\"Parlamento Carodiano - SMI Gouverna\",\"isPartOf\":{\"@id\":\"https:\\\/\\\/newsarovia.com\\\/#website\"},\"primaryImageOfPage\":{\"@id\":\"https:\\\/\\\/newsarovia.com\\\/pt\\\/parlamento-carodiano\\\/#primaryimage\"},\"image\":{\"@id\":\"https:\\\/\\\/newsarovia.com\\\/pt\\\/parlamento-carodiano\\\/#primaryimage\"},\"thumbnailUrl\":\"https:\\\/\\\/newsarovia.com\\\/wp-content\\\/uploads\\\/2024\\\/07\\\/Carolusburg-greater-arms-890x1024.png\",\"datePublished\":\"2024-07-06T23:41:20+00:00\",\"dateModified\":\"2025-01-10T06:00:06+00:00\",\"breadcrumb\":{\"@id\":\"https:\\\/\\\/newsarovia.com\\\/pt\\\/parlamento-carodiano\\\/#breadcrumb\"},\"inLanguage\":\"pt-BR\",\"potentialAction\":[{\"@type\":\"ReadAction\",\"target\":[\"https:\\\/\\\/newsarovia.com\\\/pt\\\/parlamento-carodiano\\\/\"]}]},{\"@type\":\"ImageObject\",\"inLanguage\":\"pt-BR\",\"@id\":\"https:\\\/\\\/newsarovia.com\\\/pt\\\/parlamento-carodiano\\\/#primaryimage\",\"url\":\"https:\\\/\\\/newsarovia.com\\\/wp-content\\\/uploads\\\/2024\\\/07\\\/Carolusburg-greater-arms-890x1024.png\",\"contentUrl\":\"https:\\\/\\\/newsarovia.com\\\/wp-content\\\/uploads\\\/2024\\\/07\\\/Carolusburg-greater-arms-890x1024.png\"},{\"@type\":\"BreadcrumbList\",\"@id\":\"https:\\\/\\\/newsarovia.com\\\/pt\\\/parlamento-carodiano\\\/#breadcrumb\",\"itemListElement\":[{\"@type\":\"ListItem\",\"position\":1,\"name\":\"Home\",\"item\":\"https:\\\/\\\/newsarovia.com\\\/\"},{\"@type\":\"ListItem\",\"position\":2,\"name\":\"Parlamento Carodiano\"}]},{\"@type\":\"WebSite\",\"@id\":\"https:\\\/\\\/newsarovia.com\\\/#website\",\"url\":\"https:\\\/\\\/newsarovia.com\\\/\",\"name\":\"SMI Gouverna\",\"description\":\"\",\"publisher\":{\"@id\":\"https:\\\/\\\/newsarovia.com\\\/#organization\"},\"potentialAction\":[{\"@type\":\"SearchAction\",\"target\":{\"@type\":\"EntryPoint\",\"urlTemplate\":\"https:\\\/\\\/newsarovia.com\\\/?s={search_term_string}\"},\"query-input\":{\"@type\":\"PropertyValueSpecification\",\"valueRequired\":true,\"valueName\":\"search_term_string\"}}],\"inLanguage\":\"pt-BR\"},{\"@type\":\"Organization\",\"@id\":\"https:\\\/\\\/newsarovia.com\\\/#organization\",\"name\":\"Gouverna do Seito Majis Imperial\",\"url\":\"https:\\\/\\\/newsarovia.com\\\/\",\"logo\":{\"@type\":\"ImageObject\",\"inLanguage\":\"pt-BR\",\"@id\":\"https:\\\/\\\/newsarovia.com\\\/#\\\/schema\\\/logo\\\/image\\\/\",\"url\":\"https:\\\/\\\/newsarovia.com\\\/wp-content\\\/uploads\\\/2025\\\/01\\\/Sarovia-Logo-Words.png\",\"contentUrl\":\"https:\\\/\\\/newsarovia.com\\\/wp-content\\\/uploads\\\/2025\\\/01\\\/Sarovia-Logo-Words.png\",\"width\":9985,\"height\":2274,\"caption\":\"Gouverna do Seito Majis Imperial\"},\"image\":{\"@id\":\"https:\\\/\\\/newsarovia.com\\\/#\\\/schema\\\/logo\\\/image\\\/\"}}]}<\/script>\n<!-- \/ Yoast SEO plugin. -->","yoast_head_json":{"title":"Parlamento Carodiano - SMI Gouverna","robots":{"index":"index","follow":"follow","max-snippet":"max-snippet:-1","max-image-preview":"max-image-preview:large","max-video-preview":"max-video-preview:-1"},"canonical":"https:\/\/newsarovia.com\/pt\/parlamento-carodiano\/","og_locale":"pt_BR","og_type":"article","og_title":"Parlamento Carodiano - SMI Gouverna","og_description":"O Parlamento do Dom\u00ednio de Carolusburg e Aurea \u00e9 o \u00f3rg\u00e3o legislativo do Dom\u00ednio de Carolusburg. Ele se re\u00fane na Cidade de Carolusburg, onde o Parlamento foi constru\u00eddo na antiga mans\u00e3o de seu primeiro Primeiro-Ministro, D. Henrique Vasa. O Parlamento Carodiano possui supremacia legislativa e, portanto, det\u00e9m o poder supremo sobre todos os outros \u00f3rg\u00e3os [&hellip;]","og_url":"https:\/\/newsarovia.com\/pt\/parlamento-carodiano\/","og_site_name":"SMI Gouverna","article_modified_time":"2025-01-10T06:00:06+00:00","og_image":[{"url":"https:\/\/newsarovia.com\/wp-content\/uploads\/2024\/07\/Carolusburg-greater-arms-890x1024.png","type":"","width":"","height":""}],"twitter_card":"summary_large_image","twitter_misc":{"Est. tempo de leitura":"4 minutos"},"schema":{"@context":"https:\/\/schema.org","@graph":[{"@type":"WebPage","@id":"https:\/\/newsarovia.com\/pt\/parlamento-carodiano\/","url":"https:\/\/newsarovia.com\/pt\/parlamento-carodiano\/","name":"Parlamento Carodiano - SMI Gouverna","isPartOf":{"@id":"https:\/\/newsarovia.com\/#website"},"primaryImageOfPage":{"@id":"https:\/\/newsarovia.com\/pt\/parlamento-carodiano\/#primaryimage"},"image":{"@id":"https:\/\/newsarovia.com\/pt\/parlamento-carodiano\/#primaryimage"},"thumbnailUrl":"https:\/\/newsarovia.com\/wp-content\/uploads\/2024\/07\/Carolusburg-greater-arms-890x1024.png","datePublished":"2024-07-06T23:41:20+00:00","dateModified":"2025-01-10T06:00:06+00:00","breadcrumb":{"@id":"https:\/\/newsarovia.com\/pt\/parlamento-carodiano\/#breadcrumb"},"inLanguage":"pt-BR","potentialAction":[{"@type":"ReadAction","target":["https:\/\/newsarovia.com\/pt\/parlamento-carodiano\/"]}]},{"@type":"ImageObject","inLanguage":"pt-BR","@id":"https:\/\/newsarovia.com\/pt\/parlamento-carodiano\/#primaryimage","url":"https:\/\/newsarovia.com\/wp-content\/uploads\/2024\/07\/Carolusburg-greater-arms-890x1024.png","contentUrl":"https:\/\/newsarovia.com\/wp-content\/uploads\/2024\/07\/Carolusburg-greater-arms-890x1024.png"},{"@type":"BreadcrumbList","@id":"https:\/\/newsarovia.com\/pt\/parlamento-carodiano\/#breadcrumb","itemListElement":[{"@type":"ListItem","position":1,"name":"Home","item":"https:\/\/newsarovia.com\/"},{"@type":"ListItem","position":2,"name":"Parlamento Carodiano"}]},{"@type":"WebSite","@id":"https:\/\/newsarovia.com\/#website","url":"https:\/\/newsarovia.com\/","name":"SMI Gouverna","description":"","publisher":{"@id":"https:\/\/newsarovia.com\/#organization"},"potentialAction":[{"@type":"SearchAction","target":{"@type":"EntryPoint","urlTemplate":"https:\/\/newsarovia.com\/?s={search_term_string}"},"query-input":{"@type":"PropertyValueSpecification","valueRequired":true,"valueName":"search_term_string"}}],"inLanguage":"pt-BR"},{"@type":"Organization","@id":"https:\/\/newsarovia.com\/#organization","name":"Gouverna do Seito Majis Imperial","url":"https:\/\/newsarovia.com\/","logo":{"@type":"ImageObject","inLanguage":"pt-BR","@id":"https:\/\/newsarovia.com\/#\/schema\/logo\/image\/","url":"https:\/\/newsarovia.com\/wp-content\/uploads\/2025\/01\/Sarovia-Logo-Words.png","contentUrl":"https:\/\/newsarovia.com\/wp-content\/uploads\/2025\/01\/Sarovia-Logo-Words.png","width":9985,"height":2274,"caption":"Gouverna do Seito Majis Imperial"},"image":{"@id":"https:\/\/newsarovia.com\/#\/schema\/logo\/image\/"}}]}},"_links":{"self":[{"href":"https:\/\/newsarovia.com\/pt\/wp-json\/wp\/v2\/pages\/483","targetHints":{"allow":["GET"]}}],"collection":[{"href":"https:\/\/newsarovia.com\/pt\/wp-json\/wp\/v2\/pages"}],"about":[{"href":"https:\/\/newsarovia.com\/pt\/wp-json\/wp\/v2\/types\/page"}],"author":[{"embeddable":true,"href":"https:\/\/newsarovia.com\/pt\/wp-json\/wp\/v2\/users\/1"}],"replies":[{"embeddable":true,"href":"https:\/\/newsarovia.com\/pt\/wp-json\/wp\/v2\/comments?post=483"}],"version-history":[{"count":5,"href":"https:\/\/newsarovia.com\/pt\/wp-json\/wp\/v2\/pages\/483\/revisions"}],"predecessor-version":[{"id":1715,"href":"https:\/\/newsarovia.com\/pt\/wp-json\/wp\/v2\/pages\/483\/revisions\/1715"}],"wp:attachment":[{"href":"https:\/\/newsarovia.com\/pt\/wp-json\/wp\/v2\/media?parent=483"}],"curies":[{"name":"wp","href":"https:\/\/api.w.org\/{rel}","templated":true}]}}