{"id":805,"date":"2024-07-14T06:19:57","date_gmt":"2024-07-14T06:19:57","guid":{"rendered":"https:\/\/newsarovia.com\/?page_id=805"},"modified":"2024-10-08T05:00:34","modified_gmt":"2024-10-08T05:00:34","slug":"emprego-no-exercito-imperial","status":"publish","type":"page","link":"https:\/\/newsarovia.com\/pt\/emprego-no-exercito-imperial\/","title":{"rendered":"Emprego no Ex\u00e9rcito Imperial"},"content":{"rendered":"\n<h2 class=\"wp-block-heading has-text-align-center\"><img loading=\"lazy\" decoding=\"async\" src=\"https:\/\/newsarovia.com\/wp-content\/uploads\/2024\/07\/Better_Imperial_Sarovian_Army-87x300.png\" alt=\"\" width=\"87\" height=\"300\"><\/h2>\n\n\n\n<p>H\u00e1 v\u00e1rias maneiras de entrar para o Ex\u00e9rcito Imperial Saroviano. Suas habilidades, qualifica\u00e7\u00f5es e ambi\u00e7\u00e3o influenciar\u00e3o sua entrada no Ex\u00e9rcito e o caminho a ser seguido. Todos os membros que desejam entrar no Ex\u00e9rcito Imperial <strong>s\u00e3o obrigados, ap\u00f3s o Treino B\u00e1sico, a fazer um juramento de lealdade ao Soberano<\/strong> e a reconhecer os Regulamentos e Ordens do Imperador como lei militar. H\u00e1 duas maneiras de participar do Ex\u00e9rcito Imperial Saroviano: <strong>ALISTAMENTO<\/strong> ou <strong>COMISSIONAMENTO<\/strong>.<\/p>\n\n\n\n<h3 class=\"wp-block-heading\"><strong>ALISTAMENTO NO EX\u00c9RCITO IMPERIAL<\/strong><\/h3>\n\n\n\n<p>O alistamento no Ex\u00e9rcito Imperial \u00e9 a forma de ingresso da maioria dos membros. Para se alistar, basta enviar uma mensagem a qualquer membro do Ex\u00e9rcito Imperial, de prefer\u00eancia por meio de um oficial, e solicitar o alistamento. Atualmente, <strong><em>n\u00e3o h\u00e1 requisitos gerais<\/em><\/strong> para se alistar no Ex\u00e9rcito Imperial, embora alguns regimentos possam ter requisitos individuais. Ao se alistar, voc\u00ea ser\u00e1 classificado como Fleche e, quando terminar o Treino B\u00e1sico, ser\u00e1 graduado como Soldat, Avenizo ou Lancier, dependendo do Regimento em que estiver. Em seguida, voc\u00ea frequentar\u00e1 a Escola de Infantaria ou de Cavalaria para aprender habilidades avan\u00e7adas e se tornar um l\u00edder j\u00fanior.<\/p>\n\n\n\n<h3 class=\"wp-block-heading\"><strong>COMMISSIONAMENTO <strong>NO EX\u00c9RCITO IMPERIAL<\/strong><\/strong><\/h3>\n\n\n\n<p>O comissionamento no Ex\u00e9rcito Imperial \u00e9 a forma pela qual os membros comuns se tornam Oficiais do Ex\u00e9rcito e alcan\u00e7am fun\u00e7\u00f5es de lideran\u00e7a sobre outros soldados, como se tornar o comandante de um Regimento. Para ser comissionado, voc\u00ea precisa obter um diploma da Escola Militar Imperial, a principal faculdade do ex\u00e9rcito do Imp\u00e9rio. Para entrar na faculdade, voc\u00ea deve atender aos seguintes requisitos:<\/p>\n\n\n\n<ul class=\"wp-block-list\">\n<li>Passar no Exame de Lideran\u00e7a e Aptid\u00e3o para Oficiais (OLAE) depois de se formar no Treino B\u00e1sico,<\/li>\n\n\n\n<li>Ser recomendado para alistamento por outro oficial do Ex\u00e9rcito,<\/li>\n\n\n\n<li>Ter os fundos para adquirir os uniformes necess\u00e1rios, caso ainda n\u00e3o os tenha.<\/li>\n<\/ul>\n\n\n\n<p>Se voc\u00ea n\u00e3o for aprovado no exame, n\u00e3o se preocupe! Poder\u00e1 refazer o exame duas vezes por ano.<\/p>\n","protected":false},"excerpt":{"rendered":"<p>H\u00e1 v\u00e1rias maneiras de entrar para o Ex\u00e9rcito Imperial Saroviano. Suas habilidades, qualifica\u00e7\u00f5es e ambi\u00e7\u00e3o influenciar\u00e3o sua entrada no Ex\u00e9rcito e o caminho a ser seguido. Todos os membros que desejam entrar no Ex\u00e9rcito Imperial s\u00e3o obrigados, ap\u00f3s o Treino B\u00e1sico, a fazer um juramento de lealdade ao Soberano e a reconhecer os Regulamentos e [&hellip;]<\/p>\n","protected":false},"author":1,"featured_media":0,"parent":0,"menu_order":0,"comment_status":"closed","ping_status":"closed","template":"","meta":{"footnotes":""},"class_list":["post-805","page","type-page","status-publish","hentry"],"yoast_head":"<!-- This site is optimized with the Yoast SEO plugin v27.5 - https:\/\/yoast.com\/product\/yoast-seo-wordpress\/ -->\n<title>Emprego no Ex\u00e9rcito Imperial - SMI Gouverna<\/title>\n<meta name=\"robots\" content=\"index, follow, max-snippet:-1, max-image-preview:large, max-video-preview:-1\" \/>\n<link rel=\"canonical\" href=\"https:\/\/newsarovia.com\/pt\/emprego-no-exercito-imperial\/\" \/>\n<meta property=\"og:locale\" content=\"pt_BR\" \/>\n<meta property=\"og:locale:alternate\" content=\"en_US\" \/>\n<meta property=\"og:type\" content=\"article\" \/>\n<meta property=\"og:title\" content=\"Emprego no Ex\u00e9rcito Imperial - SMI Gouverna\" \/>\n<meta property=\"og:description\" content=\"H\u00e1 v\u00e1rias maneiras de entrar para o Ex\u00e9rcito Imperial Saroviano. Suas habilidades, qualifica\u00e7\u00f5es e ambi\u00e7\u00e3o influenciar\u00e3o sua entrada no Ex\u00e9rcito e o caminho a ser seguido. Todos os membros que desejam entrar no Ex\u00e9rcito Imperial s\u00e3o obrigados, ap\u00f3s o Treino B\u00e1sico, a fazer um juramento de lealdade ao Soberano e a reconhecer os Regulamentos e [&hellip;]\" \/>\n<meta property=\"og:url\" content=\"https:\/\/newsarovia.com\/pt\/emprego-no-exercito-imperial\/\" \/>\n<meta property=\"og:site_name\" content=\"SMI Gouverna\" \/>\n<meta property=\"article:modified_time\" content=\"2024-10-08T05:00:34+00:00\" \/>\n<meta property=\"og:image\" content=\"https:\/\/newsarovia.com\/wp-content\/uploads\/2024\/07\/Better_Imperial_Sarovian_Army-87x300.png\" \/>\n<meta name=\"twitter:card\" content=\"summary_large_image\" \/>\n<meta name=\"twitter:label1\" content=\"Est. tempo de leitura\" \/>\n\t<meta name=\"twitter:data1\" content=\"2 minutos\" \/>\n<script type=\"application\/ld+json\" class=\"yoast-schema-graph\">{\"@context\":\"https:\\\/\\\/schema.org\",\"@graph\":[{\"@type\":\"WebPage\",\"@id\":\"https:\\\/\\\/newsarovia.com\\\/pt\\\/emprego-no-exercito-imperial\\\/\",\"url\":\"https:\\\/\\\/newsarovia.com\\\/pt\\\/emprego-no-exercito-imperial\\\/\",\"name\":\"Emprego no Ex\u00e9rcito Imperial - SMI Gouverna\",\"isPartOf\":{\"@id\":\"https:\\\/\\\/newsarovia.com\\\/#website\"},\"primaryImageOfPage\":{\"@id\":\"https:\\\/\\\/newsarovia.com\\\/pt\\\/emprego-no-exercito-imperial\\\/#primaryimage\"},\"image\":{\"@id\":\"https:\\\/\\\/newsarovia.com\\\/pt\\\/emprego-no-exercito-imperial\\\/#primaryimage\"},\"thumbnailUrl\":\"https:\\\/\\\/newsarovia.com\\\/wp-content\\\/uploads\\\/2024\\\/07\\\/Better_Imperial_Sarovian_Army-87x300.png\",\"datePublished\":\"2024-07-14T06:19:57+00:00\",\"dateModified\":\"2024-10-08T05:00:34+00:00\",\"breadcrumb\":{\"@id\":\"https:\\\/\\\/newsarovia.com\\\/pt\\\/emprego-no-exercito-imperial\\\/#breadcrumb\"},\"inLanguage\":\"pt-BR\",\"potentialAction\":[{\"@type\":\"ReadAction\",\"target\":[\"https:\\\/\\\/newsarovia.com\\\/pt\\\/emprego-no-exercito-imperial\\\/\"]}]},{\"@type\":\"ImageObject\",\"inLanguage\":\"pt-BR\",\"@id\":\"https:\\\/\\\/newsarovia.com\\\/pt\\\/emprego-no-exercito-imperial\\\/#primaryimage\",\"url\":\"https:\\\/\\\/newsarovia.com\\\/wp-content\\\/uploads\\\/2024\\\/07\\\/Better_Imperial_Sarovian_Army-87x300.png\",\"contentUrl\":\"https:\\\/\\\/newsarovia.com\\\/wp-content\\\/uploads\\\/2024\\\/07\\\/Better_Imperial_Sarovian_Army-87x300.png\"},{\"@type\":\"BreadcrumbList\",\"@id\":\"https:\\\/\\\/newsarovia.com\\\/pt\\\/emprego-no-exercito-imperial\\\/#breadcrumb\",\"itemListElement\":[{\"@type\":\"ListItem\",\"position\":1,\"name\":\"Home\",\"item\":\"https:\\\/\\\/newsarovia.com\\\/\"},{\"@type\":\"ListItem\",\"position\":2,\"name\":\"Emprego no Ex\u00e9rcito Imperial\"}]},{\"@type\":\"WebSite\",\"@id\":\"https:\\\/\\\/newsarovia.com\\\/#website\",\"url\":\"https:\\\/\\\/newsarovia.com\\\/\",\"name\":\"SMI Gouverna\",\"description\":\"\",\"publisher\":{\"@id\":\"https:\\\/\\\/newsarovia.com\\\/#organization\"},\"potentialAction\":[{\"@type\":\"SearchAction\",\"target\":{\"@type\":\"EntryPoint\",\"urlTemplate\":\"https:\\\/\\\/newsarovia.com\\\/?s={search_term_string}\"},\"query-input\":{\"@type\":\"PropertyValueSpecification\",\"valueRequired\":true,\"valueName\":\"search_term_string\"}}],\"inLanguage\":\"pt-BR\"},{\"@type\":\"Organization\",\"@id\":\"https:\\\/\\\/newsarovia.com\\\/#organization\",\"name\":\"Gouverna do Seito Majis Imperial\",\"url\":\"https:\\\/\\\/newsarovia.com\\\/\",\"logo\":{\"@type\":\"ImageObject\",\"inLanguage\":\"pt-BR\",\"@id\":\"https:\\\/\\\/newsarovia.com\\\/#\\\/schema\\\/logo\\\/image\\\/\",\"url\":\"https:\\\/\\\/newsarovia.com\\\/wp-content\\\/uploads\\\/2025\\\/01\\\/Sarovia-Logo-Words.png\",\"contentUrl\":\"https:\\\/\\\/newsarovia.com\\\/wp-content\\\/uploads\\\/2025\\\/01\\\/Sarovia-Logo-Words.png\",\"width\":9985,\"height\":2274,\"caption\":\"Gouverna do Seito Majis Imperial\"},\"image\":{\"@id\":\"https:\\\/\\\/newsarovia.com\\\/#\\\/schema\\\/logo\\\/image\\\/\"}}]}<\/script>\n<!-- \/ Yoast SEO plugin. -->","yoast_head_json":{"title":"Emprego no Ex\u00e9rcito Imperial - SMI Gouverna","robots":{"index":"index","follow":"follow","max-snippet":"max-snippet:-1","max-image-preview":"max-image-preview:large","max-video-preview":"max-video-preview:-1"},"canonical":"https:\/\/newsarovia.com\/pt\/emprego-no-exercito-imperial\/","og_locale":"pt_BR","og_type":"article","og_title":"Emprego no Ex\u00e9rcito Imperial - SMI Gouverna","og_description":"H\u00e1 v\u00e1rias maneiras de entrar para o Ex\u00e9rcito Imperial Saroviano. Suas habilidades, qualifica\u00e7\u00f5es e ambi\u00e7\u00e3o influenciar\u00e3o sua entrada no Ex\u00e9rcito e o caminho a ser seguido. Todos os membros que desejam entrar no Ex\u00e9rcito Imperial s\u00e3o obrigados, ap\u00f3s o Treino B\u00e1sico, a fazer um juramento de lealdade ao Soberano e a reconhecer os Regulamentos e [&hellip;]","og_url":"https:\/\/newsarovia.com\/pt\/emprego-no-exercito-imperial\/","og_site_name":"SMI Gouverna","article_modified_time":"2024-10-08T05:00:34+00:00","og_image":[{"url":"https:\/\/newsarovia.com\/wp-content\/uploads\/2024\/07\/Better_Imperial_Sarovian_Army-87x300.png","type":"","width":"","height":""}],"twitter_card":"summary_large_image","twitter_misc":{"Est. tempo de leitura":"2 minutos"},"schema":{"@context":"https:\/\/schema.org","@graph":[{"@type":"WebPage","@id":"https:\/\/newsarovia.com\/pt\/emprego-no-exercito-imperial\/","url":"https:\/\/newsarovia.com\/pt\/emprego-no-exercito-imperial\/","name":"Emprego no Ex\u00e9rcito Imperial - SMI Gouverna","isPartOf":{"@id":"https:\/\/newsarovia.com\/#website"},"primaryImageOfPage":{"@id":"https:\/\/newsarovia.com\/pt\/emprego-no-exercito-imperial\/#primaryimage"},"image":{"@id":"https:\/\/newsarovia.com\/pt\/emprego-no-exercito-imperial\/#primaryimage"},"thumbnailUrl":"https:\/\/newsarovia.com\/wp-content\/uploads\/2024\/07\/Better_Imperial_Sarovian_Army-87x300.png","datePublished":"2024-07-14T06:19:57+00:00","dateModified":"2024-10-08T05:00:34+00:00","breadcrumb":{"@id":"https:\/\/newsarovia.com\/pt\/emprego-no-exercito-imperial\/#breadcrumb"},"inLanguage":"pt-BR","potentialAction":[{"@type":"ReadAction","target":["https:\/\/newsarovia.com\/pt\/emprego-no-exercito-imperial\/"]}]},{"@type":"ImageObject","inLanguage":"pt-BR","@id":"https:\/\/newsarovia.com\/pt\/emprego-no-exercito-imperial\/#primaryimage","url":"https:\/\/newsarovia.com\/wp-content\/uploads\/2024\/07\/Better_Imperial_Sarovian_Army-87x300.png","contentUrl":"https:\/\/newsarovia.com\/wp-content\/uploads\/2024\/07\/Better_Imperial_Sarovian_Army-87x300.png"},{"@type":"BreadcrumbList","@id":"https:\/\/newsarovia.com\/pt\/emprego-no-exercito-imperial\/#breadcrumb","itemListElement":[{"@type":"ListItem","position":1,"name":"Home","item":"https:\/\/newsarovia.com\/"},{"@type":"ListItem","position":2,"name":"Emprego no Ex\u00e9rcito Imperial"}]},{"@type":"WebSite","@id":"https:\/\/newsarovia.com\/#website","url":"https:\/\/newsarovia.com\/","name":"SMI Gouverna","description":"","publisher":{"@id":"https:\/\/newsarovia.com\/#organization"},"potentialAction":[{"@type":"SearchAction","target":{"@type":"EntryPoint","urlTemplate":"https:\/\/newsarovia.com\/?s={search_term_string}"},"query-input":{"@type":"PropertyValueSpecification","valueRequired":true,"valueName":"search_term_string"}}],"inLanguage":"pt-BR"},{"@type":"Organization","@id":"https:\/\/newsarovia.com\/#organization","name":"Gouverna do Seito Majis Imperial","url":"https:\/\/newsarovia.com\/","logo":{"@type":"ImageObject","inLanguage":"pt-BR","@id":"https:\/\/newsarovia.com\/#\/schema\/logo\/image\/","url":"https:\/\/newsarovia.com\/wp-content\/uploads\/2025\/01\/Sarovia-Logo-Words.png","contentUrl":"https:\/\/newsarovia.com\/wp-content\/uploads\/2025\/01\/Sarovia-Logo-Words.png","width":9985,"height":2274,"caption":"Gouverna do Seito Majis Imperial"},"image":{"@id":"https:\/\/newsarovia.com\/#\/schema\/logo\/image\/"}}]}},"_links":{"self":[{"href":"https:\/\/newsarovia.com\/pt\/wp-json\/wp\/v2\/pages\/805","targetHints":{"allow":["GET"]}}],"collection":[{"href":"https:\/\/newsarovia.com\/pt\/wp-json\/wp\/v2\/pages"}],"about":[{"href":"https:\/\/newsarovia.com\/pt\/wp-json\/wp\/v2\/types\/page"}],"author":[{"embeddable":true,"href":"https:\/\/newsarovia.com\/pt\/wp-json\/wp\/v2\/users\/1"}],"replies":[{"embeddable":true,"href":"https:\/\/newsarovia.com\/pt\/wp-json\/wp\/v2\/comments?post=805"}],"version-history":[{"count":3,"href":"https:\/\/newsarovia.com\/pt\/wp-json\/wp\/v2\/pages\/805\/revisions"}],"predecessor-version":[{"id":1451,"href":"https:\/\/newsarovia.com\/pt\/wp-json\/wp\/v2\/pages\/805\/revisions\/1451"}],"wp:attachment":[{"href":"https:\/\/newsarovia.com\/pt\/wp-json\/wp\/v2\/media?parent=805"}],"curies":[{"name":"wp","href":"https:\/\/api.w.org\/{rel}","templated":true}]}}